{"id":3131,"date":"2025-11-10T10:11:31","date_gmt":"2025-11-10T10:11:31","guid":{"rendered":"https:\/\/glass-perfume-bottles.com\/?post_type=product&#038;p=3131"},"modified":"2025-11-25T10:18:51","modified_gmt":"2025-11-25T10:18:51","slug":"viktor-matte-black-perfume-bottles-wholesale","status":"publish","type":"product","link":"https:\/\/glass-perfume-bottles.com\/es\/producto\/viktor-matte-black-perfume-bottles-wholesale\/","title":{"rendered":"Frascos de perfume Viktor negro mate al por mayor"},"content":{"rendered":"<table>\n<tbody>\n<tr>\n<td width=\"158\">Nombre del producto<\/td>\n<td width=\"591\">Frascos de perfume Viktor negro mate al por mayor<\/td>\n<\/tr>\n<tr>\n<td width=\"158\">Capacidad<\/td>\n<td width=\"591\">20 ml, 30 ml, 50 ml, 100 ml u otro tama\u00f1o personalizado<\/td>\n<\/tr>\n<tr>\n<td width=\"158\">Tama\u00f1o<\/td>\n<td width=\"591\">20 ml 40 x 74 mm, 30 ml 46 x 81 mm, 50 ml 53 x 97 mm, 100 ml 66 x 114 mm<\/td>\n<\/tr>\n<tr>\n<td width=\"158\">Peso<\/td>\n<td width=\"591\">20 ml 45 g, 30 ml 70 g, 50 ml 100 g, 100 ml 150 g<\/td>\n<\/tr>\n<tr>\n<td width=\"158\">Material<\/td>\n<td width=\"591\">Cristal de vidrio blanco<\/td>\n<\/tr>\n<tr>\n<td width=\"158\">Color del cuerpo<\/td>\n<td width=\"591\">Transparente, mate, esmerilado, rojo, negro, azul, esmerilado, verde, rosa o color personalizado<\/td>\n<\/tr>\n<tr>\n<td width=\"158\">Manipulaci\u00f3n de superficies<\/td>\n<td width=\"591\">Serigraf\u00eda, estampaci\u00f3n en caliente, esmerilado, metalizado, flocado, hologr\u00e1fico, recubrimiento de m\u00e1rmol, calcoman\u00eda, etc.<\/td>\n<\/tr>\n<tr>\n<td width=\"158\">Uso<\/td>\n<td width=\"591\">\u00a0Embalaje de aceite de perfume\/aceite esencial\/desodorante\/ambientador\/perfume\/suero\/aceite esencial\/t\u00f3nico<\/td>\n<\/tr>\n<tr>\n<td width=\"158\">Embalaje<\/td>\n<td width=\"591\">Exportaci\u00f3n de cart\u00f3n y luego palets de madera contrachapada.<\/td>\n<\/tr>\n<tr>\n<td width=\"158\">Cantidad m\u00ednima de pedido<\/td>\n<td width=\"591\">1000 piezas (ya que hay dise\u00f1o personalizado)<\/td>\n<\/tr>\n<tr>\n<td width=\"158\">Muestra<\/td>\n<td width=\"591\">Muestra gratis, se necesita costo de env\u00edo.<\/td>\n<\/tr>\n<tr>\n<td width=\"158\">Transporte<\/td>\n<td width=\"591\">FedEx\/DHL\/EMS\/UPS\/TNT\/Por mar\/Por aire, etc.<\/td>\n<\/tr>\n<tr>\n<td width=\"158\">Forma de pago<\/td>\n<td width=\"591\">Transferencia bancaria, carta de cr\u00e9dito, Western Union, MoneyGram, PayPal, etc.<\/td>\n<\/tr>\n<tr>\n<td width=\"158\">El tiempo de entrega<\/td>\n<td width=\"591\">Muestra 1-2 d\u00edas, pedido de producci\u00f3n 20-45 d\u00edas depende de los detalles del pedido.<\/td>\n<\/tr>\n<tr>\n<td width=\"158\">Servicio<\/td>\n<td width=\"591\">Servicio de botellas de vidrio OEM y ODM, servicio de dise\u00f1o, soluci\u00f3n integral<\/td>\n<\/tr>\n<\/tbody>\n<\/table>\n<p>La l\u00ednea de frascos de perfume Viktor negro mate incluye frascos rectangulares para perfume o aceite. Disponemos de diferentes capacidades: 20 ml, 30 ml, 50 ml y 100 ml. Estos frascos de vidrio tienen un fondo grueso y paredes interiores inclinadas y angulares. Esto les confiere un atractivo visual y un efecto elegante. El modelo de base cuadrada ofrece una apariencia robusta y resistente, lo que lo convierte en la soluci\u00f3n de envasado perfecta para perfumes o aceites esenciales.<\/p>\n<h6>Botellas de vidrio de diferentes capacidades en stock<\/h6>\n<p>Como profesional <a href=\"https:\/\/glass-perfume-bottles.com\/es\/producto\/100ml-perfume-glass-bottle-wholesale\/\">fabricante de frascos de perfume<\/a>Podemos personalizar su botella con su logotipo. Por ejemplo, puede a\u00f1adir etiquetas premium para mejorar la presentaci\u00f3n de sus frascos. La botella de perfume Victor negro mate suele fabricarse con acabado mate, que ofrece una superficie sofisticada. Tambi\u00e9n disponemos de etiquetas, estampado en caliente, serigraf\u00eda y otros acabados. Podemos personalizarla con impresi\u00f3n multicolor para adaptarla a la est\u00e9tica de su marca.<\/p>\n<p>Si est\u00e1s interesado en el <a href=\"https:\/\/www.hyglassbottles.com\/product\/100ml-Luxury-glass-perfume-bottle-factory.html\">Frasco de perfume Victor negro mate<\/a>, bienvenido a contactarnos para m\u00e1s detalles.<\/p>","protected":false},"excerpt":{"rendered":"<p>Como fabricante profesional de frascos de perfume, podemos personalizar una botella con su propio logotipo, como los frascos de perfume negros mate de Viktor.<\/p>","protected":false},"featured_media":3136,"comment_status":"open","ping_status":"closed","template":"","meta":{"_kad_blocks_custom_css":"","_kad_blocks_head_custom_js":"","_kad_blocks_body_custom_js":"","_kad_blocks_footer_custom_js":"","_kad_post_transparent":"default","_kad_post_title":"","_kad_post_layout":"default","_kad_post_sidebar_id":"","_kad_post_content_style":"default","_kad_post_vertical_padding":"default","_kad_post_feature":"","_kad_post_feature_position":"","_kad_post_header":false,"_kad_post_footer":false,"_joinchat":[]},"product_brand":[],"product_cat":[51],"product_tag":[485,487,489,488,484,486],"class_list":{"0":"post-3131","1":"product","2":"type-product","3":"status-publish","4":"has-post-thumbnail","6":"product_cat-glass-perfume-bottles","7":"product_tag-black-perfume-bottle-manufacturer","8":"product_tag-glass-bottle-victor-50ml","9":"product_tag-victor-cosmetic-rectangle-bottle","10":"product_tag-victor-design-perfume-bottles","11":"product_tag-victor-perfume-bottle-wholesale","12":"product_tag-viktor-matt-black-perfume-bottles-price","14":"first","15":"instock","16":"shipping-taxable","17":"product-type-simple","18":"entry","19":"content-bg","20":"loop-entry"},"yoast_head":"<!-- This site is optimized with the Yoast SEO Premium plugin v20.5 (Yoast SEO v24.2) - https:\/\/yoast.com\/wordpress\/plugins\/seo\/ -->\n<title>Viktor matte black perfume bottles manufacturer and wholesaler<\/title>\n<meta name=\"description\" content=\"As a professional perfume bottle manufacturer, we can custom your own logo designed bottle such as Viktor matte black perfume bottles.\" \/>\n<meta name=\"robots\" content=\"index, follow, max-snippet:-1, max-image-preview:large, max-video-preview:-1\" \/>\n<link rel=\"canonical\" href=\"https:\/\/glass-perfume-bottles.com\/es\/producto\/viktor-matte-black-perfume-bottles-wholesale\/\" \/>\n<meta property=\"og:locale\" content=\"es_ES\" \/>\n<meta property=\"og:type\" content=\"article\" \/>\n<meta property=\"og:title\" content=\"Viktor matte black perfume bottles wholesale\" \/>\n<meta property=\"og:description\" content=\"As a professional perfume bottle manufacturer, we can custom your own logo designed bottle such as Viktor matte black perfume bottles.\" \/>\n<meta property=\"og:url\" content=\"https:\/\/glass-perfume-bottles.com\/es\/producto\/viktor-matte-black-perfume-bottles-wholesale\/\" \/>\n<meta property=\"og:site_name\" content=\"HY GLASS\" \/>\n<meta property=\"article:modified_time\" content=\"2025-11-25T10:18:51+00:00\" \/>\n<meta property=\"og:image\" content=\"https:\/\/glass-perfume-bottles.com\/wp-content\/uploads\/2025\/11\/Viktor-matt-black-perfume-bottles.jpg\" \/>\n\t<meta property=\"og:image:width\" content=\"720\" \/>\n\t<meta property=\"og:image:height\" content=\"720\" \/>\n\t<meta property=\"og:image:type\" content=\"image\/jpeg\" \/>\n<meta name=\"twitter:card\" content=\"summary_large_image\" \/>\n<meta name=\"twitter:label1\" content=\"Tiempo de lectura\" \/>\n\t<meta name=\"twitter:data1\" content=\"2 minutos\" \/>\n<script type=\"application\/ld+json\" class=\"yoast-schema-graph\">{\"@context\":\"https:\/\/schema.org\",\"@graph\":[{\"@type\":\"WebPage\",\"@id\":\"https:\/\/glass-perfume-bottles.com\/product\/viktor-matte-black-perfume-bottles-wholesale\/\",\"url\":\"https:\/\/glass-perfume-bottles.com\/product\/viktor-matte-black-perfume-bottles-wholesale\/\",\"name\":\"Viktor matte black perfume bottles manufacturer and wholesaler\",\"isPartOf\":{\"@id\":\"https:\/\/glass-perfume-bottles.com\/#website\"},\"primaryImageOfPage\":{\"@id\":\"https:\/\/glass-perfume-bottles.com\/product\/viktor-matte-black-perfume-bottles-wholesale\/#primaryimage\"},\"image\":{\"@id\":\"https:\/\/glass-perfume-bottles.com\/product\/viktor-matte-black-perfume-bottles-wholesale\/#primaryimage\"},\"thumbnailUrl\":\"https:\/\/glass-perfume-bottles.com\/wp-content\/uploads\/2025\/11\/Viktor-matt-black-perfume-bottles.jpg\",\"datePublished\":\"2025-11-10T10:11:31+00:00\",\"dateModified\":\"2025-11-25T10:18:51+00:00\",\"description\":\"As a professional perfume bottle manufacturer, we can custom your own logo designed bottle such as Viktor matte black perfume bottles.\",\"breadcrumb\":{\"@id\":\"https:\/\/glass-perfume-bottles.com\/product\/viktor-matte-black-perfume-bottles-wholesale\/#breadcrumb\"},\"inLanguage\":\"es\",\"potentialAction\":[{\"@type\":\"ReadAction\",\"target\":[\"https:\/\/glass-perfume-bottles.com\/product\/viktor-matte-black-perfume-bottles-wholesale\/\"]}]},{\"@type\":\"ImageObject\",\"inLanguage\":\"es\",\"@id\":\"https:\/\/glass-perfume-bottles.com\/product\/viktor-matte-black-perfume-bottles-wholesale\/#primaryimage\",\"url\":\"https:\/\/glass-perfume-bottles.com\/wp-content\/uploads\/2025\/11\/Viktor-matt-black-perfume-bottles.jpg\",\"contentUrl\":\"https:\/\/glass-perfume-bottles.com\/wp-content\/uploads\/2025\/11\/Viktor-matt-black-perfume-bottles.jpg\",\"width\":720,\"height\":720,\"caption\":\"Victor Perfume bottle wholesale, black perfume bottle manufacturer,Viktor matt black perfume bottles price, Glass bottle victor 50ml, Victor design perfume bottles, victor cosmetic rectangle bottle\"},{\"@type\":\"BreadcrumbList\",\"@id\":\"https:\/\/glass-perfume-bottles.com\/product\/viktor-matte-black-perfume-bottles-wholesale\/#breadcrumb\",\"itemListElement\":[{\"@type\":\"ListItem\",\"position\":1,\"name\":\"Home\",\"item\":\"https:\/\/glass-perfume-bottles.com\/\"},{\"@type\":\"ListItem\",\"position\":2,\"name\":\"Product\",\"item\":\"https:\/\/glass-perfume-bottles.com\/custom-made-perfume-bottle-suppliers-and-wholesale\/\"},{\"@type\":\"ListItem\",\"position\":3,\"name\":\"Viktor matte black perfume bottles wholesale\"}]},{\"@type\":\"WebSite\",\"@id\":\"https:\/\/glass-perfume-bottles.com\/#website\",\"url\":\"https:\/\/glass-perfume-bottles.com\/\",\"name\":\"HY GLASS\",\"description\":\"glass perfume bottle manufacturers &amp; suppliers, aroma reed diffuser bottle wholesale &amp; suppliers\",\"publisher\":{\"@id\":\"https:\/\/glass-perfume-bottles.com\/#organization\"},\"potentialAction\":[{\"@type\":\"SearchAction\",\"target\":{\"@type\":\"EntryPoint\",\"urlTemplate\":\"https:\/\/glass-perfume-bottles.com\/?s={search_term_string}\"},\"query-input\":{\"@type\":\"PropertyValueSpecification\",\"valueRequired\":true,\"valueName\":\"search_term_string\"}}],\"inLanguage\":\"es\"},{\"@type\":\"Organization\",\"@id\":\"https:\/\/glass-perfume-bottles.com\/#organization\",\"name\":\"HY GLASS\",\"url\":\"https:\/\/glass-perfume-bottles.com\/\",\"logo\":{\"@type\":\"ImageObject\",\"inLanguage\":\"es\",\"@id\":\"https:\/\/glass-perfume-bottles.com\/#\/schema\/logo\/image\/\",\"url\":\"https:\/\/glass-perfume-bottles.com\/wp-content\/uploads\/2023\/09\/logo21.png\",\"contentUrl\":\"https:\/\/glass-perfume-bottles.com\/wp-content\/uploads\/2023\/09\/logo21.png\",\"width\":342,\"height\":268,\"caption\":\"HY GLASS\"},\"image\":{\"@id\":\"https:\/\/glass-perfume-bottles.com\/#\/schema\/logo\/image\/\"}}]}<\/script>\n<!-- \/ Yoast SEO Premium plugin. -->","yoast_head_json":{"title":"Viktor matte black perfume bottles manufacturer and wholesaler","description":"As a professional perfume bottle manufacturer, we can custom your own logo designed bottle such as Viktor matte black perfume bottles.","robots":{"index":"index","follow":"follow","max-snippet":"max-snippet:-1","max-image-preview":"max-image-preview:large","max-video-preview":"max-video-preview:-1"},"canonical":"https:\/\/glass-perfume-bottles.com\/es\/producto\/viktor-matte-black-perfume-bottles-wholesale\/","og_locale":"es_ES","og_type":"article","og_title":"Viktor matte black perfume bottles wholesale","og_description":"As a professional perfume bottle manufacturer, we can custom your own logo designed bottle such as Viktor matte black perfume bottles.","og_url":"https:\/\/glass-perfume-bottles.com\/es\/producto\/viktor-matte-black-perfume-bottles-wholesale\/","og_site_name":"HY GLASS","article_modified_time":"2025-11-25T10:18:51+00:00","og_image":[{"width":720,"height":720,"url":"https:\/\/glass-perfume-bottles.com\/wp-content\/uploads\/2025\/11\/Viktor-matt-black-perfume-bottles.jpg","type":"image\/jpeg"}],"twitter_card":"summary_large_image","twitter_misc":{"Tiempo de lectura":"2 minutos"},"schema":{"@context":"https:\/\/schema.org","@graph":[{"@type":"WebPage","@id":"https:\/\/glass-perfume-bottles.com\/product\/viktor-matte-black-perfume-bottles-wholesale\/","url":"https:\/\/glass-perfume-bottles.com\/product\/viktor-matte-black-perfume-bottles-wholesale\/","name":"Viktor matte black perfume bottles manufacturer and wholesaler","isPartOf":{"@id":"https:\/\/glass-perfume-bottles.com\/#website"},"primaryImageOfPage":{"@id":"https:\/\/glass-perfume-bottles.com\/product\/viktor-matte-black-perfume-bottles-wholesale\/#primaryimage"},"image":{"@id":"https:\/\/glass-perfume-bottles.com\/product\/viktor-matte-black-perfume-bottles-wholesale\/#primaryimage"},"thumbnailUrl":"https:\/\/glass-perfume-bottles.com\/wp-content\/uploads\/2025\/11\/Viktor-matt-black-perfume-bottles.jpg","datePublished":"2025-11-10T10:11:31+00:00","dateModified":"2025-11-25T10:18:51+00:00","description":"As a professional perfume bottle manufacturer, we can custom your own logo designed bottle such as Viktor matte black perfume bottles.","breadcrumb":{"@id":"https:\/\/glass-perfume-bottles.com\/product\/viktor-matte-black-perfume-bottles-wholesale\/#breadcrumb"},"inLanguage":"es","potentialAction":[{"@type":"ReadAction","target":["https:\/\/glass-perfume-bottles.com\/product\/viktor-matte-black-perfume-bottles-wholesale\/"]}]},{"@type":"ImageObject","inLanguage":"es","@id":"https:\/\/glass-perfume-bottles.com\/product\/viktor-matte-black-perfume-bottles-wholesale\/#primaryimage","url":"https:\/\/glass-perfume-bottles.com\/wp-content\/uploads\/2025\/11\/Viktor-matt-black-perfume-bottles.jpg","contentUrl":"https:\/\/glass-perfume-bottles.com\/wp-content\/uploads\/2025\/11\/Viktor-matt-black-perfume-bottles.jpg","width":720,"height":720,"caption":"Victor Perfume bottle wholesale, black perfume bottle manufacturer,Viktor matt black perfume bottles price, Glass bottle victor 50ml, Victor design perfume bottles, victor cosmetic rectangle bottle"},{"@type":"BreadcrumbList","@id":"https:\/\/glass-perfume-bottles.com\/product\/viktor-matte-black-perfume-bottles-wholesale\/#breadcrumb","itemListElement":[{"@type":"ListItem","position":1,"name":"Home","item":"https:\/\/glass-perfume-bottles.com\/"},{"@type":"ListItem","position":2,"name":"Product","item":"https:\/\/glass-perfume-bottles.com\/custom-made-perfume-bottle-suppliers-and-wholesale\/"},{"@type":"ListItem","position":3,"name":"Viktor matte black perfume bottles wholesale"}]},{"@type":"WebSite","@id":"https:\/\/glass-perfume-bottles.com\/#website","url":"https:\/\/glass-perfume-bottles.com\/","name":"HY GLASS","description":"glass perfume bottle manufacturers &amp; suppliers, aroma reed diffuser bottle wholesale &amp; suppliers","publisher":{"@id":"https:\/\/glass-perfume-bottles.com\/#organization"},"potentialAction":[{"@type":"SearchAction","target":{"@type":"EntryPoint","urlTemplate":"https:\/\/glass-perfume-bottles.com\/?s={search_term_string}"},"query-input":{"@type":"PropertyValueSpecification","valueRequired":true,"valueName":"search_term_string"}}],"inLanguage":"es"},{"@type":"Organization","@id":"https:\/\/glass-perfume-bottles.com\/#organization","name":"HY GLASS","url":"https:\/\/glass-perfume-bottles.com\/","logo":{"@type":"ImageObject","inLanguage":"es","@id":"https:\/\/glass-perfume-bottles.com\/#\/schema\/logo\/image\/","url":"https:\/\/glass-perfume-bottles.com\/wp-content\/uploads\/2023\/09\/logo21.png","contentUrl":"https:\/\/glass-perfume-bottles.com\/wp-content\/uploads\/2023\/09\/logo21.png","width":342,"height":268,"caption":"HY GLASS"},"image":{"@id":"https:\/\/glass-perfume-bottles.com\/#\/schema\/logo\/image\/"}}]}},"taxonomy_info":{"product_cat":[{"value":51,"label":"Glass Perfume Bottle"}],"product_tag":[{"value":485,"label":"black perfume bottle manufacturer"},{"value":487,"label":"Glass bottle victor 50ml"},{"value":489,"label":"victor cosmetic rectangle bottle."},{"value":488,"label":"Victor design perfume bottles"},{"value":484,"label":"Victor Perfume bottle wholesale"},{"value":486,"label":"Viktor matt black perfume bottles price"}]},"featured_image_src_large":["https:\/\/glass-perfume-bottles.com\/wp-content\/uploads\/2025\/11\/Viktor-matt-black-perfume-bottles.jpg",720,720,false],"author_info":[],"comment_info":0,"_links":{"self":[{"href":"https:\/\/glass-perfume-bottles.com\/es\/wp-json\/wp\/v2\/product\/3131","targetHints":{"allow":["GET"]}}],"collection":[{"href":"https:\/\/glass-perfume-bottles.com\/es\/wp-json\/wp\/v2\/product"}],"about":[{"href":"https:\/\/glass-perfume-bottles.com\/es\/wp-json\/wp\/v2\/types\/product"}],"replies":[{"embeddable":true,"href":"https:\/\/glass-perfume-bottles.com\/es\/wp-json\/wp\/v2\/comments?post=3131"}],"wp:featuredmedia":[{"embeddable":true,"href":"https:\/\/glass-perfume-bottles.com\/es\/wp-json\/wp\/v2\/media\/3136"}],"wp:attachment":[{"href":"https:\/\/glass-perfume-bottles.com\/es\/wp-json\/wp\/v2\/media?parent=3131"}],"wp:term":[{"taxonomy":"product_brand","embeddable":true,"href":"https:\/\/glass-perfume-bottles.com\/es\/wp-json\/wp\/v2\/product_brand?post=3131"},{"taxonomy":"product_cat","embeddable":true,"href":"https:\/\/glass-perfume-bottles.com\/es\/wp-json\/wp\/v2\/product_cat?post=3131"},{"taxonomy":"product_tag","embeddable":true,"href":"https:\/\/glass-perfume-bottles.com\/es\/wp-json\/wp\/v2\/product_tag?post=3131"}],"curies":[{"name":"wp","href":"https:\/\/api.w.org\/{rel}","templated":true}]}}