{"id":3132,"date":"2025-11-10T10:11:31","date_gmt":"2025-11-10T10:11:31","guid":{"rendered":"https:\/\/glass-perfume-bottles.com\/?post_type=product&#038;p=3132"},"modified":"2025-11-21T09:38:52","modified_gmt":"2025-11-21T09:38:52","slug":"customized-refillable-attar-perfume-roller-bottles-manufacturer","status":"publish","type":"product","link":"https:\/\/glass-perfume-bottles.com\/es\/producto\/customized-refillable-attar-perfume-roller-bottles-manufacturer\/","title":{"rendered":"Frascos roll-on recargables para aceites esenciales"},"content":{"rendered":"<table>\n<tbody>\n<tr>\n<td width=\"158\">Nombre del producto<\/td>\n<td width=\"591\">Frascos roll-on de perfume attar recargables<\/td>\n<\/tr>\n<tr>\n<td width=\"158\">Capacidad<\/td>\n<td width=\"591\">3 ml, 6 ml, 12 ml u otro tama\u00f1o personalizado<\/td>\n<\/tr>\n<tr>\n<td width=\"158\">Tama\u00f1o<\/td>\n<td width=\"591\">3ml 22x52mm, 6ml 25x60mm, 12ml 28x75mm<\/td>\n<\/tr>\n<tr>\n<td width=\"158\">Peso<\/td>\n<td width=\"591\">25 g, 35 g, 55 g<\/td>\n<\/tr>\n<tr>\n<td width=\"158\">Material<\/td>\n<td width=\"591\">Cristal de vidrio blanco<\/td>\n<\/tr>\n<tr>\n<td width=\"158\">Color del cuerpo<\/td>\n<td width=\"591\">Transparente, esmerilado, rojo, negro, azul, verde, rosa o color personalizado<\/td>\n<\/tr>\n<tr>\n<td width=\"158\">Manipulaci\u00f3n de superficies<\/td>\n<td width=\"591\">Serigraf\u00eda, estampado en caliente, galvanoplastia, metalizaci\u00f3n, holograf\u00eda, revestimiento de m\u00e1rmol, calcoman\u00eda, etc.<\/td>\n<\/tr>\n<tr>\n<td width=\"158\">Uso<\/td>\n<td width=\"591\">\u00a0Embalaje de aceite de perfume\/aceite esencial\/desodorante\/ambientador\/perfume\/suero\/aceite esencial\/t\u00f3nico<\/td>\n<\/tr>\n<tr>\n<td width=\"158\">Embalaje<\/td>\n<td width=\"591\">Exportaci\u00f3n de cart\u00f3n y luego palets de madera contrachapada.<\/td>\n<\/tr>\n<tr>\n<td width=\"158\">Cantidad m\u00ednima de pedido<\/td>\n<td width=\"591\">1000 piezas (ya que hay dise\u00f1o personalizado)<\/td>\n<\/tr>\n<tr>\n<td width=\"158\">Muestra<\/td>\n<td width=\"591\">Muestra gratis, se necesita costo de env\u00edo.<\/td>\n<\/tr>\n<tr>\n<td width=\"158\">Transporte<\/td>\n<td width=\"591\">FedEx\/DHL\/EMS\/UPS\/TNT\/Por mar\/Por aire, etc.<\/td>\n<\/tr>\n<tr>\n<td width=\"158\">Forma de pago<\/td>\n<td width=\"591\">Transferencia bancaria, carta de cr\u00e9dito, Western Union, MoneyGram, PayPal, etc.<\/td>\n<\/tr>\n<tr>\n<td width=\"158\">El tiempo de entrega<\/td>\n<td width=\"591\">Muestra 1-2 d\u00edas, pedido de producci\u00f3n 20-45 d\u00edas depende de los detalles del pedido.<\/td>\n<\/tr>\n<tr>\n<td width=\"158\">Servicio<\/td>\n<td width=\"591\">Servicio de botellas de vidrio OEM y ODM, servicio de dise\u00f1o, soluci\u00f3n integral<\/td>\n<\/tr>\n<\/tbody>\n<\/table>\n<p>Nuestros frascos roll-on rellenables para perfume attar est\u00e1n hechos de vidrio liso de alta calidad, libre de BPA, plomo y ecol\u00f3gico. Este frasco es un producto estrella. En primer lugar, este frasco de perfume rellenable vac\u00edo presenta un dise\u00f1o de bola de vidrio dorado o plateado que combina elegancia y practicidad. En segundo lugar, su forma compacta cabe en tu bolso o bolsillo, perfecto para el uso diario. Finalmente, el vidrio con acabado dorado galvanizado y la tapa con detalles de diamantes de imitaci\u00f3n a\u00f1aden un sutil toque de lujo, a la vez que la bola de vidrio garantiza una aplicaci\u00f3n suave y f\u00e1cil. As\u00ed, puedes rellenarlo con tu fragancia favorita cuando quieras. Este frasco especial para aceite de oud attar es perfecto para aceites esenciales, perfumes, aromaterapia, etc.<\/p>\n<h6>\u00a1El servicio de personalizaci\u00f3n est\u00e1 disponible para usted!<\/h6>\n<p>Este <a href=\"https:\/\/www.hyglassbottles.com\/product\/Luxury-100ml-Mid-east-arabic--fluted-glass-perfume-oil-bottle-factory.html\">frasco de perfume de vidrio para attar<\/a> Se pueden personalizar con diferentes colores, impresiones, logotipos y acabados. Para la impresi\u00f3n, ofrecemos serigraf\u00eda, estampado en caliente, impresi\u00f3n UV 3D, relieve, calcoman\u00eda y grabado de logotipos. En cuanto al acabado superficial, podemos aplicar recubrimientos de color, esmerilados, brillantes, mates, pulverizados y degradados. Si no le gusta la forma de los frascos roll-on recargables para perfume attar, podemos crear un molde nuevo para producir frascos con la forma que mejor se adapte a su marca y logotipo.<\/p>\n<h6>Gran variedad de botellas en stock.<\/h6>\n<p>Como OEM\/ODM <a href=\"https:\/\/glass-perfume-bottles.com\/es\/producto\/luxury-30ml-50ml-glass-fragrance-perfume-oil-bottle-supplier\/\">Venta al por mayor de frascos de perfume de vidrio<\/a> Como proveedor, contamos con una gran variedad de frascos roll-on para perfume de attar en stock. Para m\u00e1s informaci\u00f3n, puede enviarnos fotos de los frascos que necesita. Nuestros asesores le enviar\u00e1n m\u00e1s productos disponibles. Ind\u00edquenos sus necesidades y nuestro equipo le ayudar\u00e1 a hacer realidad su idea.<\/p>","protected":false},"excerpt":{"rendered":"<p>Como mayorista y proveedor OEM\/ODM de frascos de perfume de vidrio, disponemos de un amplio stock de frascos roll-on para perfumes attar.<\/p>","protected":false},"featured_media":3133,"comment_status":"open","ping_status":"closed","template":"","meta":{"_kad_blocks_custom_css":"","_kad_blocks_head_custom_js":"","_kad_blocks_body_custom_js":"","_kad_blocks_footer_custom_js":"","_kad_post_transparent":"default","_kad_post_title":"","_kad_post_layout":"default","_kad_post_sidebar_id":"","_kad_post_content_style":"default","_kad_post_vertical_padding":"default","_kad_post_feature":"","_kad_post_feature_position":"","_kad_post_header":false,"_kad_post_footer":false,"_joinchat":[]},"product_brand":[],"product_cat":[51],"product_tag":[483,481,480,479,482],"class_list":{"0":"post-3132","1":"product","2":"type-product","3":"status-publish","4":"has-post-thumbnail","6":"product_cat-glass-perfume-bottles","7":"product_tag-custom-cylinder-perfume-bottle-factory","8":"product_tag-cylinder-cologne-bottles-wholesale","9":"product_tag-different-size-perfume-bottles-manufacturer","10":"product_tag-glass-cylindrical-perfume-bottles-suppliers","11":"product_tag-refill-perfume-bottles-custom","13":"first","14":"instock","15":"shipping-taxable","16":"product-type-simple","17":"entry","18":"content-bg","19":"loop-entry"},"yoast_head":"<!-- This site is optimized with the Yoast SEO Premium plugin v20.5 (Yoast SEO v24.2) - https:\/\/yoast.com\/wordpress\/plugins\/seo\/ -->\n<title>Attar perfume roller bottles wholesale suppliers<\/title>\n<meta name=\"description\" content=\"As the glass perfume oil bottle manufacturers, we have types of refillable attar perfume roller bottles for you to choose from.\" \/>\n<meta name=\"robots\" content=\"index, follow, max-snippet:-1, max-image-preview:large, max-video-preview:-1\" \/>\n<link rel=\"canonical\" href=\"https:\/\/glass-perfume-bottles.com\/es\/producto\/customized-refillable-attar-perfume-roller-bottles-manufacturer\/\" \/>\n<meta property=\"og:locale\" content=\"es_ES\" \/>\n<meta property=\"og:type\" content=\"article\" \/>\n<meta property=\"og:title\" content=\"Refillable attar perfume roller bottles for\u00a0essential oils\" \/>\n<meta property=\"og:description\" content=\"As the glass perfume oil bottle manufacturers, we have types of refillable attar perfume roller bottles for you to choose from.\" \/>\n<meta property=\"og:url\" content=\"https:\/\/glass-perfume-bottles.com\/es\/producto\/customized-refillable-attar-perfume-roller-bottles-manufacturer\/\" \/>\n<meta property=\"og:site_name\" content=\"HY GLASS\" \/>\n<meta property=\"article:modified_time\" content=\"2025-11-21T09:38:52+00:00\" \/>\n<meta property=\"og:image\" content=\"https:\/\/glass-perfume-bottles.com\/wp-content\/uploads\/2025\/11\/Essential-oil-bottle.jpg\" \/>\n\t<meta property=\"og:image:width\" content=\"720\" \/>\n\t<meta property=\"og:image:height\" content=\"720\" \/>\n\t<meta property=\"og:image:type\" content=\"image\/jpeg\" \/>\n<meta name=\"twitter:card\" content=\"summary_large_image\" \/>\n<meta name=\"twitter:label1\" content=\"Tiempo de lectura\" \/>\n\t<meta name=\"twitter:data1\" content=\"2 minutos\" \/>\n<script type=\"application\/ld+json\" class=\"yoast-schema-graph\">{\"@context\":\"https:\/\/schema.org\",\"@graph\":[{\"@type\":\"WebPage\",\"@id\":\"https:\/\/glass-perfume-bottles.com\/product\/customized-refillable-attar-perfume-roller-bottles-manufacturer\/\",\"url\":\"https:\/\/glass-perfume-bottles.com\/product\/customized-refillable-attar-perfume-roller-bottles-manufacturer\/\",\"name\":\"Attar perfume roller bottles wholesale suppliers\",\"isPartOf\":{\"@id\":\"https:\/\/glass-perfume-bottles.com\/#website\"},\"primaryImageOfPage\":{\"@id\":\"https:\/\/glass-perfume-bottles.com\/product\/customized-refillable-attar-perfume-roller-bottles-manufacturer\/#primaryimage\"},\"image\":{\"@id\":\"https:\/\/glass-perfume-bottles.com\/product\/customized-refillable-attar-perfume-roller-bottles-manufacturer\/#primaryimage\"},\"thumbnailUrl\":\"https:\/\/glass-perfume-bottles.com\/wp-content\/uploads\/2025\/11\/Essential-oil-bottle.jpg\",\"datePublished\":\"2025-11-10T10:11:31+00:00\",\"dateModified\":\"2025-11-21T09:38:52+00:00\",\"description\":\"As the glass perfume oil bottle manufacturers, we have types of refillable attar perfume roller bottles for you to choose from.\",\"breadcrumb\":{\"@id\":\"https:\/\/glass-perfume-bottles.com\/product\/customized-refillable-attar-perfume-roller-bottles-manufacturer\/#breadcrumb\"},\"inLanguage\":\"es\",\"potentialAction\":[{\"@type\":\"ReadAction\",\"target\":[\"https:\/\/glass-perfume-bottles.com\/product\/customized-refillable-attar-perfume-roller-bottles-manufacturer\/\"]}]},{\"@type\":\"ImageObject\",\"inLanguage\":\"es\",\"@id\":\"https:\/\/glass-perfume-bottles.com\/product\/customized-refillable-attar-perfume-roller-bottles-manufacturer\/#primaryimage\",\"url\":\"https:\/\/glass-perfume-bottles.com\/wp-content\/uploads\/2025\/11\/Essential-oil-bottle.jpg\",\"contentUrl\":\"https:\/\/glass-perfume-bottles.com\/wp-content\/uploads\/2025\/11\/Essential-oil-bottle.jpg\",\"width\":720,\"height\":720,\"caption\":\"attar refillable perfume roller bottles manufacturer, golden perfume roller ball attar bottle wholesale, upscale empty attar glass roller bottle suppliers, attar roller ball bottle factories\"},{\"@type\":\"BreadcrumbList\",\"@id\":\"https:\/\/glass-perfume-bottles.com\/product\/customized-refillable-attar-perfume-roller-bottles-manufacturer\/#breadcrumb\",\"itemListElement\":[{\"@type\":\"ListItem\",\"position\":1,\"name\":\"Home\",\"item\":\"https:\/\/glass-perfume-bottles.com\/\"},{\"@type\":\"ListItem\",\"position\":2,\"name\":\"Product\",\"item\":\"https:\/\/glass-perfume-bottles.com\/custom-made-perfume-bottle-suppliers-and-wholesale\/\"},{\"@type\":\"ListItem\",\"position\":3,\"name\":\"Refillable attar perfume roller bottles for\u00a0essential oils\"}]},{\"@type\":\"WebSite\",\"@id\":\"https:\/\/glass-perfume-bottles.com\/#website\",\"url\":\"https:\/\/glass-perfume-bottles.com\/\",\"name\":\"HY GLASS\",\"description\":\"glass perfume bottle manufacturers &amp; suppliers, aroma reed diffuser bottle wholesale &amp; suppliers\",\"publisher\":{\"@id\":\"https:\/\/glass-perfume-bottles.com\/#organization\"},\"potentialAction\":[{\"@type\":\"SearchAction\",\"target\":{\"@type\":\"EntryPoint\",\"urlTemplate\":\"https:\/\/glass-perfume-bottles.com\/?s={search_term_string}\"},\"query-input\":{\"@type\":\"PropertyValueSpecification\",\"valueRequired\":true,\"valueName\":\"search_term_string\"}}],\"inLanguage\":\"es\"},{\"@type\":\"Organization\",\"@id\":\"https:\/\/glass-perfume-bottles.com\/#organization\",\"name\":\"HY GLASS\",\"url\":\"https:\/\/glass-perfume-bottles.com\/\",\"logo\":{\"@type\":\"ImageObject\",\"inLanguage\":\"es\",\"@id\":\"https:\/\/glass-perfume-bottles.com\/#\/schema\/logo\/image\/\",\"url\":\"https:\/\/glass-perfume-bottles.com\/wp-content\/uploads\/2023\/09\/logo21.png\",\"contentUrl\":\"https:\/\/glass-perfume-bottles.com\/wp-content\/uploads\/2023\/09\/logo21.png\",\"width\":342,\"height\":268,\"caption\":\"HY GLASS\"},\"image\":{\"@id\":\"https:\/\/glass-perfume-bottles.com\/#\/schema\/logo\/image\/\"}}]}<\/script>\n<!-- \/ Yoast SEO Premium plugin. -->","yoast_head_json":{"title":"Attar perfume roller bottles wholesale suppliers","description":"As the glass perfume oil bottle manufacturers, we have types of refillable attar perfume roller bottles for you to choose from.","robots":{"index":"index","follow":"follow","max-snippet":"max-snippet:-1","max-image-preview":"max-image-preview:large","max-video-preview":"max-video-preview:-1"},"canonical":"https:\/\/glass-perfume-bottles.com\/es\/producto\/customized-refillable-attar-perfume-roller-bottles-manufacturer\/","og_locale":"es_ES","og_type":"article","og_title":"Refillable attar perfume roller bottles for\u00a0essential oils","og_description":"As the glass perfume oil bottle manufacturers, we have types of refillable attar perfume roller bottles for you to choose from.","og_url":"https:\/\/glass-perfume-bottles.com\/es\/producto\/customized-refillable-attar-perfume-roller-bottles-manufacturer\/","og_site_name":"HY GLASS","article_modified_time":"2025-11-21T09:38:52+00:00","og_image":[{"width":720,"height":720,"url":"https:\/\/glass-perfume-bottles.com\/wp-content\/uploads\/2025\/11\/Essential-oil-bottle.jpg","type":"image\/jpeg"}],"twitter_card":"summary_large_image","twitter_misc":{"Tiempo de lectura":"2 minutos"},"schema":{"@context":"https:\/\/schema.org","@graph":[{"@type":"WebPage","@id":"https:\/\/glass-perfume-bottles.com\/product\/customized-refillable-attar-perfume-roller-bottles-manufacturer\/","url":"https:\/\/glass-perfume-bottles.com\/product\/customized-refillable-attar-perfume-roller-bottles-manufacturer\/","name":"Attar perfume roller bottles wholesale suppliers","isPartOf":{"@id":"https:\/\/glass-perfume-bottles.com\/#website"},"primaryImageOfPage":{"@id":"https:\/\/glass-perfume-bottles.com\/product\/customized-refillable-attar-perfume-roller-bottles-manufacturer\/#primaryimage"},"image":{"@id":"https:\/\/glass-perfume-bottles.com\/product\/customized-refillable-attar-perfume-roller-bottles-manufacturer\/#primaryimage"},"thumbnailUrl":"https:\/\/glass-perfume-bottles.com\/wp-content\/uploads\/2025\/11\/Essential-oil-bottle.jpg","datePublished":"2025-11-10T10:11:31+00:00","dateModified":"2025-11-21T09:38:52+00:00","description":"As the glass perfume oil bottle manufacturers, we have types of refillable attar perfume roller bottles for you to choose from.","breadcrumb":{"@id":"https:\/\/glass-perfume-bottles.com\/product\/customized-refillable-attar-perfume-roller-bottles-manufacturer\/#breadcrumb"},"inLanguage":"es","potentialAction":[{"@type":"ReadAction","target":["https:\/\/glass-perfume-bottles.com\/product\/customized-refillable-attar-perfume-roller-bottles-manufacturer\/"]}]},{"@type":"ImageObject","inLanguage":"es","@id":"https:\/\/glass-perfume-bottles.com\/product\/customized-refillable-attar-perfume-roller-bottles-manufacturer\/#primaryimage","url":"https:\/\/glass-perfume-bottles.com\/wp-content\/uploads\/2025\/11\/Essential-oil-bottle.jpg","contentUrl":"https:\/\/glass-perfume-bottles.com\/wp-content\/uploads\/2025\/11\/Essential-oil-bottle.jpg","width":720,"height":720,"caption":"attar refillable perfume roller bottles manufacturer, golden perfume roller ball attar bottle wholesale, upscale empty attar glass roller bottle suppliers, attar roller ball bottle factories"},{"@type":"BreadcrumbList","@id":"https:\/\/glass-perfume-bottles.com\/product\/customized-refillable-attar-perfume-roller-bottles-manufacturer\/#breadcrumb","itemListElement":[{"@type":"ListItem","position":1,"name":"Home","item":"https:\/\/glass-perfume-bottles.com\/"},{"@type":"ListItem","position":2,"name":"Product","item":"https:\/\/glass-perfume-bottles.com\/custom-made-perfume-bottle-suppliers-and-wholesale\/"},{"@type":"ListItem","position":3,"name":"Refillable attar perfume roller bottles for\u00a0essential oils"}]},{"@type":"WebSite","@id":"https:\/\/glass-perfume-bottles.com\/#website","url":"https:\/\/glass-perfume-bottles.com\/","name":"HY GLASS","description":"glass perfume bottle manufacturers &amp; suppliers, aroma reed diffuser bottle wholesale &amp; suppliers","publisher":{"@id":"https:\/\/glass-perfume-bottles.com\/#organization"},"potentialAction":[{"@type":"SearchAction","target":{"@type":"EntryPoint","urlTemplate":"https:\/\/glass-perfume-bottles.com\/?s={search_term_string}"},"query-input":{"@type":"PropertyValueSpecification","valueRequired":true,"valueName":"search_term_string"}}],"inLanguage":"es"},{"@type":"Organization","@id":"https:\/\/glass-perfume-bottles.com\/#organization","name":"HY GLASS","url":"https:\/\/glass-perfume-bottles.com\/","logo":{"@type":"ImageObject","inLanguage":"es","@id":"https:\/\/glass-perfume-bottles.com\/#\/schema\/logo\/image\/","url":"https:\/\/glass-perfume-bottles.com\/wp-content\/uploads\/2023\/09\/logo21.png","contentUrl":"https:\/\/glass-perfume-bottles.com\/wp-content\/uploads\/2023\/09\/logo21.png","width":342,"height":268,"caption":"HY GLASS"},"image":{"@id":"https:\/\/glass-perfume-bottles.com\/#\/schema\/logo\/image\/"}}]}},"taxonomy_info":{"product_cat":[{"value":51,"label":"Glass Perfume Bottle"}],"product_tag":[{"value":483,"label":"custom cylinder perfume bottle factory"},{"value":481,"label":"cylinder cologne bottles wholesale"},{"value":480,"label":"different size perfume bottles manufacturer"},{"value":479,"label":"Glass cylindrical perfume bottles suppliers"},{"value":482,"label":"refill perfume bottles custom"}]},"featured_image_src_large":["https:\/\/glass-perfume-bottles.com\/wp-content\/uploads\/2025\/11\/Essential-oil-bottle.jpg",720,720,false],"author_info":[],"comment_info":1,"_links":{"self":[{"href":"https:\/\/glass-perfume-bottles.com\/es\/wp-json\/wp\/v2\/product\/3132","targetHints":{"allow":["GET"]}}],"collection":[{"href":"https:\/\/glass-perfume-bottles.com\/es\/wp-json\/wp\/v2\/product"}],"about":[{"href":"https:\/\/glass-perfume-bottles.com\/es\/wp-json\/wp\/v2\/types\/product"}],"replies":[{"embeddable":true,"href":"https:\/\/glass-perfume-bottles.com\/es\/wp-json\/wp\/v2\/comments?post=3132"}],"wp:featuredmedia":[{"embeddable":true,"href":"https:\/\/glass-perfume-bottles.com\/es\/wp-json\/wp\/v2\/media\/3133"}],"wp:attachment":[{"href":"https:\/\/glass-perfume-bottles.com\/es\/wp-json\/wp\/v2\/media?parent=3132"}],"wp:term":[{"taxonomy":"product_brand","embeddable":true,"href":"https:\/\/glass-perfume-bottles.com\/es\/wp-json\/wp\/v2\/product_brand?post=3132"},{"taxonomy":"product_cat","embeddable":true,"href":"https:\/\/glass-perfume-bottles.com\/es\/wp-json\/wp\/v2\/product_cat?post=3132"},{"taxonomy":"product_tag","embeddable":true,"href":"https:\/\/glass-perfume-bottles.com\/es\/wp-json\/wp\/v2\/product_tag?post=3132"}],"curies":[{"name":"wp","href":"https:\/\/api.w.org\/{rel}","templated":true}]}}