{"id":3138,"date":"2025-11-26T03:00:19","date_gmt":"2025-11-26T03:00:19","guid":{"rendered":"https:\/\/glass-perfume-bottles.com\/?post_type=product&#038;p=3138"},"modified":"2025-11-26T06:59:34","modified_gmt":"2025-11-26T06:59:34","slug":"30ml-50ml-100ml-fairyland-garden-perfume-bottle-manufacturer","status":"publish","type":"product","link":"https:\/\/glass-perfume-bottles.com\/es\/producto\/30ml-50ml-100ml-fairyland-garden-perfume-bottle-manufacturer\/","title":{"rendered":"Botella de perfume de jard\u00edn de hadas"},"content":{"rendered":"<table>\n<tbody>\n<tr>\n<td width=\"158\">Nombre del producto<\/td>\n<td width=\"591\">Botella de perfume de jard\u00edn de hadas<\/td>\n<\/tr>\n<tr>\n<td width=\"158\">Capacidad<\/td>\n<td width=\"591\">30 ml, 50 ml, 100 ml u otro tama\u00f1o personalizado<\/td>\n<\/tr>\n<tr>\n<td width=\"158\">Tama\u00f1o<\/td>\n<td width=\"591\">30 ml 44,5 x 66 mm, 50 ml 53 x 77 mm, 100 ml 51 x 105 mm<\/td>\n<\/tr>\n<tr>\n<td width=\"158\">Peso<\/td>\n<td width=\"591\">30 ml 125 g, 50 ml 200 g, 100 ml 230 g<\/td>\n<\/tr>\n<tr>\n<td width=\"158\">Material<\/td>\n<td width=\"591\">Cristal de vidrio blanco<\/td>\n<\/tr>\n<tr>\n<td width=\"158\">Color del cuerpo<\/td>\n<td width=\"591\">Transparente, esmerilado, rojo, negro, azul, verde, rosa o color personalizado.<\/td>\n<\/tr>\n<tr>\n<td width=\"158\">Manipulaci\u00f3n de superficies<\/td>\n<td width=\"591\">Serigraf\u00eda, estampaci\u00f3n en caliente, esmerilado, metalizado, flocado, hologr\u00e1fico, recubrimiento de m\u00e1rmol, calcoman\u00eda, etc.<\/td>\n<\/tr>\n<tr>\n<td width=\"158\">Uso<\/td>\n<td width=\"591\">\u00a0Embalaje de aceite de perfume\/aceite esencial\/desodorante\/ambientador\/perfume\/suero\/aceite esencial\/t\u00f3nico<\/td>\n<\/tr>\n<tr>\n<td width=\"158\">Embalaje<\/td>\n<td width=\"591\">Exportaci\u00f3n de cart\u00f3n y luego palets de madera contrachapada.<\/td>\n<\/tr>\n<tr>\n<td width=\"158\">Cantidad m\u00ednima de pedido<\/td>\n<td width=\"591\">1000 piezas (ya que hay dise\u00f1o personalizado)<\/td>\n<\/tr>\n<tr>\n<td width=\"158\">Muestra<\/td>\n<td width=\"591\">Muestra gratis, se necesita costo de env\u00edo.<\/td>\n<\/tr>\n<tr>\n<td width=\"158\">Transporte<\/td>\n<td width=\"591\">FedEx\/DHL\/EMS\/UPS\/TNT\/Por mar\/Por aire, etc.<\/td>\n<\/tr>\n<tr>\n<td width=\"158\">Forma de pago<\/td>\n<td width=\"591\">Transferencia bancaria, carta de cr\u00e9dito, Western Union, MoneyGram, PayPal, etc.<\/td>\n<\/tr>\n<tr>\n<td width=\"158\">El tiempo de entrega<\/td>\n<td width=\"591\">Muestra 1-2 d\u00edas, pedido de producci\u00f3n 20-45 d\u00edas depende de los detalles del pedido.<\/td>\n<\/tr>\n<tr>\n<td width=\"158\">Servicio<\/td>\n<td width=\"591\">Servicio de botellas de vidrio OEM y ODM, servicio de dise\u00f1o, soluci\u00f3n integral<\/td>\n<\/tr>\n<\/tbody>\n<\/table>\n<p>Los frascos de perfume Fairyland Garden se crean en colaboraci\u00f3n con vidrio blanco de alta calidad. Cada frasco de perfume de vidrio es soplado a mano por maestros artesanos con vidrio reciclado 45% procedente de China. Este frasco de perfume de alta calidad Fairyland Garden capturar\u00e1 la elegancia de sus perfumes.<\/p>\n<h6>Centrados en la producci\u00f3n de botellas de vidrio recicladas<\/h6>\n<p>Durante d\u00e9cadas, como el proveedor de confianza <a href=\"https:\/\/glass-perfume-bottles.com\/es\/producto\/bdk-parfum-glass-bottle-manufacturer-and-wholesale\/\">fabricante de perfumes de vidrio<\/a>HY Glass se dedica al reciclaje y regeneraci\u00f3n de botellas de vidrio, transformando el vidrio desechado en nuevas y refinadas creaciones. La producci\u00f3n se realiza mediante una tecnolog\u00eda especial que garantiza la m\u00e1xima calidad en cada botella de perfume. El proceso consiste en la cocci\u00f3n y el enfriamiento a alta temperatura, lo que da como resultado una pieza \u00fanica de exquisita artesan\u00eda. Si desea una botella de perfume Fairyland Garden de alta calidad, puede enviarnos su idea y modelo. Podemos hacerlo realidad. Tambi\u00e9n podemos... <a href=\"https:\/\/www.hyglassbottles.com\/product\/Classic-15ml-frosted-bayonet-glass-perfume-bottle-with-ball-cap.html\">Botellas de perfume de vidrio con marca privada personalizadas<\/a> \u00a1Con su propio dise\u00f1o de logotipo, bienvenido a contactarnos para el proceso de personalizaci\u00f3n!<\/p>","protected":false},"excerpt":{"rendered":"<p>Como fabricante profesional de frascos de perfume, podemos personalizar una botella con su propio logotipo, como los frascos de perfume negros mate de Viktor.<\/p>","protected":false},"featured_media":3139,"comment_status":"open","ping_status":"closed","template":"","meta":{"_kad_blocks_custom_css":"","_kad_blocks_head_custom_js":"","_kad_blocks_body_custom_js":"","_kad_blocks_footer_custom_js":"","_kad_post_transparent":"default","_kad_post_title":"","_kad_post_layout":"default","_kad_post_sidebar_id":"","_kad_post_content_style":"default","_kad_post_vertical_padding":"default","_kad_post_feature":"","_kad_post_feature_position":"","_kad_post_header":false,"_kad_post_footer":false,"_joinchat":[]},"product_brand":[],"product_cat":[51],"product_tag":[485,487,489,488,484,486],"class_list":{"0":"post-3138","1":"product","2":"type-product","3":"status-publish","4":"has-post-thumbnail","6":"product_cat-glass-perfume-bottles","7":"product_tag-black-perfume-bottle-manufacturer","8":"product_tag-glass-bottle-victor-50ml","9":"product_tag-victor-cosmetic-rectangle-bottle","10":"product_tag-victor-design-perfume-bottles","11":"product_tag-victor-perfume-bottle-wholesale","12":"product_tag-viktor-matt-black-perfume-bottles-price","14":"first","15":"instock","16":"shipping-taxable","17":"product-type-simple","18":"entry","19":"content-bg","20":"loop-entry"},"yoast_head":"<!-- This site is optimized with the Yoast SEO Premium plugin v20.5 (Yoast SEO v24.2) - https:\/\/yoast.com\/wordpress\/plugins\/seo\/ -->\n<title>Fairyland Garden Perfume Bottle suppliers and wholesale<\/title>\n<meta name=\"description\" content=\"The Fairyland garden perfume bottle is created in collaboration with high white glass and we can custom your own brand glass perfume bottles.\" \/>\n<meta name=\"robots\" content=\"index, follow, max-snippet:-1, max-image-preview:large, max-video-preview:-1\" \/>\n<link rel=\"canonical\" href=\"https:\/\/glass-perfume-bottles.com\/es\/producto\/30ml-50ml-100ml-fairyland-garden-perfume-bottle-manufacturer\/\" \/>\n<meta property=\"og:locale\" content=\"es_ES\" \/>\n<meta property=\"og:type\" content=\"article\" \/>\n<meta property=\"og:title\" content=\"Fairyland Garden Perfume Bottle\" \/>\n<meta property=\"og:description\" content=\"The Fairyland garden perfume bottle is created in collaboration with high white glass and we can custom your own brand glass perfume bottles.\" \/>\n<meta property=\"og:url\" content=\"https:\/\/glass-perfume-bottles.com\/es\/producto\/30ml-50ml-100ml-fairyland-garden-perfume-bottle-manufacturer\/\" \/>\n<meta property=\"og:site_name\" content=\"HY GLASS\" \/>\n<meta property=\"article:modified_time\" content=\"2025-11-26T06:59:34+00:00\" \/>\n<meta property=\"og:image\" content=\"https:\/\/glass-perfume-bottles.com\/wp-content\/uploads\/2025\/11\/perfume-bottle-1.jpg\" \/>\n\t<meta property=\"og:image:width\" content=\"720\" \/>\n\t<meta property=\"og:image:height\" content=\"720\" \/>\n\t<meta property=\"og:image:type\" content=\"image\/jpeg\" \/>\n<meta name=\"twitter:card\" content=\"summary_large_image\" \/>\n<meta name=\"twitter:label1\" content=\"Tiempo de lectura\" \/>\n\t<meta name=\"twitter:data1\" content=\"2 minutos\" \/>\n<script type=\"application\/ld+json\" class=\"yoast-schema-graph\">{\"@context\":\"https:\/\/schema.org\",\"@graph\":[{\"@type\":\"WebPage\",\"@id\":\"https:\/\/glass-perfume-bottles.com\/product\/30ml-50ml-100ml-fairyland-garden-perfume-bottle-manufacturer\/\",\"url\":\"https:\/\/glass-perfume-bottles.com\/product\/30ml-50ml-100ml-fairyland-garden-perfume-bottle-manufacturer\/\",\"name\":\"Fairyland Garden Perfume Bottle suppliers and wholesale\",\"isPartOf\":{\"@id\":\"https:\/\/glass-perfume-bottles.com\/#website\"},\"primaryImageOfPage\":{\"@id\":\"https:\/\/glass-perfume-bottles.com\/product\/30ml-50ml-100ml-fairyland-garden-perfume-bottle-manufacturer\/#primaryimage\"},\"image\":{\"@id\":\"https:\/\/glass-perfume-bottles.com\/product\/30ml-50ml-100ml-fairyland-garden-perfume-bottle-manufacturer\/#primaryimage\"},\"thumbnailUrl\":\"https:\/\/glass-perfume-bottles.com\/wp-content\/uploads\/2025\/11\/perfume-bottle-1.jpg\",\"datePublished\":\"2025-11-26T03:00:19+00:00\",\"dateModified\":\"2025-11-26T06:59:34+00:00\",\"description\":\"The Fairyland garden perfume bottle is created in collaboration with high white glass and we can custom your own brand glass perfume bottles.\",\"breadcrumb\":{\"@id\":\"https:\/\/glass-perfume-bottles.com\/product\/30ml-50ml-100ml-fairyland-garden-perfume-bottle-manufacturer\/#breadcrumb\"},\"inLanguage\":\"es\",\"potentialAction\":[{\"@type\":\"ReadAction\",\"target\":[\"https:\/\/glass-perfume-bottles.com\/product\/30ml-50ml-100ml-fairyland-garden-perfume-bottle-manufacturer\/\"]}]},{\"@type\":\"ImageObject\",\"inLanguage\":\"es\",\"@id\":\"https:\/\/glass-perfume-bottles.com\/product\/30ml-50ml-100ml-fairyland-garden-perfume-bottle-manufacturer\/#primaryimage\",\"url\":\"https:\/\/glass-perfume-bottles.com\/wp-content\/uploads\/2025\/11\/perfume-bottle-1.jpg\",\"contentUrl\":\"https:\/\/glass-perfume-bottles.com\/wp-content\/uploads\/2025\/11\/perfume-bottle-1.jpg\",\"width\":720,\"height\":720,\"caption\":\"fairy perfume bottle van cleef and arpels, Empty refillable perfume bottle manufacturers, vertical stripe perfume bottle wholesale, Clear vertical stripes round perfume bottles suppliers, Luxury vertical striped fragrance bottle\"},{\"@type\":\"BreadcrumbList\",\"@id\":\"https:\/\/glass-perfume-bottles.com\/product\/30ml-50ml-100ml-fairyland-garden-perfume-bottle-manufacturer\/#breadcrumb\",\"itemListElement\":[{\"@type\":\"ListItem\",\"position\":1,\"name\":\"Home\",\"item\":\"https:\/\/glass-perfume-bottles.com\/\"},{\"@type\":\"ListItem\",\"position\":2,\"name\":\"Product\",\"item\":\"https:\/\/glass-perfume-bottles.com\/custom-made-perfume-bottle-suppliers-and-wholesale\/\"},{\"@type\":\"ListItem\",\"position\":3,\"name\":\"Fairyland Garden Perfume Bottle\"}]},{\"@type\":\"WebSite\",\"@id\":\"https:\/\/glass-perfume-bottles.com\/#website\",\"url\":\"https:\/\/glass-perfume-bottles.com\/\",\"name\":\"HY GLASS\",\"description\":\"glass perfume bottle manufacturers &amp; suppliers, aroma reed diffuser bottle wholesale &amp; suppliers\",\"publisher\":{\"@id\":\"https:\/\/glass-perfume-bottles.com\/#organization\"},\"potentialAction\":[{\"@type\":\"SearchAction\",\"target\":{\"@type\":\"EntryPoint\",\"urlTemplate\":\"https:\/\/glass-perfume-bottles.com\/?s={search_term_string}\"},\"query-input\":{\"@type\":\"PropertyValueSpecification\",\"valueRequired\":true,\"valueName\":\"search_term_string\"}}],\"inLanguage\":\"es\"},{\"@type\":\"Organization\",\"@id\":\"https:\/\/glass-perfume-bottles.com\/#organization\",\"name\":\"HY GLASS\",\"url\":\"https:\/\/glass-perfume-bottles.com\/\",\"logo\":{\"@type\":\"ImageObject\",\"inLanguage\":\"es\",\"@id\":\"https:\/\/glass-perfume-bottles.com\/#\/schema\/logo\/image\/\",\"url\":\"https:\/\/glass-perfume-bottles.com\/wp-content\/uploads\/2023\/09\/logo21.png\",\"contentUrl\":\"https:\/\/glass-perfume-bottles.com\/wp-content\/uploads\/2023\/09\/logo21.png\",\"width\":342,\"height\":268,\"caption\":\"HY GLASS\"},\"image\":{\"@id\":\"https:\/\/glass-perfume-bottles.com\/#\/schema\/logo\/image\/\"}}]}<\/script>\n<!-- \/ Yoast SEO Premium plugin. -->","yoast_head_json":{"title":"Fairyland Garden Perfume Bottle suppliers and wholesale","description":"The Fairyland garden perfume bottle is created in collaboration with high white glass and we can custom your own brand glass perfume bottles.","robots":{"index":"index","follow":"follow","max-snippet":"max-snippet:-1","max-image-preview":"max-image-preview:large","max-video-preview":"max-video-preview:-1"},"canonical":"https:\/\/glass-perfume-bottles.com\/es\/producto\/30ml-50ml-100ml-fairyland-garden-perfume-bottle-manufacturer\/","og_locale":"es_ES","og_type":"article","og_title":"Fairyland Garden Perfume Bottle","og_description":"The Fairyland garden perfume bottle is created in collaboration with high white glass and we can custom your own brand glass perfume bottles.","og_url":"https:\/\/glass-perfume-bottles.com\/es\/producto\/30ml-50ml-100ml-fairyland-garden-perfume-bottle-manufacturer\/","og_site_name":"HY GLASS","article_modified_time":"2025-11-26T06:59:34+00:00","og_image":[{"width":720,"height":720,"url":"https:\/\/glass-perfume-bottles.com\/wp-content\/uploads\/2025\/11\/perfume-bottle-1.jpg","type":"image\/jpeg"}],"twitter_card":"summary_large_image","twitter_misc":{"Tiempo de lectura":"2 minutos"},"schema":{"@context":"https:\/\/schema.org","@graph":[{"@type":"WebPage","@id":"https:\/\/glass-perfume-bottles.com\/product\/30ml-50ml-100ml-fairyland-garden-perfume-bottle-manufacturer\/","url":"https:\/\/glass-perfume-bottles.com\/product\/30ml-50ml-100ml-fairyland-garden-perfume-bottle-manufacturer\/","name":"Fairyland Garden Perfume Bottle suppliers and wholesale","isPartOf":{"@id":"https:\/\/glass-perfume-bottles.com\/#website"},"primaryImageOfPage":{"@id":"https:\/\/glass-perfume-bottles.com\/product\/30ml-50ml-100ml-fairyland-garden-perfume-bottle-manufacturer\/#primaryimage"},"image":{"@id":"https:\/\/glass-perfume-bottles.com\/product\/30ml-50ml-100ml-fairyland-garden-perfume-bottle-manufacturer\/#primaryimage"},"thumbnailUrl":"https:\/\/glass-perfume-bottles.com\/wp-content\/uploads\/2025\/11\/perfume-bottle-1.jpg","datePublished":"2025-11-26T03:00:19+00:00","dateModified":"2025-11-26T06:59:34+00:00","description":"The Fairyland garden perfume bottle is created in collaboration with high white glass and we can custom your own brand glass perfume bottles.","breadcrumb":{"@id":"https:\/\/glass-perfume-bottles.com\/product\/30ml-50ml-100ml-fairyland-garden-perfume-bottle-manufacturer\/#breadcrumb"},"inLanguage":"es","potentialAction":[{"@type":"ReadAction","target":["https:\/\/glass-perfume-bottles.com\/product\/30ml-50ml-100ml-fairyland-garden-perfume-bottle-manufacturer\/"]}]},{"@type":"ImageObject","inLanguage":"es","@id":"https:\/\/glass-perfume-bottles.com\/product\/30ml-50ml-100ml-fairyland-garden-perfume-bottle-manufacturer\/#primaryimage","url":"https:\/\/glass-perfume-bottles.com\/wp-content\/uploads\/2025\/11\/perfume-bottle-1.jpg","contentUrl":"https:\/\/glass-perfume-bottles.com\/wp-content\/uploads\/2025\/11\/perfume-bottle-1.jpg","width":720,"height":720,"caption":"fairy perfume bottle van cleef and arpels, Empty refillable perfume bottle manufacturers, vertical stripe perfume bottle wholesale, Clear vertical stripes round perfume bottles suppliers, Luxury vertical striped fragrance bottle"},{"@type":"BreadcrumbList","@id":"https:\/\/glass-perfume-bottles.com\/product\/30ml-50ml-100ml-fairyland-garden-perfume-bottle-manufacturer\/#breadcrumb","itemListElement":[{"@type":"ListItem","position":1,"name":"Home","item":"https:\/\/glass-perfume-bottles.com\/"},{"@type":"ListItem","position":2,"name":"Product","item":"https:\/\/glass-perfume-bottles.com\/custom-made-perfume-bottle-suppliers-and-wholesale\/"},{"@type":"ListItem","position":3,"name":"Fairyland Garden Perfume Bottle"}]},{"@type":"WebSite","@id":"https:\/\/glass-perfume-bottles.com\/#website","url":"https:\/\/glass-perfume-bottles.com\/","name":"HY GLASS","description":"glass perfume bottle manufacturers &amp; suppliers, aroma reed diffuser bottle wholesale &amp; suppliers","publisher":{"@id":"https:\/\/glass-perfume-bottles.com\/#organization"},"potentialAction":[{"@type":"SearchAction","target":{"@type":"EntryPoint","urlTemplate":"https:\/\/glass-perfume-bottles.com\/?s={search_term_string}"},"query-input":{"@type":"PropertyValueSpecification","valueRequired":true,"valueName":"search_term_string"}}],"inLanguage":"es"},{"@type":"Organization","@id":"https:\/\/glass-perfume-bottles.com\/#organization","name":"HY GLASS","url":"https:\/\/glass-perfume-bottles.com\/","logo":{"@type":"ImageObject","inLanguage":"es","@id":"https:\/\/glass-perfume-bottles.com\/#\/schema\/logo\/image\/","url":"https:\/\/glass-perfume-bottles.com\/wp-content\/uploads\/2023\/09\/logo21.png","contentUrl":"https:\/\/glass-perfume-bottles.com\/wp-content\/uploads\/2023\/09\/logo21.png","width":342,"height":268,"caption":"HY GLASS"},"image":{"@id":"https:\/\/glass-perfume-bottles.com\/#\/schema\/logo\/image\/"}}]}},"taxonomy_info":{"product_cat":[{"value":51,"label":"Glass Perfume Bottle"}],"product_tag":[{"value":485,"label":"black perfume bottle manufacturer"},{"value":487,"label":"Glass bottle victor 50ml"},{"value":489,"label":"victor cosmetic rectangle bottle."},{"value":488,"label":"Victor design perfume bottles"},{"value":484,"label":"Victor Perfume bottle wholesale"},{"value":486,"label":"Viktor matt black perfume bottles price"}]},"featured_image_src_large":["https:\/\/glass-perfume-bottles.com\/wp-content\/uploads\/2025\/11\/perfume-bottle-1.jpg",720,720,false],"author_info":[],"comment_info":0,"_links":{"self":[{"href":"https:\/\/glass-perfume-bottles.com\/es\/wp-json\/wp\/v2\/product\/3138","targetHints":{"allow":["GET"]}}],"collection":[{"href":"https:\/\/glass-perfume-bottles.com\/es\/wp-json\/wp\/v2\/product"}],"about":[{"href":"https:\/\/glass-perfume-bottles.com\/es\/wp-json\/wp\/v2\/types\/product"}],"replies":[{"embeddable":true,"href":"https:\/\/glass-perfume-bottles.com\/es\/wp-json\/wp\/v2\/comments?post=3138"}],"wp:featuredmedia":[{"embeddable":true,"href":"https:\/\/glass-perfume-bottles.com\/es\/wp-json\/wp\/v2\/media\/3139"}],"wp:attachment":[{"href":"https:\/\/glass-perfume-bottles.com\/es\/wp-json\/wp\/v2\/media?parent=3138"}],"wp:term":[{"taxonomy":"product_brand","embeddable":true,"href":"https:\/\/glass-perfume-bottles.com\/es\/wp-json\/wp\/v2\/product_brand?post=3138"},{"taxonomy":"product_cat","embeddable":true,"href":"https:\/\/glass-perfume-bottles.com\/es\/wp-json\/wp\/v2\/product_cat?post=3138"},{"taxonomy":"product_tag","embeddable":true,"href":"https:\/\/glass-perfume-bottles.com\/es\/wp-json\/wp\/v2\/product_tag?post=3138"}],"curies":[{"name":"wp","href":"https:\/\/api.w.org\/{rel}","templated":true}]}}