{"id":3157,"date":"2026-01-10T14:08:14","date_gmt":"2026-01-10T14:08:14","guid":{"rendered":"https:\/\/glass-perfume-bottles.com\/?post_type=product&#038;p=3157"},"modified":"2026-01-10T14:20:49","modified_gmt":"2026-01-10T14:20:49","slug":"30ml-50ml-100ml-volcanic-base-perfume-bottle-manufacturer","status":"publish","type":"product","link":"https:\/\/glass-perfume-bottles.com\/es\/producto\/30ml-50ml-100ml-volcanic-base-perfume-bottle-manufacturer\/","title":{"rendered":"Fabricante de botellas de perfume de base volc\u00e1nica de 30 ml, 50 ml y 100 ml"},"content":{"rendered":"<table>\n<tbody>\n<tr>\n<td width=\"158\">Nombre del producto<\/td>\n<td width=\"591\">Frasco de perfume de base volc\u00e1nica<\/td>\n<\/tr>\n<tr>\n<td width=\"158\">Capacidad<\/td>\n<td width=\"591\">Boca de engarce (otros tama\u00f1os disponibles)<\/td>\n<\/tr>\n<tr>\n<td width=\"158\">Tama\u00f1o<\/td>\n<td width=\"591\">30 ml: 45 x 96 mm<\/p>\n<p>50 ml: 50 x 104 mm<\/p>\n<p>100 ml: 60 x 118 mm<\/td>\n<\/tr>\n<tr>\n<td width=\"158\">Peso<\/td>\n<td width=\"591\">30 ml: 150 g<\/p>\n<p>50 ml: 200 g<\/p>\n<p>100 ml: 300 g<\/td>\n<\/tr>\n<tr>\n<td width=\"158\">Material<\/td>\n<td width=\"591\">Cristal de vidrio blanco<\/td>\n<\/tr>\n<tr>\n<td width=\"158\">Color del cuerpo<\/td>\n<td width=\"591\">Transparente, rojo, negro, azul, esmerilado, verde, rosa o color personalizado.<\/td>\n<\/tr>\n<tr>\n<td width=\"158\">Manipulaci\u00f3n de superficies<\/td>\n<td width=\"591\">S\/S, H\/S, esmerilado, metalizado, flocado, hologr\u00e1fico, revestimiento de m\u00e1rmol, perlado, etc.<\/td>\n<\/tr>\n<tr>\n<td width=\"158\">Uso<\/td>\n<td width=\"591\">Embalaje de aceite de aromaterapia\/aceite esencial\/desodorante\/ambientador\/perfume\/suero\/aceite esencial\/t\u00f3nico<\/td>\n<\/tr>\n<tr>\n<td width=\"158\">Embalaje<\/td>\n<td width=\"591\">Exportaci\u00f3n de cart\u00f3n y luego palets de madera contrachapada.<\/td>\n<\/tr>\n<tr>\n<td width=\"158\">Cantidad m\u00ednima de pedido<\/td>\n<td width=\"591\">2000 piezas (ya que hay un dise\u00f1o personalizado)<\/td>\n<\/tr>\n<tr>\n<td width=\"158\">Muestra<\/td>\n<td width=\"591\">Muestra gratis, se necesita costo de env\u00edo.<\/td>\n<\/tr>\n<tr>\n<td width=\"158\">Transporte<\/td>\n<td width=\"591\">FedEx\/DHL\/EMS\/UPS\/TNT\/Por mar\/Por aire, etc.<\/td>\n<\/tr>\n<tr>\n<td width=\"158\">Forma de pago<\/td>\n<td width=\"591\">Transferencia bancaria, carta de cr\u00e9dito, Western Union, Money Gram, Paypal, etc.<\/td>\n<\/tr>\n<tr>\n<td width=\"158\">El tiempo de entrega<\/td>\n<td width=\"591\">Muestra 1-2 d\u00edas, pedido de producci\u00f3n 20-45 d\u00edas depende de los detalles del pedido.<\/td>\n<\/tr>\n<tr>\n<td width=\"158\">Servicio<\/td>\n<td width=\"591\">Servicio OEM y ODM, servicio de dise\u00f1o, soluci\u00f3n integral<\/td>\n<\/tr>\n<\/tbody>\n<\/table>\n<p>&nbsp;<\/p>\n<p><a href=\"https:\/\/www.hyglassbottles.com\/product\/50ml-Hexagonal-glass-perfume-bottle-wholesale-suppliers.html\">Frasco de perfume de base volc\u00e1nica<\/a> Fabricada en vidrio blanco cristalino espesado, la botella no se rompe f\u00e1cilmente, es ecol\u00f3gica y reciclable, y cuenta con un pico a presi\u00f3n para un llenado f\u00e1cil y un sello fuerte.<\/p>\n<p>Forma rectangular plana \u00fanica, la superficie acepta S\/S, H\/S personalizados, estampado en caliente, flocado, recubrimiento de color, recubrimiento de m\u00e1rmol, metalizado, recubrimiento hologr\u00e1fico, etc., es posible realizar peque\u00f1as cantidades.<\/p>\n<p>HY GLASS como profesional <a href=\"https:\/\/glass-perfume-bottles.com\/es\/luxury-50ml-square-fire-polish-perfume-bottle-supplier\/\">Botella de perfume de cristal<\/a> F\u00e1brica, produjo 2.000 tipos de botellas de perfume de vidrio con forma para el cliente,<\/p>\n<p>Tambi\u00e9n producimos botellas con capacidades de 30 ml, 50 ml y 100 ml y las personalizamos en cualquier forma y capacidad.<\/p>\n<p>Contamos con un equipo de dise\u00f1o profesional y un departamento de control de calidad estricto que controla la calidad del producto, asegur\u00e1ndose de que su producto estable de alta calidad se destaque entre la multitud.<\/p>","protected":false},"excerpt":{"rendered":"<p><a href=\"https:\/\/www.hyglassbottles.com\/product\/50ml-Hexagonal-glass-perfume-bottle-wholesale-suppliers.html\">Frasco de perfume de base volc\u00e1nica<\/a> Fabricada en vidrio blanco cristalino espesado, la botella no se rompe f\u00e1cilmente, es ecol\u00f3gica y reciclable, y cuenta con un pico a presi\u00f3n para un llenado f\u00e1cil y un sello fuerte.<\/p>","protected":false},"featured_media":3158,"comment_status":"open","ping_status":"closed","template":"","meta":{"_kad_blocks_custom_css":"","_kad_blocks_head_custom_js":"","_kad_blocks_body_custom_js":"","_kad_blocks_footer_custom_js":"","_kad_post_transparent":"default","_kad_post_title":"","_kad_post_layout":"default","_kad_post_sidebar_id":"","_kad_post_content_style":"default","_kad_post_vertical_padding":"default","_kad_post_feature":"","_kad_post_feature_position":"","_kad_post_header":false,"_kad_post_footer":false,"_joinchat":[]},"product_brand":[],"product_cat":[51],"product_tag":[498,156,496,495,358,497],"class_list":{"0":"post-3157","1":"product","2":"type-product","3":"status-publish","4":"has-post-thumbnail","6":"product_cat-glass-perfume-bottles","7":"product_tag-custom-perfume-bottle-design","8":"product_tag-luxury-perfume-bottle-supplier","9":"product_tag-oem-odm-perfume-bottle","10":"product_tag-perfume-bottles-vials","11":"product_tag-premium-perfume-bottle-portable","12":"product_tag-volcanic-base-perfume-bottle","14":"first","15":"instock","16":"shipping-taxable","17":"product-type-simple","18":"entry","19":"content-bg","20":"loop-entry"},"yoast_head":"<!-- This site is optimized with the Yoast SEO Premium plugin v20.5 (Yoast SEO v24.2) - https:\/\/yoast.com\/wordpress\/plugins\/seo\/ -->\n<title>30ml 50ml 100ml Volcanic base perfume bottle manufacturer<\/title>\n<meta name=\"description\" content=\"Volcanic base perfume bottle Made of crystal white thickened glass, the bottle is not easily broken\" \/>\n<meta name=\"robots\" content=\"index, follow, max-snippet:-1, max-image-preview:large, max-video-preview:-1\" \/>\n<link rel=\"canonical\" href=\"https:\/\/glass-perfume-bottles.com\/es\/producto\/30ml-50ml-100ml-volcanic-base-perfume-bottle-manufacturer\/\" \/>\n<meta property=\"og:locale\" content=\"es_ES\" \/>\n<meta property=\"og:type\" content=\"article\" \/>\n<meta property=\"og:title\" content=\"30ml 50ml 100ml Volcanic base perfume bottle manufacturer\" \/>\n<meta property=\"og:description\" content=\"Volcanic base perfume bottle Made of crystal white thickened glass, the bottle is not easily broken\" \/>\n<meta property=\"og:url\" content=\"https:\/\/glass-perfume-bottles.com\/es\/producto\/30ml-50ml-100ml-volcanic-base-perfume-bottle-manufacturer\/\" \/>\n<meta property=\"og:site_name\" content=\"HY GLASS\" \/>\n<meta property=\"article:modified_time\" content=\"2026-01-10T14:20:49+00:00\" \/>\n<meta property=\"og:image\" content=\"https:\/\/glass-perfume-bottles.com\/wp-content\/uploads\/2026\/01\/30ml-50ml-100ml-Glass-perfume-bottle.jpg\" \/>\n\t<meta property=\"og:image:width\" content=\"720\" \/>\n\t<meta property=\"og:image:height\" content=\"720\" \/>\n\t<meta property=\"og:image:type\" content=\"image\/jpeg\" \/>\n<meta name=\"twitter:card\" content=\"summary_large_image\" \/>\n<meta name=\"twitter:label1\" content=\"Tiempo de lectura\" \/>\n\t<meta name=\"twitter:data1\" content=\"2 minutos\" \/>\n<script type=\"application\/ld+json\" class=\"yoast-schema-graph\">{\"@context\":\"https:\/\/schema.org\",\"@graph\":[{\"@type\":\"WebPage\",\"@id\":\"https:\/\/glass-perfume-bottles.com\/product\/30ml-50ml-100ml-volcanic-base-perfume-bottle-manufacturer\/\",\"url\":\"https:\/\/glass-perfume-bottles.com\/product\/30ml-50ml-100ml-volcanic-base-perfume-bottle-manufacturer\/\",\"name\":\"30ml 50ml 100ml Volcanic base perfume bottle manufacturer\",\"isPartOf\":{\"@id\":\"https:\/\/glass-perfume-bottles.com\/#website\"},\"primaryImageOfPage\":{\"@id\":\"https:\/\/glass-perfume-bottles.com\/product\/30ml-50ml-100ml-volcanic-base-perfume-bottle-manufacturer\/#primaryimage\"},\"image\":{\"@id\":\"https:\/\/glass-perfume-bottles.com\/product\/30ml-50ml-100ml-volcanic-base-perfume-bottle-manufacturer\/#primaryimage\"},\"thumbnailUrl\":\"https:\/\/glass-perfume-bottles.com\/wp-content\/uploads\/2026\/01\/30ml-50ml-100ml-Glass-perfume-bottle.jpg\",\"datePublished\":\"2026-01-10T14:08:14+00:00\",\"dateModified\":\"2026-01-10T14:20:49+00:00\",\"description\":\"Volcanic base perfume bottle Made of crystal white thickened glass, the bottle is not easily broken\",\"breadcrumb\":{\"@id\":\"https:\/\/glass-perfume-bottles.com\/product\/30ml-50ml-100ml-volcanic-base-perfume-bottle-manufacturer\/#breadcrumb\"},\"inLanguage\":\"es\",\"potentialAction\":[{\"@type\":\"ReadAction\",\"target\":[\"https:\/\/glass-perfume-bottles.com\/product\/30ml-50ml-100ml-volcanic-base-perfume-bottle-manufacturer\/\"]}]},{\"@type\":\"ImageObject\",\"inLanguage\":\"es\",\"@id\":\"https:\/\/glass-perfume-bottles.com\/product\/30ml-50ml-100ml-volcanic-base-perfume-bottle-manufacturer\/#primaryimage\",\"url\":\"https:\/\/glass-perfume-bottles.com\/wp-content\/uploads\/2026\/01\/30ml-50ml-100ml-Glass-perfume-bottle.jpg\",\"contentUrl\":\"https:\/\/glass-perfume-bottles.com\/wp-content\/uploads\/2026\/01\/30ml-50ml-100ml-Glass-perfume-bottle.jpg\",\"width\":720,\"height\":720,\"caption\":\"Volcanic base perfume bottle Made of crystal white thickened glass, the bottle is not easily broken, is environmentally friendly and recyclable, and features a snap-on spout for easy filling and a strong seal.\"},{\"@type\":\"BreadcrumbList\",\"@id\":\"https:\/\/glass-perfume-bottles.com\/product\/30ml-50ml-100ml-volcanic-base-perfume-bottle-manufacturer\/#breadcrumb\",\"itemListElement\":[{\"@type\":\"ListItem\",\"position\":1,\"name\":\"Home\",\"item\":\"https:\/\/glass-perfume-bottles.com\/\"},{\"@type\":\"ListItem\",\"position\":2,\"name\":\"Product\",\"item\":\"https:\/\/glass-perfume-bottles.com\/custom-made-perfume-bottle-suppliers-and-wholesale\/\"},{\"@type\":\"ListItem\",\"position\":3,\"name\":\"30ml 50ml 100ml Volcanic base perfume bottle manufacturer\"}]},{\"@type\":\"WebSite\",\"@id\":\"https:\/\/glass-perfume-bottles.com\/#website\",\"url\":\"https:\/\/glass-perfume-bottles.com\/\",\"name\":\"HY GLASS\",\"description\":\"glass perfume bottle manufacturers &amp; suppliers, aroma reed diffuser bottle wholesale &amp; suppliers\",\"publisher\":{\"@id\":\"https:\/\/glass-perfume-bottles.com\/#organization\"},\"potentialAction\":[{\"@type\":\"SearchAction\",\"target\":{\"@type\":\"EntryPoint\",\"urlTemplate\":\"https:\/\/glass-perfume-bottles.com\/?s={search_term_string}\"},\"query-input\":{\"@type\":\"PropertyValueSpecification\",\"valueRequired\":true,\"valueName\":\"search_term_string\"}}],\"inLanguage\":\"es\"},{\"@type\":\"Organization\",\"@id\":\"https:\/\/glass-perfume-bottles.com\/#organization\",\"name\":\"HY GLASS\",\"url\":\"https:\/\/glass-perfume-bottles.com\/\",\"logo\":{\"@type\":\"ImageObject\",\"inLanguage\":\"es\",\"@id\":\"https:\/\/glass-perfume-bottles.com\/#\/schema\/logo\/image\/\",\"url\":\"https:\/\/glass-perfume-bottles.com\/wp-content\/uploads\/2023\/09\/logo21.png\",\"contentUrl\":\"https:\/\/glass-perfume-bottles.com\/wp-content\/uploads\/2023\/09\/logo21.png\",\"width\":342,\"height\":268,\"caption\":\"HY GLASS\"},\"image\":{\"@id\":\"https:\/\/glass-perfume-bottles.com\/#\/schema\/logo\/image\/\"}}]}<\/script>\n<!-- \/ Yoast SEO Premium plugin. -->","yoast_head_json":{"title":"30ml 50ml 100ml Volcanic base perfume bottle manufacturer","description":"Volcanic base perfume bottle Made of crystal white thickened glass, the bottle is not easily broken","robots":{"index":"index","follow":"follow","max-snippet":"max-snippet:-1","max-image-preview":"max-image-preview:large","max-video-preview":"max-video-preview:-1"},"canonical":"https:\/\/glass-perfume-bottles.com\/es\/producto\/30ml-50ml-100ml-volcanic-base-perfume-bottle-manufacturer\/","og_locale":"es_ES","og_type":"article","og_title":"30ml 50ml 100ml Volcanic base perfume bottle manufacturer","og_description":"Volcanic base perfume bottle Made of crystal white thickened glass, the bottle is not easily broken","og_url":"https:\/\/glass-perfume-bottles.com\/es\/producto\/30ml-50ml-100ml-volcanic-base-perfume-bottle-manufacturer\/","og_site_name":"HY GLASS","article_modified_time":"2026-01-10T14:20:49+00:00","og_image":[{"width":720,"height":720,"url":"https:\/\/glass-perfume-bottles.com\/wp-content\/uploads\/2026\/01\/30ml-50ml-100ml-Glass-perfume-bottle.jpg","type":"image\/jpeg"}],"twitter_card":"summary_large_image","twitter_misc":{"Tiempo de lectura":"2 minutos"},"schema":{"@context":"https:\/\/schema.org","@graph":[{"@type":"WebPage","@id":"https:\/\/glass-perfume-bottles.com\/product\/30ml-50ml-100ml-volcanic-base-perfume-bottle-manufacturer\/","url":"https:\/\/glass-perfume-bottles.com\/product\/30ml-50ml-100ml-volcanic-base-perfume-bottle-manufacturer\/","name":"30ml 50ml 100ml Volcanic base perfume bottle manufacturer","isPartOf":{"@id":"https:\/\/glass-perfume-bottles.com\/#website"},"primaryImageOfPage":{"@id":"https:\/\/glass-perfume-bottles.com\/product\/30ml-50ml-100ml-volcanic-base-perfume-bottle-manufacturer\/#primaryimage"},"image":{"@id":"https:\/\/glass-perfume-bottles.com\/product\/30ml-50ml-100ml-volcanic-base-perfume-bottle-manufacturer\/#primaryimage"},"thumbnailUrl":"https:\/\/glass-perfume-bottles.com\/wp-content\/uploads\/2026\/01\/30ml-50ml-100ml-Glass-perfume-bottle.jpg","datePublished":"2026-01-10T14:08:14+00:00","dateModified":"2026-01-10T14:20:49+00:00","description":"Volcanic base perfume bottle Made of crystal white thickened glass, the bottle is not easily broken","breadcrumb":{"@id":"https:\/\/glass-perfume-bottles.com\/product\/30ml-50ml-100ml-volcanic-base-perfume-bottle-manufacturer\/#breadcrumb"},"inLanguage":"es","potentialAction":[{"@type":"ReadAction","target":["https:\/\/glass-perfume-bottles.com\/product\/30ml-50ml-100ml-volcanic-base-perfume-bottle-manufacturer\/"]}]},{"@type":"ImageObject","inLanguage":"es","@id":"https:\/\/glass-perfume-bottles.com\/product\/30ml-50ml-100ml-volcanic-base-perfume-bottle-manufacturer\/#primaryimage","url":"https:\/\/glass-perfume-bottles.com\/wp-content\/uploads\/2026\/01\/30ml-50ml-100ml-Glass-perfume-bottle.jpg","contentUrl":"https:\/\/glass-perfume-bottles.com\/wp-content\/uploads\/2026\/01\/30ml-50ml-100ml-Glass-perfume-bottle.jpg","width":720,"height":720,"caption":"Volcanic base perfume bottle Made of crystal white thickened glass, the bottle is not easily broken, is environmentally friendly and recyclable, and features a snap-on spout for easy filling and a strong seal."},{"@type":"BreadcrumbList","@id":"https:\/\/glass-perfume-bottles.com\/product\/30ml-50ml-100ml-volcanic-base-perfume-bottle-manufacturer\/#breadcrumb","itemListElement":[{"@type":"ListItem","position":1,"name":"Home","item":"https:\/\/glass-perfume-bottles.com\/"},{"@type":"ListItem","position":2,"name":"Product","item":"https:\/\/glass-perfume-bottles.com\/custom-made-perfume-bottle-suppliers-and-wholesale\/"},{"@type":"ListItem","position":3,"name":"30ml 50ml 100ml Volcanic base perfume bottle manufacturer"}]},{"@type":"WebSite","@id":"https:\/\/glass-perfume-bottles.com\/#website","url":"https:\/\/glass-perfume-bottles.com\/","name":"HY GLASS","description":"glass perfume bottle manufacturers &amp; suppliers, aroma reed diffuser bottle wholesale &amp; suppliers","publisher":{"@id":"https:\/\/glass-perfume-bottles.com\/#organization"},"potentialAction":[{"@type":"SearchAction","target":{"@type":"EntryPoint","urlTemplate":"https:\/\/glass-perfume-bottles.com\/?s={search_term_string}"},"query-input":{"@type":"PropertyValueSpecification","valueRequired":true,"valueName":"search_term_string"}}],"inLanguage":"es"},{"@type":"Organization","@id":"https:\/\/glass-perfume-bottles.com\/#organization","name":"HY GLASS","url":"https:\/\/glass-perfume-bottles.com\/","logo":{"@type":"ImageObject","inLanguage":"es","@id":"https:\/\/glass-perfume-bottles.com\/#\/schema\/logo\/image\/","url":"https:\/\/glass-perfume-bottles.com\/wp-content\/uploads\/2023\/09\/logo21.png","contentUrl":"https:\/\/glass-perfume-bottles.com\/wp-content\/uploads\/2023\/09\/logo21.png","width":342,"height":268,"caption":"HY GLASS"},"image":{"@id":"https:\/\/glass-perfume-bottles.com\/#\/schema\/logo\/image\/"}}]}},"taxonomy_info":{"product_cat":[{"value":51,"label":"Glass Perfume Bottle"}],"product_tag":[{"value":498,"label":"Custom Perfume Bottle Design"},{"value":156,"label":"Luxury perfume bottle supplier"},{"value":496,"label":"OEM ODM Perfume Bottle"},{"value":495,"label":"perfume bottles &amp; vials"},{"value":358,"label":"Premium Perfume Bottle Portable"},{"value":497,"label":"Volcanic base perfume bottle"}]},"featured_image_src_large":["https:\/\/glass-perfume-bottles.com\/wp-content\/uploads\/2026\/01\/30ml-50ml-100ml-Glass-perfume-bottle.jpg",720,720,false],"author_info":[],"comment_info":0,"_links":{"self":[{"href":"https:\/\/glass-perfume-bottles.com\/es\/wp-json\/wp\/v2\/product\/3157","targetHints":{"allow":["GET"]}}],"collection":[{"href":"https:\/\/glass-perfume-bottles.com\/es\/wp-json\/wp\/v2\/product"}],"about":[{"href":"https:\/\/glass-perfume-bottles.com\/es\/wp-json\/wp\/v2\/types\/product"}],"replies":[{"embeddable":true,"href":"https:\/\/glass-perfume-bottles.com\/es\/wp-json\/wp\/v2\/comments?post=3157"}],"wp:featuredmedia":[{"embeddable":true,"href":"https:\/\/glass-perfume-bottles.com\/es\/wp-json\/wp\/v2\/media\/3158"}],"wp:attachment":[{"href":"https:\/\/glass-perfume-bottles.com\/es\/wp-json\/wp\/v2\/media?parent=3157"}],"wp:term":[{"taxonomy":"product_brand","embeddable":true,"href":"https:\/\/glass-perfume-bottles.com\/es\/wp-json\/wp\/v2\/product_brand?post=3157"},{"taxonomy":"product_cat","embeddable":true,"href":"https:\/\/glass-perfume-bottles.com\/es\/wp-json\/wp\/v2\/product_cat?post=3157"},{"taxonomy":"product_tag","embeddable":true,"href":"https:\/\/glass-perfume-bottles.com\/es\/wp-json\/wp\/v2\/product_tag?post=3157"}],"curies":[{"name":"wp","href":"https:\/\/api.w.org\/{rel}","templated":true}]}}