{"id":3159,"date":"2026-01-10T14:24:44","date_gmt":"2026-01-10T14:24:44","guid":{"rendered":"https:\/\/glass-perfume-bottles.com\/?post_type=product&#038;p=3159"},"modified":"2026-01-10T15:00:00","modified_gmt":"2026-01-10T15:00:00","slug":"customize-50ml-square-scent-perfume-bottle-with-ball-lid","status":"publish","type":"product","link":"https:\/\/glass-perfume-bottles.com\/es\/producto\/customize-50ml-square-scent-perfume-bottle-with-ball-lid\/","title":{"rendered":"Botella de perfume cuadrada personalizada de 50 ml con tapa esf\u00e9rica."},"content":{"rendered":"<table>\n<tbody>\n<tr>\n<td width=\"158\">Nombre del producto<\/td>\n<td width=\"591\">Botella de perfume cuadrada con tapa esf\u00e9rica<\/td>\n<\/tr>\n<tr>\n<td width=\"158\">Capacidad<\/td>\n<td width=\"591\">50 ml o personalice otro tama\u00f1o disponible<\/td>\n<\/tr>\n<tr>\n<td width=\"158\">Tama\u00f1o<\/td>\n<td width=\"591\">50 ml: 51 \u00d7 51 x 84 mm<\/td>\n<\/tr>\n<tr>\n<td width=\"158\">Forma<\/td>\n<td width=\"591\">Cubo cuadrado o personalizar otra forma,<\/td>\n<\/tr>\n<tr>\n<td width=\"158\">Material<\/td>\n<td width=\"591\">Cristal de vidrio blanco<\/td>\n<\/tr>\n<tr>\n<td width=\"158\">Color del cuerpo<\/td>\n<td width=\"591\">Transparente, \u00e1mbar, esmerilado, \u00e1mbar, rojo, negro, azul, esmerilado, verde, amarillo, rosa o color personalizado o color personalizado<\/td>\n<\/tr>\n<tr>\n<td width=\"158\">Manipulaci\u00f3n de superficies<\/td>\n<td width=\"591\">Serigraf\u00eda, estampaci\u00f3n en caliente, esmerilado, metalizado, flocado, hologr\u00e1fico, revestimiento de m\u00e1rmol, etc.<\/td>\n<\/tr>\n<tr>\n<td width=\"158\">Uso<\/td>\n<td width=\"591\">\u00a0Embalaje de aceite de aromaterapia\/aceite esencial\/desodorante\/ambientador, etc.<\/td>\n<\/tr>\n<tr>\n<td width=\"158\">Embalaje<\/td>\n<td width=\"591\">Exportaci\u00f3n de cart\u00f3n y luego palets de madera contrachapada.<\/td>\n<\/tr>\n<tr>\n<td width=\"158\">Cantidad m\u00ednima de pedido<\/td>\n<td width=\"591\">2000 piezas (ya que hay un dise\u00f1o personalizado)<\/td>\n<\/tr>\n<tr>\n<td width=\"158\">Muestra<\/td>\n<td width=\"591\">Muestra gratis, se necesita costo de env\u00edo.<\/td>\n<\/tr>\n<tr>\n<td width=\"158\">Transporte<\/td>\n<td width=\"591\">FedEx\/DHL\/EMS\/UPS\/TNT\/Por mar\/Por aire, etc.<\/td>\n<\/tr>\n<tr>\n<td width=\"158\">Forma de pago<\/td>\n<td width=\"591\">Transferencia bancaria, carta de cr\u00e9dito, Western Union, Money Gram, Paypal, etc.<\/td>\n<\/tr>\n<tr>\n<td width=\"158\">El tiempo de entrega<\/td>\n<td width=\"591\">Muestra 1-2 d\u00edas, pedido de producci\u00f3n 20-45 d\u00edas depende de los detalles del pedido.<\/td>\n<\/tr>\n<tr>\n<td width=\"158\">Servicio<\/td>\n<td width=\"591\">Servicio OEM y ODM, servicio de dise\u00f1o, soluci\u00f3n integral<\/td>\n<\/tr>\n<\/tbody>\n<\/table>\n<p>&nbsp;<\/p>\n<p>Botella de perfume cuadrada hecha de material de vidrio blanco cristalino, que tiene alta calidad y transparencia.<\/p>\n<p>Forma de cubo \u00fanica y varios colores, acepta aroma personalizado. <a href=\"https:\/\/glass-perfume-bottles.com\/es\/producto\/120ml-cylinder-aroma-reed-diffuser-bottle-with-ash-cap\/\">Botella difusora de ca\u00f1a<\/a>\u00a0 proceso de recubrimiento, esmerilado, recubrimiento de m\u00e1rmol, flocado, etc.<\/p>\n<p>Tambi\u00e9n podemos suministrar diferentes<a href=\"https:\/\/www.hyglassbottles.com\/product\/150ml-High-appearance-square-reed-diffuser-bottle-with-fiber-stick.html\"> Botella de vidrio<\/a> Paquetes como cajas de diferentes tama\u00f1os y materiales, como papel Kraft, cart\u00f3n, papel para arte, cart\u00f3n corrugado, papel estucado, etc., y cajas de perfume impresas con diferentes tecnolog\u00edas.<\/p>\n<p>Bienvenido env\u00edenos su consulta, tenemos una l\u00ednea de producci\u00f3n profesional y un equipo de dise\u00f1o, podemos brindar un servicio de primer nivel y un producto estable para el cliente, lo esperamos.<\/p>","protected":false},"excerpt":{"rendered":"<p>Botella de perfume con aroma cuadrado hecha de material de vidrio blanco cristalino, que tiene alta calidad y transparencia, forma de cubo \u00fanica y varios colores, acepta aroma personalizado <a href=\"https:\/\/glass-perfume-bottles.com\/es\/producto\/120ml-cylinder-aroma-reed-diffuser-bottle-with-ash-cap\/\">Botella difusora de ca\u00f1a<\/a>\u00a0 proceso de recubrimiento, esmerilado, recubrimiento de m\u00e1rmol, flocado, etc.<\/p>\n<div class=\"trans-voice-container\">\n<div class=\"voicePlayer hover-with-background\" data-v-a0732b1e=\"\"><\/div>\n<\/div>","protected":false},"featured_media":3160,"comment_status":"open","ping_status":"closed","template":"","meta":{"_kad_blocks_custom_css":"","_kad_blocks_head_custom_js":"","_kad_blocks_body_custom_js":"","_kad_blocks_footer_custom_js":"","_kad_post_transparent":"default","_kad_post_title":"","_kad_post_layout":"default","_kad_post_sidebar_id":"","_kad_post_content_style":"default","_kad_post_vertical_padding":"default","_kad_post_feature":"","_kad_post_feature_position":"","_kad_post_header":false,"_kad_post_footer":false,"_joinchat":[]},"product_brand":[],"product_cat":[51],"product_tag":[500,503,502,504,499,501],"class_list":{"0":"post-3159","1":"product","2":"type-product","3":"status-publish","4":"has-post-thumbnail","6":"product_cat-glass-perfume-bottles","7":"product_tag-cube-perfume-bottle-supplier","8":"product_tag-fragrance-bottle-manufacturers","9":"product_tag-mini-perfume-bottle","10":"product_tag-perfume-glass-bottles","11":"product_tag-square-scent-perfume-bottle-manufacturer","12":"product_tag-wholesale-scent-perfume-bottle","14":"first","15":"instock","16":"shipping-taxable","17":"product-type-simple","18":"entry","19":"content-bg","20":"loop-entry"},"yoast_head":"<!-- This site is optimized with the Yoast SEO Premium plugin v20.5 (Yoast SEO v24.2) - https:\/\/yoast.com\/wordpress\/plugins\/seo\/ -->\n<title>50ml square scent perfume bottle with ball lid<\/title>\n<meta name=\"description\" content=\"Customize 50ml square scent perfume bottle made of crystal white glass\uff0cwelcome to send us your idea\uff0cwe will turn your ideas into reality\" \/>\n<meta name=\"robots\" content=\"index, follow, max-snippet:-1, max-image-preview:large, max-video-preview:-1\" \/>\n<link rel=\"canonical\" href=\"https:\/\/glass-perfume-bottles.com\/es\/producto\/customize-50ml-square-scent-perfume-bottle-with-ball-lid\/\" \/>\n<meta property=\"og:locale\" content=\"es_ES\" \/>\n<meta property=\"og:type\" content=\"article\" \/>\n<meta property=\"og:title\" content=\"Customize 50ml square scent perfume bottle with ball lid\" \/>\n<meta property=\"og:description\" content=\"Customize 50ml square scent perfume bottle made of crystal white glass\uff0cwelcome to send us your idea\uff0cwe will turn your ideas into reality\" \/>\n<meta property=\"og:url\" content=\"https:\/\/glass-perfume-bottles.com\/es\/producto\/customize-50ml-square-scent-perfume-bottle-with-ball-lid\/\" \/>\n<meta property=\"og:site_name\" content=\"HY GLASS\" \/>\n<meta property=\"article:modified_time\" content=\"2026-01-10T15:00:00+00:00\" \/>\n<meta property=\"og:image\" content=\"https:\/\/glass-perfume-bottles.com\/wp-content\/uploads\/2026\/01\/Customize-50ml-square-scent-perfume-bottle-with-ball-lid.jpg\" \/>\n\t<meta property=\"og:image:width\" content=\"720\" \/>\n\t<meta property=\"og:image:height\" content=\"720\" \/>\n\t<meta property=\"og:image:type\" content=\"image\/jpeg\" \/>\n<meta name=\"twitter:card\" content=\"summary_large_image\" \/>\n<meta name=\"twitter:label1\" content=\"Tiempo de lectura\" \/>\n\t<meta name=\"twitter:data1\" content=\"2 minutos\" \/>\n<script type=\"application\/ld+json\" class=\"yoast-schema-graph\">{\"@context\":\"https:\/\/schema.org\",\"@graph\":[{\"@type\":\"WebPage\",\"@id\":\"https:\/\/glass-perfume-bottles.com\/product\/customize-50ml-square-scent-perfume-bottle-with-ball-lid\/\",\"url\":\"https:\/\/glass-perfume-bottles.com\/product\/customize-50ml-square-scent-perfume-bottle-with-ball-lid\/\",\"name\":\"50ml square scent perfume bottle with ball lid\",\"isPartOf\":{\"@id\":\"https:\/\/glass-perfume-bottles.com\/#website\"},\"primaryImageOfPage\":{\"@id\":\"https:\/\/glass-perfume-bottles.com\/product\/customize-50ml-square-scent-perfume-bottle-with-ball-lid\/#primaryimage\"},\"image\":{\"@id\":\"https:\/\/glass-perfume-bottles.com\/product\/customize-50ml-square-scent-perfume-bottle-with-ball-lid\/#primaryimage\"},\"thumbnailUrl\":\"https:\/\/glass-perfume-bottles.com\/wp-content\/uploads\/2026\/01\/Customize-50ml-square-scent-perfume-bottle-with-ball-lid.jpg\",\"datePublished\":\"2026-01-10T14:24:44+00:00\",\"dateModified\":\"2026-01-10T15:00:00+00:00\",\"description\":\"Customize 50ml square scent perfume bottle made of crystal white glass\uff0cwelcome to send us your idea\uff0cwe will turn your ideas into reality\",\"breadcrumb\":{\"@id\":\"https:\/\/glass-perfume-bottles.com\/product\/customize-50ml-square-scent-perfume-bottle-with-ball-lid\/#breadcrumb\"},\"inLanguage\":\"es\",\"potentialAction\":[{\"@type\":\"ReadAction\",\"target\":[\"https:\/\/glass-perfume-bottles.com\/product\/customize-50ml-square-scent-perfume-bottle-with-ball-lid\/\"]}]},{\"@type\":\"ImageObject\",\"inLanguage\":\"es\",\"@id\":\"https:\/\/glass-perfume-bottles.com\/product\/customize-50ml-square-scent-perfume-bottle-with-ball-lid\/#primaryimage\",\"url\":\"https:\/\/glass-perfume-bottles.com\/wp-content\/uploads\/2026\/01\/Customize-50ml-square-scent-perfume-bottle-with-ball-lid.jpg\",\"contentUrl\":\"https:\/\/glass-perfume-bottles.com\/wp-content\/uploads\/2026\/01\/Customize-50ml-square-scent-perfume-bottle-with-ball-lid.jpg\",\"width\":720,\"height\":720,\"caption\":\"Customize 50ml square scent perfume bottle with ball lid\"},{\"@type\":\"BreadcrumbList\",\"@id\":\"https:\/\/glass-perfume-bottles.com\/product\/customize-50ml-square-scent-perfume-bottle-with-ball-lid\/#breadcrumb\",\"itemListElement\":[{\"@type\":\"ListItem\",\"position\":1,\"name\":\"Home\",\"item\":\"https:\/\/glass-perfume-bottles.com\/\"},{\"@type\":\"ListItem\",\"position\":2,\"name\":\"Product\",\"item\":\"https:\/\/glass-perfume-bottles.com\/custom-made-perfume-bottle-suppliers-and-wholesale\/\"},{\"@type\":\"ListItem\",\"position\":3,\"name\":\"Customize 50ml square scent perfume bottle with ball lid\"}]},{\"@type\":\"WebSite\",\"@id\":\"https:\/\/glass-perfume-bottles.com\/#website\",\"url\":\"https:\/\/glass-perfume-bottles.com\/\",\"name\":\"HY GLASS\",\"description\":\"glass perfume bottle manufacturers &amp; suppliers, aroma reed diffuser bottle wholesale &amp; suppliers\",\"publisher\":{\"@id\":\"https:\/\/glass-perfume-bottles.com\/#organization\"},\"potentialAction\":[{\"@type\":\"SearchAction\",\"target\":{\"@type\":\"EntryPoint\",\"urlTemplate\":\"https:\/\/glass-perfume-bottles.com\/?s={search_term_string}\"},\"query-input\":{\"@type\":\"PropertyValueSpecification\",\"valueRequired\":true,\"valueName\":\"search_term_string\"}}],\"inLanguage\":\"es\"},{\"@type\":\"Organization\",\"@id\":\"https:\/\/glass-perfume-bottles.com\/#organization\",\"name\":\"HY GLASS\",\"url\":\"https:\/\/glass-perfume-bottles.com\/\",\"logo\":{\"@type\":\"ImageObject\",\"inLanguage\":\"es\",\"@id\":\"https:\/\/glass-perfume-bottles.com\/#\/schema\/logo\/image\/\",\"url\":\"https:\/\/glass-perfume-bottles.com\/wp-content\/uploads\/2023\/09\/logo21.png\",\"contentUrl\":\"https:\/\/glass-perfume-bottles.com\/wp-content\/uploads\/2023\/09\/logo21.png\",\"width\":342,\"height\":268,\"caption\":\"HY GLASS\"},\"image\":{\"@id\":\"https:\/\/glass-perfume-bottles.com\/#\/schema\/logo\/image\/\"}}]}<\/script>\n<!-- \/ Yoast SEO Premium plugin. -->","yoast_head_json":{"title":"50ml square scent perfume bottle with ball lid","description":"Customize 50ml square scent perfume bottle made of crystal white glass\uff0cwelcome to send us your idea\uff0cwe will turn your ideas into reality","robots":{"index":"index","follow":"follow","max-snippet":"max-snippet:-1","max-image-preview":"max-image-preview:large","max-video-preview":"max-video-preview:-1"},"canonical":"https:\/\/glass-perfume-bottles.com\/es\/producto\/customize-50ml-square-scent-perfume-bottle-with-ball-lid\/","og_locale":"es_ES","og_type":"article","og_title":"Customize 50ml square scent perfume bottle with ball lid","og_description":"Customize 50ml square scent perfume bottle made of crystal white glass\uff0cwelcome to send us your idea\uff0cwe will turn your ideas into reality","og_url":"https:\/\/glass-perfume-bottles.com\/es\/producto\/customize-50ml-square-scent-perfume-bottle-with-ball-lid\/","og_site_name":"HY GLASS","article_modified_time":"2026-01-10T15:00:00+00:00","og_image":[{"width":720,"height":720,"url":"https:\/\/glass-perfume-bottles.com\/wp-content\/uploads\/2026\/01\/Customize-50ml-square-scent-perfume-bottle-with-ball-lid.jpg","type":"image\/jpeg"}],"twitter_card":"summary_large_image","twitter_misc":{"Tiempo de lectura":"2 minutos"},"schema":{"@context":"https:\/\/schema.org","@graph":[{"@type":"WebPage","@id":"https:\/\/glass-perfume-bottles.com\/product\/customize-50ml-square-scent-perfume-bottle-with-ball-lid\/","url":"https:\/\/glass-perfume-bottles.com\/product\/customize-50ml-square-scent-perfume-bottle-with-ball-lid\/","name":"50ml square scent perfume bottle with ball lid","isPartOf":{"@id":"https:\/\/glass-perfume-bottles.com\/#website"},"primaryImageOfPage":{"@id":"https:\/\/glass-perfume-bottles.com\/product\/customize-50ml-square-scent-perfume-bottle-with-ball-lid\/#primaryimage"},"image":{"@id":"https:\/\/glass-perfume-bottles.com\/product\/customize-50ml-square-scent-perfume-bottle-with-ball-lid\/#primaryimage"},"thumbnailUrl":"https:\/\/glass-perfume-bottles.com\/wp-content\/uploads\/2026\/01\/Customize-50ml-square-scent-perfume-bottle-with-ball-lid.jpg","datePublished":"2026-01-10T14:24:44+00:00","dateModified":"2026-01-10T15:00:00+00:00","description":"Customize 50ml square scent perfume bottle made of crystal white glass\uff0cwelcome to send us your idea\uff0cwe will turn your ideas into reality","breadcrumb":{"@id":"https:\/\/glass-perfume-bottles.com\/product\/customize-50ml-square-scent-perfume-bottle-with-ball-lid\/#breadcrumb"},"inLanguage":"es","potentialAction":[{"@type":"ReadAction","target":["https:\/\/glass-perfume-bottles.com\/product\/customize-50ml-square-scent-perfume-bottle-with-ball-lid\/"]}]},{"@type":"ImageObject","inLanguage":"es","@id":"https:\/\/glass-perfume-bottles.com\/product\/customize-50ml-square-scent-perfume-bottle-with-ball-lid\/#primaryimage","url":"https:\/\/glass-perfume-bottles.com\/wp-content\/uploads\/2026\/01\/Customize-50ml-square-scent-perfume-bottle-with-ball-lid.jpg","contentUrl":"https:\/\/glass-perfume-bottles.com\/wp-content\/uploads\/2026\/01\/Customize-50ml-square-scent-perfume-bottle-with-ball-lid.jpg","width":720,"height":720,"caption":"Customize 50ml square scent perfume bottle with ball lid"},{"@type":"BreadcrumbList","@id":"https:\/\/glass-perfume-bottles.com\/product\/customize-50ml-square-scent-perfume-bottle-with-ball-lid\/#breadcrumb","itemListElement":[{"@type":"ListItem","position":1,"name":"Home","item":"https:\/\/glass-perfume-bottles.com\/"},{"@type":"ListItem","position":2,"name":"Product","item":"https:\/\/glass-perfume-bottles.com\/custom-made-perfume-bottle-suppliers-and-wholesale\/"},{"@type":"ListItem","position":3,"name":"Customize 50ml square scent perfume bottle with ball lid"}]},{"@type":"WebSite","@id":"https:\/\/glass-perfume-bottles.com\/#website","url":"https:\/\/glass-perfume-bottles.com\/","name":"HY GLASS","description":"glass perfume bottle manufacturers &amp; suppliers, aroma reed diffuser bottle wholesale &amp; suppliers","publisher":{"@id":"https:\/\/glass-perfume-bottles.com\/#organization"},"potentialAction":[{"@type":"SearchAction","target":{"@type":"EntryPoint","urlTemplate":"https:\/\/glass-perfume-bottles.com\/?s={search_term_string}"},"query-input":{"@type":"PropertyValueSpecification","valueRequired":true,"valueName":"search_term_string"}}],"inLanguage":"es"},{"@type":"Organization","@id":"https:\/\/glass-perfume-bottles.com\/#organization","name":"HY GLASS","url":"https:\/\/glass-perfume-bottles.com\/","logo":{"@type":"ImageObject","inLanguage":"es","@id":"https:\/\/glass-perfume-bottles.com\/#\/schema\/logo\/image\/","url":"https:\/\/glass-perfume-bottles.com\/wp-content\/uploads\/2023\/09\/logo21.png","contentUrl":"https:\/\/glass-perfume-bottles.com\/wp-content\/uploads\/2023\/09\/logo21.png","width":342,"height":268,"caption":"HY GLASS"},"image":{"@id":"https:\/\/glass-perfume-bottles.com\/#\/schema\/logo\/image\/"}}]}},"taxonomy_info":{"product_cat":[{"value":51,"label":"Glass Perfume Bottle"}],"product_tag":[{"value":500,"label":"Cube perfume bottle supplier"},{"value":503,"label":"Fragrance Bottle Manufacturers"},{"value":502,"label":"Mini Perfume Bottle"},{"value":504,"label":"Perfume Glass Bottles"},{"value":499,"label":"Square scent perfume bottle manufacturer"},{"value":501,"label":"Wholesale scent perfume bottle"}]},"featured_image_src_large":["https:\/\/glass-perfume-bottles.com\/wp-content\/uploads\/2026\/01\/Customize-50ml-square-scent-perfume-bottle-with-ball-lid.jpg",720,720,false],"author_info":[],"comment_info":0,"_links":{"self":[{"href":"https:\/\/glass-perfume-bottles.com\/es\/wp-json\/wp\/v2\/product\/3159","targetHints":{"allow":["GET"]}}],"collection":[{"href":"https:\/\/glass-perfume-bottles.com\/es\/wp-json\/wp\/v2\/product"}],"about":[{"href":"https:\/\/glass-perfume-bottles.com\/es\/wp-json\/wp\/v2\/types\/product"}],"replies":[{"embeddable":true,"href":"https:\/\/glass-perfume-bottles.com\/es\/wp-json\/wp\/v2\/comments?post=3159"}],"wp:featuredmedia":[{"embeddable":true,"href":"https:\/\/glass-perfume-bottles.com\/es\/wp-json\/wp\/v2\/media\/3160"}],"wp:attachment":[{"href":"https:\/\/glass-perfume-bottles.com\/es\/wp-json\/wp\/v2\/media?parent=3159"}],"wp:term":[{"taxonomy":"product_brand","embeddable":true,"href":"https:\/\/glass-perfume-bottles.com\/es\/wp-json\/wp\/v2\/product_brand?post=3159"},{"taxonomy":"product_cat","embeddable":true,"href":"https:\/\/glass-perfume-bottles.com\/es\/wp-json\/wp\/v2\/product_cat?post=3159"},{"taxonomy":"product_tag","embeddable":true,"href":"https:\/\/glass-perfume-bottles.com\/es\/wp-json\/wp\/v2\/product_tag?post=3159"}],"curies":[{"name":"wp","href":"https:\/\/api.w.org\/{rel}","templated":true}]}}