{"id":3167,"date":"2026-01-12T10:13:33","date_gmt":"2026-01-12T10:13:33","guid":{"rendered":"https:\/\/glass-perfume-bottles.com\/?post_type=product&#038;p=3167"},"modified":"2026-01-12T10:29:40","modified_gmt":"2026-01-12T10:29:40","slug":"custom-design-100ml-hexagonal-perfume-bottle-wholesale-and-suppliers","status":"publish","type":"product","link":"https:\/\/glass-perfume-bottles.com\/es\/producto\/custom-design-100ml-hexagonal-perfume-bottle-wholesale-and-suppliers\/","title":{"rendered":"Botella de perfume de vidrio transparente hexagonal de 100 ml"},"content":{"rendered":"<table>\n<tbody>\n<tr>\n<td width=\"158\">Nombre del producto<\/td>\n<td width=\"591\">Botella de perfume de vidrio transparente hexagonal de 100 ml<\/td>\n<\/tr>\n<tr>\n<td width=\"158\">Capacidad<\/td>\n<td width=\"591\">50 ml, 100 ml u otro tama\u00f1o personalizado<\/td>\n<\/tr>\n<tr>\n<td width=\"158\">Tama\u00f1o<\/td>\n<td width=\"591\">50 ml 45 x 106 mm, 100 ml 57 x 112 mm<\/td>\n<\/tr>\n<tr>\n<td width=\"158\">Peso<\/td>\n<td width=\"591\">50 ml 200 g, 100 ml 250 g<\/td>\n<\/tr>\n<tr>\n<td width=\"158\">Material<\/td>\n<td width=\"591\">Cristal de vidrio blanco<\/td>\n<\/tr>\n<tr>\n<td width=\"158\">Color del cuerpo<\/td>\n<td width=\"591\">Transparente, esmerilado, rojo, negro, azul, verde, rosa o color personalizado.<\/td>\n<\/tr>\n<tr>\n<td width=\"158\">Manipulaci\u00f3n de superficies<\/td>\n<td width=\"591\">Serigraf\u00eda, estampaci\u00f3n en caliente, esmerilado, metalizado, flocado, hologr\u00e1fico, recubrimiento de m\u00e1rmol, calcoman\u00eda, etc.<\/td>\n<\/tr>\n<tr>\n<td width=\"158\">Uso<\/td>\n<td width=\"591\">\u00a0Embalaje de aceite de perfume\/aceite esencial\/desodorante\/ambientador\/perfume\/suero\/aceite esencial\/t\u00f3nico<\/td>\n<\/tr>\n<tr>\n<td width=\"158\">Embalaje<\/td>\n<td width=\"591\">Exportaci\u00f3n de cart\u00f3n y luego palets de madera contrachapada.<\/td>\n<\/tr>\n<tr>\n<td width=\"158\">Cantidad m\u00ednima de pedido<\/td>\n<td width=\"591\">1000 piezas (ya que hay dise\u00f1o personalizado)<\/td>\n<\/tr>\n<tr>\n<td width=\"158\">Muestra<\/td>\n<td width=\"591\">Muestra gratis, se necesita costo de env\u00edo.<\/td>\n<\/tr>\n<tr>\n<td width=\"158\">Transporte<\/td>\n<td width=\"591\">FedEx\/DHL\/EMS\/UPS\/TNT\/Por mar\/Por aire, etc.<\/td>\n<\/tr>\n<tr>\n<td width=\"158\">Forma de pago<\/td>\n<td width=\"591\">Transferencia bancaria, carta de cr\u00e9dito, Western Union, MoneyGram, PayPal, etc.<\/td>\n<\/tr>\n<tr>\n<td width=\"158\">El tiempo de entrega<\/td>\n<td width=\"591\">Muestra 1-2 d\u00edas, pedido de producci\u00f3n 20-45 d\u00edas depende de los detalles del pedido.<\/td>\n<\/tr>\n<tr>\n<td width=\"158\">Servicio<\/td>\n<td width=\"591\">Servicio de botellas de vidrio OEM y ODM, servicio de dise\u00f1o, soluci\u00f3n integral<\/td>\n<\/tr>\n<\/tbody>\n<\/table>\n<p>El frasco de perfume hexagonal de 100 ml es un <a href=\"https:\/\/glass-perfume-bottles.com\/es\/producto\/30ml-50ml-100ml-fairyland-garden-perfume-bottle-manufacturer\/\">contenedor de perfume de alta calidad<\/a>Esta botella ofrece buena transparencia y resistencia al desgaste, lo que le da a su perfume mayor textura. Su dise\u00f1o hexagonal tambi\u00e9n aporta un toque de sofisticaci\u00f3n moderna a la presentaci\u00f3n de su perfume.<\/p>\n<p>El frasco de perfume hexagonal de 100 ml logra el equilibrio perfecto entre practicidad y estilo, ofreciendo amplio espacio para guardar tu fragancia favorita, con un dise\u00f1o elegante y compacto. Su superficie lisa y su fina artesan\u00eda lo convierten en una opci\u00f3n vers\u00e1til tanto para uso personal como para un elegante regalo para cualquier ocasi\u00f3n.<\/p>\n<p>El dise\u00f1o de la tapa negra es hermoso y pr\u00e1ctico, y evita eficazmente que el perfume se evapore y contamine. <a href=\"https:\/\/www.hyglassbottles.com\/product\/100l-Hexagonal-glass-perfume-bottle-wholesale-and-suppliers.html\">fabricante de botellas de vidrio vac\u00edas<\/a>Podemos fabricar botellas con dise\u00f1os \u00fanicos y personalizados, tanto en tama\u00f1o como en color. Si tiene requisitos especiales, cont\u00e1ctenos.<\/p>","protected":false},"excerpt":{"rendered":"<p>Como fabricante profesional de frascos de perfume, podemos personalizar frascos de perfume hexagonales con su propio logotipo.<\/p>","protected":false},"featured_media":3168,"comment_status":"open","ping_status":"closed","template":"","meta":{"_kad_blocks_custom_css":"","_kad_blocks_head_custom_js":"","_kad_blocks_body_custom_js":"","_kad_blocks_footer_custom_js":"","_kad_post_transparent":"default","_kad_post_title":"","_kad_post_layout":"default","_kad_post_sidebar_id":"","_kad_post_content_style":"default","_kad_post_vertical_padding":"default","_kad_post_feature":"","_kad_post_feature_position":"","_kad_post_header":false,"_kad_post_footer":false,"_joinchat":[]},"product_brand":[],"product_cat":[51],"product_tag":[],"class_list":{"0":"post-3167","1":"product","2":"type-product","3":"status-publish","4":"has-post-thumbnail","6":"product_cat-glass-perfume-bottles","8":"first","9":"instock","10":"shipping-taxable","11":"product-type-simple","12":"entry","13":"content-bg","14":"loop-entry"},"yoast_head":"<!-- This site is optimized with the Yoast SEO Premium plugin v20.5 (Yoast SEO v24.2) - https:\/\/yoast.com\/wordpress\/plugins\/seo\/ -->\n<title>100ml hexagonal perfume bottle wholesale and manufacturers<\/title>\n<meta name=\"description\" content=\"The 100ml hexagonal perfume bottle is created in collaboration with high white glass and we can custom your own brand glass perfume bottles.\" \/>\n<meta name=\"robots\" content=\"index, follow, max-snippet:-1, max-image-preview:large, max-video-preview:-1\" \/>\n<link rel=\"canonical\" href=\"https:\/\/glass-perfume-bottles.com\/es\/producto\/custom-design-100ml-hexagonal-perfume-bottle-wholesale-and-suppliers\/\" \/>\n<meta property=\"og:locale\" content=\"es_ES\" \/>\n<meta property=\"og:type\" content=\"article\" \/>\n<meta property=\"og:title\" content=\"100ml Hexagonal Clear Glass Perfume Bottle\" \/>\n<meta property=\"og:description\" content=\"The 100ml hexagonal perfume bottle is created in collaboration with high white glass and we can custom your own brand glass perfume bottles.\" \/>\n<meta property=\"og:url\" content=\"https:\/\/glass-perfume-bottles.com\/es\/producto\/custom-design-100ml-hexagonal-perfume-bottle-wholesale-and-suppliers\/\" \/>\n<meta property=\"og:site_name\" content=\"HY GLASS\" \/>\n<meta property=\"article:modified_time\" content=\"2026-01-12T10:29:40+00:00\" \/>\n<meta property=\"og:image\" content=\"https:\/\/glass-perfume-bottles.com\/wp-content\/uploads\/2026\/01\/100ml-perfume-bottle.jpg\" \/>\n\t<meta property=\"og:image:width\" content=\"720\" \/>\n\t<meta property=\"og:image:height\" content=\"720\" \/>\n\t<meta property=\"og:image:type\" content=\"image\/jpeg\" \/>\n<meta name=\"twitter:card\" content=\"summary_large_image\" \/>\n<meta name=\"twitter:label1\" content=\"Tiempo de lectura\" \/>\n\t<meta name=\"twitter:data1\" content=\"2 minutos\" \/>\n<script type=\"application\/ld+json\" class=\"yoast-schema-graph\">{\"@context\":\"https:\/\/schema.org\",\"@graph\":[{\"@type\":\"WebPage\",\"@id\":\"https:\/\/glass-perfume-bottles.com\/product\/custom-design-100ml-hexagonal-perfume-bottle-wholesale-and-suppliers\/\",\"url\":\"https:\/\/glass-perfume-bottles.com\/product\/custom-design-100ml-hexagonal-perfume-bottle-wholesale-and-suppliers\/\",\"name\":\"100ml hexagonal perfume bottle wholesale and manufacturers\",\"isPartOf\":{\"@id\":\"https:\/\/glass-perfume-bottles.com\/#website\"},\"primaryImageOfPage\":{\"@id\":\"https:\/\/glass-perfume-bottles.com\/product\/custom-design-100ml-hexagonal-perfume-bottle-wholesale-and-suppliers\/#primaryimage\"},\"image\":{\"@id\":\"https:\/\/glass-perfume-bottles.com\/product\/custom-design-100ml-hexagonal-perfume-bottle-wholesale-and-suppliers\/#primaryimage\"},\"thumbnailUrl\":\"https:\/\/glass-perfume-bottles.com\/wp-content\/uploads\/2026\/01\/100ml-perfume-bottle.jpg\",\"datePublished\":\"2026-01-12T10:13:33+00:00\",\"dateModified\":\"2026-01-12T10:29:40+00:00\",\"description\":\"The 100ml hexagonal perfume bottle is created in collaboration with high white glass and we can custom your own brand glass perfume bottles.\",\"breadcrumb\":{\"@id\":\"https:\/\/glass-perfume-bottles.com\/product\/custom-design-100ml-hexagonal-perfume-bottle-wholesale-and-suppliers\/#breadcrumb\"},\"inLanguage\":\"es\",\"potentialAction\":[{\"@type\":\"ReadAction\",\"target\":[\"https:\/\/glass-perfume-bottles.com\/product\/custom-design-100ml-hexagonal-perfume-bottle-wholesale-and-suppliers\/\"]}]},{\"@type\":\"ImageObject\",\"inLanguage\":\"es\",\"@id\":\"https:\/\/glass-perfume-bottles.com\/product\/custom-design-100ml-hexagonal-perfume-bottle-wholesale-and-suppliers\/#primaryimage\",\"url\":\"https:\/\/glass-perfume-bottles.com\/wp-content\/uploads\/2026\/01\/100ml-perfume-bottle.jpg\",\"contentUrl\":\"https:\/\/glass-perfume-bottles.com\/wp-content\/uploads\/2026\/01\/100ml-perfume-bottle.jpg\",\"width\":720,\"height\":720,\"caption\":\"100ml hexagonal perfume bottle, empty hexagonal perfume bottle supplier, hexagonal designed perfume bottles wholesale, hexagon fragrance perfume bottle manufacturer\"},{\"@type\":\"BreadcrumbList\",\"@id\":\"https:\/\/glass-perfume-bottles.com\/product\/custom-design-100ml-hexagonal-perfume-bottle-wholesale-and-suppliers\/#breadcrumb\",\"itemListElement\":[{\"@type\":\"ListItem\",\"position\":1,\"name\":\"Home\",\"item\":\"https:\/\/glass-perfume-bottles.com\/\"},{\"@type\":\"ListItem\",\"position\":2,\"name\":\"Product\",\"item\":\"https:\/\/glass-perfume-bottles.com\/custom-made-perfume-bottle-suppliers-and-wholesale\/\"},{\"@type\":\"ListItem\",\"position\":3,\"name\":\"100ml Hexagonal Clear Glass Perfume Bottle\"}]},{\"@type\":\"WebSite\",\"@id\":\"https:\/\/glass-perfume-bottles.com\/#website\",\"url\":\"https:\/\/glass-perfume-bottles.com\/\",\"name\":\"HY GLASS\",\"description\":\"glass perfume bottle manufacturers &amp; suppliers, aroma reed diffuser bottle wholesale &amp; suppliers\",\"publisher\":{\"@id\":\"https:\/\/glass-perfume-bottles.com\/#organization\"},\"potentialAction\":[{\"@type\":\"SearchAction\",\"target\":{\"@type\":\"EntryPoint\",\"urlTemplate\":\"https:\/\/glass-perfume-bottles.com\/?s={search_term_string}\"},\"query-input\":{\"@type\":\"PropertyValueSpecification\",\"valueRequired\":true,\"valueName\":\"search_term_string\"}}],\"inLanguage\":\"es\"},{\"@type\":\"Organization\",\"@id\":\"https:\/\/glass-perfume-bottles.com\/#organization\",\"name\":\"HY GLASS\",\"url\":\"https:\/\/glass-perfume-bottles.com\/\",\"logo\":{\"@type\":\"ImageObject\",\"inLanguage\":\"es\",\"@id\":\"https:\/\/glass-perfume-bottles.com\/#\/schema\/logo\/image\/\",\"url\":\"https:\/\/glass-perfume-bottles.com\/wp-content\/uploads\/2023\/09\/logo21.png\",\"contentUrl\":\"https:\/\/glass-perfume-bottles.com\/wp-content\/uploads\/2023\/09\/logo21.png\",\"width\":342,\"height\":268,\"caption\":\"HY GLASS\"},\"image\":{\"@id\":\"https:\/\/glass-perfume-bottles.com\/#\/schema\/logo\/image\/\"}}]}<\/script>\n<!-- \/ Yoast SEO Premium plugin. -->","yoast_head_json":{"title":"100ml hexagonal perfume bottle wholesale and manufacturers","description":"The 100ml hexagonal perfume bottle is created in collaboration with high white glass and we can custom your own brand glass perfume bottles.","robots":{"index":"index","follow":"follow","max-snippet":"max-snippet:-1","max-image-preview":"max-image-preview:large","max-video-preview":"max-video-preview:-1"},"canonical":"https:\/\/glass-perfume-bottles.com\/es\/producto\/custom-design-100ml-hexagonal-perfume-bottle-wholesale-and-suppliers\/","og_locale":"es_ES","og_type":"article","og_title":"100ml Hexagonal Clear Glass Perfume Bottle","og_description":"The 100ml hexagonal perfume bottle is created in collaboration with high white glass and we can custom your own brand glass perfume bottles.","og_url":"https:\/\/glass-perfume-bottles.com\/es\/producto\/custom-design-100ml-hexagonal-perfume-bottle-wholesale-and-suppliers\/","og_site_name":"HY GLASS","article_modified_time":"2026-01-12T10:29:40+00:00","og_image":[{"width":720,"height":720,"url":"https:\/\/glass-perfume-bottles.com\/wp-content\/uploads\/2026\/01\/100ml-perfume-bottle.jpg","type":"image\/jpeg"}],"twitter_card":"summary_large_image","twitter_misc":{"Tiempo de lectura":"2 minutos"},"schema":{"@context":"https:\/\/schema.org","@graph":[{"@type":"WebPage","@id":"https:\/\/glass-perfume-bottles.com\/product\/custom-design-100ml-hexagonal-perfume-bottle-wholesale-and-suppliers\/","url":"https:\/\/glass-perfume-bottles.com\/product\/custom-design-100ml-hexagonal-perfume-bottle-wholesale-and-suppliers\/","name":"100ml hexagonal perfume bottle wholesale and manufacturers","isPartOf":{"@id":"https:\/\/glass-perfume-bottles.com\/#website"},"primaryImageOfPage":{"@id":"https:\/\/glass-perfume-bottles.com\/product\/custom-design-100ml-hexagonal-perfume-bottle-wholesale-and-suppliers\/#primaryimage"},"image":{"@id":"https:\/\/glass-perfume-bottles.com\/product\/custom-design-100ml-hexagonal-perfume-bottle-wholesale-and-suppliers\/#primaryimage"},"thumbnailUrl":"https:\/\/glass-perfume-bottles.com\/wp-content\/uploads\/2026\/01\/100ml-perfume-bottle.jpg","datePublished":"2026-01-12T10:13:33+00:00","dateModified":"2026-01-12T10:29:40+00:00","description":"The 100ml hexagonal perfume bottle is created in collaboration with high white glass and we can custom your own brand glass perfume bottles.","breadcrumb":{"@id":"https:\/\/glass-perfume-bottles.com\/product\/custom-design-100ml-hexagonal-perfume-bottle-wholesale-and-suppliers\/#breadcrumb"},"inLanguage":"es","potentialAction":[{"@type":"ReadAction","target":["https:\/\/glass-perfume-bottles.com\/product\/custom-design-100ml-hexagonal-perfume-bottle-wholesale-and-suppliers\/"]}]},{"@type":"ImageObject","inLanguage":"es","@id":"https:\/\/glass-perfume-bottles.com\/product\/custom-design-100ml-hexagonal-perfume-bottle-wholesale-and-suppliers\/#primaryimage","url":"https:\/\/glass-perfume-bottles.com\/wp-content\/uploads\/2026\/01\/100ml-perfume-bottle.jpg","contentUrl":"https:\/\/glass-perfume-bottles.com\/wp-content\/uploads\/2026\/01\/100ml-perfume-bottle.jpg","width":720,"height":720,"caption":"100ml hexagonal perfume bottle, empty hexagonal perfume bottle supplier, hexagonal designed perfume bottles wholesale, hexagon fragrance perfume bottle manufacturer"},{"@type":"BreadcrumbList","@id":"https:\/\/glass-perfume-bottles.com\/product\/custom-design-100ml-hexagonal-perfume-bottle-wholesale-and-suppliers\/#breadcrumb","itemListElement":[{"@type":"ListItem","position":1,"name":"Home","item":"https:\/\/glass-perfume-bottles.com\/"},{"@type":"ListItem","position":2,"name":"Product","item":"https:\/\/glass-perfume-bottles.com\/custom-made-perfume-bottle-suppliers-and-wholesale\/"},{"@type":"ListItem","position":3,"name":"100ml Hexagonal Clear Glass Perfume Bottle"}]},{"@type":"WebSite","@id":"https:\/\/glass-perfume-bottles.com\/#website","url":"https:\/\/glass-perfume-bottles.com\/","name":"HY GLASS","description":"glass perfume bottle manufacturers &amp; suppliers, aroma reed diffuser bottle wholesale &amp; suppliers","publisher":{"@id":"https:\/\/glass-perfume-bottles.com\/#organization"},"potentialAction":[{"@type":"SearchAction","target":{"@type":"EntryPoint","urlTemplate":"https:\/\/glass-perfume-bottles.com\/?s={search_term_string}"},"query-input":{"@type":"PropertyValueSpecification","valueRequired":true,"valueName":"search_term_string"}}],"inLanguage":"es"},{"@type":"Organization","@id":"https:\/\/glass-perfume-bottles.com\/#organization","name":"HY GLASS","url":"https:\/\/glass-perfume-bottles.com\/","logo":{"@type":"ImageObject","inLanguage":"es","@id":"https:\/\/glass-perfume-bottles.com\/#\/schema\/logo\/image\/","url":"https:\/\/glass-perfume-bottles.com\/wp-content\/uploads\/2023\/09\/logo21.png","contentUrl":"https:\/\/glass-perfume-bottles.com\/wp-content\/uploads\/2023\/09\/logo21.png","width":342,"height":268,"caption":"HY GLASS"},"image":{"@id":"https:\/\/glass-perfume-bottles.com\/#\/schema\/logo\/image\/"}}]}},"taxonomy_info":{"product_cat":[{"value":51,"label":"Glass Perfume Bottle"}]},"featured_image_src_large":["https:\/\/glass-perfume-bottles.com\/wp-content\/uploads\/2026\/01\/100ml-perfume-bottle.jpg",720,720,false],"author_info":[],"comment_info":0,"_links":{"self":[{"href":"https:\/\/glass-perfume-bottles.com\/es\/wp-json\/wp\/v2\/product\/3167","targetHints":{"allow":["GET"]}}],"collection":[{"href":"https:\/\/glass-perfume-bottles.com\/es\/wp-json\/wp\/v2\/product"}],"about":[{"href":"https:\/\/glass-perfume-bottles.com\/es\/wp-json\/wp\/v2\/types\/product"}],"replies":[{"embeddable":true,"href":"https:\/\/glass-perfume-bottles.com\/es\/wp-json\/wp\/v2\/comments?post=3167"}],"wp:featuredmedia":[{"embeddable":true,"href":"https:\/\/glass-perfume-bottles.com\/es\/wp-json\/wp\/v2\/media\/3168"}],"wp:attachment":[{"href":"https:\/\/glass-perfume-bottles.com\/es\/wp-json\/wp\/v2\/media?parent=3167"}],"wp:term":[{"taxonomy":"product_brand","embeddable":true,"href":"https:\/\/glass-perfume-bottles.com\/es\/wp-json\/wp\/v2\/product_brand?post=3167"},{"taxonomy":"product_cat","embeddable":true,"href":"https:\/\/glass-perfume-bottles.com\/es\/wp-json\/wp\/v2\/product_cat?post=3167"},{"taxonomy":"product_tag","embeddable":true,"href":"https:\/\/glass-perfume-bottles.com\/es\/wp-json\/wp\/v2\/product_tag?post=3167"}],"curies":[{"name":"wp","href":"https:\/\/api.w.org\/{rel}","templated":true}]}}