{"id":3169,"date":"2026-01-14T09:50:42","date_gmt":"2026-01-14T09:50:42","guid":{"rendered":"https:\/\/glass-perfume-bottles.com\/?post_type=product&#038;p=3169"},"modified":"2026-01-14T10:10:55","modified_gmt":"2026-01-14T10:10:55","slug":"customize-200ml-glacier-base-diffuser-bottle-suppliers","status":"publish","type":"product","link":"https:\/\/glass-perfume-bottles.com\/es\/producto\/customize-200ml-glacier-base-diffuser-bottle-suppliers\/","title":{"rendered":"Botella difusora de aroma cil\u00edndrica con base de glaciar de 200 ml"},"content":{"rendered":"<table>\n<tbody>\n<tr>\n<td width=\"158\">Nombre del producto<\/td>\n<td width=\"591\">Botella difusora de aroma cil\u00edndrica con base de glaciar de 200 ml<\/td>\n<\/tr>\n<tr>\n<td width=\"158\">Capacidad<\/td>\n<td width=\"591\">200 ml u otro tama\u00f1o personalizado<\/td>\n<\/tr>\n<tr>\n<td width=\"158\">Tama\u00f1o<\/td>\n<td width=\"591\">65 x 130 mm<\/td>\n<\/tr>\n<tr>\n<td width=\"158\">Peso<\/td>\n<td width=\"591\">360 gramos<\/td>\n<\/tr>\n<tr>\n<td width=\"158\">Material<\/td>\n<td width=\"591\">Cristal de vidrio blanco<\/td>\n<\/tr>\n<tr>\n<td width=\"158\">Color del cuerpo<\/td>\n<td width=\"591\">Transparente, esmerilado, rojo, negro, azul, verde, rosa o color personalizado.<\/td>\n<\/tr>\n<tr>\n<td width=\"158\">Manipulaci\u00f3n de superficies<\/td>\n<td width=\"591\">Serigraf\u00eda, estampaci\u00f3n en caliente, esmerilado, metalizado, flocado, hologr\u00e1fico, recubrimiento de m\u00e1rmol, calcoman\u00eda, etc.<\/td>\n<\/tr>\n<tr>\n<td width=\"158\">Uso<\/td>\n<td width=\"591\">\u00a0Embalaje de aceite de perfume\/aceite esencial\/desodorante\/ambientador\/perfume\/suero\/aceite esencial\/t\u00f3nico<\/td>\n<\/tr>\n<tr>\n<td width=\"158\">Embalaje<\/td>\n<td width=\"591\">Exportaci\u00f3n de cart\u00f3n y luego palets de madera contrachapada.<\/td>\n<\/tr>\n<tr>\n<td width=\"158\">Cantidad m\u00ednima de pedido<\/td>\n<td width=\"591\">1000 piezas (ya que hay dise\u00f1o personalizado)<\/td>\n<\/tr>\n<tr>\n<td width=\"158\">Muestra<\/td>\n<td width=\"591\">Muestra gratis, se necesita costo de env\u00edo.<\/td>\n<\/tr>\n<tr>\n<td width=\"158\">Transporte<\/td>\n<td width=\"591\">FedEx\/DHL\/EMS\/UPS\/TNT\/Por mar\/Por aire, etc.<\/td>\n<\/tr>\n<tr>\n<td width=\"158\">Forma de pago<\/td>\n<td width=\"591\">Transferencia bancaria, carta de cr\u00e9dito, Western Union, MoneyGram, PayPal, etc.<\/td>\n<\/tr>\n<tr>\n<td width=\"158\">El tiempo de entrega<\/td>\n<td width=\"591\">Muestra 1-2 d\u00edas, pedido de producci\u00f3n 20-45 d\u00edas depende de los detalles del pedido.<\/td>\n<\/tr>\n<tr>\n<td width=\"158\">Servicio<\/td>\n<td width=\"591\">Servicio de botellas de vidrio OEM y ODM, servicio de dise\u00f1o, soluci\u00f3n integral<\/td>\n<\/tr>\n<\/tbody>\n<\/table>\n<p>El frasco difusor con base glaciar es una exquisita combinaci\u00f3n de fragancias. Se fabrica con nuevos estilos y es moderno. Est\u00e1 hecho de vidrio o vidrio de alta calidad, ofreciendo una apariencia transparente, transl\u00facida o esmerilada. Su forma especial...<a href=\"https:\/\/www.hyglassbottles.com\/product\/200ml-snow-mountain-bottom-aroma-diffuser-bottle-wholesale-suppliers.html\"> botella difusora cil\u00edndrica<\/a> Dise\u00f1ado para difusores con base de apariencia glaciar o hielo. Cuenta con una base s\u00f3lida y robusta que le proporciona estabilidad y una sensaci\u00f3n de calidad superior.<\/p>\n<p>El difusor con base Glaciar es ideal para usar con varillas redondas de ca\u00f1a, claras u oscuras, para difundir tus fragancias o aceites esenciales favoritos. Puedes usarlo en dormitorios, ba\u00f1os, oficinas o cualquier otro lugar que desees. La base no solo sirve como elemento de dise\u00f1o, sino tambi\u00e9n como soporte estabilizador para el difusor, evitando que se vuelque f\u00e1cilmente. Como mayoristas profesionales de botellas de vidrio, nos especializamos en personalizar diferentes tipos de... <a href=\"https:\/\/glass-perfume-bottles.com\/es\/producto\/wholesale-100ml-250ml-pot-belly-glass-scent-reed-diffuser-bottle-supplier\/\">Botellas difusoras de aroma de ca\u00f1a<\/a>Adem\u00e1s, ofrecemos diferentes colores y podemos personalizar su logotipo de marca privada. Cont\u00e1ctenos para m\u00e1s detalles.<\/p>","protected":false},"excerpt":{"rendered":"<p>El frasco difusor con base glaciar de 200 ml cuenta con una base s\u00f3lida y robusta que le proporciona estabilidad y una sensaci\u00f3n de calidad superior. Su forma especial le da un toque de estilo.<\/p>","protected":false},"featured_media":3171,"comment_status":"open","ping_status":"closed","template":"","meta":{"_kad_blocks_custom_css":"","_kad_blocks_head_custom_js":"","_kad_blocks_body_custom_js":"","_kad_blocks_footer_custom_js":"","_kad_post_transparent":"default","_kad_post_title":"","_kad_post_layout":"default","_kad_post_sidebar_id":"","_kad_post_content_style":"default","_kad_post_vertical_padding":"default","_kad_post_feature":"","_kad_post_feature_position":"","_kad_post_header":false,"_kad_post_footer":false,"_joinchat":[]},"product_brand":[],"product_cat":[71],"product_tag":[513,512,514],"class_list":{"0":"post-3169","1":"product","2":"type-product","3":"status-publish","4":"has-post-thumbnail","6":"product_cat-glass-aroma-reed-diffuser-bottle-1","7":"product_tag-200ml-glacier-base-aroma-reed-diffuser-bottle-manufacturer","8":"product_tag-glacier-base-diffuser-bottle-suppliers","9":"product_tag-iceberg-base-aroma-diffuser-bottle-wholesale","11":"first","12":"instock","13":"shipping-taxable","14":"product-type-simple","15":"entry","16":"content-bg","17":"loop-entry"},"yoast_head":"<!-- This site is optimized with the Yoast SEO Premium plugin v20.5 (Yoast SEO v24.2) - https:\/\/yoast.com\/wordpress\/plugins\/seo\/ -->\n<title>glacier base diffuser bottle wholesale and manufacturers<\/title>\n<meta name=\"description\" content=\"As a professional aroma reed diffuser bottle manufacturer, we can custom your own logo designed 200ml glacier base diffuser bottle.\" \/>\n<meta name=\"robots\" content=\"index, follow, max-snippet:-1, max-image-preview:large, max-video-preview:-1\" \/>\n<link rel=\"canonical\" href=\"https:\/\/glass-perfume-bottles.com\/es\/producto\/customize-200ml-glacier-base-diffuser-bottle-suppliers\/\" \/>\n<meta property=\"og:locale\" content=\"es_ES\" \/>\n<meta property=\"og:type\" content=\"article\" \/>\n<meta property=\"og:title\" content=\"200ml Glacier Base Cylindrical Aroma Diffuser Bottle\" \/>\n<meta property=\"og:description\" content=\"As a professional aroma reed diffuser bottle manufacturer, we can custom your own logo designed 200ml glacier base diffuser bottle.\" \/>\n<meta property=\"og:url\" content=\"https:\/\/glass-perfume-bottles.com\/es\/producto\/customize-200ml-glacier-base-diffuser-bottle-suppliers\/\" \/>\n<meta property=\"og:site_name\" content=\"HY GLASS\" \/>\n<meta property=\"article:modified_time\" content=\"2026-01-14T10:10:55+00:00\" \/>\n<meta property=\"og:image\" content=\"https:\/\/glass-perfume-bottles.com\/wp-content\/uploads\/2026\/01\/glacier-base-diffuser-bottle.jpg\" \/>\n\t<meta property=\"og:image:width\" content=\"720\" \/>\n\t<meta property=\"og:image:height\" content=\"720\" \/>\n\t<meta property=\"og:image:type\" content=\"image\/jpeg\" \/>\n<meta name=\"twitter:card\" content=\"summary_large_image\" \/>\n<meta name=\"twitter:label1\" content=\"Tiempo de lectura\" \/>\n\t<meta name=\"twitter:data1\" content=\"2 minutos\" \/>\n<script type=\"application\/ld+json\" class=\"yoast-schema-graph\">{\"@context\":\"https:\/\/schema.org\",\"@graph\":[{\"@type\":\"WebPage\",\"@id\":\"https:\/\/glass-perfume-bottles.com\/product\/customize-200ml-glacier-base-diffuser-bottle-suppliers\/\",\"url\":\"https:\/\/glass-perfume-bottles.com\/product\/customize-200ml-glacier-base-diffuser-bottle-suppliers\/\",\"name\":\"glacier base diffuser bottle wholesale and manufacturers\",\"isPartOf\":{\"@id\":\"https:\/\/glass-perfume-bottles.com\/#website\"},\"primaryImageOfPage\":{\"@id\":\"https:\/\/glass-perfume-bottles.com\/product\/customize-200ml-glacier-base-diffuser-bottle-suppliers\/#primaryimage\"},\"image\":{\"@id\":\"https:\/\/glass-perfume-bottles.com\/product\/customize-200ml-glacier-base-diffuser-bottle-suppliers\/#primaryimage\"},\"thumbnailUrl\":\"https:\/\/glass-perfume-bottles.com\/wp-content\/uploads\/2026\/01\/glacier-base-diffuser-bottle.jpg\",\"datePublished\":\"2026-01-14T09:50:42+00:00\",\"dateModified\":\"2026-01-14T10:10:55+00:00\",\"description\":\"As a professional aroma reed diffuser bottle manufacturer, we can custom your own logo designed 200ml glacier base diffuser bottle.\",\"breadcrumb\":{\"@id\":\"https:\/\/glass-perfume-bottles.com\/product\/customize-200ml-glacier-base-diffuser-bottle-suppliers\/#breadcrumb\"},\"inLanguage\":\"es\",\"potentialAction\":[{\"@type\":\"ReadAction\",\"target\":[\"https:\/\/glass-perfume-bottles.com\/product\/customize-200ml-glacier-base-diffuser-bottle-suppliers\/\"]}]},{\"@type\":\"ImageObject\",\"inLanguage\":\"es\",\"@id\":\"https:\/\/glass-perfume-bottles.com\/product\/customize-200ml-glacier-base-diffuser-bottle-suppliers\/#primaryimage\",\"url\":\"https:\/\/glass-perfume-bottles.com\/wp-content\/uploads\/2026\/01\/glacier-base-diffuser-bottle.jpg\",\"contentUrl\":\"https:\/\/glass-perfume-bottles.com\/wp-content\/uploads\/2026\/01\/glacier-base-diffuser-bottle.jpg\",\"width\":720,\"height\":720,\"caption\":\"glacier base diffuser bottle suppliers, 200ml glacier base aroma reed diffuser bottle manufacturer, Iceberg base aroma diffuser bottle wholesale\"},{\"@type\":\"BreadcrumbList\",\"@id\":\"https:\/\/glass-perfume-bottles.com\/product\/customize-200ml-glacier-base-diffuser-bottle-suppliers\/#breadcrumb\",\"itemListElement\":[{\"@type\":\"ListItem\",\"position\":1,\"name\":\"Home\",\"item\":\"https:\/\/glass-perfume-bottles.com\/\"},{\"@type\":\"ListItem\",\"position\":2,\"name\":\"Product\",\"item\":\"https:\/\/glass-perfume-bottles.com\/custom-made-perfume-bottle-suppliers-and-wholesale\/\"},{\"@type\":\"ListItem\",\"position\":3,\"name\":\"200ml Glacier Base Cylindrical Aroma Diffuser Bottle\"}]},{\"@type\":\"WebSite\",\"@id\":\"https:\/\/glass-perfume-bottles.com\/#website\",\"url\":\"https:\/\/glass-perfume-bottles.com\/\",\"name\":\"HY GLASS\",\"description\":\"glass perfume bottle manufacturers &amp; suppliers, aroma reed diffuser bottle wholesale &amp; suppliers\",\"publisher\":{\"@id\":\"https:\/\/glass-perfume-bottles.com\/#organization\"},\"potentialAction\":[{\"@type\":\"SearchAction\",\"target\":{\"@type\":\"EntryPoint\",\"urlTemplate\":\"https:\/\/glass-perfume-bottles.com\/?s={search_term_string}\"},\"query-input\":{\"@type\":\"PropertyValueSpecification\",\"valueRequired\":true,\"valueName\":\"search_term_string\"}}],\"inLanguage\":\"es\"},{\"@type\":\"Organization\",\"@id\":\"https:\/\/glass-perfume-bottles.com\/#organization\",\"name\":\"HY GLASS\",\"url\":\"https:\/\/glass-perfume-bottles.com\/\",\"logo\":{\"@type\":\"ImageObject\",\"inLanguage\":\"es\",\"@id\":\"https:\/\/glass-perfume-bottles.com\/#\/schema\/logo\/image\/\",\"url\":\"https:\/\/glass-perfume-bottles.com\/wp-content\/uploads\/2023\/09\/logo21.png\",\"contentUrl\":\"https:\/\/glass-perfume-bottles.com\/wp-content\/uploads\/2023\/09\/logo21.png\",\"width\":342,\"height\":268,\"caption\":\"HY GLASS\"},\"image\":{\"@id\":\"https:\/\/glass-perfume-bottles.com\/#\/schema\/logo\/image\/\"}}]}<\/script>\n<!-- \/ Yoast SEO Premium plugin. -->","yoast_head_json":{"title":"glacier base diffuser bottle wholesale and manufacturers","description":"As a professional aroma reed diffuser bottle manufacturer, we can custom your own logo designed 200ml glacier base diffuser bottle.","robots":{"index":"index","follow":"follow","max-snippet":"max-snippet:-1","max-image-preview":"max-image-preview:large","max-video-preview":"max-video-preview:-1"},"canonical":"https:\/\/glass-perfume-bottles.com\/es\/producto\/customize-200ml-glacier-base-diffuser-bottle-suppliers\/","og_locale":"es_ES","og_type":"article","og_title":"200ml Glacier Base Cylindrical Aroma Diffuser Bottle","og_description":"As a professional aroma reed diffuser bottle manufacturer, we can custom your own logo designed 200ml glacier base diffuser bottle.","og_url":"https:\/\/glass-perfume-bottles.com\/es\/producto\/customize-200ml-glacier-base-diffuser-bottle-suppliers\/","og_site_name":"HY GLASS","article_modified_time":"2026-01-14T10:10:55+00:00","og_image":[{"width":720,"height":720,"url":"https:\/\/glass-perfume-bottles.com\/wp-content\/uploads\/2026\/01\/glacier-base-diffuser-bottle.jpg","type":"image\/jpeg"}],"twitter_card":"summary_large_image","twitter_misc":{"Tiempo de lectura":"2 minutos"},"schema":{"@context":"https:\/\/schema.org","@graph":[{"@type":"WebPage","@id":"https:\/\/glass-perfume-bottles.com\/product\/customize-200ml-glacier-base-diffuser-bottle-suppliers\/","url":"https:\/\/glass-perfume-bottles.com\/product\/customize-200ml-glacier-base-diffuser-bottle-suppliers\/","name":"glacier base diffuser bottle wholesale and manufacturers","isPartOf":{"@id":"https:\/\/glass-perfume-bottles.com\/#website"},"primaryImageOfPage":{"@id":"https:\/\/glass-perfume-bottles.com\/product\/customize-200ml-glacier-base-diffuser-bottle-suppliers\/#primaryimage"},"image":{"@id":"https:\/\/glass-perfume-bottles.com\/product\/customize-200ml-glacier-base-diffuser-bottle-suppliers\/#primaryimage"},"thumbnailUrl":"https:\/\/glass-perfume-bottles.com\/wp-content\/uploads\/2026\/01\/glacier-base-diffuser-bottle.jpg","datePublished":"2026-01-14T09:50:42+00:00","dateModified":"2026-01-14T10:10:55+00:00","description":"As a professional aroma reed diffuser bottle manufacturer, we can custom your own logo designed 200ml glacier base diffuser bottle.","breadcrumb":{"@id":"https:\/\/glass-perfume-bottles.com\/product\/customize-200ml-glacier-base-diffuser-bottle-suppliers\/#breadcrumb"},"inLanguage":"es","potentialAction":[{"@type":"ReadAction","target":["https:\/\/glass-perfume-bottles.com\/product\/customize-200ml-glacier-base-diffuser-bottle-suppliers\/"]}]},{"@type":"ImageObject","inLanguage":"es","@id":"https:\/\/glass-perfume-bottles.com\/product\/customize-200ml-glacier-base-diffuser-bottle-suppliers\/#primaryimage","url":"https:\/\/glass-perfume-bottles.com\/wp-content\/uploads\/2026\/01\/glacier-base-diffuser-bottle.jpg","contentUrl":"https:\/\/glass-perfume-bottles.com\/wp-content\/uploads\/2026\/01\/glacier-base-diffuser-bottle.jpg","width":720,"height":720,"caption":"glacier base diffuser bottle suppliers, 200ml glacier base aroma reed diffuser bottle manufacturer, Iceberg base aroma diffuser bottle wholesale"},{"@type":"BreadcrumbList","@id":"https:\/\/glass-perfume-bottles.com\/product\/customize-200ml-glacier-base-diffuser-bottle-suppliers\/#breadcrumb","itemListElement":[{"@type":"ListItem","position":1,"name":"Home","item":"https:\/\/glass-perfume-bottles.com\/"},{"@type":"ListItem","position":2,"name":"Product","item":"https:\/\/glass-perfume-bottles.com\/custom-made-perfume-bottle-suppliers-and-wholesale\/"},{"@type":"ListItem","position":3,"name":"200ml Glacier Base Cylindrical Aroma Diffuser Bottle"}]},{"@type":"WebSite","@id":"https:\/\/glass-perfume-bottles.com\/#website","url":"https:\/\/glass-perfume-bottles.com\/","name":"HY GLASS","description":"glass perfume bottle manufacturers &amp; suppliers, aroma reed diffuser bottle wholesale &amp; suppliers","publisher":{"@id":"https:\/\/glass-perfume-bottles.com\/#organization"},"potentialAction":[{"@type":"SearchAction","target":{"@type":"EntryPoint","urlTemplate":"https:\/\/glass-perfume-bottles.com\/?s={search_term_string}"},"query-input":{"@type":"PropertyValueSpecification","valueRequired":true,"valueName":"search_term_string"}}],"inLanguage":"es"},{"@type":"Organization","@id":"https:\/\/glass-perfume-bottles.com\/#organization","name":"HY GLASS","url":"https:\/\/glass-perfume-bottles.com\/","logo":{"@type":"ImageObject","inLanguage":"es","@id":"https:\/\/glass-perfume-bottles.com\/#\/schema\/logo\/image\/","url":"https:\/\/glass-perfume-bottles.com\/wp-content\/uploads\/2023\/09\/logo21.png","contentUrl":"https:\/\/glass-perfume-bottles.com\/wp-content\/uploads\/2023\/09\/logo21.png","width":342,"height":268,"caption":"HY GLASS"},"image":{"@id":"https:\/\/glass-perfume-bottles.com\/#\/schema\/logo\/image\/"}}]}},"taxonomy_info":{"product_cat":[{"value":71,"label":"Glass Aroma Reed Diffuser Bottle"}],"product_tag":[{"value":513,"label":"200ml glacier base aroma reed diffuser bottle manufacturer"},{"value":512,"label":"glacier base diffuser bottle suppliers"},{"value":514,"label":"Iceberg base aroma diffuser bottle wholesale"}]},"featured_image_src_large":["https:\/\/glass-perfume-bottles.com\/wp-content\/uploads\/2026\/01\/glacier-base-diffuser-bottle.jpg",720,720,false],"author_info":[],"comment_info":0,"_links":{"self":[{"href":"https:\/\/glass-perfume-bottles.com\/es\/wp-json\/wp\/v2\/product\/3169","targetHints":{"allow":["GET"]}}],"collection":[{"href":"https:\/\/glass-perfume-bottles.com\/es\/wp-json\/wp\/v2\/product"}],"about":[{"href":"https:\/\/glass-perfume-bottles.com\/es\/wp-json\/wp\/v2\/types\/product"}],"replies":[{"embeddable":true,"href":"https:\/\/glass-perfume-bottles.com\/es\/wp-json\/wp\/v2\/comments?post=3169"}],"wp:featuredmedia":[{"embeddable":true,"href":"https:\/\/glass-perfume-bottles.com\/es\/wp-json\/wp\/v2\/media\/3171"}],"wp:attachment":[{"href":"https:\/\/glass-perfume-bottles.com\/es\/wp-json\/wp\/v2\/media?parent=3169"}],"wp:term":[{"taxonomy":"product_brand","embeddable":true,"href":"https:\/\/glass-perfume-bottles.com\/es\/wp-json\/wp\/v2\/product_brand?post=3169"},{"taxonomy":"product_cat","embeddable":true,"href":"https:\/\/glass-perfume-bottles.com\/es\/wp-json\/wp\/v2\/product_cat?post=3169"},{"taxonomy":"product_tag","embeddable":true,"href":"https:\/\/glass-perfume-bottles.com\/es\/wp-json\/wp\/v2\/product_tag?post=3169"}],"curies":[{"name":"wp","href":"https:\/\/api.w.org\/{rel}","templated":true}]}}