{"id":3175,"date":"2026-01-23T10:17:05","date_gmt":"2026-01-23T10:17:05","guid":{"rendered":"https:\/\/glass-perfume-bottles.com\/?post_type=product&#038;p=3175"},"modified":"2026-05-12T05:31:26","modified_gmt":"2026-05-12T05:31:26","slug":"50ml-1-7oz-thick-tall-cylinder-perfume-bottles-wholesale-suppliers","status":"publish","type":"product","link":"https:\/\/glass-perfume-bottles.com\/es\/producto\/50ml-1-7oz-thick-tall-cylinder-perfume-bottles-wholesale-suppliers\/","title":{"rendered":"Botellas de perfume cil\u00edndricas altas de 50 ml y 1,7 oz de grosor"},"content":{"rendered":"<table>\n<tbody>\n<tr>\n<td width=\"158\">Nombre del producto<\/td>\n<td width=\"591\">Frascos de perfume cil\u00edndricos altos y gruesos<\/td>\n<\/tr>\n<tr>\n<td width=\"158\">Capacidad<\/td>\n<td width=\"591\">50 ml u otro tama\u00f1o personalizado<\/td>\n<\/tr>\n<tr>\n<td width=\"158\">Tama\u00f1o<\/td>\n<td width=\"591\">55 x 100 mm<\/td>\n<\/tr>\n<tr>\n<td width=\"158\">Peso<\/td>\n<td width=\"591\">120 gramos<\/td>\n<\/tr>\n<tr>\n<td width=\"158\">Material<\/td>\n<td width=\"591\">\u00a0Cristal de vidrio blanco<\/td>\n<\/tr>\n<tr>\n<td width=\"158\">Color del cuerpo<\/td>\n<td width=\"591\">Transparente, esmerilado, rojo, negro, azul, verde, rosa o color personalizado.<\/td>\n<\/tr>\n<tr>\n<td width=\"158\">Manipulaci\u00f3n de superficies<\/td>\n<td width=\"591\">Serigraf\u00eda, estampaci\u00f3n en caliente, esmerilado, metalizado, flocado, hologr\u00e1fico, recubrimiento de m\u00e1rmol, calcoman\u00eda, etc.<\/td>\n<\/tr>\n<tr>\n<td width=\"158\">Uso<\/td>\n<td width=\"591\">\u00a0Embalaje de aceite de perfume\/aceite esencial\/desodorante\/ambientador\/perfume\/suero\/aceite esencial\/t\u00f3nico<\/td>\n<\/tr>\n<tr>\n<td width=\"158\">Embalaje<\/td>\n<td width=\"591\">Exportaci\u00f3n de cart\u00f3n y luego palets de madera contrachapada.<\/td>\n<\/tr>\n<tr>\n<td width=\"158\">Cantidad m\u00ednima de pedido<\/td>\n<td width=\"591\">1000 piezas (ya que hay dise\u00f1o personalizado)<\/td>\n<\/tr>\n<tr>\n<td width=\"158\">Muestra<\/td>\n<td width=\"591\">Muestra gratis, se necesita costo de env\u00edo.<\/td>\n<\/tr>\n<tr>\n<td width=\"158\">Transporte<\/td>\n<td width=\"591\">FedEx\/DHL\/EMS\/UPS\/TNT\/Por mar\/Por aire, etc.<\/td>\n<\/tr>\n<tr>\n<td width=\"158\">Forma de pago<\/td>\n<td width=\"591\">Transferencia bancaria, carta de cr\u00e9dito, Western Union, MoneyGram, PayPal, etc.<\/td>\n<\/tr>\n<tr>\n<td width=\"158\">El tiempo de entrega<\/td>\n<td width=\"591\">Muestra 1-2 d\u00edas, pedido de producci\u00f3n 20-45 d\u00edas depende de los detalles del pedido.<\/td>\n<\/tr>\n<tr>\n<td width=\"158\">Servicio<\/td>\n<td width=\"591\">Servicio de botellas de vidrio OEM y ODM, servicio de dise\u00f1o, soluci\u00f3n integral<\/td>\n<\/tr>\n<\/tbody>\n<\/table>\n<p>Los frascos de perfume cil\u00edndricos altos y gruesos son de primera calidad. <a href=\"https:\/\/glass-perfume-bottles.com\/es\/producto\/customize-200ml-glacier-base-diffuser-bottle-suppliers\/\">contenedores de fragancias duraderos<\/a> Con vidrio grueso y de paredes gruesas, y un perfil elegante y estrecho, se encuentra disponible en capacidades de 50 ml (1.7 oz) y 100 ml (3.4 oz). Estos frascos de perfume de lujo cuentan con bases gruesas. Con atomizadores de niebla fina en dorado o plateado, y mecanismos de rosca rellenables, ideales para viajes y uso comercial.<\/p>\n<p>Como el cristal <a href=\"https:\/\/www.hyglassbottles.com\/product\/Exquisite-50ml-cylinder-perfume-bottle-in-stock.html\">empresa de fabricaci\u00f3n de frascos de perfume<\/a>Somos el socio de confianza en envases cosm\u00e9ticos, fragancias y materias primas para marcas de belleza de todo el mundo. M\u00e1s que un socio, colaboramos estrechamente con nuestros clientes para hacer realidad sus visiones creativas. Desde el dise\u00f1o y el desarrollo hasta la fabricaci\u00f3n y el suministro, podemos hacer realidad su idea. Con nuestra amplia experiencia en envases de perfumes y cosm\u00e9ticos, nuestro equipo puede ayudar a sus marcas a crear productos que reflejen su identidad y satisfagan las demandas del mercado. Si le interesan los frascos de perfume cil\u00edndricos altos y gruesos, \u00a1cons\u00faltenos!<\/p>\n<p>&nbsp;<\/p>","protected":false},"excerpt":{"rendered":"<p>Si est\u00e1 interesado en botellas de perfume cil\u00edndricas altas de 50 ml y 1,7 oz de espesor, \u00a1env\u00edenos una consulta!<\/p>","protected":false},"featured_media":3176,"comment_status":"open","ping_status":"closed","template":"","meta":{"_kad_blocks_custom_css":"","_kad_blocks_head_custom_js":"","_kad_blocks_body_custom_js":"","_kad_blocks_footer_custom_js":"","_kad_post_transparent":"default","_kad_post_title":"","_kad_post_layout":"default","_kad_post_sidebar_id":"","_kad_post_content_style":"default","_kad_post_vertical_padding":"default","_kad_post_feature":"","_kad_post_feature_position":"","_kad_post_header":false,"_kad_post_footer":false,"_joinchat":[]},"product_brand":[],"product_cat":[51],"product_tag":[513,512,514],"class_list":{"0":"post-3175","1":"product","2":"type-product","3":"status-publish","4":"has-post-thumbnail","6":"product_cat-glass-perfume-bottles","7":"product_tag-200ml-glacier-base-aroma-reed-diffuser-bottle-manufacturer","8":"product_tag-glacier-base-diffuser-bottle-suppliers","9":"product_tag-iceberg-base-aroma-diffuser-bottle-wholesale","11":"first","12":"instock","13":"shipping-taxable","14":"product-type-simple","15":"entry","16":"content-bg","17":"loop-entry"},"yoast_head":"<!-- This site is optimized with the Yoast SEO Premium plugin v20.5 (Yoast SEO v24.2) - https:\/\/yoast.com\/wordpress\/plugins\/seo\/ -->\n<title>Thick tall cylinder perfume bottles manufacturer and supplier<\/title>\n<meta name=\"description\" content=\"As the glass perfume bottle manufacturing company, we can produce and export you high quality 50ml 1.7oz thick tall cylinder perfume bottles.\" \/>\n<meta name=\"robots\" content=\"index, follow, max-snippet:-1, max-image-preview:large, max-video-preview:-1\" \/>\n<link rel=\"canonical\" href=\"https:\/\/glass-perfume-bottles.com\/es\/producto\/50ml-1-7oz-thick-tall-cylinder-perfume-bottles-wholesale-suppliers\/\" \/>\n<meta property=\"og:locale\" content=\"es_ES\" \/>\n<meta property=\"og:type\" content=\"article\" \/>\n<meta property=\"og:title\" content=\"50ml 1.7oz thick tall cylinder perfume bottles\" \/>\n<meta property=\"og:description\" content=\"As the glass perfume bottle manufacturing company, we can produce and export you high quality 50ml 1.7oz thick tall cylinder perfume bottles.\" \/>\n<meta property=\"og:url\" content=\"https:\/\/glass-perfume-bottles.com\/es\/producto\/50ml-1-7oz-thick-tall-cylinder-perfume-bottles-wholesale-suppliers\/\" \/>\n<meta property=\"og:site_name\" content=\"HY GLASS\" \/>\n<meta property=\"article:modified_time\" content=\"2026-05-12T05:31:26+00:00\" \/>\n<meta property=\"og:image\" content=\"https:\/\/glass-perfume-bottles.com\/wp-content\/uploads\/2026\/01\/Thick-Tall-Cylinder-Perfume-Bottles.jpg\" \/>\n\t<meta property=\"og:image:width\" content=\"720\" \/>\n\t<meta property=\"og:image:height\" content=\"720\" \/>\n\t<meta property=\"og:image:type\" content=\"image\/jpeg\" \/>\n<meta name=\"twitter:card\" content=\"summary_large_image\" \/>\n<meta name=\"twitter:label1\" content=\"Tiempo de lectura\" \/>\n\t<meta name=\"twitter:data1\" content=\"2 minutos\" \/>\n<script type=\"application\/ld+json\" class=\"yoast-schema-graph\">{\"@context\":\"https:\/\/schema.org\",\"@graph\":[{\"@type\":\"WebPage\",\"@id\":\"https:\/\/glass-perfume-bottles.com\/product\/50ml-1-7oz-thick-tall-cylinder-perfume-bottles-wholesale-suppliers\/\",\"url\":\"https:\/\/glass-perfume-bottles.com\/product\/50ml-1-7oz-thick-tall-cylinder-perfume-bottles-wholesale-suppliers\/\",\"name\":\"Thick tall cylinder perfume bottles manufacturer and supplier\",\"isPartOf\":{\"@id\":\"https:\/\/glass-perfume-bottles.com\/#website\"},\"primaryImageOfPage\":{\"@id\":\"https:\/\/glass-perfume-bottles.com\/product\/50ml-1-7oz-thick-tall-cylinder-perfume-bottles-wholesale-suppliers\/#primaryimage\"},\"image\":{\"@id\":\"https:\/\/glass-perfume-bottles.com\/product\/50ml-1-7oz-thick-tall-cylinder-perfume-bottles-wholesale-suppliers\/#primaryimage\"},\"thumbnailUrl\":\"https:\/\/glass-perfume-bottles.com\/wp-content\/uploads\/2026\/01\/Thick-Tall-Cylinder-Perfume-Bottles.jpg\",\"datePublished\":\"2026-01-23T10:17:05+00:00\",\"dateModified\":\"2026-05-12T05:31:26+00:00\",\"description\":\"As the glass perfume bottle manufacturing company, we can produce and export you high quality 50ml 1.7oz thick tall cylinder perfume bottles.\",\"breadcrumb\":{\"@id\":\"https:\/\/glass-perfume-bottles.com\/product\/50ml-1-7oz-thick-tall-cylinder-perfume-bottles-wholesale-suppliers\/#breadcrumb\"},\"inLanguage\":\"es\",\"potentialAction\":[{\"@type\":\"ReadAction\",\"target\":[\"https:\/\/glass-perfume-bottles.com\/product\/50ml-1-7oz-thick-tall-cylinder-perfume-bottles-wholesale-suppliers\/\"]}]},{\"@type\":\"ImageObject\",\"inLanguage\":\"es\",\"@id\":\"https:\/\/glass-perfume-bottles.com\/product\/50ml-1-7oz-thick-tall-cylinder-perfume-bottles-wholesale-suppliers\/#primaryimage\",\"url\":\"https:\/\/glass-perfume-bottles.com\/wp-content\/uploads\/2026\/01\/Thick-Tall-Cylinder-Perfume-Bottles.jpg\",\"contentUrl\":\"https:\/\/glass-perfume-bottles.com\/wp-content\/uploads\/2026\/01\/Thick-Tall-Cylinder-Perfume-Bottles.jpg\",\"width\":720,\"height\":720,\"caption\":\"Thick tall cylinder perfume bottles manufacturer, 50ml heave base glass perfume bottle suppliers, heavy base cylinder glass bottle wholesale\"},{\"@type\":\"BreadcrumbList\",\"@id\":\"https:\/\/glass-perfume-bottles.com\/product\/50ml-1-7oz-thick-tall-cylinder-perfume-bottles-wholesale-suppliers\/#breadcrumb\",\"itemListElement\":[{\"@type\":\"ListItem\",\"position\":1,\"name\":\"Home\",\"item\":\"https:\/\/glass-perfume-bottles.com\/\"},{\"@type\":\"ListItem\",\"position\":2,\"name\":\"Product\",\"item\":\"https:\/\/glass-perfume-bottles.com\/custom-made-perfume-bottle-suppliers-and-wholesale\/\"},{\"@type\":\"ListItem\",\"position\":3,\"name\":\"50ml 1.7oz thick tall cylinder perfume bottles\"}]},{\"@type\":\"WebSite\",\"@id\":\"https:\/\/glass-perfume-bottles.com\/#website\",\"url\":\"https:\/\/glass-perfume-bottles.com\/\",\"name\":\"HY GLASS\",\"description\":\"glass perfume bottle manufacturers &amp; suppliers, aroma reed diffuser bottle wholesale &amp; suppliers\",\"publisher\":{\"@id\":\"https:\/\/glass-perfume-bottles.com\/#organization\"},\"potentialAction\":[{\"@type\":\"SearchAction\",\"target\":{\"@type\":\"EntryPoint\",\"urlTemplate\":\"https:\/\/glass-perfume-bottles.com\/?s={search_term_string}\"},\"query-input\":{\"@type\":\"PropertyValueSpecification\",\"valueRequired\":true,\"valueName\":\"search_term_string\"}}],\"inLanguage\":\"es\"},{\"@type\":\"Organization\",\"@id\":\"https:\/\/glass-perfume-bottles.com\/#organization\",\"name\":\"HY GLASS\",\"url\":\"https:\/\/glass-perfume-bottles.com\/\",\"logo\":{\"@type\":\"ImageObject\",\"inLanguage\":\"es\",\"@id\":\"https:\/\/glass-perfume-bottles.com\/#\/schema\/logo\/image\/\",\"url\":\"https:\/\/glass-perfume-bottles.com\/wp-content\/uploads\/2023\/09\/logo21.png\",\"contentUrl\":\"https:\/\/glass-perfume-bottles.com\/wp-content\/uploads\/2023\/09\/logo21.png\",\"width\":342,\"height\":268,\"caption\":\"HY GLASS\"},\"image\":{\"@id\":\"https:\/\/glass-perfume-bottles.com\/#\/schema\/logo\/image\/\"}}]}<\/script>\n<!-- \/ Yoast SEO Premium plugin. -->","yoast_head_json":{"title":"Thick tall cylinder perfume bottles manufacturer and supplier","description":"As the glass perfume bottle manufacturing company, we can produce and export you high quality 50ml 1.7oz thick tall cylinder perfume bottles.","robots":{"index":"index","follow":"follow","max-snippet":"max-snippet:-1","max-image-preview":"max-image-preview:large","max-video-preview":"max-video-preview:-1"},"canonical":"https:\/\/glass-perfume-bottles.com\/es\/producto\/50ml-1-7oz-thick-tall-cylinder-perfume-bottles-wholesale-suppliers\/","og_locale":"es_ES","og_type":"article","og_title":"50ml 1.7oz thick tall cylinder perfume bottles","og_description":"As the glass perfume bottle manufacturing company, we can produce and export you high quality 50ml 1.7oz thick tall cylinder perfume bottles.","og_url":"https:\/\/glass-perfume-bottles.com\/es\/producto\/50ml-1-7oz-thick-tall-cylinder-perfume-bottles-wholesale-suppliers\/","og_site_name":"HY GLASS","article_modified_time":"2026-05-12T05:31:26+00:00","og_image":[{"width":720,"height":720,"url":"https:\/\/glass-perfume-bottles.com\/wp-content\/uploads\/2026\/01\/Thick-Tall-Cylinder-Perfume-Bottles.jpg","type":"image\/jpeg"}],"twitter_card":"summary_large_image","twitter_misc":{"Tiempo de lectura":"2 minutos"},"schema":{"@context":"https:\/\/schema.org","@graph":[{"@type":"WebPage","@id":"https:\/\/glass-perfume-bottles.com\/product\/50ml-1-7oz-thick-tall-cylinder-perfume-bottles-wholesale-suppliers\/","url":"https:\/\/glass-perfume-bottles.com\/product\/50ml-1-7oz-thick-tall-cylinder-perfume-bottles-wholesale-suppliers\/","name":"Thick tall cylinder perfume bottles manufacturer and supplier","isPartOf":{"@id":"https:\/\/glass-perfume-bottles.com\/#website"},"primaryImageOfPage":{"@id":"https:\/\/glass-perfume-bottles.com\/product\/50ml-1-7oz-thick-tall-cylinder-perfume-bottles-wholesale-suppliers\/#primaryimage"},"image":{"@id":"https:\/\/glass-perfume-bottles.com\/product\/50ml-1-7oz-thick-tall-cylinder-perfume-bottles-wholesale-suppliers\/#primaryimage"},"thumbnailUrl":"https:\/\/glass-perfume-bottles.com\/wp-content\/uploads\/2026\/01\/Thick-Tall-Cylinder-Perfume-Bottles.jpg","datePublished":"2026-01-23T10:17:05+00:00","dateModified":"2026-05-12T05:31:26+00:00","description":"As the glass perfume bottle manufacturing company, we can produce and export you high quality 50ml 1.7oz thick tall cylinder perfume bottles.","breadcrumb":{"@id":"https:\/\/glass-perfume-bottles.com\/product\/50ml-1-7oz-thick-tall-cylinder-perfume-bottles-wholesale-suppliers\/#breadcrumb"},"inLanguage":"es","potentialAction":[{"@type":"ReadAction","target":["https:\/\/glass-perfume-bottles.com\/product\/50ml-1-7oz-thick-tall-cylinder-perfume-bottles-wholesale-suppliers\/"]}]},{"@type":"ImageObject","inLanguage":"es","@id":"https:\/\/glass-perfume-bottles.com\/product\/50ml-1-7oz-thick-tall-cylinder-perfume-bottles-wholesale-suppliers\/#primaryimage","url":"https:\/\/glass-perfume-bottles.com\/wp-content\/uploads\/2026\/01\/Thick-Tall-Cylinder-Perfume-Bottles.jpg","contentUrl":"https:\/\/glass-perfume-bottles.com\/wp-content\/uploads\/2026\/01\/Thick-Tall-Cylinder-Perfume-Bottles.jpg","width":720,"height":720,"caption":"Thick tall cylinder perfume bottles manufacturer, 50ml heave base glass perfume bottle suppliers, heavy base cylinder glass bottle wholesale"},{"@type":"BreadcrumbList","@id":"https:\/\/glass-perfume-bottles.com\/product\/50ml-1-7oz-thick-tall-cylinder-perfume-bottles-wholesale-suppliers\/#breadcrumb","itemListElement":[{"@type":"ListItem","position":1,"name":"Home","item":"https:\/\/glass-perfume-bottles.com\/"},{"@type":"ListItem","position":2,"name":"Product","item":"https:\/\/glass-perfume-bottles.com\/custom-made-perfume-bottle-suppliers-and-wholesale\/"},{"@type":"ListItem","position":3,"name":"50ml 1.7oz thick tall cylinder perfume bottles"}]},{"@type":"WebSite","@id":"https:\/\/glass-perfume-bottles.com\/#website","url":"https:\/\/glass-perfume-bottles.com\/","name":"HY GLASS","description":"glass perfume bottle manufacturers &amp; suppliers, aroma reed diffuser bottle wholesale &amp; suppliers","publisher":{"@id":"https:\/\/glass-perfume-bottles.com\/#organization"},"potentialAction":[{"@type":"SearchAction","target":{"@type":"EntryPoint","urlTemplate":"https:\/\/glass-perfume-bottles.com\/?s={search_term_string}"},"query-input":{"@type":"PropertyValueSpecification","valueRequired":true,"valueName":"search_term_string"}}],"inLanguage":"es"},{"@type":"Organization","@id":"https:\/\/glass-perfume-bottles.com\/#organization","name":"HY GLASS","url":"https:\/\/glass-perfume-bottles.com\/","logo":{"@type":"ImageObject","inLanguage":"es","@id":"https:\/\/glass-perfume-bottles.com\/#\/schema\/logo\/image\/","url":"https:\/\/glass-perfume-bottles.com\/wp-content\/uploads\/2023\/09\/logo21.png","contentUrl":"https:\/\/glass-perfume-bottles.com\/wp-content\/uploads\/2023\/09\/logo21.png","width":342,"height":268,"caption":"HY GLASS"},"image":{"@id":"https:\/\/glass-perfume-bottles.com\/#\/schema\/logo\/image\/"}}]}},"taxonomy_info":{"product_cat":[{"value":51,"label":"Glass Perfume Bottle"}],"product_tag":[{"value":513,"label":"200ml glacier base aroma reed diffuser bottle manufacturer"},{"value":512,"label":"glacier base diffuser bottle suppliers"},{"value":514,"label":"Iceberg base aroma diffuser bottle wholesale"}]},"featured_image_src_large":["https:\/\/glass-perfume-bottles.com\/wp-content\/uploads\/2026\/01\/Thick-Tall-Cylinder-Perfume-Bottles.jpg",720,720,false],"author_info":[],"comment_info":3,"_links":{"self":[{"href":"https:\/\/glass-perfume-bottles.com\/es\/wp-json\/wp\/v2\/product\/3175","targetHints":{"allow":["GET"]}}],"collection":[{"href":"https:\/\/glass-perfume-bottles.com\/es\/wp-json\/wp\/v2\/product"}],"about":[{"href":"https:\/\/glass-perfume-bottles.com\/es\/wp-json\/wp\/v2\/types\/product"}],"replies":[{"embeddable":true,"href":"https:\/\/glass-perfume-bottles.com\/es\/wp-json\/wp\/v2\/comments?post=3175"}],"wp:featuredmedia":[{"embeddable":true,"href":"https:\/\/glass-perfume-bottles.com\/es\/wp-json\/wp\/v2\/media\/3176"}],"wp:attachment":[{"href":"https:\/\/glass-perfume-bottles.com\/es\/wp-json\/wp\/v2\/media?parent=3175"}],"wp:term":[{"taxonomy":"product_brand","embeddable":true,"href":"https:\/\/glass-perfume-bottles.com\/es\/wp-json\/wp\/v2\/product_brand?post=3175"},{"taxonomy":"product_cat","embeddable":true,"href":"https:\/\/glass-perfume-bottles.com\/es\/wp-json\/wp\/v2\/product_cat?post=3175"},{"taxonomy":"product_tag","embeddable":true,"href":"https:\/\/glass-perfume-bottles.com\/es\/wp-json\/wp\/v2\/product_tag?post=3175"}],"curies":[{"name":"wp","href":"https:\/\/api.w.org\/{rel}","templated":true}]}}