{"id":3180,"date":"2026-02-11T07:14:29","date_gmt":"2026-02-11T07:14:29","guid":{"rendered":"https:\/\/glass-perfume-bottles.com\/?post_type=product&#038;p=3180"},"modified":"2026-02-11T07:26:11","modified_gmt":"2026-02-11T07:26:11","slug":"custom-logo-colored-rectangular-perfume-bottles-wholesale-factories","status":"publish","type":"product","link":"https:\/\/glass-perfume-bottles.com\/es\/producto\/custom-logo-colored-rectangular-perfume-bottles-wholesale-factories\/","title":{"rendered":"Frascos de perfume rectangulares de colores"},"content":{"rendered":"<table>\n<tbody>\n<tr>\n<td width=\"158\">Nombre del producto<\/td>\n<td width=\"591\">Frascos de perfume rectangulares de colores<\/td>\n<\/tr>\n<tr>\n<td width=\"158\">Capacidad<\/td>\n<td width=\"591\">30ml or custom other size<\/td>\n<\/tr>\n<tr>\n<td width=\"158\">Tama\u00f1o<\/td>\n<td width=\"591\">29x93mm<\/td>\n<\/tr>\n<tr>\n<td width=\"158\">Peso<\/td>\n<td width=\"591\">80g<\/td>\n<\/tr>\n<tr>\n<td width=\"158\">Material<\/td>\n<td width=\"591\">\u00a0Cristal de vidrio blanco<\/td>\n<\/tr>\n<tr>\n<td width=\"158\">Color del cuerpo<\/td>\n<td width=\"591\">Clear, frosted, red, black, blue, green, pink, amber, colorful, gradient or customized color<\/td>\n<\/tr>\n<tr>\n<td width=\"158\">Manipulaci\u00f3n de superficies<\/td>\n<td width=\"591\">Serigraf\u00eda, estampaci\u00f3n en caliente, esmerilado, metalizado, flocado, hologr\u00e1fico, recubrimiento de m\u00e1rmol, calcoman\u00eda, etc.<\/td>\n<\/tr>\n<tr>\n<td width=\"158\">Uso<\/td>\n<td width=\"591\">\u00a0Embalaje de aceite de perfume\/aceite esencial\/desodorante\/ambientador\/perfume\/suero\/aceite esencial\/t\u00f3nico<\/td>\n<\/tr>\n<tr>\n<td width=\"158\">Embalaje<\/td>\n<td width=\"591\">Exportaci\u00f3n de cart\u00f3n y luego palets de madera contrachapada.<\/td>\n<\/tr>\n<tr>\n<td width=\"158\">Cantidad m\u00ednima de pedido<\/td>\n<td width=\"591\">1000 piezas (ya que hay dise\u00f1o personalizado)<\/td>\n<\/tr>\n<tr>\n<td width=\"158\">Muestra<\/td>\n<td width=\"591\">Muestra gratis, se necesita costo de env\u00edo.<\/td>\n<\/tr>\n<tr>\n<td width=\"158\">Transporte<\/td>\n<td width=\"591\">FedEx\/DHL\/EMS\/UPS\/TNT\/Por mar\/Por aire, etc.<\/td>\n<\/tr>\n<tr>\n<td width=\"158\">Forma de pago<\/td>\n<td width=\"591\">Transferencia bancaria, carta de cr\u00e9dito, Western Union, MoneyGram, PayPal, etc.<\/td>\n<\/tr>\n<tr>\n<td width=\"158\">El tiempo de entrega<\/td>\n<td width=\"591\">Muestra 1-2 d\u00edas, pedido de producci\u00f3n 20-45 d\u00edas depende de los detalles del pedido.<\/td>\n<\/tr>\n<tr>\n<td width=\"158\">Servicio<\/td>\n<td width=\"591\">Custom private label glass bottle service, Design service, One- stop solution<\/td>\n<\/tr>\n<\/tbody>\n<\/table>\n<p>Como el <a href=\"https:\/\/glass-perfume-bottles.com\/es\/producto\/50ml-1-7oz-thick-tall-cylinder-perfume-bottles-wholesale-suppliers\/\">custom logo perfume bottle manufacturer<\/a>, we have large\u00a0collection of glass perfume bottles and vials\u00a0in our stock. Our colored rectangle perfume bottles are\u00a0designed to meet the needs of brands and manufacturers in the high-end fragrance industry.\u00a0We also focus on customized your own brand glass perfume bottles.<\/p>\n<p>Nuestro <a href=\"https:\/\/www.hyglassbottles.com\/product\/custom-colored-glass-empty-perfume-spray-bottles-wholesale.html\">glass perfume bottles<\/a>\u00a0are available in various sizes and designs\u00a0which\u00a0are the ideal choice for you. If you want to seek elegant, customizable, and professional perfume packaging, please feel free to contact us. You can inform us your idea of your own brand, marketing purpose and product position. We will give your our professional advice and provide on stop solution service.<\/p>\n<p>If you want to customize own shape and size with colored rectangular perfume bottles, we can make it come true. These colorful mini spray bottles are with premium quality and it is sufficient amount and large enough for storing perfume, essential oils, makeup sprays, hairspray and so on. Welcome to contact us for more information.<\/p>\n<p>&nbsp;<\/p>","protected":false},"excerpt":{"rendered":"<p>Si est\u00e1 interesado en botellas de perfume cil\u00edndricas altas de 50 ml y 1,7 oz de espesor, \u00a1env\u00edenos una consulta!<\/p>","protected":false},"featured_media":3182,"comment_status":"open","ping_status":"closed","template":"","meta":{"_kad_blocks_custom_css":"","_kad_blocks_head_custom_js":"","_kad_blocks_body_custom_js":"","_kad_blocks_footer_custom_js":"","_kad_post_transparent":"default","_kad_post_title":"","_kad_post_layout":"default","_kad_post_sidebar_id":"","_kad_post_content_style":"default","_kad_post_vertical_padding":"default","_kad_post_feature":"","_kad_post_feature_position":"","_kad_post_header":false,"_kad_post_footer":false,"_joinchat":[]},"product_brand":[],"product_cat":[51],"product_tag":[517,515,519,518,516],"class_list":{"0":"post-3180","1":"product","2":"type-product","3":"status-publish","4":"has-post-thumbnail","6":"product_cat-glass-perfume-bottles","7":"product_tag-30ml-colored-portable-dispensing-bottles","8":"product_tag-colored-rectangular-glass-perfume-bottles-suppliers","9":"product_tag-custom-colored-glass-perfume-bottles","10":"product_tag-luxury-multi-color-fine-mist-travel-glass-spray-bottle","11":"product_tag-multi-colored-rectangular-glass-perfume-bottles-factory","13":"first","14":"instock","15":"shipping-taxable","16":"product-type-simple","17":"entry","18":"content-bg","19":"loop-entry"},"yoast_head":"<!-- This site is optimized with the Yoast SEO Premium plugin v20.5 (Yoast SEO v24.2) - https:\/\/yoast.com\/wordpress\/plugins\/seo\/ -->\n<title>Colored rectangular perfume bottles manufacturer and supplier<\/title>\n<meta name=\"description\" content=\"As the custom logo perfume bottle manufacturer, we have large\u00a0collection of colored rectangular perfume bottles with different capacity and shapes.\" \/>\n<meta name=\"robots\" content=\"index, follow, max-snippet:-1, max-image-preview:large, max-video-preview:-1\" \/>\n<link rel=\"canonical\" href=\"https:\/\/glass-perfume-bottles.com\/es\/producto\/custom-logo-colored-rectangular-perfume-bottles-wholesale-factories\/\" \/>\n<meta property=\"og:locale\" content=\"es_ES\" \/>\n<meta property=\"og:type\" content=\"article\" \/>\n<meta property=\"og:title\" content=\"Colored rectangular perfume bottles\" \/>\n<meta property=\"og:description\" content=\"As the custom logo perfume bottle manufacturer, we have large\u00a0collection of colored rectangular perfume bottles with different capacity and shapes.\" \/>\n<meta property=\"og:url\" content=\"https:\/\/glass-perfume-bottles.com\/es\/producto\/custom-logo-colored-rectangular-perfume-bottles-wholesale-factories\/\" \/>\n<meta property=\"og:site_name\" content=\"HY GLASS\" \/>\n<meta property=\"article:modified_time\" content=\"2026-02-11T07:26:11+00:00\" \/>\n<meta property=\"og:image\" content=\"https:\/\/glass-perfume-bottles.com\/wp-content\/uploads\/2026\/02\/custom-30ml-perfume-bottle-2-1.jpg\" \/>\n\t<meta property=\"og:image:width\" content=\"720\" \/>\n\t<meta property=\"og:image:height\" content=\"720\" \/>\n\t<meta property=\"og:image:type\" content=\"image\/jpeg\" \/>\n<meta name=\"twitter:card\" content=\"summary_large_image\" \/>\n<meta name=\"twitter:label1\" content=\"Tiempo de lectura\" \/>\n\t<meta name=\"twitter:data1\" content=\"2 minutos\" \/>\n<script type=\"application\/ld+json\" class=\"yoast-schema-graph\">{\"@context\":\"https:\/\/schema.org\",\"@graph\":[{\"@type\":\"WebPage\",\"@id\":\"https:\/\/glass-perfume-bottles.com\/product\/custom-logo-colored-rectangular-perfume-bottles-wholesale-factories\/\",\"url\":\"https:\/\/glass-perfume-bottles.com\/product\/custom-logo-colored-rectangular-perfume-bottles-wholesale-factories\/\",\"name\":\"Colored rectangular perfume bottles manufacturer and supplier\",\"isPartOf\":{\"@id\":\"https:\/\/glass-perfume-bottles.com\/#website\"},\"primaryImageOfPage\":{\"@id\":\"https:\/\/glass-perfume-bottles.com\/product\/custom-logo-colored-rectangular-perfume-bottles-wholesale-factories\/#primaryimage\"},\"image\":{\"@id\":\"https:\/\/glass-perfume-bottles.com\/product\/custom-logo-colored-rectangular-perfume-bottles-wholesale-factories\/#primaryimage\"},\"thumbnailUrl\":\"https:\/\/glass-perfume-bottles.com\/wp-content\/uploads\/2026\/02\/custom-30ml-perfume-bottle-2-1.jpg\",\"datePublished\":\"2026-02-11T07:14:29+00:00\",\"dateModified\":\"2026-02-11T07:26:11+00:00\",\"description\":\"As the custom logo perfume bottle manufacturer, we have large\u00a0collection of colored rectangular perfume bottles with different capacity and shapes.\",\"breadcrumb\":{\"@id\":\"https:\/\/glass-perfume-bottles.com\/product\/custom-logo-colored-rectangular-perfume-bottles-wholesale-factories\/#breadcrumb\"},\"inLanguage\":\"es\",\"potentialAction\":[{\"@type\":\"ReadAction\",\"target\":[\"https:\/\/glass-perfume-bottles.com\/product\/custom-logo-colored-rectangular-perfume-bottles-wholesale-factories\/\"]}]},{\"@type\":\"ImageObject\",\"inLanguage\":\"es\",\"@id\":\"https:\/\/glass-perfume-bottles.com\/product\/custom-logo-colored-rectangular-perfume-bottles-wholesale-factories\/#primaryimage\",\"url\":\"https:\/\/glass-perfume-bottles.com\/wp-content\/uploads\/2026\/02\/custom-30ml-perfume-bottle-2-1.jpg\",\"contentUrl\":\"https:\/\/glass-perfume-bottles.com\/wp-content\/uploads\/2026\/02\/custom-30ml-perfume-bottle-2-1.jpg\",\"width\":720,\"height\":720,\"caption\":\"colored rectangular glass perfume bottles suppliers, multi-colored rectangular glass perfume bottles factory, 30ml colored portable dispensing bottles, luxury multi-color fine mist travel glass spray bottle, custom colored glass perfume bottles\"},{\"@type\":\"BreadcrumbList\",\"@id\":\"https:\/\/glass-perfume-bottles.com\/product\/custom-logo-colored-rectangular-perfume-bottles-wholesale-factories\/#breadcrumb\",\"itemListElement\":[{\"@type\":\"ListItem\",\"position\":1,\"name\":\"Home\",\"item\":\"https:\/\/glass-perfume-bottles.com\/\"},{\"@type\":\"ListItem\",\"position\":2,\"name\":\"Product\",\"item\":\"https:\/\/glass-perfume-bottles.com\/custom-made-perfume-bottle-suppliers-and-wholesale\/\"},{\"@type\":\"ListItem\",\"position\":3,\"name\":\"Colored rectangular perfume bottles\"}]},{\"@type\":\"WebSite\",\"@id\":\"https:\/\/glass-perfume-bottles.com\/#website\",\"url\":\"https:\/\/glass-perfume-bottles.com\/\",\"name\":\"HY GLASS\",\"description\":\"glass perfume bottle manufacturers &amp; suppliers, aroma reed diffuser bottle wholesale &amp; suppliers\",\"publisher\":{\"@id\":\"https:\/\/glass-perfume-bottles.com\/#organization\"},\"potentialAction\":[{\"@type\":\"SearchAction\",\"target\":{\"@type\":\"EntryPoint\",\"urlTemplate\":\"https:\/\/glass-perfume-bottles.com\/?s={search_term_string}\"},\"query-input\":{\"@type\":\"PropertyValueSpecification\",\"valueRequired\":true,\"valueName\":\"search_term_string\"}}],\"inLanguage\":\"es\"},{\"@type\":\"Organization\",\"@id\":\"https:\/\/glass-perfume-bottles.com\/#organization\",\"name\":\"HY GLASS\",\"url\":\"https:\/\/glass-perfume-bottles.com\/\",\"logo\":{\"@type\":\"ImageObject\",\"inLanguage\":\"es\",\"@id\":\"https:\/\/glass-perfume-bottles.com\/#\/schema\/logo\/image\/\",\"url\":\"https:\/\/glass-perfume-bottles.com\/wp-content\/uploads\/2023\/09\/logo21.png\",\"contentUrl\":\"https:\/\/glass-perfume-bottles.com\/wp-content\/uploads\/2023\/09\/logo21.png\",\"width\":342,\"height\":268,\"caption\":\"HY GLASS\"},\"image\":{\"@id\":\"https:\/\/glass-perfume-bottles.com\/#\/schema\/logo\/image\/\"}}]}<\/script>\n<!-- \/ Yoast SEO Premium plugin. -->","yoast_head_json":{"title":"Colored rectangular perfume bottles manufacturer and supplier","description":"As the custom logo perfume bottle manufacturer, we have large\u00a0collection of colored rectangular perfume bottles with different capacity and shapes.","robots":{"index":"index","follow":"follow","max-snippet":"max-snippet:-1","max-image-preview":"max-image-preview:large","max-video-preview":"max-video-preview:-1"},"canonical":"https:\/\/glass-perfume-bottles.com\/es\/producto\/custom-logo-colored-rectangular-perfume-bottles-wholesale-factories\/","og_locale":"es_ES","og_type":"article","og_title":"Colored rectangular perfume bottles","og_description":"As the custom logo perfume bottle manufacturer, we have large\u00a0collection of colored rectangular perfume bottles with different capacity and shapes.","og_url":"https:\/\/glass-perfume-bottles.com\/es\/producto\/custom-logo-colored-rectangular-perfume-bottles-wholesale-factories\/","og_site_name":"HY GLASS","article_modified_time":"2026-02-11T07:26:11+00:00","og_image":[{"width":720,"height":720,"url":"https:\/\/glass-perfume-bottles.com\/wp-content\/uploads\/2026\/02\/custom-30ml-perfume-bottle-2-1.jpg","type":"image\/jpeg"}],"twitter_card":"summary_large_image","twitter_misc":{"Tiempo de lectura":"2 minutos"},"schema":{"@context":"https:\/\/schema.org","@graph":[{"@type":"WebPage","@id":"https:\/\/glass-perfume-bottles.com\/product\/custom-logo-colored-rectangular-perfume-bottles-wholesale-factories\/","url":"https:\/\/glass-perfume-bottles.com\/product\/custom-logo-colored-rectangular-perfume-bottles-wholesale-factories\/","name":"Colored rectangular perfume bottles manufacturer and supplier","isPartOf":{"@id":"https:\/\/glass-perfume-bottles.com\/#website"},"primaryImageOfPage":{"@id":"https:\/\/glass-perfume-bottles.com\/product\/custom-logo-colored-rectangular-perfume-bottles-wholesale-factories\/#primaryimage"},"image":{"@id":"https:\/\/glass-perfume-bottles.com\/product\/custom-logo-colored-rectangular-perfume-bottles-wholesale-factories\/#primaryimage"},"thumbnailUrl":"https:\/\/glass-perfume-bottles.com\/wp-content\/uploads\/2026\/02\/custom-30ml-perfume-bottle-2-1.jpg","datePublished":"2026-02-11T07:14:29+00:00","dateModified":"2026-02-11T07:26:11+00:00","description":"As the custom logo perfume bottle manufacturer, we have large\u00a0collection of colored rectangular perfume bottles with different capacity and shapes.","breadcrumb":{"@id":"https:\/\/glass-perfume-bottles.com\/product\/custom-logo-colored-rectangular-perfume-bottles-wholesale-factories\/#breadcrumb"},"inLanguage":"es","potentialAction":[{"@type":"ReadAction","target":["https:\/\/glass-perfume-bottles.com\/product\/custom-logo-colored-rectangular-perfume-bottles-wholesale-factories\/"]}]},{"@type":"ImageObject","inLanguage":"es","@id":"https:\/\/glass-perfume-bottles.com\/product\/custom-logo-colored-rectangular-perfume-bottles-wholesale-factories\/#primaryimage","url":"https:\/\/glass-perfume-bottles.com\/wp-content\/uploads\/2026\/02\/custom-30ml-perfume-bottle-2-1.jpg","contentUrl":"https:\/\/glass-perfume-bottles.com\/wp-content\/uploads\/2026\/02\/custom-30ml-perfume-bottle-2-1.jpg","width":720,"height":720,"caption":"colored rectangular glass perfume bottles suppliers, multi-colored rectangular glass perfume bottles factory, 30ml colored portable dispensing bottles, luxury multi-color fine mist travel glass spray bottle, custom colored glass perfume bottles"},{"@type":"BreadcrumbList","@id":"https:\/\/glass-perfume-bottles.com\/product\/custom-logo-colored-rectangular-perfume-bottles-wholesale-factories\/#breadcrumb","itemListElement":[{"@type":"ListItem","position":1,"name":"Home","item":"https:\/\/glass-perfume-bottles.com\/"},{"@type":"ListItem","position":2,"name":"Product","item":"https:\/\/glass-perfume-bottles.com\/custom-made-perfume-bottle-suppliers-and-wholesale\/"},{"@type":"ListItem","position":3,"name":"Colored rectangular perfume bottles"}]},{"@type":"WebSite","@id":"https:\/\/glass-perfume-bottles.com\/#website","url":"https:\/\/glass-perfume-bottles.com\/","name":"HY GLASS","description":"glass perfume bottle manufacturers &amp; suppliers, aroma reed diffuser bottle wholesale &amp; suppliers","publisher":{"@id":"https:\/\/glass-perfume-bottles.com\/#organization"},"potentialAction":[{"@type":"SearchAction","target":{"@type":"EntryPoint","urlTemplate":"https:\/\/glass-perfume-bottles.com\/?s={search_term_string}"},"query-input":{"@type":"PropertyValueSpecification","valueRequired":true,"valueName":"search_term_string"}}],"inLanguage":"es"},{"@type":"Organization","@id":"https:\/\/glass-perfume-bottles.com\/#organization","name":"HY GLASS","url":"https:\/\/glass-perfume-bottles.com\/","logo":{"@type":"ImageObject","inLanguage":"es","@id":"https:\/\/glass-perfume-bottles.com\/#\/schema\/logo\/image\/","url":"https:\/\/glass-perfume-bottles.com\/wp-content\/uploads\/2023\/09\/logo21.png","contentUrl":"https:\/\/glass-perfume-bottles.com\/wp-content\/uploads\/2023\/09\/logo21.png","width":342,"height":268,"caption":"HY GLASS"},"image":{"@id":"https:\/\/glass-perfume-bottles.com\/#\/schema\/logo\/image\/"}}]}},"taxonomy_info":{"product_cat":[{"value":51,"label":"Glass Perfume Bottle"}],"product_tag":[{"value":517,"label":"30ml colored portable dispensing bottles"},{"value":515,"label":"colored rectangular glass perfume bottles suppliers"},{"value":519,"label":"custom colored glass perfume bottles"},{"value":518,"label":"luxury multi-color fine mist travel glass spray bottle"},{"value":516,"label":"multi-colored rectangular glass perfume bottles factory"}]},"featured_image_src_large":["https:\/\/glass-perfume-bottles.com\/wp-content\/uploads\/2026\/02\/custom-30ml-perfume-bottle-2-1.jpg",720,720,false],"author_info":[],"comment_info":0,"_links":{"self":[{"href":"https:\/\/glass-perfume-bottles.com\/es\/wp-json\/wp\/v2\/product\/3180","targetHints":{"allow":["GET"]}}],"collection":[{"href":"https:\/\/glass-perfume-bottles.com\/es\/wp-json\/wp\/v2\/product"}],"about":[{"href":"https:\/\/glass-perfume-bottles.com\/es\/wp-json\/wp\/v2\/types\/product"}],"replies":[{"embeddable":true,"href":"https:\/\/glass-perfume-bottles.com\/es\/wp-json\/wp\/v2\/comments?post=3180"}],"wp:featuredmedia":[{"embeddable":true,"href":"https:\/\/glass-perfume-bottles.com\/es\/wp-json\/wp\/v2\/media\/3182"}],"wp:attachment":[{"href":"https:\/\/glass-perfume-bottles.com\/es\/wp-json\/wp\/v2\/media?parent=3180"}],"wp:term":[{"taxonomy":"product_brand","embeddable":true,"href":"https:\/\/glass-perfume-bottles.com\/es\/wp-json\/wp\/v2\/product_brand?post=3180"},{"taxonomy":"product_cat","embeddable":true,"href":"https:\/\/glass-perfume-bottles.com\/es\/wp-json\/wp\/v2\/product_cat?post=3180"},{"taxonomy":"product_tag","embeddable":true,"href":"https:\/\/glass-perfume-bottles.com\/es\/wp-json\/wp\/v2\/product_tag?post=3180"}],"curies":[{"name":"wp","href":"https:\/\/api.w.org\/{rel}","templated":true}]}}