{"id":1859,"date":"2024-12-22T05:40:18","date_gmt":"2024-12-22T05:40:18","guid":{"rendered":"https:\/\/glass-perfume-bottles.com\/?post_type=product&#038;p=1859"},"modified":"2025-01-31T13:12:12","modified_gmt":"2025-01-31T13:12:12","slug":"perfume-bottle-sprayer","status":"publish","type":"product","link":"https:\/\/glass-perfume-bottles.com\/fr\/produit\/perfume-bottle-sprayer\/","title":{"rendered":"Vaporisateur de parfum"},"content":{"rendered":"<table>\n<tbody>\n<tr>\n<td width=\"158\">Nom du produit<\/td>\n<td width=\"591\">Flacon de parfum avec pompe \u00e0 vaporisateur<\/td>\n<\/tr>\n<tr>\n<td width=\"158\">Taille<\/td>\n<td width=\"591\">12 mm, 13 mm, 15 mm, 18 mm, 20 mm, 24 mm<\/td>\n<\/tr>\n<tr>\n<td width=\"158\">Quantit\u00e9 minimale de commande<\/td>\n<td width=\"591\">10000 pi\u00e8ces (car il existe une conception personnalis\u00e9e)<\/td>\n<\/tr>\n<tr>\n<td width=\"158\">Couleur<\/td>\n<td width=\"591\">Couleur personnalis\u00e9e<\/td>\n<\/tr>\n<tr>\n<td width=\"158\">Usage<\/td>\n<td width=\"591\">Parfum, cosm\u00e9tique, soins du corps, etc.<\/td>\n<\/tr>\n<tr>\n<td width=\"158\">Mat\u00e9riel<\/td>\n<td width=\"591\">PP, aluminium, PEBD, etc.<\/td>\n<\/tr>\n<tr>\n<td width=\"158\">Type de capuchon correspondant<\/td>\n<td width=\"591\">Distributeurs, Pulv\u00e9risateurs, Pompes, Atomiseurs<\/td>\n<\/tr>\n<tr>\n<td width=\"158\">Surface<\/td>\n<td width=\"591\">Peinture, impression, \u00e9tiquetage, d\u00e9calcomanie, marquage \u00e0 chaud, etc.<\/td>\n<\/tr>\n<tr>\n<td width=\"158\">Dosage<\/td>\n<td width=\"591\">0,04 ml\/t, 0,06 ml\/t, 0,12 ml\/t, 0,16 ml\/t, etc.<\/td>\n<\/tr>\n<tr>\n<td width=\"158\">\u00c9chantillon<\/td>\n<td width=\"591\">\u00c9chantillon gratuit, frais de transport n\u00e9cessaires.<\/td>\n<\/tr>\n<tr>\n<td width=\"158\">Transport<\/td>\n<td width=\"591\">FedEx\/DHL\/EMS\/UPS\/TNT\/Par mer\/Par avion, etc.<\/td>\n<\/tr>\n<tr>\n<td width=\"158\">Mode de paiement<\/td>\n<td width=\"591\">Virement bancaire, L\/C, Western Union, Money Gram, Paypal, etc.<\/td>\n<\/tr>\n<tr>\n<td width=\"158\">D\u00e9lai de livraison<\/td>\n<td width=\"591\">\u00c9chantillon 1 \u00e0 2 jours, production de commande 20 \u00e0 45 jours selon les d\u00e9tails de la commande.<\/td>\n<\/tr>\n<tr>\n<td width=\"158\">Service<\/td>\n<td width=\"591\">Service OEM et ODM, service de conception, solution unique<\/td>\n<\/tr>\n<\/tbody>\n<\/table>\n<p>Les vaporisateurs en aluminium color\u00e9s en gros pour flacons de parfum sont des outils essentiels pour tous ceux qui aiment porter des parfums.<\/p>\n<p>Ils vous permettent d&#039;appliquer le parfum uniform\u00e9ment et avec pr\u00e9cision, sans gaspiller aucun de vos parfums pr\u00e9f\u00e9r\u00e9s. Le vaporisateur de parfum est un petit appareil portatif qui peut \u00eatre utilis\u00e9 pour appliquer du parfum sur votre corps ou vos v\u00eatements.<\/p>\n<p>En tant que professionnel\u00a0<a href=\"https:\/\/glass-perfume-bottles.com\/fr\/produit\/15mm-custom-gold-crimp-spray-pump-supplier\/\">pompe de pulv\u00e9risation personnalis\u00e9e<\/a> Usine, nous pouvons produire divers types de pompes de pulv\u00e9risation pour le client, la taille de 13 mm \u00e0 24 mm, diverses tailles de pompes de pulv\u00e9risation pour votre contr\u00f4le, le mat\u00e9riau peut utiliser de l&#039;aluminium, du pp, etc., nous pouvons \u00e9galement personnaliser l&#039;or, le noir, le violet, le rouge, toutes les couleurs que vous souhaitez, notre parfum \u00e0 brume fine <a href=\"https:\/\/glass-perfume-bottles.com\/fr\/produit\/glass-perfume-bottle-spray-pump-supplier\/\">pompe de pulv\u00e9risation<\/a>\u00a0jouent un excellent r\u00f4le en assurant un \u00e9coulement fluide et sans entrave du parfum hors du flacon.<\/p>\n<p>La qualit\u00e9 de fabrication et l&#039;endurance de l&#039;utilisation du parfum sont fluides. Nous produisons diff\u00e9rents mat\u00e9riaux de pulv\u00e9risation et diff\u00e9rents pulv\u00e9risateurs de formes\/tailles, veuillez nous contacter.<\/p>\n<p>&nbsp;<\/p>","protected":false},"excerpt":{"rendered":"<p>Le vaporisateur et la pompe pour flacons de parfum sont des \u00e9l\u00e9ments importants pour les flacons de parfum en verre. Nous pouvons produire votre propre vaporisateur de flacon de forme.<\/p>","protected":false},"featured_media":1861,"comment_status":"open","ping_status":"closed","template":"","meta":{"_kad_blocks_custom_css":"","_kad_blocks_head_custom_js":"","_kad_blocks_body_custom_js":"","_kad_blocks_footer_custom_js":"","_kad_post_transparent":"default","_kad_post_title":"","_kad_post_layout":"default","_kad_post_sidebar_id":"","_kad_post_content_style":"default","_kad_post_vertical_padding":"default","_kad_post_feature":"","_kad_post_feature_position":"","_kad_post_header":false,"_kad_post_footer":false,"_joinchat":[]},"product_brand":[],"product_cat":[53],"product_tag":[60,59,58],"class_list":{"0":"post-1859","1":"product","2":"type-product","3":"status-publish","4":"has-post-thumbnail","6":"product_cat-perfume-bottle-sprayer","7":"product_tag-bottle-sprayer-manufacturer","8":"product_tag-customize-bottle-pump","9":"product_tag-perfume-bottle-sprayer","11":"first","12":"instock","13":"shipping-taxable","14":"product-type-simple","15":"entry","16":"content-bg","17":"loop-entry"},"yoast_head":"<!-- This site is optimized with the Yoast SEO Premium plugin v20.5 (Yoast SEO v24.2) - https:\/\/yoast.com\/wordpress\/plugins\/seo\/ -->\n<title>Perfume Bottle Sprayer - HY GLASS<\/title>\n<meta name=\"description\" content=\"As a professional crimp perfume bottle sprayer pump factory,we can produce various of kinds spray pump for client,material can use aluminum\u3001pp etc,\" \/>\n<meta name=\"robots\" content=\"index, follow, max-snippet:-1, max-image-preview:large, max-video-preview:-1\" \/>\n<link rel=\"canonical\" href=\"https:\/\/glass-perfume-bottles.com\/fr\/produit\/perfume-bottle-sprayer\/\" \/>\n<meta property=\"og:locale\" content=\"fr_FR\" \/>\n<meta property=\"og:type\" content=\"article\" \/>\n<meta property=\"og:title\" content=\"Perfume Bottle Sprayer\" \/>\n<meta property=\"og:description\" content=\"As a professional crimp perfume bottle sprayer pump factory,we can produce various of kinds spray pump for client,material can use aluminum\u3001pp etc,\" \/>\n<meta property=\"og:url\" content=\"https:\/\/glass-perfume-bottles.com\/fr\/produit\/perfume-bottle-sprayer\/\" \/>\n<meta property=\"og:site_name\" content=\"HY GLASS\" \/>\n<meta property=\"article:modified_time\" content=\"2025-01-31T13:12:12+00:00\" \/>\n<meta property=\"og:image\" content=\"https:\/\/glass-perfume-bottles.com\/wp-content\/uploads\/2024\/12\/perfume-bottle-sprayer.jpg\" \/>\n\t<meta property=\"og:image:width\" content=\"720\" \/>\n\t<meta property=\"og:image:height\" content=\"720\" \/>\n\t<meta property=\"og:image:type\" content=\"image\/jpeg\" \/>\n<meta name=\"twitter:card\" content=\"summary_large_image\" \/>\n<meta name=\"twitter:label1\" content=\"Dur\u00e9e de lecture estim\u00e9e\" \/>\n\t<meta name=\"twitter:data1\" content=\"2 minutes\" \/>\n<script type=\"application\/ld+json\" class=\"yoast-schema-graph\">{\"@context\":\"https:\/\/schema.org\",\"@graph\":[{\"@type\":\"WebPage\",\"@id\":\"https:\/\/glass-perfume-bottles.com\/product\/perfume-bottle-sprayer\/\",\"url\":\"https:\/\/glass-perfume-bottles.com\/product\/perfume-bottle-sprayer\/\",\"name\":\"Perfume Bottle Sprayer - HY GLASS\",\"isPartOf\":{\"@id\":\"https:\/\/glass-perfume-bottles.com\/#website\"},\"primaryImageOfPage\":{\"@id\":\"https:\/\/glass-perfume-bottles.com\/product\/perfume-bottle-sprayer\/#primaryimage\"},\"image\":{\"@id\":\"https:\/\/glass-perfume-bottles.com\/product\/perfume-bottle-sprayer\/#primaryimage\"},\"thumbnailUrl\":\"https:\/\/glass-perfume-bottles.com\/wp-content\/uploads\/2024\/12\/perfume-bottle-sprayer.jpg\",\"datePublished\":\"2024-12-22T05:40:18+00:00\",\"dateModified\":\"2025-01-31T13:12:12+00:00\",\"description\":\"As a professional crimp perfume bottle sprayer pump factory,we can produce various of kinds spray pump for client,material can use aluminum\u3001pp etc,\",\"breadcrumb\":{\"@id\":\"https:\/\/glass-perfume-bottles.com\/product\/perfume-bottle-sprayer\/#breadcrumb\"},\"inLanguage\":\"fr-FR\",\"potentialAction\":[{\"@type\":\"ReadAction\",\"target\":[\"https:\/\/glass-perfume-bottles.com\/product\/perfume-bottle-sprayer\/\"]}]},{\"@type\":\"ImageObject\",\"inLanguage\":\"fr-FR\",\"@id\":\"https:\/\/glass-perfume-bottles.com\/product\/perfume-bottle-sprayer\/#primaryimage\",\"url\":\"https:\/\/glass-perfume-bottles.com\/wp-content\/uploads\/2024\/12\/perfume-bottle-sprayer.jpg\",\"contentUrl\":\"https:\/\/glass-perfume-bottles.com\/wp-content\/uploads\/2024\/12\/perfume-bottle-sprayer.jpg\",\"width\":720,\"height\":720,\"caption\":\"perfume bottle sprayer\"},{\"@type\":\"BreadcrumbList\",\"@id\":\"https:\/\/glass-perfume-bottles.com\/product\/perfume-bottle-sprayer\/#breadcrumb\",\"itemListElement\":[{\"@type\":\"ListItem\",\"position\":1,\"name\":\"Home\",\"item\":\"https:\/\/glass-perfume-bottles.com\/\"},{\"@type\":\"ListItem\",\"position\":2,\"name\":\"Product\",\"item\":\"https:\/\/glass-perfume-bottles.com\/custom-made-perfume-bottle-suppliers-and-wholesale\/\"},{\"@type\":\"ListItem\",\"position\":3,\"name\":\"Perfume Bottle Sprayer\"}]},{\"@type\":\"WebSite\",\"@id\":\"https:\/\/glass-perfume-bottles.com\/#website\",\"url\":\"https:\/\/glass-perfume-bottles.com\/\",\"name\":\"HY GLASS\",\"description\":\"glass perfume bottle manufacturers &amp; suppliers, aroma reed diffuser bottle wholesale &amp; suppliers\",\"publisher\":{\"@id\":\"https:\/\/glass-perfume-bottles.com\/#organization\"},\"potentialAction\":[{\"@type\":\"SearchAction\",\"target\":{\"@type\":\"EntryPoint\",\"urlTemplate\":\"https:\/\/glass-perfume-bottles.com\/?s={search_term_string}\"},\"query-input\":{\"@type\":\"PropertyValueSpecification\",\"valueRequired\":true,\"valueName\":\"search_term_string\"}}],\"inLanguage\":\"fr-FR\"},{\"@type\":\"Organization\",\"@id\":\"https:\/\/glass-perfume-bottles.com\/#organization\",\"name\":\"HY GLASS\",\"url\":\"https:\/\/glass-perfume-bottles.com\/\",\"logo\":{\"@type\":\"ImageObject\",\"inLanguage\":\"fr-FR\",\"@id\":\"https:\/\/glass-perfume-bottles.com\/#\/schema\/logo\/image\/\",\"url\":\"https:\/\/glass-perfume-bottles.com\/wp-content\/uploads\/2023\/09\/logo21.png\",\"contentUrl\":\"https:\/\/glass-perfume-bottles.com\/wp-content\/uploads\/2023\/09\/logo21.png\",\"width\":342,\"height\":268,\"caption\":\"HY GLASS\"},\"image\":{\"@id\":\"https:\/\/glass-perfume-bottles.com\/#\/schema\/logo\/image\/\"}}]}<\/script>\n<!-- \/ Yoast SEO Premium plugin. -->","yoast_head_json":{"title":"Perfume Bottle Sprayer - HY GLASS","description":"As a professional crimp perfume bottle sprayer pump factory,we can produce various of kinds spray pump for client,material can use aluminum\u3001pp etc,","robots":{"index":"index","follow":"follow","max-snippet":"max-snippet:-1","max-image-preview":"max-image-preview:large","max-video-preview":"max-video-preview:-1"},"canonical":"https:\/\/glass-perfume-bottles.com\/fr\/produit\/perfume-bottle-sprayer\/","og_locale":"fr_FR","og_type":"article","og_title":"Perfume Bottle Sprayer","og_description":"As a professional crimp perfume bottle sprayer pump factory,we can produce various of kinds spray pump for client,material can use aluminum\u3001pp etc,","og_url":"https:\/\/glass-perfume-bottles.com\/fr\/produit\/perfume-bottle-sprayer\/","og_site_name":"HY GLASS","article_modified_time":"2025-01-31T13:12:12+00:00","og_image":[{"width":720,"height":720,"url":"https:\/\/glass-perfume-bottles.com\/wp-content\/uploads\/2024\/12\/perfume-bottle-sprayer.jpg","type":"image\/jpeg"}],"twitter_card":"summary_large_image","twitter_misc":{"Dur\u00e9e de lecture estim\u00e9e":"2 minutes"},"schema":{"@context":"https:\/\/schema.org","@graph":[{"@type":"WebPage","@id":"https:\/\/glass-perfume-bottles.com\/product\/perfume-bottle-sprayer\/","url":"https:\/\/glass-perfume-bottles.com\/product\/perfume-bottle-sprayer\/","name":"Perfume Bottle Sprayer - HY GLASS","isPartOf":{"@id":"https:\/\/glass-perfume-bottles.com\/#website"},"primaryImageOfPage":{"@id":"https:\/\/glass-perfume-bottles.com\/product\/perfume-bottle-sprayer\/#primaryimage"},"image":{"@id":"https:\/\/glass-perfume-bottles.com\/product\/perfume-bottle-sprayer\/#primaryimage"},"thumbnailUrl":"https:\/\/glass-perfume-bottles.com\/wp-content\/uploads\/2024\/12\/perfume-bottle-sprayer.jpg","datePublished":"2024-12-22T05:40:18+00:00","dateModified":"2025-01-31T13:12:12+00:00","description":"As a professional crimp perfume bottle sprayer pump factory,we can produce various of kinds spray pump for client,material can use aluminum\u3001pp etc,","breadcrumb":{"@id":"https:\/\/glass-perfume-bottles.com\/product\/perfume-bottle-sprayer\/#breadcrumb"},"inLanguage":"fr-FR","potentialAction":[{"@type":"ReadAction","target":["https:\/\/glass-perfume-bottles.com\/product\/perfume-bottle-sprayer\/"]}]},{"@type":"ImageObject","inLanguage":"fr-FR","@id":"https:\/\/glass-perfume-bottles.com\/product\/perfume-bottle-sprayer\/#primaryimage","url":"https:\/\/glass-perfume-bottles.com\/wp-content\/uploads\/2024\/12\/perfume-bottle-sprayer.jpg","contentUrl":"https:\/\/glass-perfume-bottles.com\/wp-content\/uploads\/2024\/12\/perfume-bottle-sprayer.jpg","width":720,"height":720,"caption":"perfume bottle sprayer"},{"@type":"BreadcrumbList","@id":"https:\/\/glass-perfume-bottles.com\/product\/perfume-bottle-sprayer\/#breadcrumb","itemListElement":[{"@type":"ListItem","position":1,"name":"Home","item":"https:\/\/glass-perfume-bottles.com\/"},{"@type":"ListItem","position":2,"name":"Product","item":"https:\/\/glass-perfume-bottles.com\/custom-made-perfume-bottle-suppliers-and-wholesale\/"},{"@type":"ListItem","position":3,"name":"Perfume Bottle Sprayer"}]},{"@type":"WebSite","@id":"https:\/\/glass-perfume-bottles.com\/#website","url":"https:\/\/glass-perfume-bottles.com\/","name":"HY GLASS","description":"glass perfume bottle manufacturers &amp; suppliers, aroma reed diffuser bottle wholesale &amp; suppliers","publisher":{"@id":"https:\/\/glass-perfume-bottles.com\/#organization"},"potentialAction":[{"@type":"SearchAction","target":{"@type":"EntryPoint","urlTemplate":"https:\/\/glass-perfume-bottles.com\/?s={search_term_string}"},"query-input":{"@type":"PropertyValueSpecification","valueRequired":true,"valueName":"search_term_string"}}],"inLanguage":"fr-FR"},{"@type":"Organization","@id":"https:\/\/glass-perfume-bottles.com\/#organization","name":"HY GLASS","url":"https:\/\/glass-perfume-bottles.com\/","logo":{"@type":"ImageObject","inLanguage":"fr-FR","@id":"https:\/\/glass-perfume-bottles.com\/#\/schema\/logo\/image\/","url":"https:\/\/glass-perfume-bottles.com\/wp-content\/uploads\/2023\/09\/logo21.png","contentUrl":"https:\/\/glass-perfume-bottles.com\/wp-content\/uploads\/2023\/09\/logo21.png","width":342,"height":268,"caption":"HY GLASS"},"image":{"@id":"https:\/\/glass-perfume-bottles.com\/#\/schema\/logo\/image\/"}}]}},"taxonomy_info":{"product_cat":[{"value":53,"label":"Perfume Bottle Sprayer"}],"product_tag":[{"value":60,"label":"bottle sprayer manufacturer"},{"value":59,"label":"customize bottle pump"},{"value":58,"label":"perfume bottle sprayer"}]},"featured_image_src_large":["https:\/\/glass-perfume-bottles.com\/wp-content\/uploads\/2024\/12\/perfume-bottle-sprayer.jpg",720,720,false],"author_info":[],"comment_info":0,"_links":{"self":[{"href":"https:\/\/glass-perfume-bottles.com\/fr\/wp-json\/wp\/v2\/product\/1859","targetHints":{"allow":["GET"]}}],"collection":[{"href":"https:\/\/glass-perfume-bottles.com\/fr\/wp-json\/wp\/v2\/product"}],"about":[{"href":"https:\/\/glass-perfume-bottles.com\/fr\/wp-json\/wp\/v2\/types\/product"}],"replies":[{"embeddable":true,"href":"https:\/\/glass-perfume-bottles.com\/fr\/wp-json\/wp\/v2\/comments?post=1859"}],"wp:featuredmedia":[{"embeddable":true,"href":"https:\/\/glass-perfume-bottles.com\/fr\/wp-json\/wp\/v2\/media\/1861"}],"wp:attachment":[{"href":"https:\/\/glass-perfume-bottles.com\/fr\/wp-json\/wp\/v2\/media?parent=1859"}],"wp:term":[{"taxonomy":"product_brand","embeddable":true,"href":"https:\/\/glass-perfume-bottles.com\/fr\/wp-json\/wp\/v2\/product_brand?post=1859"},{"taxonomy":"product_cat","embeddable":true,"href":"https:\/\/glass-perfume-bottles.com\/fr\/wp-json\/wp\/v2\/product_cat?post=1859"},{"taxonomy":"product_tag","embeddable":true,"href":"https:\/\/glass-perfume-bottles.com\/fr\/wp-json\/wp\/v2\/product_tag?post=1859"}],"curies":[{"name":"wp","href":"https:\/\/api.w.org\/{rel}","templated":true}]}}