{"id":2017,"date":"2025-01-11T03:17:26","date_gmt":"2025-01-11T03:17:26","guid":{"rendered":"https:\/\/glass-perfume-bottles.com\/?post_type=product&#038;p=2017"},"modified":"2025-01-11T14:46:11","modified_gmt":"2025-01-11T14:46:11","slug":"100ml-matte-white-square-glass-perfume-bottle-supplier","status":"publish","type":"product","link":"https:\/\/glass-perfume-bottles.com\/fr\/produit\/100ml-matte-white-square-glass-perfume-bottle-supplier\/","title":{"rendered":"Fournisseur de flacons de parfum carr\u00e9s en verre blanc mat de 100 ml"},"content":{"rendered":"<table>\n<tbody>\n<tr>\n<td width=\"158\">Nom du produit<\/td>\n<td width=\"591\">Fournisseur de flacons de parfum carr\u00e9s en verre blanc mat de 100 ml<\/td>\n<\/tr>\n<tr>\n<td width=\"158\">Capacit\u00e9<\/td>\n<td width=\"591\">30 ml, 50 ml, 100 ml (autre taille disponible)<\/td>\n<\/tr>\n<tr>\n<td width=\"158\">Taille<\/td>\n<td width=\"591\">\u00a0 86,07 x 88 mm\u00a0 \u00a0 <strong>200g<\/strong><\/td>\n<\/tr>\n<tr>\n<td width=\"158\">Bouche<\/td>\n<td width=\"591\">Sertissage 15 mm<span style=\"font-family: inherit; font-size: inherit;\"> bouche<\/span><\/td>\n<\/tr>\n<tr>\n<td width=\"158\">Mat\u00e9riel<\/td>\n<td width=\"591\">Verre blanc haut de gamme<\/td>\n<\/tr>\n<tr>\n<td width=\"158\">Couleur du corps<\/td>\n<td width=\"591\">Rouge, noir, bleu, givr\u00e9, vert, rose ou couleur personnalis\u00e9e<\/td>\n<\/tr>\n<tr>\n<td width=\"158\">Manutention de surface<\/td>\n<td width=\"591\">\n<ol>\n<li>Impression s\u00e9rigraphique<\/li>\n<li>Marquage \u00e0 chaud<\/li>\n<li>\u00a0Rev\u00eatement UV<\/li>\n<li>Givr\u00e9<\/li>\n<li>\u00a0D\u00e9calque<\/li>\n<li>\u00a0Flocage<\/li>\n<li>\u00c9tiquetage<\/li>\n<li>Peinture couleur ou personnalis\u00e9e selon vos besoins<\/li>\n<\/ol>\n<\/td>\n<\/tr>\n<tr>\n<td width=\"158\">Usage<\/td>\n<td width=\"591\">\u00a0Parfum\/s\u00e9rum\/huile essentielle\/huile parfum\u00e9e d&#039;ambiance\/tonique<\/td>\n<\/tr>\n<tr>\n<td width=\"158\">Emballage<\/td>\n<td width=\"591\">Carton d&#039;exportation puis palette en contreplaqu\u00e9,<\/td>\n<\/tr>\n<tr>\n<td width=\"158\">Quantit\u00e9 minimale de commande<\/td>\n<td width=\"591\">2 000 pi\u00e8ces (car il existe une conception personnalis\u00e9e)<\/td>\n<\/tr>\n<tr>\n<td width=\"158\">\u00c9chantillon<\/td>\n<td width=\"591\">\u00c9chantillon gratuit, frais de transport n\u00e9cessaires.<\/td>\n<\/tr>\n<tr>\n<td width=\"158\">Transport<\/td>\n<td width=\"591\">FedEx\/DHL\/EMS\/UPS\/TNT\/Par mer\/Par avion, etc.<\/td>\n<\/tr>\n<tr>\n<td width=\"158\">Mode de paiement<\/td>\n<td width=\"591\">Virement bancaire, L\/C, Western Union, Money Gram, Paypal, etc.<\/td>\n<\/tr>\n<tr>\n<td width=\"158\">D\u00e9lai de livraison<\/td>\n<td width=\"591\">\u00c9chantillon 1 \u00e0 2 jours, production de commande 20 \u00e0 45 jours selon les d\u00e9tails de la commande.<\/td>\n<\/tr>\n<tr>\n<td width=\"158\">Service<\/td>\n<td width=\"591\">Service OEM et ODM, service de conception, solution unique<\/td>\n<\/tr>\n<\/tbody>\n<\/table>\n<p>&nbsp;<\/p>\n<p>En forme de carr\u00e9 blanc mat de 100 ml<a href=\"https:\/\/glass-perfume-bottles.com\/fr\/produit\/wholesale-50ml-100ml-grey-square-glass-perfume-bottle-supplier\/\"> fournisseur de flacons de parfum en verre<\/a>Flacon de parfum en verre blanc haut de gamme, fond \u00e9pais avec design carr\u00e9 Mettez en valeur un style unique, acceptez le rev\u00eatement de couleur, le rev\u00eatement givr\u00e9, le rev\u00eatement en marbre, le flocage, etc. Nous pouvons \u00e9galement fournir diff\u00e9rents emballages de flacons de parfum tels que des bo\u00eetes de diff\u00e9rentes tailles et mat\u00e9riaux. Comme le papier kraft, le carton, le papier d&#039;art, etc.<\/p>\n<p>En tant que carr\u00e9 professionnel de 100 ml <a href=\"https:\/\/glass-perfume-bottles.com\/fr\/produit\/wholesale-50ml-100ml-grey-square-glass-perfume-bottle-supplier\/\">bouteille de parfum en verre<\/a>\u00a0fournisseur, nous avons produit diff\u00e9rentes formes et capacit\u00e9s pour le client, avons une ligne de production professionnelle et une \u00e9quipe de conception, nous pouvons fournir un service de premier ordre et un produit stable pour le client, bienvenue, envoyez-nous une demande, attendez-vous.<\/p>","protected":false},"excerpt":{"rendered":"<p>100 ml Ambr\u00e9 \u00e9paulement inclin\u00e9 <a href=\"https:\/\/glass-perfume-bottles.com\/fr\/produit\/50ml-100ml-flat-square-flocking-perfume-bottle-with-ball-cap\/\">bouteille de parfum en verre<\/a> fabriqu\u00e9 en verre blanc cristal, fond \u00e9pais avec conception d&#039;\u00e9paulement inclin\u00e9 Mettez en valeur un style unique,<\/p>","protected":false},"featured_media":2018,"comment_status":"open","ping_status":"closed","template":"","meta":{"_kad_blocks_custom_css":"","_kad_blocks_head_custom_js":"","_kad_blocks_body_custom_js":"","_kad_blocks_footer_custom_js":"","_kad_post_transparent":"default","_kad_post_title":"","_kad_post_layout":"default","_kad_post_sidebar_id":"","_kad_post_content_style":"default","_kad_post_vertical_padding":"default","_kad_post_feature":"","_kad_post_feature_position":"","_kad_post_header":false,"_kad_post_footer":false,"_joinchat":{"telephone":"+8613813299086"}},"product_brand":[],"product_cat":[51],"product_tag":[69,70,78,67,66],"class_list":{"0":"post-2017","1":"product","2":"type-product","3":"status-publish","4":"has-post-thumbnail","6":"product_cat-glass-perfume-bottles","7":"product_tag-custom-glass-perfume-bottle-factory","8":"product_tag-custom-home-fragrance-oil-bottle","9":"product_tag-cylinder-glass-perfume-bottle-manufacturer","10":"product_tag-square-glass-perfume-bottle-supplier","11":"product_tag-wholesale-glass-perfume-bottle","13":"first","14":"instock","15":"shipping-taxable","16":"product-type-simple","17":"entry","18":"content-bg","19":"loop-entry"},"yoast_head":"<!-- This site is optimized with the Yoast SEO Premium plugin v20.5 (Yoast SEO v24.2) - https:\/\/yoast.com\/wordpress\/plugins\/seo\/ -->\n<title>100ml Matte white square glass perfume bottle supplier<\/title>\n<meta name=\"description\" content=\"Luxury glass spray perfume bottle made of high white glass,thick bottom with square design Highlight a unique style\uff0csmall quanity is possible\" \/>\n<meta name=\"robots\" content=\"index, follow, max-snippet:-1, max-image-preview:large, max-video-preview:-1\" \/>\n<link rel=\"canonical\" href=\"https:\/\/glass-perfume-bottles.com\/fr\/produit\/100ml-matte-white-square-glass-perfume-bottle-supplier\/\" \/>\n<meta property=\"og:locale\" content=\"fr_FR\" \/>\n<meta property=\"og:type\" content=\"article\" \/>\n<meta property=\"og:title\" content=\"100ml Matte white square glass perfume bottle supplier\" \/>\n<meta property=\"og:description\" content=\"Luxury glass spray perfume bottle made of high white glass,thick bottom with square design Highlight a unique style\uff0csmall quanity is possible\" \/>\n<meta property=\"og:url\" content=\"https:\/\/glass-perfume-bottles.com\/fr\/produit\/100ml-matte-white-square-glass-perfume-bottle-supplier\/\" \/>\n<meta property=\"og:site_name\" content=\"HY GLASS\" \/>\n<meta property=\"article:modified_time\" content=\"2025-01-11T14:46:11+00:00\" \/>\n<meta property=\"og:image\" content=\"https:\/\/glass-perfume-bottles.com\/wp-content\/uploads\/2025\/01\/100ml-Matte-white-square-glass-perfume-bottle.jpg\" \/>\n\t<meta property=\"og:image:width\" content=\"720\" \/>\n\t<meta property=\"og:image:height\" content=\"720\" \/>\n\t<meta property=\"og:image:type\" content=\"image\/jpeg\" \/>\n<meta name=\"twitter:card\" content=\"summary_large_image\" \/>\n<meta name=\"twitter:label1\" content=\"Dur\u00e9e de lecture estim\u00e9e\" \/>\n\t<meta name=\"twitter:data1\" content=\"1 minute\" \/>\n<script type=\"application\/ld+json\" class=\"yoast-schema-graph\">{\"@context\":\"https:\/\/schema.org\",\"@graph\":[{\"@type\":\"WebPage\",\"@id\":\"https:\/\/glass-perfume-bottles.com\/fr\/produit\/100ml-matte-white-square-glass-perfume-bottle-supplier\/\",\"url\":\"https:\/\/glass-perfume-bottles.com\/fr\/produit\/100ml-matte-white-square-glass-perfume-bottle-supplier\/\",\"name\":\"100ml Matte white square glass perfume bottle supplier\",\"isPartOf\":{\"@id\":\"https:\/\/glass-perfume-bottles.com\/#website\"},\"primaryImageOfPage\":{\"@id\":\"https:\/\/glass-perfume-bottles.com\/fr\/produit\/100ml-matte-white-square-glass-perfume-bottle-supplier\/#primaryimage\"},\"image\":{\"@id\":\"https:\/\/glass-perfume-bottles.com\/fr\/produit\/100ml-matte-white-square-glass-perfume-bottle-supplier\/#primaryimage\"},\"thumbnailUrl\":\"https:\/\/glass-perfume-bottles.com\/wp-content\/uploads\/2025\/01\/100ml-Matte-white-square-glass-perfume-bottle.jpg\",\"datePublished\":\"2025-01-11T03:17:26+00:00\",\"dateModified\":\"2025-01-11T14:46:11+00:00\",\"description\":\"Luxury glass spray perfume bottle made of high white glass,thick bottom with square design Highlight a unique style\uff0csmall quanity is possible\",\"breadcrumb\":{\"@id\":\"https:\/\/glass-perfume-bottles.com\/fr\/produit\/100ml-matte-white-square-glass-perfume-bottle-supplier\/#breadcrumb\"},\"inLanguage\":\"fr-FR\",\"potentialAction\":[{\"@type\":\"ReadAction\",\"target\":[\"https:\/\/glass-perfume-bottles.com\/fr\/produit\/100ml-matte-white-square-glass-perfume-bottle-supplier\/\"]}]},{\"@type\":\"ImageObject\",\"inLanguage\":\"fr-FR\",\"@id\":\"https:\/\/glass-perfume-bottles.com\/fr\/produit\/100ml-matte-white-square-glass-perfume-bottle-supplier\/#primaryimage\",\"url\":\"https:\/\/glass-perfume-bottles.com\/wp-content\/uploads\/2025\/01\/100ml-Matte-white-square-glass-perfume-bottle.jpg\",\"contentUrl\":\"https:\/\/glass-perfume-bottles.com\/wp-content\/uploads\/2025\/01\/100ml-Matte-white-square-glass-perfume-bottle.jpg\",\"width\":720,\"height\":720},{\"@type\":\"BreadcrumbList\",\"@id\":\"https:\/\/glass-perfume-bottles.com\/fr\/produit\/100ml-matte-white-square-glass-perfume-bottle-supplier\/#breadcrumb\",\"itemListElement\":[{\"@type\":\"ListItem\",\"position\":1,\"name\":\"Home\",\"item\":\"https:\/\/glass-perfume-bottles.com\/\"},{\"@type\":\"ListItem\",\"position\":2,\"name\":\"Product\",\"item\":\"https:\/\/glass-perfume-bottles.com\/custom-made-perfume-bottle-suppliers-and-wholesale\/\"},{\"@type\":\"ListItem\",\"position\":3,\"name\":\"100ml Matte white square glass perfume bottle supplier\"}]},{\"@type\":\"WebSite\",\"@id\":\"https:\/\/glass-perfume-bottles.com\/#website\",\"url\":\"https:\/\/glass-perfume-bottles.com\/\",\"name\":\"HY GLASS\",\"description\":\"glass perfume bottle manufacturers &amp; suppliers, aroma reed diffuser bottle wholesale &amp; suppliers\",\"publisher\":{\"@id\":\"https:\/\/glass-perfume-bottles.com\/#organization\"},\"potentialAction\":[{\"@type\":\"SearchAction\",\"target\":{\"@type\":\"EntryPoint\",\"urlTemplate\":\"https:\/\/glass-perfume-bottles.com\/?s={search_term_string}\"},\"query-input\":{\"@type\":\"PropertyValueSpecification\",\"valueRequired\":true,\"valueName\":\"search_term_string\"}}],\"inLanguage\":\"fr-FR\"},{\"@type\":\"Organization\",\"@id\":\"https:\/\/glass-perfume-bottles.com\/#organization\",\"name\":\"HY GLASS\",\"url\":\"https:\/\/glass-perfume-bottles.com\/\",\"logo\":{\"@type\":\"ImageObject\",\"inLanguage\":\"fr-FR\",\"@id\":\"https:\/\/glass-perfume-bottles.com\/#\/schema\/logo\/image\/\",\"url\":\"https:\/\/glass-perfume-bottles.com\/wp-content\/uploads\/2023\/09\/logo21.png\",\"contentUrl\":\"https:\/\/glass-perfume-bottles.com\/wp-content\/uploads\/2023\/09\/logo21.png\",\"width\":342,\"height\":268,\"caption\":\"HY GLASS\"},\"image\":{\"@id\":\"https:\/\/glass-perfume-bottles.com\/#\/schema\/logo\/image\/\"}}]}<\/script>\n<!-- \/ Yoast SEO Premium plugin. -->","yoast_head_json":{"title":"100ml Matte white square glass perfume bottle supplier","description":"Luxury glass spray perfume bottle made of high white glass,thick bottom with square design Highlight a unique style\uff0csmall quanity is possible","robots":{"index":"index","follow":"follow","max-snippet":"max-snippet:-1","max-image-preview":"max-image-preview:large","max-video-preview":"max-video-preview:-1"},"canonical":"https:\/\/glass-perfume-bottles.com\/fr\/produit\/100ml-matte-white-square-glass-perfume-bottle-supplier\/","og_locale":"fr_FR","og_type":"article","og_title":"100ml Matte white square glass perfume bottle supplier","og_description":"Luxury glass spray perfume bottle made of high white glass,thick bottom with square design Highlight a unique style\uff0csmall quanity is possible","og_url":"https:\/\/glass-perfume-bottles.com\/fr\/produit\/100ml-matte-white-square-glass-perfume-bottle-supplier\/","og_site_name":"HY GLASS","article_modified_time":"2025-01-11T14:46:11+00:00","og_image":[{"width":720,"height":720,"url":"https:\/\/glass-perfume-bottles.com\/wp-content\/uploads\/2025\/01\/100ml-Matte-white-square-glass-perfume-bottle.jpg","type":"image\/jpeg"}],"twitter_card":"summary_large_image","twitter_misc":{"Dur\u00e9e de lecture estim\u00e9e":"1 minute"},"schema":{"@context":"https:\/\/schema.org","@graph":[{"@type":"WebPage","@id":"https:\/\/glass-perfume-bottles.com\/fr\/produit\/100ml-matte-white-square-glass-perfume-bottle-supplier\/","url":"https:\/\/glass-perfume-bottles.com\/fr\/produit\/100ml-matte-white-square-glass-perfume-bottle-supplier\/","name":"100ml Matte white square glass perfume bottle supplier","isPartOf":{"@id":"https:\/\/glass-perfume-bottles.com\/#website"},"primaryImageOfPage":{"@id":"https:\/\/glass-perfume-bottles.com\/fr\/produit\/100ml-matte-white-square-glass-perfume-bottle-supplier\/#primaryimage"},"image":{"@id":"https:\/\/glass-perfume-bottles.com\/fr\/produit\/100ml-matte-white-square-glass-perfume-bottle-supplier\/#primaryimage"},"thumbnailUrl":"https:\/\/glass-perfume-bottles.com\/wp-content\/uploads\/2025\/01\/100ml-Matte-white-square-glass-perfume-bottle.jpg","datePublished":"2025-01-11T03:17:26+00:00","dateModified":"2025-01-11T14:46:11+00:00","description":"Luxury glass spray perfume bottle made of high white glass,thick bottom with square design Highlight a unique style\uff0csmall quanity is possible","breadcrumb":{"@id":"https:\/\/glass-perfume-bottles.com\/fr\/produit\/100ml-matte-white-square-glass-perfume-bottle-supplier\/#breadcrumb"},"inLanguage":"fr-FR","potentialAction":[{"@type":"ReadAction","target":["https:\/\/glass-perfume-bottles.com\/fr\/produit\/100ml-matte-white-square-glass-perfume-bottle-supplier\/"]}]},{"@type":"ImageObject","inLanguage":"fr-FR","@id":"https:\/\/glass-perfume-bottles.com\/fr\/produit\/100ml-matte-white-square-glass-perfume-bottle-supplier\/#primaryimage","url":"https:\/\/glass-perfume-bottles.com\/wp-content\/uploads\/2025\/01\/100ml-Matte-white-square-glass-perfume-bottle.jpg","contentUrl":"https:\/\/glass-perfume-bottles.com\/wp-content\/uploads\/2025\/01\/100ml-Matte-white-square-glass-perfume-bottle.jpg","width":720,"height":720},{"@type":"BreadcrumbList","@id":"https:\/\/glass-perfume-bottles.com\/fr\/produit\/100ml-matte-white-square-glass-perfume-bottle-supplier\/#breadcrumb","itemListElement":[{"@type":"ListItem","position":1,"name":"Home","item":"https:\/\/glass-perfume-bottles.com\/"},{"@type":"ListItem","position":2,"name":"Product","item":"https:\/\/glass-perfume-bottles.com\/custom-made-perfume-bottle-suppliers-and-wholesale\/"},{"@type":"ListItem","position":3,"name":"100ml Matte white square glass perfume bottle supplier"}]},{"@type":"WebSite","@id":"https:\/\/glass-perfume-bottles.com\/#website","url":"https:\/\/glass-perfume-bottles.com\/","name":"HY GLASS","description":"glass perfume bottle manufacturers &amp; suppliers, aroma reed diffuser bottle wholesale &amp; suppliers","publisher":{"@id":"https:\/\/glass-perfume-bottles.com\/#organization"},"potentialAction":[{"@type":"SearchAction","target":{"@type":"EntryPoint","urlTemplate":"https:\/\/glass-perfume-bottles.com\/?s={search_term_string}"},"query-input":{"@type":"PropertyValueSpecification","valueRequired":true,"valueName":"search_term_string"}}],"inLanguage":"fr-FR"},{"@type":"Organization","@id":"https:\/\/glass-perfume-bottles.com\/#organization","name":"HY GLASS","url":"https:\/\/glass-perfume-bottles.com\/","logo":{"@type":"ImageObject","inLanguage":"fr-FR","@id":"https:\/\/glass-perfume-bottles.com\/#\/schema\/logo\/image\/","url":"https:\/\/glass-perfume-bottles.com\/wp-content\/uploads\/2023\/09\/logo21.png","contentUrl":"https:\/\/glass-perfume-bottles.com\/wp-content\/uploads\/2023\/09\/logo21.png","width":342,"height":268,"caption":"HY GLASS"},"image":{"@id":"https:\/\/glass-perfume-bottles.com\/#\/schema\/logo\/image\/"}}]}},"taxonomy_info":{"product_cat":[{"value":51,"label":"Glass Perfume Bottle"}],"product_tag":[{"value":69,"label":"Custom glass perfume bottle factory"},{"value":70,"label":"Custom home fragrance oil bottle"},{"value":78,"label":"Cylinder glass perfume bottle manufacturer"},{"value":67,"label":"Square glass perfume bottle supplier"},{"value":66,"label":"Wholesale glass perfume bottle"}]},"featured_image_src_large":["https:\/\/glass-perfume-bottles.com\/wp-content\/uploads\/2025\/01\/100ml-Matte-white-square-glass-perfume-bottle.jpg",720,720,false],"author_info":[],"comment_info":0,"_links":{"self":[{"href":"https:\/\/glass-perfume-bottles.com\/fr\/wp-json\/wp\/v2\/product\/2017","targetHints":{"allow":["GET"]}}],"collection":[{"href":"https:\/\/glass-perfume-bottles.com\/fr\/wp-json\/wp\/v2\/product"}],"about":[{"href":"https:\/\/glass-perfume-bottles.com\/fr\/wp-json\/wp\/v2\/types\/product"}],"replies":[{"embeddable":true,"href":"https:\/\/glass-perfume-bottles.com\/fr\/wp-json\/wp\/v2\/comments?post=2017"}],"wp:featuredmedia":[{"embeddable":true,"href":"https:\/\/glass-perfume-bottles.com\/fr\/wp-json\/wp\/v2\/media\/2018"}],"wp:attachment":[{"href":"https:\/\/glass-perfume-bottles.com\/fr\/wp-json\/wp\/v2\/media?parent=2017"}],"wp:term":[{"taxonomy":"product_brand","embeddable":true,"href":"https:\/\/glass-perfume-bottles.com\/fr\/wp-json\/wp\/v2\/product_brand?post=2017"},{"taxonomy":"product_cat","embeddable":true,"href":"https:\/\/glass-perfume-bottles.com\/fr\/wp-json\/wp\/v2\/product_cat?post=2017"},{"taxonomy":"product_tag","embeddable":true,"href":"https:\/\/glass-perfume-bottles.com\/fr\/wp-json\/wp\/v2\/product_tag?post=2017"}],"curies":[{"name":"wp","href":"https:\/\/api.w.org\/{rel}","templated":true}]}}