{"id":2025,"date":"2025-01-11T05:40:02","date_gmt":"2025-01-11T05:40:02","guid":{"rendered":"https:\/\/glass-perfume-bottles.com\/?post_type=product&#038;p=2025"},"modified":"2025-01-11T14:44:04","modified_gmt":"2025-01-11T14:44:04","slug":"luxury-30ml-50ml-100ml-square-perfume-bottle-with-resin-cap","status":"publish","type":"product","link":"https:\/\/glass-perfume-bottles.com\/fr\/produit\/luxury-30ml-50ml-100ml-square-perfume-bottle-with-resin-cap\/","title":{"rendered":"Flacon de parfum carr\u00e9 de luxe 30 ml, 50 ml, 100 ml avec bouchon en r\u00e9sine"},"content":{"rendered":"<table>\n<tbody>\n<tr>\n<td width=\"158\">Nom du produit<\/td>\n<td width=\"591\">Flacon de parfum carr\u00e9 de luxe 30 ml, 50 ml, 100 ml avec bouchon en r\u00e9sine<\/td>\n<\/tr>\n<tr>\n<td width=\"158\">Capacit\u00e9<\/td>\n<td width=\"591\">30 ml, 50 ml, 100 ml (autre taille disponible)<\/td>\n<\/tr>\n<tr>\n<td width=\"158\">Taille<\/td>\n<td width=\"591\">30 ml : 46 x 26 x 95 mm 50 ml : 59 x 33 x 108 mm 100 ml : 70 x 37 x 125 mm<\/td>\n<\/tr>\n<tr>\n<td width=\"158\">Bouche<\/td>\n<td width=\"591\">Sertissage 15 mm<span style=\"font-family: inherit; font-size: inherit;\"> bouche<\/span><\/td>\n<\/tr>\n<tr>\n<td width=\"158\">Mat\u00e9riel<\/td>\n<td width=\"591\">Verre blanc cristal<\/td>\n<\/tr>\n<tr>\n<td width=\"158\">Couleur du corps<\/td>\n<td width=\"591\">Transparent, rouge, noir, bleu, givr\u00e9, vert, rose ou couleur personnalis\u00e9e<\/td>\n<\/tr>\n<tr>\n<td width=\"158\">Manutention de surface<\/td>\n<td width=\"591\">\n<ol>\n<li>Impression s\u00e9rigraphique<\/li>\n<li>Marquage \u00e0 chaud<\/li>\n<li>\u00a0Rev\u00eatement UV<\/li>\n<li>Givr\u00e9<\/li>\n<li>\u00a0D\u00e9calque<\/li>\n<li>\u00a0Flocage<\/li>\n<li>\u00c9tiquetage<\/li>\n<li>Peinture couleur ou personnalis\u00e9e selon vos besoins<\/li>\n<\/ol>\n<\/td>\n<\/tr>\n<tr>\n<td width=\"158\">Usage<\/td>\n<td width=\"591\">\u00a0Parfum\/s\u00e9rum\/huile essentielle\/huile parfum\u00e9e d&#039;ambiance\/tonique<\/td>\n<\/tr>\n<tr>\n<td width=\"158\">Emballage<\/td>\n<td width=\"591\">Carton de s\u00e9paration pour panneau d&#039;exportation,<\/td>\n<\/tr>\n<tr>\n<td width=\"158\">Quantit\u00e9 minimale de commande<\/td>\n<td width=\"591\">2 000 pi\u00e8ces (car il existe une conception personnalis\u00e9e)<\/td>\n<\/tr>\n<tr>\n<td width=\"158\">\u00c9chantillon<\/td>\n<td width=\"591\">\u00c9chantillon gratuit, frais de transport n\u00e9cessaires.<\/td>\n<\/tr>\n<tr>\n<td width=\"158\">Transport<\/td>\n<td width=\"591\">FedEx\/DHL\/EMS\/UPS\/TNT\/Par mer\/Par avion, etc.<\/td>\n<\/tr>\n<tr>\n<td width=\"158\">Mode de paiement<\/td>\n<td width=\"591\">Virement bancaire, L\/C, Western Union, Money Gram, Paypal, etc.<\/td>\n<\/tr>\n<tr>\n<td width=\"158\">D\u00e9lai de livraison<\/td>\n<td width=\"591\">\u00c9chantillon 1 \u00e0 2 jours, production de commande 20 \u00e0 45 jours selon les d\u00e9tails de la commande.<\/td>\n<\/tr>\n<tr>\n<td width=\"158\">Service<\/td>\n<td width=\"591\">Service OEM et ODM, service de conception, solution unique<\/td>\n<\/tr>\n<\/tbody>\n<\/table>\n<p>Vente en gros 30 ml, 50 ml, 100 ml <a href=\"https:\/\/glass-perfume-bottles.com\/fr\/produit\/100ml-amber-sloping-shoulder-glass-perfume-bottle-supplier\/\">Flacon de parfum carr\u00e9<\/a> Fabriqu\u00e9 en verre blanc cristal, de haute qualit\u00e9 et de transparence, le flacon de parfum avec bouchon en r\u00e9sine de haute qualit\u00e9 rend votre produit sp\u00e9cial, mini capacit\u00e9 de 30 ml \u00e0 100 ml, se glisse dans votre sac, facile \u00e0 transporter, accepte un rev\u00eatement de couleur personnalis\u00e9, givr\u00e9, estampage \u00e0 chaud, flocage, etc. prix, nous pouvons \u00e9galement personnaliser n&#039;importe quelle forme et capacit\u00e9 pour le client,<\/p>\n<p>En tant que professionnel <a href=\"https:\/\/glass-perfume-bottles.com\/fr\/produit\/30ml-cylinder-glass-spray-perfume-bottle-with-lid-factory\/\">bouteille de parfum en verre<\/a> Usine, nous avons produit diff\u00e9rentes formes et capacit\u00e9s pour le client, nous pouvons \u00e9galement fournir diff\u00e9rents emballages de flacons de parfum tels que des bo\u00eetes de diff\u00e9rentes tailles et mat\u00e9riaux. Comme le papier kraft, le carton, le papier d&#039;art, le carton ondul\u00e9, le papier couch\u00e9, etc. et l&#039;impression de la bo\u00eete de parfum avec diff\u00e9rentes technologies.<\/p>\n<p>Nous avons une ligne de production professionnelle et une \u00e9quipe de conception, nous pouvons fournir un service de premier ordre et un produit stable pour le client, n&#039;h\u00e9sitez pas \u00e0 nous envoyer une demande, attendez-vous.<\/p>","protected":false},"excerpt":{"rendered":"<p>Vente en gros 30 ml, 50 ml, 100 ml <a href=\"https:\/\/glass-perfume-bottles.com\/fr\/produit\/30ml-50ml-100ml-perfume-bottle-with-cap\/\">flacon pulv\u00e9risateur de parfum carr\u00e9 en verre<\/a> fabriqu\u00e9 en verre blanc cristal, de haute qualit\u00e9 et de transparence, en tant qu&#039;usine de flacons de parfum professionnelle, nous avons une ligne de production professionnelle et une \u00e9quipe de conception, nous pouvons fournir un service de premier ordre et un produit stable pour le client, bienvenue, envoyez-nous une demande, attendez-vous.<\/p>","protected":false},"featured_media":2026,"comment_status":"open","ping_status":"closed","template":"","meta":{"_kad_blocks_custom_css":"","_kad_blocks_head_custom_js":"","_kad_blocks_body_custom_js":"","_kad_blocks_footer_custom_js":"","_kad_post_transparent":"default","_kad_post_title":"","_kad_post_layout":"default","_kad_post_sidebar_id":"","_kad_post_content_style":"default","_kad_post_vertical_padding":"default","_kad_post_feature":"","_kad_post_feature_position":"","_kad_post_header":false,"_kad_post_footer":false,"_joinchat":{"telephone":"+8613813299086"}},"product_brand":[],"product_cat":[51],"product_tag":[69,78,95,67,66],"class_list":{"0":"post-2025","1":"product","2":"type-product","3":"status-publish","4":"has-post-thumbnail","6":"product_cat-glass-perfume-bottles","7":"product_tag-custom-glass-perfume-bottle-factory","8":"product_tag-cylinder-glass-perfume-bottle-manufacturer","9":"product_tag-luxury-glass-perfume-bottle","10":"product_tag-square-glass-perfume-bottle-supplier","11":"product_tag-wholesale-glass-perfume-bottle","13":"first","14":"instock","15":"shipping-taxable","16":"product-type-simple","17":"entry","18":"content-bg","19":"loop-entry"},"yoast_head":"<!-- This site is optimized with the Yoast SEO Premium plugin v20.5 (Yoast SEO v24.2) - https:\/\/yoast.com\/wordpress\/plugins\/seo\/ -->\n<title>Luxury 30ml 50ml 100ml Square perfume bottle with resin cap<\/title>\n<meta name=\"description\" content=\"Wholesale 30ml 50ml 100ml square Perfume bottle ,have high quality and transparency \uff0cmini capacity from 30ml-100ml put in your bag easy to carry,\" \/>\n<meta name=\"robots\" content=\"index, follow, max-snippet:-1, max-image-preview:large, max-video-preview:-1\" \/>\n<link rel=\"canonical\" href=\"https:\/\/glass-perfume-bottles.com\/fr\/producto\/luxury-30ml-50ml-100ml-square-perfume-bottle-with-resin-cap\/\" \/>\n<meta property=\"og:locale\" content=\"fr_FR\" \/>\n<meta property=\"og:type\" content=\"article\" \/>\n<meta property=\"og:title\" content=\"Luxury 30ml 50ml 100ml Square perfume bottle with resin cap\" \/>\n<meta property=\"og:description\" content=\"Wholesale 30ml 50ml 100ml square Perfume bottle ,have high quality and transparency \uff0cmini capacity from 30ml-100ml put in your bag easy to carry,\" \/>\n<meta property=\"og:url\" content=\"https:\/\/glass-perfume-bottles.com\/fr\/producto\/luxury-30ml-50ml-100ml-square-perfume-bottle-with-resin-cap\/\" \/>\n<meta property=\"og:site_name\" content=\"HY GLASS\" \/>\n<meta property=\"article:modified_time\" content=\"2025-01-11T14:44:04+00:00\" \/>\n<meta property=\"og:image\" content=\"https:\/\/glass-perfume-bottles.com\/wp-content\/uploads\/2025\/01\/30ml-50ml-100ml-Square-perfume-bottle-with-resin-cap.jpg\" \/>\n\t<meta property=\"og:image:width\" content=\"720\" \/>\n\t<meta property=\"og:image:height\" content=\"720\" \/>\n\t<meta property=\"og:image:type\" content=\"image\/jpeg\" \/>\n<meta name=\"twitter:card\" content=\"summary_large_image\" \/>\n<meta name=\"twitter:label1\" content=\"Dur\u00e9e de lecture estim\u00e9e\" \/>\n\t<meta name=\"twitter:data1\" content=\"2 minutes\" \/>\n<script type=\"application\/ld+json\" class=\"yoast-schema-graph\">{\"@context\":\"https:\/\/schema.org\",\"@graph\":[{\"@type\":\"WebPage\",\"@id\":\"https:\/\/glass-perfume-bottles.com\/es\/producto\/luxury-30ml-50ml-100ml-square-perfume-bottle-with-resin-cap\/\",\"url\":\"https:\/\/glass-perfume-bottles.com\/es\/producto\/luxury-30ml-50ml-100ml-square-perfume-bottle-with-resin-cap\/\",\"name\":\"Luxury 30ml 50ml 100ml Square perfume bottle with resin cap\",\"isPartOf\":{\"@id\":\"https:\/\/glass-perfume-bottles.com\/#website\"},\"primaryImageOfPage\":{\"@id\":\"https:\/\/glass-perfume-bottles.com\/es\/producto\/luxury-30ml-50ml-100ml-square-perfume-bottle-with-resin-cap\/#primaryimage\"},\"image\":{\"@id\":\"https:\/\/glass-perfume-bottles.com\/es\/producto\/luxury-30ml-50ml-100ml-square-perfume-bottle-with-resin-cap\/#primaryimage\"},\"thumbnailUrl\":\"https:\/\/glass-perfume-bottles.com\/wp-content\/uploads\/2025\/01\/30ml-50ml-100ml-Square-perfume-bottle-with-resin-cap.jpg\",\"datePublished\":\"2025-01-11T05:40:02+00:00\",\"dateModified\":\"2025-01-11T14:44:04+00:00\",\"description\":\"Wholesale 30ml 50ml 100ml square Perfume bottle ,have high quality and transparency \uff0cmini capacity from 30ml-100ml put in your bag easy to carry,\",\"breadcrumb\":{\"@id\":\"https:\/\/glass-perfume-bottles.com\/es\/producto\/luxury-30ml-50ml-100ml-square-perfume-bottle-with-resin-cap\/#breadcrumb\"},\"inLanguage\":\"fr-FR\",\"potentialAction\":[{\"@type\":\"ReadAction\",\"target\":[\"https:\/\/glass-perfume-bottles.com\/es\/producto\/luxury-30ml-50ml-100ml-square-perfume-bottle-with-resin-cap\/\"]}]},{\"@type\":\"ImageObject\",\"inLanguage\":\"fr-FR\",\"@id\":\"https:\/\/glass-perfume-bottles.com\/es\/producto\/luxury-30ml-50ml-100ml-square-perfume-bottle-with-resin-cap\/#primaryimage\",\"url\":\"https:\/\/glass-perfume-bottles.com\/wp-content\/uploads\/2025\/01\/30ml-50ml-100ml-Square-perfume-bottle-with-resin-cap.jpg\",\"contentUrl\":\"https:\/\/glass-perfume-bottles.com\/wp-content\/uploads\/2025\/01\/30ml-50ml-100ml-Square-perfume-bottle-with-resin-cap.jpg\",\"width\":720,\"height\":720,\"caption\":\"Wholesale 30ml 50ml 100ml square Perfume bottle made of crystal white glass,have high quality and transparency \uff0cperfume bottle with high quality resin cap make your proudct special,\"},{\"@type\":\"BreadcrumbList\",\"@id\":\"https:\/\/glass-perfume-bottles.com\/es\/producto\/luxury-30ml-50ml-100ml-square-perfume-bottle-with-resin-cap\/#breadcrumb\",\"itemListElement\":[{\"@type\":\"ListItem\",\"position\":1,\"name\":\"Home\",\"item\":\"https:\/\/glass-perfume-bottles.com\/\"},{\"@type\":\"ListItem\",\"position\":2,\"name\":\"Product\",\"item\":\"https:\/\/glass-perfume-bottles.com\/custom-made-perfume-bottle-suppliers-and-wholesale\/\"},{\"@type\":\"ListItem\",\"position\":3,\"name\":\"Luxury 30ml 50ml 100ml Square perfume bottle with resin cap\"}]},{\"@type\":\"WebSite\",\"@id\":\"https:\/\/glass-perfume-bottles.com\/#website\",\"url\":\"https:\/\/glass-perfume-bottles.com\/\",\"name\":\"HY GLASS\",\"description\":\"glass perfume bottle manufacturers &amp; suppliers, aroma reed diffuser bottle wholesale &amp; suppliers\",\"publisher\":{\"@id\":\"https:\/\/glass-perfume-bottles.com\/#organization\"},\"potentialAction\":[{\"@type\":\"SearchAction\",\"target\":{\"@type\":\"EntryPoint\",\"urlTemplate\":\"https:\/\/glass-perfume-bottles.com\/?s={search_term_string}\"},\"query-input\":{\"@type\":\"PropertyValueSpecification\",\"valueRequired\":true,\"valueName\":\"search_term_string\"}}],\"inLanguage\":\"fr-FR\"},{\"@type\":\"Organization\",\"@id\":\"https:\/\/glass-perfume-bottles.com\/#organization\",\"name\":\"HY GLASS\",\"url\":\"https:\/\/glass-perfume-bottles.com\/\",\"logo\":{\"@type\":\"ImageObject\",\"inLanguage\":\"fr-FR\",\"@id\":\"https:\/\/glass-perfume-bottles.com\/#\/schema\/logo\/image\/\",\"url\":\"https:\/\/glass-perfume-bottles.com\/wp-content\/uploads\/2023\/09\/logo21.png\",\"contentUrl\":\"https:\/\/glass-perfume-bottles.com\/wp-content\/uploads\/2023\/09\/logo21.png\",\"width\":342,\"height\":268,\"caption\":\"HY GLASS\"},\"image\":{\"@id\":\"https:\/\/glass-perfume-bottles.com\/#\/schema\/logo\/image\/\"}}]}<\/script>\n<!-- \/ Yoast SEO Premium plugin. -->","yoast_head_json":{"title":"Luxury 30ml 50ml 100ml Square perfume bottle with resin cap","description":"Wholesale 30ml 50ml 100ml square Perfume bottle ,have high quality and transparency \uff0cmini capacity from 30ml-100ml put in your bag easy to carry,","robots":{"index":"index","follow":"follow","max-snippet":"max-snippet:-1","max-image-preview":"max-image-preview:large","max-video-preview":"max-video-preview:-1"},"canonical":"https:\/\/glass-perfume-bottles.com\/fr\/producto\/luxury-30ml-50ml-100ml-square-perfume-bottle-with-resin-cap\/","og_locale":"fr_FR","og_type":"article","og_title":"Luxury 30ml 50ml 100ml Square perfume bottle with resin cap","og_description":"Wholesale 30ml 50ml 100ml square Perfume bottle ,have high quality and transparency \uff0cmini capacity from 30ml-100ml put in your bag easy to carry,","og_url":"https:\/\/glass-perfume-bottles.com\/fr\/producto\/luxury-30ml-50ml-100ml-square-perfume-bottle-with-resin-cap\/","og_site_name":"HY GLASS","article_modified_time":"2025-01-11T14:44:04+00:00","og_image":[{"width":720,"height":720,"url":"https:\/\/glass-perfume-bottles.com\/wp-content\/uploads\/2025\/01\/30ml-50ml-100ml-Square-perfume-bottle-with-resin-cap.jpg","type":"image\/jpeg"}],"twitter_card":"summary_large_image","twitter_misc":{"Dur\u00e9e de lecture estim\u00e9e":"2 minutes"},"schema":{"@context":"https:\/\/schema.org","@graph":[{"@type":"WebPage","@id":"https:\/\/glass-perfume-bottles.com\/es\/producto\/luxury-30ml-50ml-100ml-square-perfume-bottle-with-resin-cap\/","url":"https:\/\/glass-perfume-bottles.com\/es\/producto\/luxury-30ml-50ml-100ml-square-perfume-bottle-with-resin-cap\/","name":"Luxury 30ml 50ml 100ml Square perfume bottle with resin cap","isPartOf":{"@id":"https:\/\/glass-perfume-bottles.com\/#website"},"primaryImageOfPage":{"@id":"https:\/\/glass-perfume-bottles.com\/es\/producto\/luxury-30ml-50ml-100ml-square-perfume-bottle-with-resin-cap\/#primaryimage"},"image":{"@id":"https:\/\/glass-perfume-bottles.com\/es\/producto\/luxury-30ml-50ml-100ml-square-perfume-bottle-with-resin-cap\/#primaryimage"},"thumbnailUrl":"https:\/\/glass-perfume-bottles.com\/wp-content\/uploads\/2025\/01\/30ml-50ml-100ml-Square-perfume-bottle-with-resin-cap.jpg","datePublished":"2025-01-11T05:40:02+00:00","dateModified":"2025-01-11T14:44:04+00:00","description":"Wholesale 30ml 50ml 100ml square Perfume bottle ,have high quality and transparency \uff0cmini capacity from 30ml-100ml put in your bag easy to carry,","breadcrumb":{"@id":"https:\/\/glass-perfume-bottles.com\/es\/producto\/luxury-30ml-50ml-100ml-square-perfume-bottle-with-resin-cap\/#breadcrumb"},"inLanguage":"fr-FR","potentialAction":[{"@type":"ReadAction","target":["https:\/\/glass-perfume-bottles.com\/es\/producto\/luxury-30ml-50ml-100ml-square-perfume-bottle-with-resin-cap\/"]}]},{"@type":"ImageObject","inLanguage":"fr-FR","@id":"https:\/\/glass-perfume-bottles.com\/es\/producto\/luxury-30ml-50ml-100ml-square-perfume-bottle-with-resin-cap\/#primaryimage","url":"https:\/\/glass-perfume-bottles.com\/wp-content\/uploads\/2025\/01\/30ml-50ml-100ml-Square-perfume-bottle-with-resin-cap.jpg","contentUrl":"https:\/\/glass-perfume-bottles.com\/wp-content\/uploads\/2025\/01\/30ml-50ml-100ml-Square-perfume-bottle-with-resin-cap.jpg","width":720,"height":720,"caption":"Wholesale 30ml 50ml 100ml square Perfume bottle made of crystal white glass,have high quality and transparency \uff0cperfume bottle with high quality resin cap make your proudct special,"},{"@type":"BreadcrumbList","@id":"https:\/\/glass-perfume-bottles.com\/es\/producto\/luxury-30ml-50ml-100ml-square-perfume-bottle-with-resin-cap\/#breadcrumb","itemListElement":[{"@type":"ListItem","position":1,"name":"Home","item":"https:\/\/glass-perfume-bottles.com\/"},{"@type":"ListItem","position":2,"name":"Product","item":"https:\/\/glass-perfume-bottles.com\/custom-made-perfume-bottle-suppliers-and-wholesale\/"},{"@type":"ListItem","position":3,"name":"Luxury 30ml 50ml 100ml Square perfume bottle with resin cap"}]},{"@type":"WebSite","@id":"https:\/\/glass-perfume-bottles.com\/#website","url":"https:\/\/glass-perfume-bottles.com\/","name":"HY GLASS","description":"glass perfume bottle manufacturers &amp; suppliers, aroma reed diffuser bottle wholesale &amp; suppliers","publisher":{"@id":"https:\/\/glass-perfume-bottles.com\/#organization"},"potentialAction":[{"@type":"SearchAction","target":{"@type":"EntryPoint","urlTemplate":"https:\/\/glass-perfume-bottles.com\/?s={search_term_string}"},"query-input":{"@type":"PropertyValueSpecification","valueRequired":true,"valueName":"search_term_string"}}],"inLanguage":"fr-FR"},{"@type":"Organization","@id":"https:\/\/glass-perfume-bottles.com\/#organization","name":"HY GLASS","url":"https:\/\/glass-perfume-bottles.com\/","logo":{"@type":"ImageObject","inLanguage":"fr-FR","@id":"https:\/\/glass-perfume-bottles.com\/#\/schema\/logo\/image\/","url":"https:\/\/glass-perfume-bottles.com\/wp-content\/uploads\/2023\/09\/logo21.png","contentUrl":"https:\/\/glass-perfume-bottles.com\/wp-content\/uploads\/2023\/09\/logo21.png","width":342,"height":268,"caption":"HY GLASS"},"image":{"@id":"https:\/\/glass-perfume-bottles.com\/#\/schema\/logo\/image\/"}}]}},"taxonomy_info":{"product_cat":[{"value":51,"label":"Glass Perfume Bottle"}],"product_tag":[{"value":69,"label":"Custom glass perfume bottle factory"},{"value":78,"label":"Cylinder glass perfume bottle manufacturer"},{"value":95,"label":"Luxury glass perfume bottle"},{"value":67,"label":"Square glass perfume bottle supplier"},{"value":66,"label":"Wholesale glass perfume bottle"}]},"featured_image_src_large":["https:\/\/glass-perfume-bottles.com\/wp-content\/uploads\/2025\/01\/30ml-50ml-100ml-Square-perfume-bottle-with-resin-cap.jpg",720,720,false],"author_info":[],"comment_info":0,"_links":{"self":[{"href":"https:\/\/glass-perfume-bottles.com\/fr\/wp-json\/wp\/v2\/product\/2025","targetHints":{"allow":["GET"]}}],"collection":[{"href":"https:\/\/glass-perfume-bottles.com\/fr\/wp-json\/wp\/v2\/product"}],"about":[{"href":"https:\/\/glass-perfume-bottles.com\/fr\/wp-json\/wp\/v2\/types\/product"}],"replies":[{"embeddable":true,"href":"https:\/\/glass-perfume-bottles.com\/fr\/wp-json\/wp\/v2\/comments?post=2025"}],"wp:featuredmedia":[{"embeddable":true,"href":"https:\/\/glass-perfume-bottles.com\/fr\/wp-json\/wp\/v2\/media\/2026"}],"wp:attachment":[{"href":"https:\/\/glass-perfume-bottles.com\/fr\/wp-json\/wp\/v2\/media?parent=2025"}],"wp:term":[{"taxonomy":"product_brand","embeddable":true,"href":"https:\/\/glass-perfume-bottles.com\/fr\/wp-json\/wp\/v2\/product_brand?post=2025"},{"taxonomy":"product_cat","embeddable":true,"href":"https:\/\/glass-perfume-bottles.com\/fr\/wp-json\/wp\/v2\/product_cat?post=2025"},{"taxonomy":"product_tag","embeddable":true,"href":"https:\/\/glass-perfume-bottles.com\/fr\/wp-json\/wp\/v2\/product_tag?post=2025"}],"curies":[{"name":"wp","href":"https:\/\/api.w.org\/{rel}","templated":true}]}}