{"id":2035,"date":"2025-01-11T11:20:39","date_gmt":"2025-01-11T11:20:39","guid":{"rendered":"https:\/\/glass-perfume-bottles.com\/?post_type=product&#038;p=2035"},"modified":"2025-03-22T16:02:57","modified_gmt":"2025-03-22T16:02:57","slug":"30ml-50ml-100ml-cylinder-glass-perfume-bottle-factory","status":"publish","type":"product","link":"https:\/\/glass-perfume-bottles.com\/fr\/produit\/30ml-50ml-100ml-cylinder-glass-perfume-bottle-factory\/","title":{"rendered":"Usine de bouteilles de parfum en verre cylindriques de 30 ml, 50 ml et 100 ml"},"content":{"rendered":"<table>\n<tbody>\n<tr>\n<td width=\"158\">Nom du produit<\/td>\n<td width=\"591\">Flacon de parfum cylindrique en verre de 30 ml, 50 ml, 100 ml<\/td>\n<\/tr>\n<tr>\n<td width=\"158\">Capacit\u00e9<\/td>\n<td width=\"591\">30 ml, 50 ml, 100 ml (autres tailles disponibles)<\/td>\n<\/tr>\n<tr>\n<td width=\"158\">Taille<\/td>\n<td width=\"591\">\u00a0 30 ml : 38 x 92 mm 50 ml : 44 x 104 mm 100 ml : 54 x 121 mm<\/td>\n<\/tr>\n<tr>\n<td width=\"158\">Bouche<\/td>\n<td width=\"591\">Sertissage 15 mm<span style=\"font-family: inherit; font-size: inherit;\"> bouche<\/span><\/td>\n<\/tr>\n<tr>\n<td width=\"158\">Mat\u00e9riel<\/td>\n<td width=\"591\">Verre blanc cristal<\/td>\n<\/tr>\n<tr>\n<td width=\"158\">Couleur du corps<\/td>\n<td width=\"591\">Rouge, noir, bleu, givr\u00e9, vert, rose ou couleur personnalis\u00e9e<\/td>\n<\/tr>\n<tr>\n<td width=\"158\">Manutention de surface<\/td>\n<td width=\"591\">\n<ol>\n<li>Impression s\u00e9rigraphique<\/li>\n<li>Marquage \u00e0 chaud<\/li>\n<li>\u00a0Rev\u00eatement UV<\/li>\n<li>Givr\u00e9<\/li>\n<li>\u00a0D\u00e9calque<\/li>\n<li>\u00a0Flocage<\/li>\n<li>\u00c9tiquetage<\/li>\n<li>Peinture couleur ou personnalis\u00e9e selon vos besoins<\/li>\n<\/ol>\n<\/td>\n<\/tr>\n<tr>\n<td width=\"158\">Usage<\/td>\n<td width=\"591\">\u00a0Parfum\/s\u00e9rum\/huile essentielle\/huile parfum\u00e9e d&#039;ambiance\/tonique<\/td>\n<\/tr>\n<tr>\n<td width=\"158\">Emballage<\/td>\n<td width=\"591\">Carton d&#039;exportation puis palette en contreplaqu\u00e9,<\/td>\n<\/tr>\n<tr>\n<td width=\"158\">Quantit\u00e9 minimale de commande<\/td>\n<td width=\"591\">5 000 pi\u00e8ces (car il existe une conception personnalis\u00e9e)<\/td>\n<\/tr>\n<tr>\n<td width=\"158\">\u00c9chantillon<\/td>\n<td width=\"591\">\u00c9chantillon gratuit, frais de transport n\u00e9cessaires.<\/td>\n<\/tr>\n<tr>\n<td width=\"158\">Transport<\/td>\n<td width=\"591\">FedEx\/DHL\/EMS\/UPS\/TNT\/Par mer\/Par avion, etc.<\/td>\n<\/tr>\n<tr>\n<td width=\"158\">Mode de paiement<\/td>\n<td width=\"591\">Virement bancaire, L\/C, Western Union, Money Gram, Paypal, etc.<\/td>\n<\/tr>\n<tr>\n<td width=\"158\">D\u00e9lai de livraison<\/td>\n<td width=\"591\">\u00c9chantillon 1 \u00e0 2 jours, production de commande 20 \u00e0 45 jours selon les d\u00e9tails de la commande.<\/td>\n<\/tr>\n<tr>\n<td width=\"158\">Service<\/td>\n<td width=\"591\">Service OEM et ODM, service de conception, solution unique<\/td>\n<\/tr>\n<\/tbody>\n<\/table>\n<p>&nbsp;<\/p>\n<p>30 ml, 50 ml, 100 ml <a href=\"https:\/\/glass-perfume-bottles.com\/fr\/produit\/30ml-50ml-100ml-perfume-bottle-with-cap\/\">bouteille de parfum en verre cylindrique<\/a> Fabriqu\u00e9 en verre blanc cristal, fond \u00e9pais avec design cylindrique Mettez en valeur un style unique, acceptez le rev\u00eatement de couleur, le rev\u00eatement givr\u00e9, le rev\u00eatement en marbre, le flocage, etc. Nous pouvons \u00e9galement fournir diff\u00e9rents emballages de flacons de parfum tels que des bo\u00eetes de diff\u00e9rentes tailles et mat\u00e9riaux. Comme le papier kraft, le carton, le papier d&#039;art, etc.<\/p>\n<p>En tant que professionnel <a href=\"https:\/\/www.hyglassbottles.com\/product\/Empty-perfume-bottle-custom-perfume-bottle-supplier-wholesale-glass-perfume-bottle-manufacturer.html\">bouteille de parfum en verre<\/a> usine, nous avons produit diff\u00e9rentes formes et capacit\u00e9s pour le client, avons une ligne de production professionnelle et une \u00e9quipe de conception, nous pouvons fournir un service de premier ordre et un produit stable pour le client, bienvenue, envoyez-nous une demande, attendez-vous.<\/p>","protected":false},"excerpt":{"rendered":"<p>30 ml, 50 ml, 100 ml <a href=\"https:\/\/glass-perfume-bottles.com\/fr\/produit\/30ml-50ml-100ml-perfume-bottle-with-cap\/\">bouteille de parfum en verre cylindrique<\/a> Fabriqu\u00e9 en verre blanc cristal, fond \u00e9pais avec design cylindrique Mettez en valeur un style unique, acceptez le rev\u00eatement de couleur, le rev\u00eatement givr\u00e9, le rev\u00eatement en marbre, le flocage, etc. Nous pouvons \u00e9galement fournir diff\u00e9rents emballages de flacons de parfum tels que des bo\u00eetes de diff\u00e9rentes tailles et mat\u00e9riaux. Comme le papier kraft, le carton, le papier d&#039;art, etc.<\/p>\n<div class=\"summary entry-summary\">\n<div class=\"a2a_kit a2a_kit_size_32 addtoany_list\" data-a2a-url=\"https:\/\/glass-perfume-bottles.com\/product\/30ml-50ml-100ml-perfume-bottle-with-cap\/\" data-a2a-title=\"Wholesale 30ml 50ml 100ml cylinder Perfume bottle with cap\"><\/div>\n<\/div>\n<div class=\"woocommerce-tabs wc-tabs-wrapper\"><\/div>","protected":false},"featured_media":2036,"comment_status":"open","ping_status":"closed","template":"","meta":{"_kad_blocks_custom_css":"","_kad_blocks_head_custom_js":"","_kad_blocks_body_custom_js":"","_kad_blocks_footer_custom_js":"","_kad_post_transparent":"default","_kad_post_title":"","_kad_post_layout":"default","_kad_post_sidebar_id":"","_kad_post_content_style":"default","_kad_post_vertical_padding":"default","_kad_post_feature":"","_kad_post_feature_position":"","_kad_post_header":false,"_kad_post_footer":false,"_joinchat":{"telephone":"+8613813299086"}},"product_brand":[],"product_cat":[51],"product_tag":[69,70,78,67,66],"class_list":{"0":"post-2035","1":"product","2":"type-product","3":"status-publish","4":"has-post-thumbnail","6":"product_cat-glass-perfume-bottles","7":"product_tag-custom-glass-perfume-bottle-factory","8":"product_tag-custom-home-fragrance-oil-bottle","9":"product_tag-cylinder-glass-perfume-bottle-manufacturer","10":"product_tag-square-glass-perfume-bottle-supplier","11":"product_tag-wholesale-glass-perfume-bottle","13":"first","14":"instock","15":"shipping-taxable","16":"product-type-simple","17":"entry","18":"content-bg","19":"loop-entry"},"yoast_head":"<!-- This site is optimized with the Yoast SEO Premium plugin v20.5 (Yoast SEO v24.2) - https:\/\/yoast.com\/wordpress\/plugins\/seo\/ -->\n<title>30ml 50ml 100ml Cylinder glass perfume bottle factory<\/title>\n<meta name=\"description\" content=\"30ml 50ml 100ml cylinder\u00a0glass perfume bottle made of crystal white glass,thick bottom with cylinder design Highlight a unique style\" \/>\n<meta name=\"robots\" content=\"index, follow, max-snippet:-1, max-image-preview:large, max-video-preview:-1\" \/>\n<link rel=\"canonical\" href=\"https:\/\/glass-perfume-bottles.com\/fr\/produkt\/30ml-50ml-100ml-cylinder-glass-perfume-bottle-factory\/\" \/>\n<meta property=\"og:locale\" content=\"fr_FR\" \/>\n<meta property=\"og:type\" content=\"article\" \/>\n<meta property=\"og:title\" content=\"30ml 50ml 100ml Cylinder glass perfume bottle factory\" \/>\n<meta property=\"og:description\" content=\"30ml 50ml 100ml cylinder\u00a0glass perfume bottle made of crystal white glass,thick bottom with cylinder design Highlight a unique style\" \/>\n<meta property=\"og:url\" content=\"https:\/\/glass-perfume-bottles.com\/fr\/produkt\/30ml-50ml-100ml-cylinder-glass-perfume-bottle-factory\/\" \/>\n<meta property=\"og:site_name\" content=\"HY GLASS\" \/>\n<meta property=\"article:modified_time\" content=\"2025-03-22T16:02:57+00:00\" \/>\n<meta property=\"og:image\" content=\"https:\/\/glass-perfume-bottles.com\/wp-content\/uploads\/2025\/01\/30ml-50ml-100ml-Cylinder-glass-perfume-bottle-with-cap.jpg\" \/>\n\t<meta property=\"og:image:width\" content=\"720\" \/>\n\t<meta property=\"og:image:height\" content=\"720\" \/>\n\t<meta property=\"og:image:type\" content=\"image\/jpeg\" \/>\n<meta name=\"twitter:card\" content=\"summary_large_image\" \/>\n<meta name=\"twitter:label1\" content=\"Dur\u00e9e de lecture estim\u00e9e\" \/>\n\t<meta name=\"twitter:data1\" content=\"2 minutes\" \/>\n<script type=\"application\/ld+json\" class=\"yoast-schema-graph\">{\"@context\":\"https:\/\/schema.org\",\"@graph\":[{\"@type\":\"WebPage\",\"@id\":\"https:\/\/glass-perfume-bottles.com\/de\/produkt\/30ml-50ml-100ml-cylinder-glass-perfume-bottle-factory\/\",\"url\":\"https:\/\/glass-perfume-bottles.com\/de\/produkt\/30ml-50ml-100ml-cylinder-glass-perfume-bottle-factory\/\",\"name\":\"30ml 50ml 100ml Cylinder glass perfume bottle factory\",\"isPartOf\":{\"@id\":\"https:\/\/glass-perfume-bottles.com\/#website\"},\"primaryImageOfPage\":{\"@id\":\"https:\/\/glass-perfume-bottles.com\/de\/produkt\/30ml-50ml-100ml-cylinder-glass-perfume-bottle-factory\/#primaryimage\"},\"image\":{\"@id\":\"https:\/\/glass-perfume-bottles.com\/de\/produkt\/30ml-50ml-100ml-cylinder-glass-perfume-bottle-factory\/#primaryimage\"},\"thumbnailUrl\":\"https:\/\/glass-perfume-bottles.com\/wp-content\/uploads\/2025\/01\/30ml-50ml-100ml-Cylinder-glass-perfume-bottle-with-cap.jpg\",\"datePublished\":\"2025-01-11T11:20:39+00:00\",\"dateModified\":\"2025-03-22T16:02:57+00:00\",\"description\":\"30ml 50ml 100ml cylinder\u00a0glass perfume bottle made of crystal white glass,thick bottom with cylinder design Highlight a unique style\",\"breadcrumb\":{\"@id\":\"https:\/\/glass-perfume-bottles.com\/de\/produkt\/30ml-50ml-100ml-cylinder-glass-perfume-bottle-factory\/#breadcrumb\"},\"inLanguage\":\"fr-FR\",\"potentialAction\":[{\"@type\":\"ReadAction\",\"target\":[\"https:\/\/glass-perfume-bottles.com\/de\/produkt\/30ml-50ml-100ml-cylinder-glass-perfume-bottle-factory\/\"]}]},{\"@type\":\"ImageObject\",\"inLanguage\":\"fr-FR\",\"@id\":\"https:\/\/glass-perfume-bottles.com\/de\/produkt\/30ml-50ml-100ml-cylinder-glass-perfume-bottle-factory\/#primaryimage\",\"url\":\"https:\/\/glass-perfume-bottles.com\/wp-content\/uploads\/2025\/01\/30ml-50ml-100ml-Cylinder-glass-perfume-bottle-with-cap.jpg\",\"contentUrl\":\"https:\/\/glass-perfume-bottles.com\/wp-content\/uploads\/2025\/01\/30ml-50ml-100ml-Cylinder-glass-perfume-bottle-with-cap.jpg\",\"width\":720,\"height\":720,\"caption\":\"30ml 50ml 100ml cylinder glass perfume bottle made of crystal white glass,thick bottom with cylinder design Highlight a unique style,accept color coating\u3001frosted\u3001marble coating\u3001flocking ect process,we can also supply different perfume bottle package such as box with different size and material. Like Kraft paper,Paper board, Art paper etc material\uff0c\"},{\"@type\":\"BreadcrumbList\",\"@id\":\"https:\/\/glass-perfume-bottles.com\/de\/produkt\/30ml-50ml-100ml-cylinder-glass-perfume-bottle-factory\/#breadcrumb\",\"itemListElement\":[{\"@type\":\"ListItem\",\"position\":1,\"name\":\"Home\",\"item\":\"https:\/\/glass-perfume-bottles.com\/\"},{\"@type\":\"ListItem\",\"position\":2,\"name\":\"Product\",\"item\":\"https:\/\/glass-perfume-bottles.com\/custom-made-perfume-bottle-suppliers-and-wholesale\/\"},{\"@type\":\"ListItem\",\"position\":3,\"name\":\"30ml 50ml 100ml Cylinder glass perfume bottle factory\"}]},{\"@type\":\"WebSite\",\"@id\":\"https:\/\/glass-perfume-bottles.com\/#website\",\"url\":\"https:\/\/glass-perfume-bottles.com\/\",\"name\":\"HY GLASS\",\"description\":\"glass perfume bottle manufacturers &amp; suppliers, aroma reed diffuser bottle wholesale &amp; suppliers\",\"publisher\":{\"@id\":\"https:\/\/glass-perfume-bottles.com\/#organization\"},\"potentialAction\":[{\"@type\":\"SearchAction\",\"target\":{\"@type\":\"EntryPoint\",\"urlTemplate\":\"https:\/\/glass-perfume-bottles.com\/?s={search_term_string}\"},\"query-input\":{\"@type\":\"PropertyValueSpecification\",\"valueRequired\":true,\"valueName\":\"search_term_string\"}}],\"inLanguage\":\"fr-FR\"},{\"@type\":\"Organization\",\"@id\":\"https:\/\/glass-perfume-bottles.com\/#organization\",\"name\":\"HY GLASS\",\"url\":\"https:\/\/glass-perfume-bottles.com\/\",\"logo\":{\"@type\":\"ImageObject\",\"inLanguage\":\"fr-FR\",\"@id\":\"https:\/\/glass-perfume-bottles.com\/#\/schema\/logo\/image\/\",\"url\":\"https:\/\/glass-perfume-bottles.com\/wp-content\/uploads\/2023\/09\/logo21.png\",\"contentUrl\":\"https:\/\/glass-perfume-bottles.com\/wp-content\/uploads\/2023\/09\/logo21.png\",\"width\":342,\"height\":268,\"caption\":\"HY GLASS\"},\"image\":{\"@id\":\"https:\/\/glass-perfume-bottles.com\/#\/schema\/logo\/image\/\"}}]}<\/script>\n<!-- \/ Yoast SEO Premium plugin. -->","yoast_head_json":{"title":"30ml 50ml 100ml Cylinder glass perfume bottle factory","description":"30ml 50ml 100ml cylinder\u00a0glass perfume bottle made of crystal white glass,thick bottom with cylinder design Highlight a unique style","robots":{"index":"index","follow":"follow","max-snippet":"max-snippet:-1","max-image-preview":"max-image-preview:large","max-video-preview":"max-video-preview:-1"},"canonical":"https:\/\/glass-perfume-bottles.com\/fr\/produkt\/30ml-50ml-100ml-cylinder-glass-perfume-bottle-factory\/","og_locale":"fr_FR","og_type":"article","og_title":"30ml 50ml 100ml Cylinder glass perfume bottle factory","og_description":"30ml 50ml 100ml cylinder\u00a0glass perfume bottle made of crystal white glass,thick bottom with cylinder design Highlight a unique style","og_url":"https:\/\/glass-perfume-bottles.com\/fr\/produkt\/30ml-50ml-100ml-cylinder-glass-perfume-bottle-factory\/","og_site_name":"HY GLASS","article_modified_time":"2025-03-22T16:02:57+00:00","og_image":[{"width":720,"height":720,"url":"https:\/\/glass-perfume-bottles.com\/wp-content\/uploads\/2025\/01\/30ml-50ml-100ml-Cylinder-glass-perfume-bottle-with-cap.jpg","type":"image\/jpeg"}],"twitter_card":"summary_large_image","twitter_misc":{"Dur\u00e9e de lecture estim\u00e9e":"2 minutes"},"schema":{"@context":"https:\/\/schema.org","@graph":[{"@type":"WebPage","@id":"https:\/\/glass-perfume-bottles.com\/de\/produkt\/30ml-50ml-100ml-cylinder-glass-perfume-bottle-factory\/","url":"https:\/\/glass-perfume-bottles.com\/de\/produkt\/30ml-50ml-100ml-cylinder-glass-perfume-bottle-factory\/","name":"30ml 50ml 100ml Cylinder glass perfume bottle factory","isPartOf":{"@id":"https:\/\/glass-perfume-bottles.com\/#website"},"primaryImageOfPage":{"@id":"https:\/\/glass-perfume-bottles.com\/de\/produkt\/30ml-50ml-100ml-cylinder-glass-perfume-bottle-factory\/#primaryimage"},"image":{"@id":"https:\/\/glass-perfume-bottles.com\/de\/produkt\/30ml-50ml-100ml-cylinder-glass-perfume-bottle-factory\/#primaryimage"},"thumbnailUrl":"https:\/\/glass-perfume-bottles.com\/wp-content\/uploads\/2025\/01\/30ml-50ml-100ml-Cylinder-glass-perfume-bottle-with-cap.jpg","datePublished":"2025-01-11T11:20:39+00:00","dateModified":"2025-03-22T16:02:57+00:00","description":"30ml 50ml 100ml cylinder\u00a0glass perfume bottle made of crystal white glass,thick bottom with cylinder design Highlight a unique style","breadcrumb":{"@id":"https:\/\/glass-perfume-bottles.com\/de\/produkt\/30ml-50ml-100ml-cylinder-glass-perfume-bottle-factory\/#breadcrumb"},"inLanguage":"fr-FR","potentialAction":[{"@type":"ReadAction","target":["https:\/\/glass-perfume-bottles.com\/de\/produkt\/30ml-50ml-100ml-cylinder-glass-perfume-bottle-factory\/"]}]},{"@type":"ImageObject","inLanguage":"fr-FR","@id":"https:\/\/glass-perfume-bottles.com\/de\/produkt\/30ml-50ml-100ml-cylinder-glass-perfume-bottle-factory\/#primaryimage","url":"https:\/\/glass-perfume-bottles.com\/wp-content\/uploads\/2025\/01\/30ml-50ml-100ml-Cylinder-glass-perfume-bottle-with-cap.jpg","contentUrl":"https:\/\/glass-perfume-bottles.com\/wp-content\/uploads\/2025\/01\/30ml-50ml-100ml-Cylinder-glass-perfume-bottle-with-cap.jpg","width":720,"height":720,"caption":"30ml 50ml 100ml cylinder glass perfume bottle made of crystal white glass,thick bottom with cylinder design Highlight a unique style,accept color coating\u3001frosted\u3001marble coating\u3001flocking ect process,we can also supply different perfume bottle package such as box with different size and material. Like Kraft paper,Paper board, Art paper etc material\uff0c"},{"@type":"BreadcrumbList","@id":"https:\/\/glass-perfume-bottles.com\/de\/produkt\/30ml-50ml-100ml-cylinder-glass-perfume-bottle-factory\/#breadcrumb","itemListElement":[{"@type":"ListItem","position":1,"name":"Home","item":"https:\/\/glass-perfume-bottles.com\/"},{"@type":"ListItem","position":2,"name":"Product","item":"https:\/\/glass-perfume-bottles.com\/custom-made-perfume-bottle-suppliers-and-wholesale\/"},{"@type":"ListItem","position":3,"name":"30ml 50ml 100ml Cylinder glass perfume bottle factory"}]},{"@type":"WebSite","@id":"https:\/\/glass-perfume-bottles.com\/#website","url":"https:\/\/glass-perfume-bottles.com\/","name":"HY GLASS","description":"glass perfume bottle manufacturers &amp; suppliers, aroma reed diffuser bottle wholesale &amp; suppliers","publisher":{"@id":"https:\/\/glass-perfume-bottles.com\/#organization"},"potentialAction":[{"@type":"SearchAction","target":{"@type":"EntryPoint","urlTemplate":"https:\/\/glass-perfume-bottles.com\/?s={search_term_string}"},"query-input":{"@type":"PropertyValueSpecification","valueRequired":true,"valueName":"search_term_string"}}],"inLanguage":"fr-FR"},{"@type":"Organization","@id":"https:\/\/glass-perfume-bottles.com\/#organization","name":"HY GLASS","url":"https:\/\/glass-perfume-bottles.com\/","logo":{"@type":"ImageObject","inLanguage":"fr-FR","@id":"https:\/\/glass-perfume-bottles.com\/#\/schema\/logo\/image\/","url":"https:\/\/glass-perfume-bottles.com\/wp-content\/uploads\/2023\/09\/logo21.png","contentUrl":"https:\/\/glass-perfume-bottles.com\/wp-content\/uploads\/2023\/09\/logo21.png","width":342,"height":268,"caption":"HY GLASS"},"image":{"@id":"https:\/\/glass-perfume-bottles.com\/#\/schema\/logo\/image\/"}}]}},"taxonomy_info":{"product_cat":[{"value":51,"label":"Glass Perfume Bottle"}],"product_tag":[{"value":69,"label":"Custom glass perfume bottle factory"},{"value":70,"label":"Custom home fragrance oil bottle"},{"value":78,"label":"Cylinder glass perfume bottle manufacturer"},{"value":67,"label":"Square glass perfume bottle supplier"},{"value":66,"label":"Wholesale glass perfume bottle"}]},"featured_image_src_large":["https:\/\/glass-perfume-bottles.com\/wp-content\/uploads\/2025\/01\/30ml-50ml-100ml-Cylinder-glass-perfume-bottle-with-cap.jpg",720,720,false],"author_info":[],"comment_info":0,"_links":{"self":[{"href":"https:\/\/glass-perfume-bottles.com\/fr\/wp-json\/wp\/v2\/product\/2035","targetHints":{"allow":["GET"]}}],"collection":[{"href":"https:\/\/glass-perfume-bottles.com\/fr\/wp-json\/wp\/v2\/product"}],"about":[{"href":"https:\/\/glass-perfume-bottles.com\/fr\/wp-json\/wp\/v2\/types\/product"}],"replies":[{"embeddable":true,"href":"https:\/\/glass-perfume-bottles.com\/fr\/wp-json\/wp\/v2\/comments?post=2035"}],"wp:featuredmedia":[{"embeddable":true,"href":"https:\/\/glass-perfume-bottles.com\/fr\/wp-json\/wp\/v2\/media\/2036"}],"wp:attachment":[{"href":"https:\/\/glass-perfume-bottles.com\/fr\/wp-json\/wp\/v2\/media?parent=2035"}],"wp:term":[{"taxonomy":"product_brand","embeddable":true,"href":"https:\/\/glass-perfume-bottles.com\/fr\/wp-json\/wp\/v2\/product_brand?post=2035"},{"taxonomy":"product_cat","embeddable":true,"href":"https:\/\/glass-perfume-bottles.com\/fr\/wp-json\/wp\/v2\/product_cat?post=2035"},{"taxonomy":"product_tag","embeddable":true,"href":"https:\/\/glass-perfume-bottles.com\/fr\/wp-json\/wp\/v2\/product_tag?post=2035"}],"curies":[{"name":"wp","href":"https:\/\/api.w.org\/{rel}","templated":true}]}}