{"id":2046,"date":"2025-01-11T12:21:59","date_gmt":"2025-01-11T12:21:59","guid":{"rendered":"https:\/\/glass-perfume-bottles.com\/?post_type=product&#038;p=2046"},"modified":"2025-01-11T14:39:27","modified_gmt":"2025-01-11T14:39:27","slug":"wholesale-50ml-flat-square-glass-spray-perfume-bottle","status":"publish","type":"product","link":"https:\/\/glass-perfume-bottles.com\/fr\/produit\/wholesale-50ml-flat-square-glass-spray-perfume-bottle\/","title":{"rendered":"Flacon pulv\u00e9risateur de parfum en verre carr\u00e9 plat de 50 ml en gros"},"content":{"rendered":"<table>\n<tbody>\n<tr>\n<td width=\"158\">Nom du produit<\/td>\n<td width=\"591\">\u00a0Flacon de parfum en verre plat carr\u00e9 de 50 ml<\/td>\n<\/tr>\n<tr>\n<td width=\"158\"><\/td>\n<td width=\"591\">50 ml (autre taille disponible)<\/td>\n<\/tr>\n<tr>\n<td width=\"158\">Taille<\/td>\n<td width=\"591\">\u00a050 ml : 75 x 33 x 80 mm 165 g<\/td>\n<\/tr>\n<tr>\n<td width=\"158\">Bouche<\/td>\n<td width=\"591\">Sertissage 15 mm<span style=\"font-family: inherit; font-size: inherit;\"> bouche<\/span><\/td>\n<\/tr>\n<tr>\n<td width=\"158\">Mat\u00e9riel<\/td>\n<td width=\"591\">Verre blanc cristal<\/td>\n<\/tr>\n<tr>\n<td width=\"158\">Couleur du corps<\/td>\n<td width=\"591\">Noir mat, rouge, givr\u00e9, vert, rose ou couleur personnalis\u00e9e<\/td>\n<\/tr>\n<tr>\n<td width=\"158\">Manutention de surface<\/td>\n<td width=\"591\">\n<ol>\n<li>Impression s\u00e9rigraphique<\/li>\n<li>Marquage \u00e0 chaud<\/li>\n<li>\u00a0Rev\u00eatement UV<\/li>\n<li>Givr\u00e9<\/li>\n<li>\u00a0D\u00e9calque<\/li>\n<li>\u00a0Flocage<\/li>\n<li>\u00c9tiquetage<\/li>\n<li>Peinture couleur ou personnalis\u00e9e selon vos besoins<\/li>\n<\/ol>\n<\/td>\n<\/tr>\n<tr>\n<td width=\"158\">Usage<\/td>\n<td width=\"591\">Parfum\/s\u00e9rum\/huile essentielle\/huile parfum\u00e9e d&#039;ambiance\/tonique<\/td>\n<\/tr>\n<tr>\n<td width=\"158\">Emballage<\/td>\n<td width=\"591\">Carton d&#039;exportation puis palette en contreplaqu\u00e9,<\/td>\n<\/tr>\n<tr>\n<td width=\"158\">Quantit\u00e9 minimale de commande<\/td>\n<td width=\"591\">5 000 pi\u00e8ces (car il existe une conception personnalis\u00e9e)<\/td>\n<\/tr>\n<tr>\n<td width=\"158\">\u00c9chantillon<\/td>\n<td width=\"591\">\u00c9chantillon gratuit, frais de transport n\u00e9cessaires.<\/td>\n<\/tr>\n<tr>\n<td width=\"158\">Transport<\/td>\n<td width=\"591\">FedEx\/DHL\/EMS\/UPS\/TNT\/Par mer\/Par avion, etc.<\/td>\n<\/tr>\n<tr>\n<td width=\"158\">Mode de paiement<\/td>\n<td width=\"591\">Virement bancaire, L\/C, Western Union, Money Gram, Paypal, etc.<\/td>\n<\/tr>\n<tr>\n<td width=\"158\">D\u00e9lai de livraison<\/td>\n<td width=\"591\">\u00c9chantillon 1 \u00e0 2 jours, production de commande 20 \u00e0 45 jours selon les d\u00e9tails de la commande.<\/td>\n<\/tr>\n<tr>\n<td width=\"158\">Service<\/td>\n<td width=\"591\">Service OEM et ODM, service de conception, solution unique<\/td>\n<\/tr>\n<\/tbody>\n<\/table>\n<p>&nbsp;<\/p>\n<p>50 ml <a href=\"https:\/\/glass-perfume-bottles.com\/fr\/produit\/30ml-50ml-100ml-perfume-bottle-with-cap\/\">Flacon de parfum en verre plat et carr\u00e9<\/a> Fabriqu\u00e9 en verre blanc cristal, fond \u00e9pais avec design cylindrique Mettez en valeur un style unique, acceptez le rev\u00eatement de couleur, le rev\u00eatement givr\u00e9, le rev\u00eatement en marbre, le flocage, etc. Nous pouvons \u00e9galement fournir diff\u00e9rents emballages de flacons de parfum tels que des bo\u00eetes de diff\u00e9rentes tailles et mat\u00e9riaux. Comme le papier kraft, le carton, le papier d&#039;art, etc.<\/p>\n<p>En tant qu&#039;appartement professionnel <a href=\"https:\/\/glass-perfume-bottles.com\/fr\/produit\/custom-flat-square-blue-glass-perfume-bottle\/\">bouteille de parfum en verre<\/a> fournisseur, nous avons produit diff\u00e9rentes formes et capacit\u00e9s pour le client, avons une ligne de production professionnelle et une \u00e9quipe de conception, nous pouvons fournir un service de premier ordre et un produit stable pour le client, bienvenue, envoyez-nous une demande, attendez-vous.<\/p>","protected":false},"excerpt":{"rendered":"<p>50 ml <a href=\"https:\/\/glass-perfume-bottles.com\/fr\/produit\/30ml-50ml-100ml-perfume-bottle-with-cap\/\">Flacon de parfum en verre noir mat<\/a>\u00a0fabriqu\u00e9 en verre blanc cristal, fond \u00e9pais avec design cylindrique Mettez en valeur un style unique.<span style=\"font-family: var(--global-body-font-family);\">nous avons une ligne de production professionnelle et une \u00e9quipe de conception, nous pouvons fournir un service de premier ordre et un produit stable pour le client<\/span><\/p>\n<div class=\"summary entry-summary\">\n<div class=\"a2a_kit a2a_kit_size_32 addtoany_list\" data-a2a-url=\"https:\/\/glass-perfume-bottles.com\/product\/30ml-50ml-100ml-perfume-bottle-with-cap\/\" data-a2a-title=\"Wholesale 30ml 50ml 100ml cylinder Perfume bottle with cap\"><\/div>\n<\/div>\n<div class=\"woocommerce-tabs wc-tabs-wrapper\"><\/div>","protected":false},"featured_media":2047,"comment_status":"open","ping_status":"closed","template":"","meta":{"_kad_blocks_custom_css":"","_kad_blocks_head_custom_js":"","_kad_blocks_body_custom_js":"","_kad_blocks_footer_custom_js":"","_kad_post_transparent":"default","_kad_post_title":"","_kad_post_layout":"default","_kad_post_sidebar_id":"","_kad_post_content_style":"default","_kad_post_vertical_padding":"default","_kad_post_feature":"","_kad_post_feature_position":"","_kad_post_header":false,"_kad_post_footer":false,"_joinchat":{"telephone":"+8613813299086"}},"product_brand":[],"product_cat":[51],"product_tag":[70,96,78,67,66],"class_list":{"0":"post-2046","1":"product","2":"type-product","3":"status-publish","4":"has-post-thumbnail","6":"product_cat-glass-perfume-bottles","7":"product_tag-custom-home-fragrance-oil-bottle","8":"product_tag-custom-perfume-bottle-factory","9":"product_tag-cylinder-glass-perfume-bottle-manufacturer","10":"product_tag-square-glass-perfume-bottle-supplier","11":"product_tag-wholesale-glass-perfume-bottle","13":"first","14":"instock","15":"shipping-taxable","16":"product-type-simple","17":"entry","18":"content-bg","19":"loop-entry"},"yoast_head":"<!-- This site is optimized with the Yoast SEO Premium plugin v20.5 (Yoast SEO v24.2) - https:\/\/yoast.com\/wordpress\/plugins\/seo\/ -->\n<title>Wholesale 50ml flat square glass spray perfume bottle<\/title>\n<meta name=\"description\" content=\"Wholesale 50ml flat square glass spray perfume bottle made of crystal white glass,thick bottom with cylinder design Highlight a unique style\" \/>\n<meta name=\"robots\" content=\"index, follow, max-snippet:-1, max-image-preview:large, max-video-preview:-1\" \/>\n<link rel=\"canonical\" href=\"https:\/\/glass-perfume-bottles.com\/fr\/produit\/wholesale-50ml-flat-square-glass-spray-perfume-bottle\/\" \/>\n<meta property=\"og:locale\" content=\"fr_FR\" \/>\n<meta property=\"og:type\" content=\"article\" \/>\n<meta property=\"og:title\" content=\"Wholesale 50ml flat square glass spray perfume bottle\" \/>\n<meta property=\"og:description\" content=\"Wholesale 50ml flat square glass spray perfume bottle made of crystal white glass,thick bottom with cylinder design Highlight a unique style\" \/>\n<meta property=\"og:url\" content=\"https:\/\/glass-perfume-bottles.com\/fr\/produit\/wholesale-50ml-flat-square-glass-spray-perfume-bottle\/\" \/>\n<meta property=\"og:site_name\" content=\"HY GLASS\" \/>\n<meta property=\"article:modified_time\" content=\"2025-01-11T14:39:27+00:00\" \/>\n<meta property=\"og:image\" content=\"https:\/\/glass-perfume-bottles.com\/wp-content\/uploads\/2025\/01\/Wholesale-50ml-glass-spray-perfume-bottle.jpg\" \/>\n\t<meta property=\"og:image:width\" content=\"720\" \/>\n\t<meta property=\"og:image:height\" content=\"720\" \/>\n\t<meta property=\"og:image:type\" content=\"image\/jpeg\" \/>\n<meta name=\"twitter:card\" content=\"summary_large_image\" \/>\n<meta name=\"twitter:label1\" content=\"Dur\u00e9e de lecture estim\u00e9e\" \/>\n\t<meta name=\"twitter:data1\" content=\"1 minute\" \/>\n<script type=\"application\/ld+json\" class=\"yoast-schema-graph\">{\"@context\":\"https:\/\/schema.org\",\"@graph\":[{\"@type\":\"WebPage\",\"@id\":\"https:\/\/glass-perfume-bottles.com\/fr\/produit\/wholesale-50ml-flat-square-glass-spray-perfume-bottle\/\",\"url\":\"https:\/\/glass-perfume-bottles.com\/fr\/produit\/wholesale-50ml-flat-square-glass-spray-perfume-bottle\/\",\"name\":\"Wholesale 50ml flat square glass spray perfume bottle\",\"isPartOf\":{\"@id\":\"https:\/\/glass-perfume-bottles.com\/#website\"},\"primaryImageOfPage\":{\"@id\":\"https:\/\/glass-perfume-bottles.com\/fr\/produit\/wholesale-50ml-flat-square-glass-spray-perfume-bottle\/#primaryimage\"},\"image\":{\"@id\":\"https:\/\/glass-perfume-bottles.com\/fr\/produit\/wholesale-50ml-flat-square-glass-spray-perfume-bottle\/#primaryimage\"},\"thumbnailUrl\":\"https:\/\/glass-perfume-bottles.com\/wp-content\/uploads\/2025\/01\/Wholesale-50ml-glass-spray-perfume-bottle.jpg\",\"datePublished\":\"2025-01-11T12:21:59+00:00\",\"dateModified\":\"2025-01-11T14:39:27+00:00\",\"description\":\"Wholesale 50ml flat square glass spray perfume bottle made of crystal white glass,thick bottom with cylinder design Highlight a unique style\",\"breadcrumb\":{\"@id\":\"https:\/\/glass-perfume-bottles.com\/fr\/produit\/wholesale-50ml-flat-square-glass-spray-perfume-bottle\/#breadcrumb\"},\"inLanguage\":\"fr-FR\",\"potentialAction\":[{\"@type\":\"ReadAction\",\"target\":[\"https:\/\/glass-perfume-bottles.com\/fr\/produit\/wholesale-50ml-flat-square-glass-spray-perfume-bottle\/\"]}]},{\"@type\":\"ImageObject\",\"inLanguage\":\"fr-FR\",\"@id\":\"https:\/\/glass-perfume-bottles.com\/fr\/produit\/wholesale-50ml-flat-square-glass-spray-perfume-bottle\/#primaryimage\",\"url\":\"https:\/\/glass-perfume-bottles.com\/wp-content\/uploads\/2025\/01\/Wholesale-50ml-glass-spray-perfume-bottle.jpg\",\"contentUrl\":\"https:\/\/glass-perfume-bottles.com\/wp-content\/uploads\/2025\/01\/Wholesale-50ml-glass-spray-perfume-bottle.jpg\",\"width\":720,\"height\":720},{\"@type\":\"BreadcrumbList\",\"@id\":\"https:\/\/glass-perfume-bottles.com\/fr\/produit\/wholesale-50ml-flat-square-glass-spray-perfume-bottle\/#breadcrumb\",\"itemListElement\":[{\"@type\":\"ListItem\",\"position\":1,\"name\":\"Home\",\"item\":\"https:\/\/glass-perfume-bottles.com\/\"},{\"@type\":\"ListItem\",\"position\":2,\"name\":\"Product\",\"item\":\"https:\/\/glass-perfume-bottles.com\/custom-made-perfume-bottle-suppliers-and-wholesale\/\"},{\"@type\":\"ListItem\",\"position\":3,\"name\":\"Wholesale 50ml flat square glass spray perfume bottle\"}]},{\"@type\":\"WebSite\",\"@id\":\"https:\/\/glass-perfume-bottles.com\/#website\",\"url\":\"https:\/\/glass-perfume-bottles.com\/\",\"name\":\"HY GLASS\",\"description\":\"glass perfume bottle manufacturers &amp; suppliers, aroma reed diffuser bottle wholesale &amp; suppliers\",\"publisher\":{\"@id\":\"https:\/\/glass-perfume-bottles.com\/#organization\"},\"potentialAction\":[{\"@type\":\"SearchAction\",\"target\":{\"@type\":\"EntryPoint\",\"urlTemplate\":\"https:\/\/glass-perfume-bottles.com\/?s={search_term_string}\"},\"query-input\":{\"@type\":\"PropertyValueSpecification\",\"valueRequired\":true,\"valueName\":\"search_term_string\"}}],\"inLanguage\":\"fr-FR\"},{\"@type\":\"Organization\",\"@id\":\"https:\/\/glass-perfume-bottles.com\/#organization\",\"name\":\"HY GLASS\",\"url\":\"https:\/\/glass-perfume-bottles.com\/\",\"logo\":{\"@type\":\"ImageObject\",\"inLanguage\":\"fr-FR\",\"@id\":\"https:\/\/glass-perfume-bottles.com\/#\/schema\/logo\/image\/\",\"url\":\"https:\/\/glass-perfume-bottles.com\/wp-content\/uploads\/2023\/09\/logo21.png\",\"contentUrl\":\"https:\/\/glass-perfume-bottles.com\/wp-content\/uploads\/2023\/09\/logo21.png\",\"width\":342,\"height\":268,\"caption\":\"HY GLASS\"},\"image\":{\"@id\":\"https:\/\/glass-perfume-bottles.com\/#\/schema\/logo\/image\/\"}}]}<\/script>\n<!-- \/ Yoast SEO Premium plugin. -->","yoast_head_json":{"title":"Wholesale 50ml flat square glass spray perfume bottle","description":"Wholesale 50ml flat square glass spray perfume bottle made of crystal white glass,thick bottom with cylinder design Highlight a unique style","robots":{"index":"index","follow":"follow","max-snippet":"max-snippet:-1","max-image-preview":"max-image-preview:large","max-video-preview":"max-video-preview:-1"},"canonical":"https:\/\/glass-perfume-bottles.com\/fr\/produit\/wholesale-50ml-flat-square-glass-spray-perfume-bottle\/","og_locale":"fr_FR","og_type":"article","og_title":"Wholesale 50ml flat square glass spray perfume bottle","og_description":"Wholesale 50ml flat square glass spray perfume bottle made of crystal white glass,thick bottom with cylinder design Highlight a unique style","og_url":"https:\/\/glass-perfume-bottles.com\/fr\/produit\/wholesale-50ml-flat-square-glass-spray-perfume-bottle\/","og_site_name":"HY GLASS","article_modified_time":"2025-01-11T14:39:27+00:00","og_image":[{"width":720,"height":720,"url":"https:\/\/glass-perfume-bottles.com\/wp-content\/uploads\/2025\/01\/Wholesale-50ml-glass-spray-perfume-bottle.jpg","type":"image\/jpeg"}],"twitter_card":"summary_large_image","twitter_misc":{"Dur\u00e9e de lecture estim\u00e9e":"1 minute"},"schema":{"@context":"https:\/\/schema.org","@graph":[{"@type":"WebPage","@id":"https:\/\/glass-perfume-bottles.com\/fr\/produit\/wholesale-50ml-flat-square-glass-spray-perfume-bottle\/","url":"https:\/\/glass-perfume-bottles.com\/fr\/produit\/wholesale-50ml-flat-square-glass-spray-perfume-bottle\/","name":"Wholesale 50ml flat square glass spray perfume bottle","isPartOf":{"@id":"https:\/\/glass-perfume-bottles.com\/#website"},"primaryImageOfPage":{"@id":"https:\/\/glass-perfume-bottles.com\/fr\/produit\/wholesale-50ml-flat-square-glass-spray-perfume-bottle\/#primaryimage"},"image":{"@id":"https:\/\/glass-perfume-bottles.com\/fr\/produit\/wholesale-50ml-flat-square-glass-spray-perfume-bottle\/#primaryimage"},"thumbnailUrl":"https:\/\/glass-perfume-bottles.com\/wp-content\/uploads\/2025\/01\/Wholesale-50ml-glass-spray-perfume-bottle.jpg","datePublished":"2025-01-11T12:21:59+00:00","dateModified":"2025-01-11T14:39:27+00:00","description":"Wholesale 50ml flat square glass spray perfume bottle made of crystal white glass,thick bottom with cylinder design Highlight a unique style","breadcrumb":{"@id":"https:\/\/glass-perfume-bottles.com\/fr\/produit\/wholesale-50ml-flat-square-glass-spray-perfume-bottle\/#breadcrumb"},"inLanguage":"fr-FR","potentialAction":[{"@type":"ReadAction","target":["https:\/\/glass-perfume-bottles.com\/fr\/produit\/wholesale-50ml-flat-square-glass-spray-perfume-bottle\/"]}]},{"@type":"ImageObject","inLanguage":"fr-FR","@id":"https:\/\/glass-perfume-bottles.com\/fr\/produit\/wholesale-50ml-flat-square-glass-spray-perfume-bottle\/#primaryimage","url":"https:\/\/glass-perfume-bottles.com\/wp-content\/uploads\/2025\/01\/Wholesale-50ml-glass-spray-perfume-bottle.jpg","contentUrl":"https:\/\/glass-perfume-bottles.com\/wp-content\/uploads\/2025\/01\/Wholesale-50ml-glass-spray-perfume-bottle.jpg","width":720,"height":720},{"@type":"BreadcrumbList","@id":"https:\/\/glass-perfume-bottles.com\/fr\/produit\/wholesale-50ml-flat-square-glass-spray-perfume-bottle\/#breadcrumb","itemListElement":[{"@type":"ListItem","position":1,"name":"Home","item":"https:\/\/glass-perfume-bottles.com\/"},{"@type":"ListItem","position":2,"name":"Product","item":"https:\/\/glass-perfume-bottles.com\/custom-made-perfume-bottle-suppliers-and-wholesale\/"},{"@type":"ListItem","position":3,"name":"Wholesale 50ml flat square glass spray perfume bottle"}]},{"@type":"WebSite","@id":"https:\/\/glass-perfume-bottles.com\/#website","url":"https:\/\/glass-perfume-bottles.com\/","name":"HY GLASS","description":"glass perfume bottle manufacturers &amp; suppliers, aroma reed diffuser bottle wholesale &amp; suppliers","publisher":{"@id":"https:\/\/glass-perfume-bottles.com\/#organization"},"potentialAction":[{"@type":"SearchAction","target":{"@type":"EntryPoint","urlTemplate":"https:\/\/glass-perfume-bottles.com\/?s={search_term_string}"},"query-input":{"@type":"PropertyValueSpecification","valueRequired":true,"valueName":"search_term_string"}}],"inLanguage":"fr-FR"},{"@type":"Organization","@id":"https:\/\/glass-perfume-bottles.com\/#organization","name":"HY GLASS","url":"https:\/\/glass-perfume-bottles.com\/","logo":{"@type":"ImageObject","inLanguage":"fr-FR","@id":"https:\/\/glass-perfume-bottles.com\/#\/schema\/logo\/image\/","url":"https:\/\/glass-perfume-bottles.com\/wp-content\/uploads\/2023\/09\/logo21.png","contentUrl":"https:\/\/glass-perfume-bottles.com\/wp-content\/uploads\/2023\/09\/logo21.png","width":342,"height":268,"caption":"HY GLASS"},"image":{"@id":"https:\/\/glass-perfume-bottles.com\/#\/schema\/logo\/image\/"}}]}},"taxonomy_info":{"product_cat":[{"value":51,"label":"Glass Perfume Bottle"}],"product_tag":[{"value":70,"label":"Custom home fragrance oil bottle"},{"value":96,"label":"Custom perfume bottle factory"},{"value":78,"label":"Cylinder glass perfume bottle manufacturer"},{"value":67,"label":"Square glass perfume bottle supplier"},{"value":66,"label":"Wholesale glass perfume bottle"}]},"featured_image_src_large":["https:\/\/glass-perfume-bottles.com\/wp-content\/uploads\/2025\/01\/Wholesale-50ml-glass-spray-perfume-bottle.jpg",720,720,false],"author_info":[],"comment_info":0,"_links":{"self":[{"href":"https:\/\/glass-perfume-bottles.com\/fr\/wp-json\/wp\/v2\/product\/2046","targetHints":{"allow":["GET"]}}],"collection":[{"href":"https:\/\/glass-perfume-bottles.com\/fr\/wp-json\/wp\/v2\/product"}],"about":[{"href":"https:\/\/glass-perfume-bottles.com\/fr\/wp-json\/wp\/v2\/types\/product"}],"replies":[{"embeddable":true,"href":"https:\/\/glass-perfume-bottles.com\/fr\/wp-json\/wp\/v2\/comments?post=2046"}],"wp:featuredmedia":[{"embeddable":true,"href":"https:\/\/glass-perfume-bottles.com\/fr\/wp-json\/wp\/v2\/media\/2047"}],"wp:attachment":[{"href":"https:\/\/glass-perfume-bottles.com\/fr\/wp-json\/wp\/v2\/media?parent=2046"}],"wp:term":[{"taxonomy":"product_brand","embeddable":true,"href":"https:\/\/glass-perfume-bottles.com\/fr\/wp-json\/wp\/v2\/product_brand?post=2046"},{"taxonomy":"product_cat","embeddable":true,"href":"https:\/\/glass-perfume-bottles.com\/fr\/wp-json\/wp\/v2\/product_cat?post=2046"},{"taxonomy":"product_tag","embeddable":true,"href":"https:\/\/glass-perfume-bottles.com\/fr\/wp-json\/wp\/v2\/product_tag?post=2046"}],"curies":[{"name":"wp","href":"https:\/\/api.w.org\/{rel}","templated":true}]}}