{"id":2095,"date":"2025-01-12T12:38:12","date_gmt":"2025-01-12T12:38:12","guid":{"rendered":"https:\/\/glass-perfume-bottles.com\/?post_type=product&#038;p=2095"},"modified":"2025-01-12T12:52:55","modified_gmt":"2025-01-12T12:52:55","slug":"15mm-spray-pump-supplier","status":"publish","type":"product","link":"https:\/\/glass-perfume-bottles.com\/fr\/produit\/15mm-spray-pump-supplier\/","title":{"rendered":"Fournisseur de pompe de pulv\u00e9risation \u00e0 brouillard fin de 15 mm"},"content":{"rendered":"<table>\n<tbody>\n<tr>\n<td width=\"158\">Nom du produit<\/td>\n<td width=\"591\">Fournisseur de pompe de pulv\u00e9risation \u00e0 brouillard fin de 15 mm<\/td>\n<\/tr>\n<tr>\n<td width=\"158\">Taille<\/td>\n<td width=\"591\">15 mm ou personnalis\u00e9<\/td>\n<\/tr>\n<tr>\n<td width=\"158\">Quantit\u00e9 minimale de commande<\/td>\n<td width=\"591\">10 000 pi\u00e8ces (car il existe une conception personnalis\u00e9e)<\/td>\n<\/tr>\n<tr>\n<td width=\"158\">Couleur<\/td>\n<td width=\"591\">Or, noir, argent, or rose ou couleur personnalis\u00e9e<\/td>\n<\/tr>\n<tr>\n<td width=\"158\">Usage<\/td>\n<td width=\"591\">Parfum, cosm\u00e9tique, soins du corps, etc.<\/td>\n<\/tr>\n<tr>\n<td width=\"158\">Mat\u00e9riel<\/td>\n<td width=\"591\">PP, aluminium, PEBD, etc.<\/td>\n<\/tr>\n<tr>\n<td width=\"158\">Type de capuchon correspondant<\/td>\n<td width=\"591\">Distributeurs, Pulv\u00e9risateurs, Pompes, Atomiseurs<\/td>\n<\/tr>\n<tr>\n<td width=\"158\">Surface<\/td>\n<td width=\"591\">Peinture, impression, \u00e9tiquetage, d\u00e9calcomanie, marquage \u00e0 chaud, etc.<\/td>\n<\/tr>\n<tr>\n<td width=\"158\">Dosage<\/td>\n<td width=\"591\">0,04 ml\/t, 0,06 ml\/t, 0,12 ml\/t, 0,16 ml\/t, etc.<\/td>\n<\/tr>\n<tr>\n<td width=\"158\">\u00c9chantillon<\/td>\n<td width=\"591\">\u00c9chantillon gratuit, frais de transport n\u00e9cessaires.<\/td>\n<\/tr>\n<tr>\n<td width=\"158\">Transport<\/td>\n<td width=\"591\">FedEx\/DHL\/EMS\/UPS\/TNT\/Par mer\/Par avion, etc.<\/td>\n<\/tr>\n<tr>\n<td width=\"158\">Mode de paiement<\/td>\n<td width=\"591\">Virement bancaire, L\/C, Western Union, Money Gram, Paypal, etc.<\/td>\n<\/tr>\n<tr>\n<td width=\"158\">D\u00e9lai de livraison<\/td>\n<td width=\"591\">\u00c9chantillon 1 \u00e0 2 jours, production de commande 20 \u00e0 45 jours selon les d\u00e9tails de la commande.<\/td>\n<\/tr>\n<tr>\n<td width=\"158\">Service<\/td>\n<td width=\"591\">Service OEM et ODM, service de conception, solution unique<\/td>\n<\/tr>\n<\/tbody>\n<\/table>\n<p>&nbsp;<\/p>\n<p><a href=\"https:\/\/glass-perfume-bottles.com\/fr\/produit\/perfume-bottle-sprayer\/\">Flacon pulv\u00e9risateur de parfum en verre <\/a>fournisseur de pompes, nous fournissons une brume fine <a href=\"https:\/\/glass-perfume-bottles.com\/fr\/produit\/glass-perfume-bottle-spray-pump-supplier\/\">pompe de pulv\u00e9risation<\/a> joue un r\u00f4le excellent en assurant un \u00e9coulement fluide et sans faille du parfum du flacon. La qualit\u00e9 de fabrication et l&#039;endurance du parfum s&#039;utilisent couramment. Nous produisons diff\u00e9rents mat\u00e9riaux de pulv\u00e9risation et diff\u00e9rentes formes\/tailles de pulv\u00e9risateurs, veuillez nous contacter.<\/p>\n<p>&nbsp;<\/p>","protected":false},"excerpt":{"rendered":"<p>Flacon de parfum en verre <a href=\"https:\/\/glass-perfume-bottles.com\/fr\/produit\/glass-perfume-bottle-spray-pump-supplier\/\">pompe de pulv\u00e9risation<\/a> Fabriqu\u00e9 en aluminium de haute qualit\u00e9, effet de pulv\u00e9risation fin, accepte diverses couleurs personnalis\u00e9es pour le client. Le pulv\u00e9risateur et la pompe pour flacon de parfum sont l&#039;un des \u00e9l\u00e9ments importants des flacons de parfum en verre. Nous pouvons produire votre propre pulv\u00e9risateur de flacon de forme.<\/p>","protected":false},"featured_media":2096,"comment_status":"open","ping_status":"closed","template":"","meta":{"_kad_blocks_custom_css":"","_kad_blocks_head_custom_js":"","_kad_blocks_body_custom_js":"","_kad_blocks_footer_custom_js":"","_kad_post_transparent":"default","_kad_post_title":"","_kad_post_layout":"default","_kad_post_sidebar_id":"","_kad_post_content_style":"default","_kad_post_vertical_padding":"default","_kad_post_feature":"","_kad_post_feature_position":"","_kad_post_header":false,"_kad_post_footer":false,"_joinchat":[]},"product_brand":[],"product_cat":[53],"product_tag":[60,59,92,91,58],"class_list":{"0":"post-2095","1":"product","2":"type-product","3":"status-publish","4":"has-post-thumbnail","6":"product_cat-perfume-bottle-sprayer","7":"product_tag-bottle-sprayer-manufacturer","8":"product_tag-customize-bottle-pump","9":"product_tag-fine-spray-supplier","10":"product_tag-glass-perfume-bottle-sprayer-factory","11":"product_tag-perfume-bottle-sprayer","13":"first","14":"instock","15":"shipping-taxable","16":"product-type-simple","17":"entry","18":"content-bg","19":"loop-entry"},"yoast_head":"<!-- This site is optimized with the Yoast SEO Premium plugin v20.5 (Yoast SEO v24.2) - https:\/\/yoast.com\/wordpress\/plugins\/seo\/ -->\n<title>Fine mist 15mm spray pump supplier<\/title>\n<meta name=\"description\" content=\"As a professioanl glass perfume bottle accessories supplier,we provide high quality aluminum fine mist sprayer for client ,small order is possible\" \/>\n<meta name=\"robots\" content=\"index, follow, max-snippet:-1, max-image-preview:large, max-video-preview:-1\" \/>\n<link rel=\"canonical\" href=\"https:\/\/glass-perfume-bottles.com\/fr\/produit\/15mm-spray-pump-supplier\/\" \/>\n<meta property=\"og:locale\" content=\"fr_FR\" \/>\n<meta property=\"og:type\" content=\"article\" \/>\n<meta property=\"og:title\" content=\"15mm Fine mist spray pump supplier\" \/>\n<meta property=\"og:description\" content=\"As a professioanl glass perfume bottle accessories supplier,we provide high quality aluminum fine mist sprayer for client ,small order is possible\" \/>\n<meta property=\"og:url\" content=\"https:\/\/glass-perfume-bottles.com\/fr\/produit\/15mm-spray-pump-supplier\/\" \/>\n<meta property=\"og:site_name\" content=\"HY GLASS\" \/>\n<meta property=\"article:modified_time\" content=\"2025-01-12T12:52:55+00:00\" \/>\n<meta property=\"og:image\" content=\"https:\/\/glass-perfume-bottles.com\/wp-content\/uploads\/2025\/01\/15mm-Sprayer-pump-.jpg\" \/>\n\t<meta property=\"og:image:width\" content=\"1200\" \/>\n\t<meta property=\"og:image:height\" content=\"1200\" \/>\n\t<meta property=\"og:image:type\" content=\"image\/jpeg\" \/>\n<meta name=\"twitter:card\" content=\"summary_large_image\" \/>\n<meta name=\"twitter:label1\" content=\"Dur\u00e9e de lecture estim\u00e9e\" \/>\n\t<meta name=\"twitter:data1\" content=\"1 minute\" \/>\n<script type=\"application\/ld+json\" class=\"yoast-schema-graph\">{\"@context\":\"https:\/\/schema.org\",\"@graph\":[{\"@type\":\"WebPage\",\"@id\":\"https:\/\/glass-perfume-bottles.com\/product\/15mm-spray-pump-supplier\/\",\"url\":\"https:\/\/glass-perfume-bottles.com\/product\/15mm-spray-pump-supplier\/\",\"name\":\"Fine mist 15mm spray pump supplier\",\"isPartOf\":{\"@id\":\"https:\/\/glass-perfume-bottles.com\/#website\"},\"primaryImageOfPage\":{\"@id\":\"https:\/\/glass-perfume-bottles.com\/product\/15mm-spray-pump-supplier\/#primaryimage\"},\"image\":{\"@id\":\"https:\/\/glass-perfume-bottles.com\/product\/15mm-spray-pump-supplier\/#primaryimage\"},\"thumbnailUrl\":\"https:\/\/glass-perfume-bottles.com\/wp-content\/uploads\/2025\/01\/15mm-Sprayer-pump-.jpg\",\"datePublished\":\"2025-01-12T12:38:12+00:00\",\"dateModified\":\"2025-01-12T12:52:55+00:00\",\"description\":\"As a professioanl glass perfume bottle accessories supplier,we provide high quality aluminum fine mist sprayer for client ,small order is possible\",\"breadcrumb\":{\"@id\":\"https:\/\/glass-perfume-bottles.com\/product\/15mm-spray-pump-supplier\/#breadcrumb\"},\"inLanguage\":\"fr-FR\",\"potentialAction\":[{\"@type\":\"ReadAction\",\"target\":[\"https:\/\/glass-perfume-bottles.com\/product\/15mm-spray-pump-supplier\/\"]}]},{\"@type\":\"ImageObject\",\"inLanguage\":\"fr-FR\",\"@id\":\"https:\/\/glass-perfume-bottles.com\/product\/15mm-spray-pump-supplier\/#primaryimage\",\"url\":\"https:\/\/glass-perfume-bottles.com\/wp-content\/uploads\/2025\/01\/15mm-Sprayer-pump-.jpg\",\"contentUrl\":\"https:\/\/glass-perfume-bottles.com\/wp-content\/uploads\/2025\/01\/15mm-Sprayer-pump-.jpg\",\"width\":1200,\"height\":1200,\"caption\":\"Glass perfume bottle sprayer pumps carry excellent role ensuring smooth and unhinged flow of perfume from the bottle. The quality make and endurance of the perfume use fluently.\"},{\"@type\":\"BreadcrumbList\",\"@id\":\"https:\/\/glass-perfume-bottles.com\/product\/15mm-spray-pump-supplier\/#breadcrumb\",\"itemListElement\":[{\"@type\":\"ListItem\",\"position\":1,\"name\":\"Home\",\"item\":\"https:\/\/glass-perfume-bottles.com\/\"},{\"@type\":\"ListItem\",\"position\":2,\"name\":\"Product\",\"item\":\"https:\/\/glass-perfume-bottles.com\/custom-made-perfume-bottle-suppliers-and-wholesale\/\"},{\"@type\":\"ListItem\",\"position\":3,\"name\":\"15mm Fine mist spray pump supplier\"}]},{\"@type\":\"WebSite\",\"@id\":\"https:\/\/glass-perfume-bottles.com\/#website\",\"url\":\"https:\/\/glass-perfume-bottles.com\/\",\"name\":\"HY GLASS\",\"description\":\"glass perfume bottle manufacturers &amp; suppliers, aroma reed diffuser bottle wholesale &amp; suppliers\",\"publisher\":{\"@id\":\"https:\/\/glass-perfume-bottles.com\/#organization\"},\"potentialAction\":[{\"@type\":\"SearchAction\",\"target\":{\"@type\":\"EntryPoint\",\"urlTemplate\":\"https:\/\/glass-perfume-bottles.com\/?s={search_term_string}\"},\"query-input\":{\"@type\":\"PropertyValueSpecification\",\"valueRequired\":true,\"valueName\":\"search_term_string\"}}],\"inLanguage\":\"fr-FR\"},{\"@type\":\"Organization\",\"@id\":\"https:\/\/glass-perfume-bottles.com\/#organization\",\"name\":\"HY GLASS\",\"url\":\"https:\/\/glass-perfume-bottles.com\/\",\"logo\":{\"@type\":\"ImageObject\",\"inLanguage\":\"fr-FR\",\"@id\":\"https:\/\/glass-perfume-bottles.com\/#\/schema\/logo\/image\/\",\"url\":\"https:\/\/glass-perfume-bottles.com\/wp-content\/uploads\/2023\/09\/logo21.png\",\"contentUrl\":\"https:\/\/glass-perfume-bottles.com\/wp-content\/uploads\/2023\/09\/logo21.png\",\"width\":342,\"height\":268,\"caption\":\"HY GLASS\"},\"image\":{\"@id\":\"https:\/\/glass-perfume-bottles.com\/#\/schema\/logo\/image\/\"}}]}<\/script>\n<!-- \/ Yoast SEO Premium plugin. -->","yoast_head_json":{"title":"Fine mist 15mm spray pump supplier","description":"As a professioanl glass perfume bottle accessories supplier,we provide high quality aluminum fine mist sprayer for client ,small order is possible","robots":{"index":"index","follow":"follow","max-snippet":"max-snippet:-1","max-image-preview":"max-image-preview:large","max-video-preview":"max-video-preview:-1"},"canonical":"https:\/\/glass-perfume-bottles.com\/fr\/produit\/15mm-spray-pump-supplier\/","og_locale":"fr_FR","og_type":"article","og_title":"15mm Fine mist spray pump supplier","og_description":"As a professioanl glass perfume bottle accessories supplier,we provide high quality aluminum fine mist sprayer for client ,small order is possible","og_url":"https:\/\/glass-perfume-bottles.com\/fr\/produit\/15mm-spray-pump-supplier\/","og_site_name":"HY GLASS","article_modified_time":"2025-01-12T12:52:55+00:00","og_image":[{"width":1200,"height":1200,"url":"https:\/\/glass-perfume-bottles.com\/wp-content\/uploads\/2025\/01\/15mm-Sprayer-pump-.jpg","type":"image\/jpeg"}],"twitter_card":"summary_large_image","twitter_misc":{"Dur\u00e9e de lecture estim\u00e9e":"1 minute"},"schema":{"@context":"https:\/\/schema.org","@graph":[{"@type":"WebPage","@id":"https:\/\/glass-perfume-bottles.com\/product\/15mm-spray-pump-supplier\/","url":"https:\/\/glass-perfume-bottles.com\/product\/15mm-spray-pump-supplier\/","name":"Fine mist 15mm spray pump supplier","isPartOf":{"@id":"https:\/\/glass-perfume-bottles.com\/#website"},"primaryImageOfPage":{"@id":"https:\/\/glass-perfume-bottles.com\/product\/15mm-spray-pump-supplier\/#primaryimage"},"image":{"@id":"https:\/\/glass-perfume-bottles.com\/product\/15mm-spray-pump-supplier\/#primaryimage"},"thumbnailUrl":"https:\/\/glass-perfume-bottles.com\/wp-content\/uploads\/2025\/01\/15mm-Sprayer-pump-.jpg","datePublished":"2025-01-12T12:38:12+00:00","dateModified":"2025-01-12T12:52:55+00:00","description":"As a professioanl glass perfume bottle accessories supplier,we provide high quality aluminum fine mist sprayer for client ,small order is possible","breadcrumb":{"@id":"https:\/\/glass-perfume-bottles.com\/product\/15mm-spray-pump-supplier\/#breadcrumb"},"inLanguage":"fr-FR","potentialAction":[{"@type":"ReadAction","target":["https:\/\/glass-perfume-bottles.com\/product\/15mm-spray-pump-supplier\/"]}]},{"@type":"ImageObject","inLanguage":"fr-FR","@id":"https:\/\/glass-perfume-bottles.com\/product\/15mm-spray-pump-supplier\/#primaryimage","url":"https:\/\/glass-perfume-bottles.com\/wp-content\/uploads\/2025\/01\/15mm-Sprayer-pump-.jpg","contentUrl":"https:\/\/glass-perfume-bottles.com\/wp-content\/uploads\/2025\/01\/15mm-Sprayer-pump-.jpg","width":1200,"height":1200,"caption":"Glass perfume bottle sprayer pumps carry excellent role ensuring smooth and unhinged flow of perfume from the bottle. The quality make and endurance of the perfume use fluently."},{"@type":"BreadcrumbList","@id":"https:\/\/glass-perfume-bottles.com\/product\/15mm-spray-pump-supplier\/#breadcrumb","itemListElement":[{"@type":"ListItem","position":1,"name":"Home","item":"https:\/\/glass-perfume-bottles.com\/"},{"@type":"ListItem","position":2,"name":"Product","item":"https:\/\/glass-perfume-bottles.com\/custom-made-perfume-bottle-suppliers-and-wholesale\/"},{"@type":"ListItem","position":3,"name":"15mm Fine mist spray pump supplier"}]},{"@type":"WebSite","@id":"https:\/\/glass-perfume-bottles.com\/#website","url":"https:\/\/glass-perfume-bottles.com\/","name":"HY GLASS","description":"glass perfume bottle manufacturers &amp; suppliers, aroma reed diffuser bottle wholesale &amp; suppliers","publisher":{"@id":"https:\/\/glass-perfume-bottles.com\/#organization"},"potentialAction":[{"@type":"SearchAction","target":{"@type":"EntryPoint","urlTemplate":"https:\/\/glass-perfume-bottles.com\/?s={search_term_string}"},"query-input":{"@type":"PropertyValueSpecification","valueRequired":true,"valueName":"search_term_string"}}],"inLanguage":"fr-FR"},{"@type":"Organization","@id":"https:\/\/glass-perfume-bottles.com\/#organization","name":"HY GLASS","url":"https:\/\/glass-perfume-bottles.com\/","logo":{"@type":"ImageObject","inLanguage":"fr-FR","@id":"https:\/\/glass-perfume-bottles.com\/#\/schema\/logo\/image\/","url":"https:\/\/glass-perfume-bottles.com\/wp-content\/uploads\/2023\/09\/logo21.png","contentUrl":"https:\/\/glass-perfume-bottles.com\/wp-content\/uploads\/2023\/09\/logo21.png","width":342,"height":268,"caption":"HY GLASS"},"image":{"@id":"https:\/\/glass-perfume-bottles.com\/#\/schema\/logo\/image\/"}}]}},"taxonomy_info":{"product_cat":[{"value":53,"label":"Perfume Bottle Sprayer"}],"product_tag":[{"value":60,"label":"bottle sprayer manufacturer"},{"value":59,"label":"customize bottle pump"},{"value":92,"label":"Fine spray supplier"},{"value":91,"label":"Glass perfume bottle sprayer factory"},{"value":58,"label":"perfume bottle sprayer"}]},"featured_image_src_large":["https:\/\/glass-perfume-bottles.com\/wp-content\/uploads\/2025\/01\/15mm-Sprayer-pump--1024x1024.jpg",1024,1024,true],"author_info":[],"comment_info":0,"_links":{"self":[{"href":"https:\/\/glass-perfume-bottles.com\/fr\/wp-json\/wp\/v2\/product\/2095","targetHints":{"allow":["GET"]}}],"collection":[{"href":"https:\/\/glass-perfume-bottles.com\/fr\/wp-json\/wp\/v2\/product"}],"about":[{"href":"https:\/\/glass-perfume-bottles.com\/fr\/wp-json\/wp\/v2\/types\/product"}],"replies":[{"embeddable":true,"href":"https:\/\/glass-perfume-bottles.com\/fr\/wp-json\/wp\/v2\/comments?post=2095"}],"wp:featuredmedia":[{"embeddable":true,"href":"https:\/\/glass-perfume-bottles.com\/fr\/wp-json\/wp\/v2\/media\/2096"}],"wp:attachment":[{"href":"https:\/\/glass-perfume-bottles.com\/fr\/wp-json\/wp\/v2\/media?parent=2095"}],"wp:term":[{"taxonomy":"product_brand","embeddable":true,"href":"https:\/\/glass-perfume-bottles.com\/fr\/wp-json\/wp\/v2\/product_brand?post=2095"},{"taxonomy":"product_cat","embeddable":true,"href":"https:\/\/glass-perfume-bottles.com\/fr\/wp-json\/wp\/v2\/product_cat?post=2095"},{"taxonomy":"product_tag","embeddable":true,"href":"https:\/\/glass-perfume-bottles.com\/fr\/wp-json\/wp\/v2\/product_tag?post=2095"}],"curies":[{"name":"wp","href":"https:\/\/api.w.org\/{rel}","templated":true}]}}