{"id":2134,"date":"2025-01-17T15:05:14","date_gmt":"2025-01-17T15:05:14","guid":{"rendered":"https:\/\/glass-perfume-bottles.com\/?post_type=product&#038;p=2134"},"modified":"2025-04-23T10:05:37","modified_gmt":"2025-04-23T10:05:37","slug":"custom-100ml-conical-aroma-reed-diffuser-bottle-with-cap","status":"publish","type":"product","link":"https:\/\/glass-perfume-bottles.com\/fr\/produit\/custom-100ml-conical-aroma-reed-diffuser-bottle-with-cap\/","title":{"rendered":"Flacon diffuseur d&#039;ar\u00f4me conique personnalis\u00e9 de 100 ml avec bouchon"},"content":{"rendered":"<table>\n<tbody>\n<tr>\n<td width=\"158\">Nom du produit<\/td>\n<td width=\"591\">Flacon diffuseur d&#039;ar\u00f4me conique personnalis\u00e9 de 100 ml avec bouchon<\/td>\n<\/tr>\n<tr>\n<td width=\"158\">Capacit\u00e9<\/td>\n<td width=\"591\">100 ml (autre taille disponible)<\/td>\n<\/tr>\n<tr>\n<td width=\"158\">Forme<\/td>\n<td width=\"591\">Forme conique<\/td>\n<\/tr>\n<tr>\n<td width=\"158\">Poids<\/td>\n<td width=\"591\">\u00a0200g<\/td>\n<\/tr>\n<tr>\n<td width=\"158\">Mat\u00e9riel<\/td>\n<td width=\"591\">Verre blanc cristal<\/td>\n<\/tr>\n<tr>\n<td width=\"158\">Couleur du corps<\/td>\n<td width=\"591\">Rouge, noir, bleu, givr\u00e9, vert, rose ou couleur personnalis\u00e9e<\/td>\n<\/tr>\n<tr>\n<td width=\"158\">Manutention de surface<\/td>\n<td width=\"591\">\n<ol>\n<li>Impression s\u00e9rigraphique<\/li>\n<li>Marquage \u00e0 chaud<\/li>\n<li>\u00a0Rev\u00eatement UV<\/li>\n<li>Givr\u00e9<\/li>\n<li>\u00a0D\u00e9calque<\/li>\n<li>\u00a0Flocage<\/li>\n<li>\u00c9tiquetage<\/li>\n<li>Peinture couleur ou personnalis\u00e9e selon vos besoins<\/li>\n<\/ol>\n<\/td>\n<\/tr>\n<tr>\n<td width=\"158\">Usage<\/td>\n<td width=\"591\">\u00a0Emballage d&#039;huile d&#039;aromath\u00e9rapie\/huile parfum\u00e9e d&#039;ambiance\/d\u00e9odorant\/assainisseur d&#039;air, etc.<\/td>\n<\/tr>\n<tr>\n<td width=\"158\">Emballage<\/td>\n<td width=\"591\">Carton d&#039;exportation puis palette en contreplaqu\u00e9,<\/td>\n<\/tr>\n<tr>\n<td width=\"158\">Quantit\u00e9 minimale de commande<\/td>\n<td width=\"591\">10 000 pi\u00e8ces (car il existe une conception personnalis\u00e9e)<\/td>\n<\/tr>\n<tr>\n<td width=\"158\">\u00c9chantillon<\/td>\n<td width=\"591\">\u00c9chantillon gratuit, frais de transport n\u00e9cessaires.<\/td>\n<\/tr>\n<tr>\n<td width=\"158\">Transport<\/td>\n<td width=\"591\">FedEx\/DHL\/EMS\/UPS\/TNT\/Par mer\/Par avion, etc.<\/td>\n<\/tr>\n<tr>\n<td width=\"158\">Mode de paiement<\/td>\n<td width=\"591\">Virement bancaire, L\/C, Western Union, Money Gram, Paypal, etc.<\/td>\n<\/tr>\n<tr>\n<td width=\"158\">D\u00e9lai de livraison<\/td>\n<td width=\"591\">\u00c9chantillon 1 \u00e0 2 jours, production de commande 20 \u00e0 45 jours selon les d\u00e9tails de la commande.<\/td>\n<\/tr>\n<tr>\n<td width=\"158\">Service<\/td>\n<td width=\"591\">Service OEM et ODM, service de conception, solution unique<\/td>\n<\/tr>\n<\/tbody>\n<\/table>\n<p>&nbsp;<\/p>\n<p>Personnalis\u00e9 100 ml<a href=\"https:\/\/glass-perfume-bottles.com\/fr\/produit\/glass-perfume-bottles\/\"> flacon diffuseur d&#039;ar\u00f4mes conique <\/a>\u00a0Fabriqu\u00e9 en verre blanc de haute qualit\u00e9, fond \u00e9pais en forme de c\u00f4ne invers\u00e9 unique et corps lisse, accepte les personnalisations <a href=\"https:\/\/www.hyglassbottles.com\/product\/120ml-Cylinder-aroma-diffuser-bottle-with-wooden-cap.html\">Bouteille de diffuseur d&#039;ar\u00f4mes \u00e0 roseaux<\/a> Nous acceptons les rev\u00eatements de couleur, les rev\u00eatements givr\u00e9s, les rev\u00eatements marbr\u00e9s, les flocages, etc. Nous pouvons \u00e9galement fournir diff\u00e9rents emballages pour bouteilles en verre, tels que des bo\u00eetes de diff\u00e9rentes tailles et mat\u00e9riaux, comme du papier kraft, du carton, du papier d&#039;art, du carton ondul\u00e9, du papier couch\u00e9, etc., ainsi que des bo\u00eetes de parfum imprim\u00e9es avec diff\u00e9rentes technologies.<\/p>\n<p>Bienvenue, envoyez-nous une demande, nous avons une ligne de production professionnelle et une \u00e9quipe de conception, nous pouvons fournir un service de premier ordre et un produit stable pour le client, attendez-vous.<\/p>","protected":false},"excerpt":{"rendered":"<p><a href=\"https:\/\/glass-perfume-bottles.com\/fr\/produit\/glass-perfume-bottles\/\">Flacon diffuseur d&#039;ar\u00f4mes en verre de luxe<\/a> fabriqu\u00e9 en verre blanc de haute qualit\u00e9, le fond de la bouteille \u00e9paissie est fermement plac\u00e9 et l&#039;embouchure de la bouteille est lisse, n&#039;h\u00e9sitez pas \u00e0 nous envoyer votre conception, nous vous fournirons un service de premier ordre et des bouteilles stables de qualit\u00e9.<\/p>","protected":false},"featured_media":2135,"comment_status":"open","ping_status":"closed","template":"","meta":{"_kad_blocks_custom_css":"","_kad_blocks_head_custom_js":"","_kad_blocks_body_custom_js":"","_kad_blocks_footer_custom_js":"","_kad_post_transparent":"default","_kad_post_title":"","_kad_post_layout":"default","_kad_post_sidebar_id":"","_kad_post_content_style":"default","_kad_post_vertical_padding":"default","_kad_post_feature":"","_kad_post_feature_position":"","_kad_post_header":false,"_kad_post_footer":false,"_joinchat":{"telephone":"+8613813299086"}},"product_brand":[],"product_cat":[71],"product_tag":[72,73,76,75,74],"class_list":{"0":"post-2134","1":"product","2":"type-product","3":"status-publish","4":"has-post-thumbnail","6":"product_cat-glass-aroma-reed-diffuser-bottle-1","7":"product_tag-aroma-reed-diffuser-bottle","8":"product_tag-empty-reed-diffuser-bottle-supplier","9":"product_tag-home-fragrance-oil-bottle-wholesale","10":"product_tag-reed-diffuser-bottle-manufacturer","11":"product_tag-wholesale-aromatherapy-bottle-factory","13":"first","14":"instock","15":"shipping-taxable","16":"product-type-simple","17":"entry","18":"content-bg","19":"loop-entry"},"yoast_head":"<!-- This site is optimized with the Yoast SEO Premium plugin v20.5 (Yoast SEO v24.2) - https:\/\/yoast.com\/wordpress\/plugins\/seo\/ -->\n<title>Conical aroma reed diffuser bottle<\/title>\n<meta name=\"description\" content=\"Conical aroma reed diffuser bottle which made of high white glass material,unique conical shape with lid\uff0csmall order is possible\" \/>\n<meta name=\"robots\" content=\"index, follow, max-snippet:-1, max-image-preview:large, max-video-preview:-1\" \/>\n<link rel=\"canonical\" href=\"https:\/\/glass-perfume-bottles.com\/fr\/produit\/custom-100ml-conical-aroma-reed-diffuser-bottle-with-cap\/\" \/>\n<meta property=\"og:locale\" content=\"fr_FR\" \/>\n<meta property=\"og:type\" content=\"article\" \/>\n<meta property=\"og:title\" content=\"Custom 100ml conical aroma reed diffuser bottle with cap\" \/>\n<meta property=\"og:description\" content=\"Conical aroma reed diffuser bottle which made of high white glass material,unique conical shape with lid\uff0csmall order is possible\" \/>\n<meta property=\"og:url\" content=\"https:\/\/glass-perfume-bottles.com\/fr\/produit\/custom-100ml-conical-aroma-reed-diffuser-bottle-with-cap\/\" \/>\n<meta property=\"og:site_name\" content=\"HY GLASS\" \/>\n<meta property=\"article:modified_time\" content=\"2025-04-23T10:05:37+00:00\" \/>\n<meta property=\"og:image\" content=\"https:\/\/glass-perfume-bottles.com\/wp-content\/uploads\/2025\/01\/Custom-inverted-cone-aroma-reed-diffuser-bottle-with-cap.jpg\" \/>\n\t<meta property=\"og:image:width\" content=\"720\" \/>\n\t<meta property=\"og:image:height\" content=\"720\" \/>\n\t<meta property=\"og:image:type\" content=\"image\/jpeg\" \/>\n<meta name=\"twitter:card\" content=\"summary_large_image\" \/>\n<meta name=\"twitter:label1\" content=\"Dur\u00e9e de lecture estim\u00e9e\" \/>\n\t<meta name=\"twitter:data1\" content=\"2 minutes\" \/>\n<script type=\"application\/ld+json\" class=\"yoast-schema-graph\">{\"@context\":\"https:\/\/schema.org\",\"@graph\":[{\"@type\":\"WebPage\",\"@id\":\"https:\/\/glass-perfume-bottles.com\/product\/custom-100ml-conical-aroma-reed-diffuser-bottle-with-cap\/\",\"url\":\"https:\/\/glass-perfume-bottles.com\/product\/custom-100ml-conical-aroma-reed-diffuser-bottle-with-cap\/\",\"name\":\"Conical aroma reed diffuser bottle\",\"isPartOf\":{\"@id\":\"https:\/\/glass-perfume-bottles.com\/#website\"},\"primaryImageOfPage\":{\"@id\":\"https:\/\/glass-perfume-bottles.com\/product\/custom-100ml-conical-aroma-reed-diffuser-bottle-with-cap\/#primaryimage\"},\"image\":{\"@id\":\"https:\/\/glass-perfume-bottles.com\/product\/custom-100ml-conical-aroma-reed-diffuser-bottle-with-cap\/#primaryimage\"},\"thumbnailUrl\":\"https:\/\/glass-perfume-bottles.com\/wp-content\/uploads\/2025\/01\/Custom-inverted-cone-aroma-reed-diffuser-bottle-with-cap.jpg\",\"datePublished\":\"2025-01-17T15:05:14+00:00\",\"dateModified\":\"2025-04-23T10:05:37+00:00\",\"description\":\"Conical aroma reed diffuser bottle which made of high white glass material,unique conical shape with lid\uff0csmall order is possible\",\"breadcrumb\":{\"@id\":\"https:\/\/glass-perfume-bottles.com\/product\/custom-100ml-conical-aroma-reed-diffuser-bottle-with-cap\/#breadcrumb\"},\"inLanguage\":\"fr-FR\",\"potentialAction\":[{\"@type\":\"ReadAction\",\"target\":[\"https:\/\/glass-perfume-bottles.com\/product\/custom-100ml-conical-aroma-reed-diffuser-bottle-with-cap\/\"]}]},{\"@type\":\"ImageObject\",\"inLanguage\":\"fr-FR\",\"@id\":\"https:\/\/glass-perfume-bottles.com\/product\/custom-100ml-conical-aroma-reed-diffuser-bottle-with-cap\/#primaryimage\",\"url\":\"https:\/\/glass-perfume-bottles.com\/wp-content\/uploads\/2025\/01\/Custom-inverted-cone-aroma-reed-diffuser-bottle-with-cap.jpg\",\"contentUrl\":\"https:\/\/glass-perfume-bottles.com\/wp-content\/uploads\/2025\/01\/Custom-inverted-cone-aroma-reed-diffuser-bottle-with-cap.jpg\",\"width\":720,\"height\":720,\"caption\":\"Aroma reed diffuser bottle,\u00a0Empty reed diffuser bottle supplier,\u00a0Home fragrance oil bottle wholesale,\u00a0Reed diffuser bottle manufacturer,\u00a0Square aroma diffuser bottle,\u00a0Wholesale aromatherapy bottle factory\"},{\"@type\":\"BreadcrumbList\",\"@id\":\"https:\/\/glass-perfume-bottles.com\/product\/custom-100ml-conical-aroma-reed-diffuser-bottle-with-cap\/#breadcrumb\",\"itemListElement\":[{\"@type\":\"ListItem\",\"position\":1,\"name\":\"Home\",\"item\":\"https:\/\/glass-perfume-bottles.com\/\"},{\"@type\":\"ListItem\",\"position\":2,\"name\":\"Product\",\"item\":\"https:\/\/glass-perfume-bottles.com\/custom-made-perfume-bottle-suppliers-and-wholesale\/\"},{\"@type\":\"ListItem\",\"position\":3,\"name\":\"Custom 100ml conical aroma reed diffuser bottle with cap\"}]},{\"@type\":\"WebSite\",\"@id\":\"https:\/\/glass-perfume-bottles.com\/#website\",\"url\":\"https:\/\/glass-perfume-bottles.com\/\",\"name\":\"HY GLASS\",\"description\":\"glass perfume bottle manufacturers &amp; suppliers, aroma reed diffuser bottle wholesale &amp; suppliers\",\"publisher\":{\"@id\":\"https:\/\/glass-perfume-bottles.com\/#organization\"},\"potentialAction\":[{\"@type\":\"SearchAction\",\"target\":{\"@type\":\"EntryPoint\",\"urlTemplate\":\"https:\/\/glass-perfume-bottles.com\/?s={search_term_string}\"},\"query-input\":{\"@type\":\"PropertyValueSpecification\",\"valueRequired\":true,\"valueName\":\"search_term_string\"}}],\"inLanguage\":\"fr-FR\"},{\"@type\":\"Organization\",\"@id\":\"https:\/\/glass-perfume-bottles.com\/#organization\",\"name\":\"HY GLASS\",\"url\":\"https:\/\/glass-perfume-bottles.com\/\",\"logo\":{\"@type\":\"ImageObject\",\"inLanguage\":\"fr-FR\",\"@id\":\"https:\/\/glass-perfume-bottles.com\/#\/schema\/logo\/image\/\",\"url\":\"https:\/\/glass-perfume-bottles.com\/wp-content\/uploads\/2023\/09\/logo21.png\",\"contentUrl\":\"https:\/\/glass-perfume-bottles.com\/wp-content\/uploads\/2023\/09\/logo21.png\",\"width\":342,\"height\":268,\"caption\":\"HY GLASS\"},\"image\":{\"@id\":\"https:\/\/glass-perfume-bottles.com\/#\/schema\/logo\/image\/\"}}]}<\/script>\n<!-- \/ Yoast SEO Premium plugin. -->","yoast_head_json":{"title":"Conical aroma reed diffuser bottle","description":"Conical aroma reed diffuser bottle which made of high white glass material,unique conical shape with lid\uff0csmall order is possible","robots":{"index":"index","follow":"follow","max-snippet":"max-snippet:-1","max-image-preview":"max-image-preview:large","max-video-preview":"max-video-preview:-1"},"canonical":"https:\/\/glass-perfume-bottles.com\/fr\/produit\/custom-100ml-conical-aroma-reed-diffuser-bottle-with-cap\/","og_locale":"fr_FR","og_type":"article","og_title":"Custom 100ml conical aroma reed diffuser bottle with cap","og_description":"Conical aroma reed diffuser bottle which made of high white glass material,unique conical shape with lid\uff0csmall order is possible","og_url":"https:\/\/glass-perfume-bottles.com\/fr\/produit\/custom-100ml-conical-aroma-reed-diffuser-bottle-with-cap\/","og_site_name":"HY GLASS","article_modified_time":"2025-04-23T10:05:37+00:00","og_image":[{"width":720,"height":720,"url":"https:\/\/glass-perfume-bottles.com\/wp-content\/uploads\/2025\/01\/Custom-inverted-cone-aroma-reed-diffuser-bottle-with-cap.jpg","type":"image\/jpeg"}],"twitter_card":"summary_large_image","twitter_misc":{"Dur\u00e9e de lecture estim\u00e9e":"2 minutes"},"schema":{"@context":"https:\/\/schema.org","@graph":[{"@type":"WebPage","@id":"https:\/\/glass-perfume-bottles.com\/product\/custom-100ml-conical-aroma-reed-diffuser-bottle-with-cap\/","url":"https:\/\/glass-perfume-bottles.com\/product\/custom-100ml-conical-aroma-reed-diffuser-bottle-with-cap\/","name":"Conical aroma reed diffuser bottle","isPartOf":{"@id":"https:\/\/glass-perfume-bottles.com\/#website"},"primaryImageOfPage":{"@id":"https:\/\/glass-perfume-bottles.com\/product\/custom-100ml-conical-aroma-reed-diffuser-bottle-with-cap\/#primaryimage"},"image":{"@id":"https:\/\/glass-perfume-bottles.com\/product\/custom-100ml-conical-aroma-reed-diffuser-bottle-with-cap\/#primaryimage"},"thumbnailUrl":"https:\/\/glass-perfume-bottles.com\/wp-content\/uploads\/2025\/01\/Custom-inverted-cone-aroma-reed-diffuser-bottle-with-cap.jpg","datePublished":"2025-01-17T15:05:14+00:00","dateModified":"2025-04-23T10:05:37+00:00","description":"Conical aroma reed diffuser bottle which made of high white glass material,unique conical shape with lid\uff0csmall order is possible","breadcrumb":{"@id":"https:\/\/glass-perfume-bottles.com\/product\/custom-100ml-conical-aroma-reed-diffuser-bottle-with-cap\/#breadcrumb"},"inLanguage":"fr-FR","potentialAction":[{"@type":"ReadAction","target":["https:\/\/glass-perfume-bottles.com\/product\/custom-100ml-conical-aroma-reed-diffuser-bottle-with-cap\/"]}]},{"@type":"ImageObject","inLanguage":"fr-FR","@id":"https:\/\/glass-perfume-bottles.com\/product\/custom-100ml-conical-aroma-reed-diffuser-bottle-with-cap\/#primaryimage","url":"https:\/\/glass-perfume-bottles.com\/wp-content\/uploads\/2025\/01\/Custom-inverted-cone-aroma-reed-diffuser-bottle-with-cap.jpg","contentUrl":"https:\/\/glass-perfume-bottles.com\/wp-content\/uploads\/2025\/01\/Custom-inverted-cone-aroma-reed-diffuser-bottle-with-cap.jpg","width":720,"height":720,"caption":"Aroma reed diffuser bottle,\u00a0Empty reed diffuser bottle supplier,\u00a0Home fragrance oil bottle wholesale,\u00a0Reed diffuser bottle manufacturer,\u00a0Square aroma diffuser bottle,\u00a0Wholesale aromatherapy bottle factory"},{"@type":"BreadcrumbList","@id":"https:\/\/glass-perfume-bottles.com\/product\/custom-100ml-conical-aroma-reed-diffuser-bottle-with-cap\/#breadcrumb","itemListElement":[{"@type":"ListItem","position":1,"name":"Home","item":"https:\/\/glass-perfume-bottles.com\/"},{"@type":"ListItem","position":2,"name":"Product","item":"https:\/\/glass-perfume-bottles.com\/custom-made-perfume-bottle-suppliers-and-wholesale\/"},{"@type":"ListItem","position":3,"name":"Custom 100ml conical aroma reed diffuser bottle with cap"}]},{"@type":"WebSite","@id":"https:\/\/glass-perfume-bottles.com\/#website","url":"https:\/\/glass-perfume-bottles.com\/","name":"HY GLASS","description":"glass perfume bottle manufacturers &amp; suppliers, aroma reed diffuser bottle wholesale &amp; suppliers","publisher":{"@id":"https:\/\/glass-perfume-bottles.com\/#organization"},"potentialAction":[{"@type":"SearchAction","target":{"@type":"EntryPoint","urlTemplate":"https:\/\/glass-perfume-bottles.com\/?s={search_term_string}"},"query-input":{"@type":"PropertyValueSpecification","valueRequired":true,"valueName":"search_term_string"}}],"inLanguage":"fr-FR"},{"@type":"Organization","@id":"https:\/\/glass-perfume-bottles.com\/#organization","name":"HY GLASS","url":"https:\/\/glass-perfume-bottles.com\/","logo":{"@type":"ImageObject","inLanguage":"fr-FR","@id":"https:\/\/glass-perfume-bottles.com\/#\/schema\/logo\/image\/","url":"https:\/\/glass-perfume-bottles.com\/wp-content\/uploads\/2023\/09\/logo21.png","contentUrl":"https:\/\/glass-perfume-bottles.com\/wp-content\/uploads\/2023\/09\/logo21.png","width":342,"height":268,"caption":"HY GLASS"},"image":{"@id":"https:\/\/glass-perfume-bottles.com\/#\/schema\/logo\/image\/"}}]}},"taxonomy_info":{"product_cat":[{"value":71,"label":"Glass Aroma Reed Diffuser Bottle"}],"product_tag":[{"value":72,"label":"Aroma reed diffuser bottle"},{"value":73,"label":"Empty reed diffuser bottle supplier"},{"value":76,"label":"Home fragrance oil bottle wholesale"},{"value":75,"label":"Reed diffuser bottle manufacturer"},{"value":74,"label":"Wholesale aromatherapy bottle factory"}]},"featured_image_src_large":["https:\/\/glass-perfume-bottles.com\/wp-content\/uploads\/2025\/01\/Custom-inverted-cone-aroma-reed-diffuser-bottle-with-cap.jpg",720,720,false],"author_info":[],"comment_info":0,"_links":{"self":[{"href":"https:\/\/glass-perfume-bottles.com\/fr\/wp-json\/wp\/v2\/product\/2134","targetHints":{"allow":["GET"]}}],"collection":[{"href":"https:\/\/glass-perfume-bottles.com\/fr\/wp-json\/wp\/v2\/product"}],"about":[{"href":"https:\/\/glass-perfume-bottles.com\/fr\/wp-json\/wp\/v2\/types\/product"}],"replies":[{"embeddable":true,"href":"https:\/\/glass-perfume-bottles.com\/fr\/wp-json\/wp\/v2\/comments?post=2134"}],"wp:featuredmedia":[{"embeddable":true,"href":"https:\/\/glass-perfume-bottles.com\/fr\/wp-json\/wp\/v2\/media\/2135"}],"wp:attachment":[{"href":"https:\/\/glass-perfume-bottles.com\/fr\/wp-json\/wp\/v2\/media?parent=2134"}],"wp:term":[{"taxonomy":"product_brand","embeddable":true,"href":"https:\/\/glass-perfume-bottles.com\/fr\/wp-json\/wp\/v2\/product_brand?post=2134"},{"taxonomy":"product_cat","embeddable":true,"href":"https:\/\/glass-perfume-bottles.com\/fr\/wp-json\/wp\/v2\/product_cat?post=2134"},{"taxonomy":"product_tag","embeddable":true,"href":"https:\/\/glass-perfume-bottles.com\/fr\/wp-json\/wp\/v2\/product_tag?post=2134"}],"curies":[{"name":"wp","href":"https:\/\/api.w.org\/{rel}","templated":true}]}}