{"id":2138,"date":"2025-01-17T15:26:41","date_gmt":"2025-01-17T15:26:41","guid":{"rendered":"https:\/\/glass-perfume-bottles.com\/?post_type=product&#038;p=2138"},"modified":"2025-01-17T15:39:56","modified_gmt":"2025-01-17T15:39:56","slug":"wholesale-30ml-50ml-flat-square-perfume-bottle-factory","status":"publish","type":"product","link":"https:\/\/glass-perfume-bottles.com\/fr\/produit\/wholesale-30ml-50ml-flat-square-perfume-bottle-factory\/","title":{"rendered":"Usine de vente en gros de bouteilles de parfum carr\u00e9es plates de 30 ml et 50 ml"},"content":{"rendered":"<table>\n<tbody>\n<tr>\n<td width=\"158\">Nom du produit<\/td>\n<td width=\"591\">Usine de vente en gros de bouteilles de parfum carr\u00e9es plates de 30 ml et 50 ml<\/td>\n<\/tr>\n<tr>\n<td width=\"158\">Capacit\u00e9<\/td>\n<td width=\"591\">30 ml, 50 ml (autres tailles disponibles)<\/td>\n<\/tr>\n<tr>\n<td width=\"158\">Taille<\/td>\n<td width=\"591\">30 ml : 36 x 26 x 82 mm 50 ml : 45 x 25 x 106 mm<\/td>\n<\/tr>\n<tr>\n<td width=\"158\">Bouche<\/td>\n<td width=\"591\">Embout \u00e0 sertir de 15 mm<\/td>\n<\/tr>\n<tr>\n<td width=\"158\">Mat\u00e9riel<\/td>\n<td width=\"591\">Verre blanc cristal<\/td>\n<\/tr>\n<tr>\n<td width=\"158\">Couleur du corps<\/td>\n<td width=\"591\">Transparent, noir, givr\u00e9, noir mat, rose ou couleur personnalis\u00e9e<\/td>\n<\/tr>\n<tr>\n<td width=\"158\">Manutention de surface<\/td>\n<td width=\"591\">\n<ol>\n<li>Impression s\u00e9rigraphique<\/li>\n<li>Marquage \u00e0 chaud<\/li>\n<li>\u00a0Rev\u00eatement UV<\/li>\n<li>Givr\u00e9<\/li>\n<li>\u00a0D\u00e9calque<\/li>\n<li>\u00a0Flocage<\/li>\n<li>\u00c9tiquetage<\/li>\n<li>Peinture couleur ou personnalis\u00e9e selon vos besoins<\/li>\n<\/ol>\n<\/td>\n<\/tr>\n<tr>\n<td width=\"158\">Usage<\/td>\n<td width=\"591\">Parfum\/s\u00e9rum\/huile essentielle\/huile parfum\u00e9e d&#039;ambiance\/tonique<\/td>\n<\/tr>\n<tr>\n<td width=\"158\">Emballage<\/td>\n<td width=\"591\">Carton d&#039;exportation puis palette en contreplaqu\u00e9,<\/td>\n<\/tr>\n<tr>\n<td width=\"158\">Quantit\u00e9 minimale de commande<\/td>\n<td width=\"591\">5 000 pi\u00e8ces (car il existe une conception personnalis\u00e9e)<\/td>\n<\/tr>\n<tr>\n<td width=\"158\">\u00c9chantillon<\/td>\n<td width=\"591\">\u00c9chantillon gratuit, frais de transport n\u00e9cessaires.<\/td>\n<\/tr>\n<tr>\n<td width=\"158\">Transport<\/td>\n<td width=\"591\">FedEx\/DHL\/EMS\/UPS\/TNT\/Par mer\/Par avion, etc.<\/td>\n<\/tr>\n<tr>\n<td width=\"158\">Mode de paiement<\/td>\n<td width=\"591\">Virement bancaire, L\/C, Western Union, Money Gram, Paypal, etc.<\/td>\n<\/tr>\n<tr>\n<td width=\"158\">D\u00e9lai de livraison<\/td>\n<td width=\"591\">\u00c9chantillon 1 \u00e0 2 jours, production de commande 20 \u00e0 45 jours selon les d\u00e9tails de la commande.<\/td>\n<\/tr>\n<tr>\n<td width=\"158\">Service<\/td>\n<td width=\"591\">Service OEM et ODM, service de conception, solution unique<\/td>\n<\/tr>\n<\/tbody>\n<\/table>\n<p>&nbsp;<\/p>\n<p>30 ml 50 ml\u00a0<a href=\"https:\/\/glass-perfume-bottles.com\/fr\/produit\/wholesale-100ml-cylinder-glass-spray-perfume-bottle-factory\/\">bouteille de parfum en verre\u00a0<\/a>correspondre <span style=\"font-family: var(--global-body-font-family);\">la t\u00eate de pompe de pulv\u00e9risation \u00e0 pression, la bouteille est fabriqu\u00e9e en mat\u00e9riau blanc cristal sans plomb et la forme du corps de la bouteille est particuli\u00e8rement belle <\/span><span style=\"font-family: var(--global-body-font-family);\">fond \u00e9pais, design carr\u00e9 plat Mettez en valeur un style unique,<\/span><\/p>\n<p>En tant que professionnel <a href=\"https:\/\/glass-perfume-bottles.com\/fr\/produit\/custom-flat-square-blue-glass-perfume-bottle\/\">bouteille de parfum en verre<\/a> usine, nous avons produit diff\u00e9rentes formes et capacit\u00e9s pour le client, nous avons une ligne de production professionnelle et une \u00e9quipe de conception, nous pouvons fournir un service de premier ordre et un produit stable pour le client, bienvenue, envoyez-nous une demande, attendez-vous.<\/p>","protected":false},"excerpt":{"rendered":"<p>Bouteille de luxe de 50 ml <a href=\"https:\/\/glass-perfume-bottles.com\/fr\/produit\/50ml-rectangle-frosted-glass-perfume-bottle-with-ball-lid\/\">bouteille de parfum en verre<\/a> correspondre <span style=\"font-family: var(--global-body-font-family);\">la t\u00eate de pompe de pulv\u00e9risation \u00e0 pression, la bouteille est fabriqu\u00e9e en mat\u00e9riau blanc cristal sans plomb et la forme du corps de la bouteille est particuli\u00e8rement belle<\/span><span style=\"font-family: var(--global-body-font-family);\">fond \u00e9pais avec conception cylindrique Mettez en valeur un style unique, acceptez le rev\u00eatement de couleur, le rev\u00eatement givr\u00e9, le rev\u00eatement en marbre, le processus de flocage, etc.<\/span><\/p>\n<div class=\"summary entry-summary\">\n<div class=\"a2a_kit a2a_kit_size_32 addtoany_list\" data-a2a-url=\"https:\/\/glass-perfume-bottles.com\/product\/30ml-50ml-100ml-perfume-bottle-with-cap\/\" data-a2a-title=\"Wholesale 30ml 50ml 100ml cylinder Perfume bottle with cap\"><\/div>\n<\/div>\n<div class=\"woocommerce-tabs wc-tabs-wrapper\"><\/div>","protected":false},"featured_media":2139,"comment_status":"open","ping_status":"closed","template":"","meta":{"_kad_blocks_custom_css":"","_kad_blocks_head_custom_js":"","_kad_blocks_body_custom_js":"","_kad_blocks_footer_custom_js":"","_kad_post_transparent":"default","_kad_post_title":"","_kad_post_layout":"default","_kad_post_sidebar_id":"","_kad_post_content_style":"default","_kad_post_vertical_padding":"default","_kad_post_feature":"","_kad_post_feature_position":"","_kad_post_header":false,"_kad_post_footer":false,"_joinchat":[]},"product_brand":[],"product_cat":[51],"product_tag":[69,109,110,67,66],"class_list":{"0":"post-2138","1":"product","2":"type-product","3":"status-publish","4":"has-post-thumbnail","6":"product_cat-glass-perfume-bottles","7":"product_tag-custom-glass-perfume-bottle-factory","8":"product_tag-home-fragrance-oil-bottle-factory","9":"product_tag-perfume-bottle-manufacturer","10":"product_tag-square-glass-perfume-bottle-supplier","11":"product_tag-wholesale-glass-perfume-bottle","13":"first","14":"instock","15":"shipping-taxable","16":"product-type-simple","17":"entry","18":"content-bg","19":"loop-entry"},"yoast_head":"<!-- This site is optimized with the Yoast SEO Premium plugin v20.5 (Yoast SEO v24.2) - https:\/\/yoast.com\/wordpress\/plugins\/seo\/ -->\n<title>Wholesale 30ml 50ml flat square perfume bottle factory<\/title>\n<meta name=\"description\" content=\"30ml 50ml\u00a0glass perfume bottle made of crystal white material,flat square shape custom black color surface\uff0cmatch high quality spray pump\" \/>\n<meta name=\"robots\" content=\"index, follow, max-snippet:-1, max-image-preview:large, max-video-preview:-1\" \/>\n<link rel=\"canonical\" href=\"https:\/\/glass-perfume-bottles.com\/fr\/produit\/wholesale-30ml-50ml-flat-square-perfume-bottle-factory\/\" \/>\n<meta property=\"og:locale\" content=\"fr_FR\" \/>\n<meta property=\"og:type\" content=\"article\" \/>\n<meta property=\"og:title\" content=\"Wholesale 30ml 50ml flat square perfume bottle factory\" \/>\n<meta property=\"og:description\" content=\"30ml 50ml\u00a0glass perfume bottle made of crystal white material,flat square shape custom black color surface\uff0cmatch high quality spray pump\" \/>\n<meta property=\"og:url\" content=\"https:\/\/glass-perfume-bottles.com\/fr\/produit\/wholesale-30ml-50ml-flat-square-perfume-bottle-factory\/\" \/>\n<meta property=\"og:site_name\" content=\"HY GLASS\" \/>\n<meta property=\"article:modified_time\" content=\"2025-01-17T15:39:56+00:00\" \/>\n<meta property=\"og:image\" content=\"https:\/\/glass-perfume-bottles.com\/wp-content\/uploads\/2025\/01\/Wholesale-50ml-100ml-black-perfume-bottle-with-aluminum-spray-cap.jpg\" \/>\n\t<meta property=\"og:image:width\" content=\"720\" \/>\n\t<meta property=\"og:image:height\" content=\"720\" \/>\n\t<meta property=\"og:image:type\" content=\"image\/jpeg\" \/>\n<meta name=\"twitter:card\" content=\"summary_large_image\" \/>\n<meta name=\"twitter:label1\" content=\"Dur\u00e9e de lecture estim\u00e9e\" \/>\n\t<meta name=\"twitter:data1\" content=\"1 minute\" \/>\n<script type=\"application\/ld+json\" class=\"yoast-schema-graph\">{\"@context\":\"https:\/\/schema.org\",\"@graph\":[{\"@type\":\"WebPage\",\"@id\":\"https:\/\/glass-perfume-bottles.com\/product\/wholesale-30ml-50ml-flat-square-perfume-bottle-factory\/\",\"url\":\"https:\/\/glass-perfume-bottles.com\/product\/wholesale-30ml-50ml-flat-square-perfume-bottle-factory\/\",\"name\":\"Wholesale 30ml 50ml flat square perfume bottle factory\",\"isPartOf\":{\"@id\":\"https:\/\/glass-perfume-bottles.com\/#website\"},\"primaryImageOfPage\":{\"@id\":\"https:\/\/glass-perfume-bottles.com\/product\/wholesale-30ml-50ml-flat-square-perfume-bottle-factory\/#primaryimage\"},\"image\":{\"@id\":\"https:\/\/glass-perfume-bottles.com\/product\/wholesale-30ml-50ml-flat-square-perfume-bottle-factory\/#primaryimage\"},\"thumbnailUrl\":\"https:\/\/glass-perfume-bottles.com\/wp-content\/uploads\/2025\/01\/Wholesale-50ml-100ml-black-perfume-bottle-with-aluminum-spray-cap.jpg\",\"datePublished\":\"2025-01-17T15:26:41+00:00\",\"dateModified\":\"2025-01-17T15:39:56+00:00\",\"description\":\"30ml 50ml\u00a0glass perfume bottle made of crystal white material,flat square shape custom black color surface\uff0cmatch high quality spray pump\",\"breadcrumb\":{\"@id\":\"https:\/\/glass-perfume-bottles.com\/product\/wholesale-30ml-50ml-flat-square-perfume-bottle-factory\/#breadcrumb\"},\"inLanguage\":\"fr-FR\",\"potentialAction\":[{\"@type\":\"ReadAction\",\"target\":[\"https:\/\/glass-perfume-bottles.com\/product\/wholesale-30ml-50ml-flat-square-perfume-bottle-factory\/\"]}]},{\"@type\":\"ImageObject\",\"inLanguage\":\"fr-FR\",\"@id\":\"https:\/\/glass-perfume-bottles.com\/product\/wholesale-30ml-50ml-flat-square-perfume-bottle-factory\/#primaryimage\",\"url\":\"https:\/\/glass-perfume-bottles.com\/wp-content\/uploads\/2025\/01\/Wholesale-50ml-100ml-black-perfume-bottle-with-aluminum-spray-cap.jpg\",\"contentUrl\":\"https:\/\/glass-perfume-bottles.com\/wp-content\/uploads\/2025\/01\/Wholesale-50ml-100ml-black-perfume-bottle-with-aluminum-spray-cap.jpg\",\"width\":720,\"height\":720,\"caption\":\"30ml 50ml\u00a0glass perfume bottle\u00a0match the press spray pump head,bottle is made of lead-free crystal white material, and the bottle body shape is especially beautiful thick bottom , flat square design Highlight a unique style,\"},{\"@type\":\"BreadcrumbList\",\"@id\":\"https:\/\/glass-perfume-bottles.com\/product\/wholesale-30ml-50ml-flat-square-perfume-bottle-factory\/#breadcrumb\",\"itemListElement\":[{\"@type\":\"ListItem\",\"position\":1,\"name\":\"Home\",\"item\":\"https:\/\/glass-perfume-bottles.com\/\"},{\"@type\":\"ListItem\",\"position\":2,\"name\":\"Product\",\"item\":\"https:\/\/glass-perfume-bottles.com\/custom-made-perfume-bottle-suppliers-and-wholesale\/\"},{\"@type\":\"ListItem\",\"position\":3,\"name\":\"Wholesale 30ml 50ml flat square perfume bottle factory\"}]},{\"@type\":\"WebSite\",\"@id\":\"https:\/\/glass-perfume-bottles.com\/#website\",\"url\":\"https:\/\/glass-perfume-bottles.com\/\",\"name\":\"HY GLASS\",\"description\":\"glass perfume bottle manufacturers &amp; suppliers, aroma reed diffuser bottle wholesale &amp; suppliers\",\"publisher\":{\"@id\":\"https:\/\/glass-perfume-bottles.com\/#organization\"},\"potentialAction\":[{\"@type\":\"SearchAction\",\"target\":{\"@type\":\"EntryPoint\",\"urlTemplate\":\"https:\/\/glass-perfume-bottles.com\/?s={search_term_string}\"},\"query-input\":{\"@type\":\"PropertyValueSpecification\",\"valueRequired\":true,\"valueName\":\"search_term_string\"}}],\"inLanguage\":\"fr-FR\"},{\"@type\":\"Organization\",\"@id\":\"https:\/\/glass-perfume-bottles.com\/#organization\",\"name\":\"HY GLASS\",\"url\":\"https:\/\/glass-perfume-bottles.com\/\",\"logo\":{\"@type\":\"ImageObject\",\"inLanguage\":\"fr-FR\",\"@id\":\"https:\/\/glass-perfume-bottles.com\/#\/schema\/logo\/image\/\",\"url\":\"https:\/\/glass-perfume-bottles.com\/wp-content\/uploads\/2023\/09\/logo21.png\",\"contentUrl\":\"https:\/\/glass-perfume-bottles.com\/wp-content\/uploads\/2023\/09\/logo21.png\",\"width\":342,\"height\":268,\"caption\":\"HY GLASS\"},\"image\":{\"@id\":\"https:\/\/glass-perfume-bottles.com\/#\/schema\/logo\/image\/\"}}]}<\/script>\n<!-- \/ Yoast SEO Premium plugin. -->","yoast_head_json":{"title":"Wholesale 30ml 50ml flat square perfume bottle factory","description":"30ml 50ml\u00a0glass perfume bottle made of crystal white material,flat square shape custom black color surface\uff0cmatch high quality spray pump","robots":{"index":"index","follow":"follow","max-snippet":"max-snippet:-1","max-image-preview":"max-image-preview:large","max-video-preview":"max-video-preview:-1"},"canonical":"https:\/\/glass-perfume-bottles.com\/fr\/produit\/wholesale-30ml-50ml-flat-square-perfume-bottle-factory\/","og_locale":"fr_FR","og_type":"article","og_title":"Wholesale 30ml 50ml flat square perfume bottle factory","og_description":"30ml 50ml\u00a0glass perfume bottle made of crystal white material,flat square shape custom black color surface\uff0cmatch high quality spray pump","og_url":"https:\/\/glass-perfume-bottles.com\/fr\/produit\/wholesale-30ml-50ml-flat-square-perfume-bottle-factory\/","og_site_name":"HY GLASS","article_modified_time":"2025-01-17T15:39:56+00:00","og_image":[{"width":720,"height":720,"url":"https:\/\/glass-perfume-bottles.com\/wp-content\/uploads\/2025\/01\/Wholesale-50ml-100ml-black-perfume-bottle-with-aluminum-spray-cap.jpg","type":"image\/jpeg"}],"twitter_card":"summary_large_image","twitter_misc":{"Dur\u00e9e de lecture estim\u00e9e":"1 minute"},"schema":{"@context":"https:\/\/schema.org","@graph":[{"@type":"WebPage","@id":"https:\/\/glass-perfume-bottles.com\/product\/wholesale-30ml-50ml-flat-square-perfume-bottle-factory\/","url":"https:\/\/glass-perfume-bottles.com\/product\/wholesale-30ml-50ml-flat-square-perfume-bottle-factory\/","name":"Wholesale 30ml 50ml flat square perfume bottle factory","isPartOf":{"@id":"https:\/\/glass-perfume-bottles.com\/#website"},"primaryImageOfPage":{"@id":"https:\/\/glass-perfume-bottles.com\/product\/wholesale-30ml-50ml-flat-square-perfume-bottle-factory\/#primaryimage"},"image":{"@id":"https:\/\/glass-perfume-bottles.com\/product\/wholesale-30ml-50ml-flat-square-perfume-bottle-factory\/#primaryimage"},"thumbnailUrl":"https:\/\/glass-perfume-bottles.com\/wp-content\/uploads\/2025\/01\/Wholesale-50ml-100ml-black-perfume-bottle-with-aluminum-spray-cap.jpg","datePublished":"2025-01-17T15:26:41+00:00","dateModified":"2025-01-17T15:39:56+00:00","description":"30ml 50ml\u00a0glass perfume bottle made of crystal white material,flat square shape custom black color surface\uff0cmatch high quality spray pump","breadcrumb":{"@id":"https:\/\/glass-perfume-bottles.com\/product\/wholesale-30ml-50ml-flat-square-perfume-bottle-factory\/#breadcrumb"},"inLanguage":"fr-FR","potentialAction":[{"@type":"ReadAction","target":["https:\/\/glass-perfume-bottles.com\/product\/wholesale-30ml-50ml-flat-square-perfume-bottle-factory\/"]}]},{"@type":"ImageObject","inLanguage":"fr-FR","@id":"https:\/\/glass-perfume-bottles.com\/product\/wholesale-30ml-50ml-flat-square-perfume-bottle-factory\/#primaryimage","url":"https:\/\/glass-perfume-bottles.com\/wp-content\/uploads\/2025\/01\/Wholesale-50ml-100ml-black-perfume-bottle-with-aluminum-spray-cap.jpg","contentUrl":"https:\/\/glass-perfume-bottles.com\/wp-content\/uploads\/2025\/01\/Wholesale-50ml-100ml-black-perfume-bottle-with-aluminum-spray-cap.jpg","width":720,"height":720,"caption":"30ml 50ml\u00a0glass perfume bottle\u00a0match the press spray pump head,bottle is made of lead-free crystal white material, and the bottle body shape is especially beautiful thick bottom , flat square design Highlight a unique style,"},{"@type":"BreadcrumbList","@id":"https:\/\/glass-perfume-bottles.com\/product\/wholesale-30ml-50ml-flat-square-perfume-bottle-factory\/#breadcrumb","itemListElement":[{"@type":"ListItem","position":1,"name":"Home","item":"https:\/\/glass-perfume-bottles.com\/"},{"@type":"ListItem","position":2,"name":"Product","item":"https:\/\/glass-perfume-bottles.com\/custom-made-perfume-bottle-suppliers-and-wholesale\/"},{"@type":"ListItem","position":3,"name":"Wholesale 30ml 50ml flat square perfume bottle factory"}]},{"@type":"WebSite","@id":"https:\/\/glass-perfume-bottles.com\/#website","url":"https:\/\/glass-perfume-bottles.com\/","name":"HY GLASS","description":"glass perfume bottle manufacturers &amp; suppliers, aroma reed diffuser bottle wholesale &amp; suppliers","publisher":{"@id":"https:\/\/glass-perfume-bottles.com\/#organization"},"potentialAction":[{"@type":"SearchAction","target":{"@type":"EntryPoint","urlTemplate":"https:\/\/glass-perfume-bottles.com\/?s={search_term_string}"},"query-input":{"@type":"PropertyValueSpecification","valueRequired":true,"valueName":"search_term_string"}}],"inLanguage":"fr-FR"},{"@type":"Organization","@id":"https:\/\/glass-perfume-bottles.com\/#organization","name":"HY GLASS","url":"https:\/\/glass-perfume-bottles.com\/","logo":{"@type":"ImageObject","inLanguage":"fr-FR","@id":"https:\/\/glass-perfume-bottles.com\/#\/schema\/logo\/image\/","url":"https:\/\/glass-perfume-bottles.com\/wp-content\/uploads\/2023\/09\/logo21.png","contentUrl":"https:\/\/glass-perfume-bottles.com\/wp-content\/uploads\/2023\/09\/logo21.png","width":342,"height":268,"caption":"HY GLASS"},"image":{"@id":"https:\/\/glass-perfume-bottles.com\/#\/schema\/logo\/image\/"}}]}},"taxonomy_info":{"product_cat":[{"value":51,"label":"Glass Perfume Bottle"}],"product_tag":[{"value":69,"label":"Custom glass perfume bottle factory"},{"value":109,"label":"Home fragrance oil bottle factory"},{"value":110,"label":"Perfume bottle manufacturer"},{"value":67,"label":"Square glass perfume bottle supplier"},{"value":66,"label":"Wholesale glass perfume bottle"}]},"featured_image_src_large":["https:\/\/glass-perfume-bottles.com\/wp-content\/uploads\/2025\/01\/Wholesale-50ml-100ml-black-perfume-bottle-with-aluminum-spray-cap.jpg",720,720,false],"author_info":[],"comment_info":0,"_links":{"self":[{"href":"https:\/\/glass-perfume-bottles.com\/fr\/wp-json\/wp\/v2\/product\/2138","targetHints":{"allow":["GET"]}}],"collection":[{"href":"https:\/\/glass-perfume-bottles.com\/fr\/wp-json\/wp\/v2\/product"}],"about":[{"href":"https:\/\/glass-perfume-bottles.com\/fr\/wp-json\/wp\/v2\/types\/product"}],"replies":[{"embeddable":true,"href":"https:\/\/glass-perfume-bottles.com\/fr\/wp-json\/wp\/v2\/comments?post=2138"}],"wp:featuredmedia":[{"embeddable":true,"href":"https:\/\/glass-perfume-bottles.com\/fr\/wp-json\/wp\/v2\/media\/2139"}],"wp:attachment":[{"href":"https:\/\/glass-perfume-bottles.com\/fr\/wp-json\/wp\/v2\/media?parent=2138"}],"wp:term":[{"taxonomy":"product_brand","embeddable":true,"href":"https:\/\/glass-perfume-bottles.com\/fr\/wp-json\/wp\/v2\/product_brand?post=2138"},{"taxonomy":"product_cat","embeddable":true,"href":"https:\/\/glass-perfume-bottles.com\/fr\/wp-json\/wp\/v2\/product_cat?post=2138"},{"taxonomy":"product_tag","embeddable":true,"href":"https:\/\/glass-perfume-bottles.com\/fr\/wp-json\/wp\/v2\/product_tag?post=2138"}],"curies":[{"name":"wp","href":"https:\/\/api.w.org\/{rel}","templated":true}]}}