{"id":2228,"date":"2025-01-25T09:05:41","date_gmt":"2025-01-25T09:05:41","guid":{"rendered":"https:\/\/glass-perfume-bottles.com\/?post_type=product&#038;p=2228"},"modified":"2025-01-25T09:16:34","modified_gmt":"2025-01-25T09:16:34","slug":"custom-gift-box-material","status":"publish","type":"product","link":"https:\/\/glass-perfume-bottles.com\/fr\/produit\/custom-gift-box-material\/","title":{"rendered":"Mat\u00e9riau de bo\u00eete cadeau personnalis\u00e9"},"content":{"rendered":"<table>\n<tbody>\n<tr>\n<td width=\"158\">Nom du produit<\/td>\n<td width=\"591\">Mat\u00e9riau de bo\u00eete cadeau personnalis\u00e9<\/td>\n<\/tr>\n<tr>\n<td width=\"158\">Mat\u00e9riel<\/td>\n<td width=\"591\">Papier couch\u00e9, papier d&#039;art (C1S, C2S), carton gris\/blanc\/noir, papier kraft, papier ondul\u00e9, papier sp\u00e9cial, CCNB, etc.<\/td>\n<\/tr>\n<tr>\n<td width=\"158\">Impression et remise<\/td>\n<td width=\"591\">Vernis brillant\/mat, laminage brillant\/mat, estampage \u00e0 chaud or\/argent, vernis UV s\u00e9lectif, gaufrage, etc.<\/td>\n<\/tr>\n<tr>\n<td width=\"158\">Bo\u00eetes \u00e0 accessoires<\/td>\n<td width=\"591\">Plateau PVC ou PET, EVA, \u00c9ponge, Velours, Plateau VAC, Ruban,<\/p>\n<p>Inserts en carton ou en flocage.<\/td>\n<\/tr>\n<tr>\n<td width=\"158\">Utilis\u00e9 pour<\/td>\n<td width=\"591\">Parfum, emballage cosm\u00e9tique, cadeau, emballage d&#039;huile essentielle, etc.<\/td>\n<\/tr>\n<tr>\n<td width=\"158\">Forme<\/td>\n<td width=\"591\">Forme ronde\/carr\u00e9e\/rectangulaire ou personnalis\u00e9e.<\/td>\n<\/tr>\n<tr>\n<td width=\"158\">Couleur<\/td>\n<td width=\"591\">Processus 4 couleurs (CMJN) ou couleurs Pantone (PMS)<\/td>\n<\/tr>\n<tr>\n<td width=\"158\">Format de l&#039;\u0153uvre d&#039;art<\/td>\n<td width=\"591\">IA, PDF, PS, CDR, etc.<\/td>\n<\/tr>\n<tr>\n<td width=\"158\">Quantit\u00e9 minimale de commande<\/td>\n<td width=\"591\">500 pi\u00e8ces<\/td>\n<\/tr>\n<tr>\n<td width=\"158\">\u00c9chantillon<\/td>\n<td width=\"591\">Co\u00fbt des \u00e9chantillons et frais d&#039;exp\u00e9dition n\u00e9cessaires<\/td>\n<\/tr>\n<tr>\n<td width=\"158\">Transport<\/td>\n<td width=\"591\">FedEx\/DHL\/EMS\/UPS\/TNT\/Par mer\/Par avion, etc.<\/td>\n<\/tr>\n<tr>\n<td width=\"158\">Mode de paiement<\/td>\n<td width=\"591\">Virement bancaire, L\/C, Western Union, Money Gram, Paypal, etc.<\/td>\n<\/tr>\n<tr>\n<td width=\"158\">D\u00e9lai de livraison<\/td>\n<td width=\"591\">\u00c9chantillon 5 \u00e0 7 jours, production de commande 10 \u00e0 20 jours selon les d\u00e9tails de la commande.<\/td>\n<\/tr>\n<tr>\n<td width=\"158\">Service<\/td>\n<td width=\"591\">Service OEM et ODM, service de conception, solution unique<\/td>\n<\/tr>\n<\/tbody>\n<\/table>\n<p>&nbsp;<\/p>\n<p>En tant qu&#039;usine professionnelle de flacons de parfum, nous fournissons \u00e9galement diff\u00e9rents emballages de flacons de parfum pour le client, notre <a href=\"https:\/\/glass-perfume-bottles.com\/fr\/produit\/custom-cylinder-paper-tube-box-supplier\/\">coffret cadeau<\/a> fabriqu\u00e9 \u00e0 partir de bons mat\u00e9riaux et de mati\u00e8res premi\u00e8res, haute fermet\u00e9, pas de d\u00e9formation, pas de d\u00e9coloration, durable, une vari\u00e9t\u00e9 de styles au choix arbitraire.<\/p>\n<p>Bo\u00eete personnalis\u00e9e avec diff\u00e9rentes tailles et mat\u00e9riaux. Comme le papier kraft, le carton, le papier d&#039;art, le carton ondul\u00e9, le papier couch\u00e9, etc. et la bo\u00eete de parfum imprim\u00e9e avec diff\u00e9rentes technologies.<\/p>\n<p>&nbsp;<\/p>","protected":false},"excerpt":{"rendered":"<p>En tant que fournisseur de bo\u00eetes cylindriques en papier, nous produisons diverses bo\u00eetes pour le client, acceptons l&#039;estampage \u00e0 chaud, l&#039;impression de logo, l&#039;impression UV, etc.<\/p>","protected":false},"featured_media":2229,"comment_status":"open","ping_status":"closed","template":"","meta":{"_kad_blocks_custom_css":"","_kad_blocks_head_custom_js":"","_kad_blocks_body_custom_js":"","_kad_blocks_footer_custom_js":"","_kad_post_transparent":"default","_kad_post_title":"","_kad_post_layout":"default","_kad_post_sidebar_id":"","_kad_post_content_style":"default","_kad_post_vertical_padding":"default","_kad_post_feature":"","_kad_post_feature_position":"","_kad_post_header":false,"_kad_post_footer":false,"_joinchat":[]},"product_brand":[],"product_cat":[54],"product_tag":[64,65,62,124,61],"class_list":{"0":"post-2228","1":"product","2":"type-product","3":"status-publish","4":"has-post-thumbnail","6":"product_cat-perfume-bottle-packaging","7":"product_tag-cosmetic-box","8":"product_tag-display-stand","9":"product_tag-packaging-box","10":"product_tag-paper-tube-box-supplier","11":"product_tag-perfume-box","13":"first","14":"instock","15":"shipping-taxable","16":"product-type-simple","17":"entry","18":"content-bg","19":"loop-entry"},"yoast_head":"<!-- This site is optimized with the Yoast SEO Premium plugin v20.5 (Yoast SEO v24.2) - https:\/\/yoast.com\/wordpress\/plugins\/seo\/ -->\n<title>Gift box material<\/title>\n<meta name=\"description\" content=\"As a cylinder paper gift box supplier\u00a0,we produce various of gift box material for client ,accept hot stamping\u3001printing logo \u3001uv printing etc process\" \/>\n<meta name=\"robots\" content=\"index, follow, max-snippet:-1, max-image-preview:large, max-video-preview:-1\" \/>\n<link rel=\"canonical\" href=\"https:\/\/glass-perfume-bottles.com\/fr\/produkt\/custom-gift-box-material\/\" \/>\n<meta property=\"og:locale\" content=\"fr_FR\" \/>\n<meta property=\"og:type\" content=\"article\" \/>\n<meta property=\"og:title\" content=\"Custom gift box material\" \/>\n<meta property=\"og:description\" content=\"As a cylinder paper gift box supplier\u00a0,we produce various of gift box material for client ,accept hot stamping\u3001printing logo \u3001uv printing etc process\" \/>\n<meta property=\"og:url\" content=\"https:\/\/glass-perfume-bottles.com\/fr\/produkt\/custom-gift-box-material\/\" \/>\n<meta property=\"og:site_name\" content=\"HY GLASS\" \/>\n<meta property=\"article:modified_time\" content=\"2025-01-25T09:16:34+00:00\" \/>\n<meta property=\"og:image\" content=\"https:\/\/glass-perfume-bottles.com\/wp-content\/uploads\/2025\/01\/Paper-box-material-.jpg\" \/>\n\t<meta property=\"og:image:width\" content=\"720\" \/>\n\t<meta property=\"og:image:height\" content=\"720\" \/>\n\t<meta property=\"og:image:type\" content=\"image\/jpeg\" \/>\n<meta name=\"twitter:card\" content=\"summary_large_image\" \/>\n<meta name=\"twitter:label1\" content=\"Dur\u00e9e de lecture estim\u00e9e\" \/>\n\t<meta name=\"twitter:data1\" content=\"1 minute\" \/>\n<script type=\"application\/ld+json\" class=\"yoast-schema-graph\">{\"@context\":\"https:\/\/schema.org\",\"@graph\":[{\"@type\":\"WebPage\",\"@id\":\"https:\/\/glass-perfume-bottles.com\/de\/produkt\/custom-gift-box-material\/\",\"url\":\"https:\/\/glass-perfume-bottles.com\/de\/produkt\/custom-gift-box-material\/\",\"name\":\"Gift box material\",\"isPartOf\":{\"@id\":\"https:\/\/glass-perfume-bottles.com\/#website\"},\"primaryImageOfPage\":{\"@id\":\"https:\/\/glass-perfume-bottles.com\/de\/produkt\/custom-gift-box-material\/#primaryimage\"},\"image\":{\"@id\":\"https:\/\/glass-perfume-bottles.com\/de\/produkt\/custom-gift-box-material\/#primaryimage\"},\"thumbnailUrl\":\"https:\/\/glass-perfume-bottles.com\/wp-content\/uploads\/2025\/01\/Paper-box-material-.jpg\",\"datePublished\":\"2025-01-25T09:05:41+00:00\",\"dateModified\":\"2025-01-25T09:16:34+00:00\",\"description\":\"As a cylinder paper gift box supplier\u00a0,we produce various of gift box material for client ,accept hot stamping\u3001printing logo \u3001uv printing etc process\",\"breadcrumb\":{\"@id\":\"https:\/\/glass-perfume-bottles.com\/de\/produkt\/custom-gift-box-material\/#breadcrumb\"},\"inLanguage\":\"fr-FR\",\"potentialAction\":[{\"@type\":\"ReadAction\",\"target\":[\"https:\/\/glass-perfume-bottles.com\/de\/produkt\/custom-gift-box-material\/\"]}]},{\"@type\":\"ImageObject\",\"inLanguage\":\"fr-FR\",\"@id\":\"https:\/\/glass-perfume-bottles.com\/de\/produkt\/custom-gift-box-material\/#primaryimage\",\"url\":\"https:\/\/glass-perfume-bottles.com\/wp-content\/uploads\/2025\/01\/Paper-box-material-.jpg\",\"contentUrl\":\"https:\/\/glass-perfume-bottles.com\/wp-content\/uploads\/2025\/01\/Paper-box-material-.jpg\",\"width\":720,\"height\":720,\"caption\":\"Custom gift box material\"},{\"@type\":\"BreadcrumbList\",\"@id\":\"https:\/\/glass-perfume-bottles.com\/de\/produkt\/custom-gift-box-material\/#breadcrumb\",\"itemListElement\":[{\"@type\":\"ListItem\",\"position\":1,\"name\":\"Home\",\"item\":\"https:\/\/glass-perfume-bottles.com\/\"},{\"@type\":\"ListItem\",\"position\":2,\"name\":\"Product\",\"item\":\"https:\/\/glass-perfume-bottles.com\/custom-made-perfume-bottle-suppliers-and-wholesale\/\"},{\"@type\":\"ListItem\",\"position\":3,\"name\":\"Custom gift box material\"}]},{\"@type\":\"WebSite\",\"@id\":\"https:\/\/glass-perfume-bottles.com\/#website\",\"url\":\"https:\/\/glass-perfume-bottles.com\/\",\"name\":\"HY GLASS\",\"description\":\"glass perfume bottle manufacturers &amp; suppliers, aroma reed diffuser bottle wholesale &amp; suppliers\",\"publisher\":{\"@id\":\"https:\/\/glass-perfume-bottles.com\/#organization\"},\"potentialAction\":[{\"@type\":\"SearchAction\",\"target\":{\"@type\":\"EntryPoint\",\"urlTemplate\":\"https:\/\/glass-perfume-bottles.com\/?s={search_term_string}\"},\"query-input\":{\"@type\":\"PropertyValueSpecification\",\"valueRequired\":true,\"valueName\":\"search_term_string\"}}],\"inLanguage\":\"fr-FR\"},{\"@type\":\"Organization\",\"@id\":\"https:\/\/glass-perfume-bottles.com\/#organization\",\"name\":\"HY GLASS\",\"url\":\"https:\/\/glass-perfume-bottles.com\/\",\"logo\":{\"@type\":\"ImageObject\",\"inLanguage\":\"fr-FR\",\"@id\":\"https:\/\/glass-perfume-bottles.com\/#\/schema\/logo\/image\/\",\"url\":\"https:\/\/glass-perfume-bottles.com\/wp-content\/uploads\/2023\/09\/logo21.png\",\"contentUrl\":\"https:\/\/glass-perfume-bottles.com\/wp-content\/uploads\/2023\/09\/logo21.png\",\"width\":342,\"height\":268,\"caption\":\"HY GLASS\"},\"image\":{\"@id\":\"https:\/\/glass-perfume-bottles.com\/#\/schema\/logo\/image\/\"}}]}<\/script>\n<!-- \/ Yoast SEO Premium plugin. -->","yoast_head_json":{"title":"Gift box material","description":"As a cylinder paper gift box supplier\u00a0,we produce various of gift box material for client ,accept hot stamping\u3001printing logo \u3001uv printing etc process","robots":{"index":"index","follow":"follow","max-snippet":"max-snippet:-1","max-image-preview":"max-image-preview:large","max-video-preview":"max-video-preview:-1"},"canonical":"https:\/\/glass-perfume-bottles.com\/fr\/produkt\/custom-gift-box-material\/","og_locale":"fr_FR","og_type":"article","og_title":"Custom gift box material","og_description":"As a cylinder paper gift box supplier\u00a0,we produce various of gift box material for client ,accept hot stamping\u3001printing logo \u3001uv printing etc process","og_url":"https:\/\/glass-perfume-bottles.com\/fr\/produkt\/custom-gift-box-material\/","og_site_name":"HY GLASS","article_modified_time":"2025-01-25T09:16:34+00:00","og_image":[{"width":720,"height":720,"url":"https:\/\/glass-perfume-bottles.com\/wp-content\/uploads\/2025\/01\/Paper-box-material-.jpg","type":"image\/jpeg"}],"twitter_card":"summary_large_image","twitter_misc":{"Dur\u00e9e de lecture estim\u00e9e":"1 minute"},"schema":{"@context":"https:\/\/schema.org","@graph":[{"@type":"WebPage","@id":"https:\/\/glass-perfume-bottles.com\/de\/produkt\/custom-gift-box-material\/","url":"https:\/\/glass-perfume-bottles.com\/de\/produkt\/custom-gift-box-material\/","name":"Gift box material","isPartOf":{"@id":"https:\/\/glass-perfume-bottles.com\/#website"},"primaryImageOfPage":{"@id":"https:\/\/glass-perfume-bottles.com\/de\/produkt\/custom-gift-box-material\/#primaryimage"},"image":{"@id":"https:\/\/glass-perfume-bottles.com\/de\/produkt\/custom-gift-box-material\/#primaryimage"},"thumbnailUrl":"https:\/\/glass-perfume-bottles.com\/wp-content\/uploads\/2025\/01\/Paper-box-material-.jpg","datePublished":"2025-01-25T09:05:41+00:00","dateModified":"2025-01-25T09:16:34+00:00","description":"As a cylinder paper gift box supplier\u00a0,we produce various of gift box material for client ,accept hot stamping\u3001printing logo \u3001uv printing etc process","breadcrumb":{"@id":"https:\/\/glass-perfume-bottles.com\/de\/produkt\/custom-gift-box-material\/#breadcrumb"},"inLanguage":"fr-FR","potentialAction":[{"@type":"ReadAction","target":["https:\/\/glass-perfume-bottles.com\/de\/produkt\/custom-gift-box-material\/"]}]},{"@type":"ImageObject","inLanguage":"fr-FR","@id":"https:\/\/glass-perfume-bottles.com\/de\/produkt\/custom-gift-box-material\/#primaryimage","url":"https:\/\/glass-perfume-bottles.com\/wp-content\/uploads\/2025\/01\/Paper-box-material-.jpg","contentUrl":"https:\/\/glass-perfume-bottles.com\/wp-content\/uploads\/2025\/01\/Paper-box-material-.jpg","width":720,"height":720,"caption":"Custom gift box material"},{"@type":"BreadcrumbList","@id":"https:\/\/glass-perfume-bottles.com\/de\/produkt\/custom-gift-box-material\/#breadcrumb","itemListElement":[{"@type":"ListItem","position":1,"name":"Home","item":"https:\/\/glass-perfume-bottles.com\/"},{"@type":"ListItem","position":2,"name":"Product","item":"https:\/\/glass-perfume-bottles.com\/custom-made-perfume-bottle-suppliers-and-wholesale\/"},{"@type":"ListItem","position":3,"name":"Custom gift box material"}]},{"@type":"WebSite","@id":"https:\/\/glass-perfume-bottles.com\/#website","url":"https:\/\/glass-perfume-bottles.com\/","name":"HY GLASS","description":"glass perfume bottle manufacturers &amp; suppliers, aroma reed diffuser bottle wholesale &amp; suppliers","publisher":{"@id":"https:\/\/glass-perfume-bottles.com\/#organization"},"potentialAction":[{"@type":"SearchAction","target":{"@type":"EntryPoint","urlTemplate":"https:\/\/glass-perfume-bottles.com\/?s={search_term_string}"},"query-input":{"@type":"PropertyValueSpecification","valueRequired":true,"valueName":"search_term_string"}}],"inLanguage":"fr-FR"},{"@type":"Organization","@id":"https:\/\/glass-perfume-bottles.com\/#organization","name":"HY GLASS","url":"https:\/\/glass-perfume-bottles.com\/","logo":{"@type":"ImageObject","inLanguage":"fr-FR","@id":"https:\/\/glass-perfume-bottles.com\/#\/schema\/logo\/image\/","url":"https:\/\/glass-perfume-bottles.com\/wp-content\/uploads\/2023\/09\/logo21.png","contentUrl":"https:\/\/glass-perfume-bottles.com\/wp-content\/uploads\/2023\/09\/logo21.png","width":342,"height":268,"caption":"HY GLASS"},"image":{"@id":"https:\/\/glass-perfume-bottles.com\/#\/schema\/logo\/image\/"}}]}},"taxonomy_info":{"product_cat":[{"value":54,"label":"Perfume Bottle Packaging"}],"product_tag":[{"value":64,"label":"Cosmetic Box"},{"value":65,"label":"Display Stand"},{"value":62,"label":"Packaging Box"},{"value":124,"label":"Paper tube box supplier"},{"value":61,"label":"Perfume Box"}]},"featured_image_src_large":["https:\/\/glass-perfume-bottles.com\/wp-content\/uploads\/2025\/01\/Paper-box-material-.jpg",720,720,false],"author_info":[],"comment_info":0,"_links":{"self":[{"href":"https:\/\/glass-perfume-bottles.com\/fr\/wp-json\/wp\/v2\/product\/2228","targetHints":{"allow":["GET"]}}],"collection":[{"href":"https:\/\/glass-perfume-bottles.com\/fr\/wp-json\/wp\/v2\/product"}],"about":[{"href":"https:\/\/glass-perfume-bottles.com\/fr\/wp-json\/wp\/v2\/types\/product"}],"replies":[{"embeddable":true,"href":"https:\/\/glass-perfume-bottles.com\/fr\/wp-json\/wp\/v2\/comments?post=2228"}],"wp:featuredmedia":[{"embeddable":true,"href":"https:\/\/glass-perfume-bottles.com\/fr\/wp-json\/wp\/v2\/media\/2229"}],"wp:attachment":[{"href":"https:\/\/glass-perfume-bottles.com\/fr\/wp-json\/wp\/v2\/media?parent=2228"}],"wp:term":[{"taxonomy":"product_brand","embeddable":true,"href":"https:\/\/glass-perfume-bottles.com\/fr\/wp-json\/wp\/v2\/product_brand?post=2228"},{"taxonomy":"product_cat","embeddable":true,"href":"https:\/\/glass-perfume-bottles.com\/fr\/wp-json\/wp\/v2\/product_cat?post=2228"},{"taxonomy":"product_tag","embeddable":true,"href":"https:\/\/glass-perfume-bottles.com\/fr\/wp-json\/wp\/v2\/product_tag?post=2228"}],"curies":[{"name":"wp","href":"https:\/\/api.w.org\/{rel}","templated":true}]}}