{"id":2262,"date":"2025-01-31T11:37:32","date_gmt":"2025-01-31T11:37:32","guid":{"rendered":"https:\/\/glass-perfume-bottles.com\/?post_type=product&#038;p=2262"},"modified":"2025-01-31T11:48:46","modified_gmt":"2025-01-31T11:48:46","slug":"wholesale-10ml-tube-spray-perfume-bottle-box","status":"publish","type":"product","link":"https:\/\/glass-perfume-bottles.com\/fr\/produit\/wholesale-10ml-tube-spray-perfume-bottle-box\/","title":{"rendered":"Bo\u00eete de flacon de parfum en tube de 10 ml en gros"},"content":{"rendered":"<table>\n<tbody>\n<tr>\n<td width=\"158\">Nom du produit<\/td>\n<td width=\"591\">Bo\u00eete de flacon de parfum en tube de 10 ml en gros<\/td>\n<\/tr>\n<tr>\n<td width=\"158\">Mat\u00e9riel<\/td>\n<td width=\"591\">Carton<\/td>\n<\/tr>\n<tr>\n<td width=\"158\">Impression et remise<\/td>\n<td width=\"591\">Vernis brillant\/mat, laminage brillant\/mat, estampage \u00e0 chaud or\/argent, vernis UV s\u00e9lectif, gaufrage, etc.<\/td>\n<\/tr>\n<tr>\n<td width=\"158\">Bo\u00eetes \u00e0 accessoires<\/td>\n<td width=\"591\">Inserts de flocage EVA.<\/td>\n<\/tr>\n<tr>\n<td width=\"158\">Utilis\u00e9 pour<\/td>\n<td width=\"591\">Parfum, emballage cosm\u00e9tique, cadeau, emballage d&#039;huile essentielle, etc.<\/td>\n<\/tr>\n<tr>\n<td width=\"158\">Forme<\/td>\n<td width=\"591\">Forme de livre, avec couverture pliable, rabattable, forme portable ou forme personnalis\u00e9e.<\/td>\n<\/tr>\n<tr>\n<td width=\"158\">Couleur<\/td>\n<td width=\"591\">Processus 4 couleurs (CMJN) ou couleurs Pantone (PMS)<\/td>\n<\/tr>\n<tr>\n<td width=\"158\">Format de l&#039;\u0153uvre d&#039;art<\/td>\n<td width=\"591\">IA, PDF, PS, CDR, etc.<\/td>\n<\/tr>\n<tr>\n<td width=\"158\">Quantit\u00e9 minimale de commande<\/td>\n<td width=\"591\">500 pi\u00e8ces<\/td>\n<\/tr>\n<tr>\n<td width=\"158\">\u00c9chantillon<\/td>\n<td width=\"591\">Co\u00fbt des \u00e9chantillons et frais d&#039;exp\u00e9dition n\u00e9cessaires<\/td>\n<\/tr>\n<tr>\n<td width=\"158\">Transport<\/td>\n<td width=\"591\">FedEx\/DHL\/EMS\/UPS\/TNT\/Par mer\/Par avion, etc.<\/td>\n<\/tr>\n<tr>\n<td width=\"158\">Mode de paiement<\/td>\n<td width=\"591\">Virement bancaire, L\/C, Western Union, Money Gram, Paypal, etc.<\/td>\n<\/tr>\n<tr>\n<td width=\"158\">D\u00e9lai de livraison<\/td>\n<td width=\"591\">\u00c9chantillon 5 \u00e0 7 jours, production de commande 10 \u00e0 20 jours selon les d\u00e9tails de la commande.<\/td>\n<\/tr>\n<tr>\n<td width=\"158\">Service<\/td>\n<td width=\"591\">Service OEM et ODM, service de conception, solution unique<\/td>\n<\/tr>\n<\/tbody>\n<\/table>\n<p><a href=\"https:\/\/glass-perfume-bottles.com\/fr\/produit\/exquisite-perfume-bottle-gift-box\/\">Bo\u00eete de flacon de parfum en tube vaporisateur de 10 ml <\/a>avec diff\u00e9rentes tailles et mat\u00e9riaux. Comme le papier kraft, le carton, le papier d&#039;art, le carton ondul\u00e9, le papier couch\u00e9, etc. et l&#039;impression de la bo\u00eete de parfum avec diff\u00e9rentes technologies.<\/p>\n<p>En tant qu&#039;usine professionnelle de flacons de parfum, nous fournissons \u00e9galement diff\u00e9rents emballages pour le client, notre<a href=\"https:\/\/glass-perfume-bottles.com\/fr\/produit\/custom-cylinder-paper-tube-box-supplier\/\">emballage de flacon de parfum\u00a0<\/a> fabriqu\u00e9 \u00e0 partir de bons mat\u00e9riaux et de mati\u00e8res premi\u00e8res, nous pouvons personnaliser le livre, avec une couverture pliable, rabattable, une forme portable ou une forme personnalis\u00e9e. Haute fermet\u00e9, pas de d\u00e9formation, pas de d\u00e9coloration, durable, une vari\u00e9t\u00e9 de styles au choix arbitraire.<\/p>\n<p>&nbsp;<\/p>\n<p>&nbsp;<\/p>","protected":false},"excerpt":{"rendered":"<p>Bo\u00eetes en papier personnalis\u00e9es de diff\u00e9rentes tailles et mat\u00e9riaux\u00a0: papier kraft, carton, papier couch\u00e9, carton ondul\u00e9, etc., et impression de bo\u00eetes de parfum avec diff\u00e9rentes technologies.<\/p>","protected":false},"featured_media":2263,"comment_status":"open","ping_status":"closed","template":"","meta":{"_kad_blocks_custom_css":"","_kad_blocks_head_custom_js":"","_kad_blocks_body_custom_js":"","_kad_blocks_footer_custom_js":"","_kad_post_transparent":"default","_kad_post_title":"","_kad_post_layout":"default","_kad_post_sidebar_id":"","_kad_post_content_style":"default","_kad_post_vertical_padding":"default","_kad_post_feature":"","_kad_post_feature_position":"","_kad_post_header":false,"_kad_post_footer":false,"_joinchat":[]},"product_brand":[],"product_cat":[54],"product_tag":[134,138,140,142,135],"class_list":{"0":"post-2262","1":"product","2":"type-product","3":"status-publish","4":"has-post-thumbnail","6":"product_cat-perfume-bottle-packaging","7":"product_tag-custom-perfume-bottle-box","8":"product_tag-gift-paper-box","9":"product_tag-luxury-perfume-gift-box","10":"product_tag-perfume-bottle-packing-box","11":"product_tag-wholesale-perfume-bottle-box","13":"first","14":"instock","15":"shipping-taxable","16":"product-type-simple","17":"entry","18":"content-bg","19":"loop-entry"},"yoast_head":"<!-- This site is optimized with the Yoast SEO Premium plugin v20.5 (Yoast SEO v24.2) - https:\/\/yoast.com\/wordpress\/plugins\/seo\/ -->\n<title>Spray perfume bottle box<\/title>\n<meta name=\"description\" content=\"As a Spray perfume bottle box supplier,we produce various of shape box for client,for example :with cover folding\u3001flip\u3001portable shape ect\uff0c\" \/>\n<meta name=\"robots\" content=\"index, follow, max-snippet:-1, max-image-preview:large, max-video-preview:-1\" \/>\n<link rel=\"canonical\" href=\"https:\/\/glass-perfume-bottles.com\/fr\/produit\/wholesale-10ml-tube-spray-perfume-bottle-box\/\" \/>\n<meta property=\"og:locale\" content=\"fr_FR\" \/>\n<meta property=\"og:type\" content=\"article\" \/>\n<meta property=\"og:title\" content=\"Wholesale 10ml tube spray perfume bottle box\" \/>\n<meta property=\"og:description\" content=\"As a Spray perfume bottle box supplier,we produce various of shape box for client,for example :with cover folding\u3001flip\u3001portable shape ect\uff0c\" \/>\n<meta property=\"og:url\" content=\"https:\/\/glass-perfume-bottles.com\/fr\/produit\/wholesale-10ml-tube-spray-perfume-bottle-box\/\" \/>\n<meta property=\"og:site_name\" content=\"HY GLASS\" \/>\n<meta property=\"article:modified_time\" content=\"2025-01-31T11:48:46+00:00\" \/>\n<meta property=\"og:image\" content=\"https:\/\/glass-perfume-bottles.com\/wp-content\/uploads\/2025\/01\/Wholesale-10ml-tube-sprayperfume-bottle-box.jpg\" \/>\n\t<meta property=\"og:image:width\" content=\"720\" \/>\n\t<meta property=\"og:image:height\" content=\"720\" \/>\n\t<meta property=\"og:image:type\" content=\"image\/jpeg\" \/>\n<meta name=\"twitter:card\" content=\"summary_large_image\" \/>\n<meta name=\"twitter:label1\" content=\"Dur\u00e9e de lecture estim\u00e9e\" \/>\n\t<meta name=\"twitter:data1\" content=\"1 minute\" \/>\n<script type=\"application\/ld+json\" class=\"yoast-schema-graph\">{\"@context\":\"https:\/\/schema.org\",\"@graph\":[{\"@type\":\"WebPage\",\"@id\":\"https:\/\/glass-perfume-bottles.com\/product\/wholesale-10ml-tube-spray-perfume-bottle-box\/\",\"url\":\"https:\/\/glass-perfume-bottles.com\/product\/wholesale-10ml-tube-spray-perfume-bottle-box\/\",\"name\":\"Spray perfume bottle box\",\"isPartOf\":{\"@id\":\"https:\/\/glass-perfume-bottles.com\/#website\"},\"primaryImageOfPage\":{\"@id\":\"https:\/\/glass-perfume-bottles.com\/product\/wholesale-10ml-tube-spray-perfume-bottle-box\/#primaryimage\"},\"image\":{\"@id\":\"https:\/\/glass-perfume-bottles.com\/product\/wholesale-10ml-tube-spray-perfume-bottle-box\/#primaryimage\"},\"thumbnailUrl\":\"https:\/\/glass-perfume-bottles.com\/wp-content\/uploads\/2025\/01\/Wholesale-10ml-tube-sprayperfume-bottle-box.jpg\",\"datePublished\":\"2025-01-31T11:37:32+00:00\",\"dateModified\":\"2025-01-31T11:48:46+00:00\",\"description\":\"As a Spray perfume bottle box supplier,we produce various of shape box for client,for example :with cover folding\u3001flip\u3001portable shape ect\uff0c\",\"breadcrumb\":{\"@id\":\"https:\/\/glass-perfume-bottles.com\/product\/wholesale-10ml-tube-spray-perfume-bottle-box\/#breadcrumb\"},\"inLanguage\":\"fr-FR\",\"potentialAction\":[{\"@type\":\"ReadAction\",\"target\":[\"https:\/\/glass-perfume-bottles.com\/product\/wholesale-10ml-tube-spray-perfume-bottle-box\/\"]}]},{\"@type\":\"ImageObject\",\"inLanguage\":\"fr-FR\",\"@id\":\"https:\/\/glass-perfume-bottles.com\/product\/wholesale-10ml-tube-spray-perfume-bottle-box\/#primaryimage\",\"url\":\"https:\/\/glass-perfume-bottles.com\/wp-content\/uploads\/2025\/01\/Wholesale-10ml-tube-sprayperfume-bottle-box.jpg\",\"contentUrl\":\"https:\/\/glass-perfume-bottles.com\/wp-content\/uploads\/2025\/01\/Wholesale-10ml-tube-sprayperfume-bottle-box.jpg\",\"width\":720,\"height\":720,\"caption\":\"10ml Tube spray perfume bottle box with different size an material. Like Kraft paper,Paper board, Art paper,Corrugated board,Coated paper, etc and the perfume box print with different technology.\"},{\"@type\":\"BreadcrumbList\",\"@id\":\"https:\/\/glass-perfume-bottles.com\/product\/wholesale-10ml-tube-spray-perfume-bottle-box\/#breadcrumb\",\"itemListElement\":[{\"@type\":\"ListItem\",\"position\":1,\"name\":\"Home\",\"item\":\"https:\/\/glass-perfume-bottles.com\/\"},{\"@type\":\"ListItem\",\"position\":2,\"name\":\"Product\",\"item\":\"https:\/\/glass-perfume-bottles.com\/custom-made-perfume-bottle-suppliers-and-wholesale\/\"},{\"@type\":\"ListItem\",\"position\":3,\"name\":\"Wholesale 10ml tube spray perfume bottle box\"}]},{\"@type\":\"WebSite\",\"@id\":\"https:\/\/glass-perfume-bottles.com\/#website\",\"url\":\"https:\/\/glass-perfume-bottles.com\/\",\"name\":\"HY GLASS\",\"description\":\"glass perfume bottle manufacturers &amp; suppliers, aroma reed diffuser bottle wholesale &amp; suppliers\",\"publisher\":{\"@id\":\"https:\/\/glass-perfume-bottles.com\/#organization\"},\"potentialAction\":[{\"@type\":\"SearchAction\",\"target\":{\"@type\":\"EntryPoint\",\"urlTemplate\":\"https:\/\/glass-perfume-bottles.com\/?s={search_term_string}\"},\"query-input\":{\"@type\":\"PropertyValueSpecification\",\"valueRequired\":true,\"valueName\":\"search_term_string\"}}],\"inLanguage\":\"fr-FR\"},{\"@type\":\"Organization\",\"@id\":\"https:\/\/glass-perfume-bottles.com\/#organization\",\"name\":\"HY GLASS\",\"url\":\"https:\/\/glass-perfume-bottles.com\/\",\"logo\":{\"@type\":\"ImageObject\",\"inLanguage\":\"fr-FR\",\"@id\":\"https:\/\/glass-perfume-bottles.com\/#\/schema\/logo\/image\/\",\"url\":\"https:\/\/glass-perfume-bottles.com\/wp-content\/uploads\/2023\/09\/logo21.png\",\"contentUrl\":\"https:\/\/glass-perfume-bottles.com\/wp-content\/uploads\/2023\/09\/logo21.png\",\"width\":342,\"height\":268,\"caption\":\"HY GLASS\"},\"image\":{\"@id\":\"https:\/\/glass-perfume-bottles.com\/#\/schema\/logo\/image\/\"}}]}<\/script>\n<!-- \/ Yoast SEO Premium plugin. -->","yoast_head_json":{"title":"Spray perfume bottle box","description":"As a Spray perfume bottle box supplier,we produce various of shape box for client,for example :with cover folding\u3001flip\u3001portable shape ect\uff0c","robots":{"index":"index","follow":"follow","max-snippet":"max-snippet:-1","max-image-preview":"max-image-preview:large","max-video-preview":"max-video-preview:-1"},"canonical":"https:\/\/glass-perfume-bottles.com\/fr\/produit\/wholesale-10ml-tube-spray-perfume-bottle-box\/","og_locale":"fr_FR","og_type":"article","og_title":"Wholesale 10ml tube spray perfume bottle box","og_description":"As a Spray perfume bottle box supplier,we produce various of shape box for client,for example :with cover folding\u3001flip\u3001portable shape ect\uff0c","og_url":"https:\/\/glass-perfume-bottles.com\/fr\/produit\/wholesale-10ml-tube-spray-perfume-bottle-box\/","og_site_name":"HY GLASS","article_modified_time":"2025-01-31T11:48:46+00:00","og_image":[{"width":720,"height":720,"url":"https:\/\/glass-perfume-bottles.com\/wp-content\/uploads\/2025\/01\/Wholesale-10ml-tube-sprayperfume-bottle-box.jpg","type":"image\/jpeg"}],"twitter_card":"summary_large_image","twitter_misc":{"Dur\u00e9e de lecture estim\u00e9e":"1 minute"},"schema":{"@context":"https:\/\/schema.org","@graph":[{"@type":"WebPage","@id":"https:\/\/glass-perfume-bottles.com\/product\/wholesale-10ml-tube-spray-perfume-bottle-box\/","url":"https:\/\/glass-perfume-bottles.com\/product\/wholesale-10ml-tube-spray-perfume-bottle-box\/","name":"Spray perfume bottle box","isPartOf":{"@id":"https:\/\/glass-perfume-bottles.com\/#website"},"primaryImageOfPage":{"@id":"https:\/\/glass-perfume-bottles.com\/product\/wholesale-10ml-tube-spray-perfume-bottle-box\/#primaryimage"},"image":{"@id":"https:\/\/glass-perfume-bottles.com\/product\/wholesale-10ml-tube-spray-perfume-bottle-box\/#primaryimage"},"thumbnailUrl":"https:\/\/glass-perfume-bottles.com\/wp-content\/uploads\/2025\/01\/Wholesale-10ml-tube-sprayperfume-bottle-box.jpg","datePublished":"2025-01-31T11:37:32+00:00","dateModified":"2025-01-31T11:48:46+00:00","description":"As a Spray perfume bottle box supplier,we produce various of shape box for client,for example :with cover folding\u3001flip\u3001portable shape ect\uff0c","breadcrumb":{"@id":"https:\/\/glass-perfume-bottles.com\/product\/wholesale-10ml-tube-spray-perfume-bottle-box\/#breadcrumb"},"inLanguage":"fr-FR","potentialAction":[{"@type":"ReadAction","target":["https:\/\/glass-perfume-bottles.com\/product\/wholesale-10ml-tube-spray-perfume-bottle-box\/"]}]},{"@type":"ImageObject","inLanguage":"fr-FR","@id":"https:\/\/glass-perfume-bottles.com\/product\/wholesale-10ml-tube-spray-perfume-bottle-box\/#primaryimage","url":"https:\/\/glass-perfume-bottles.com\/wp-content\/uploads\/2025\/01\/Wholesale-10ml-tube-sprayperfume-bottle-box.jpg","contentUrl":"https:\/\/glass-perfume-bottles.com\/wp-content\/uploads\/2025\/01\/Wholesale-10ml-tube-sprayperfume-bottle-box.jpg","width":720,"height":720,"caption":"10ml Tube spray perfume bottle box with different size an material. Like Kraft paper,Paper board, Art paper,Corrugated board,Coated paper, etc and the perfume box print with different technology."},{"@type":"BreadcrumbList","@id":"https:\/\/glass-perfume-bottles.com\/product\/wholesale-10ml-tube-spray-perfume-bottle-box\/#breadcrumb","itemListElement":[{"@type":"ListItem","position":1,"name":"Home","item":"https:\/\/glass-perfume-bottles.com\/"},{"@type":"ListItem","position":2,"name":"Product","item":"https:\/\/glass-perfume-bottles.com\/custom-made-perfume-bottle-suppliers-and-wholesale\/"},{"@type":"ListItem","position":3,"name":"Wholesale 10ml tube spray perfume bottle box"}]},{"@type":"WebSite","@id":"https:\/\/glass-perfume-bottles.com\/#website","url":"https:\/\/glass-perfume-bottles.com\/","name":"HY GLASS","description":"glass perfume bottle manufacturers &amp; suppliers, aroma reed diffuser bottle wholesale &amp; suppliers","publisher":{"@id":"https:\/\/glass-perfume-bottles.com\/#organization"},"potentialAction":[{"@type":"SearchAction","target":{"@type":"EntryPoint","urlTemplate":"https:\/\/glass-perfume-bottles.com\/?s={search_term_string}"},"query-input":{"@type":"PropertyValueSpecification","valueRequired":true,"valueName":"search_term_string"}}],"inLanguage":"fr-FR"},{"@type":"Organization","@id":"https:\/\/glass-perfume-bottles.com\/#organization","name":"HY GLASS","url":"https:\/\/glass-perfume-bottles.com\/","logo":{"@type":"ImageObject","inLanguage":"fr-FR","@id":"https:\/\/glass-perfume-bottles.com\/#\/schema\/logo\/image\/","url":"https:\/\/glass-perfume-bottles.com\/wp-content\/uploads\/2023\/09\/logo21.png","contentUrl":"https:\/\/glass-perfume-bottles.com\/wp-content\/uploads\/2023\/09\/logo21.png","width":342,"height":268,"caption":"HY GLASS"},"image":{"@id":"https:\/\/glass-perfume-bottles.com\/#\/schema\/logo\/image\/"}}]}},"taxonomy_info":{"product_cat":[{"value":54,"label":"Perfume Bottle Packaging"}],"product_tag":[{"value":134,"label":"Custom perfume bottle box"},{"value":138,"label":"Gift paper box"},{"value":140,"label":"Luxury perfume gift box"},{"value":142,"label":"Perfume bottle packing box"},{"value":135,"label":"Wholesale perfume bottle box"}]},"featured_image_src_large":["https:\/\/glass-perfume-bottles.com\/wp-content\/uploads\/2025\/01\/Wholesale-10ml-tube-sprayperfume-bottle-box.jpg",720,720,false],"author_info":[],"comment_info":0,"_links":{"self":[{"href":"https:\/\/glass-perfume-bottles.com\/fr\/wp-json\/wp\/v2\/product\/2262","targetHints":{"allow":["GET"]}}],"collection":[{"href":"https:\/\/glass-perfume-bottles.com\/fr\/wp-json\/wp\/v2\/product"}],"about":[{"href":"https:\/\/glass-perfume-bottles.com\/fr\/wp-json\/wp\/v2\/types\/product"}],"replies":[{"embeddable":true,"href":"https:\/\/glass-perfume-bottles.com\/fr\/wp-json\/wp\/v2\/comments?post=2262"}],"wp:featuredmedia":[{"embeddable":true,"href":"https:\/\/glass-perfume-bottles.com\/fr\/wp-json\/wp\/v2\/media\/2263"}],"wp:attachment":[{"href":"https:\/\/glass-perfume-bottles.com\/fr\/wp-json\/wp\/v2\/media?parent=2262"}],"wp:term":[{"taxonomy":"product_brand","embeddable":true,"href":"https:\/\/glass-perfume-bottles.com\/fr\/wp-json\/wp\/v2\/product_brand?post=2262"},{"taxonomy":"product_cat","embeddable":true,"href":"https:\/\/glass-perfume-bottles.com\/fr\/wp-json\/wp\/v2\/product_cat?post=2262"},{"taxonomy":"product_tag","embeddable":true,"href":"https:\/\/glass-perfume-bottles.com\/fr\/wp-json\/wp\/v2\/product_tag?post=2262"}],"curies":[{"name":"wp","href":"https:\/\/api.w.org\/{rel}","templated":true}]}}