{"id":2341,"date":"2025-02-17T13:36:26","date_gmt":"2025-02-17T13:36:26","guid":{"rendered":"https:\/\/glass-perfume-bottles.com\/?post_type=product&#038;p=2341"},"modified":"2025-02-17T13:52:29","modified_gmt":"2025-02-17T13:52:29","slug":"luxury-aluminum-sprayer-pump-supplier","status":"publish","type":"product","link":"https:\/\/glass-perfume-bottles.com\/fr\/produit\/luxury-aluminum-sprayer-pump-supplier\/","title":{"rendered":"Fournisseur de pompe de pulv\u00e9risation en aluminium de luxe"},"content":{"rendered":"<table>\n<tbody>\n<tr>\n<td width=\"158\">Nom du produit<\/td>\n<td width=\"591\">Fournisseur de pompes de pulv\u00e9risation en aluminium<\/td>\n<\/tr>\n<tr>\n<td width=\"158\">Taille<\/td>\n<td width=\"591\">Embout \u00e0 sertir de 15 mm<\/td>\n<\/tr>\n<tr>\n<td width=\"158\">MOQ5<\/td>\n<td width=\"591\">,000 pi\u00e8ces (car il existe une conception personnalis\u00e9e)<\/td>\n<\/tr>\n<tr>\n<td width=\"158\">Couleur<\/td>\n<td width=\"591\">Or, noir, argent, or rose ou couleur personnalis\u00e9e<\/td>\n<\/tr>\n<tr>\n<td width=\"158\">Usage<\/td>\n<td width=\"591\">Parfum, cosm\u00e9tique, soins du corps, etc.<\/td>\n<\/tr>\n<tr>\n<td width=\"158\">Mat\u00e9riel<\/td>\n<td width=\"591\">PP, aluminium, PEBD, etc.<\/td>\n<\/tr>\n<tr>\n<td width=\"158\">Type de capuchon correspondant<\/td>\n<td width=\"591\">Distributeurs, Pulv\u00e9risateurs, Pompes, Atomiseurs<\/td>\n<\/tr>\n<tr>\n<td width=\"158\">Surface<\/td>\n<td width=\"591\">Peinture, impression, \u00e9tiquetage, d\u00e9calcomanie, marquage \u00e0 chaud, etc.<\/td>\n<\/tr>\n<tr>\n<td width=\"158\">Dosage<\/td>\n<td width=\"591\">0,04 ml\/t, 0,06 ml\/t, 0,12 ml\/t, 0,16 ml\/t, etc.<\/td>\n<\/tr>\n<tr>\n<td width=\"158\">\u00c9chantillon<\/td>\n<td width=\"591\">\u00c9chantillon gratuit, frais de transport n\u00e9cessaires.<\/td>\n<\/tr>\n<tr>\n<td width=\"158\">Transport<\/td>\n<td width=\"591\">FedEx\/DHL\/EMS\/UPS\/TNT\/Par mer\/Par avion, etc.<\/td>\n<\/tr>\n<tr>\n<td width=\"158\">Mode de paiement<\/td>\n<td width=\"591\">Virement bancaire, L\/C, Western Union, Money Gram, Paypal, etc.<\/td>\n<\/tr>\n<tr>\n<td width=\"158\">D\u00e9lai de livraison<\/td>\n<td width=\"591\">\u00c9chantillon 1 \u00e0 2 jours, production de commande 20 \u00e0 45 jours selon les d\u00e9tails de la commande.<\/td>\n<\/tr>\n<tr>\n<td width=\"158\">Service<\/td>\n<td width=\"591\">Service OEM et ODM, service de conception, solution unique<\/td>\n<\/tr>\n<\/tbody>\n<\/table>\n<p>&nbsp;<\/p>\n<p>Les vaporisateurs de parfum de luxe en aluminium sont des outils indispensables pour tous ceux qui aiment se parfumer. Ils permettent une application uniforme et pr\u00e9cise, sans gaspiller vos fragrances pr\u00e9f\u00e9r\u00e9es. Un vaporisateur de parfum est un petit appareil portable qui permet de se parfumer le corps ou les v\u00eatements.<\/p>\n<p>En tant que professionnel\u00a0<a href=\"https:\/\/glass-perfume-bottles.com\/fr\/produit\/15mm-custom-gold-crimp-spray-pump-supplier\/\">pompe de pulv\u00e9risation personnalis\u00e9e<\/a> Usine, nous pouvons produire divers types de pompes de pulv\u00e9risation pour le client, de 13 mm \u00e0 24 mm de taille, diverses pompes de pulv\u00e9risation de taille pour votre contr\u00f4le, le mat\u00e9riau peut utiliser de l&#039;aluminium, du pp, etc., nous pouvons \u00e9galement personnaliser l&#039;or, le noir, le violet, le rouge toutes les couleurs que vous voulez, notre pompe de pulv\u00e9risation de parfum \u00e0 brume fine joue un excellent r\u00f4le en assurant un \u00e9coulement fluide et sans articulation du parfum du flacon.<\/p>\n<p>La qualit\u00e9 de fabrication et l&#039;endurance de l&#039;utilisation du parfum sont fluides. Nous produisons diff\u00e9rents mat\u00e9riaux de pulv\u00e9risation et diff\u00e9rents pulv\u00e9risateurs de formes\/tailles, veuillez nous contacter.<\/p>\n<p>&nbsp;<\/p>","protected":false},"excerpt":{"rendered":"<p><a href=\"https:\/\/glass-perfume-bottles.com\/fr\/produit\/15mm-colored-aluminum-spray-pump-wholesale\/\">Pompe de pulv\u00e9risation de luxe en aluminium<\/a> \u00a0usine, nous pouvons produire divers types de pompes de pulv\u00e9risation pour le client, le mat\u00e9riau peut utiliser de l&#039;aluminium, du pp, etc., nous pouvons \u00e9galement personnaliser l&#039;or, le noir, le violet, le rouge, toutes les couleurs que vous souhaitez,<\/p>","protected":false},"featured_media":2342,"comment_status":"open","ping_status":"closed","template":"","meta":{"_kad_blocks_custom_css":"","_kad_blocks_head_custom_js":"","_kad_blocks_body_custom_js":"","_kad_blocks_footer_custom_js":"","_kad_post_transparent":"default","_kad_post_title":"","_kad_post_layout":"default","_kad_post_sidebar_id":"","_kad_post_content_style":"default","_kad_post_vertical_padding":"default","_kad_post_feature":"","_kad_post_feature_position":"","_kad_post_header":false,"_kad_post_footer":false,"_joinchat":[]},"product_brand":[],"product_cat":[53],"product_tag":[125,60,129,127,148],"class_list":{"0":"post-2341","1":"product","2":"type-product","3":"status-publish","4":"has-post-thumbnail","6":"product_cat-perfume-bottle-sprayer","7":"product_tag-aluminum-crimp-pump-factory","8":"product_tag-bottle-sprayer-manufacturer","9":"product_tag-color-fine-mist-spray-pump-wholesale","10":"product_tag-custom-sprayer-pump","11":"product_tag-wholesale-spray-pump","13":"first","14":"instock","15":"shipping-taxable","16":"product-type-simple","17":"entry","18":"content-bg","19":"loop-entry"},"yoast_head":"<!-- This site is optimized with the Yoast SEO Premium plugin v20.5 (Yoast SEO v24.2) - https:\/\/yoast.com\/wordpress\/plugins\/seo\/ -->\n<title>Aluminum sprayer pump<\/title>\n<meta name=\"description\" content=\"Luxury aluminum sprayer pump factory,our fine mist spray pump carry excellent role ensuring smooth and unhinged flow of perfume from the bottle.\" \/>\n<meta name=\"robots\" content=\"index, follow, max-snippet:-1, max-image-preview:large, max-video-preview:-1\" \/>\n<link rel=\"canonical\" href=\"https:\/\/glass-perfume-bottles.com\/fr\/produkt\/luxury-aluminum-sprayer-pump-supplier\/\" \/>\n<meta property=\"og:locale\" content=\"fr_FR\" \/>\n<meta property=\"og:type\" content=\"article\" \/>\n<meta property=\"og:title\" content=\"Luxury aluminum sprayer pump supplier\" \/>\n<meta property=\"og:description\" content=\"Luxury aluminum sprayer pump factory,our fine mist spray pump carry excellent role ensuring smooth and unhinged flow of perfume from the bottle.\" \/>\n<meta property=\"og:url\" content=\"https:\/\/glass-perfume-bottles.com\/fr\/produkt\/luxury-aluminum-sprayer-pump-supplier\/\" \/>\n<meta property=\"og:site_name\" content=\"HY GLASS\" \/>\n<meta property=\"article:modified_time\" content=\"2025-02-17T13:52:29+00:00\" \/>\n<meta property=\"og:image\" content=\"https:\/\/glass-perfume-bottles.com\/wp-content\/uploads\/2025\/02\/Aluminum-spray-pump.jpg\" \/>\n\t<meta property=\"og:image:width\" content=\"720\" \/>\n\t<meta property=\"og:image:height\" content=\"720\" \/>\n\t<meta property=\"og:image:type\" content=\"image\/jpeg\" \/>\n<meta name=\"twitter:card\" content=\"summary_large_image\" \/>\n<meta name=\"twitter:label1\" content=\"Dur\u00e9e de lecture estim\u00e9e\" \/>\n\t<meta name=\"twitter:data1\" content=\"2 minutes\" \/>\n<script type=\"application\/ld+json\" class=\"yoast-schema-graph\">{\"@context\":\"https:\/\/schema.org\",\"@graph\":[{\"@type\":\"WebPage\",\"@id\":\"https:\/\/glass-perfume-bottles.com\/de\/produkt\/luxury-aluminum-sprayer-pump-supplier\/\",\"url\":\"https:\/\/glass-perfume-bottles.com\/de\/produkt\/luxury-aluminum-sprayer-pump-supplier\/\",\"name\":\"Aluminum sprayer pump\",\"isPartOf\":{\"@id\":\"https:\/\/glass-perfume-bottles.com\/#website\"},\"primaryImageOfPage\":{\"@id\":\"https:\/\/glass-perfume-bottles.com\/de\/produkt\/luxury-aluminum-sprayer-pump-supplier\/#primaryimage\"},\"image\":{\"@id\":\"https:\/\/glass-perfume-bottles.com\/de\/produkt\/luxury-aluminum-sprayer-pump-supplier\/#primaryimage\"},\"thumbnailUrl\":\"https:\/\/glass-perfume-bottles.com\/wp-content\/uploads\/2025\/02\/Aluminum-spray-pump.jpg\",\"datePublished\":\"2025-02-17T13:36:26+00:00\",\"dateModified\":\"2025-02-17T13:52:29+00:00\",\"description\":\"Luxury aluminum sprayer pump factory,our fine mist spray pump carry excellent role ensuring smooth and unhinged flow of perfume from the bottle.\",\"breadcrumb\":{\"@id\":\"https:\/\/glass-perfume-bottles.com\/de\/produkt\/luxury-aluminum-sprayer-pump-supplier\/#breadcrumb\"},\"inLanguage\":\"fr-FR\",\"potentialAction\":[{\"@type\":\"ReadAction\",\"target\":[\"https:\/\/glass-perfume-bottles.com\/de\/produkt\/luxury-aluminum-sprayer-pump-supplier\/\"]}]},{\"@type\":\"ImageObject\",\"inLanguage\":\"fr-FR\",\"@id\":\"https:\/\/glass-perfume-bottles.com\/de\/produkt\/luxury-aluminum-sprayer-pump-supplier\/#primaryimage\",\"url\":\"https:\/\/glass-perfume-bottles.com\/wp-content\/uploads\/2025\/02\/Aluminum-spray-pump.jpg\",\"contentUrl\":\"https:\/\/glass-perfume-bottles.com\/wp-content\/uploads\/2025\/02\/Aluminum-spray-pump.jpg\",\"width\":720,\"height\":720,\"caption\":\"Luxury crimp aluminum spray pump factory,our fine mist spray pump carry excellent role ensuring smooth and unhinged flow of perfume from the bottle.\"},{\"@type\":\"BreadcrumbList\",\"@id\":\"https:\/\/glass-perfume-bottles.com\/de\/produkt\/luxury-aluminum-sprayer-pump-supplier\/#breadcrumb\",\"itemListElement\":[{\"@type\":\"ListItem\",\"position\":1,\"name\":\"Home\",\"item\":\"https:\/\/glass-perfume-bottles.com\/\"},{\"@type\":\"ListItem\",\"position\":2,\"name\":\"Product\",\"item\":\"https:\/\/glass-perfume-bottles.com\/custom-made-perfume-bottle-suppliers-and-wholesale\/\"},{\"@type\":\"ListItem\",\"position\":3,\"name\":\"Luxury aluminum sprayer pump supplier\"}]},{\"@type\":\"WebSite\",\"@id\":\"https:\/\/glass-perfume-bottles.com\/#website\",\"url\":\"https:\/\/glass-perfume-bottles.com\/\",\"name\":\"HY GLASS\",\"description\":\"glass perfume bottle manufacturers &amp; suppliers, aroma reed diffuser bottle wholesale &amp; suppliers\",\"publisher\":{\"@id\":\"https:\/\/glass-perfume-bottles.com\/#organization\"},\"potentialAction\":[{\"@type\":\"SearchAction\",\"target\":{\"@type\":\"EntryPoint\",\"urlTemplate\":\"https:\/\/glass-perfume-bottles.com\/?s={search_term_string}\"},\"query-input\":{\"@type\":\"PropertyValueSpecification\",\"valueRequired\":true,\"valueName\":\"search_term_string\"}}],\"inLanguage\":\"fr-FR\"},{\"@type\":\"Organization\",\"@id\":\"https:\/\/glass-perfume-bottles.com\/#organization\",\"name\":\"HY GLASS\",\"url\":\"https:\/\/glass-perfume-bottles.com\/\",\"logo\":{\"@type\":\"ImageObject\",\"inLanguage\":\"fr-FR\",\"@id\":\"https:\/\/glass-perfume-bottles.com\/#\/schema\/logo\/image\/\",\"url\":\"https:\/\/glass-perfume-bottles.com\/wp-content\/uploads\/2023\/09\/logo21.png\",\"contentUrl\":\"https:\/\/glass-perfume-bottles.com\/wp-content\/uploads\/2023\/09\/logo21.png\",\"width\":342,\"height\":268,\"caption\":\"HY GLASS\"},\"image\":{\"@id\":\"https:\/\/glass-perfume-bottles.com\/#\/schema\/logo\/image\/\"}}]}<\/script>\n<!-- \/ Yoast SEO Premium plugin. -->","yoast_head_json":{"title":"Aluminum sprayer pump","description":"Luxury aluminum sprayer pump factory,our fine mist spray pump carry excellent role ensuring smooth and unhinged flow of perfume from the bottle.","robots":{"index":"index","follow":"follow","max-snippet":"max-snippet:-1","max-image-preview":"max-image-preview:large","max-video-preview":"max-video-preview:-1"},"canonical":"https:\/\/glass-perfume-bottles.com\/fr\/produkt\/luxury-aluminum-sprayer-pump-supplier\/","og_locale":"fr_FR","og_type":"article","og_title":"Luxury aluminum sprayer pump supplier","og_description":"Luxury aluminum sprayer pump factory,our fine mist spray pump carry excellent role ensuring smooth and unhinged flow of perfume from the bottle.","og_url":"https:\/\/glass-perfume-bottles.com\/fr\/produkt\/luxury-aluminum-sprayer-pump-supplier\/","og_site_name":"HY GLASS","article_modified_time":"2025-02-17T13:52:29+00:00","og_image":[{"width":720,"height":720,"url":"https:\/\/glass-perfume-bottles.com\/wp-content\/uploads\/2025\/02\/Aluminum-spray-pump.jpg","type":"image\/jpeg"}],"twitter_card":"summary_large_image","twitter_misc":{"Dur\u00e9e de lecture estim\u00e9e":"2 minutes"},"schema":{"@context":"https:\/\/schema.org","@graph":[{"@type":"WebPage","@id":"https:\/\/glass-perfume-bottles.com\/de\/produkt\/luxury-aluminum-sprayer-pump-supplier\/","url":"https:\/\/glass-perfume-bottles.com\/de\/produkt\/luxury-aluminum-sprayer-pump-supplier\/","name":"Aluminum sprayer pump","isPartOf":{"@id":"https:\/\/glass-perfume-bottles.com\/#website"},"primaryImageOfPage":{"@id":"https:\/\/glass-perfume-bottles.com\/de\/produkt\/luxury-aluminum-sprayer-pump-supplier\/#primaryimage"},"image":{"@id":"https:\/\/glass-perfume-bottles.com\/de\/produkt\/luxury-aluminum-sprayer-pump-supplier\/#primaryimage"},"thumbnailUrl":"https:\/\/glass-perfume-bottles.com\/wp-content\/uploads\/2025\/02\/Aluminum-spray-pump.jpg","datePublished":"2025-02-17T13:36:26+00:00","dateModified":"2025-02-17T13:52:29+00:00","description":"Luxury aluminum sprayer pump factory,our fine mist spray pump carry excellent role ensuring smooth and unhinged flow of perfume from the bottle.","breadcrumb":{"@id":"https:\/\/glass-perfume-bottles.com\/de\/produkt\/luxury-aluminum-sprayer-pump-supplier\/#breadcrumb"},"inLanguage":"fr-FR","potentialAction":[{"@type":"ReadAction","target":["https:\/\/glass-perfume-bottles.com\/de\/produkt\/luxury-aluminum-sprayer-pump-supplier\/"]}]},{"@type":"ImageObject","inLanguage":"fr-FR","@id":"https:\/\/glass-perfume-bottles.com\/de\/produkt\/luxury-aluminum-sprayer-pump-supplier\/#primaryimage","url":"https:\/\/glass-perfume-bottles.com\/wp-content\/uploads\/2025\/02\/Aluminum-spray-pump.jpg","contentUrl":"https:\/\/glass-perfume-bottles.com\/wp-content\/uploads\/2025\/02\/Aluminum-spray-pump.jpg","width":720,"height":720,"caption":"Luxury crimp aluminum spray pump factory,our fine mist spray pump carry excellent role ensuring smooth and unhinged flow of perfume from the bottle."},{"@type":"BreadcrumbList","@id":"https:\/\/glass-perfume-bottles.com\/de\/produkt\/luxury-aluminum-sprayer-pump-supplier\/#breadcrumb","itemListElement":[{"@type":"ListItem","position":1,"name":"Home","item":"https:\/\/glass-perfume-bottles.com\/"},{"@type":"ListItem","position":2,"name":"Product","item":"https:\/\/glass-perfume-bottles.com\/custom-made-perfume-bottle-suppliers-and-wholesale\/"},{"@type":"ListItem","position":3,"name":"Luxury aluminum sprayer pump supplier"}]},{"@type":"WebSite","@id":"https:\/\/glass-perfume-bottles.com\/#website","url":"https:\/\/glass-perfume-bottles.com\/","name":"HY GLASS","description":"glass perfume bottle manufacturers &amp; suppliers, aroma reed diffuser bottle wholesale &amp; suppliers","publisher":{"@id":"https:\/\/glass-perfume-bottles.com\/#organization"},"potentialAction":[{"@type":"SearchAction","target":{"@type":"EntryPoint","urlTemplate":"https:\/\/glass-perfume-bottles.com\/?s={search_term_string}"},"query-input":{"@type":"PropertyValueSpecification","valueRequired":true,"valueName":"search_term_string"}}],"inLanguage":"fr-FR"},{"@type":"Organization","@id":"https:\/\/glass-perfume-bottles.com\/#organization","name":"HY GLASS","url":"https:\/\/glass-perfume-bottles.com\/","logo":{"@type":"ImageObject","inLanguage":"fr-FR","@id":"https:\/\/glass-perfume-bottles.com\/#\/schema\/logo\/image\/","url":"https:\/\/glass-perfume-bottles.com\/wp-content\/uploads\/2023\/09\/logo21.png","contentUrl":"https:\/\/glass-perfume-bottles.com\/wp-content\/uploads\/2023\/09\/logo21.png","width":342,"height":268,"caption":"HY GLASS"},"image":{"@id":"https:\/\/glass-perfume-bottles.com\/#\/schema\/logo\/image\/"}}]}},"taxonomy_info":{"product_cat":[{"value":53,"label":"Perfume Bottle Sprayer"}],"product_tag":[{"value":125,"label":"Aluminum Crimp Pump Factory"},{"value":60,"label":"bottle sprayer manufacturer"},{"value":129,"label":"Color fine mist spray pump wholesale"},{"value":127,"label":"Custom sprayer pump"},{"value":148,"label":"Wholesale spray pump"}]},"featured_image_src_large":["https:\/\/glass-perfume-bottles.com\/wp-content\/uploads\/2025\/02\/Aluminum-spray-pump.jpg",720,720,false],"author_info":[],"comment_info":0,"_links":{"self":[{"href":"https:\/\/glass-perfume-bottles.com\/fr\/wp-json\/wp\/v2\/product\/2341","targetHints":{"allow":["GET"]}}],"collection":[{"href":"https:\/\/glass-perfume-bottles.com\/fr\/wp-json\/wp\/v2\/product"}],"about":[{"href":"https:\/\/glass-perfume-bottles.com\/fr\/wp-json\/wp\/v2\/types\/product"}],"replies":[{"embeddable":true,"href":"https:\/\/glass-perfume-bottles.com\/fr\/wp-json\/wp\/v2\/comments?post=2341"}],"wp:featuredmedia":[{"embeddable":true,"href":"https:\/\/glass-perfume-bottles.com\/fr\/wp-json\/wp\/v2\/media\/2342"}],"wp:attachment":[{"href":"https:\/\/glass-perfume-bottles.com\/fr\/wp-json\/wp\/v2\/media?parent=2341"}],"wp:term":[{"taxonomy":"product_brand","embeddable":true,"href":"https:\/\/glass-perfume-bottles.com\/fr\/wp-json\/wp\/v2\/product_brand?post=2341"},{"taxonomy":"product_cat","embeddable":true,"href":"https:\/\/glass-perfume-bottles.com\/fr\/wp-json\/wp\/v2\/product_cat?post=2341"},{"taxonomy":"product_tag","embeddable":true,"href":"https:\/\/glass-perfume-bottles.com\/fr\/wp-json\/wp\/v2\/product_tag?post=2341"}],"curies":[{"name":"wp","href":"https:\/\/api.w.org\/{rel}","templated":true}]}}