{"id":2418,"date":"2025-03-12T15:39:20","date_gmt":"2025-03-12T15:39:20","guid":{"rendered":"https:\/\/glass-perfume-bottles.com\/?post_type=product&#038;p=2418"},"modified":"2025-03-13T09:28:10","modified_gmt":"2025-03-13T09:28:10","slug":"luxury-200ml-colored-cylinder-aroma-diffuser-bottle-factory","status":"publish","type":"product","link":"https:\/\/glass-perfume-bottles.com\/fr\/produit\/luxury-200ml-colored-cylinder-aroma-diffuser-bottle-factory\/","title":{"rendered":"Bouteille de diffuseur d&#039;ar\u00f4me cylindrique color\u00e9e de luxe de 200 ml fabriqu\u00e9e en usine"},"content":{"rendered":"<table>\n<tbody>\n<tr>\n<td width=\"158\">Nom du produit<\/td>\n<td width=\"591\">Bouteille diffuseur d&#039;ar\u00f4mes cylindrique color\u00e9e<\/td>\n<\/tr>\n<tr>\n<td width=\"158\">Capacit\u00e9<\/td>\n<td width=\"591\">200 ml (autre taille disponible)<\/td>\n<\/tr>\n<tr>\n<td width=\"158\">Taille<\/td>\n<td width=\"591\">80x95mm<\/td>\n<\/tr>\n<tr>\n<td width=\"158\">Poids<\/td>\n<td width=\"591\">250g<\/td>\n<\/tr>\n<tr>\n<td width=\"158\">Mat\u00e9riel<\/td>\n<td width=\"591\">Verre blanc haut<\/td>\n<\/tr>\n<tr>\n<td width=\"158\">Couleur du corps<\/td>\n<td width=\"591\">Rouge, noir, bleu, givr\u00e9, vert, rose ou couleur personnalis\u00e9e ou couleur personnalis\u00e9e<\/td>\n<\/tr>\n<tr>\n<td width=\"158\">Manutention de surface<\/td>\n<td width=\"591\">\n<ol>\n<li>Impression s\u00e9rigraphique<\/li>\n<li>Marquage \u00e0 chaud<\/li>\n<li>\u00a0Rev\u00eatement UV<\/li>\n<li>Givr\u00e9<\/li>\n<li>\u00a0D\u00e9calque<\/li>\n<li>\u00a0Flocage<\/li>\n<li>\u00c9tiquetage<\/li>\n<li>Peinture couleur ou personnalis\u00e9e selon vos besoins<\/li>\n<\/ol>\n<\/td>\n<\/tr>\n<tr>\n<td width=\"158\">Usage<\/td>\n<td width=\"591\">\u00a0Emballage d&#039;huile d&#039;aromath\u00e9rapie\/huile essentielle\/d\u00e9odorant\/d\u00e9sodorisant, etc.<\/td>\n<\/tr>\n<tr>\n<td width=\"158\">Emballage<\/td>\n<td width=\"591\">Carton d&#039;exportation puis palette en contreplaqu\u00e9,<\/td>\n<\/tr>\n<tr>\n<td width=\"158\">Quantit\u00e9 minimale de commande<\/td>\n<td width=\"591\">2 000 pi\u00e8ces (car il existe une conception personnalis\u00e9e)<\/td>\n<\/tr>\n<tr>\n<td width=\"158\">\u00c9chantillon<\/td>\n<td width=\"591\">\u00c9chantillon gratuit, frais de transport n\u00e9cessaires.<\/td>\n<\/tr>\n<tr>\n<td width=\"158\">Transport<\/td>\n<td width=\"591\">FedEx\/DHL\/EMS\/UPS\/TNT\/Par mer\/Par avion, etc.<\/td>\n<\/tr>\n<tr>\n<td width=\"158\">Mode de paiement<\/td>\n<td width=\"591\">Virement bancaire, L\/C, Western Union, Money Gram, Paypal, etc.<\/td>\n<\/tr>\n<tr>\n<td width=\"158\">D\u00e9lai de livraison<\/td>\n<td width=\"591\">\u00c9chantillon 1 \u00e0 2 jours, production de commande 20 \u00e0 45 jours selon les d\u00e9tails de la commande.<\/td>\n<\/tr>\n<tr>\n<td width=\"158\">Service<\/td>\n<td width=\"591\">Service OEM et ODM, service de conception, solution unique<\/td>\n<\/tr>\n<\/tbody>\n<\/table>\n<p>&nbsp;<\/p>\n<p>Cylindre color\u00e9 de luxe de 200 ml<a href=\"https:\/\/www.hyglassbottles.com\/product\/Custom-100ml-inverted-cone-glass-reed-diffuser-bottle-supplier.html\"> flacon diffuseur d&#039;ar\u00f4mes<\/a>\u00a0fabriqu\u00e9 en verre blanc de haute qualit\u00e9, de haute qualit\u00e9 et de transparence, de forme cylindrique unique et de plusieurs couleurs, accepte la personnalisation <a href=\"https:\/\/glass-perfume-bottles.com\/fr\/produit\/100ml-colored-aroma-reed-diffuser-bottle-with-cork\/\">Bouteille de diffuseur d&#039;ar\u00f4mes \u00e0 roseaux<\/a>\u00a0 Rev\u00eatement, givr\u00e9, rev\u00eatement en marbre, flocage, etc. Nous pouvons \u00e9galement fournir diff\u00e9rents emballages de bouteilles en verre tels que des bo\u00eetes de diff\u00e9rentes tailles et mat\u00e9riaux. Comme le papier kraft, le carton, le papier d&#039;art, le carton ondul\u00e9, le papier couch\u00e9, etc. et l&#039;impression de la bo\u00eete de parfum avec diff\u00e9rentes technologies.<\/p>\n<p>Bienvenue, envoyez-nous une demande, nous avons une ligne de production professionnelle et une \u00e9quipe de conception, nous pouvons fournir un service de premier ordre et un produit stable pour le client, attendez-vous.<\/p>","protected":false},"excerpt":{"rendered":"<p>Cylindre color\u00e9 de luxe de 200 ml<a href=\"https:\/\/www.hyglassbottles.com\/product\/Custom-100ml-inverted-cone-glass-reed-diffuser-bottle-supplier.html\"> flacon diffuseur d&#039;ar\u00f4mes<\/a> Fabriqu\u00e9 en verre blanc de haute qualit\u00e9, de haute qualit\u00e9 et de transparence, avec un fond \u00e9pais particuli\u00e8rement beau et un design cylindrique. Mettez en valeur un style unique, diverses capacit\u00e9s au choix, acceptez les couleurs et le logo personnalis\u00e9s sur la bouteille, envoyez-nous votre id\u00e9e, nous le ferons.<span style=\"font-family: var(--global-body-font-family);\">transformez vos id\u00e9es en r\u00e9alit\u00e9<\/span><\/p>\n<div class=\"trans-voice-container\">\n<div class=\"voicePlayer hover-with-background\" data-v-a0732b1e=\"\"><\/div>\n<\/div>","protected":false},"featured_media":2420,"comment_status":"open","ping_status":"closed","template":"","meta":{"_kad_blocks_custom_css":"","_kad_blocks_head_custom_js":"","_kad_blocks_body_custom_js":"","_kad_blocks_footer_custom_js":"","_kad_post_transparent":"default","_kad_post_title":"","_kad_post_layout":"default","_kad_post_sidebar_id":"","_kad_post_content_style":"default","_kad_post_vertical_padding":"default","_kad_post_feature":"","_kad_post_feature_position":"","_kad_post_header":false,"_kad_post_footer":false,"_joinchat":{"telephone":"+8613813299086"}},"product_brand":[],"product_cat":[71],"product_tag":[111,102,75,106,105],"class_list":{"0":"post-2418","1":"product","2":"type-product","3":"status-publish","4":"has-post-thumbnail","6":"product_cat-glass-aroma-reed-diffuser-bottle-1","7":"product_tag-cylinder-aroma-diffuser-bottle","8":"product_tag-home-fragrance-oil-bottle-supplier","9":"product_tag-reed-diffuser-bottle-manufacturer","10":"product_tag-scent-aroma-bottle-manufacturer","11":"product_tag-wholesale-reed-diffuser-bottle","13":"first","14":"instock","15":"shipping-taxable","16":"product-type-simple","17":"entry","18":"content-bg","19":"loop-entry"},"yoast_head":"<!-- This site is optimized with the Yoast SEO Premium plugin v20.5 (Yoast SEO v24.2) - https:\/\/yoast.com\/wordpress\/plugins\/seo\/ -->\n<title>Colored cylinder aroma diffuser bottle<\/title>\n<meta name=\"description\" content=\"200ml colored cylinder aroma diffuser bottle,accpet custom colors and logo on ottle\uff0csend us your idea\uff0cwe will turn your ideas into reality.\" \/>\n<meta name=\"robots\" content=\"index, follow, max-snippet:-1, max-image-preview:large, max-video-preview:-1\" \/>\n<link rel=\"canonical\" href=\"https:\/\/glass-perfume-bottles.com\/fr\/produit\/luxury-200ml-colored-cylinder-aroma-diffuser-bottle-factory\/\" \/>\n<meta property=\"og:locale\" content=\"fr_FR\" \/>\n<meta property=\"og:type\" content=\"article\" \/>\n<meta property=\"og:title\" content=\"Luxury 200ml colored cylinder aroma diffuser bottle factory\" \/>\n<meta property=\"og:description\" content=\"200ml colored cylinder aroma diffuser bottle,accpet custom colors and logo on ottle\uff0csend us your idea\uff0cwe will turn your ideas into reality.\" \/>\n<meta property=\"og:url\" content=\"https:\/\/glass-perfume-bottles.com\/fr\/produit\/luxury-200ml-colored-cylinder-aroma-diffuser-bottle-factory\/\" \/>\n<meta property=\"og:site_name\" content=\"HY GLASS\" \/>\n<meta property=\"article:modified_time\" content=\"2025-03-13T09:28:10+00:00\" \/>\n<meta property=\"og:image\" content=\"https:\/\/glass-perfume-bottles.com\/wp-content\/uploads\/2025\/03\/Luxury-200ml-colored-aroma-diffuser-bottle-factory.jpg\" \/>\n\t<meta property=\"og:image:width\" content=\"720\" \/>\n\t<meta property=\"og:image:height\" content=\"720\" \/>\n\t<meta property=\"og:image:type\" content=\"image\/jpeg\" \/>\n<meta name=\"twitter:card\" content=\"summary_large_image\" \/>\n<meta name=\"twitter:label1\" content=\"Dur\u00e9e de lecture estim\u00e9e\" \/>\n\t<meta name=\"twitter:data1\" content=\"2 minutes\" \/>\n<script type=\"application\/ld+json\" class=\"yoast-schema-graph\">{\"@context\":\"https:\/\/schema.org\",\"@graph\":[{\"@type\":\"WebPage\",\"@id\":\"https:\/\/glass-perfume-bottles.com\/product\/luxury-200ml-colored-cylinder-aroma-diffuser-bottle-factory\/\",\"url\":\"https:\/\/glass-perfume-bottles.com\/product\/luxury-200ml-colored-cylinder-aroma-diffuser-bottle-factory\/\",\"name\":\"Colored cylinder aroma diffuser bottle\",\"isPartOf\":{\"@id\":\"https:\/\/glass-perfume-bottles.com\/#website\"},\"primaryImageOfPage\":{\"@id\":\"https:\/\/glass-perfume-bottles.com\/product\/luxury-200ml-colored-cylinder-aroma-diffuser-bottle-factory\/#primaryimage\"},\"image\":{\"@id\":\"https:\/\/glass-perfume-bottles.com\/product\/luxury-200ml-colored-cylinder-aroma-diffuser-bottle-factory\/#primaryimage\"},\"thumbnailUrl\":\"https:\/\/glass-perfume-bottles.com\/wp-content\/uploads\/2025\/03\/Luxury-200ml-colored-aroma-diffuser-bottle-factory.jpg\",\"datePublished\":\"2025-03-12T15:39:20+00:00\",\"dateModified\":\"2025-03-13T09:28:10+00:00\",\"description\":\"200ml colored cylinder aroma diffuser bottle,accpet custom colors and logo on ottle\uff0csend us your idea\uff0cwe will turn your ideas into reality.\",\"breadcrumb\":{\"@id\":\"https:\/\/glass-perfume-bottles.com\/product\/luxury-200ml-colored-cylinder-aroma-diffuser-bottle-factory\/#breadcrumb\"},\"inLanguage\":\"fr-FR\",\"potentialAction\":[{\"@type\":\"ReadAction\",\"target\":[\"https:\/\/glass-perfume-bottles.com\/product\/luxury-200ml-colored-cylinder-aroma-diffuser-bottle-factory\/\"]}]},{\"@type\":\"ImageObject\",\"inLanguage\":\"fr-FR\",\"@id\":\"https:\/\/glass-perfume-bottles.com\/product\/luxury-200ml-colored-cylinder-aroma-diffuser-bottle-factory\/#primaryimage\",\"url\":\"https:\/\/glass-perfume-bottles.com\/wp-content\/uploads\/2025\/03\/Luxury-200ml-colored-aroma-diffuser-bottle-factory.jpg\",\"contentUrl\":\"https:\/\/glass-perfume-bottles.com\/wp-content\/uploads\/2025\/03\/Luxury-200ml-colored-aroma-diffuser-bottle-factory.jpg\",\"width\":720,\"height\":720,\"caption\":\"Luxury 200ml colored cylinder aroma diffuser bottle\u00a0made of high white glass material\uff0cwhich have high quality and transparency ,unique cylinder shape and multi colors,\"},{\"@type\":\"BreadcrumbList\",\"@id\":\"https:\/\/glass-perfume-bottles.com\/product\/luxury-200ml-colored-cylinder-aroma-diffuser-bottle-factory\/#breadcrumb\",\"itemListElement\":[{\"@type\":\"ListItem\",\"position\":1,\"name\":\"Home\",\"item\":\"https:\/\/glass-perfume-bottles.com\/\"},{\"@type\":\"ListItem\",\"position\":2,\"name\":\"Product\",\"item\":\"https:\/\/glass-perfume-bottles.com\/custom-made-perfume-bottle-suppliers-and-wholesale\/\"},{\"@type\":\"ListItem\",\"position\":3,\"name\":\"Luxury 200ml colored cylinder aroma diffuser bottle factory\"}]},{\"@type\":\"WebSite\",\"@id\":\"https:\/\/glass-perfume-bottles.com\/#website\",\"url\":\"https:\/\/glass-perfume-bottles.com\/\",\"name\":\"HY GLASS\",\"description\":\"glass perfume bottle manufacturers &amp; suppliers, aroma reed diffuser bottle wholesale &amp; suppliers\",\"publisher\":{\"@id\":\"https:\/\/glass-perfume-bottles.com\/#organization\"},\"potentialAction\":[{\"@type\":\"SearchAction\",\"target\":{\"@type\":\"EntryPoint\",\"urlTemplate\":\"https:\/\/glass-perfume-bottles.com\/?s={search_term_string}\"},\"query-input\":{\"@type\":\"PropertyValueSpecification\",\"valueRequired\":true,\"valueName\":\"search_term_string\"}}],\"inLanguage\":\"fr-FR\"},{\"@type\":\"Organization\",\"@id\":\"https:\/\/glass-perfume-bottles.com\/#organization\",\"name\":\"HY GLASS\",\"url\":\"https:\/\/glass-perfume-bottles.com\/\",\"logo\":{\"@type\":\"ImageObject\",\"inLanguage\":\"fr-FR\",\"@id\":\"https:\/\/glass-perfume-bottles.com\/#\/schema\/logo\/image\/\",\"url\":\"https:\/\/glass-perfume-bottles.com\/wp-content\/uploads\/2023\/09\/logo21.png\",\"contentUrl\":\"https:\/\/glass-perfume-bottles.com\/wp-content\/uploads\/2023\/09\/logo21.png\",\"width\":342,\"height\":268,\"caption\":\"HY GLASS\"},\"image\":{\"@id\":\"https:\/\/glass-perfume-bottles.com\/#\/schema\/logo\/image\/\"}}]}<\/script>\n<!-- \/ Yoast SEO Premium plugin. -->","yoast_head_json":{"title":"Colored cylinder aroma diffuser bottle","description":"200ml colored cylinder aroma diffuser bottle,accpet custom colors and logo on ottle\uff0csend us your idea\uff0cwe will turn your ideas into reality.","robots":{"index":"index","follow":"follow","max-snippet":"max-snippet:-1","max-image-preview":"max-image-preview:large","max-video-preview":"max-video-preview:-1"},"canonical":"https:\/\/glass-perfume-bottles.com\/fr\/produit\/luxury-200ml-colored-cylinder-aroma-diffuser-bottle-factory\/","og_locale":"fr_FR","og_type":"article","og_title":"Luxury 200ml colored cylinder aroma diffuser bottle factory","og_description":"200ml colored cylinder aroma diffuser bottle,accpet custom colors and logo on ottle\uff0csend us your idea\uff0cwe will turn your ideas into reality.","og_url":"https:\/\/glass-perfume-bottles.com\/fr\/produit\/luxury-200ml-colored-cylinder-aroma-diffuser-bottle-factory\/","og_site_name":"HY GLASS","article_modified_time":"2025-03-13T09:28:10+00:00","og_image":[{"width":720,"height":720,"url":"https:\/\/glass-perfume-bottles.com\/wp-content\/uploads\/2025\/03\/Luxury-200ml-colored-aroma-diffuser-bottle-factory.jpg","type":"image\/jpeg"}],"twitter_card":"summary_large_image","twitter_misc":{"Dur\u00e9e de lecture estim\u00e9e":"2 minutes"},"schema":{"@context":"https:\/\/schema.org","@graph":[{"@type":"WebPage","@id":"https:\/\/glass-perfume-bottles.com\/product\/luxury-200ml-colored-cylinder-aroma-diffuser-bottle-factory\/","url":"https:\/\/glass-perfume-bottles.com\/product\/luxury-200ml-colored-cylinder-aroma-diffuser-bottle-factory\/","name":"Colored cylinder aroma diffuser bottle","isPartOf":{"@id":"https:\/\/glass-perfume-bottles.com\/#website"},"primaryImageOfPage":{"@id":"https:\/\/glass-perfume-bottles.com\/product\/luxury-200ml-colored-cylinder-aroma-diffuser-bottle-factory\/#primaryimage"},"image":{"@id":"https:\/\/glass-perfume-bottles.com\/product\/luxury-200ml-colored-cylinder-aroma-diffuser-bottle-factory\/#primaryimage"},"thumbnailUrl":"https:\/\/glass-perfume-bottles.com\/wp-content\/uploads\/2025\/03\/Luxury-200ml-colored-aroma-diffuser-bottle-factory.jpg","datePublished":"2025-03-12T15:39:20+00:00","dateModified":"2025-03-13T09:28:10+00:00","description":"200ml colored cylinder aroma diffuser bottle,accpet custom colors and logo on ottle\uff0csend us your idea\uff0cwe will turn your ideas into reality.","breadcrumb":{"@id":"https:\/\/glass-perfume-bottles.com\/product\/luxury-200ml-colored-cylinder-aroma-diffuser-bottle-factory\/#breadcrumb"},"inLanguage":"fr-FR","potentialAction":[{"@type":"ReadAction","target":["https:\/\/glass-perfume-bottles.com\/product\/luxury-200ml-colored-cylinder-aroma-diffuser-bottle-factory\/"]}]},{"@type":"ImageObject","inLanguage":"fr-FR","@id":"https:\/\/glass-perfume-bottles.com\/product\/luxury-200ml-colored-cylinder-aroma-diffuser-bottle-factory\/#primaryimage","url":"https:\/\/glass-perfume-bottles.com\/wp-content\/uploads\/2025\/03\/Luxury-200ml-colored-aroma-diffuser-bottle-factory.jpg","contentUrl":"https:\/\/glass-perfume-bottles.com\/wp-content\/uploads\/2025\/03\/Luxury-200ml-colored-aroma-diffuser-bottle-factory.jpg","width":720,"height":720,"caption":"Luxury 200ml colored cylinder aroma diffuser bottle\u00a0made of high white glass material\uff0cwhich have high quality and transparency ,unique cylinder shape and multi colors,"},{"@type":"BreadcrumbList","@id":"https:\/\/glass-perfume-bottles.com\/product\/luxury-200ml-colored-cylinder-aroma-diffuser-bottle-factory\/#breadcrumb","itemListElement":[{"@type":"ListItem","position":1,"name":"Home","item":"https:\/\/glass-perfume-bottles.com\/"},{"@type":"ListItem","position":2,"name":"Product","item":"https:\/\/glass-perfume-bottles.com\/custom-made-perfume-bottle-suppliers-and-wholesale\/"},{"@type":"ListItem","position":3,"name":"Luxury 200ml colored cylinder aroma diffuser bottle factory"}]},{"@type":"WebSite","@id":"https:\/\/glass-perfume-bottles.com\/#website","url":"https:\/\/glass-perfume-bottles.com\/","name":"HY GLASS","description":"glass perfume bottle manufacturers &amp; suppliers, aroma reed diffuser bottle wholesale &amp; suppliers","publisher":{"@id":"https:\/\/glass-perfume-bottles.com\/#organization"},"potentialAction":[{"@type":"SearchAction","target":{"@type":"EntryPoint","urlTemplate":"https:\/\/glass-perfume-bottles.com\/?s={search_term_string}"},"query-input":{"@type":"PropertyValueSpecification","valueRequired":true,"valueName":"search_term_string"}}],"inLanguage":"fr-FR"},{"@type":"Organization","@id":"https:\/\/glass-perfume-bottles.com\/#organization","name":"HY GLASS","url":"https:\/\/glass-perfume-bottles.com\/","logo":{"@type":"ImageObject","inLanguage":"fr-FR","@id":"https:\/\/glass-perfume-bottles.com\/#\/schema\/logo\/image\/","url":"https:\/\/glass-perfume-bottles.com\/wp-content\/uploads\/2023\/09\/logo21.png","contentUrl":"https:\/\/glass-perfume-bottles.com\/wp-content\/uploads\/2023\/09\/logo21.png","width":342,"height":268,"caption":"HY GLASS"},"image":{"@id":"https:\/\/glass-perfume-bottles.com\/#\/schema\/logo\/image\/"}}]}},"taxonomy_info":{"product_cat":[{"value":71,"label":"Glass Aroma Reed Diffuser Bottle"}],"product_tag":[{"value":111,"label":"Cylinder aroma diffuser bottle"},{"value":102,"label":"Home fragrance oil bottle supplier"},{"value":75,"label":"Reed diffuser bottle manufacturer"},{"value":106,"label":"Scent aroma bottle manufacturer"},{"value":105,"label":"Wholesale reed diffuser bottle"}]},"featured_image_src_large":["https:\/\/glass-perfume-bottles.com\/wp-content\/uploads\/2025\/03\/Luxury-200ml-colored-aroma-diffuser-bottle-factory.jpg",720,720,false],"author_info":[],"comment_info":0,"_links":{"self":[{"href":"https:\/\/glass-perfume-bottles.com\/fr\/wp-json\/wp\/v2\/product\/2418","targetHints":{"allow":["GET"]}}],"collection":[{"href":"https:\/\/glass-perfume-bottles.com\/fr\/wp-json\/wp\/v2\/product"}],"about":[{"href":"https:\/\/glass-perfume-bottles.com\/fr\/wp-json\/wp\/v2\/types\/product"}],"replies":[{"embeddable":true,"href":"https:\/\/glass-perfume-bottles.com\/fr\/wp-json\/wp\/v2\/comments?post=2418"}],"wp:featuredmedia":[{"embeddable":true,"href":"https:\/\/glass-perfume-bottles.com\/fr\/wp-json\/wp\/v2\/media\/2420"}],"wp:attachment":[{"href":"https:\/\/glass-perfume-bottles.com\/fr\/wp-json\/wp\/v2\/media?parent=2418"}],"wp:term":[{"taxonomy":"product_brand","embeddable":true,"href":"https:\/\/glass-perfume-bottles.com\/fr\/wp-json\/wp\/v2\/product_brand?post=2418"},{"taxonomy":"product_cat","embeddable":true,"href":"https:\/\/glass-perfume-bottles.com\/fr\/wp-json\/wp\/v2\/product_cat?post=2418"},{"taxonomy":"product_tag","embeddable":true,"href":"https:\/\/glass-perfume-bottles.com\/fr\/wp-json\/wp\/v2\/product_tag?post=2418"}],"curies":[{"name":"wp","href":"https:\/\/api.w.org\/{rel}","templated":true}]}}