{"id":2452,"date":"2025-03-17T07:19:11","date_gmt":"2025-03-17T07:19:11","guid":{"rendered":"https:\/\/glass-perfume-bottles.com\/?post_type=product&#038;p=2452"},"modified":"2025-03-22T11:59:40","modified_gmt":"2025-03-22T11:59:40","slug":"attar-oil-uv-printing-3ml-6ml-12ml-essential-oil-perfume-bottle-supplier","status":"publish","type":"product","link":"https:\/\/glass-perfume-bottles.com\/fr\/produit\/attar-oil-uv-printing-3ml-6ml-12ml-essential-oil-perfume-bottle-supplier\/","title":{"rendered":"Huile essentielle Attar, impression UV, flacons de parfum de 3 ml, 6 ml et 12 ml, fournisseur"},"content":{"rendered":"<table>\n<tbody>\n<tr>\n<td width=\"158\">Nom du produit<\/td>\n<td width=\"591\"><a href=\"https:\/\/glass-perfume-bottles.com\/fr\/produit\/100ml-female-body-perfume-bottle-factory\/\">Flacon de parfum d&#039;huile essentielle <\/a><\/td>\n<\/tr>\n<tr>\n<td width=\"158\">Capacit\u00e9<\/td>\n<td width=\"591\">3 ml, 6 ml, 12 ml (autres tailles disponibles)<\/td>\n<\/tr>\n<tr>\n<td width=\"158\">Taille<\/td>\n<td width=\"591\">3 ml : 1,8 \u00d7 5,1 cm 6 ml : 2,2 \u00d7 5,9 cm 12 ml : 2,6 \u00d7 6,7 cm<\/td>\n<\/tr>\n<tr>\n<td width=\"158\">Bouche<\/td>\n<td width=\"591\">Vis<\/td>\n<\/tr>\n<tr>\n<td width=\"158\">Mat\u00e9riel<\/td>\n<td width=\"591\">Verre blanc haut<\/td>\n<\/tr>\n<tr>\n<td width=\"158\">Couleur du corps<\/td>\n<td width=\"591\">Ambre, noir, givr\u00e9, noir mat, rose ou couleur personnalis\u00e9e<\/td>\n<\/tr>\n<tr>\n<td width=\"158\">Manutention de surface<\/td>\n<td width=\"591\">\n<ol>\n<li>Impression s\u00e9rigraphique<\/li>\n<li>Marquage \u00e0 chaud<\/li>\n<li>\u00a0Rev\u00eatement UV<\/li>\n<li>Givr\u00e9<\/li>\n<li>\u00a0D\u00e9calque<\/li>\n<li>\u00a0Flocage<\/li>\n<li>\u00c9tiquetage<\/li>\n<li>Peinture couleur ou personnalis\u00e9e selon vos besoins<\/li>\n<\/ol>\n<\/td>\n<\/tr>\n<tr>\n<td width=\"158\">Usage<\/td>\n<td width=\"591\">Id\u00e9al pour une gamme de produits liquides haut de gamme, notamment des parfums, des huiles essentielles, du s\u00e9rum, de l&#039;huile parfum\u00e9e pour la maison, du toner et plus encore.<\/td>\n<\/tr>\n<tr>\n<td width=\"158\">Emballage<\/td>\n<td width=\"591\">Carton d&#039;exportation puis palette en contreplaqu\u00e9,<\/td>\n<\/tr>\n<tr>\n<td width=\"158\">MOQ5<\/td>\n<td width=\"591\">,000 pi\u00e8ces (car il existe une conception personnalis\u00e9e)<\/td>\n<\/tr>\n<tr>\n<td width=\"158\">\u00c9chantillon<\/td>\n<td width=\"591\">\u00c9chantillon gratuit, frais de transport n\u00e9cessaires.<\/td>\n<\/tr>\n<tr>\n<td width=\"158\">Transport<\/td>\n<td width=\"591\">FedEx\/DHL\/EMS\/UPS\/TNT\/Par mer\/Par avion, etc.<\/td>\n<\/tr>\n<tr>\n<td width=\"158\">Mode de paiement<\/td>\n<td width=\"591\">Virement bancaire, L\/C, Western Union, Money Gram, Paypal, etc.<\/td>\n<\/tr>\n<tr>\n<td width=\"158\">D\u00e9lai de livraison<\/td>\n<td width=\"591\">\u00c9chantillon 1 \u00e0 2 jours, production de commande 20 \u00e0 45 jours selon les d\u00e9tails de la commande.<\/td>\n<\/tr>\n<tr>\n<td width=\"158\">Service<\/td>\n<td width=\"591\">Service OEM et ODM, service de conception, solution unique<\/td>\n<\/tr>\n<\/tbody>\n<\/table>\n<p>&nbsp;<\/p>\n<p><a href=\"https:\/\/glass-perfume-bottles.com\/fr\/produit\/100ml-flat-square-perfume-bottle-with-cap\/\">Flacon de parfum d&#039;huile essentielle<\/a> Fabriqu\u00e9 en verre blanc de haute qualit\u00e9, capacit\u00e9 de 3 ml \u00e0 12 ml, mini capacit\u00e9, processus de galvanoplastie personnalis\u00e9, apparence luxueuse, une petite quantit\u00e9 est possible, \u00e9levez votre <a href=\"https:\/\/www.hyglassbottles.com\/product\/Empty-perfume-bottle-custom-perfume-bottle-supplier-wholesale-glass-perfume-bottle-manufacturer.html\">emballage de parfum<\/a> avec des bouteilles d&#039;huile d&#039;attar produites par HY GLASS avec impression UV de 3 ml, 6 ml et 12 ml. Fabriqu\u00e9es \u00e0 partir de verre de haute qualit\u00e9, ces bouteilles sont con\u00e7ues pour pr\u00e9senter vos huiles d&#039;attar haut de gamme de mani\u00e8re \u00e9l\u00e9gante et sophistiqu\u00e9e.<\/p>\n<p>L&#039;impression UV ajoute une touche unique, permettant des designs vibrants et d\u00e9taill\u00e9s qui font ressortir votre marque.<\/p>","protected":false},"excerpt":{"rendered":"<p>Flacon de parfum d&#039;huile essentielle d&#039;impression UV d&#039;huile d&#039;Attar 3 ml 6 ml 12 ml, bouche \u00e0 vis correspondant \u00e0 la t\u00eate de la pompe de pulv\u00e9risation, capacit\u00e9 de 3 ml \u00e0 12 ml pour votre choix<\/p>","protected":false},"featured_media":2454,"comment_status":"open","ping_status":"closed","template":"","meta":{"_kad_blocks_custom_css":"","_kad_blocks_head_custom_js":"","_kad_blocks_body_custom_js":"","_kad_blocks_footer_custom_js":"","_kad_post_transparent":"default","_kad_post_title":"","_kad_post_layout":"default","_kad_post_sidebar_id":"","_kad_post_content_style":"default","_kad_post_vertical_padding":"default","_kad_post_feature":"","_kad_post_feature_position":"","_kad_post_header":false,"_kad_post_footer":false,"_joinchat":[]},"product_brand":[],"product_cat":[51],"product_tag":[70,175,177,178,168],"class_list":{"0":"post-2452","1":"product","2":"type-product","3":"status-publish","4":"has-post-thumbnail","6":"product_cat-glass-perfume-bottles","7":"product_tag-custom-home-fragrance-oil-bottle","8":"product_tag-glass-perfume-bottle-for-travel","9":"product_tag-luxury-attar-oil-bottle-factory","10":"product_tag-oud-oil-bottle-wholesale","11":"product_tag-premium-perfume-bottle-supplier","13":"first","14":"instock","15":"shipping-taxable","16":"product-type-simple","17":"entry","18":"content-bg","19":"loop-entry"},"yoast_head":"<!-- This site is optimized with the Yoast SEO Premium plugin v20.5 (Yoast SEO v24.2) - https:\/\/yoast.com\/wordpress\/plugins\/seo\/ -->\n<title>Essential Oil Perfume Bottle Attar Oil bottle 3ml 6ml 12ml Supplier<\/title>\n<meta name=\"description\" content=\"Attar Oil UV Printing 3ml 6ml 12ml Essential Oil Perfume Bottle,Screw mouth match the spray pump head ,capacity from from 3ml-12ml for your choose\" \/>\n<meta name=\"robots\" content=\"index, follow, max-snippet:-1, max-image-preview:large, max-video-preview:-1\" \/>\n<link rel=\"canonical\" href=\"https:\/\/glass-perfume-bottles.com\/fr\/produit\/attar-oil-uv-printing-3ml-6ml-12ml-essential-oil-perfume-bottle-supplier\/\" \/>\n<meta property=\"og:locale\" content=\"fr_FR\" \/>\n<meta property=\"og:type\" content=\"article\" \/>\n<meta property=\"og:title\" content=\"Attar Oil UV Printing 3ml 6ml 12ml Essential Oil Perfume Bottle Supplier\" \/>\n<meta property=\"og:description\" content=\"Attar Oil UV Printing 3ml 6ml 12ml Essential Oil Perfume Bottle,Screw mouth match the spray pump head ,capacity from from 3ml-12ml for your choose\" \/>\n<meta property=\"og:url\" content=\"https:\/\/glass-perfume-bottles.com\/fr\/produit\/attar-oil-uv-printing-3ml-6ml-12ml-essential-oil-perfume-bottle-supplier\/\" \/>\n<meta property=\"og:site_name\" content=\"HY GLASS\" \/>\n<meta property=\"article:modified_time\" content=\"2025-03-22T11:59:40+00:00\" \/>\n<meta property=\"og:image\" content=\"https:\/\/glass-perfume-bottles.com\/wp-content\/uploads\/2025\/03\/Attar-Oil-UV-Printing-3ml-6ml-12ml-Essential-Oil-Bottle.jpg\" \/>\n\t<meta property=\"og:image:width\" content=\"720\" \/>\n\t<meta property=\"og:image:height\" content=\"720\" \/>\n\t<meta property=\"og:image:type\" content=\"image\/jpeg\" \/>\n<meta name=\"twitter:card\" content=\"summary_large_image\" \/>\n<meta name=\"twitter:label1\" content=\"Dur\u00e9e de lecture estim\u00e9e\" \/>\n\t<meta name=\"twitter:data1\" content=\"2 minutes\" \/>\n<script type=\"application\/ld+json\" class=\"yoast-schema-graph\">{\"@context\":\"https:\/\/schema.org\",\"@graph\":[{\"@type\":\"WebPage\",\"@id\":\"https:\/\/glass-perfume-bottles.com\/fr\/produit\/attar-oil-uv-printing-3ml-6ml-12ml-essential-oil-perfume-bottle-supplier\/\",\"url\":\"https:\/\/glass-perfume-bottles.com\/fr\/produit\/attar-oil-uv-printing-3ml-6ml-12ml-essential-oil-perfume-bottle-supplier\/\",\"name\":\"Essential Oil Perfume Bottle Attar Oil bottle 3ml 6ml 12ml Supplier\",\"isPartOf\":{\"@id\":\"https:\/\/glass-perfume-bottles.com\/#website\"},\"primaryImageOfPage\":{\"@id\":\"https:\/\/glass-perfume-bottles.com\/fr\/produit\/attar-oil-uv-printing-3ml-6ml-12ml-essential-oil-perfume-bottle-supplier\/#primaryimage\"},\"image\":{\"@id\":\"https:\/\/glass-perfume-bottles.com\/fr\/produit\/attar-oil-uv-printing-3ml-6ml-12ml-essential-oil-perfume-bottle-supplier\/#primaryimage\"},\"thumbnailUrl\":\"https:\/\/glass-perfume-bottles.com\/wp-content\/uploads\/2025\/03\/Attar-Oil-UV-Printing-3ml-6ml-12ml-Essential-Oil-Bottle.jpg\",\"datePublished\":\"2025-03-17T07:19:11+00:00\",\"dateModified\":\"2025-03-22T11:59:40+00:00\",\"description\":\"Attar Oil UV Printing 3ml 6ml 12ml Essential Oil Perfume Bottle,Screw mouth match the spray pump head ,capacity from from 3ml-12ml for your choose\",\"breadcrumb\":{\"@id\":\"https:\/\/glass-perfume-bottles.com\/fr\/produit\/attar-oil-uv-printing-3ml-6ml-12ml-essential-oil-perfume-bottle-supplier\/#breadcrumb\"},\"inLanguage\":\"fr-FR\",\"potentialAction\":[{\"@type\":\"ReadAction\",\"target\":[\"https:\/\/glass-perfume-bottles.com\/fr\/produit\/attar-oil-uv-printing-3ml-6ml-12ml-essential-oil-perfume-bottle-supplier\/\"]}]},{\"@type\":\"ImageObject\",\"inLanguage\":\"fr-FR\",\"@id\":\"https:\/\/glass-perfume-bottles.com\/fr\/produit\/attar-oil-uv-printing-3ml-6ml-12ml-essential-oil-perfume-bottle-supplier\/#primaryimage\",\"url\":\"https:\/\/glass-perfume-bottles.com\/wp-content\/uploads\/2025\/03\/Attar-Oil-UV-Printing-3ml-6ml-12ml-Essential-Oil-Bottle.jpg\",\"contentUrl\":\"https:\/\/glass-perfume-bottles.com\/wp-content\/uploads\/2025\/03\/Attar-Oil-UV-Printing-3ml-6ml-12ml-Essential-Oil-Bottle.jpg\",\"width\":720,\"height\":720,\"caption\":\"Attar Oil UV Printing 3ml 6ml 12ml Essential Oil Perfume Bottle Supplier\"},{\"@type\":\"BreadcrumbList\",\"@id\":\"https:\/\/glass-perfume-bottles.com\/fr\/produit\/attar-oil-uv-printing-3ml-6ml-12ml-essential-oil-perfume-bottle-supplier\/#breadcrumb\",\"itemListElement\":[{\"@type\":\"ListItem\",\"position\":1,\"name\":\"Home\",\"item\":\"https:\/\/glass-perfume-bottles.com\/\"},{\"@type\":\"ListItem\",\"position\":2,\"name\":\"Product\",\"item\":\"https:\/\/glass-perfume-bottles.com\/custom-made-perfume-bottle-suppliers-and-wholesale\/\"},{\"@type\":\"ListItem\",\"position\":3,\"name\":\"Attar Oil UV Printing 3ml 6ml 12ml Essential Oil Perfume Bottle Supplier\"}]},{\"@type\":\"WebSite\",\"@id\":\"https:\/\/glass-perfume-bottles.com\/#website\",\"url\":\"https:\/\/glass-perfume-bottles.com\/\",\"name\":\"HY GLASS\",\"description\":\"glass perfume bottle manufacturers &amp; suppliers, aroma reed diffuser bottle wholesale &amp; suppliers\",\"publisher\":{\"@id\":\"https:\/\/glass-perfume-bottles.com\/#organization\"},\"potentialAction\":[{\"@type\":\"SearchAction\",\"target\":{\"@type\":\"EntryPoint\",\"urlTemplate\":\"https:\/\/glass-perfume-bottles.com\/?s={search_term_string}\"},\"query-input\":{\"@type\":\"PropertyValueSpecification\",\"valueRequired\":true,\"valueName\":\"search_term_string\"}}],\"inLanguage\":\"fr-FR\"},{\"@type\":\"Organization\",\"@id\":\"https:\/\/glass-perfume-bottles.com\/#organization\",\"name\":\"HY GLASS\",\"url\":\"https:\/\/glass-perfume-bottles.com\/\",\"logo\":{\"@type\":\"ImageObject\",\"inLanguage\":\"fr-FR\",\"@id\":\"https:\/\/glass-perfume-bottles.com\/#\/schema\/logo\/image\/\",\"url\":\"https:\/\/glass-perfume-bottles.com\/wp-content\/uploads\/2023\/09\/logo21.png\",\"contentUrl\":\"https:\/\/glass-perfume-bottles.com\/wp-content\/uploads\/2023\/09\/logo21.png\",\"width\":342,\"height\":268,\"caption\":\"HY GLASS\"},\"image\":{\"@id\":\"https:\/\/glass-perfume-bottles.com\/#\/schema\/logo\/image\/\"}}]}<\/script>\n<!-- \/ Yoast SEO Premium plugin. -->","yoast_head_json":{"title":"Essential Oil Perfume Bottle Attar Oil bottle 3ml 6ml 12ml Supplier","description":"Attar Oil UV Printing 3ml 6ml 12ml Essential Oil Perfume Bottle,Screw mouth match the spray pump head ,capacity from from 3ml-12ml for your choose","robots":{"index":"index","follow":"follow","max-snippet":"max-snippet:-1","max-image-preview":"max-image-preview:large","max-video-preview":"max-video-preview:-1"},"canonical":"https:\/\/glass-perfume-bottles.com\/fr\/produit\/attar-oil-uv-printing-3ml-6ml-12ml-essential-oil-perfume-bottle-supplier\/","og_locale":"fr_FR","og_type":"article","og_title":"Attar Oil UV Printing 3ml 6ml 12ml Essential Oil Perfume Bottle Supplier","og_description":"Attar Oil UV Printing 3ml 6ml 12ml Essential Oil Perfume Bottle,Screw mouth match the spray pump head ,capacity from from 3ml-12ml for your choose","og_url":"https:\/\/glass-perfume-bottles.com\/fr\/produit\/attar-oil-uv-printing-3ml-6ml-12ml-essential-oil-perfume-bottle-supplier\/","og_site_name":"HY GLASS","article_modified_time":"2025-03-22T11:59:40+00:00","og_image":[{"width":720,"height":720,"url":"https:\/\/glass-perfume-bottles.com\/wp-content\/uploads\/2025\/03\/Attar-Oil-UV-Printing-3ml-6ml-12ml-Essential-Oil-Bottle.jpg","type":"image\/jpeg"}],"twitter_card":"summary_large_image","twitter_misc":{"Dur\u00e9e de lecture estim\u00e9e":"2 minutes"},"schema":{"@context":"https:\/\/schema.org","@graph":[{"@type":"WebPage","@id":"https:\/\/glass-perfume-bottles.com\/fr\/produit\/attar-oil-uv-printing-3ml-6ml-12ml-essential-oil-perfume-bottle-supplier\/","url":"https:\/\/glass-perfume-bottles.com\/fr\/produit\/attar-oil-uv-printing-3ml-6ml-12ml-essential-oil-perfume-bottle-supplier\/","name":"Essential Oil Perfume Bottle Attar Oil bottle 3ml 6ml 12ml Supplier","isPartOf":{"@id":"https:\/\/glass-perfume-bottles.com\/#website"},"primaryImageOfPage":{"@id":"https:\/\/glass-perfume-bottles.com\/fr\/produit\/attar-oil-uv-printing-3ml-6ml-12ml-essential-oil-perfume-bottle-supplier\/#primaryimage"},"image":{"@id":"https:\/\/glass-perfume-bottles.com\/fr\/produit\/attar-oil-uv-printing-3ml-6ml-12ml-essential-oil-perfume-bottle-supplier\/#primaryimage"},"thumbnailUrl":"https:\/\/glass-perfume-bottles.com\/wp-content\/uploads\/2025\/03\/Attar-Oil-UV-Printing-3ml-6ml-12ml-Essential-Oil-Bottle.jpg","datePublished":"2025-03-17T07:19:11+00:00","dateModified":"2025-03-22T11:59:40+00:00","description":"Attar Oil UV Printing 3ml 6ml 12ml Essential Oil Perfume Bottle,Screw mouth match the spray pump head ,capacity from from 3ml-12ml for your choose","breadcrumb":{"@id":"https:\/\/glass-perfume-bottles.com\/fr\/produit\/attar-oil-uv-printing-3ml-6ml-12ml-essential-oil-perfume-bottle-supplier\/#breadcrumb"},"inLanguage":"fr-FR","potentialAction":[{"@type":"ReadAction","target":["https:\/\/glass-perfume-bottles.com\/fr\/produit\/attar-oil-uv-printing-3ml-6ml-12ml-essential-oil-perfume-bottle-supplier\/"]}]},{"@type":"ImageObject","inLanguage":"fr-FR","@id":"https:\/\/glass-perfume-bottles.com\/fr\/produit\/attar-oil-uv-printing-3ml-6ml-12ml-essential-oil-perfume-bottle-supplier\/#primaryimage","url":"https:\/\/glass-perfume-bottles.com\/wp-content\/uploads\/2025\/03\/Attar-Oil-UV-Printing-3ml-6ml-12ml-Essential-Oil-Bottle.jpg","contentUrl":"https:\/\/glass-perfume-bottles.com\/wp-content\/uploads\/2025\/03\/Attar-Oil-UV-Printing-3ml-6ml-12ml-Essential-Oil-Bottle.jpg","width":720,"height":720,"caption":"Attar Oil UV Printing 3ml 6ml 12ml Essential Oil Perfume Bottle Supplier"},{"@type":"BreadcrumbList","@id":"https:\/\/glass-perfume-bottles.com\/fr\/produit\/attar-oil-uv-printing-3ml-6ml-12ml-essential-oil-perfume-bottle-supplier\/#breadcrumb","itemListElement":[{"@type":"ListItem","position":1,"name":"Home","item":"https:\/\/glass-perfume-bottles.com\/"},{"@type":"ListItem","position":2,"name":"Product","item":"https:\/\/glass-perfume-bottles.com\/custom-made-perfume-bottle-suppliers-and-wholesale\/"},{"@type":"ListItem","position":3,"name":"Attar Oil UV Printing 3ml 6ml 12ml Essential Oil Perfume Bottle Supplier"}]},{"@type":"WebSite","@id":"https:\/\/glass-perfume-bottles.com\/#website","url":"https:\/\/glass-perfume-bottles.com\/","name":"HY GLASS","description":"glass perfume bottle manufacturers &amp; suppliers, aroma reed diffuser bottle wholesale &amp; suppliers","publisher":{"@id":"https:\/\/glass-perfume-bottles.com\/#organization"},"potentialAction":[{"@type":"SearchAction","target":{"@type":"EntryPoint","urlTemplate":"https:\/\/glass-perfume-bottles.com\/?s={search_term_string}"},"query-input":{"@type":"PropertyValueSpecification","valueRequired":true,"valueName":"search_term_string"}}],"inLanguage":"fr-FR"},{"@type":"Organization","@id":"https:\/\/glass-perfume-bottles.com\/#organization","name":"HY GLASS","url":"https:\/\/glass-perfume-bottles.com\/","logo":{"@type":"ImageObject","inLanguage":"fr-FR","@id":"https:\/\/glass-perfume-bottles.com\/#\/schema\/logo\/image\/","url":"https:\/\/glass-perfume-bottles.com\/wp-content\/uploads\/2023\/09\/logo21.png","contentUrl":"https:\/\/glass-perfume-bottles.com\/wp-content\/uploads\/2023\/09\/logo21.png","width":342,"height":268,"caption":"HY GLASS"},"image":{"@id":"https:\/\/glass-perfume-bottles.com\/#\/schema\/logo\/image\/"}}]}},"taxonomy_info":{"product_cat":[{"value":51,"label":"Glass Perfume Bottle"}],"product_tag":[{"value":70,"label":"Custom home fragrance oil bottle"},{"value":175,"label":"Glass perfume bottle for travel"},{"value":177,"label":"Luxury attar oil bottle factory"},{"value":178,"label":"Oud oil bottle wholesale"},{"value":168,"label":"Premium perfume bottle supplier"}]},"featured_image_src_large":["https:\/\/glass-perfume-bottles.com\/wp-content\/uploads\/2025\/03\/Attar-Oil-UV-Printing-3ml-6ml-12ml-Essential-Oil-Bottle.jpg",720,720,false],"author_info":[],"comment_info":0,"_links":{"self":[{"href":"https:\/\/glass-perfume-bottles.com\/fr\/wp-json\/wp\/v2\/product\/2452","targetHints":{"allow":["GET"]}}],"collection":[{"href":"https:\/\/glass-perfume-bottles.com\/fr\/wp-json\/wp\/v2\/product"}],"about":[{"href":"https:\/\/glass-perfume-bottles.com\/fr\/wp-json\/wp\/v2\/types\/product"}],"replies":[{"embeddable":true,"href":"https:\/\/glass-perfume-bottles.com\/fr\/wp-json\/wp\/v2\/comments?post=2452"}],"wp:featuredmedia":[{"embeddable":true,"href":"https:\/\/glass-perfume-bottles.com\/fr\/wp-json\/wp\/v2\/media\/2454"}],"wp:attachment":[{"href":"https:\/\/glass-perfume-bottles.com\/fr\/wp-json\/wp\/v2\/media?parent=2452"}],"wp:term":[{"taxonomy":"product_brand","embeddable":true,"href":"https:\/\/glass-perfume-bottles.com\/fr\/wp-json\/wp\/v2\/product_brand?post=2452"},{"taxonomy":"product_cat","embeddable":true,"href":"https:\/\/glass-perfume-bottles.com\/fr\/wp-json\/wp\/v2\/product_cat?post=2452"},{"taxonomy":"product_tag","embeddable":true,"href":"https:\/\/glass-perfume-bottles.com\/fr\/wp-json\/wp\/v2\/product_tag?post=2452"}],"curies":[{"name":"wp","href":"https:\/\/api.w.org\/{rel}","templated":true}]}}