{"id":2504,"date":"2025-03-22T15:40:45","date_gmt":"2025-03-22T15:40:45","guid":{"rendered":"https:\/\/glass-perfume-bottles.com\/?post_type=product&#038;p=2504"},"modified":"2025-03-22T15:59:31","modified_gmt":"2025-03-22T15:59:31","slug":"luxury-30ml-50ml-100ml-cylinder-glass-perfume-bottle-factory","status":"publish","type":"product","link":"https:\/\/glass-perfume-bottles.com\/fr\/produit\/luxury-30ml-50ml-100ml-cylinder-glass-perfume-bottle-factory\/","title":{"rendered":"Usine de flacons de parfum cylindriques en verre de luxe de 30 ml, 50 ml et 100 ml"},"content":{"rendered":"<table>\n<tbody>\n<tr>\n<td width=\"158\">Nom du produit<\/td>\n<td width=\"591\"><a href=\"https:\/\/www.hyglassbottles.com\/product\/Exquisite-50ml-cylinder-frosted-perfume-bottle-in-stock.html\">Flacon de parfum cylindrique en verre\u00a0<\/a><\/td>\n<\/tr>\n<tr>\n<td width=\"158\">Capacit\u00e9<\/td>\n<td width=\"591\">30 ml, 50 ml, 100 ml (autre taille disponible)<\/td>\n<\/tr>\n<tr>\n<td width=\"158\">Taille<\/td>\n<td width=\"591\"><strong>30 ml : <\/strong>40x60mm<\/p>\n<p><strong>50 ml : <\/strong>47x70mm (plus court)<\/p>\n<p><strong>50 ml : <\/strong>43x91mm (sup\u00e9rieur)<\/p>\n<p><strong>100 ml : <\/strong>57x90mm (plus court)<\/p>\n<p><strong>100 ml : <\/strong>40x130mm (plus haut)<\/td>\n<\/tr>\n<tr>\n<td width=\"158\">Bouche<\/td>\n<td width=\"591\">Ondulation<\/td>\n<\/tr>\n<tr>\n<td width=\"158\">Mat\u00e9riel<\/td>\n<td width=\"591\">Verre blanc cristal<\/td>\n<\/tr>\n<tr>\n<td width=\"158\">Couleur du corps<\/td>\n<td width=\"591\">Transparent, ambre, noir, givr\u00e9, noir mat, rose ou couleur personnalis\u00e9e<\/td>\n<\/tr>\n<tr>\n<td width=\"158\">Manutention de surface<\/td>\n<td width=\"591\">\n<ol>\n<li>Impression s\u00e9rigraphique<\/li>\n<li>Marquage \u00e0 chaud<\/li>\n<li>\u00a0Rev\u00eatement UV<\/li>\n<li>Givr\u00e9<\/li>\n<li>\u00a0D\u00e9calque<\/li>\n<li>\u00a0Flocage<\/li>\n<li>\u00c9tiquetage<\/li>\n<li>Peinture couleur ou personnalis\u00e9e selon vos besoins<\/li>\n<\/ol>\n<\/td>\n<\/tr>\n<tr>\n<td width=\"158\">Usage<\/td>\n<td width=\"591\">Emballage de parfum\/s\u00e9rum\/huile essentielle\/huile parfum\u00e9e d&#039;ambiance\/tonique\/d\u00e9odorant<\/td>\n<\/tr>\n<tr>\n<td width=\"158\">Emballage<\/td>\n<td width=\"591\">Carton d&#039;exportation puis palette en contreplaqu\u00e9,<\/td>\n<\/tr>\n<tr>\n<td width=\"158\">Quantit\u00e9 minimale de commande<\/td>\n<td width=\"591\">5 000 pi\u00e8ces (car il existe une conception personnalis\u00e9e)<\/td>\n<\/tr>\n<tr>\n<td width=\"158\">\u00c9chantillon<\/td>\n<td width=\"591\">\u00c9chantillon gratuit, frais de transport n\u00e9cessaires.<\/td>\n<\/tr>\n<tr>\n<td width=\"158\">Transport<\/td>\n<td width=\"591\">FedEx\/DHL\/EMS\/UPS\/TNT\/Par mer\/Par avion, etc.<\/td>\n<\/tr>\n<tr>\n<td width=\"158\">Mode de paiement<\/td>\n<td width=\"591\">Virement bancaire, L\/C, Western Union, Money Gram, Paypal, etc.<\/td>\n<\/tr>\n<tr>\n<td width=\"158\">D\u00e9lai de livraison<\/td>\n<td width=\"591\">\u00c9chantillon 1 \u00e0 2 jours, production de commande 20 \u00e0 45 jours selon les d\u00e9tails de la commande.<\/td>\n<\/tr>\n<tr>\n<td width=\"158\">Service<\/td>\n<td width=\"591\">Service OEM et ODM, service de conception, solution unique<\/td>\n<\/tr>\n<\/tbody>\n<\/table>\n<p>&nbsp;<\/p>\n<p><a href=\"https:\/\/glass-perfume-bottles.com\/fr\/produit\/wholesale-100ml-cylinder-glass-spray-perfume-bottle-factory\/\">Flacon de parfum cylindrique en verre <\/a>en verre blanc cristal, bouche \u00e0 sertir assortie <span style=\"font-family: var(--global-body-font-family);\">la t\u00eate de pompe \u00e0 pulv\u00e9risation de brume fine, la forme cylindrique unique est particuli\u00e8rement belle <\/span><span style=\"font-family: var(--global-body-font-family);\">conception, fine Mettez en valeur un style unique, acceptez le rev\u00eatement de couleur, le givr\u00e9, le rev\u00eatement en marbre, le flocage, etc., faites en sorte que votre marque \u00e9tablisse une image de marque unique et une reconnaissance sur le march\u00e9.<\/span><\/p>\n<p><span style=\"font-family: var(--global-body-font-family);\">Nous pouvons \u00e9galement fournir diff\u00e9rents emballages de flacons de parfum tels que des bo\u00eetes de diff\u00e9rentes tailles et mat\u00e9riaux. Comme du papier kraft, du carton, du papier d&#039;art, etc.<\/span><\/p>\n<p>En tant que professionnel du luxe <a href=\"https:\/\/www.hyglassbottles.com\/product\/Custom-sloping-glass-perfume-bottle-with-wooden-cap.html\">bouteille de parfum en verre<\/a> usine, nous avons produit diff\u00e9rentes formes et capacit\u00e9s pour le client, avons une ligne de production professionnelle et une \u00e9quipe de conception, nous pouvons fournir un service de premier ordre et un produit stable pour le client, bienvenue, envoyez-nous une demande, attendez-vous.<\/p>","protected":false},"excerpt":{"rendered":"<p>100 ml<a href=\"https:\/\/glass-perfume-bottles.com\/fr\/produit\/wholesale-100ml-cylinder-glass-spray-perfume-bottle-factory\/\"> flacon de parfum cylindrique givr\u00e9 <\/a>fabriqu\u00e9 en verre blanc cristal, assorti \u00e0 la t\u00eate de pompe de pulv\u00e9risation \u00e0 brume fine et au couvercle \u00e0 bille, faites de votre marque \u00c9tablissez une image de marque unique et une reconnaissance sur le march\u00e9.<\/p>","protected":false},"featured_media":2505,"comment_status":"open","ping_status":"closed","template":"","meta":{"_kad_blocks_custom_css":"","_kad_blocks_head_custom_js":"","_kad_blocks_body_custom_js":"","_kad_blocks_footer_custom_js":"","_kad_post_transparent":"default","_kad_post_title":"","_kad_post_layout":"default","_kad_post_sidebar_id":"","_kad_post_content_style":"default","_kad_post_vertical_padding":"default","_kad_post_feature":"","_kad_post_feature_position":"","_kad_post_header":false,"_kad_post_footer":false,"_joinchat":[]},"product_brand":[],"product_cat":[51],"product_tag":[215,175,156,181,152],"class_list":{"0":"post-2504","1":"product","2":"type-product","3":"status-publish","4":"has-post-thumbnail","6":"product_cat-glass-perfume-bottles","7":"product_tag-cylinder-glass-perfume-bottle-factory","8":"product_tag-glass-perfume-bottle-for-travel","9":"product_tag-luxury-perfume-bottle-supplier","10":"product_tag-premium-perfume-bottle-manufacturer","11":"product_tag-wholesale-perfume-bottle-supplier","13":"first","14":"instock","15":"shipping-taxable","16":"product-type-simple","17":"entry","18":"content-bg","19":"loop-entry"},"yoast_head":"<!-- This site is optimized with the Yoast SEO Premium plugin v20.5 (Yoast SEO v24.2) - https:\/\/yoast.com\/wordpress\/plugins\/seo\/ -->\n<title>Luxury 30ml 50ml 100ml cylinder glass perfume bottle factory<\/title>\n<meta name=\"description\" content=\"Cylinder perfume bottle\u00a0with spray pump lid,make your brand Establish a unique brand image and recognition in the market.\" \/>\n<meta name=\"robots\" content=\"index, follow, max-snippet:-1, max-image-preview:large, max-video-preview:-1\" \/>\n<link rel=\"canonical\" href=\"https:\/\/glass-perfume-bottles.com\/fr\/producto\/luxury-30ml-50ml-100ml-cylinder-glass-perfume-bottle-factory\/\" \/>\n<meta property=\"og:locale\" content=\"fr_FR\" \/>\n<meta property=\"og:type\" content=\"article\" \/>\n<meta property=\"og:title\" content=\"Luxury 30ml 50ml 100ml cylinder glass perfume bottle factory\" \/>\n<meta property=\"og:description\" content=\"Cylinder perfume bottle\u00a0with spray pump lid,make your brand Establish a unique brand image and recognition in the market.\" \/>\n<meta property=\"og:url\" content=\"https:\/\/glass-perfume-bottles.com\/fr\/producto\/luxury-30ml-50ml-100ml-cylinder-glass-perfume-bottle-factory\/\" \/>\n<meta property=\"og:site_name\" content=\"HY GLASS\" \/>\n<meta property=\"article:modified_time\" content=\"2025-03-22T15:59:31+00:00\" \/>\n<meta property=\"og:image\" content=\"https:\/\/glass-perfume-bottles.com\/wp-content\/uploads\/2025\/03\/Custom-30ml-50ml-100ml-cylinder-glass-perfume-bottle-supplier.jpg\" \/>\n\t<meta property=\"og:image:width\" content=\"720\" \/>\n\t<meta property=\"og:image:height\" content=\"720\" \/>\n\t<meta property=\"og:image:type\" content=\"image\/jpeg\" \/>\n<meta name=\"twitter:card\" content=\"summary_large_image\" \/>\n<meta name=\"twitter:label1\" content=\"Dur\u00e9e de lecture estim\u00e9e\" \/>\n\t<meta name=\"twitter:data1\" content=\"2 minutes\" \/>\n<script type=\"application\/ld+json\" class=\"yoast-schema-graph\">{\"@context\":\"https:\/\/schema.org\",\"@graph\":[{\"@type\":\"WebPage\",\"@id\":\"https:\/\/glass-perfume-bottles.com\/es\/producto\/luxury-30ml-50ml-100ml-cylinder-glass-perfume-bottle-factory\/\",\"url\":\"https:\/\/glass-perfume-bottles.com\/es\/producto\/luxury-30ml-50ml-100ml-cylinder-glass-perfume-bottle-factory\/\",\"name\":\"Luxury 30ml 50ml 100ml cylinder glass perfume bottle factory\",\"isPartOf\":{\"@id\":\"https:\/\/glass-perfume-bottles.com\/#website\"},\"primaryImageOfPage\":{\"@id\":\"https:\/\/glass-perfume-bottles.com\/es\/producto\/luxury-30ml-50ml-100ml-cylinder-glass-perfume-bottle-factory\/#primaryimage\"},\"image\":{\"@id\":\"https:\/\/glass-perfume-bottles.com\/es\/producto\/luxury-30ml-50ml-100ml-cylinder-glass-perfume-bottle-factory\/#primaryimage\"},\"thumbnailUrl\":\"https:\/\/glass-perfume-bottles.com\/wp-content\/uploads\/2025\/03\/Custom-30ml-50ml-100ml-cylinder-glass-perfume-bottle-supplier.jpg\",\"datePublished\":\"2025-03-22T15:40:45+00:00\",\"dateModified\":\"2025-03-22T15:59:31+00:00\",\"description\":\"Cylinder perfume bottle\u00a0with spray pump lid,make your brand Establish a unique brand image and recognition in the market.\",\"breadcrumb\":{\"@id\":\"https:\/\/glass-perfume-bottles.com\/es\/producto\/luxury-30ml-50ml-100ml-cylinder-glass-perfume-bottle-factory\/#breadcrumb\"},\"inLanguage\":\"fr-FR\",\"potentialAction\":[{\"@type\":\"ReadAction\",\"target\":[\"https:\/\/glass-perfume-bottles.com\/es\/producto\/luxury-30ml-50ml-100ml-cylinder-glass-perfume-bottle-factory\/\"]}]},{\"@type\":\"ImageObject\",\"inLanguage\":\"fr-FR\",\"@id\":\"https:\/\/glass-perfume-bottles.com\/es\/producto\/luxury-30ml-50ml-100ml-cylinder-glass-perfume-bottle-factory\/#primaryimage\",\"url\":\"https:\/\/glass-perfume-bottles.com\/wp-content\/uploads\/2025\/03\/Custom-30ml-50ml-100ml-cylinder-glass-perfume-bottle-supplier.jpg\",\"contentUrl\":\"https:\/\/glass-perfume-bottles.com\/wp-content\/uploads\/2025\/03\/Custom-30ml-50ml-100ml-cylinder-glass-perfume-bottle-supplier.jpg\",\"width\":720,\"height\":720,\"caption\":\"Cylinder glass perfume bottle made of\u00a0 crystal white glass\uff0ccrimp mouth match the fine mist spray pump head ,Unique cylinder shape is especially beautiful design,fine Highlight a unique style,accept color coating\u3001frosted\u3001marble coating\u3001flocking ect process, ,make your brand Establish a unique brand image and recognition in the market.\"},{\"@type\":\"BreadcrumbList\",\"@id\":\"https:\/\/glass-perfume-bottles.com\/es\/producto\/luxury-30ml-50ml-100ml-cylinder-glass-perfume-bottle-factory\/#breadcrumb\",\"itemListElement\":[{\"@type\":\"ListItem\",\"position\":1,\"name\":\"Home\",\"item\":\"https:\/\/glass-perfume-bottles.com\/\"},{\"@type\":\"ListItem\",\"position\":2,\"name\":\"Product\",\"item\":\"https:\/\/glass-perfume-bottles.com\/custom-made-perfume-bottle-suppliers-and-wholesale\/\"},{\"@type\":\"ListItem\",\"position\":3,\"name\":\"Luxury 30ml 50ml 100ml cylinder glass perfume bottle factory\"}]},{\"@type\":\"WebSite\",\"@id\":\"https:\/\/glass-perfume-bottles.com\/#website\",\"url\":\"https:\/\/glass-perfume-bottles.com\/\",\"name\":\"HY GLASS\",\"description\":\"glass perfume bottle manufacturers &amp; suppliers, aroma reed diffuser bottle wholesale &amp; suppliers\",\"publisher\":{\"@id\":\"https:\/\/glass-perfume-bottles.com\/#organization\"},\"potentialAction\":[{\"@type\":\"SearchAction\",\"target\":{\"@type\":\"EntryPoint\",\"urlTemplate\":\"https:\/\/glass-perfume-bottles.com\/?s={search_term_string}\"},\"query-input\":{\"@type\":\"PropertyValueSpecification\",\"valueRequired\":true,\"valueName\":\"search_term_string\"}}],\"inLanguage\":\"fr-FR\"},{\"@type\":\"Organization\",\"@id\":\"https:\/\/glass-perfume-bottles.com\/#organization\",\"name\":\"HY GLASS\",\"url\":\"https:\/\/glass-perfume-bottles.com\/\",\"logo\":{\"@type\":\"ImageObject\",\"inLanguage\":\"fr-FR\",\"@id\":\"https:\/\/glass-perfume-bottles.com\/#\/schema\/logo\/image\/\",\"url\":\"https:\/\/glass-perfume-bottles.com\/wp-content\/uploads\/2023\/09\/logo21.png\",\"contentUrl\":\"https:\/\/glass-perfume-bottles.com\/wp-content\/uploads\/2023\/09\/logo21.png\",\"width\":342,\"height\":268,\"caption\":\"HY GLASS\"},\"image\":{\"@id\":\"https:\/\/glass-perfume-bottles.com\/#\/schema\/logo\/image\/\"}}]}<\/script>\n<!-- \/ Yoast SEO Premium plugin. -->","yoast_head_json":{"title":"Luxury 30ml 50ml 100ml cylinder glass perfume bottle factory","description":"Cylinder perfume bottle\u00a0with spray pump lid,make your brand Establish a unique brand image and recognition in the market.","robots":{"index":"index","follow":"follow","max-snippet":"max-snippet:-1","max-image-preview":"max-image-preview:large","max-video-preview":"max-video-preview:-1"},"canonical":"https:\/\/glass-perfume-bottles.com\/fr\/producto\/luxury-30ml-50ml-100ml-cylinder-glass-perfume-bottle-factory\/","og_locale":"fr_FR","og_type":"article","og_title":"Luxury 30ml 50ml 100ml cylinder glass perfume bottle factory","og_description":"Cylinder perfume bottle\u00a0with spray pump lid,make your brand Establish a unique brand image and recognition in the market.","og_url":"https:\/\/glass-perfume-bottles.com\/fr\/producto\/luxury-30ml-50ml-100ml-cylinder-glass-perfume-bottle-factory\/","og_site_name":"HY GLASS","article_modified_time":"2025-03-22T15:59:31+00:00","og_image":[{"width":720,"height":720,"url":"https:\/\/glass-perfume-bottles.com\/wp-content\/uploads\/2025\/03\/Custom-30ml-50ml-100ml-cylinder-glass-perfume-bottle-supplier.jpg","type":"image\/jpeg"}],"twitter_card":"summary_large_image","twitter_misc":{"Dur\u00e9e de lecture estim\u00e9e":"2 minutes"},"schema":{"@context":"https:\/\/schema.org","@graph":[{"@type":"WebPage","@id":"https:\/\/glass-perfume-bottles.com\/es\/producto\/luxury-30ml-50ml-100ml-cylinder-glass-perfume-bottle-factory\/","url":"https:\/\/glass-perfume-bottles.com\/es\/producto\/luxury-30ml-50ml-100ml-cylinder-glass-perfume-bottle-factory\/","name":"Luxury 30ml 50ml 100ml cylinder glass perfume bottle factory","isPartOf":{"@id":"https:\/\/glass-perfume-bottles.com\/#website"},"primaryImageOfPage":{"@id":"https:\/\/glass-perfume-bottles.com\/es\/producto\/luxury-30ml-50ml-100ml-cylinder-glass-perfume-bottle-factory\/#primaryimage"},"image":{"@id":"https:\/\/glass-perfume-bottles.com\/es\/producto\/luxury-30ml-50ml-100ml-cylinder-glass-perfume-bottle-factory\/#primaryimage"},"thumbnailUrl":"https:\/\/glass-perfume-bottles.com\/wp-content\/uploads\/2025\/03\/Custom-30ml-50ml-100ml-cylinder-glass-perfume-bottle-supplier.jpg","datePublished":"2025-03-22T15:40:45+00:00","dateModified":"2025-03-22T15:59:31+00:00","description":"Cylinder perfume bottle\u00a0with spray pump lid,make your brand Establish a unique brand image and recognition in the market.","breadcrumb":{"@id":"https:\/\/glass-perfume-bottles.com\/es\/producto\/luxury-30ml-50ml-100ml-cylinder-glass-perfume-bottle-factory\/#breadcrumb"},"inLanguage":"fr-FR","potentialAction":[{"@type":"ReadAction","target":["https:\/\/glass-perfume-bottles.com\/es\/producto\/luxury-30ml-50ml-100ml-cylinder-glass-perfume-bottle-factory\/"]}]},{"@type":"ImageObject","inLanguage":"fr-FR","@id":"https:\/\/glass-perfume-bottles.com\/es\/producto\/luxury-30ml-50ml-100ml-cylinder-glass-perfume-bottle-factory\/#primaryimage","url":"https:\/\/glass-perfume-bottles.com\/wp-content\/uploads\/2025\/03\/Custom-30ml-50ml-100ml-cylinder-glass-perfume-bottle-supplier.jpg","contentUrl":"https:\/\/glass-perfume-bottles.com\/wp-content\/uploads\/2025\/03\/Custom-30ml-50ml-100ml-cylinder-glass-perfume-bottle-supplier.jpg","width":720,"height":720,"caption":"Cylinder glass perfume bottle made of\u00a0 crystal white glass\uff0ccrimp mouth match the fine mist spray pump head ,Unique cylinder shape is especially beautiful design,fine Highlight a unique style,accept color coating\u3001frosted\u3001marble coating\u3001flocking ect process, ,make your brand Establish a unique brand image and recognition in the market."},{"@type":"BreadcrumbList","@id":"https:\/\/glass-perfume-bottles.com\/es\/producto\/luxury-30ml-50ml-100ml-cylinder-glass-perfume-bottle-factory\/#breadcrumb","itemListElement":[{"@type":"ListItem","position":1,"name":"Home","item":"https:\/\/glass-perfume-bottles.com\/"},{"@type":"ListItem","position":2,"name":"Product","item":"https:\/\/glass-perfume-bottles.com\/custom-made-perfume-bottle-suppliers-and-wholesale\/"},{"@type":"ListItem","position":3,"name":"Luxury 30ml 50ml 100ml cylinder glass perfume bottle factory"}]},{"@type":"WebSite","@id":"https:\/\/glass-perfume-bottles.com\/#website","url":"https:\/\/glass-perfume-bottles.com\/","name":"HY GLASS","description":"glass perfume bottle manufacturers &amp; suppliers, aroma reed diffuser bottle wholesale &amp; suppliers","publisher":{"@id":"https:\/\/glass-perfume-bottles.com\/#organization"},"potentialAction":[{"@type":"SearchAction","target":{"@type":"EntryPoint","urlTemplate":"https:\/\/glass-perfume-bottles.com\/?s={search_term_string}"},"query-input":{"@type":"PropertyValueSpecification","valueRequired":true,"valueName":"search_term_string"}}],"inLanguage":"fr-FR"},{"@type":"Organization","@id":"https:\/\/glass-perfume-bottles.com\/#organization","name":"HY GLASS","url":"https:\/\/glass-perfume-bottles.com\/","logo":{"@type":"ImageObject","inLanguage":"fr-FR","@id":"https:\/\/glass-perfume-bottles.com\/#\/schema\/logo\/image\/","url":"https:\/\/glass-perfume-bottles.com\/wp-content\/uploads\/2023\/09\/logo21.png","contentUrl":"https:\/\/glass-perfume-bottles.com\/wp-content\/uploads\/2023\/09\/logo21.png","width":342,"height":268,"caption":"HY GLASS"},"image":{"@id":"https:\/\/glass-perfume-bottles.com\/#\/schema\/logo\/image\/"}}]}},"taxonomy_info":{"product_cat":[{"value":51,"label":"Glass Perfume Bottle"}],"product_tag":[{"value":215,"label":"Cylinder glass perfume bottle factory"},{"value":175,"label":"Glass perfume bottle for travel"},{"value":156,"label":"Luxury perfume bottle supplier"},{"value":181,"label":"Premium perfume bottle manufacturer"},{"value":152,"label":"Wholesale perfume bottle supplier"}]},"featured_image_src_large":["https:\/\/glass-perfume-bottles.com\/wp-content\/uploads\/2025\/03\/Custom-30ml-50ml-100ml-cylinder-glass-perfume-bottle-supplier.jpg",720,720,false],"author_info":[],"comment_info":0,"_links":{"self":[{"href":"https:\/\/glass-perfume-bottles.com\/fr\/wp-json\/wp\/v2\/product\/2504","targetHints":{"allow":["GET"]}}],"collection":[{"href":"https:\/\/glass-perfume-bottles.com\/fr\/wp-json\/wp\/v2\/product"}],"about":[{"href":"https:\/\/glass-perfume-bottles.com\/fr\/wp-json\/wp\/v2\/types\/product"}],"replies":[{"embeddable":true,"href":"https:\/\/glass-perfume-bottles.com\/fr\/wp-json\/wp\/v2\/comments?post=2504"}],"wp:featuredmedia":[{"embeddable":true,"href":"https:\/\/glass-perfume-bottles.com\/fr\/wp-json\/wp\/v2\/media\/2505"}],"wp:attachment":[{"href":"https:\/\/glass-perfume-bottles.com\/fr\/wp-json\/wp\/v2\/media?parent=2504"}],"wp:term":[{"taxonomy":"product_brand","embeddable":true,"href":"https:\/\/glass-perfume-bottles.com\/fr\/wp-json\/wp\/v2\/product_brand?post=2504"},{"taxonomy":"product_cat","embeddable":true,"href":"https:\/\/glass-perfume-bottles.com\/fr\/wp-json\/wp\/v2\/product_cat?post=2504"},{"taxonomy":"product_tag","embeddable":true,"href":"https:\/\/glass-perfume-bottles.com\/fr\/wp-json\/wp\/v2\/product_tag?post=2504"}],"curies":[{"name":"wp","href":"https:\/\/api.w.org\/{rel}","templated":true}]}}