{"id":2774,"date":"2025-04-27T07:51:22","date_gmt":"2025-04-27T07:51:22","guid":{"rendered":"https:\/\/glass-perfume-bottles.com\/?post_type=product&#038;p=2774"},"modified":"2025-04-27T08:06:44","modified_gmt":"2025-04-27T08:06:44","slug":"high-end-150ml-cylinderical-bayonet-glass-scent-perfume-bottle-factory","status":"publish","type":"product","link":"https:\/\/glass-perfume-bottles.com\/fr\/produit\/high-end-150ml-cylinderical-bayonet-glass-scent-perfume-bottle-factory\/","title":{"rendered":"Usine de flacons de parfum en verre \u00e0 ba\u00efonnette cylindrique haut de gamme de 150 ml"},"content":{"rendered":"<table>\n<tbody>\n<tr>\n<td width=\"158\">Nom du produit<\/td>\n<td width=\"591\">Flacon de parfum en verre \u00e0 ba\u00efonnette<\/td>\n<\/tr>\n<tr>\n<td width=\"158\">Capacit\u00e9<\/td>\n<td width=\"591\">150 ml ou autre capacit\u00e9 personnalisable<\/td>\n<\/tr>\n<tr>\n<td width=\"158\">Taille<\/td>\n<td width=\"591\"><span data-spm-anchor-id=\"a261y.25179003.module-desc.i1.3bd14a48mlfSTF\">58 mm x 110 mm 250 g<\/span><\/td>\n<\/tr>\n<tr>\n<td width=\"158\">Bouche<\/td>\n<td width=\"591\">Ba\u00efonnette nord<\/td>\n<\/tr>\n<tr>\n<td width=\"158\">Mat\u00e9riel<\/td>\n<td width=\"591\">Verre blanc haut<\/td>\n<\/tr>\n<tr>\n<td width=\"158\">Couleur du corps<\/td>\n<td width=\"591\">Transparent, ambre, noir, givr\u00e9, noir mat, rose ou couleur personnalis\u00e9e<\/td>\n<\/tr>\n<tr>\n<td width=\"158\">Manutention de surface<\/td>\n<td width=\"591\">S\u00e9rigraphie, marquage \u00e0 chaud, rev\u00eatement UV, givr\u00e9, d\u00e9calcomanie, flocage, \u00e9tiquetage, peinture couleur ou personnalis\u00e9 selon vos besoins<\/td>\n<\/tr>\n<tr>\n<td width=\"158\">Usage<\/td>\n<td width=\"591\">Parfum, s\u00e9rum, huile essentielle, huile parfum\u00e9e d&#039;ambiance, toner, parfum, huile d&#039;aromath\u00e9rapie, etc. emballage cosm\u00e9tique<\/td>\n<\/tr>\n<tr>\n<td width=\"158\">Emballage<\/td>\n<td width=\"591\">Carton d&#039;exportation puis palette en contreplaqu\u00e9,<\/td>\n<\/tr>\n<tr>\n<td width=\"158\">MOQ5<\/td>\n<td width=\"591\">1 000 pi\u00e8ces (car il existe une conception personnalis\u00e9e)<\/td>\n<\/tr>\n<tr>\n<td width=\"158\">\u00c9chantillon<\/td>\n<td width=\"591\">\u00c9chantillon gratuit, frais de transport n\u00e9cessaires.<\/td>\n<\/tr>\n<tr>\n<td width=\"158\">Transport<\/td>\n<td width=\"591\">FedEx\/DHL\/EMS\/UPS\/TNT\/Par mer\/Par avion, etc.<\/td>\n<\/tr>\n<tr>\n<td width=\"158\">Mode de paiement<\/td>\n<td width=\"591\">Virement bancaire, L\/C, Western Union, Money Gram, Paypal, etc.<\/td>\n<\/tr>\n<tr>\n<td width=\"158\">D\u00e9lai de livraison<\/td>\n<td width=\"591\">\u00c9chantillon 1 \u00e0 2 jours, production de commande 20 \u00e0 45 jours selon les d\u00e9tails de la commande.<\/td>\n<\/tr>\n<tr>\n<td width=\"158\">Service<\/td>\n<td width=\"591\">Service OEM et ODM, service de conception, solution unique<\/td>\n<\/tr>\n<\/tbody>\n<\/table>\n<p>&nbsp;<\/p>\n<p>Ba\u00efonnette <a href=\"https:\/\/www.hyglassbottles.com\/news\/Empty-100ml-cyinder-glass-spray-perfume-bottle-factory.html\">flacon de parfum<\/a> usine fabriqu\u00e9e en verre blanc de haute qualit\u00e9, bouche \u00e0 sertir assortie <span style=\"font-family: var(--global-body-font-family);\">la t\u00eate de pompe \u00e0 pulv\u00e9risation de brume fine, la forme cylindrique unique est particuli\u00e8rement belle <\/span><span style=\"font-family: var(--global-body-font-family);\">conception, fine Mettez en valeur un style unique, acceptez le rev\u00eatement de couleur, le givr\u00e9, le rev\u00eatement en marbre, le flocage, etc., faites en sorte que votre marque \u00e9tablisse une image de marque unique et une reconnaissance sur le march\u00e9.<\/span><\/p>\n<p>Personnalis\u00e9<a href=\"https:\/\/glass-perfume-bottles.com\/fr\/100ml-premiun-square-thick-bottom-perfume-bottle-supplier\/\"> bouteille de parfum en verre<\/a> Emballage et assemblage de produits personnalis\u00e9s. L&#039;entreprise dispose d&#039;un personnel techniquement excellent, exp\u00e9riment\u00e9 et stable, capable d&#039;assembler les produits de diff\u00e9rentes mani\u00e8res selon les exigences des clients afin de mieux r\u00e9pondre \u00e0 leurs besoins d&#039;achat. N&#039;h\u00e9sitez pas \u00e0 nous contacter. Nous vous attendons.<\/p>","protected":false},"excerpt":{"rendered":"<p>Flacon de parfum cylindrique en verre \u00e0 ba\u00efonnette de 150 ml fabriqu\u00e9 en usine en verre blanc de haute qualit\u00e9, avec embout \u00e0 sertir <span style=\"font-family: var(--global-body-font-family);\">la t\u00eate de pompe \u00e0 pulv\u00e9risation de brume fine, la forme cylindrique unique est particuli\u00e8rement belle <\/span><span style=\"font-family: var(--global-body-font-family);\">conception, fine Mettez en valeur un style unique, acceptez le rev\u00eatement de couleur, le givr\u00e9, le rev\u00eatement en marbre, le flocage, etc., faites en sorte que votre marque \u00e9tablisse une image de marque unique et une reconnaissance sur le march\u00e9.<\/span><\/p>","protected":false},"featured_media":2775,"comment_status":"open","ping_status":"closed","template":"","meta":{"_kad_blocks_custom_css":"","_kad_blocks_head_custom_js":"","_kad_blocks_body_custom_js":"","_kad_blocks_footer_custom_js":"","_kad_post_transparent":"default","_kad_post_title":"","_kad_post_layout":"default","_kad_post_sidebar_id":"","_kad_post_content_style":"default","_kad_post_vertical_padding":"default","_kad_post_feature":"","_kad_post_feature_position":"","_kad_post_header":false,"_kad_post_footer":false,"_joinchat":[]},"product_brand":[],"product_cat":[51],"product_tag":[346,345,175,156,343,181],"class_list":{"0":"post-2774","1":"product","2":"type-product","3":"status-publish","4":"has-post-thumbnail","6":"product_cat-glass-perfume-bottles","7":"product_tag-custom-luxury-perfume-spray-bottle","8":"product_tag-frosted-perfume-bottle-supplier","9":"product_tag-glass-perfume-bottle-for-travel","10":"product_tag-luxury-perfume-bottle-supplier","11":"product_tag-perfume-bottle-wholesale","12":"product_tag-premium-perfume-bottle-manufacturer","14":"first","15":"instock","16":"shipping-taxable","17":"product-type-simple","18":"entry","19":"content-bg","20":"loop-entry"},"yoast_head":"<!-- This site is optimized with the Yoast SEO Premium plugin v20.5 (Yoast SEO v24.2) - https:\/\/yoast.com\/wordpress\/plugins\/seo\/ -->\n<title>Bayonet scent perfum bottle wholesale factory<\/title>\n<meta name=\"description\" content=\"Bayonet scent perfum bottle made of high white glass ,unique shape make your brand Establish a unique brand image and recognition in the market.\" \/>\n<meta name=\"robots\" content=\"index, follow, max-snippet:-1, max-image-preview:large, max-video-preview:-1\" \/>\n<link rel=\"canonical\" href=\"https:\/\/glass-perfume-bottles.com\/fr\/produit\/high-end-150ml-cylinderical-bayonet-glass-scent-perfume-bottle-factory\/\" \/>\n<meta property=\"og:locale\" content=\"fr_FR\" \/>\n<meta property=\"og:type\" content=\"article\" \/>\n<meta property=\"og:title\" content=\"High-end 150ml Cylinderical bayonet glass scent perfume bottle factory\" \/>\n<meta property=\"og:description\" content=\"Bayonet scent perfum bottle made of high white glass ,unique shape make your brand Establish a unique brand image and recognition in the market.\" \/>\n<meta property=\"og:url\" content=\"https:\/\/glass-perfume-bottles.com\/fr\/produit\/high-end-150ml-cylinderical-bayonet-glass-scent-perfume-bottle-factory\/\" \/>\n<meta property=\"og:site_name\" content=\"HY GLASS\" \/>\n<meta property=\"article:modified_time\" content=\"2025-04-27T08:06:44+00:00\" \/>\n<meta property=\"og:image\" content=\"https:\/\/glass-perfume-bottles.com\/wp-content\/uploads\/2025\/04\/150ml-Cylinder-glass-scent-perfume-bottle-factory.jpg\" \/>\n\t<meta property=\"og:image:width\" content=\"720\" \/>\n\t<meta property=\"og:image:height\" content=\"720\" \/>\n\t<meta property=\"og:image:type\" content=\"image\/jpeg\" \/>\n<meta name=\"twitter:card\" content=\"summary_large_image\" \/>\n<meta name=\"twitter:label1\" content=\"Dur\u00e9e de lecture estim\u00e9e\" \/>\n\t<meta name=\"twitter:data1\" content=\"2 minutes\" \/>\n<script type=\"application\/ld+json\" class=\"yoast-schema-graph\">{\"@context\":\"https:\/\/schema.org\",\"@graph\":[{\"@type\":\"WebPage\",\"@id\":\"https:\/\/glass-perfume-bottles.com\/product\/high-end-150ml-cylinderical-bayonet-glass-scent-perfume-bottle-factory\/\",\"url\":\"https:\/\/glass-perfume-bottles.com\/product\/high-end-150ml-cylinderical-bayonet-glass-scent-perfume-bottle-factory\/\",\"name\":\"Bayonet scent perfum bottle wholesale factory\",\"isPartOf\":{\"@id\":\"https:\/\/glass-perfume-bottles.com\/#website\"},\"primaryImageOfPage\":{\"@id\":\"https:\/\/glass-perfume-bottles.com\/product\/high-end-150ml-cylinderical-bayonet-glass-scent-perfume-bottle-factory\/#primaryimage\"},\"image\":{\"@id\":\"https:\/\/glass-perfume-bottles.com\/product\/high-end-150ml-cylinderical-bayonet-glass-scent-perfume-bottle-factory\/#primaryimage\"},\"thumbnailUrl\":\"https:\/\/glass-perfume-bottles.com\/wp-content\/uploads\/2025\/04\/150ml-Cylinder-glass-scent-perfume-bottle-factory.jpg\",\"datePublished\":\"2025-04-27T07:51:22+00:00\",\"dateModified\":\"2025-04-27T08:06:44+00:00\",\"description\":\"Bayonet scent perfum bottle made of high white glass ,unique shape make your brand Establish a unique brand image and recognition in the market.\",\"breadcrumb\":{\"@id\":\"https:\/\/glass-perfume-bottles.com\/product\/high-end-150ml-cylinderical-bayonet-glass-scent-perfume-bottle-factory\/#breadcrumb\"},\"inLanguage\":\"fr-FR\",\"potentialAction\":[{\"@type\":\"ReadAction\",\"target\":[\"https:\/\/glass-perfume-bottles.com\/product\/high-end-150ml-cylinderical-bayonet-glass-scent-perfume-bottle-factory\/\"]}]},{\"@type\":\"ImageObject\",\"inLanguage\":\"fr-FR\",\"@id\":\"https:\/\/glass-perfume-bottles.com\/product\/high-end-150ml-cylinderical-bayonet-glass-scent-perfume-bottle-factory\/#primaryimage\",\"url\":\"https:\/\/glass-perfume-bottles.com\/wp-content\/uploads\/2025\/04\/150ml-Cylinder-glass-scent-perfume-bottle-factory.jpg\",\"contentUrl\":\"https:\/\/glass-perfume-bottles.com\/wp-content\/uploads\/2025\/04\/150ml-Cylinder-glass-scent-perfume-bottle-factory.jpg\",\"width\":720,\"height\":720,\"caption\":\"High-end 150ml Cylinderical bayonet glass scent perfume bottle factory\"},{\"@type\":\"BreadcrumbList\",\"@id\":\"https:\/\/glass-perfume-bottles.com\/product\/high-end-150ml-cylinderical-bayonet-glass-scent-perfume-bottle-factory\/#breadcrumb\",\"itemListElement\":[{\"@type\":\"ListItem\",\"position\":1,\"name\":\"Home\",\"item\":\"https:\/\/glass-perfume-bottles.com\/\"},{\"@type\":\"ListItem\",\"position\":2,\"name\":\"Product\",\"item\":\"https:\/\/glass-perfume-bottles.com\/custom-made-perfume-bottle-suppliers-and-wholesale\/\"},{\"@type\":\"ListItem\",\"position\":3,\"name\":\"High-end 150ml Cylinderical bayonet glass scent perfume bottle factory\"}]},{\"@type\":\"WebSite\",\"@id\":\"https:\/\/glass-perfume-bottles.com\/#website\",\"url\":\"https:\/\/glass-perfume-bottles.com\/\",\"name\":\"HY GLASS\",\"description\":\"glass perfume bottle manufacturers &amp; suppliers, aroma reed diffuser bottle wholesale &amp; suppliers\",\"publisher\":{\"@id\":\"https:\/\/glass-perfume-bottles.com\/#organization\"},\"potentialAction\":[{\"@type\":\"SearchAction\",\"target\":{\"@type\":\"EntryPoint\",\"urlTemplate\":\"https:\/\/glass-perfume-bottles.com\/?s={search_term_string}\"},\"query-input\":{\"@type\":\"PropertyValueSpecification\",\"valueRequired\":true,\"valueName\":\"search_term_string\"}}],\"inLanguage\":\"fr-FR\"},{\"@type\":\"Organization\",\"@id\":\"https:\/\/glass-perfume-bottles.com\/#organization\",\"name\":\"HY GLASS\",\"url\":\"https:\/\/glass-perfume-bottles.com\/\",\"logo\":{\"@type\":\"ImageObject\",\"inLanguage\":\"fr-FR\",\"@id\":\"https:\/\/glass-perfume-bottles.com\/#\/schema\/logo\/image\/\",\"url\":\"https:\/\/glass-perfume-bottles.com\/wp-content\/uploads\/2023\/09\/logo21.png\",\"contentUrl\":\"https:\/\/glass-perfume-bottles.com\/wp-content\/uploads\/2023\/09\/logo21.png\",\"width\":342,\"height\":268,\"caption\":\"HY GLASS\"},\"image\":{\"@id\":\"https:\/\/glass-perfume-bottles.com\/#\/schema\/logo\/image\/\"}}]}<\/script>\n<!-- \/ Yoast SEO Premium plugin. -->","yoast_head_json":{"title":"Bayonet scent perfum bottle wholesale factory","description":"Bayonet scent perfum bottle made of high white glass ,unique shape make your brand Establish a unique brand image and recognition in the market.","robots":{"index":"index","follow":"follow","max-snippet":"max-snippet:-1","max-image-preview":"max-image-preview:large","max-video-preview":"max-video-preview:-1"},"canonical":"https:\/\/glass-perfume-bottles.com\/fr\/produit\/high-end-150ml-cylinderical-bayonet-glass-scent-perfume-bottle-factory\/","og_locale":"fr_FR","og_type":"article","og_title":"High-end 150ml Cylinderical bayonet glass scent perfume bottle factory","og_description":"Bayonet scent perfum bottle made of high white glass ,unique shape make your brand Establish a unique brand image and recognition in the market.","og_url":"https:\/\/glass-perfume-bottles.com\/fr\/produit\/high-end-150ml-cylinderical-bayonet-glass-scent-perfume-bottle-factory\/","og_site_name":"HY GLASS","article_modified_time":"2025-04-27T08:06:44+00:00","og_image":[{"width":720,"height":720,"url":"https:\/\/glass-perfume-bottles.com\/wp-content\/uploads\/2025\/04\/150ml-Cylinder-glass-scent-perfume-bottle-factory.jpg","type":"image\/jpeg"}],"twitter_card":"summary_large_image","twitter_misc":{"Dur\u00e9e de lecture estim\u00e9e":"2 minutes"},"schema":{"@context":"https:\/\/schema.org","@graph":[{"@type":"WebPage","@id":"https:\/\/glass-perfume-bottles.com\/product\/high-end-150ml-cylinderical-bayonet-glass-scent-perfume-bottle-factory\/","url":"https:\/\/glass-perfume-bottles.com\/product\/high-end-150ml-cylinderical-bayonet-glass-scent-perfume-bottle-factory\/","name":"Bayonet scent perfum bottle wholesale factory","isPartOf":{"@id":"https:\/\/glass-perfume-bottles.com\/#website"},"primaryImageOfPage":{"@id":"https:\/\/glass-perfume-bottles.com\/product\/high-end-150ml-cylinderical-bayonet-glass-scent-perfume-bottle-factory\/#primaryimage"},"image":{"@id":"https:\/\/glass-perfume-bottles.com\/product\/high-end-150ml-cylinderical-bayonet-glass-scent-perfume-bottle-factory\/#primaryimage"},"thumbnailUrl":"https:\/\/glass-perfume-bottles.com\/wp-content\/uploads\/2025\/04\/150ml-Cylinder-glass-scent-perfume-bottle-factory.jpg","datePublished":"2025-04-27T07:51:22+00:00","dateModified":"2025-04-27T08:06:44+00:00","description":"Bayonet scent perfum bottle made of high white glass ,unique shape make your brand Establish a unique brand image and recognition in the market.","breadcrumb":{"@id":"https:\/\/glass-perfume-bottles.com\/product\/high-end-150ml-cylinderical-bayonet-glass-scent-perfume-bottle-factory\/#breadcrumb"},"inLanguage":"fr-FR","potentialAction":[{"@type":"ReadAction","target":["https:\/\/glass-perfume-bottles.com\/product\/high-end-150ml-cylinderical-bayonet-glass-scent-perfume-bottle-factory\/"]}]},{"@type":"ImageObject","inLanguage":"fr-FR","@id":"https:\/\/glass-perfume-bottles.com\/product\/high-end-150ml-cylinderical-bayonet-glass-scent-perfume-bottle-factory\/#primaryimage","url":"https:\/\/glass-perfume-bottles.com\/wp-content\/uploads\/2025\/04\/150ml-Cylinder-glass-scent-perfume-bottle-factory.jpg","contentUrl":"https:\/\/glass-perfume-bottles.com\/wp-content\/uploads\/2025\/04\/150ml-Cylinder-glass-scent-perfume-bottle-factory.jpg","width":720,"height":720,"caption":"High-end 150ml Cylinderical bayonet glass scent perfume bottle factory"},{"@type":"BreadcrumbList","@id":"https:\/\/glass-perfume-bottles.com\/product\/high-end-150ml-cylinderical-bayonet-glass-scent-perfume-bottle-factory\/#breadcrumb","itemListElement":[{"@type":"ListItem","position":1,"name":"Home","item":"https:\/\/glass-perfume-bottles.com\/"},{"@type":"ListItem","position":2,"name":"Product","item":"https:\/\/glass-perfume-bottles.com\/custom-made-perfume-bottle-suppliers-and-wholesale\/"},{"@type":"ListItem","position":3,"name":"High-end 150ml Cylinderical bayonet glass scent perfume bottle factory"}]},{"@type":"WebSite","@id":"https:\/\/glass-perfume-bottles.com\/#website","url":"https:\/\/glass-perfume-bottles.com\/","name":"HY GLASS","description":"glass perfume bottle manufacturers &amp; suppliers, aroma reed diffuser bottle wholesale &amp; suppliers","publisher":{"@id":"https:\/\/glass-perfume-bottles.com\/#organization"},"potentialAction":[{"@type":"SearchAction","target":{"@type":"EntryPoint","urlTemplate":"https:\/\/glass-perfume-bottles.com\/?s={search_term_string}"},"query-input":{"@type":"PropertyValueSpecification","valueRequired":true,"valueName":"search_term_string"}}],"inLanguage":"fr-FR"},{"@type":"Organization","@id":"https:\/\/glass-perfume-bottles.com\/#organization","name":"HY GLASS","url":"https:\/\/glass-perfume-bottles.com\/","logo":{"@type":"ImageObject","inLanguage":"fr-FR","@id":"https:\/\/glass-perfume-bottles.com\/#\/schema\/logo\/image\/","url":"https:\/\/glass-perfume-bottles.com\/wp-content\/uploads\/2023\/09\/logo21.png","contentUrl":"https:\/\/glass-perfume-bottles.com\/wp-content\/uploads\/2023\/09\/logo21.png","width":342,"height":268,"caption":"HY GLASS"},"image":{"@id":"https:\/\/glass-perfume-bottles.com\/#\/schema\/logo\/image\/"}}]}},"taxonomy_info":{"product_cat":[{"value":51,"label":"Glass Perfume Bottle"}],"product_tag":[{"value":346,"label":"Custom Luxury Perfume Spray Bottle"},{"value":345,"label":"Frosted perfume bottle supplier"},{"value":175,"label":"Glass perfume bottle for travel"},{"value":156,"label":"Luxury perfume bottle supplier"},{"value":343,"label":"Perfume Bottle wholesale"},{"value":181,"label":"Premium perfume bottle manufacturer"}]},"featured_image_src_large":["https:\/\/glass-perfume-bottles.com\/wp-content\/uploads\/2025\/04\/150ml-Cylinder-glass-scent-perfume-bottle-factory.jpg",720,720,false],"author_info":[],"comment_info":0,"_links":{"self":[{"href":"https:\/\/glass-perfume-bottles.com\/fr\/wp-json\/wp\/v2\/product\/2774","targetHints":{"allow":["GET"]}}],"collection":[{"href":"https:\/\/glass-perfume-bottles.com\/fr\/wp-json\/wp\/v2\/product"}],"about":[{"href":"https:\/\/glass-perfume-bottles.com\/fr\/wp-json\/wp\/v2\/types\/product"}],"replies":[{"embeddable":true,"href":"https:\/\/glass-perfume-bottles.com\/fr\/wp-json\/wp\/v2\/comments?post=2774"}],"wp:featuredmedia":[{"embeddable":true,"href":"https:\/\/glass-perfume-bottles.com\/fr\/wp-json\/wp\/v2\/media\/2775"}],"wp:attachment":[{"href":"https:\/\/glass-perfume-bottles.com\/fr\/wp-json\/wp\/v2\/media?parent=2774"}],"wp:term":[{"taxonomy":"product_brand","embeddable":true,"href":"https:\/\/glass-perfume-bottles.com\/fr\/wp-json\/wp\/v2\/product_brand?post=2774"},{"taxonomy":"product_cat","embeddable":true,"href":"https:\/\/glass-perfume-bottles.com\/fr\/wp-json\/wp\/v2\/product_cat?post=2774"},{"taxonomy":"product_tag","embeddable":true,"href":"https:\/\/glass-perfume-bottles.com\/fr\/wp-json\/wp\/v2\/product_tag?post=2774"}],"curies":[{"name":"wp","href":"https:\/\/api.w.org\/{rel}","templated":true}]}}