{"id":2800,"date":"2025-05-05T02:52:04","date_gmt":"2025-05-05T02:52:04","guid":{"rendered":"https:\/\/glass-perfume-bottles.com\/?post_type=product&#038;p=2800"},"modified":"2025-05-05T10:26:32","modified_gmt":"2025-05-05T10:26:32","slug":"customize-square-glass-aroma-reed-diffuser-bottle-with-screw-cap","status":"publish","type":"product","link":"https:\/\/glass-perfume-bottles.com\/fr\/produit\/customize-square-glass-aroma-reed-diffuser-bottle-with-screw-cap\/","title":{"rendered":"Personnalisez votre flacon diffuseur d&#039;ar\u00f4mes en verre carr\u00e9 avec bouchon \u00e0 vis"},"content":{"rendered":"<table>\n<tbody>\n<tr>\n<td width=\"158\">Nom du produit<\/td>\n<td width=\"591\">Flacon diffuseur d&#039;ar\u00f4mes carr\u00e9 en verre avec bouchon<\/td>\n<\/tr>\n<tr>\n<td width=\"158\">Capacit\u00e9<\/td>\n<td width=\"591\">100 ml, 150 ml, 200 ml ou personnalis\u00e9<\/td>\n<\/tr>\n<tr>\n<td width=\"158\">Taille<\/td>\n<td width=\"591\">\u00a0<strong>100 m<\/strong>\uff1a6,4 cm x 3,3 cm x 11,6 cm<\/p>\n<p><strong>150 ml<\/strong>\uff1a7,2 cm x 3,7 cm x 11,8 cm<\/p>\n<p><strong>200 ml<\/strong>: 8 cm x 4 cm x 12,9 cm<\/td>\n<\/tr>\n<tr>\n<td width=\"158\">Poids<\/td>\n<td width=\"591\">\u00a0<strong>100 ml :<\/strong>200g<\/p>\n<p><strong>150 ml :<\/strong>250g<\/p>\n<p><strong>200 ml :<\/strong>312 g<\/td>\n<\/tr>\n<tr>\n<td width=\"158\">Mat\u00e9riel<\/td>\n<td width=\"591\">Verre de qualit\u00e9 sup\u00e9rieure r\u00e9sistant aux hautes temp\u00e9ratures<\/td>\n<\/tr>\n<tr>\n<td width=\"158\">Couleur du corps<\/td>\n<td width=\"591\">Rouge, noir, bleu, givr\u00e9, vert, rose ou couleur personnalis\u00e9e<\/td>\n<\/tr>\n<tr>\n<td width=\"158\">Manutention de surface<\/td>\n<td width=\"591\">S\/S, H\/S, givr\u00e9, m\u00e9tallis\u00e9, flocage, holographique, rev\u00eatement en marbre, nacr\u00e9, etc. Ou personnalis\u00e9 selon vos besoins<\/td>\n<\/tr>\n<tr>\n<td width=\"158\">Usage<\/td>\n<td width=\"591\">\u00a0Emballage d&#039;huile d&#039;aromath\u00e9rapie\/huile essentielle\/d\u00e9odorant\/d\u00e9sodorisant, etc.<\/td>\n<\/tr>\n<tr>\n<td width=\"158\">Emballage<\/td>\n<td width=\"591\">Carton d&#039;exportation puis palette en contreplaqu\u00e9,<\/td>\n<\/tr>\n<tr>\n<td width=\"158\">Quantit\u00e9 minimale de commande<\/td>\n<td width=\"591\">2 000 pi\u00e8ces (car il existe une conception personnalis\u00e9e)<\/td>\n<\/tr>\n<tr>\n<td width=\"158\">\u00c9chantillon<\/td>\n<td width=\"591\">\u00c9chantillon gratuit, frais de transport n\u00e9cessaires.<\/td>\n<\/tr>\n<tr>\n<td width=\"158\">Transport<\/td>\n<td width=\"591\">FedEx\/DHL\/EMS\/UPS\/TNT\/Par mer\/Par avion, etc.<\/td>\n<\/tr>\n<tr>\n<td width=\"158\">Mode de paiement<\/td>\n<td width=\"591\">Virement bancaire, L\/C, Western Union, Money Gram, Paypal, etc.<\/td>\n<\/tr>\n<tr>\n<td width=\"158\">D\u00e9lai de livraison<\/td>\n<td width=\"591\">\u00c9chantillon 1 \u00e0 2 jours, production de commande 20 \u00e0 45 jours selon les d\u00e9tails de la commande.<\/td>\n<\/tr>\n<tr>\n<td width=\"158\">Service<\/td>\n<td width=\"591\">Service OEM et ODM, service de conception, solution unique<\/td>\n<\/tr>\n<\/tbody>\n<\/table>\n<p>&nbsp;<\/p>\n<p><a href=\"https:\/\/glass-perfume-bottles.com\/fr\/custom-50ml-100ml-cube-reed-diffuser-bottle-factory\/\">Flacon diffuseur<\/a> fabriqu\u00e9 en verre blanc de haute qualit\u00e9, capacit\u00e9 de 100 ml \u00e0 200 ml, il convient \u00e0 l&#039;emballage de produits haut de gamme.<\/p>\n<p>L&#039;emballage du flacon diffuseur d&#039;ar\u00f4mes de cosm\u00e9tiques haut de gamme, de parfums, d&#039;alcool, de d\u00e9odorant, d&#039;huile d&#039;aromath\u00e9rapie, de d\u00e9sodorisant et d&#039;autres produits ajoute une sensation de luxe et de haute qualit\u00e9 aux produits.<\/p>\n<p><a href=\"https:\/\/glass-perfume-bottles.com\/fr\/50ml-amber-cylinder-glass-perfume-bottle-supplier\/\">VERRE HY<\/a>\u00a0avoir des professionnels\u00a0<a href=\"https:\/\/www.hyglassbottles.com\/product\/Custom-50ml-100ml-cube-glass-arome-reed-diffuser-bottle-factory.html\">bouteille de roseau aromatique<\/a> ligne de production et \u00e9quipe de conception, nous pouvons fournir un service de premier ordre et un produit stable pour le client, bienvenue envoyez-nous une demande, attendez-vous, personnalisez le carr\u00e9 <a href=\"https:\/\/glass-perfume-bottles.com\/fr\/produit\/100ml-colored-aroma-reed-diffuser-bottle-with-cork\/\">flacon diffuseur d&#039;ar\u00f4mes en verre<\/a> Avec bouchon \u00e0 vis, bouteille en verre blanc de haute qualit\u00e9, de haute qualit\u00e9 et de transparence, accepte la forme de bouteille de diffuseur d&#039;ar\u00f4mes personnalis\u00e9e et accepte le rev\u00eatement de couleur, le givr\u00e9, le rev\u00eatement en marbre, le flocage, etc.<\/p>\n<p>Bienvenue, envoyez-nous une demande, nous avons une ligne de production professionnelle et une \u00e9quipe de conception, nous pouvons fournir un service de premier ordre et un produit stable pour le client, attendez-vous.<\/p>","protected":false},"excerpt":{"rendered":"<p><a href=\"https:\/\/glass-perfume-bottles.com\/fr\/custom-50ml-100ml-cube-reed-diffuser-bottle-factory\/\">Flacon diffuseur<\/a> Fabriqu\u00e9 en verre blanc de haute qualit\u00e9, d&#039;une capacit\u00e9 de 100 ml \u00e0 200 ml, il convient \u00e0 l&#039;emballage de produits haut de gamme. L&#039;emballage de cosm\u00e9tiques, de parfums, d&#039;alcool et d&#039;autres produits haut de gamme ajoute une sensation de luxe et de haute qualit\u00e9 aux produits,<\/p>","protected":false},"featured_media":2849,"comment_status":"open","ping_status":"closed","template":"","meta":{"_kad_blocks_custom_css":"","_kad_blocks_head_custom_js":"","_kad_blocks_body_custom_js":"","_kad_blocks_footer_custom_js":"","_kad_post_transparent":"default","_kad_post_title":"","_kad_post_layout":"default","_kad_post_sidebar_id":"","_kad_post_content_style":"default","_kad_post_vertical_padding":"default","_kad_post_feature":"","_kad_post_feature_position":"","_kad_post_header":false,"_kad_post_footer":false,"_joinchat":{"telephone":"+8613813299086"}},"product_brand":[],"product_cat":[71],"product_tag":[72,73,76,75,391,74],"class_list":{"0":"post-2800","1":"product","2":"type-product","3":"status-publish","4":"has-post-thumbnail","6":"product_cat-glass-aroma-reed-diffuser-bottle-1","7":"product_tag-aroma-reed-diffuser-bottle","8":"product_tag-empty-reed-diffuser-bottle-supplier","9":"product_tag-home-fragrance-oil-bottle-wholesale","10":"product_tag-reed-diffuser-bottle-manufacturer","11":"product_tag-scent-diffuser-bottle-supplier","12":"product_tag-wholesale-aromatherapy-bottle-factory","14":"first","15":"instock","16":"shipping-taxable","17":"product-type-simple","18":"entry","19":"content-bg","20":"loop-entry"},"yoast_head":"<!-- This site is optimized with the Yoast SEO Premium plugin v20.5 (Yoast SEO v24.2) - https:\/\/yoast.com\/wordpress\/plugins\/seo\/ -->\n<title>150ml colored glass aroma reed diffuser bottle<\/title>\n<meta name=\"description\" content=\"150ml Square glass aroma reed diffuser bottle made of Luxury glass aroma reed diffuser bottle made of high white glass material\" \/>\n<meta name=\"robots\" content=\"index, follow, max-snippet:-1, max-image-preview:large, max-video-preview:-1\" \/>\n<link rel=\"canonical\" href=\"https:\/\/glass-perfume-bottles.com\/fr\/produit\/customize-square-glass-aroma-reed-diffuser-bottle-with-screw-cap\/\" \/>\n<meta property=\"og:locale\" content=\"fr_FR\" \/>\n<meta property=\"og:type\" content=\"article\" \/>\n<meta property=\"og:title\" content=\"Customize square glass aroma reed diffuser bottle with screw cap\" \/>\n<meta property=\"og:description\" content=\"150ml Square glass aroma reed diffuser bottle made of Luxury glass aroma reed diffuser bottle made of high white glass material\" \/>\n<meta property=\"og:url\" content=\"https:\/\/glass-perfume-bottles.com\/fr\/produit\/customize-square-glass-aroma-reed-diffuser-bottle-with-screw-cap\/\" \/>\n<meta property=\"og:site_name\" content=\"HY GLASS\" \/>\n<meta property=\"article:modified_time\" content=\"2025-05-05T10:26:32+00:00\" \/>\n<meta property=\"og:image\" content=\"https:\/\/glass-perfume-bottles.com\/wp-content\/uploads\/2025\/05\/100ml-150ml-200ml-Glass-aroma-reed-diffuser-bottle-with-screw-cap.jpg\" \/>\n\t<meta property=\"og:image:width\" content=\"720\" \/>\n\t<meta property=\"og:image:height\" content=\"720\" \/>\n\t<meta property=\"og:image:type\" content=\"image\/jpeg\" \/>\n<meta name=\"twitter:card\" content=\"summary_large_image\" \/>\n<meta name=\"twitter:label1\" content=\"Dur\u00e9e de lecture estim\u00e9e\" \/>\n\t<meta name=\"twitter:data1\" content=\"2 minutes\" \/>\n<script type=\"application\/ld+json\" class=\"yoast-schema-graph\">{\"@context\":\"https:\/\/schema.org\",\"@graph\":[{\"@type\":\"WebPage\",\"@id\":\"https:\/\/glass-perfume-bottles.com\/product\/customize-square-glass-aroma-reed-diffuser-bottle-with-screw-cap\/\",\"url\":\"https:\/\/glass-perfume-bottles.com\/product\/customize-square-glass-aroma-reed-diffuser-bottle-with-screw-cap\/\",\"name\":\"150ml colored glass aroma reed diffuser bottle\",\"isPartOf\":{\"@id\":\"https:\/\/glass-perfume-bottles.com\/#website\"},\"primaryImageOfPage\":{\"@id\":\"https:\/\/glass-perfume-bottles.com\/product\/customize-square-glass-aroma-reed-diffuser-bottle-with-screw-cap\/#primaryimage\"},\"image\":{\"@id\":\"https:\/\/glass-perfume-bottles.com\/product\/customize-square-glass-aroma-reed-diffuser-bottle-with-screw-cap\/#primaryimage\"},\"thumbnailUrl\":\"https:\/\/glass-perfume-bottles.com\/wp-content\/uploads\/2025\/05\/100ml-150ml-200ml-Glass-aroma-reed-diffuser-bottle-with-screw-cap.jpg\",\"datePublished\":\"2025-05-05T02:52:04+00:00\",\"dateModified\":\"2025-05-05T10:26:32+00:00\",\"description\":\"150ml Square glass aroma reed diffuser bottle made of Luxury glass aroma reed diffuser bottle made of high white glass material\",\"breadcrumb\":{\"@id\":\"https:\/\/glass-perfume-bottles.com\/product\/customize-square-glass-aroma-reed-diffuser-bottle-with-screw-cap\/#breadcrumb\"},\"inLanguage\":\"fr-FR\",\"potentialAction\":[{\"@type\":\"ReadAction\",\"target\":[\"https:\/\/glass-perfume-bottles.com\/product\/customize-square-glass-aroma-reed-diffuser-bottle-with-screw-cap\/\"]}]},{\"@type\":\"ImageObject\",\"inLanguage\":\"fr-FR\",\"@id\":\"https:\/\/glass-perfume-bottles.com\/product\/customize-square-glass-aroma-reed-diffuser-bottle-with-screw-cap\/#primaryimage\",\"url\":\"https:\/\/glass-perfume-bottles.com\/wp-content\/uploads\/2025\/05\/100ml-150ml-200ml-Glass-aroma-reed-diffuser-bottle-with-screw-cap.jpg\",\"contentUrl\":\"https:\/\/glass-perfume-bottles.com\/wp-content\/uploads\/2025\/05\/100ml-150ml-200ml-Glass-aroma-reed-diffuser-bottle-with-screw-cap.jpg\",\"width\":720,\"height\":720,\"caption\":\"Aroma reed diffuser bottle, Empty reed diffuser bottle supplier, Home fragrance oil bottle wholesale, Reed diffuser bottle manufacturer, Scent diffuser bottle supplier, Wholesale aromatherapy bottle factory\"},{\"@type\":\"BreadcrumbList\",\"@id\":\"https:\/\/glass-perfume-bottles.com\/product\/customize-square-glass-aroma-reed-diffuser-bottle-with-screw-cap\/#breadcrumb\",\"itemListElement\":[{\"@type\":\"ListItem\",\"position\":1,\"name\":\"Home\",\"item\":\"https:\/\/glass-perfume-bottles.com\/\"},{\"@type\":\"ListItem\",\"position\":2,\"name\":\"Product\",\"item\":\"https:\/\/glass-perfume-bottles.com\/custom-made-perfume-bottle-suppliers-and-wholesale\/\"},{\"@type\":\"ListItem\",\"position\":3,\"name\":\"Customize square glass aroma reed diffuser bottle with screw cap\"}]},{\"@type\":\"WebSite\",\"@id\":\"https:\/\/glass-perfume-bottles.com\/#website\",\"url\":\"https:\/\/glass-perfume-bottles.com\/\",\"name\":\"HY GLASS\",\"description\":\"glass perfume bottle manufacturers &amp; suppliers, aroma reed diffuser bottle wholesale &amp; suppliers\",\"publisher\":{\"@id\":\"https:\/\/glass-perfume-bottles.com\/#organization\"},\"potentialAction\":[{\"@type\":\"SearchAction\",\"target\":{\"@type\":\"EntryPoint\",\"urlTemplate\":\"https:\/\/glass-perfume-bottles.com\/?s={search_term_string}\"},\"query-input\":{\"@type\":\"PropertyValueSpecification\",\"valueRequired\":true,\"valueName\":\"search_term_string\"}}],\"inLanguage\":\"fr-FR\"},{\"@type\":\"Organization\",\"@id\":\"https:\/\/glass-perfume-bottles.com\/#organization\",\"name\":\"HY GLASS\",\"url\":\"https:\/\/glass-perfume-bottles.com\/\",\"logo\":{\"@type\":\"ImageObject\",\"inLanguage\":\"fr-FR\",\"@id\":\"https:\/\/glass-perfume-bottles.com\/#\/schema\/logo\/image\/\",\"url\":\"https:\/\/glass-perfume-bottles.com\/wp-content\/uploads\/2023\/09\/logo21.png\",\"contentUrl\":\"https:\/\/glass-perfume-bottles.com\/wp-content\/uploads\/2023\/09\/logo21.png\",\"width\":342,\"height\":268,\"caption\":\"HY GLASS\"},\"image\":{\"@id\":\"https:\/\/glass-perfume-bottles.com\/#\/schema\/logo\/image\/\"}}]}<\/script>\n<!-- \/ Yoast SEO Premium plugin. -->","yoast_head_json":{"title":"150ml colored glass aroma reed diffuser bottle","description":"150ml Square glass aroma reed diffuser bottle made of Luxury glass aroma reed diffuser bottle made of high white glass material","robots":{"index":"index","follow":"follow","max-snippet":"max-snippet:-1","max-image-preview":"max-image-preview:large","max-video-preview":"max-video-preview:-1"},"canonical":"https:\/\/glass-perfume-bottles.com\/fr\/produit\/customize-square-glass-aroma-reed-diffuser-bottle-with-screw-cap\/","og_locale":"fr_FR","og_type":"article","og_title":"Customize square glass aroma reed diffuser bottle with screw cap","og_description":"150ml Square glass aroma reed diffuser bottle made of Luxury glass aroma reed diffuser bottle made of high white glass material","og_url":"https:\/\/glass-perfume-bottles.com\/fr\/produit\/customize-square-glass-aroma-reed-diffuser-bottle-with-screw-cap\/","og_site_name":"HY GLASS","article_modified_time":"2025-05-05T10:26:32+00:00","og_image":[{"width":720,"height":720,"url":"https:\/\/glass-perfume-bottles.com\/wp-content\/uploads\/2025\/05\/100ml-150ml-200ml-Glass-aroma-reed-diffuser-bottle-with-screw-cap.jpg","type":"image\/jpeg"}],"twitter_card":"summary_large_image","twitter_misc":{"Dur\u00e9e de lecture estim\u00e9e":"2 minutes"},"schema":{"@context":"https:\/\/schema.org","@graph":[{"@type":"WebPage","@id":"https:\/\/glass-perfume-bottles.com\/product\/customize-square-glass-aroma-reed-diffuser-bottle-with-screw-cap\/","url":"https:\/\/glass-perfume-bottles.com\/product\/customize-square-glass-aroma-reed-diffuser-bottle-with-screw-cap\/","name":"150ml colored glass aroma reed diffuser bottle","isPartOf":{"@id":"https:\/\/glass-perfume-bottles.com\/#website"},"primaryImageOfPage":{"@id":"https:\/\/glass-perfume-bottles.com\/product\/customize-square-glass-aroma-reed-diffuser-bottle-with-screw-cap\/#primaryimage"},"image":{"@id":"https:\/\/glass-perfume-bottles.com\/product\/customize-square-glass-aroma-reed-diffuser-bottle-with-screw-cap\/#primaryimage"},"thumbnailUrl":"https:\/\/glass-perfume-bottles.com\/wp-content\/uploads\/2025\/05\/100ml-150ml-200ml-Glass-aroma-reed-diffuser-bottle-with-screw-cap.jpg","datePublished":"2025-05-05T02:52:04+00:00","dateModified":"2025-05-05T10:26:32+00:00","description":"150ml Square glass aroma reed diffuser bottle made of Luxury glass aroma reed diffuser bottle made of high white glass material","breadcrumb":{"@id":"https:\/\/glass-perfume-bottles.com\/product\/customize-square-glass-aroma-reed-diffuser-bottle-with-screw-cap\/#breadcrumb"},"inLanguage":"fr-FR","potentialAction":[{"@type":"ReadAction","target":["https:\/\/glass-perfume-bottles.com\/product\/customize-square-glass-aroma-reed-diffuser-bottle-with-screw-cap\/"]}]},{"@type":"ImageObject","inLanguage":"fr-FR","@id":"https:\/\/glass-perfume-bottles.com\/product\/customize-square-glass-aroma-reed-diffuser-bottle-with-screw-cap\/#primaryimage","url":"https:\/\/glass-perfume-bottles.com\/wp-content\/uploads\/2025\/05\/100ml-150ml-200ml-Glass-aroma-reed-diffuser-bottle-with-screw-cap.jpg","contentUrl":"https:\/\/glass-perfume-bottles.com\/wp-content\/uploads\/2025\/05\/100ml-150ml-200ml-Glass-aroma-reed-diffuser-bottle-with-screw-cap.jpg","width":720,"height":720,"caption":"Aroma reed diffuser bottle, Empty reed diffuser bottle supplier, Home fragrance oil bottle wholesale, Reed diffuser bottle manufacturer, Scent diffuser bottle supplier, Wholesale aromatherapy bottle factory"},{"@type":"BreadcrumbList","@id":"https:\/\/glass-perfume-bottles.com\/product\/customize-square-glass-aroma-reed-diffuser-bottle-with-screw-cap\/#breadcrumb","itemListElement":[{"@type":"ListItem","position":1,"name":"Home","item":"https:\/\/glass-perfume-bottles.com\/"},{"@type":"ListItem","position":2,"name":"Product","item":"https:\/\/glass-perfume-bottles.com\/custom-made-perfume-bottle-suppliers-and-wholesale\/"},{"@type":"ListItem","position":3,"name":"Customize square glass aroma reed diffuser bottle with screw cap"}]},{"@type":"WebSite","@id":"https:\/\/glass-perfume-bottles.com\/#website","url":"https:\/\/glass-perfume-bottles.com\/","name":"HY GLASS","description":"glass perfume bottle manufacturers &amp; suppliers, aroma reed diffuser bottle wholesale &amp; suppliers","publisher":{"@id":"https:\/\/glass-perfume-bottles.com\/#organization"},"potentialAction":[{"@type":"SearchAction","target":{"@type":"EntryPoint","urlTemplate":"https:\/\/glass-perfume-bottles.com\/?s={search_term_string}"},"query-input":{"@type":"PropertyValueSpecification","valueRequired":true,"valueName":"search_term_string"}}],"inLanguage":"fr-FR"},{"@type":"Organization","@id":"https:\/\/glass-perfume-bottles.com\/#organization","name":"HY GLASS","url":"https:\/\/glass-perfume-bottles.com\/","logo":{"@type":"ImageObject","inLanguage":"fr-FR","@id":"https:\/\/glass-perfume-bottles.com\/#\/schema\/logo\/image\/","url":"https:\/\/glass-perfume-bottles.com\/wp-content\/uploads\/2023\/09\/logo21.png","contentUrl":"https:\/\/glass-perfume-bottles.com\/wp-content\/uploads\/2023\/09\/logo21.png","width":342,"height":268,"caption":"HY GLASS"},"image":{"@id":"https:\/\/glass-perfume-bottles.com\/#\/schema\/logo\/image\/"}}]}},"taxonomy_info":{"product_cat":[{"value":71,"label":"Glass Aroma Reed Diffuser Bottle"}],"product_tag":[{"value":72,"label":"Aroma reed diffuser bottle"},{"value":73,"label":"Empty reed diffuser bottle supplier"},{"value":76,"label":"Home fragrance oil bottle wholesale"},{"value":75,"label":"Reed diffuser bottle manufacturer"},{"value":391,"label":"Scent diffuser bottle supplier"},{"value":74,"label":"Wholesale aromatherapy bottle factory"}]},"featured_image_src_large":["https:\/\/glass-perfume-bottles.com\/wp-content\/uploads\/2025\/05\/100ml-150ml-200ml-Glass-aroma-reed-diffuser-bottle-with-screw-cap.jpg",720,720,false],"author_info":[],"comment_info":0,"_links":{"self":[{"href":"https:\/\/glass-perfume-bottles.com\/fr\/wp-json\/wp\/v2\/product\/2800","targetHints":{"allow":["GET"]}}],"collection":[{"href":"https:\/\/glass-perfume-bottles.com\/fr\/wp-json\/wp\/v2\/product"}],"about":[{"href":"https:\/\/glass-perfume-bottles.com\/fr\/wp-json\/wp\/v2\/types\/product"}],"replies":[{"embeddable":true,"href":"https:\/\/glass-perfume-bottles.com\/fr\/wp-json\/wp\/v2\/comments?post=2800"}],"wp:featuredmedia":[{"embeddable":true,"href":"https:\/\/glass-perfume-bottles.com\/fr\/wp-json\/wp\/v2\/media\/2849"}],"wp:attachment":[{"href":"https:\/\/glass-perfume-bottles.com\/fr\/wp-json\/wp\/v2\/media?parent=2800"}],"wp:term":[{"taxonomy":"product_brand","embeddable":true,"href":"https:\/\/glass-perfume-bottles.com\/fr\/wp-json\/wp\/v2\/product_brand?post=2800"},{"taxonomy":"product_cat","embeddable":true,"href":"https:\/\/glass-perfume-bottles.com\/fr\/wp-json\/wp\/v2\/product_cat?post=2800"},{"taxonomy":"product_tag","embeddable":true,"href":"https:\/\/glass-perfume-bottles.com\/fr\/wp-json\/wp\/v2\/product_tag?post=2800"}],"curies":[{"name":"wp","href":"https:\/\/api.w.org\/{rel}","templated":true}]}}