{"id":2801,"date":"2025-05-05T02:52:50","date_gmt":"2025-05-05T02:52:50","guid":{"rendered":"https:\/\/glass-perfume-bottles.com\/?post_type=product&#038;p=2801"},"modified":"2025-05-05T03:12:24","modified_gmt":"2025-05-05T03:12:24","slug":"premium-50ml-square-glass-fragrance-perfume-bottle-supplier","status":"publish","type":"product","link":"https:\/\/glass-perfume-bottles.com\/fr\/produit\/premium-50ml-square-glass-fragrance-perfume-bottle-supplier\/","title":{"rendered":"Fournisseur de flacons de parfum carr\u00e9s en verre de qualit\u00e9 sup\u00e9rieure de 50 ml"},"content":{"rendered":"<table>\n<tbody>\n<tr>\n<td width=\"158\">Nom du produit<\/td>\n<td width=\"591\">Flacon de parfum carr\u00e9 en verre de qualit\u00e9 sup\u00e9rieure de 50 ml<\/td>\n<\/tr>\n<tr>\n<td width=\"158\">Capacit\u00e9<\/td>\n<td width=\"591\">50 ml ou personnalis\u00e9<\/td>\n<\/tr>\n<tr>\n<td width=\"158\">Taille<\/td>\n<td width=\"591\"><b>\u00a066 mm x 28 mm x 90 mm\u00a0<\/b><\/td>\n<\/tr>\n<tr>\n<td width=\"158\">Bouche<\/td>\n<td width=\"591\"><span style=\"font-family: inherit; font-size: inherit;\">Embout \u00e0 sertir de 15 mm<\/span><\/td>\n<\/tr>\n<tr>\n<td width=\"158\">Mat\u00e9riel<\/td>\n<td width=\"591\">\u00a0Verre super flint<\/td>\n<\/tr>\n<tr>\n<td width=\"158\">Couleur du corps<\/td>\n<td width=\"591\">Rouge, noir, bleu, givr\u00e9, vert, transparent, or, rose ou couleur personnalis\u00e9e<\/td>\n<\/tr>\n<tr>\n<td width=\"158\">Manutention de surface<\/td>\n<td width=\"591\">S\/S, H\/S, givr\u00e9, m\u00e9tallis\u00e9, flocage, holographique, rev\u00eatement en marbre, nacr\u00e9, etc.<\/td>\n<\/tr>\n<tr>\n<td width=\"158\">Usage<\/td>\n<td width=\"591\">Parfum, s\u00e9rum, huile essentielle, huile parfum\u00e9e d&#039;int\u00e9rieur, assainisseur d&#039;air, toner, d\u00e9odorant, etc.<\/td>\n<\/tr>\n<tr>\n<td width=\"158\">Emballage<\/td>\n<td width=\"591\">Carton d&#039;exportation puis palette en contreplaqu\u00e9,<\/td>\n<\/tr>\n<tr>\n<td width=\"158\">Quantit\u00e9 minimale de commande<\/td>\n<td width=\"591\">5 000 pi\u00e8ces (car il existe une conception personnalis\u00e9e)<\/td>\n<\/tr>\n<tr>\n<td width=\"158\">\u00c9chantillon<\/td>\n<td width=\"591\">\u00c9chantillon gratuit, frais de transport n\u00e9cessaires.<\/td>\n<\/tr>\n<tr>\n<td width=\"158\">Transport<\/td>\n<td width=\"591\">FedEx\/DHL\/EMS\/UPS\/TNT\/Par mer\/Par avion, etc.<\/td>\n<\/tr>\n<tr>\n<td width=\"158\">Mode de paiement<\/td>\n<td width=\"591\">Virement bancaire, L\/C, Western Union, Money Gram, Paypal, etc.<\/td>\n<\/tr>\n<tr>\n<td width=\"158\">D\u00e9lai de livraison<\/td>\n<td width=\"591\">\u00c9chantillon 1 \u00e0 2 jours, production de commande 20 \u00e0 45 jours selon les d\u00e9tails de la commande.<\/td>\n<\/tr>\n<tr>\n<td width=\"158\">Service<\/td>\n<td width=\"591\">Service OEM et ODM, service de conception, solution unique<\/td>\n<\/tr>\n<\/tbody>\n<\/table>\n<p>&nbsp;<\/p>\n<p>Verre<a href=\"https:\/\/glass-perfume-bottles.com\/fr\/produit\/100ml-amber-sloping-shoulder-glass-perfume-bottle-supplier\/\"> flacon de parfum<\/a> Fabriqu\u00e9s en verre ultra-transparent, avec un fond \u00e9pais et un style carr\u00e9 unique, ces flacons de parfum en verre cosm\u00e9tique sont parfaits pour pr\u00e9server l&#039;intensit\u00e9 de vos parfums au fil du temps. Essayez-les d\u00e8s maintenant\u00a0!<\/p>\n<p>En tant que professionnel <a href=\"https:\/\/www.hyglassbottles.com\/product\/Luxury-50ml-100ml-sloping-shoulder-perfume-bottle-with-martin-spray-pump.html\">bouteille de parfum en verre<\/a> usine, nous avons produit diff\u00e9rentes formes et capacit\u00e9s pour le client, avons une ligne de production professionnelle et une \u00e9quipe de conception, nous pouvons fournir un service de premier ordre et un produit stable pour le client, bienvenue, envoyez-nous une demande, attendez-vous.<\/p>","protected":false},"excerpt":{"rendered":"<p>Flacon de parfum en verre cylindrique de 100 ml en gros en verre blanc haut, fond \u00e9pais avec conception cylindrique Mettez en valeur un style unique.<span style=\"font-family: var(--global-body-font-family);\">nous avons une ligne de production professionnelle et une \u00e9quipe de conception, nous pouvons fournir un service de premier ordre et un produit stable pour le client<\/span><\/p>\n<div class=\"summary entry-summary\">\n<div class=\"a2a_kit a2a_kit_size_32 addtoany_list\" data-a2a-url=\"https:\/\/glass-perfume-bottles.com\/product\/30ml-50ml-100ml-perfume-bottle-with-cap\/\" data-a2a-title=\"Wholesale 30ml 50ml 100ml cylinder Perfume bottle with cap\"><\/div>\n<\/div>\n<div class=\"woocommerce-tabs wc-tabs-wrapper\"><\/div>","protected":false},"featured_media":2802,"comment_status":"open","ping_status":"closed","template":"","meta":{"_kad_blocks_custom_css":"","_kad_blocks_head_custom_js":"","_kad_blocks_body_custom_js":"","_kad_blocks_footer_custom_js":"","_kad_post_transparent":"default","_kad_post_title":"","_kad_post_layout":"default","_kad_post_sidebar_id":"","_kad_post_content_style":"default","_kad_post_vertical_padding":"default","_kad_post_feature":"","_kad_post_feature_position":"","_kad_post_header":false,"_kad_post_footer":false,"_joinchat":{"telephone":"+8613813299086"}},"product_brand":[],"product_cat":[51],"product_tag":[69,155,374,358,66,373],"class_list":{"0":"post-2801","1":"product","2":"type-product","3":"status-publish","4":"has-post-thumbnail","6":"product_cat-glass-perfume-bottles","7":"product_tag-custom-glass-perfume-bottle-factory","8":"product_tag-empty-perfume-bottle-supplier","9":"product_tag-premium-perfume-bottle-factory","10":"product_tag-premium-perfume-bottle-portable","11":"product_tag-wholesale-glass-perfume-bottle","12":"product_tag-wholesale-perfume-bottle-manufacturer","14":"first","15":"instock","16":"shipping-taxable","17":"product-type-simple","18":"entry","19":"content-bg","20":"loop-entry"},"yoast_head":"<!-- This site is optimized with the Yoast SEO Premium plugin v20.5 (Yoast SEO v24.2) - https:\/\/yoast.com\/wordpress\/plugins\/seo\/ -->\n<title>Glass fragrance perfume bottle wholesale<\/title>\n<meta name=\"description\" content=\"Glass fragrance perfume bottle made ofsuper flint glass,thick bottom with cylinder design Highlight a unique square style make you brand stand out\" \/>\n<meta name=\"robots\" content=\"index, follow, max-snippet:-1, max-image-preview:large, max-video-preview:-1\" \/>\n<link rel=\"canonical\" href=\"https:\/\/glass-perfume-bottles.com\/fr\/produit\/premium-50ml-square-glass-fragrance-perfume-bottle-supplier\/\" \/>\n<meta property=\"og:locale\" content=\"fr_FR\" \/>\n<meta property=\"og:type\" content=\"article\" \/>\n<meta property=\"og:title\" content=\"Premium 50ml square glass fragrance perfume bottle supplier\" \/>\n<meta property=\"og:description\" content=\"Glass fragrance perfume bottle made ofsuper flint glass,thick bottom with cylinder design Highlight a unique square style make you brand stand out\" \/>\n<meta property=\"og:url\" content=\"https:\/\/glass-perfume-bottles.com\/fr\/produit\/premium-50ml-square-glass-fragrance-perfume-bottle-supplier\/\" \/>\n<meta property=\"og:site_name\" content=\"HY GLASS\" \/>\n<meta property=\"article:modified_time\" content=\"2025-05-05T03:12:24+00:00\" \/>\n<meta property=\"og:image\" content=\"https:\/\/glass-perfume-bottles.com\/wp-content\/uploads\/2025\/05\/Luxury-50ml-square-perfume-bottle-factory.jpg\" \/>\n\t<meta property=\"og:image:width\" content=\"720\" \/>\n\t<meta property=\"og:image:height\" content=\"720\" \/>\n\t<meta property=\"og:image:type\" content=\"image\/jpeg\" \/>\n<meta name=\"twitter:card\" content=\"summary_large_image\" \/>\n<meta name=\"twitter:label1\" content=\"Dur\u00e9e de lecture estim\u00e9e\" \/>\n\t<meta name=\"twitter:data1\" content=\"1 minute\" \/>\n<script type=\"application\/ld+json\" class=\"yoast-schema-graph\">{\"@context\":\"https:\/\/schema.org\",\"@graph\":[{\"@type\":\"WebPage\",\"@id\":\"https:\/\/glass-perfume-bottles.com\/product\/premium-50ml-square-glass-fragrance-perfume-bottle-supplier\/\",\"url\":\"https:\/\/glass-perfume-bottles.com\/product\/premium-50ml-square-glass-fragrance-perfume-bottle-supplier\/\",\"name\":\"Glass fragrance perfume bottle wholesale\",\"isPartOf\":{\"@id\":\"https:\/\/glass-perfume-bottles.com\/#website\"},\"primaryImageOfPage\":{\"@id\":\"https:\/\/glass-perfume-bottles.com\/product\/premium-50ml-square-glass-fragrance-perfume-bottle-supplier\/#primaryimage\"},\"image\":{\"@id\":\"https:\/\/glass-perfume-bottles.com\/product\/premium-50ml-square-glass-fragrance-perfume-bottle-supplier\/#primaryimage\"},\"thumbnailUrl\":\"https:\/\/glass-perfume-bottles.com\/wp-content\/uploads\/2025\/05\/Luxury-50ml-square-perfume-bottle-factory.jpg\",\"datePublished\":\"2025-05-05T02:52:50+00:00\",\"dateModified\":\"2025-05-05T03:12:24+00:00\",\"description\":\"Glass fragrance perfume bottle made ofsuper flint glass,thick bottom with cylinder design Highlight a unique square style make you brand stand out\",\"breadcrumb\":{\"@id\":\"https:\/\/glass-perfume-bottles.com\/product\/premium-50ml-square-glass-fragrance-perfume-bottle-supplier\/#breadcrumb\"},\"inLanguage\":\"fr-FR\",\"potentialAction\":[{\"@type\":\"ReadAction\",\"target\":[\"https:\/\/glass-perfume-bottles.com\/product\/premium-50ml-square-glass-fragrance-perfume-bottle-supplier\/\"]}]},{\"@type\":\"ImageObject\",\"inLanguage\":\"fr-FR\",\"@id\":\"https:\/\/glass-perfume-bottles.com\/product\/premium-50ml-square-glass-fragrance-perfume-bottle-supplier\/#primaryimage\",\"url\":\"https:\/\/glass-perfume-bottles.com\/wp-content\/uploads\/2025\/05\/Luxury-50ml-square-perfume-bottle-factory.jpg\",\"contentUrl\":\"https:\/\/glass-perfume-bottles.com\/wp-content\/uploads\/2025\/05\/Luxury-50ml-square-perfume-bottle-factory.jpg\",\"width\":720,\"height\":720,\"caption\":\"Custom glass perfume bottle factory,\u00a0Custom perfume bottle manufacturer,\u00a0Premium perfume bottle factory,Empty perfume bottle manufacturer,\u00a0Premium Perfume Bottle Portable,\u00a0Wholesale glass perfume bottle\"},{\"@type\":\"BreadcrumbList\",\"@id\":\"https:\/\/glass-perfume-bottles.com\/product\/premium-50ml-square-glass-fragrance-perfume-bottle-supplier\/#breadcrumb\",\"itemListElement\":[{\"@type\":\"ListItem\",\"position\":1,\"name\":\"Home\",\"item\":\"https:\/\/glass-perfume-bottles.com\/\"},{\"@type\":\"ListItem\",\"position\":2,\"name\":\"Product\",\"item\":\"https:\/\/glass-perfume-bottles.com\/custom-made-perfume-bottle-suppliers-and-wholesale\/\"},{\"@type\":\"ListItem\",\"position\":3,\"name\":\"Premium 50ml square glass fragrance perfume bottle supplier\"}]},{\"@type\":\"WebSite\",\"@id\":\"https:\/\/glass-perfume-bottles.com\/#website\",\"url\":\"https:\/\/glass-perfume-bottles.com\/\",\"name\":\"HY GLASS\",\"description\":\"glass perfume bottle manufacturers &amp; suppliers, aroma reed diffuser bottle wholesale &amp; suppliers\",\"publisher\":{\"@id\":\"https:\/\/glass-perfume-bottles.com\/#organization\"},\"potentialAction\":[{\"@type\":\"SearchAction\",\"target\":{\"@type\":\"EntryPoint\",\"urlTemplate\":\"https:\/\/glass-perfume-bottles.com\/?s={search_term_string}\"},\"query-input\":{\"@type\":\"PropertyValueSpecification\",\"valueRequired\":true,\"valueName\":\"search_term_string\"}}],\"inLanguage\":\"fr-FR\"},{\"@type\":\"Organization\",\"@id\":\"https:\/\/glass-perfume-bottles.com\/#organization\",\"name\":\"HY GLASS\",\"url\":\"https:\/\/glass-perfume-bottles.com\/\",\"logo\":{\"@type\":\"ImageObject\",\"inLanguage\":\"fr-FR\",\"@id\":\"https:\/\/glass-perfume-bottles.com\/#\/schema\/logo\/image\/\",\"url\":\"https:\/\/glass-perfume-bottles.com\/wp-content\/uploads\/2023\/09\/logo21.png\",\"contentUrl\":\"https:\/\/glass-perfume-bottles.com\/wp-content\/uploads\/2023\/09\/logo21.png\",\"width\":342,\"height\":268,\"caption\":\"HY GLASS\"},\"image\":{\"@id\":\"https:\/\/glass-perfume-bottles.com\/#\/schema\/logo\/image\/\"}}]}<\/script>\n<!-- \/ Yoast SEO Premium plugin. -->","yoast_head_json":{"title":"Glass fragrance perfume bottle wholesale","description":"Glass fragrance perfume bottle made ofsuper flint glass,thick bottom with cylinder design Highlight a unique square style make you brand stand out","robots":{"index":"index","follow":"follow","max-snippet":"max-snippet:-1","max-image-preview":"max-image-preview:large","max-video-preview":"max-video-preview:-1"},"canonical":"https:\/\/glass-perfume-bottles.com\/fr\/produit\/premium-50ml-square-glass-fragrance-perfume-bottle-supplier\/","og_locale":"fr_FR","og_type":"article","og_title":"Premium 50ml square glass fragrance perfume bottle supplier","og_description":"Glass fragrance perfume bottle made ofsuper flint glass,thick bottom with cylinder design Highlight a unique square style make you brand stand out","og_url":"https:\/\/glass-perfume-bottles.com\/fr\/produit\/premium-50ml-square-glass-fragrance-perfume-bottle-supplier\/","og_site_name":"HY GLASS","article_modified_time":"2025-05-05T03:12:24+00:00","og_image":[{"width":720,"height":720,"url":"https:\/\/glass-perfume-bottles.com\/wp-content\/uploads\/2025\/05\/Luxury-50ml-square-perfume-bottle-factory.jpg","type":"image\/jpeg"}],"twitter_card":"summary_large_image","twitter_misc":{"Dur\u00e9e de lecture estim\u00e9e":"1 minute"},"schema":{"@context":"https:\/\/schema.org","@graph":[{"@type":"WebPage","@id":"https:\/\/glass-perfume-bottles.com\/product\/premium-50ml-square-glass-fragrance-perfume-bottle-supplier\/","url":"https:\/\/glass-perfume-bottles.com\/product\/premium-50ml-square-glass-fragrance-perfume-bottle-supplier\/","name":"Glass fragrance perfume bottle wholesale","isPartOf":{"@id":"https:\/\/glass-perfume-bottles.com\/#website"},"primaryImageOfPage":{"@id":"https:\/\/glass-perfume-bottles.com\/product\/premium-50ml-square-glass-fragrance-perfume-bottle-supplier\/#primaryimage"},"image":{"@id":"https:\/\/glass-perfume-bottles.com\/product\/premium-50ml-square-glass-fragrance-perfume-bottle-supplier\/#primaryimage"},"thumbnailUrl":"https:\/\/glass-perfume-bottles.com\/wp-content\/uploads\/2025\/05\/Luxury-50ml-square-perfume-bottle-factory.jpg","datePublished":"2025-05-05T02:52:50+00:00","dateModified":"2025-05-05T03:12:24+00:00","description":"Glass fragrance perfume bottle made ofsuper flint glass,thick bottom with cylinder design Highlight a unique square style make you brand stand out","breadcrumb":{"@id":"https:\/\/glass-perfume-bottles.com\/product\/premium-50ml-square-glass-fragrance-perfume-bottle-supplier\/#breadcrumb"},"inLanguage":"fr-FR","potentialAction":[{"@type":"ReadAction","target":["https:\/\/glass-perfume-bottles.com\/product\/premium-50ml-square-glass-fragrance-perfume-bottle-supplier\/"]}]},{"@type":"ImageObject","inLanguage":"fr-FR","@id":"https:\/\/glass-perfume-bottles.com\/product\/premium-50ml-square-glass-fragrance-perfume-bottle-supplier\/#primaryimage","url":"https:\/\/glass-perfume-bottles.com\/wp-content\/uploads\/2025\/05\/Luxury-50ml-square-perfume-bottle-factory.jpg","contentUrl":"https:\/\/glass-perfume-bottles.com\/wp-content\/uploads\/2025\/05\/Luxury-50ml-square-perfume-bottle-factory.jpg","width":720,"height":720,"caption":"Custom glass perfume bottle factory,\u00a0Custom perfume bottle manufacturer,\u00a0Premium perfume bottle factory,Empty perfume bottle manufacturer,\u00a0Premium Perfume Bottle Portable,\u00a0Wholesale glass perfume bottle"},{"@type":"BreadcrumbList","@id":"https:\/\/glass-perfume-bottles.com\/product\/premium-50ml-square-glass-fragrance-perfume-bottle-supplier\/#breadcrumb","itemListElement":[{"@type":"ListItem","position":1,"name":"Home","item":"https:\/\/glass-perfume-bottles.com\/"},{"@type":"ListItem","position":2,"name":"Product","item":"https:\/\/glass-perfume-bottles.com\/custom-made-perfume-bottle-suppliers-and-wholesale\/"},{"@type":"ListItem","position":3,"name":"Premium 50ml square glass fragrance perfume bottle supplier"}]},{"@type":"WebSite","@id":"https:\/\/glass-perfume-bottles.com\/#website","url":"https:\/\/glass-perfume-bottles.com\/","name":"HY GLASS","description":"glass perfume bottle manufacturers &amp; suppliers, aroma reed diffuser bottle wholesale &amp; suppliers","publisher":{"@id":"https:\/\/glass-perfume-bottles.com\/#organization"},"potentialAction":[{"@type":"SearchAction","target":{"@type":"EntryPoint","urlTemplate":"https:\/\/glass-perfume-bottles.com\/?s={search_term_string}"},"query-input":{"@type":"PropertyValueSpecification","valueRequired":true,"valueName":"search_term_string"}}],"inLanguage":"fr-FR"},{"@type":"Organization","@id":"https:\/\/glass-perfume-bottles.com\/#organization","name":"HY GLASS","url":"https:\/\/glass-perfume-bottles.com\/","logo":{"@type":"ImageObject","inLanguage":"fr-FR","@id":"https:\/\/glass-perfume-bottles.com\/#\/schema\/logo\/image\/","url":"https:\/\/glass-perfume-bottles.com\/wp-content\/uploads\/2023\/09\/logo21.png","contentUrl":"https:\/\/glass-perfume-bottles.com\/wp-content\/uploads\/2023\/09\/logo21.png","width":342,"height":268,"caption":"HY GLASS"},"image":{"@id":"https:\/\/glass-perfume-bottles.com\/#\/schema\/logo\/image\/"}}]}},"taxonomy_info":{"product_cat":[{"value":51,"label":"Glass Perfume Bottle"}],"product_tag":[{"value":69,"label":"Custom glass perfume bottle factory"},{"value":155,"label":"Empty perfume bottle supplier"},{"value":374,"label":"Premium perfume bottle factory"},{"value":358,"label":"Premium Perfume Bottle Portable"},{"value":66,"label":"Wholesale glass perfume bottle"},{"value":373,"label":"Wholesale perfume bottle manufacturer"}]},"featured_image_src_large":["https:\/\/glass-perfume-bottles.com\/wp-content\/uploads\/2025\/05\/Luxury-50ml-square-perfume-bottle-factory.jpg",720,720,false],"author_info":[],"comment_info":0,"_links":{"self":[{"href":"https:\/\/glass-perfume-bottles.com\/fr\/wp-json\/wp\/v2\/product\/2801","targetHints":{"allow":["GET"]}}],"collection":[{"href":"https:\/\/glass-perfume-bottles.com\/fr\/wp-json\/wp\/v2\/product"}],"about":[{"href":"https:\/\/glass-perfume-bottles.com\/fr\/wp-json\/wp\/v2\/types\/product"}],"replies":[{"embeddable":true,"href":"https:\/\/glass-perfume-bottles.com\/fr\/wp-json\/wp\/v2\/comments?post=2801"}],"wp:featuredmedia":[{"embeddable":true,"href":"https:\/\/glass-perfume-bottles.com\/fr\/wp-json\/wp\/v2\/media\/2802"}],"wp:attachment":[{"href":"https:\/\/glass-perfume-bottles.com\/fr\/wp-json\/wp\/v2\/media?parent=2801"}],"wp:term":[{"taxonomy":"product_brand","embeddable":true,"href":"https:\/\/glass-perfume-bottles.com\/fr\/wp-json\/wp\/v2\/product_brand?post=2801"},{"taxonomy":"product_cat","embeddable":true,"href":"https:\/\/glass-perfume-bottles.com\/fr\/wp-json\/wp\/v2\/product_cat?post=2801"},{"taxonomy":"product_tag","embeddable":true,"href":"https:\/\/glass-perfume-bottles.com\/fr\/wp-json\/wp\/v2\/product_tag?post=2801"}],"curies":[{"name":"wp","href":"https:\/\/api.w.org\/{rel}","templated":true}]}}