{"id":2853,"date":"2025-05-06T01:56:15","date_gmt":"2025-05-06T01:56:15","guid":{"rendered":"https:\/\/glass-perfume-bottles.com\/?post_type=product&#038;p=2853"},"modified":"2025-05-06T02:19:16","modified_gmt":"2025-05-06T02:19:16","slug":"100ml-home-scent-fragrance-oil-bottle-with-fiber-stick","status":"publish","type":"product","link":"https:\/\/glass-perfume-bottles.com\/fr\/produit\/100ml-home-scent-fragrance-oil-bottle-with-fiber-stick\/","title":{"rendered":"Flacon d&#039;huile parfum\u00e9e pour la maison de 100 ml avec b\u00e2tonnet en fibre"},"content":{"rendered":"<table>\n<tbody>\n<tr>\n<td width=\"158\">Nom du produit parfait<\/td>\n<td width=\"591\">Bouteille d&#039;huile parfum\u00e9e pour la maison avec b\u00e2tonnet en fibre<\/td>\n<\/tr>\n<tr>\n<td width=\"158\">Capacit\u00e9<\/td>\n<td width=\"591\">100 ml ou personnalis\u00e9<\/td>\n<\/tr>\n<tr>\n<td width=\"158\">Taille<\/td>\n<td width=\"591\">\u00a06,3 cm x 8,2 cm<\/td>\n<\/tr>\n<tr>\n<td width=\"158\">Poids<\/td>\n<td width=\"591\">\u00a0168 g<\/td>\n<\/tr>\n<tr>\n<td width=\"158\">Mat\u00e9riel<\/td>\n<td width=\"591\">Verre blanc haut<\/td>\n<\/tr>\n<tr>\n<td width=\"158\">Couleur du corps<\/td>\n<td width=\"591\">Rouge, noir, bleu, givr\u00e9, vert, blanc, rose ou couleur personnalis\u00e9e<\/td>\n<\/tr>\n<tr>\n<td width=\"158\">Manutention de surface<\/td>\n<td width=\"591\">S\/S, H\/S, givr\u00e9, m\u00e9tallis\u00e9, flocage, holographique, rev\u00eatement en marbre, nacr\u00e9, etc. Ou personnalis\u00e9 selon vos besoins<\/td>\n<\/tr>\n<tr>\n<td width=\"158\">Usage<\/td>\n<td width=\"591\">\u00a0Emballage d&#039;huile d&#039;aromath\u00e9rapie\/huile essentielle\/d\u00e9odorant\/d\u00e9sodorisant, etc.<\/td>\n<\/tr>\n<tr>\n<td width=\"158\">Emballage<\/td>\n<td width=\"591\">Carton d&#039;exportation puis palette en contreplaqu\u00e9,<\/td>\n<\/tr>\n<tr>\n<td width=\"158\">Quantit\u00e9 minimale de commande<\/td>\n<td width=\"591\">2 000 pi\u00e8ces (car il existe une conception personnalis\u00e9e)<\/td>\n<\/tr>\n<tr>\n<td width=\"158\">\u00c9chantillon<\/td>\n<td width=\"591\">\u00c9chantillon gratuit, frais de transport n\u00e9cessaires.<\/td>\n<\/tr>\n<tr>\n<td width=\"158\">Transport<\/td>\n<td width=\"591\">FedEx\/DHL\/EMS\/UPS\/TNT\/Par mer\/Par avion, etc.<\/td>\n<\/tr>\n<tr>\n<td width=\"158\">Mode de paiement<\/td>\n<td width=\"591\">Virement bancaire, L\/C, Western Union, Money Gram, Paypal, etc.<\/td>\n<\/tr>\n<tr>\n<td width=\"158\">D\u00e9lai de livraison<\/td>\n<td width=\"591\">\u00c9chantillon 1 \u00e0 2 jours, production de commande 20 \u00e0 45 jours selon les d\u00e9tails de la commande.<\/td>\n<\/tr>\n<tr>\n<td width=\"158\">Service<\/td>\n<td width=\"591\">Service OEM et ODM, service de conception, solution unique<\/td>\n<\/tr>\n<\/tbody>\n<\/table>\n<p>&nbsp;<\/p>\n<p><a href=\"https:\/\/glass-perfume-bottles.com\/fr\/custom-50ml-100ml-cube-reed-diffuser-bottle-factory\/\">Bouteille d&#039;huile parfum\u00e9e pour la maison <\/a> Fabriqu\u00e9 en verre blanc de haute qualit\u00e9, de haute qualit\u00e9 et de transparence, la bouteille a un fond \u00e9pais et antid\u00e9rapant, elle est donc stable et difficile \u00e0 renverser.<\/p>\n<p>Capacit\u00e9 mini de 100 ml \u00e0 200 ml au choix, il peut contenir du parfum, de l&#039;huile essentielle, de la lotion, du toner, du d\u00e9odorant, du d\u00e9sodorisant, etc.<\/p>\n<p>Parfait pour \u00eatre plac\u00e9 dans le salon, la chambre, le bureau, la salle de bain, etc., ajoutant une paire de parfums \u00e0 l&#039;espace et am\u00e9liorant le bonheur de la vie \u00e0 la maison.<\/p>\n<p>nous pouvons \u00e9galement accepter des commandes personnalis\u00e9es <a href=\"https:\/\/www.hyglassbottles.com\/product\/100ml-Colored-aromatherapy-diffuser-botlte-with-fiber-stick.html\">flacon diffuseur d&#039;ar\u00f4mes<\/a> forme et accepte le rev\u00eatement de couleur, le givr\u00e9, le rev\u00eatement en marbre, le flocage, etc.<\/p>\n<p>Bienvenue, envoyez-nous une demande, nous avons une ligne de production professionnelle et une \u00e9quipe de conception, nous pouvons fournir un service de premier ordre et un produit stable pour le client, attendez-vous.<\/p>","protected":false},"excerpt":{"rendered":"<p><a href=\"https:\/\/glass-perfume-bottles.com\/fr\/custom-50ml-100ml-cube-reed-diffuser-bottle-factory\/\">Bouteille en verre pour aromath\u00e9rapie<\/a> Fabriqu\u00e9e en verre blanc de haute qualit\u00e9, la tasse est ronde et polie, pour une utilisation en toute confiance. Son fond \u00e9pais et antid\u00e9rapant assure sa stabilit\u00e9 et emp\u00eache tout basculement. Elle peut \u00eatre plac\u00e9e dans un salon, une chambre, un bureau, une salle de bain, etc., pour parfumer l&#039;espace et rehausser la convivialit\u00e9.<\/p>","protected":false},"featured_media":2854,"comment_status":"open","ping_status":"closed","template":"","meta":{"_kad_blocks_custom_css":"","_kad_blocks_head_custom_js":"","_kad_blocks_body_custom_js":"","_kad_blocks_footer_custom_js":"","_kad_post_transparent":"default","_kad_post_title":"","_kad_post_layout":"default","_kad_post_sidebar_id":"","_kad_post_content_style":"default","_kad_post_vertical_padding":"default","_kad_post_feature":"","_kad_post_feature_position":"","_kad_post_header":false,"_kad_post_footer":false,"_joinchat":{"telephone":"+8613813299086"}},"product_brand":[],"product_cat":[71],"product_tag":[395,394,392,393,396],"class_list":{"0":"post-2853","1":"product","2":"type-product","3":"status-publish","4":"has-post-thumbnail","6":"product_cat-glass-aroma-reed-diffuser-bottle-1","7":"product_tag-aroma-reed-diffuser-bottle-manufacturer","8":"product_tag-fragrance-oil-diffuser-bottle-refillable","9":"product_tag-home-scent-diffuser-bottle-supplier","10":"product_tag-scent-diffuser-bottle-factory","11":"product_tag-wholesale-aroma-diffuser-bottle","13":"first","14":"instock","15":"shipping-taxable","16":"product-type-simple","17":"entry","18":"content-bg","19":"loop-entry"},"yoast_head":"<!-- This site is optimized with the Yoast SEO Premium plugin v20.5 (Yoast SEO v24.2) - https:\/\/yoast.com\/wordpress\/plugins\/seo\/ -->\n<title>Fragrance oil bottle factory<\/title>\n<meta name=\"description\" content=\"Aromatherapy glass bottle made of made of high white glass material,capacity from 100ml-200ml it is suitable for the packaging of high-end products.\" \/>\n<meta name=\"robots\" content=\"index, follow, max-snippet:-1, max-image-preview:large, max-video-preview:-1\" \/>\n<link rel=\"canonical\" href=\"https:\/\/glass-perfume-bottles.com\/fr\/produit\/100ml-home-scent-fragrance-oil-bottle-with-fiber-stick\/\" \/>\n<meta property=\"og:locale\" content=\"fr_FR\" \/>\n<meta property=\"og:type\" content=\"article\" \/>\n<meta property=\"og:title\" content=\"100ml Home scent fragrance oil bottle with fiber stick\" \/>\n<meta property=\"og:description\" content=\"Aromatherapy glass bottle made of made of high white glass material,capacity from 100ml-200ml it is suitable for the packaging of high-end products.\" \/>\n<meta property=\"og:url\" content=\"https:\/\/glass-perfume-bottles.com\/fr\/produit\/100ml-home-scent-fragrance-oil-bottle-with-fiber-stick\/\" \/>\n<meta property=\"og:site_name\" content=\"HY GLASS\" \/>\n<meta property=\"article:modified_time\" content=\"2025-05-06T02:19:16+00:00\" \/>\n<meta property=\"og:image\" content=\"https:\/\/glass-perfume-bottles.com\/wp-content\/uploads\/2025\/05\/100ml-Home-scent-fragrance-oil-bottle-with-fiber-stick.jpg\" \/>\n\t<meta property=\"og:image:width\" content=\"720\" \/>\n\t<meta property=\"og:image:height\" content=\"720\" \/>\n\t<meta property=\"og:image:type\" content=\"image\/jpeg\" \/>\n<meta name=\"twitter:card\" content=\"summary_large_image\" \/>\n<meta name=\"twitter:label1\" content=\"Dur\u00e9e de lecture estim\u00e9e\" \/>\n\t<meta name=\"twitter:data1\" content=\"2 minutes\" \/>\n<script type=\"application\/ld+json\" class=\"yoast-schema-graph\">{\"@context\":\"https:\/\/schema.org\",\"@graph\":[{\"@type\":\"WebPage\",\"@id\":\"https:\/\/glass-perfume-bottles.com\/product\/100ml-home-scent-fragrance-oil-bottle-with-fiber-stick\/\",\"url\":\"https:\/\/glass-perfume-bottles.com\/product\/100ml-home-scent-fragrance-oil-bottle-with-fiber-stick\/\",\"name\":\"Fragrance oil bottle factory\",\"isPartOf\":{\"@id\":\"https:\/\/glass-perfume-bottles.com\/#website\"},\"primaryImageOfPage\":{\"@id\":\"https:\/\/glass-perfume-bottles.com\/product\/100ml-home-scent-fragrance-oil-bottle-with-fiber-stick\/#primaryimage\"},\"image\":{\"@id\":\"https:\/\/glass-perfume-bottles.com\/product\/100ml-home-scent-fragrance-oil-bottle-with-fiber-stick\/#primaryimage\"},\"thumbnailUrl\":\"https:\/\/glass-perfume-bottles.com\/wp-content\/uploads\/2025\/05\/100ml-Home-scent-fragrance-oil-bottle-with-fiber-stick.jpg\",\"datePublished\":\"2025-05-06T01:56:15+00:00\",\"dateModified\":\"2025-05-06T02:19:16+00:00\",\"description\":\"Aromatherapy glass bottle made of made of high white glass material,capacity from 100ml-200ml it is suitable for the packaging of high-end products.\",\"breadcrumb\":{\"@id\":\"https:\/\/glass-perfume-bottles.com\/product\/100ml-home-scent-fragrance-oil-bottle-with-fiber-stick\/#breadcrumb\"},\"inLanguage\":\"fr-FR\",\"potentialAction\":[{\"@type\":\"ReadAction\",\"target\":[\"https:\/\/glass-perfume-bottles.com\/product\/100ml-home-scent-fragrance-oil-bottle-with-fiber-stick\/\"]}]},{\"@type\":\"ImageObject\",\"inLanguage\":\"fr-FR\",\"@id\":\"https:\/\/glass-perfume-bottles.com\/product\/100ml-home-scent-fragrance-oil-bottle-with-fiber-stick\/#primaryimage\",\"url\":\"https:\/\/glass-perfume-bottles.com\/wp-content\/uploads\/2025\/05\/100ml-Home-scent-fragrance-oil-bottle-with-fiber-stick.jpg\",\"contentUrl\":\"https:\/\/glass-perfume-bottles.com\/wp-content\/uploads\/2025\/05\/100ml-Home-scent-fragrance-oil-bottle-with-fiber-stick.jpg\",\"width\":720,\"height\":720,\"caption\":\"\u00a0Aroma reed diffuser bottle manufacturer,\u00a0Fragrance oil diffuser bottle refillable,\u00a0Home scent diffuser bottle supplier,\u00a0Scent diffuser bottle factory,\u00a0Wholesale aroma diffuser bottle\"},{\"@type\":\"BreadcrumbList\",\"@id\":\"https:\/\/glass-perfume-bottles.com\/product\/100ml-home-scent-fragrance-oil-bottle-with-fiber-stick\/#breadcrumb\",\"itemListElement\":[{\"@type\":\"ListItem\",\"position\":1,\"name\":\"Home\",\"item\":\"https:\/\/glass-perfume-bottles.com\/\"},{\"@type\":\"ListItem\",\"position\":2,\"name\":\"Product\",\"item\":\"https:\/\/glass-perfume-bottles.com\/custom-made-perfume-bottle-suppliers-and-wholesale\/\"},{\"@type\":\"ListItem\",\"position\":3,\"name\":\"100ml Home scent fragrance oil bottle with fiber stick\"}]},{\"@type\":\"WebSite\",\"@id\":\"https:\/\/glass-perfume-bottles.com\/#website\",\"url\":\"https:\/\/glass-perfume-bottles.com\/\",\"name\":\"HY GLASS\",\"description\":\"glass perfume bottle manufacturers &amp; suppliers, aroma reed diffuser bottle wholesale &amp; suppliers\",\"publisher\":{\"@id\":\"https:\/\/glass-perfume-bottles.com\/#organization\"},\"potentialAction\":[{\"@type\":\"SearchAction\",\"target\":{\"@type\":\"EntryPoint\",\"urlTemplate\":\"https:\/\/glass-perfume-bottles.com\/?s={search_term_string}\"},\"query-input\":{\"@type\":\"PropertyValueSpecification\",\"valueRequired\":true,\"valueName\":\"search_term_string\"}}],\"inLanguage\":\"fr-FR\"},{\"@type\":\"Organization\",\"@id\":\"https:\/\/glass-perfume-bottles.com\/#organization\",\"name\":\"HY GLASS\",\"url\":\"https:\/\/glass-perfume-bottles.com\/\",\"logo\":{\"@type\":\"ImageObject\",\"inLanguage\":\"fr-FR\",\"@id\":\"https:\/\/glass-perfume-bottles.com\/#\/schema\/logo\/image\/\",\"url\":\"https:\/\/glass-perfume-bottles.com\/wp-content\/uploads\/2023\/09\/logo21.png\",\"contentUrl\":\"https:\/\/glass-perfume-bottles.com\/wp-content\/uploads\/2023\/09\/logo21.png\",\"width\":342,\"height\":268,\"caption\":\"HY GLASS\"},\"image\":{\"@id\":\"https:\/\/glass-perfume-bottles.com\/#\/schema\/logo\/image\/\"}}]}<\/script>\n<!-- \/ Yoast SEO Premium plugin. -->","yoast_head_json":{"title":"Fragrance oil bottle factory","description":"Aromatherapy glass bottle made of made of high white glass material,capacity from 100ml-200ml it is suitable for the packaging of high-end products.","robots":{"index":"index","follow":"follow","max-snippet":"max-snippet:-1","max-image-preview":"max-image-preview:large","max-video-preview":"max-video-preview:-1"},"canonical":"https:\/\/glass-perfume-bottles.com\/fr\/produit\/100ml-home-scent-fragrance-oil-bottle-with-fiber-stick\/","og_locale":"fr_FR","og_type":"article","og_title":"100ml Home scent fragrance oil bottle with fiber stick","og_description":"Aromatherapy glass bottle made of made of high white glass material,capacity from 100ml-200ml it is suitable for the packaging of high-end products.","og_url":"https:\/\/glass-perfume-bottles.com\/fr\/produit\/100ml-home-scent-fragrance-oil-bottle-with-fiber-stick\/","og_site_name":"HY GLASS","article_modified_time":"2025-05-06T02:19:16+00:00","og_image":[{"width":720,"height":720,"url":"https:\/\/glass-perfume-bottles.com\/wp-content\/uploads\/2025\/05\/100ml-Home-scent-fragrance-oil-bottle-with-fiber-stick.jpg","type":"image\/jpeg"}],"twitter_card":"summary_large_image","twitter_misc":{"Dur\u00e9e de lecture estim\u00e9e":"2 minutes"},"schema":{"@context":"https:\/\/schema.org","@graph":[{"@type":"WebPage","@id":"https:\/\/glass-perfume-bottles.com\/product\/100ml-home-scent-fragrance-oil-bottle-with-fiber-stick\/","url":"https:\/\/glass-perfume-bottles.com\/product\/100ml-home-scent-fragrance-oil-bottle-with-fiber-stick\/","name":"Fragrance oil bottle factory","isPartOf":{"@id":"https:\/\/glass-perfume-bottles.com\/#website"},"primaryImageOfPage":{"@id":"https:\/\/glass-perfume-bottles.com\/product\/100ml-home-scent-fragrance-oil-bottle-with-fiber-stick\/#primaryimage"},"image":{"@id":"https:\/\/glass-perfume-bottles.com\/product\/100ml-home-scent-fragrance-oil-bottle-with-fiber-stick\/#primaryimage"},"thumbnailUrl":"https:\/\/glass-perfume-bottles.com\/wp-content\/uploads\/2025\/05\/100ml-Home-scent-fragrance-oil-bottle-with-fiber-stick.jpg","datePublished":"2025-05-06T01:56:15+00:00","dateModified":"2025-05-06T02:19:16+00:00","description":"Aromatherapy glass bottle made of made of high white glass material,capacity from 100ml-200ml it is suitable for the packaging of high-end products.","breadcrumb":{"@id":"https:\/\/glass-perfume-bottles.com\/product\/100ml-home-scent-fragrance-oil-bottle-with-fiber-stick\/#breadcrumb"},"inLanguage":"fr-FR","potentialAction":[{"@type":"ReadAction","target":["https:\/\/glass-perfume-bottles.com\/product\/100ml-home-scent-fragrance-oil-bottle-with-fiber-stick\/"]}]},{"@type":"ImageObject","inLanguage":"fr-FR","@id":"https:\/\/glass-perfume-bottles.com\/product\/100ml-home-scent-fragrance-oil-bottle-with-fiber-stick\/#primaryimage","url":"https:\/\/glass-perfume-bottles.com\/wp-content\/uploads\/2025\/05\/100ml-Home-scent-fragrance-oil-bottle-with-fiber-stick.jpg","contentUrl":"https:\/\/glass-perfume-bottles.com\/wp-content\/uploads\/2025\/05\/100ml-Home-scent-fragrance-oil-bottle-with-fiber-stick.jpg","width":720,"height":720,"caption":"\u00a0Aroma reed diffuser bottle manufacturer,\u00a0Fragrance oil diffuser bottle refillable,\u00a0Home scent diffuser bottle supplier,\u00a0Scent diffuser bottle factory,\u00a0Wholesale aroma diffuser bottle"},{"@type":"BreadcrumbList","@id":"https:\/\/glass-perfume-bottles.com\/product\/100ml-home-scent-fragrance-oil-bottle-with-fiber-stick\/#breadcrumb","itemListElement":[{"@type":"ListItem","position":1,"name":"Home","item":"https:\/\/glass-perfume-bottles.com\/"},{"@type":"ListItem","position":2,"name":"Product","item":"https:\/\/glass-perfume-bottles.com\/custom-made-perfume-bottle-suppliers-and-wholesale\/"},{"@type":"ListItem","position":3,"name":"100ml Home scent fragrance oil bottle with fiber stick"}]},{"@type":"WebSite","@id":"https:\/\/glass-perfume-bottles.com\/#website","url":"https:\/\/glass-perfume-bottles.com\/","name":"HY GLASS","description":"glass perfume bottle manufacturers &amp; suppliers, aroma reed diffuser bottle wholesale &amp; suppliers","publisher":{"@id":"https:\/\/glass-perfume-bottles.com\/#organization"},"potentialAction":[{"@type":"SearchAction","target":{"@type":"EntryPoint","urlTemplate":"https:\/\/glass-perfume-bottles.com\/?s={search_term_string}"},"query-input":{"@type":"PropertyValueSpecification","valueRequired":true,"valueName":"search_term_string"}}],"inLanguage":"fr-FR"},{"@type":"Organization","@id":"https:\/\/glass-perfume-bottles.com\/#organization","name":"HY GLASS","url":"https:\/\/glass-perfume-bottles.com\/","logo":{"@type":"ImageObject","inLanguage":"fr-FR","@id":"https:\/\/glass-perfume-bottles.com\/#\/schema\/logo\/image\/","url":"https:\/\/glass-perfume-bottles.com\/wp-content\/uploads\/2023\/09\/logo21.png","contentUrl":"https:\/\/glass-perfume-bottles.com\/wp-content\/uploads\/2023\/09\/logo21.png","width":342,"height":268,"caption":"HY GLASS"},"image":{"@id":"https:\/\/glass-perfume-bottles.com\/#\/schema\/logo\/image\/"}}]}},"taxonomy_info":{"product_cat":[{"value":71,"label":"Glass Aroma Reed Diffuser Bottle"}],"product_tag":[{"value":395,"label":"Aroma reed diffuser bottle manufacturer"},{"value":394,"label":"Fragrance oil diffuser bottle refillable"},{"value":392,"label":"Home scent diffuser bottle supplier"},{"value":393,"label":"Scent diffuser bottle factory"},{"value":396,"label":"Wholesale aroma diffuser bottle"}]},"featured_image_src_large":["https:\/\/glass-perfume-bottles.com\/wp-content\/uploads\/2025\/05\/100ml-Home-scent-fragrance-oil-bottle-with-fiber-stick.jpg",720,720,false],"author_info":[],"comment_info":0,"_links":{"self":[{"href":"https:\/\/glass-perfume-bottles.com\/fr\/wp-json\/wp\/v2\/product\/2853","targetHints":{"allow":["GET"]}}],"collection":[{"href":"https:\/\/glass-perfume-bottles.com\/fr\/wp-json\/wp\/v2\/product"}],"about":[{"href":"https:\/\/glass-perfume-bottles.com\/fr\/wp-json\/wp\/v2\/types\/product"}],"replies":[{"embeddable":true,"href":"https:\/\/glass-perfume-bottles.com\/fr\/wp-json\/wp\/v2\/comments?post=2853"}],"wp:featuredmedia":[{"embeddable":true,"href":"https:\/\/glass-perfume-bottles.com\/fr\/wp-json\/wp\/v2\/media\/2854"}],"wp:attachment":[{"href":"https:\/\/glass-perfume-bottles.com\/fr\/wp-json\/wp\/v2\/media?parent=2853"}],"wp:term":[{"taxonomy":"product_brand","embeddable":true,"href":"https:\/\/glass-perfume-bottles.com\/fr\/wp-json\/wp\/v2\/product_brand?post=2853"},{"taxonomy":"product_cat","embeddable":true,"href":"https:\/\/glass-perfume-bottles.com\/fr\/wp-json\/wp\/v2\/product_cat?post=2853"},{"taxonomy":"product_tag","embeddable":true,"href":"https:\/\/glass-perfume-bottles.com\/fr\/wp-json\/wp\/v2\/product_tag?post=2853"}],"curies":[{"name":"wp","href":"https:\/\/api.w.org\/{rel}","templated":true}]}}