{"id":2878,"date":"2025-05-06T09:20:29","date_gmt":"2025-05-06T09:20:29","guid":{"rendered":"https:\/\/glass-perfume-bottles.com\/?post_type=product&#038;p=2878"},"modified":"2025-05-07T09:22:50","modified_gmt":"2025-05-07T09:22:50","slug":"wholesale-500ml-rectangle-aroma-reed-diffuser-bottle-factory","status":"publish","type":"product","link":"https:\/\/glass-perfume-bottles.com\/fr\/produit\/wholesale-500ml-rectangle-aroma-reed-diffuser-bottle-factory\/","title":{"rendered":"Vente en gros de bouteilles de diffuseur d&#039;ar\u00f4me rectangulaires de 500 ml"},"content":{"rendered":"<table>\n<tbody>\n<tr>\n<td width=\"158\">Nom du produit<\/td>\n<td width=\"591\">Flacon diffuseur d&#039;ar\u00f4mes rectangulaire<\/td>\n<\/tr>\n<tr>\n<td width=\"158\">Capacit\u00e9<\/td>\n<td width=\"591\">500 ml ou personnaliser d&#039;autres tailles disponibles<\/td>\n<\/tr>\n<tr>\n<td width=\"158\">Taille<\/td>\n<td width=\"591\">69 mm x 69 mm x 107 mm<\/td>\n<\/tr>\n<tr>\n<td width=\"158\">Forme<\/td>\n<td width=\"591\">Cylindre, cube carr\u00e9 ou autre forme personnalis\u00e9e,<\/td>\n<\/tr>\n<tr>\n<td width=\"158\">Mat\u00e9riel<\/td>\n<td width=\"591\">Verre blanc haut<\/td>\n<\/tr>\n<tr>\n<td width=\"158\">Couleur du corps<\/td>\n<td width=\"591\">Rouge, noir, bleu, givr\u00e9, vert, jaune, rose ou couleur personnalis\u00e9e ou couleur personnalis\u00e9e<\/td>\n<\/tr>\n<tr>\n<td width=\"158\">Manutention de surface<\/td>\n<td width=\"591\">S\u00e9rigraphie, marquage \u00e0 chaud, givrage, m\u00e9tallisation, flocage, holographie, rev\u00eatement en marbre, etc.<\/td>\n<\/tr>\n<tr>\n<td width=\"158\">Usage<\/td>\n<td width=\"591\">\u00a0Emballage d&#039;huile d&#039;aromath\u00e9rapie\/huile essentielle\/d\u00e9odorant\/d\u00e9sodorisant, etc.<\/td>\n<\/tr>\n<tr>\n<td width=\"158\">Emballage<\/td>\n<td width=\"591\">Carton d&#039;exportation puis palette en contreplaqu\u00e9,<\/td>\n<\/tr>\n<tr>\n<td width=\"158\">Quantit\u00e9 minimale de commande<\/td>\n<td width=\"591\">2 000 pi\u00e8ces (car il existe une conception personnalis\u00e9e)<\/td>\n<\/tr>\n<tr>\n<td width=\"158\">\u00c9chantillon<\/td>\n<td width=\"591\">\u00c9chantillon gratuit, frais de transport n\u00e9cessaires.<\/td>\n<\/tr>\n<tr>\n<td width=\"158\">Transport<\/td>\n<td width=\"591\">FedEx\/DHL\/EMS\/UPS\/TNT\/Par mer\/Par avion, etc.<\/td>\n<\/tr>\n<tr>\n<td width=\"158\">Mode de paiement<\/td>\n<td width=\"591\">Virement bancaire, L\/C, Western Union, Money Gram, Paypal, etc.<\/td>\n<\/tr>\n<tr>\n<td width=\"158\">D\u00e9lai de livraison<\/td>\n<td width=\"591\">\u00c9chantillon 1 \u00e0 2 jours, production de commande 20 \u00e0 45 jours selon les d\u00e9tails de la commande.<\/td>\n<\/tr>\n<tr>\n<td width=\"158\">Service<\/td>\n<td width=\"591\">Service OEM et ODM, service de conception, solution unique<\/td>\n<\/tr>\n<\/tbody>\n<\/table>\n<p>&nbsp;<\/p>\n<p>Rectangulaire de 500 ml <a href=\"https:\/\/glass-perfume-bottles.com\/fr\/produit\/luxury-150ml-cube-aromatherapy-diffuser-bottle-supplier\/\">Bouteille de diffuseur d&#039;ar\u00f4mes \u00e0 roseaux<\/a> Fabriqu\u00e9 en verre blanc de haute qualit\u00e9, de haute qualit\u00e9 et de transparence, de forme rectangulaire unique et de plusieurs couleurs, bouteille d&#039;ar\u00f4me rectangulaire avec bouchon en bois, permet \u00e0 vos marques de se d\u00e9marquer des autres produits, accepte les ar\u00f4mes personnalis\u00e9s <a href=\"https:\/\/www.hyglassbottles.com\/product\/120ml-Cylinder-aroma-diffuser-bottle-with-wooden-cap.html\">flacon diffuseur<\/a>\u00a0 rev\u00eatement, givr\u00e9, rev\u00eatement en marbre, flocage, etc. processus,<\/p>\n<p>Bienvenue, envoyez-nous une demande, nous avons une ligne de production professionnelle et une \u00e9quipe de conception, nous pouvons fournir un service de premier ordre et un produit stable pour le client, attendez-vous.<\/p>","protected":false},"excerpt":{"rendered":"<p>Rectangulaire de 500 ml <a href=\"https:\/\/glass-perfume-bottles.com\/fr\/produit\/luxury-150ml-cube-aromatherapy-diffuser-bottle-supplier\/\">Bouteille de diffuseur d&#039;ar\u00f4mes \u00e0 roseaux<\/a> Fabriqu\u00e9 en verre blanc de haute qualit\u00e9, de haute qualit\u00e9 et de transparence, de forme rectangulaire unique et de plusieurs couleurs, bouteille d&#039;ar\u00f4me rectangulaire avec bouchon en bois, permet \u00e0 vos marques de se d\u00e9marquer des autres produits, accepte les ar\u00f4mes personnalis\u00e9s <a href=\"https:\/\/glass-perfume-bottles.com\/fr\/produit\/120ml-cylinder-aroma-reed-diffuser-bottle-with-ash-cap\/\">bouteille de diffuseur de roseaux<\/a>\u00a0 rev\u00eatement, givr\u00e9, rev\u00eatement en marbre, flocage, etc. processus,<\/p>\n<div class=\"trans-voice-container\">\n<div class=\"voicePlayer hover-with-background\" data-v-a0732b1e=\"\"><\/div>\n<\/div>","protected":false},"featured_media":2879,"comment_status":"open","ping_status":"closed","template":"","meta":{"_kad_blocks_custom_css":"","_kad_blocks_head_custom_js":"","_kad_blocks_body_custom_js":"","_kad_blocks_footer_custom_js":"","_kad_post_transparent":"default","_kad_post_title":"","_kad_post_layout":"default","_kad_post_sidebar_id":"","_kad_post_content_style":"default","_kad_post_vertical_padding":"default","_kad_post_feature":"","_kad_post_feature_position":"","_kad_post_header":false,"_kad_post_footer":false,"_joinchat":[]},"product_brand":[],"product_cat":[71],"product_tag":[395,400,399,402,403,396],"class_list":{"0":"post-2878","1":"product","2":"type-product","3":"status-publish","4":"has-post-thumbnail","6":"product_cat-glass-aroma-reed-diffuser-bottle-1","7":"product_tag-aroma-reed-diffuser-bottle-manufacturer","8":"product_tag-cube-scent-diffuser-bottle-wholesale","9":"product_tag-empty-reed-diffuser-bottle-factory","10":"product_tag-luxury-aromatherapy-diffuser-bottle","11":"product_tag-rectangle-reed-diffuser-bottle","12":"product_tag-wholesale-aroma-diffuser-bottle","14":"first","15":"instock","16":"shipping-taxable","17":"product-type-simple","18":"entry","19":"content-bg","20":"loop-entry"},"yoast_head":"<!-- This site is optimized with the Yoast SEO Premium plugin v20.5 (Yoast SEO v24.2) - https:\/\/yoast.com\/wordpress\/plugins\/seo\/ -->\n<title>Rectangle reed diffuser bottle with ash wood cap factory<\/title>\n<meta name=\"description\" content=\"Rectangle reed diffuser bottle accpet made of high white glass\uff0cwelcome to send us your idea\uff0cwe will turn your ideas into reality\" \/>\n<meta name=\"robots\" content=\"index, follow, max-snippet:-1, max-image-preview:large, max-video-preview:-1\" \/>\n<link rel=\"canonical\" href=\"https:\/\/glass-perfume-bottles.com\/fr\/produit\/wholesale-500ml-rectangle-aroma-reed-diffuser-bottle-factory\/\" \/>\n<meta property=\"og:locale\" content=\"fr_FR\" \/>\n<meta property=\"og:type\" content=\"article\" \/>\n<meta property=\"og:title\" content=\"Wholesale 500ml rectangle aroma reed diffuser bottle factory\" \/>\n<meta property=\"og:description\" content=\"Rectangle reed diffuser bottle accpet made of high white glass\uff0cwelcome to send us your idea\uff0cwe will turn your ideas into reality\" \/>\n<meta property=\"og:url\" content=\"https:\/\/glass-perfume-bottles.com\/fr\/produit\/wholesale-500ml-rectangle-aroma-reed-diffuser-bottle-factory\/\" \/>\n<meta property=\"og:site_name\" content=\"HY GLASS\" \/>\n<meta property=\"article:modified_time\" content=\"2025-05-07T09:22:50+00:00\" \/>\n<meta property=\"og:image\" content=\"https:\/\/glass-perfume-bottles.com\/wp-content\/uploads\/2025\/05\/Wholesale-500ml-rectangle-aroma-reed-diffuser-bottle-factory.jpg\" \/>\n\t<meta property=\"og:image:width\" content=\"720\" \/>\n\t<meta property=\"og:image:height\" content=\"720\" \/>\n\t<meta property=\"og:image:type\" content=\"image\/jpeg\" \/>\n<meta name=\"twitter:card\" content=\"summary_large_image\" \/>\n<meta name=\"twitter:label1\" content=\"Dur\u00e9e de lecture estim\u00e9e\" \/>\n\t<meta name=\"twitter:data1\" content=\"1 minute\" \/>\n<script type=\"application\/ld+json\" class=\"yoast-schema-graph\">{\"@context\":\"https:\/\/schema.org\",\"@graph\":[{\"@type\":\"WebPage\",\"@id\":\"https:\/\/glass-perfume-bottles.com\/product\/wholesale-500ml-rectangle-aroma-reed-diffuser-bottle-factory\/\",\"url\":\"https:\/\/glass-perfume-bottles.com\/product\/wholesale-500ml-rectangle-aroma-reed-diffuser-bottle-factory\/\",\"name\":\"Rectangle reed diffuser bottle with ash wood cap factory\",\"isPartOf\":{\"@id\":\"https:\/\/glass-perfume-bottles.com\/#website\"},\"primaryImageOfPage\":{\"@id\":\"https:\/\/glass-perfume-bottles.com\/product\/wholesale-500ml-rectangle-aroma-reed-diffuser-bottle-factory\/#primaryimage\"},\"image\":{\"@id\":\"https:\/\/glass-perfume-bottles.com\/product\/wholesale-500ml-rectangle-aroma-reed-diffuser-bottle-factory\/#primaryimage\"},\"thumbnailUrl\":\"https:\/\/glass-perfume-bottles.com\/wp-content\/uploads\/2025\/05\/Wholesale-500ml-rectangle-aroma-reed-diffuser-bottle-factory.jpg\",\"datePublished\":\"2025-05-06T09:20:29+00:00\",\"dateModified\":\"2025-05-07T09:22:50+00:00\",\"description\":\"Rectangle reed diffuser bottle accpet made of high white glass\uff0cwelcome to send us your idea\uff0cwe will turn your ideas into reality\",\"breadcrumb\":{\"@id\":\"https:\/\/glass-perfume-bottles.com\/product\/wholesale-500ml-rectangle-aroma-reed-diffuser-bottle-factory\/#breadcrumb\"},\"inLanguage\":\"fr-FR\",\"potentialAction\":[{\"@type\":\"ReadAction\",\"target\":[\"https:\/\/glass-perfume-bottles.com\/product\/wholesale-500ml-rectangle-aroma-reed-diffuser-bottle-factory\/\"]}]},{\"@type\":\"ImageObject\",\"inLanguage\":\"fr-FR\",\"@id\":\"https:\/\/glass-perfume-bottles.com\/product\/wholesale-500ml-rectangle-aroma-reed-diffuser-bottle-factory\/#primaryimage\",\"url\":\"https:\/\/glass-perfume-bottles.com\/wp-content\/uploads\/2025\/05\/Wholesale-500ml-rectangle-aroma-reed-diffuser-bottle-factory.jpg\",\"contentUrl\":\"https:\/\/glass-perfume-bottles.com\/wp-content\/uploads\/2025\/05\/Wholesale-500ml-rectangle-aroma-reed-diffuser-bottle-factory.jpg\",\"width\":720,\"height\":720,\"caption\":\"Aroma reed diffuser bottle manufacturer, Cube scent diffuser bottle wholesale, Empty reed diffuser bottle factory, Luxury aromatherapy diffuser bottle, Rectangle reed diffuser bottle, Wholesale aroma diffuser bottle\"},{\"@type\":\"BreadcrumbList\",\"@id\":\"https:\/\/glass-perfume-bottles.com\/product\/wholesale-500ml-rectangle-aroma-reed-diffuser-bottle-factory\/#breadcrumb\",\"itemListElement\":[{\"@type\":\"ListItem\",\"position\":1,\"name\":\"Home\",\"item\":\"https:\/\/glass-perfume-bottles.com\/\"},{\"@type\":\"ListItem\",\"position\":2,\"name\":\"Product\",\"item\":\"https:\/\/glass-perfume-bottles.com\/custom-made-perfume-bottle-suppliers-and-wholesale\/\"},{\"@type\":\"ListItem\",\"position\":3,\"name\":\"Wholesale 500ml rectangle aroma reed diffuser bottle factory\"}]},{\"@type\":\"WebSite\",\"@id\":\"https:\/\/glass-perfume-bottles.com\/#website\",\"url\":\"https:\/\/glass-perfume-bottles.com\/\",\"name\":\"HY GLASS\",\"description\":\"glass perfume bottle manufacturers &amp; suppliers, aroma reed diffuser bottle wholesale &amp; suppliers\",\"publisher\":{\"@id\":\"https:\/\/glass-perfume-bottles.com\/#organization\"},\"potentialAction\":[{\"@type\":\"SearchAction\",\"target\":{\"@type\":\"EntryPoint\",\"urlTemplate\":\"https:\/\/glass-perfume-bottles.com\/?s={search_term_string}\"},\"query-input\":{\"@type\":\"PropertyValueSpecification\",\"valueRequired\":true,\"valueName\":\"search_term_string\"}}],\"inLanguage\":\"fr-FR\"},{\"@type\":\"Organization\",\"@id\":\"https:\/\/glass-perfume-bottles.com\/#organization\",\"name\":\"HY GLASS\",\"url\":\"https:\/\/glass-perfume-bottles.com\/\",\"logo\":{\"@type\":\"ImageObject\",\"inLanguage\":\"fr-FR\",\"@id\":\"https:\/\/glass-perfume-bottles.com\/#\/schema\/logo\/image\/\",\"url\":\"https:\/\/glass-perfume-bottles.com\/wp-content\/uploads\/2023\/09\/logo21.png\",\"contentUrl\":\"https:\/\/glass-perfume-bottles.com\/wp-content\/uploads\/2023\/09\/logo21.png\",\"width\":342,\"height\":268,\"caption\":\"HY GLASS\"},\"image\":{\"@id\":\"https:\/\/glass-perfume-bottles.com\/#\/schema\/logo\/image\/\"}}]}<\/script>\n<!-- \/ Yoast SEO Premium plugin. -->","yoast_head_json":{"title":"Rectangle reed diffuser bottle with ash wood cap factory","description":"Rectangle reed diffuser bottle accpet made of high white glass\uff0cwelcome to send us your idea\uff0cwe will turn your ideas into reality","robots":{"index":"index","follow":"follow","max-snippet":"max-snippet:-1","max-image-preview":"max-image-preview:large","max-video-preview":"max-video-preview:-1"},"canonical":"https:\/\/glass-perfume-bottles.com\/fr\/produit\/wholesale-500ml-rectangle-aroma-reed-diffuser-bottle-factory\/","og_locale":"fr_FR","og_type":"article","og_title":"Wholesale 500ml rectangle aroma reed diffuser bottle factory","og_description":"Rectangle reed diffuser bottle accpet made of high white glass\uff0cwelcome to send us your idea\uff0cwe will turn your ideas into reality","og_url":"https:\/\/glass-perfume-bottles.com\/fr\/produit\/wholesale-500ml-rectangle-aroma-reed-diffuser-bottle-factory\/","og_site_name":"HY GLASS","article_modified_time":"2025-05-07T09:22:50+00:00","og_image":[{"width":720,"height":720,"url":"https:\/\/glass-perfume-bottles.com\/wp-content\/uploads\/2025\/05\/Wholesale-500ml-rectangle-aroma-reed-diffuser-bottle-factory.jpg","type":"image\/jpeg"}],"twitter_card":"summary_large_image","twitter_misc":{"Dur\u00e9e de lecture estim\u00e9e":"1 minute"},"schema":{"@context":"https:\/\/schema.org","@graph":[{"@type":"WebPage","@id":"https:\/\/glass-perfume-bottles.com\/product\/wholesale-500ml-rectangle-aroma-reed-diffuser-bottle-factory\/","url":"https:\/\/glass-perfume-bottles.com\/product\/wholesale-500ml-rectangle-aroma-reed-diffuser-bottle-factory\/","name":"Rectangle reed diffuser bottle with ash wood cap factory","isPartOf":{"@id":"https:\/\/glass-perfume-bottles.com\/#website"},"primaryImageOfPage":{"@id":"https:\/\/glass-perfume-bottles.com\/product\/wholesale-500ml-rectangle-aroma-reed-diffuser-bottle-factory\/#primaryimage"},"image":{"@id":"https:\/\/glass-perfume-bottles.com\/product\/wholesale-500ml-rectangle-aroma-reed-diffuser-bottle-factory\/#primaryimage"},"thumbnailUrl":"https:\/\/glass-perfume-bottles.com\/wp-content\/uploads\/2025\/05\/Wholesale-500ml-rectangle-aroma-reed-diffuser-bottle-factory.jpg","datePublished":"2025-05-06T09:20:29+00:00","dateModified":"2025-05-07T09:22:50+00:00","description":"Rectangle reed diffuser bottle accpet made of high white glass\uff0cwelcome to send us your idea\uff0cwe will turn your ideas into reality","breadcrumb":{"@id":"https:\/\/glass-perfume-bottles.com\/product\/wholesale-500ml-rectangle-aroma-reed-diffuser-bottle-factory\/#breadcrumb"},"inLanguage":"fr-FR","potentialAction":[{"@type":"ReadAction","target":["https:\/\/glass-perfume-bottles.com\/product\/wholesale-500ml-rectangle-aroma-reed-diffuser-bottle-factory\/"]}]},{"@type":"ImageObject","inLanguage":"fr-FR","@id":"https:\/\/glass-perfume-bottles.com\/product\/wholesale-500ml-rectangle-aroma-reed-diffuser-bottle-factory\/#primaryimage","url":"https:\/\/glass-perfume-bottles.com\/wp-content\/uploads\/2025\/05\/Wholesale-500ml-rectangle-aroma-reed-diffuser-bottle-factory.jpg","contentUrl":"https:\/\/glass-perfume-bottles.com\/wp-content\/uploads\/2025\/05\/Wholesale-500ml-rectangle-aroma-reed-diffuser-bottle-factory.jpg","width":720,"height":720,"caption":"Aroma reed diffuser bottle manufacturer, Cube scent diffuser bottle wholesale, Empty reed diffuser bottle factory, Luxury aromatherapy diffuser bottle, Rectangle reed diffuser bottle, Wholesale aroma diffuser bottle"},{"@type":"BreadcrumbList","@id":"https:\/\/glass-perfume-bottles.com\/product\/wholesale-500ml-rectangle-aroma-reed-diffuser-bottle-factory\/#breadcrumb","itemListElement":[{"@type":"ListItem","position":1,"name":"Home","item":"https:\/\/glass-perfume-bottles.com\/"},{"@type":"ListItem","position":2,"name":"Product","item":"https:\/\/glass-perfume-bottles.com\/custom-made-perfume-bottle-suppliers-and-wholesale\/"},{"@type":"ListItem","position":3,"name":"Wholesale 500ml rectangle aroma reed diffuser bottle factory"}]},{"@type":"WebSite","@id":"https:\/\/glass-perfume-bottles.com\/#website","url":"https:\/\/glass-perfume-bottles.com\/","name":"HY GLASS","description":"glass perfume bottle manufacturers &amp; suppliers, aroma reed diffuser bottle wholesale &amp; suppliers","publisher":{"@id":"https:\/\/glass-perfume-bottles.com\/#organization"},"potentialAction":[{"@type":"SearchAction","target":{"@type":"EntryPoint","urlTemplate":"https:\/\/glass-perfume-bottles.com\/?s={search_term_string}"},"query-input":{"@type":"PropertyValueSpecification","valueRequired":true,"valueName":"search_term_string"}}],"inLanguage":"fr-FR"},{"@type":"Organization","@id":"https:\/\/glass-perfume-bottles.com\/#organization","name":"HY GLASS","url":"https:\/\/glass-perfume-bottles.com\/","logo":{"@type":"ImageObject","inLanguage":"fr-FR","@id":"https:\/\/glass-perfume-bottles.com\/#\/schema\/logo\/image\/","url":"https:\/\/glass-perfume-bottles.com\/wp-content\/uploads\/2023\/09\/logo21.png","contentUrl":"https:\/\/glass-perfume-bottles.com\/wp-content\/uploads\/2023\/09\/logo21.png","width":342,"height":268,"caption":"HY GLASS"},"image":{"@id":"https:\/\/glass-perfume-bottles.com\/#\/schema\/logo\/image\/"}}]}},"taxonomy_info":{"product_cat":[{"value":71,"label":"Glass Aroma Reed Diffuser Bottle"}],"product_tag":[{"value":395,"label":"Aroma reed diffuser bottle manufacturer"},{"value":400,"label":"Cube scent diffuser bottle wholesale"},{"value":399,"label":"Empty reed diffuser bottle factory"},{"value":402,"label":"Luxury aromatherapy diffuser bottle"},{"value":403,"label":"Rectangle reed diffuser bottle"},{"value":396,"label":"Wholesale aroma diffuser bottle"}]},"featured_image_src_large":["https:\/\/glass-perfume-bottles.com\/wp-content\/uploads\/2025\/05\/Wholesale-500ml-rectangle-aroma-reed-diffuser-bottle-factory.jpg",720,720,false],"author_info":[],"comment_info":0,"_links":{"self":[{"href":"https:\/\/glass-perfume-bottles.com\/fr\/wp-json\/wp\/v2\/product\/2878","targetHints":{"allow":["GET"]}}],"collection":[{"href":"https:\/\/glass-perfume-bottles.com\/fr\/wp-json\/wp\/v2\/product"}],"about":[{"href":"https:\/\/glass-perfume-bottles.com\/fr\/wp-json\/wp\/v2\/types\/product"}],"replies":[{"embeddable":true,"href":"https:\/\/glass-perfume-bottles.com\/fr\/wp-json\/wp\/v2\/comments?post=2878"}],"wp:featuredmedia":[{"embeddable":true,"href":"https:\/\/glass-perfume-bottles.com\/fr\/wp-json\/wp\/v2\/media\/2879"}],"wp:attachment":[{"href":"https:\/\/glass-perfume-bottles.com\/fr\/wp-json\/wp\/v2\/media?parent=2878"}],"wp:term":[{"taxonomy":"product_brand","embeddable":true,"href":"https:\/\/glass-perfume-bottles.com\/fr\/wp-json\/wp\/v2\/product_brand?post=2878"},{"taxonomy":"product_cat","embeddable":true,"href":"https:\/\/glass-perfume-bottles.com\/fr\/wp-json\/wp\/v2\/product_cat?post=2878"},{"taxonomy":"product_tag","embeddable":true,"href":"https:\/\/glass-perfume-bottles.com\/fr\/wp-json\/wp\/v2\/product_tag?post=2878"}],"curies":[{"name":"wp","href":"https:\/\/api.w.org\/{rel}","templated":true}]}}