{"id":2915,"date":"2025-05-15T09:53:45","date_gmt":"2025-05-15T09:53:45","guid":{"rendered":"https:\/\/glass-perfume-bottles.com\/?post_type=product&#038;p=2915"},"modified":"2025-05-15T15:13:43","modified_gmt":"2025-05-15T15:13:43","slug":"fancy-attar-oud-oil-perfume-bottle-with-zamac-bottom-cap-factory","status":"publish","type":"product","link":"https:\/\/glass-perfume-bottles.com\/fr\/produit\/fancy-attar-oud-oil-perfume-bottle-with-zamac-bottom-cap-factory\/","title":{"rendered":"Flacon de parfum \u00e0 l&#039;huile d&#039;oud Attar fantaisie avec fond en zamac et bouchon Factory"},"content":{"rendered":"<table>\n<tbody>\n<tr>\n<td width=\"158\">Nom du produit<\/td>\n<td width=\"591\">Flacon de parfum \u00e0 l&#039;huile de oud Attar avec fond en zamac et bouchon Factory<\/td>\n<\/tr>\n<tr>\n<td width=\"158\">Capacit\u00e9<\/td>\n<td width=\"591\">3 ml, 6 ml, 12 ml (autres tailles disponibles)<\/td>\n<\/tr>\n<tr>\n<td width=\"158\">Mat\u00e9riau de la bouteille<\/td>\n<td width=\"591\">\u00a0Borosilicate<\/td>\n<\/tr>\n<tr>\n<td width=\"158\">Bouche<\/td>\n<td width=\"591\">Bouche \u00e0 vis<\/td>\n<\/tr>\n<tr>\n<td width=\"158\">Mat\u00e9riau du capuchon et du fond<\/td>\n<td width=\"591\">alliage de zinc<\/td>\n<\/tr>\n<tr>\n<td width=\"158\">Couleur du corps<\/td>\n<td width=\"591\">Ambre, noir, or, noir mat, rose ou couleur personnalis\u00e9e<\/td>\n<\/tr>\n<tr>\n<td width=\"158\">Manutention de surface<\/td>\n<td width=\"591\">S\u00e9rigraphie, marquage \u00e0 chaud, givr\u00e9, m\u00e9tallisation, flocage, holographique, rev\u00eatement en marbre, etc., peinture couleur ou personnalis\u00e9 selon vos besoins,<\/td>\n<\/tr>\n<tr>\n<td width=\"158\">Usage<\/td>\n<td width=\"591\">Id\u00e9al pour une gamme de produits liquides haut de gamme, notamment des parfums, des huiles essentielles, du s\u00e9rum, de l&#039;huile parfum\u00e9e pour la maison, du toner et plus encore.<\/td>\n<\/tr>\n<tr>\n<td width=\"158\">Emballage<\/td>\n<td width=\"591\">Carton d&#039;exportation puis palette en contreplaqu\u00e9,<\/td>\n<\/tr>\n<tr>\n<td width=\"158\">MOQ5<\/td>\n<td width=\"591\">,000 pi\u00e8ces (car il existe une conception personnalis\u00e9e)<\/td>\n<\/tr>\n<tr>\n<td width=\"158\">\u00c9chantillon<\/td>\n<td width=\"591\">\u00c9chantillon gratuit, frais de transport n\u00e9cessaires.<\/td>\n<\/tr>\n<tr>\n<td width=\"158\">Transport<\/td>\n<td width=\"591\">FedEx\/DHL\/EMS\/UPS\/TNT\/Par mer\/Par avion, etc.<\/td>\n<\/tr>\n<tr>\n<td width=\"158\">Mode de paiement<\/td>\n<td width=\"591\">Virement bancaire, L\/C, Western Union, Money Gram, Paypal, etc.<\/td>\n<\/tr>\n<tr>\n<td width=\"158\">D\u00e9lai de livraison<\/td>\n<td width=\"591\">\u00c9chantillon 1 \u00e0 2 jours, production de commande 20 \u00e0 45 jours selon les d\u00e9tails de la commande.<\/td>\n<\/tr>\n<tr>\n<td width=\"158\">Service<\/td>\n<td width=\"591\">Service OEM et ODM, service de conception, solution unique<\/td>\n<\/tr>\n<\/tbody>\n<\/table>\n<p>&nbsp;<\/p>\n<p>Ce luxe <a href=\"https:\/\/glass-perfume-bottles.com\/fr\/luxury-saudi-arabia-zinc-alloy-attar-oil-perfume-glass-bottle-factory\/\">flacon de parfum \u00e0 l&#039;huile de oud<\/a> est compos\u00e9 d&#039;un corps de bouteille en verre borosilicat\u00e9 + d&#039;un couvercle de base en alliage de zinc + d&#039;une tige en verre borosilicat\u00e9 de 3 \u00e0 5 mm de diam\u00e8tre :<br \/>\nAvantages : moulage sous pression haute densit\u00e9, r\u00e9sistant \u00e0 la corrosion, peut \u00eatre galvanis\u00e9 avec de l&#039;or\/or rose et d&#039;autres effets luxueux,<\/p>\n<p>Convient \u00e0 l&#039;esth\u00e9tique moyen-orientale. Capacit\u00e9s courantes\u00a0: 3\u00a0ml, 5\u00a0ml (portable), 12\u00a0ml (grand public).<br \/>\nLa bouteille de notre produit peut \u00eatre personnalis\u00e9e avec un effet givr\u00e9 ou sculpt\u00e9 (par exemple, motifs g\u00e9om\u00e9triques islamiques). Sa forme unique permet \u00e0 votre produit de se d\u00e9marquer des autres marques.<\/p>\n<p>Cette bouteille est populaire aupr\u00e8s des clients en raison de sa forme cl\u00e9 et unique, de ses mat\u00e9riaux de haute qualit\u00e9, de ses accessoires,<\/p>\n<p>Bouchon de bouteille : bouchon \u00e0 vis en alliage de zinc ou bouchon magn\u00e9tique, tampon en silicone int\u00e9gr\u00e9 pour \u00e9viter les fuites.<\/p>\n<p>\u00c9tanch\u00e9it\u00e9 solide : doit passer un test d&#039;\u00e9tanch\u00e9it\u00e9 de 48 heures (particuli\u00e8rement adapt\u00e9 aux environnements \u00e0 haute temp\u00e9rature au Moyen-Orient).<\/p>\n<p><a href=\"https:\/\/glass-perfume-bottles.com\/fr\/50ml-amber-cylinder-glass-perfume-bottle-supplier\/\">VERRE HY<\/a>\u00a0Nous disposons d&#039;une ligne de production professionnelle et d&#039;une \u00e9quipe de conception, nous pouvons fournir un service de premier ordre\u00a0<a href=\"https:\/\/glass-perfume-bottles.com\/fr\/5ml-100ml-rectangle-glass-spray-perfume-bottle-supplier\/\">flacon de parfum<\/a>\u00a0et un produit stable pour le client, bienvenue envoyez-nous une demande, attendez-vous<\/p>\n<p>&nbsp;<\/p>","protected":false},"excerpt":{"rendered":"<p>Ce<a href=\"https:\/\/glass-perfume-bottles.com\/fr\/luxury-saudi-arabia-zinc-alloy-attar-oil-perfume-glass-bottle-factory\/\"> flacon de parfum \u00e0 l&#039;huile de oud<\/a> est populaire aupr\u00e8s des clients en raison de sa cl\u00e9, de sa forme unique, de ses mat\u00e9riaux de haute qualit\u00e9, de ses accessoires, de son bouchon de bouteille : bouchon \u00e0 vis en alliage de zinc ou bouchon magn\u00e9tique, tampon en silicone int\u00e9gr\u00e9 pour la pr\u00e9vention des fuites.<\/p>","protected":false},"featured_media":2916,"comment_status":"open","ping_status":"closed","template":"","meta":{"_kad_blocks_custom_css":"","_kad_blocks_head_custom_js":"","_kad_blocks_body_custom_js":"","_kad_blocks_footer_custom_js":"","_kad_post_transparent":"default","_kad_post_title":"","_kad_post_layout":"default","_kad_post_sidebar_id":"","_kad_post_content_style":"default","_kad_post_vertical_padding":"default","_kad_post_feature":"","_kad_post_feature_position":"","_kad_post_header":false,"_kad_post_footer":false,"_joinchat":[]},"product_brand":[],"product_cat":[51],"product_tag":[70,175,177,178,168,425],"class_list":{"0":"post-2915","1":"product","2":"type-product","3":"status-publish","4":"has-post-thumbnail","6":"product_cat-glass-perfume-bottles","7":"product_tag-custom-home-fragrance-oil-bottle","8":"product_tag-glass-perfume-bottle-for-travel","9":"product_tag-luxury-attar-oil-bottle-factory","10":"product_tag-oud-oil-bottle-wholesale","11":"product_tag-premium-perfume-bottle-supplier","12":"product_tag-zamac-perfume-oil-bottle-supplier","14":"first","15":"instock","16":"shipping-taxable","17":"product-type-simple","18":"entry","19":"content-bg","20":"loop-entry"},"yoast_head":"<!-- This site is optimized with the Yoast SEO Premium plugin v20.5 (Yoast SEO v24.2) - https:\/\/yoast.com\/wordpress\/plugins\/seo\/ -->\n<title>Oud oil Perfume Bottle with zamac bottom &amp; Cap Factory<\/title>\n<meta name=\"description\" content=\"Oud oil Perfume Bottle,Screw mouth match the spray pump head ,capacity from from 3ml-12ml for your choose\" \/>\n<meta name=\"robots\" content=\"index, follow, max-snippet:-1, max-image-preview:large, max-video-preview:-1\" \/>\n<link rel=\"canonical\" href=\"https:\/\/glass-perfume-bottles.com\/fr\/produit\/fancy-attar-oud-oil-perfume-bottle-with-zamac-bottom-cap-factory\/\" \/>\n<meta property=\"og:locale\" content=\"fr_FR\" \/>\n<meta property=\"og:type\" content=\"article\" \/>\n<meta property=\"og:title\" content=\"Fancy attar oud oil perfume bottle with zamac bottom &amp; Cap Factory\" \/>\n<meta property=\"og:description\" content=\"Oud oil Perfume Bottle,Screw mouth match the spray pump head ,capacity from from 3ml-12ml for your choose\" \/>\n<meta property=\"og:url\" content=\"https:\/\/glass-perfume-bottles.com\/fr\/produit\/fancy-attar-oud-oil-perfume-bottle-with-zamac-bottom-cap-factory\/\" \/>\n<meta property=\"og:site_name\" content=\"HY GLASS\" \/>\n<meta property=\"article:modified_time\" content=\"2025-05-15T15:13:43+00:00\" \/>\n<meta property=\"og:image\" content=\"https:\/\/glass-perfume-bottles.com\/wp-content\/uploads\/2025\/05\/Fancy-3ml-6ml12ml-attar-oud-oil-bottle-with-zamac-bottom-Cap.jpg\" \/>\n\t<meta property=\"og:image:width\" content=\"720\" \/>\n\t<meta property=\"og:image:height\" content=\"720\" \/>\n\t<meta property=\"og:image:type\" content=\"image\/jpeg\" \/>\n<meta name=\"twitter:card\" content=\"summary_large_image\" \/>\n<meta name=\"twitter:label1\" content=\"Dur\u00e9e de lecture estim\u00e9e\" \/>\n\t<meta name=\"twitter:data1\" content=\"2 minutes\" \/>\n<script type=\"application\/ld+json\" class=\"yoast-schema-graph\">{\"@context\":\"https:\/\/schema.org\",\"@graph\":[{\"@type\":\"WebPage\",\"@id\":\"https:\/\/glass-perfume-bottles.com\/product\/fancy-attar-oud-oil-perfume-bottle-with-zamac-bottom-cap-factory\/\",\"url\":\"https:\/\/glass-perfume-bottles.com\/product\/fancy-attar-oud-oil-perfume-bottle-with-zamac-bottom-cap-factory\/\",\"name\":\"Oud oil Perfume Bottle with zamac bottom & Cap Factory\",\"isPartOf\":{\"@id\":\"https:\/\/glass-perfume-bottles.com\/#website\"},\"primaryImageOfPage\":{\"@id\":\"https:\/\/glass-perfume-bottles.com\/product\/fancy-attar-oud-oil-perfume-bottle-with-zamac-bottom-cap-factory\/#primaryimage\"},\"image\":{\"@id\":\"https:\/\/glass-perfume-bottles.com\/product\/fancy-attar-oud-oil-perfume-bottle-with-zamac-bottom-cap-factory\/#primaryimage\"},\"thumbnailUrl\":\"https:\/\/glass-perfume-bottles.com\/wp-content\/uploads\/2025\/05\/Fancy-3ml-6ml12ml-attar-oud-oil-bottle-with-zamac-bottom-Cap.jpg\",\"datePublished\":\"2025-05-15T09:53:45+00:00\",\"dateModified\":\"2025-05-15T15:13:43+00:00\",\"description\":\"Oud oil Perfume Bottle,Screw mouth match the spray pump head ,capacity from from 3ml-12ml for your choose\",\"breadcrumb\":{\"@id\":\"https:\/\/glass-perfume-bottles.com\/product\/fancy-attar-oud-oil-perfume-bottle-with-zamac-bottom-cap-factory\/#breadcrumb\"},\"inLanguage\":\"fr-FR\",\"potentialAction\":[{\"@type\":\"ReadAction\",\"target\":[\"https:\/\/glass-perfume-bottles.com\/product\/fancy-attar-oud-oil-perfume-bottle-with-zamac-bottom-cap-factory\/\"]}]},{\"@type\":\"ImageObject\",\"inLanguage\":\"fr-FR\",\"@id\":\"https:\/\/glass-perfume-bottles.com\/product\/fancy-attar-oud-oil-perfume-bottle-with-zamac-bottom-cap-factory\/#primaryimage\",\"url\":\"https:\/\/glass-perfume-bottles.com\/wp-content\/uploads\/2025\/05\/Fancy-3ml-6ml12ml-attar-oud-oil-bottle-with-zamac-bottom-Cap.jpg\",\"contentUrl\":\"https:\/\/glass-perfume-bottles.com\/wp-content\/uploads\/2025\/05\/Fancy-3ml-6ml12ml-attar-oud-oil-bottle-with-zamac-bottom-Cap.jpg\",\"width\":720,\"height\":720,\"caption\":\"Custom home fragrance oil bottle, Glass perfume bottle for travel, Luxury attar oil bottle factory, Oud oil bottle wholesale, Premium perfume bottle supplier, Zamac perfume oil bottle supplier\"},{\"@type\":\"BreadcrumbList\",\"@id\":\"https:\/\/glass-perfume-bottles.com\/product\/fancy-attar-oud-oil-perfume-bottle-with-zamac-bottom-cap-factory\/#breadcrumb\",\"itemListElement\":[{\"@type\":\"ListItem\",\"position\":1,\"name\":\"Home\",\"item\":\"https:\/\/glass-perfume-bottles.com\/\"},{\"@type\":\"ListItem\",\"position\":2,\"name\":\"Product\",\"item\":\"https:\/\/glass-perfume-bottles.com\/custom-made-perfume-bottle-suppliers-and-wholesale\/\"},{\"@type\":\"ListItem\",\"position\":3,\"name\":\"Fancy attar oud oil perfume bottle with zamac bottom &#038; Cap Factory\"}]},{\"@type\":\"WebSite\",\"@id\":\"https:\/\/glass-perfume-bottles.com\/#website\",\"url\":\"https:\/\/glass-perfume-bottles.com\/\",\"name\":\"HY GLASS\",\"description\":\"glass perfume bottle manufacturers &amp; suppliers, aroma reed diffuser bottle wholesale &amp; suppliers\",\"publisher\":{\"@id\":\"https:\/\/glass-perfume-bottles.com\/#organization\"},\"potentialAction\":[{\"@type\":\"SearchAction\",\"target\":{\"@type\":\"EntryPoint\",\"urlTemplate\":\"https:\/\/glass-perfume-bottles.com\/?s={search_term_string}\"},\"query-input\":{\"@type\":\"PropertyValueSpecification\",\"valueRequired\":true,\"valueName\":\"search_term_string\"}}],\"inLanguage\":\"fr-FR\"},{\"@type\":\"Organization\",\"@id\":\"https:\/\/glass-perfume-bottles.com\/#organization\",\"name\":\"HY GLASS\",\"url\":\"https:\/\/glass-perfume-bottles.com\/\",\"logo\":{\"@type\":\"ImageObject\",\"inLanguage\":\"fr-FR\",\"@id\":\"https:\/\/glass-perfume-bottles.com\/#\/schema\/logo\/image\/\",\"url\":\"https:\/\/glass-perfume-bottles.com\/wp-content\/uploads\/2023\/09\/logo21.png\",\"contentUrl\":\"https:\/\/glass-perfume-bottles.com\/wp-content\/uploads\/2023\/09\/logo21.png\",\"width\":342,\"height\":268,\"caption\":\"HY GLASS\"},\"image\":{\"@id\":\"https:\/\/glass-perfume-bottles.com\/#\/schema\/logo\/image\/\"}}]}<\/script>\n<!-- \/ Yoast SEO Premium plugin. -->","yoast_head_json":{"title":"Oud oil Perfume Bottle with zamac bottom & Cap Factory","description":"Oud oil Perfume Bottle,Screw mouth match the spray pump head ,capacity from from 3ml-12ml for your choose","robots":{"index":"index","follow":"follow","max-snippet":"max-snippet:-1","max-image-preview":"max-image-preview:large","max-video-preview":"max-video-preview:-1"},"canonical":"https:\/\/glass-perfume-bottles.com\/fr\/produit\/fancy-attar-oud-oil-perfume-bottle-with-zamac-bottom-cap-factory\/","og_locale":"fr_FR","og_type":"article","og_title":"Fancy attar oud oil perfume bottle with zamac bottom & Cap Factory","og_description":"Oud oil Perfume Bottle,Screw mouth match the spray pump head ,capacity from from 3ml-12ml for your choose","og_url":"https:\/\/glass-perfume-bottles.com\/fr\/produit\/fancy-attar-oud-oil-perfume-bottle-with-zamac-bottom-cap-factory\/","og_site_name":"HY GLASS","article_modified_time":"2025-05-15T15:13:43+00:00","og_image":[{"width":720,"height":720,"url":"https:\/\/glass-perfume-bottles.com\/wp-content\/uploads\/2025\/05\/Fancy-3ml-6ml12ml-attar-oud-oil-bottle-with-zamac-bottom-Cap.jpg","type":"image\/jpeg"}],"twitter_card":"summary_large_image","twitter_misc":{"Dur\u00e9e de lecture estim\u00e9e":"2 minutes"},"schema":{"@context":"https:\/\/schema.org","@graph":[{"@type":"WebPage","@id":"https:\/\/glass-perfume-bottles.com\/product\/fancy-attar-oud-oil-perfume-bottle-with-zamac-bottom-cap-factory\/","url":"https:\/\/glass-perfume-bottles.com\/product\/fancy-attar-oud-oil-perfume-bottle-with-zamac-bottom-cap-factory\/","name":"Oud oil Perfume Bottle with zamac bottom & Cap Factory","isPartOf":{"@id":"https:\/\/glass-perfume-bottles.com\/#website"},"primaryImageOfPage":{"@id":"https:\/\/glass-perfume-bottles.com\/product\/fancy-attar-oud-oil-perfume-bottle-with-zamac-bottom-cap-factory\/#primaryimage"},"image":{"@id":"https:\/\/glass-perfume-bottles.com\/product\/fancy-attar-oud-oil-perfume-bottle-with-zamac-bottom-cap-factory\/#primaryimage"},"thumbnailUrl":"https:\/\/glass-perfume-bottles.com\/wp-content\/uploads\/2025\/05\/Fancy-3ml-6ml12ml-attar-oud-oil-bottle-with-zamac-bottom-Cap.jpg","datePublished":"2025-05-15T09:53:45+00:00","dateModified":"2025-05-15T15:13:43+00:00","description":"Oud oil Perfume Bottle,Screw mouth match the spray pump head ,capacity from from 3ml-12ml for your choose","breadcrumb":{"@id":"https:\/\/glass-perfume-bottles.com\/product\/fancy-attar-oud-oil-perfume-bottle-with-zamac-bottom-cap-factory\/#breadcrumb"},"inLanguage":"fr-FR","potentialAction":[{"@type":"ReadAction","target":["https:\/\/glass-perfume-bottles.com\/product\/fancy-attar-oud-oil-perfume-bottle-with-zamac-bottom-cap-factory\/"]}]},{"@type":"ImageObject","inLanguage":"fr-FR","@id":"https:\/\/glass-perfume-bottles.com\/product\/fancy-attar-oud-oil-perfume-bottle-with-zamac-bottom-cap-factory\/#primaryimage","url":"https:\/\/glass-perfume-bottles.com\/wp-content\/uploads\/2025\/05\/Fancy-3ml-6ml12ml-attar-oud-oil-bottle-with-zamac-bottom-Cap.jpg","contentUrl":"https:\/\/glass-perfume-bottles.com\/wp-content\/uploads\/2025\/05\/Fancy-3ml-6ml12ml-attar-oud-oil-bottle-with-zamac-bottom-Cap.jpg","width":720,"height":720,"caption":"Custom home fragrance oil bottle, Glass perfume bottle for travel, Luxury attar oil bottle factory, Oud oil bottle wholesale, Premium perfume bottle supplier, Zamac perfume oil bottle supplier"},{"@type":"BreadcrumbList","@id":"https:\/\/glass-perfume-bottles.com\/product\/fancy-attar-oud-oil-perfume-bottle-with-zamac-bottom-cap-factory\/#breadcrumb","itemListElement":[{"@type":"ListItem","position":1,"name":"Home","item":"https:\/\/glass-perfume-bottles.com\/"},{"@type":"ListItem","position":2,"name":"Product","item":"https:\/\/glass-perfume-bottles.com\/custom-made-perfume-bottle-suppliers-and-wholesale\/"},{"@type":"ListItem","position":3,"name":"Fancy attar oud oil perfume bottle with zamac bottom &#038; Cap Factory"}]},{"@type":"WebSite","@id":"https:\/\/glass-perfume-bottles.com\/#website","url":"https:\/\/glass-perfume-bottles.com\/","name":"HY GLASS","description":"glass perfume bottle manufacturers &amp; suppliers, aroma reed diffuser bottle wholesale &amp; suppliers","publisher":{"@id":"https:\/\/glass-perfume-bottles.com\/#organization"},"potentialAction":[{"@type":"SearchAction","target":{"@type":"EntryPoint","urlTemplate":"https:\/\/glass-perfume-bottles.com\/?s={search_term_string}"},"query-input":{"@type":"PropertyValueSpecification","valueRequired":true,"valueName":"search_term_string"}}],"inLanguage":"fr-FR"},{"@type":"Organization","@id":"https:\/\/glass-perfume-bottles.com\/#organization","name":"HY GLASS","url":"https:\/\/glass-perfume-bottles.com\/","logo":{"@type":"ImageObject","inLanguage":"fr-FR","@id":"https:\/\/glass-perfume-bottles.com\/#\/schema\/logo\/image\/","url":"https:\/\/glass-perfume-bottles.com\/wp-content\/uploads\/2023\/09\/logo21.png","contentUrl":"https:\/\/glass-perfume-bottles.com\/wp-content\/uploads\/2023\/09\/logo21.png","width":342,"height":268,"caption":"HY GLASS"},"image":{"@id":"https:\/\/glass-perfume-bottles.com\/#\/schema\/logo\/image\/"}}]}},"taxonomy_info":{"product_cat":[{"value":51,"label":"Glass Perfume Bottle"}],"product_tag":[{"value":70,"label":"Custom home fragrance oil bottle"},{"value":175,"label":"Glass perfume bottle for travel"},{"value":177,"label":"Luxury attar oil bottle factory"},{"value":178,"label":"Oud oil bottle wholesale"},{"value":168,"label":"Premium perfume bottle supplier"},{"value":425,"label":"Zamac perfume oil bottle supplier"}]},"featured_image_src_large":["https:\/\/glass-perfume-bottles.com\/wp-content\/uploads\/2025\/05\/Fancy-3ml-6ml12ml-attar-oud-oil-bottle-with-zamac-bottom-Cap.jpg",720,720,false],"author_info":[],"comment_info":0,"_links":{"self":[{"href":"https:\/\/glass-perfume-bottles.com\/fr\/wp-json\/wp\/v2\/product\/2915","targetHints":{"allow":["GET"]}}],"collection":[{"href":"https:\/\/glass-perfume-bottles.com\/fr\/wp-json\/wp\/v2\/product"}],"about":[{"href":"https:\/\/glass-perfume-bottles.com\/fr\/wp-json\/wp\/v2\/types\/product"}],"replies":[{"embeddable":true,"href":"https:\/\/glass-perfume-bottles.com\/fr\/wp-json\/wp\/v2\/comments?post=2915"}],"wp:featuredmedia":[{"embeddable":true,"href":"https:\/\/glass-perfume-bottles.com\/fr\/wp-json\/wp\/v2\/media\/2916"}],"wp:attachment":[{"href":"https:\/\/glass-perfume-bottles.com\/fr\/wp-json\/wp\/v2\/media?parent=2915"}],"wp:term":[{"taxonomy":"product_brand","embeddable":true,"href":"https:\/\/glass-perfume-bottles.com\/fr\/wp-json\/wp\/v2\/product_brand?post=2915"},{"taxonomy":"product_cat","embeddable":true,"href":"https:\/\/glass-perfume-bottles.com\/fr\/wp-json\/wp\/v2\/product_cat?post=2915"},{"taxonomy":"product_tag","embeddable":true,"href":"https:\/\/glass-perfume-bottles.com\/fr\/wp-json\/wp\/v2\/product_tag?post=2915"}],"curies":[{"name":"wp","href":"https:\/\/api.w.org\/{rel}","templated":true}]}}