{"id":3007,"date":"2025-06-28T06:20:15","date_gmt":"2025-06-28T06:20:15","guid":{"rendered":"https:\/\/glass-perfume-bottles.com\/?post_type=product&#038;p=3007"},"modified":"2025-11-14T21:58:06","modified_gmt":"2025-11-14T21:58:06","slug":"luxurious-50ml-100ml-fluted-glass-scent-perfume-bottle-with-arcylic-cap","status":"publish","type":"product","link":"https:\/\/glass-perfume-bottles.com\/fr\/produit\/luxurious-50ml-100ml-fluted-glass-scent-perfume-bottle-with-arcylic-cap\/","title":{"rendered":"Flacon de parfum luxueux en verre cannel\u00e9 de 50 ml et 100 ml avec bouchon en acrylique"},"content":{"rendered":"<table>\n<tbody>\n<tr>\n<td width=\"158\">Nom du produit<\/td>\n<td width=\"591\">Flacon de parfum cannel\u00e9 avec bouchon acrylique<\/td>\n<\/tr>\n<tr>\n<td width=\"158\">Capacit\u00e9<\/td>\n<td width=\"591\">Bouche \u00e0 ba\u00efonnette (autres tailles disponibles)<\/td>\n<\/tr>\n<tr>\n<td width=\"158\">Taille<\/td>\n<td width=\"591\">50 ml : 64 mm x 59 mm<\/p>\n<p>100 ml : 65 mm x 79 mm<\/td>\n<\/tr>\n<tr>\n<td width=\"158\">Poids<\/td>\n<td width=\"591\">50 ml : 220 g 100 ml : 300 g<\/td>\n<\/tr>\n<tr>\n<td width=\"158\">Mat\u00e9riel<\/td>\n<td width=\"591\">verre blanc cristal<\/td>\n<\/tr>\n<tr>\n<td width=\"158\">Couleur du corps<\/td>\n<td width=\"591\">Rouge, noir, bleu, givr\u00e9, vert, rose ou couleur personnalis\u00e9e<\/td>\n<\/tr>\n<tr>\n<td width=\"158\">Manutention de surface<\/td>\n<td width=\"591\">S\/S, H\/S, givr\u00e9, m\u00e9tallis\u00e9, flocage, holographique, rev\u00eatement en marbre, nacr\u00e9, etc.<\/td>\n<\/tr>\n<tr>\n<td width=\"158\">Usage<\/td>\n<td width=\"591\">\u00a0Emballage d&#039;huile d&#039;aromath\u00e9rapie\/huile essentielle\/d\u00e9odorant\/d\u00e9sodorisant\/parfum\/s\u00e9rum\/huile essentielle\/toner<\/td>\n<\/tr>\n<tr>\n<td width=\"158\">Emballage<\/td>\n<td width=\"591\">Carton d&#039;exportation puis palette en contreplaqu\u00e9,<\/td>\n<\/tr>\n<tr>\n<td width=\"158\">Quantit\u00e9 minimale de commande<\/td>\n<td width=\"591\">2 000 pi\u00e8ces (car il existe une conception personnalis\u00e9e)<\/td>\n<\/tr>\n<tr>\n<td width=\"158\">\u00c9chantillon<\/td>\n<td width=\"591\">\u00c9chantillon gratuit, frais de transport n\u00e9cessaires.<\/td>\n<\/tr>\n<tr>\n<td width=\"158\">Transport<\/td>\n<td width=\"591\">FedEx\/DHL\/EMS\/UPS\/TNT\/Par mer\/Par avion, etc.<\/td>\n<\/tr>\n<tr>\n<td width=\"158\">Mode de paiement<\/td>\n<td width=\"591\">Virement bancaire, L\/C, Western Union, Money Gram, Paypal, etc.<\/td>\n<\/tr>\n<tr>\n<td width=\"158\">D\u00e9lai de livraison<\/td>\n<td width=\"591\">\u00c9chantillon 1 \u00e0 2 jours, production de commande 20 \u00e0 45 jours selon les d\u00e9tails de la commande.<\/td>\n<\/tr>\n<tr>\n<td width=\"158\">Service<\/td>\n<td width=\"591\">Service OEM et ODM, service de conception, solution unique<\/td>\n<\/tr>\n<\/tbody>\n<\/table>\n<p>&nbsp;<\/p>\n<p>Cannel\u00e9 <a href=\"https:\/\/glass-perfume-bottles.com\/fr\/produit\/high-end-150ml-cylinderical-bayonet-glass-scent-perfume-bottle-factory\/\">flacon de parfum<\/a> Fabriqu\u00e9 en verre blanc cristal, de haute qualit\u00e9 et transparence, la bouche \u00e0 ba\u00efonnette correspond \u00e0 la pompe de pulv\u00e9risation \u00e0 brouillard fin Augmente l&#039;\u00e9tanch\u00e9it\u00e9 de l&#039;emballage, pas besoin de s&#039;inqui\u00e9ter des fuites, la conception cannel\u00e9e d&#039;apparence luxueuse avec capuchon en acrylique vous assure que votre produit stable de haute qualit\u00e9 se d\u00e9marque du corbeau.<\/p>\n<p>Acceptez les processus personnalis\u00e9s S\/S, H\/S, estampage \u00e0 chaud, flocage, rev\u00eatement de couleur, rev\u00eatement de marbre, m\u00e9tallisation, rev\u00eatement holographique, etc., une petite quantit\u00e9 est possible,<\/p>\n<p>HY GLASS en tant que professionnel <a href=\"https:\/\/www.hyglassbottles.com\/product\/Luxury-100ml-Mid-east-arabic--fluted-glass-perfume-oil-bottle-factory.html\">bouteille de parfum en verre<\/a> usine, nous avons produit 2 000 types de flacons de parfum en verre de forme pour le client, nous avons une capacit\u00e9 de 30 ml, 50 ml et 100 ml, nous pouvons \u00e9galement personnaliser n&#039;importe quelle forme et capacit\u00e9 de flacons pour vous, nous avons une \u00e9quipe de conception professionnelle et un d\u00e9partement QC strictement contr\u00f4lant la qualit\u00e9 du produit, bienvenue contactez-nous, attendez-vous.<\/p>","protected":false},"excerpt":{"rendered":"<p>Flacon de parfum en verre cannel\u00e9 de 50 ml et 100 ml en verre blanc cristal, de haute qualit\u00e9 et transparence, avec une bouche \u00e0 ba\u00efonnette assortie \u00e0 une pompe de pulv\u00e9risation \u00e0 brume fine. Augmente l&#039;\u00e9tanch\u00e9it\u00e9 de l&#039;emballage, pas besoin de s&#039;inqui\u00e9ter des fuites, la conception cannel\u00e9e d&#039;apparence luxueuse avec un capuchon en acrylique vous assure que votre produit stable de haute qualit\u00e9 se d\u00e9marque du corbeau.<\/p>","protected":false},"featured_media":3008,"comment_status":"open","ping_status":"closed","template":"","meta":{"_kad_blocks_custom_css":"","_kad_blocks_head_custom_js":"","_kad_blocks_body_custom_js":"","_kad_blocks_footer_custom_js":"","_kad_post_transparent":"default","_kad_post_title":"","_kad_post_layout":"default","_kad_post_sidebar_id":"","_kad_post_content_style":"default","_kad_post_vertical_padding":"default","_kad_post_feature":"","_kad_post_feature_position":"","_kad_post_header":false,"_kad_post_footer":false,"_joinchat":[]},"product_brand":[],"product_cat":[51],"product_tag":[460,450,458,156,358,459],"class_list":{"0":"post-3007","1":"product","2":"type-product","3":"status-publish","4":"has-post-thumbnail","6":"product_cat-glass-perfume-bottles","7":"product_tag-botol-parfum-kaca-bening-pria-dan-wanita","8":"product_tag-glass-sub-bottle-supplier","9":"product_tag-luxurious-perfume-bottle-supplier","10":"product_tag-luxury-perfume-bottle-supplier","11":"product_tag-premium-perfume-bottle-portable","12":"product_tag-wholesale-scent-perfume-bottle-manufacturer","14":"first","15":"instock","16":"shipping-taxable","17":"product-type-simple","18":"entry","19":"content-bg","20":"loop-entry"},"yoast_head":"<!-- This site is optimized with the Yoast SEO Premium plugin v20.5 (Yoast SEO v24.2) - https:\/\/yoast.com\/wordpress\/plugins\/seo\/ -->\n<title>Fluted glass scent perfume bottle factory<\/title>\n<meta name=\"description\" content=\"Fluted glass scent perfume bottle made of high white glass,unique cylinder shape high transparency,make your products luxury and stand out other brands.\" \/>\n<meta name=\"robots\" content=\"index, follow, max-snippet:-1, max-image-preview:large, max-video-preview:-1\" \/>\n<link rel=\"canonical\" href=\"https:\/\/glass-perfume-bottles.com\/fr\/produit\/luxurious-50ml-100ml-fluted-glass-scent-perfume-bottle-with-arcylic-cap\/\" \/>\n<meta property=\"og:locale\" content=\"fr_FR\" \/>\n<meta property=\"og:type\" content=\"article\" \/>\n<meta property=\"og:title\" content=\"Luxurious 50ml 100ml fluted glass scent perfume bottle with arcylic cap\" \/>\n<meta property=\"og:description\" content=\"Fluted glass scent perfume bottle made of high white glass,unique cylinder shape high transparency,make your products luxury and stand out other brands.\" \/>\n<meta property=\"og:url\" content=\"https:\/\/glass-perfume-bottles.com\/fr\/produit\/luxurious-50ml-100ml-fluted-glass-scent-perfume-bottle-with-arcylic-cap\/\" \/>\n<meta property=\"og:site_name\" content=\"HY GLASS\" \/>\n<meta property=\"article:modified_time\" content=\"2025-11-14T21:58:06+00:00\" \/>\n<meta property=\"og:image\" content=\"https:\/\/glass-perfume-bottles.com\/wp-content\/uploads\/2025\/06\/Luxurious-50ml-100ml-fluted-glass-scent-perfume-bottle-with-arcylic-cap.jpg\" \/>\n\t<meta property=\"og:image:width\" content=\"720\" \/>\n\t<meta property=\"og:image:height\" content=\"720\" \/>\n\t<meta property=\"og:image:type\" content=\"image\/jpeg\" \/>\n<meta name=\"twitter:card\" content=\"summary_large_image\" \/>\n<meta name=\"twitter:label1\" content=\"Dur\u00e9e de lecture estim\u00e9e\" \/>\n\t<meta name=\"twitter:data1\" content=\"2 minutes\" \/>\n<script type=\"application\/ld+json\" class=\"yoast-schema-graph\">{\"@context\":\"https:\/\/schema.org\",\"@graph\":[{\"@type\":\"WebPage\",\"@id\":\"https:\/\/glass-perfume-bottles.com\/product\/luxurious-50ml-100ml-fluted-glass-scent-perfume-bottle-with-arcylic-cap\/\",\"url\":\"https:\/\/glass-perfume-bottles.com\/product\/luxurious-50ml-100ml-fluted-glass-scent-perfume-bottle-with-arcylic-cap\/\",\"name\":\"Fluted glass scent perfume bottle factory\",\"isPartOf\":{\"@id\":\"https:\/\/glass-perfume-bottles.com\/#website\"},\"primaryImageOfPage\":{\"@id\":\"https:\/\/glass-perfume-bottles.com\/product\/luxurious-50ml-100ml-fluted-glass-scent-perfume-bottle-with-arcylic-cap\/#primaryimage\"},\"image\":{\"@id\":\"https:\/\/glass-perfume-bottles.com\/product\/luxurious-50ml-100ml-fluted-glass-scent-perfume-bottle-with-arcylic-cap\/#primaryimage\"},\"thumbnailUrl\":\"https:\/\/glass-perfume-bottles.com\/wp-content\/uploads\/2025\/06\/Luxurious-50ml-100ml-fluted-glass-scent-perfume-bottle-with-arcylic-cap.jpg\",\"datePublished\":\"2025-06-28T06:20:15+00:00\",\"dateModified\":\"2025-11-14T21:58:06+00:00\",\"description\":\"Fluted glass scent perfume bottle made of high white glass,unique cylinder shape high transparency,make your products luxury and stand out other brands.\",\"breadcrumb\":{\"@id\":\"https:\/\/glass-perfume-bottles.com\/product\/luxurious-50ml-100ml-fluted-glass-scent-perfume-bottle-with-arcylic-cap\/#breadcrumb\"},\"inLanguage\":\"fr-FR\",\"potentialAction\":[{\"@type\":\"ReadAction\",\"target\":[\"https:\/\/glass-perfume-bottles.com\/product\/luxurious-50ml-100ml-fluted-glass-scent-perfume-bottle-with-arcylic-cap\/\"]}]},{\"@type\":\"ImageObject\",\"inLanguage\":\"fr-FR\",\"@id\":\"https:\/\/glass-perfume-bottles.com\/product\/luxurious-50ml-100ml-fluted-glass-scent-perfume-bottle-with-arcylic-cap\/#primaryimage\",\"url\":\"https:\/\/glass-perfume-bottles.com\/wp-content\/uploads\/2025\/06\/Luxurious-50ml-100ml-fluted-glass-scent-perfume-bottle-with-arcylic-cap.jpg\",\"contentUrl\":\"https:\/\/glass-perfume-bottles.com\/wp-content\/uploads\/2025\/06\/Luxurious-50ml-100ml-fluted-glass-scent-perfume-bottle-with-arcylic-cap.jpg\",\"width\":720,\"height\":720,\"caption\":\"Luxurious 50ml 100ml fluted glass scent perfume bottle with arcylic cap\"},{\"@type\":\"BreadcrumbList\",\"@id\":\"https:\/\/glass-perfume-bottles.com\/product\/luxurious-50ml-100ml-fluted-glass-scent-perfume-bottle-with-arcylic-cap\/#breadcrumb\",\"itemListElement\":[{\"@type\":\"ListItem\",\"position\":1,\"name\":\"Home\",\"item\":\"https:\/\/glass-perfume-bottles.com\/\"},{\"@type\":\"ListItem\",\"position\":2,\"name\":\"Product\",\"item\":\"https:\/\/glass-perfume-bottles.com\/custom-made-perfume-bottle-suppliers-and-wholesale\/\"},{\"@type\":\"ListItem\",\"position\":3,\"name\":\"Luxurious 50ml 100ml fluted glass scent perfume bottle with arcylic cap\"}]},{\"@type\":\"WebSite\",\"@id\":\"https:\/\/glass-perfume-bottles.com\/#website\",\"url\":\"https:\/\/glass-perfume-bottles.com\/\",\"name\":\"HY GLASS\",\"description\":\"glass perfume bottle manufacturers &amp; suppliers, aroma reed diffuser bottle wholesale &amp; suppliers\",\"publisher\":{\"@id\":\"https:\/\/glass-perfume-bottles.com\/#organization\"},\"potentialAction\":[{\"@type\":\"SearchAction\",\"target\":{\"@type\":\"EntryPoint\",\"urlTemplate\":\"https:\/\/glass-perfume-bottles.com\/?s={search_term_string}\"},\"query-input\":{\"@type\":\"PropertyValueSpecification\",\"valueRequired\":true,\"valueName\":\"search_term_string\"}}],\"inLanguage\":\"fr-FR\"},{\"@type\":\"Organization\",\"@id\":\"https:\/\/glass-perfume-bottles.com\/#organization\",\"name\":\"HY GLASS\",\"url\":\"https:\/\/glass-perfume-bottles.com\/\",\"logo\":{\"@type\":\"ImageObject\",\"inLanguage\":\"fr-FR\",\"@id\":\"https:\/\/glass-perfume-bottles.com\/#\/schema\/logo\/image\/\",\"url\":\"https:\/\/glass-perfume-bottles.com\/wp-content\/uploads\/2023\/09\/logo21.png\",\"contentUrl\":\"https:\/\/glass-perfume-bottles.com\/wp-content\/uploads\/2023\/09\/logo21.png\",\"width\":342,\"height\":268,\"caption\":\"HY GLASS\"},\"image\":{\"@id\":\"https:\/\/glass-perfume-bottles.com\/#\/schema\/logo\/image\/\"}}]}<\/script>\n<!-- \/ Yoast SEO Premium plugin. -->","yoast_head_json":{"title":"Fluted glass scent perfume bottle factory","description":"Fluted glass scent perfume bottle made of high white glass,unique cylinder shape high transparency,make your products luxury and stand out other brands.","robots":{"index":"index","follow":"follow","max-snippet":"max-snippet:-1","max-image-preview":"max-image-preview:large","max-video-preview":"max-video-preview:-1"},"canonical":"https:\/\/glass-perfume-bottles.com\/fr\/produit\/luxurious-50ml-100ml-fluted-glass-scent-perfume-bottle-with-arcylic-cap\/","og_locale":"fr_FR","og_type":"article","og_title":"Luxurious 50ml 100ml fluted glass scent perfume bottle with arcylic cap","og_description":"Fluted glass scent perfume bottle made of high white glass,unique cylinder shape high transparency,make your products luxury and stand out other brands.","og_url":"https:\/\/glass-perfume-bottles.com\/fr\/produit\/luxurious-50ml-100ml-fluted-glass-scent-perfume-bottle-with-arcylic-cap\/","og_site_name":"HY GLASS","article_modified_time":"2025-11-14T21:58:06+00:00","og_image":[{"width":720,"height":720,"url":"https:\/\/glass-perfume-bottles.com\/wp-content\/uploads\/2025\/06\/Luxurious-50ml-100ml-fluted-glass-scent-perfume-bottle-with-arcylic-cap.jpg","type":"image\/jpeg"}],"twitter_card":"summary_large_image","twitter_misc":{"Dur\u00e9e de lecture estim\u00e9e":"2 minutes"},"schema":{"@context":"https:\/\/schema.org","@graph":[{"@type":"WebPage","@id":"https:\/\/glass-perfume-bottles.com\/product\/luxurious-50ml-100ml-fluted-glass-scent-perfume-bottle-with-arcylic-cap\/","url":"https:\/\/glass-perfume-bottles.com\/product\/luxurious-50ml-100ml-fluted-glass-scent-perfume-bottle-with-arcylic-cap\/","name":"Fluted glass scent perfume bottle factory","isPartOf":{"@id":"https:\/\/glass-perfume-bottles.com\/#website"},"primaryImageOfPage":{"@id":"https:\/\/glass-perfume-bottles.com\/product\/luxurious-50ml-100ml-fluted-glass-scent-perfume-bottle-with-arcylic-cap\/#primaryimage"},"image":{"@id":"https:\/\/glass-perfume-bottles.com\/product\/luxurious-50ml-100ml-fluted-glass-scent-perfume-bottle-with-arcylic-cap\/#primaryimage"},"thumbnailUrl":"https:\/\/glass-perfume-bottles.com\/wp-content\/uploads\/2025\/06\/Luxurious-50ml-100ml-fluted-glass-scent-perfume-bottle-with-arcylic-cap.jpg","datePublished":"2025-06-28T06:20:15+00:00","dateModified":"2025-11-14T21:58:06+00:00","description":"Fluted glass scent perfume bottle made of high white glass,unique cylinder shape high transparency,make your products luxury and stand out other brands.","breadcrumb":{"@id":"https:\/\/glass-perfume-bottles.com\/product\/luxurious-50ml-100ml-fluted-glass-scent-perfume-bottle-with-arcylic-cap\/#breadcrumb"},"inLanguage":"fr-FR","potentialAction":[{"@type":"ReadAction","target":["https:\/\/glass-perfume-bottles.com\/product\/luxurious-50ml-100ml-fluted-glass-scent-perfume-bottle-with-arcylic-cap\/"]}]},{"@type":"ImageObject","inLanguage":"fr-FR","@id":"https:\/\/glass-perfume-bottles.com\/product\/luxurious-50ml-100ml-fluted-glass-scent-perfume-bottle-with-arcylic-cap\/#primaryimage","url":"https:\/\/glass-perfume-bottles.com\/wp-content\/uploads\/2025\/06\/Luxurious-50ml-100ml-fluted-glass-scent-perfume-bottle-with-arcylic-cap.jpg","contentUrl":"https:\/\/glass-perfume-bottles.com\/wp-content\/uploads\/2025\/06\/Luxurious-50ml-100ml-fluted-glass-scent-perfume-bottle-with-arcylic-cap.jpg","width":720,"height":720,"caption":"Luxurious 50ml 100ml fluted glass scent perfume bottle with arcylic cap"},{"@type":"BreadcrumbList","@id":"https:\/\/glass-perfume-bottles.com\/product\/luxurious-50ml-100ml-fluted-glass-scent-perfume-bottle-with-arcylic-cap\/#breadcrumb","itemListElement":[{"@type":"ListItem","position":1,"name":"Home","item":"https:\/\/glass-perfume-bottles.com\/"},{"@type":"ListItem","position":2,"name":"Product","item":"https:\/\/glass-perfume-bottles.com\/custom-made-perfume-bottle-suppliers-and-wholesale\/"},{"@type":"ListItem","position":3,"name":"Luxurious 50ml 100ml fluted glass scent perfume bottle with arcylic cap"}]},{"@type":"WebSite","@id":"https:\/\/glass-perfume-bottles.com\/#website","url":"https:\/\/glass-perfume-bottles.com\/","name":"HY GLASS","description":"glass perfume bottle manufacturers &amp; suppliers, aroma reed diffuser bottle wholesale &amp; suppliers","publisher":{"@id":"https:\/\/glass-perfume-bottles.com\/#organization"},"potentialAction":[{"@type":"SearchAction","target":{"@type":"EntryPoint","urlTemplate":"https:\/\/glass-perfume-bottles.com\/?s={search_term_string}"},"query-input":{"@type":"PropertyValueSpecification","valueRequired":true,"valueName":"search_term_string"}}],"inLanguage":"fr-FR"},{"@type":"Organization","@id":"https:\/\/glass-perfume-bottles.com\/#organization","name":"HY GLASS","url":"https:\/\/glass-perfume-bottles.com\/","logo":{"@type":"ImageObject","inLanguage":"fr-FR","@id":"https:\/\/glass-perfume-bottles.com\/#\/schema\/logo\/image\/","url":"https:\/\/glass-perfume-bottles.com\/wp-content\/uploads\/2023\/09\/logo21.png","contentUrl":"https:\/\/glass-perfume-bottles.com\/wp-content\/uploads\/2023\/09\/logo21.png","width":342,"height":268,"caption":"HY GLASS"},"image":{"@id":"https:\/\/glass-perfume-bottles.com\/#\/schema\/logo\/image\/"}}]}},"taxonomy_info":{"product_cat":[{"value":51,"label":"Glass Perfume Bottle"}],"product_tag":[{"value":460,"label":"Botol parfum kaca bening pria dan wanita"},{"value":450,"label":"Glass sub-bottle supplier"},{"value":458,"label":"Luxurious perfume bottle supplier"},{"value":156,"label":"Luxury perfume bottle supplier"},{"value":358,"label":"Premium Perfume Bottle Portable"},{"value":459,"label":"Wholesale scent perfume bottle manufacturer"}]},"featured_image_src_large":["https:\/\/glass-perfume-bottles.com\/wp-content\/uploads\/2025\/06\/Luxurious-50ml-100ml-fluted-glass-scent-perfume-bottle-with-arcylic-cap.jpg",720,720,false],"author_info":[],"comment_info":1,"_links":{"self":[{"href":"https:\/\/glass-perfume-bottles.com\/fr\/wp-json\/wp\/v2\/product\/3007","targetHints":{"allow":["GET"]}}],"collection":[{"href":"https:\/\/glass-perfume-bottles.com\/fr\/wp-json\/wp\/v2\/product"}],"about":[{"href":"https:\/\/glass-perfume-bottles.com\/fr\/wp-json\/wp\/v2\/types\/product"}],"replies":[{"embeddable":true,"href":"https:\/\/glass-perfume-bottles.com\/fr\/wp-json\/wp\/v2\/comments?post=3007"}],"wp:featuredmedia":[{"embeddable":true,"href":"https:\/\/glass-perfume-bottles.com\/fr\/wp-json\/wp\/v2\/media\/3008"}],"wp:attachment":[{"href":"https:\/\/glass-perfume-bottles.com\/fr\/wp-json\/wp\/v2\/media?parent=3007"}],"wp:term":[{"taxonomy":"product_brand","embeddable":true,"href":"https:\/\/glass-perfume-bottles.com\/fr\/wp-json\/wp\/v2\/product_brand?post=3007"},{"taxonomy":"product_cat","embeddable":true,"href":"https:\/\/glass-perfume-bottles.com\/fr\/wp-json\/wp\/v2\/product_cat?post=3007"},{"taxonomy":"product_tag","embeddable":true,"href":"https:\/\/glass-perfume-bottles.com\/fr\/wp-json\/wp\/v2\/product_tag?post=3007"}],"curies":[{"name":"wp","href":"https:\/\/api.w.org\/{rel}","templated":true}]}}