{"id":3095,"date":"2025-08-04T09:25:29","date_gmt":"2025-08-04T09:25:29","guid":{"rendered":"https:\/\/glass-perfume-bottles.com\/?post_type=product&#038;p=3095"},"modified":"2025-11-14T21:56:19","modified_gmt":"2025-11-14T21:56:19","slug":"bdk-parfum-glass-bottle-manufacturer-and-wholesale","status":"publish","type":"product","link":"https:\/\/glass-perfume-bottles.com\/fr\/produit\/bdk-parfum-glass-bottle-manufacturer-and-wholesale\/","title":{"rendered":"Personnalisez le design du flacon de parfum avec votre nom"},"content":{"rendered":"<table>\n<tbody>\n<tr>\n<td width=\"158\">Nom du produit<\/td>\n<td width=\"591\">Personnalisez le design du flacon de parfum avec votre nom<\/td>\n<\/tr>\n<tr>\n<td width=\"158\">Capacit\u00e9<\/td>\n<td width=\"591\">100 ml (autre taille disponible)<\/td>\n<\/tr>\n<tr>\n<td width=\"158\">Taille<\/td>\n<td width=\"591\">D:51mm H:122mm<\/td>\n<\/tr>\n<tr>\n<td width=\"158\">Poids<\/td>\n<td width=\"591\">200g<\/td>\n<\/tr>\n<tr>\n<td width=\"158\">Mat\u00e9riel<\/td>\n<td width=\"591\">Verre blanc cristal<\/td>\n<\/tr>\n<tr>\n<td width=\"158\">Couleur du corps<\/td>\n<td width=\"591\">Rouge, noir, bleu, givr\u00e9, vert, rose ou couleur personnalis\u00e9e<\/td>\n<\/tr>\n<tr>\n<td width=\"158\">Manutention de surface<\/td>\n<td width=\"591\">S\/S, H\/S, givr\u00e9, m\u00e9tallis\u00e9, flocage, holographique, rev\u00eatement en marbre, nacr\u00e9, etc.<\/td>\n<\/tr>\n<tr>\n<td width=\"158\">Usage<\/td>\n<td width=\"591\">\u00a0Emballage d&#039;huile d&#039;aromath\u00e9rapie\/huile essentielle\/d\u00e9odorant\/d\u00e9sodorisant\/parfum\/s\u00e9rum\/huile essentielle\/toner<\/td>\n<\/tr>\n<tr>\n<td width=\"158\">Emballage<\/td>\n<td width=\"591\">Carton d&#039;exportation puis palette en contreplaqu\u00e9,<\/td>\n<\/tr>\n<tr>\n<td width=\"158\">Quantit\u00e9 minimale de commande<\/td>\n<td width=\"591\">2 000 pi\u00e8ces (car il existe une conception personnalis\u00e9e)<\/td>\n<\/tr>\n<tr>\n<td width=\"158\">\u00c9chantillon<\/td>\n<td width=\"591\">\u00c9chantillon gratuit, frais de transport n\u00e9cessaires.<\/td>\n<\/tr>\n<tr>\n<td width=\"158\">Transport<\/td>\n<td width=\"591\">FedEx\/DHL\/EMS\/UPS\/TNT\/Par mer\/Par avion, etc.<\/td>\n<\/tr>\n<tr>\n<td width=\"158\">Mode de paiement<\/td>\n<td width=\"591\">Virement bancaire, L\/C, Western Union, Money Gram, Paypal, etc.<\/td>\n<\/tr>\n<tr>\n<td width=\"158\">D\u00e9lai de livraison<\/td>\n<td width=\"591\">\u00c9chantillon 1 \u00e0 2 jours, production de commande 20 \u00e0 45 jours selon les d\u00e9tails de la commande.<\/td>\n<\/tr>\n<tr>\n<td width=\"158\">Service<\/td>\n<td width=\"591\">Service de bouteilles en verre OEM et ODM, service de conception, solution unique<\/td>\n<\/tr>\n<\/tbody>\n<\/table>\n<p>&nbsp;<\/p>\n<p>Le fabricant de flacons de parfum BDK est le premier fabricant mondial de flacons en verre. Ce flacon de parfum, con\u00e7u et fabriqu\u00e9 par BDK, arbore un design \u00e9l\u00e9gant et sophistiqu\u00e9, refl\u00e9tant l&#039;importance accord\u00e9e par la marque \u00e0 l&#039;artisanat fran\u00e7ais, \u00e0 la mode et au luxe. Son bouchon distinctif rappelle le d\u00f4me et le savoir-faire du ma\u00eetre orf\u00e8vre. L&#039;esth\u00e9tique du flacon <a href=\"https:\/\/glass-perfume-bottles.com\/fr\/produit\/luxurious-50ml-100ml-fluted-glass-scent-perfume-bottle-with-arcylic-cap\/\">flacon de parfum personnalis\u00e9<\/a> Le design est minimaliste et raffin\u00e9, mettant en valeur la qualit\u00e9 et le savoir-faire des parfums. Fabricant et fournisseur de flacons de parfum BDK, nous disposons d&#039;un large stock de flacons de diff\u00e9rentes contenances, dont 30 ml, 50 ml et 100 ml. Un large choix de moules en verre est \u00e9galement disponible.<\/p>\n<p>Comme le <a href=\"https:\/\/www.hyglassbottles.com\/product\/Customize-150ml-glass-aroma-reed-diffuser-bottle-with-cap-factory.html\">fabricant de flacons de parfum personnalis\u00e9s<\/a> Nous produisons \u00e9galement des flacons en verre avec diff\u00e9rentes finitions, telles que la s\u00e9rigraphie, le marquage \u00e0 chaud, la d\u00e9calcomanie, le vernis UV, etc. Nous pouvons \u00e9galement personnaliser le flacon de parfum \u00e0 votre nom. Envoyez-nous simplement vos id\u00e9es et notre \u00e9quipe les concr\u00e9tisera. Envoyez-nous vos cr\u00e9ations et nous les r\u00e9aliserons. Contactez-nous.<\/p>","protected":false},"excerpt":{"rendered":"<p>En tant que fabricant et grossiste de flacons de parfum personnalis\u00e9s, nous nous concentrons sur la production de types de flacons en verre avec diff\u00e9rentes finitions telles que la s\u00e9rigraphie, l&#039;estampage \u00e0 chaud, la d\u00e9calcomanie, le rev\u00eatement UV, etc.<\/p>","protected":false},"featured_media":3096,"comment_status":"open","ping_status":"closed","template":"","meta":{"_kad_blocks_custom_css":"","_kad_blocks_head_custom_js":"","_kad_blocks_body_custom_js":"","_kad_blocks_footer_custom_js":"","_kad_post_transparent":"default","_kad_post_title":"","_kad_post_layout":"default","_kad_post_sidebar_id":"","_kad_post_content_style":"default","_kad_post_vertical_padding":"default","_kad_post_feature":"","_kad_post_feature_position":"","_kad_post_header":false,"_kad_post_footer":false,"_joinchat":[]},"product_brand":[],"product_cat":[51],"product_tag":[478,477,476],"class_list":{"0":"post-3095","1":"product","2":"type-product","3":"status-publish","4":"has-post-thumbnail","6":"product_cat-glass-perfume-bottles","7":"product_tag-bdk-parfum-glass-bottle-manufacturer-and-wholesaler","8":"product_tag-customized-perfume-bottle-manufacturer","9":"product_tag-unique-perfume-bottles-wholesale","11":"first","12":"instock","13":"shipping-taxable","14":"product-type-simple","15":"entry","16":"content-bg","17":"loop-entry"},"yoast_head":"<!-- This site is optimized with the Yoast SEO Premium plugin v20.5 (Yoast SEO v24.2) - https:\/\/yoast.com\/wordpress\/plugins\/seo\/ -->\n<title>bdk parfum bottle manufacturer and wholesale<\/title>\n<meta name=\"description\" content=\"Unique perfume bottles wholesale, customized perfume bottle manufacturer, bdk parfum glass bottle manufacturer and wholesaler\" \/>\n<meta name=\"robots\" content=\"index, follow, max-snippet:-1, max-image-preview:large, max-video-preview:-1\" \/>\n<link rel=\"canonical\" href=\"https:\/\/glass-perfume-bottles.com\/fr\/produit\/bdk-parfum-glass-bottle-manufacturer-and-wholesale\/\" \/>\n<meta property=\"og:locale\" content=\"fr_FR\" \/>\n<meta property=\"og:type\" content=\"article\" \/>\n<meta property=\"og:title\" content=\"Customize perfume bottle design with name\" \/>\n<meta property=\"og:description\" content=\"Unique perfume bottles wholesale, customized perfume bottle manufacturer, bdk parfum glass bottle manufacturer and wholesaler\" \/>\n<meta property=\"og:url\" content=\"https:\/\/glass-perfume-bottles.com\/fr\/produit\/bdk-parfum-glass-bottle-manufacturer-and-wholesale\/\" \/>\n<meta property=\"og:site_name\" content=\"HY GLASS\" \/>\n<meta property=\"article:modified_time\" content=\"2025-11-14T21:56:19+00:00\" \/>\n<meta property=\"og:image\" content=\"https:\/\/glass-perfume-bottles.com\/wp-content\/uploads\/2025\/08\/BDK-Parfum-Bottle.jpg\" \/>\n\t<meta property=\"og:image:width\" content=\"720\" \/>\n\t<meta property=\"og:image:height\" content=\"720\" \/>\n\t<meta property=\"og:image:type\" content=\"image\/jpeg\" \/>\n<meta name=\"twitter:card\" content=\"summary_large_image\" \/>\n<meta name=\"twitter:label1\" content=\"Dur\u00e9e de lecture estim\u00e9e\" \/>\n\t<meta name=\"twitter:data1\" content=\"2 minutes\" \/>\n<script type=\"application\/ld+json\" class=\"yoast-schema-graph\">{\"@context\":\"https:\/\/schema.org\",\"@graph\":[{\"@type\":\"WebPage\",\"@id\":\"https:\/\/glass-perfume-bottles.com\/product\/bdk-parfum-glass-bottle-manufacturer-and-wholesale\/\",\"url\":\"https:\/\/glass-perfume-bottles.com\/product\/bdk-parfum-glass-bottle-manufacturer-and-wholesale\/\",\"name\":\"bdk parfum bottle manufacturer and wholesale\",\"isPartOf\":{\"@id\":\"https:\/\/glass-perfume-bottles.com\/#website\"},\"primaryImageOfPage\":{\"@id\":\"https:\/\/glass-perfume-bottles.com\/product\/bdk-parfum-glass-bottle-manufacturer-and-wholesale\/#primaryimage\"},\"image\":{\"@id\":\"https:\/\/glass-perfume-bottles.com\/product\/bdk-parfum-glass-bottle-manufacturer-and-wholesale\/#primaryimage\"},\"thumbnailUrl\":\"https:\/\/glass-perfume-bottles.com\/wp-content\/uploads\/2025\/08\/BDK-Parfum-Bottle.jpg\",\"datePublished\":\"2025-08-04T09:25:29+00:00\",\"dateModified\":\"2025-11-14T21:56:19+00:00\",\"description\":\"Unique perfume bottles wholesale, customized perfume bottle manufacturer, bdk parfum glass bottle manufacturer and wholesaler\",\"breadcrumb\":{\"@id\":\"https:\/\/glass-perfume-bottles.com\/product\/bdk-parfum-glass-bottle-manufacturer-and-wholesale\/#breadcrumb\"},\"inLanguage\":\"fr-FR\",\"potentialAction\":[{\"@type\":\"ReadAction\",\"target\":[\"https:\/\/glass-perfume-bottles.com\/product\/bdk-parfum-glass-bottle-manufacturer-and-wholesale\/\"]}]},{\"@type\":\"ImageObject\",\"inLanguage\":\"fr-FR\",\"@id\":\"https:\/\/glass-perfume-bottles.com\/product\/bdk-parfum-glass-bottle-manufacturer-and-wholesale\/#primaryimage\",\"url\":\"https:\/\/glass-perfume-bottles.com\/wp-content\/uploads\/2025\/08\/BDK-Parfum-Bottle.jpg\",\"contentUrl\":\"https:\/\/glass-perfume-bottles.com\/wp-content\/uploads\/2025\/08\/BDK-Parfum-Bottle.jpg\",\"width\":720,\"height\":720,\"caption\":\"Unique perfume bottles wholesale, customized perfume bottle manufacturer, bdk parfum glass bottle manufacturer and wholesaler\"},{\"@type\":\"BreadcrumbList\",\"@id\":\"https:\/\/glass-perfume-bottles.com\/product\/bdk-parfum-glass-bottle-manufacturer-and-wholesale\/#breadcrumb\",\"itemListElement\":[{\"@type\":\"ListItem\",\"position\":1,\"name\":\"Home\",\"item\":\"https:\/\/glass-perfume-bottles.com\/\"},{\"@type\":\"ListItem\",\"position\":2,\"name\":\"Product\",\"item\":\"https:\/\/glass-perfume-bottles.com\/custom-made-perfume-bottle-suppliers-and-wholesale\/\"},{\"@type\":\"ListItem\",\"position\":3,\"name\":\"Customize perfume bottle design with name\"}]},{\"@type\":\"WebSite\",\"@id\":\"https:\/\/glass-perfume-bottles.com\/#website\",\"url\":\"https:\/\/glass-perfume-bottles.com\/\",\"name\":\"HY GLASS\",\"description\":\"glass perfume bottle manufacturers &amp; suppliers, aroma reed diffuser bottle wholesale &amp; suppliers\",\"publisher\":{\"@id\":\"https:\/\/glass-perfume-bottles.com\/#organization\"},\"potentialAction\":[{\"@type\":\"SearchAction\",\"target\":{\"@type\":\"EntryPoint\",\"urlTemplate\":\"https:\/\/glass-perfume-bottles.com\/?s={search_term_string}\"},\"query-input\":{\"@type\":\"PropertyValueSpecification\",\"valueRequired\":true,\"valueName\":\"search_term_string\"}}],\"inLanguage\":\"fr-FR\"},{\"@type\":\"Organization\",\"@id\":\"https:\/\/glass-perfume-bottles.com\/#organization\",\"name\":\"HY GLASS\",\"url\":\"https:\/\/glass-perfume-bottles.com\/\",\"logo\":{\"@type\":\"ImageObject\",\"inLanguage\":\"fr-FR\",\"@id\":\"https:\/\/glass-perfume-bottles.com\/#\/schema\/logo\/image\/\",\"url\":\"https:\/\/glass-perfume-bottles.com\/wp-content\/uploads\/2023\/09\/logo21.png\",\"contentUrl\":\"https:\/\/glass-perfume-bottles.com\/wp-content\/uploads\/2023\/09\/logo21.png\",\"width\":342,\"height\":268,\"caption\":\"HY GLASS\"},\"image\":{\"@id\":\"https:\/\/glass-perfume-bottles.com\/#\/schema\/logo\/image\/\"}}]}<\/script>\n<!-- \/ Yoast SEO Premium plugin. -->","yoast_head_json":{"title":"bdk parfum bottle manufacturer and wholesale","description":"Unique perfume bottles wholesale, customized perfume bottle manufacturer, bdk parfum glass bottle manufacturer and wholesaler","robots":{"index":"index","follow":"follow","max-snippet":"max-snippet:-1","max-image-preview":"max-image-preview:large","max-video-preview":"max-video-preview:-1"},"canonical":"https:\/\/glass-perfume-bottles.com\/fr\/produit\/bdk-parfum-glass-bottle-manufacturer-and-wholesale\/","og_locale":"fr_FR","og_type":"article","og_title":"Customize perfume bottle design with name","og_description":"Unique perfume bottles wholesale, customized perfume bottle manufacturer, bdk parfum glass bottle manufacturer and wholesaler","og_url":"https:\/\/glass-perfume-bottles.com\/fr\/produit\/bdk-parfum-glass-bottle-manufacturer-and-wholesale\/","og_site_name":"HY GLASS","article_modified_time":"2025-11-14T21:56:19+00:00","og_image":[{"width":720,"height":720,"url":"https:\/\/glass-perfume-bottles.com\/wp-content\/uploads\/2025\/08\/BDK-Parfum-Bottle.jpg","type":"image\/jpeg"}],"twitter_card":"summary_large_image","twitter_misc":{"Dur\u00e9e de lecture estim\u00e9e":"2 minutes"},"schema":{"@context":"https:\/\/schema.org","@graph":[{"@type":"WebPage","@id":"https:\/\/glass-perfume-bottles.com\/product\/bdk-parfum-glass-bottle-manufacturer-and-wholesale\/","url":"https:\/\/glass-perfume-bottles.com\/product\/bdk-parfum-glass-bottle-manufacturer-and-wholesale\/","name":"bdk parfum bottle manufacturer and wholesale","isPartOf":{"@id":"https:\/\/glass-perfume-bottles.com\/#website"},"primaryImageOfPage":{"@id":"https:\/\/glass-perfume-bottles.com\/product\/bdk-parfum-glass-bottle-manufacturer-and-wholesale\/#primaryimage"},"image":{"@id":"https:\/\/glass-perfume-bottles.com\/product\/bdk-parfum-glass-bottle-manufacturer-and-wholesale\/#primaryimage"},"thumbnailUrl":"https:\/\/glass-perfume-bottles.com\/wp-content\/uploads\/2025\/08\/BDK-Parfum-Bottle.jpg","datePublished":"2025-08-04T09:25:29+00:00","dateModified":"2025-11-14T21:56:19+00:00","description":"Unique perfume bottles wholesale, customized perfume bottle manufacturer, bdk parfum glass bottle manufacturer and wholesaler","breadcrumb":{"@id":"https:\/\/glass-perfume-bottles.com\/product\/bdk-parfum-glass-bottle-manufacturer-and-wholesale\/#breadcrumb"},"inLanguage":"fr-FR","potentialAction":[{"@type":"ReadAction","target":["https:\/\/glass-perfume-bottles.com\/product\/bdk-parfum-glass-bottle-manufacturer-and-wholesale\/"]}]},{"@type":"ImageObject","inLanguage":"fr-FR","@id":"https:\/\/glass-perfume-bottles.com\/product\/bdk-parfum-glass-bottle-manufacturer-and-wholesale\/#primaryimage","url":"https:\/\/glass-perfume-bottles.com\/wp-content\/uploads\/2025\/08\/BDK-Parfum-Bottle.jpg","contentUrl":"https:\/\/glass-perfume-bottles.com\/wp-content\/uploads\/2025\/08\/BDK-Parfum-Bottle.jpg","width":720,"height":720,"caption":"Unique perfume bottles wholesale, customized perfume bottle manufacturer, bdk parfum glass bottle manufacturer and wholesaler"},{"@type":"BreadcrumbList","@id":"https:\/\/glass-perfume-bottles.com\/product\/bdk-parfum-glass-bottle-manufacturer-and-wholesale\/#breadcrumb","itemListElement":[{"@type":"ListItem","position":1,"name":"Home","item":"https:\/\/glass-perfume-bottles.com\/"},{"@type":"ListItem","position":2,"name":"Product","item":"https:\/\/glass-perfume-bottles.com\/custom-made-perfume-bottle-suppliers-and-wholesale\/"},{"@type":"ListItem","position":3,"name":"Customize perfume bottle design with name"}]},{"@type":"WebSite","@id":"https:\/\/glass-perfume-bottles.com\/#website","url":"https:\/\/glass-perfume-bottles.com\/","name":"HY GLASS","description":"glass perfume bottle manufacturers &amp; suppliers, aroma reed diffuser bottle wholesale &amp; suppliers","publisher":{"@id":"https:\/\/glass-perfume-bottles.com\/#organization"},"potentialAction":[{"@type":"SearchAction","target":{"@type":"EntryPoint","urlTemplate":"https:\/\/glass-perfume-bottles.com\/?s={search_term_string}"},"query-input":{"@type":"PropertyValueSpecification","valueRequired":true,"valueName":"search_term_string"}}],"inLanguage":"fr-FR"},{"@type":"Organization","@id":"https:\/\/glass-perfume-bottles.com\/#organization","name":"HY GLASS","url":"https:\/\/glass-perfume-bottles.com\/","logo":{"@type":"ImageObject","inLanguage":"fr-FR","@id":"https:\/\/glass-perfume-bottles.com\/#\/schema\/logo\/image\/","url":"https:\/\/glass-perfume-bottles.com\/wp-content\/uploads\/2023\/09\/logo21.png","contentUrl":"https:\/\/glass-perfume-bottles.com\/wp-content\/uploads\/2023\/09\/logo21.png","width":342,"height":268,"caption":"HY GLASS"},"image":{"@id":"https:\/\/glass-perfume-bottles.com\/#\/schema\/logo\/image\/"}}]}},"taxonomy_info":{"product_cat":[{"value":51,"label":"Glass Perfume Bottle"}],"product_tag":[{"value":478,"label":"bdk parfum glass bottle manufacturer and wholesaler"},{"value":477,"label":"customized perfume bottle manufacturer"},{"value":476,"label":"Unique perfume bottles wholesale"}]},"featured_image_src_large":["https:\/\/glass-perfume-bottles.com\/wp-content\/uploads\/2025\/08\/BDK-Parfum-Bottle.jpg",720,720,false],"author_info":[],"comment_info":1,"_links":{"self":[{"href":"https:\/\/glass-perfume-bottles.com\/fr\/wp-json\/wp\/v2\/product\/3095","targetHints":{"allow":["GET"]}}],"collection":[{"href":"https:\/\/glass-perfume-bottles.com\/fr\/wp-json\/wp\/v2\/product"}],"about":[{"href":"https:\/\/glass-perfume-bottles.com\/fr\/wp-json\/wp\/v2\/types\/product"}],"replies":[{"embeddable":true,"href":"https:\/\/glass-perfume-bottles.com\/fr\/wp-json\/wp\/v2\/comments?post=3095"}],"wp:featuredmedia":[{"embeddable":true,"href":"https:\/\/glass-perfume-bottles.com\/fr\/wp-json\/wp\/v2\/media\/3096"}],"wp:attachment":[{"href":"https:\/\/glass-perfume-bottles.com\/fr\/wp-json\/wp\/v2\/media?parent=3095"}],"wp:term":[{"taxonomy":"product_brand","embeddable":true,"href":"https:\/\/glass-perfume-bottles.com\/fr\/wp-json\/wp\/v2\/product_brand?post=3095"},{"taxonomy":"product_cat","embeddable":true,"href":"https:\/\/glass-perfume-bottles.com\/fr\/wp-json\/wp\/v2\/product_cat?post=3095"},{"taxonomy":"product_tag","embeddable":true,"href":"https:\/\/glass-perfume-bottles.com\/fr\/wp-json\/wp\/v2\/product_tag?post=3095"}],"curies":[{"name":"wp","href":"https:\/\/api.w.org\/{rel}","templated":true}]}}