{"id":3098,"date":"2025-08-12T09:09:56","date_gmt":"2025-08-12T09:09:56","guid":{"rendered":"https:\/\/glass-perfume-bottles.com\/?post_type=product&#038;p=3098"},"modified":"2025-11-14T21:56:40","modified_gmt":"2025-11-14T21:56:40","slug":"bdk-perfume-bottle-cap-suppliers-and-wholesale","status":"publish","type":"product","link":"https:\/\/glass-perfume-bottles.com\/fr\/produit\/bdk-perfume-bottle-cap-suppliers-and-wholesale\/","title":{"rendered":"Meilleurs fabricants et grossistes de capsules de parfum"},"content":{"rendered":"<table>\n<tbody>\n<tr>\n<td width=\"158\">Nom du produit<\/td>\n<td width=\"591\">Meilleurs bouchons de bouteilles de parfum<\/td>\n<\/tr>\n<tr>\n<td width=\"158\">Taille<\/td>\n<td width=\"591\">Fea 15 (autre taille disponible)<\/td>\n<\/tr>\n<tr>\n<td width=\"158\">Quantit\u00e9 minimale de commande<\/td>\n<td width=\"591\">10 000 pi\u00e8ces (car il existe une conception personnalis\u00e9e)<\/td>\n<\/tr>\n<tr>\n<td width=\"158\">Couleur<\/td>\n<td width=\"591\">Argent, or, noir, transparent ou couleur personnalis\u00e9e<\/td>\n<\/tr>\n<tr>\n<td width=\"158\">Usage<\/td>\n<td width=\"591\">Flacon de parfum en verre<\/td>\n<\/tr>\n<tr>\n<td width=\"158\">Mat\u00e9riel<\/td>\n<td width=\"591\">ABS, m\u00e9tal, zamac, plastique, surlyn, aluminium, bois, bambou, cristal, verre, etc.<\/td>\n<\/tr>\n<tr>\n<td width=\"158\">Type de capuchon<\/td>\n<td width=\"591\">Sertissage, Vissage, Encliquetage, Inviolable, S\u00e9curit\u00e9 enfant<\/td>\n<\/tr>\n<tr>\n<td width=\"158\">Surface<\/td>\n<td width=\"591\">Peinture, impression, \u00e9tiquetage, d\u00e9calcomanie, marquage \u00e0 chaud, gaufrage, etc.<\/td>\n<\/tr>\n<tr>\n<td width=\"158\">\u00c9chantillon<\/td>\n<td width=\"591\">\u00c9chantillon gratuit, frais de transport n\u00e9cessaires.<\/td>\n<\/tr>\n<tr>\n<td width=\"158\">Transport<\/td>\n<td width=\"591\">FedEx\/DHL\/EMS\/UPS\/TNT\/Par mer\/Par avion, etc.<\/td>\n<\/tr>\n<tr>\n<td width=\"158\">Mode de paiement<\/td>\n<td width=\"591\">Virement bancaire, L\/C, Western Union, Money Gram, Paypal, etc.<\/td>\n<\/tr>\n<tr>\n<td width=\"158\">D\u00e9lai de livraison<\/td>\n<td width=\"591\">\u00c9chantillon 1 \u00e0 2 jours, production de commande 20 \u00e0 45 jours selon les d\u00e9tails de la commande.<\/td>\n<\/tr>\n<tr>\n<td width=\"158\">Service<\/td>\n<td width=\"591\">Service OEM et ODM, service de conception, solution unique<\/td>\n<\/tr>\n<\/tbody>\n<\/table>\n<p>&nbsp;<\/p>\n<p>Il existe une grande vari\u00e9t\u00e9 de mat\u00e9riaux pour les bouchons de flacons de parfum sur le march\u00e9. Les plus courants sont l&#039;ABS, l&#039;acrylique, le Surlyn, le PP, l&#039;aluminium, le bois, le zamac, le cuir, le verre, etc. Les plus populaires <a href=\"https:\/\/glass-perfume-bottles.com\/fr\/produit\/wholesale-perfume-bottle-cap-material\/\">bouchon de bouteille de parfum innovant<\/a> Nous proposons des bouchons en plastique, en aluminium, en bois et en zamac. Fabricant et grossiste de bouchons de flacons de parfum de premier ordre, nous pouvons non seulement personnaliser vos flacons de parfum en verre, mais aussi fournir diff\u00e9rents mat\u00e9riaux, formes et impressions.<\/p>\n<p>Le bouchon du flacon de parfum est \u00e9galement tr\u00e8s important pour qu&#039;il puisse convenir <a href=\"https:\/\/www.hyglassbottles.com\/Perfume-Bottle.html\">flacons de parfum<\/a>Le choix du diam\u00e8tre ext\u00e9rieur minimal du bouchon d\u00e9pend du mat\u00e9riau du bouchon. Veuillez v\u00e9rifier les dimensions suivantes en fonction du mat\u00e9riau.<\/p>\n<p>Zamac : l&#039;\u00e9paisseur est g\u00e9n\u00e9ralement d&#039;au moins 2 mm.<\/p>\n<p>ABS : l&#039;\u00e9paisseur est d&#039;environ 1 mm \u00e0 1,5 mm.<\/p>\n<p>Surlyn : \u00e9paisseur d&#039;environ 2 mm<\/p>\n<p>Bois : \u00e9paisseur d&#039;au moins 2-2,5 mm.<\/p>\n<p>Le diam\u00e8tre ext\u00e9rieur minimal du bouchon est \u00e9gal \u00e0 2 fois l&#039;\u00e9paisseur du mat\u00e9riau + 2 fois l&#039;\u00e9paisseur int\u00e9rieure du rev\u00eatement + 2 fois le diam\u00e8tre du collier. Nous pouvons vous aider \u00e0 d\u00e9terminer le diam\u00e8tre minimal lors de l&#039;\u00e9tirage initial et fournissons gratuitement des plans 2D\/3D si n\u00e9cessaire. Contactez-nous pour plus d&#039;informations.<\/p>\n<p>&nbsp;<\/p>","protected":false},"excerpt":{"rendered":"<p>Il existe de nombreux mat\u00e9riaux diff\u00e9rents pour les meilleurs bouchons de flacons de parfum sur le march\u00e9.<\/p>","protected":false},"featured_media":3099,"comment_status":"open","ping_status":"closed","template":"","meta":{"_kad_blocks_custom_css":"","_kad_blocks_head_custom_js":"","_kad_blocks_body_custom_js":"","_kad_blocks_footer_custom_js":"","_kad_post_transparent":"default","_kad_post_title":"","_kad_post_layout":"default","_kad_post_sidebar_id":"","_kad_post_content_style":"default","_kad_post_vertical_padding":"default","_kad_post_feature":"","_kad_post_feature_position":"","_kad_post_header":false,"_kad_post_footer":false,"_joinchat":[]},"product_brand":[],"product_cat":[52],"product_tag":[472,471,470,469],"class_list":{"0":"post-3098","1":"product","2":"type-product","3":"status-publish","4":"has-post-thumbnail","6":"product_cat-perfume-bottle-caps","7":"product_tag-bdk-perfume-bottle-cap-manufacturer","8":"product_tag-innovative-perfume-caps-suppliers","9":"product_tag-perfume-bottle-caps-15mm-wholesale","10":"product_tag-perfume-spray-nozzle-cap-manufacturers","12":"first","13":"instock","14":"shipping-taxable","15":"product-type-simple","16":"entry","17":"content-bg","18":"loop-entry"},"yoast_head":"<!-- This site is optimized with the Yoast SEO Premium plugin v20.5 (Yoast SEO v24.2) - https:\/\/yoast.com\/wordpress\/plugins\/seo\/ -->\n<title>Best Perfume Bottle Caps Manufacturers and Wholesale<\/title>\n<meta name=\"description\" content=\"Best Perfume Bottle Caps Manufacturers, Perfume spray nozzle cap manufacturers, Perfume bottle caps 15mm wholesale, bdk parfum bottle cap suppliers\" \/>\n<meta name=\"robots\" content=\"index, follow, max-snippet:-1, max-image-preview:large, max-video-preview:-1\" \/>\n<link rel=\"canonical\" href=\"https:\/\/glass-perfume-bottles.com\/fr\/produit\/bdk-perfume-bottle-cap-suppliers-and-wholesale\/\" \/>\n<meta property=\"og:locale\" content=\"fr_FR\" \/>\n<meta property=\"og:type\" content=\"article\" \/>\n<meta property=\"og:title\" content=\"Best Perfume Bottle Caps Manufacturers and Wholesale\" \/>\n<meta property=\"og:description\" content=\"Best Perfume Bottle Caps Manufacturers, Perfume spray nozzle cap manufacturers, Perfume bottle caps 15mm wholesale, bdk parfum bottle cap suppliers\" \/>\n<meta property=\"og:url\" content=\"https:\/\/glass-perfume-bottles.com\/fr\/produit\/bdk-perfume-bottle-cap-suppliers-and-wholesale\/\" \/>\n<meta property=\"og:site_name\" content=\"HY GLASS\" \/>\n<meta property=\"article:modified_time\" content=\"2025-11-14T21:56:40+00:00\" \/>\n<meta property=\"og:image\" content=\"https:\/\/glass-perfume-bottles.com\/wp-content\/uploads\/2025\/08\/BDK-perfume-Bottle-Cap.jpg\" \/>\n\t<meta property=\"og:image:width\" content=\"720\" \/>\n\t<meta property=\"og:image:height\" content=\"720\" \/>\n\t<meta property=\"og:image:type\" content=\"image\/jpeg\" \/>\n<meta name=\"twitter:card\" content=\"summary_large_image\" \/>\n<meta name=\"twitter:label1\" content=\"Dur\u00e9e de lecture estim\u00e9e\" \/>\n\t<meta name=\"twitter:data1\" content=\"2 minutes\" \/>\n<script type=\"application\/ld+json\" class=\"yoast-schema-graph\">{\"@context\":\"https:\/\/schema.org\",\"@graph\":[{\"@type\":\"WebPage\",\"@id\":\"https:\/\/glass-perfume-bottles.com\/product\/bdk-perfume-bottle-cap-suppliers-and-wholesale\/\",\"url\":\"https:\/\/glass-perfume-bottles.com\/product\/bdk-perfume-bottle-cap-suppliers-and-wholesale\/\",\"name\":\"Best Perfume Bottle Caps Manufacturers and Wholesale\",\"isPartOf\":{\"@id\":\"https:\/\/glass-perfume-bottles.com\/#website\"},\"primaryImageOfPage\":{\"@id\":\"https:\/\/glass-perfume-bottles.com\/product\/bdk-perfume-bottle-cap-suppliers-and-wholesale\/#primaryimage\"},\"image\":{\"@id\":\"https:\/\/glass-perfume-bottles.com\/product\/bdk-perfume-bottle-cap-suppliers-and-wholesale\/#primaryimage\"},\"thumbnailUrl\":\"https:\/\/glass-perfume-bottles.com\/wp-content\/uploads\/2025\/08\/BDK-perfume-Bottle-Cap.jpg\",\"datePublished\":\"2025-08-12T09:09:56+00:00\",\"dateModified\":\"2025-11-14T21:56:40+00:00\",\"description\":\"Best Perfume Bottle Caps Manufacturers, Perfume spray nozzle cap manufacturers, Perfume bottle caps 15mm wholesale, bdk parfum bottle cap suppliers\",\"breadcrumb\":{\"@id\":\"https:\/\/glass-perfume-bottles.com\/product\/bdk-perfume-bottle-cap-suppliers-and-wholesale\/#breadcrumb\"},\"inLanguage\":\"fr-FR\",\"potentialAction\":[{\"@type\":\"ReadAction\",\"target\":[\"https:\/\/glass-perfume-bottles.com\/product\/bdk-perfume-bottle-cap-suppliers-and-wholesale\/\"]}]},{\"@type\":\"ImageObject\",\"inLanguage\":\"fr-FR\",\"@id\":\"https:\/\/glass-perfume-bottles.com\/product\/bdk-perfume-bottle-cap-suppliers-and-wholesale\/#primaryimage\",\"url\":\"https:\/\/glass-perfume-bottles.com\/wp-content\/uploads\/2025\/08\/BDK-perfume-Bottle-Cap.jpg\",\"contentUrl\":\"https:\/\/glass-perfume-bottles.com\/wp-content\/uploads\/2025\/08\/BDK-perfume-Bottle-Cap.jpg\",\"width\":720,\"height\":720,\"caption\":\"Best Perfume Bottle Caps manufacturers, BDK perfume bottle cap manufacturer\"},{\"@type\":\"BreadcrumbList\",\"@id\":\"https:\/\/glass-perfume-bottles.com\/product\/bdk-perfume-bottle-cap-suppliers-and-wholesale\/#breadcrumb\",\"itemListElement\":[{\"@type\":\"ListItem\",\"position\":1,\"name\":\"Home\",\"item\":\"https:\/\/glass-perfume-bottles.com\/\"},{\"@type\":\"ListItem\",\"position\":2,\"name\":\"Product\",\"item\":\"https:\/\/glass-perfume-bottles.com\/custom-made-perfume-bottle-suppliers-and-wholesale\/\"},{\"@type\":\"ListItem\",\"position\":3,\"name\":\"Best Perfume Bottle Caps Manufacturers and Wholesale\"}]},{\"@type\":\"WebSite\",\"@id\":\"https:\/\/glass-perfume-bottles.com\/#website\",\"url\":\"https:\/\/glass-perfume-bottles.com\/\",\"name\":\"HY GLASS\",\"description\":\"glass perfume bottle manufacturers &amp; suppliers, aroma reed diffuser bottle wholesale &amp; suppliers\",\"publisher\":{\"@id\":\"https:\/\/glass-perfume-bottles.com\/#organization\"},\"potentialAction\":[{\"@type\":\"SearchAction\",\"target\":{\"@type\":\"EntryPoint\",\"urlTemplate\":\"https:\/\/glass-perfume-bottles.com\/?s={search_term_string}\"},\"query-input\":{\"@type\":\"PropertyValueSpecification\",\"valueRequired\":true,\"valueName\":\"search_term_string\"}}],\"inLanguage\":\"fr-FR\"},{\"@type\":\"Organization\",\"@id\":\"https:\/\/glass-perfume-bottles.com\/#organization\",\"name\":\"HY GLASS\",\"url\":\"https:\/\/glass-perfume-bottles.com\/\",\"logo\":{\"@type\":\"ImageObject\",\"inLanguage\":\"fr-FR\",\"@id\":\"https:\/\/glass-perfume-bottles.com\/#\/schema\/logo\/image\/\",\"url\":\"https:\/\/glass-perfume-bottles.com\/wp-content\/uploads\/2023\/09\/logo21.png\",\"contentUrl\":\"https:\/\/glass-perfume-bottles.com\/wp-content\/uploads\/2023\/09\/logo21.png\",\"width\":342,\"height\":268,\"caption\":\"HY GLASS\"},\"image\":{\"@id\":\"https:\/\/glass-perfume-bottles.com\/#\/schema\/logo\/image\/\"}}]}<\/script>\n<!-- \/ Yoast SEO Premium plugin. -->","yoast_head_json":{"title":"Best Perfume Bottle Caps Manufacturers and Wholesale","description":"Best Perfume Bottle Caps Manufacturers, Perfume spray nozzle cap manufacturers, Perfume bottle caps 15mm wholesale, bdk parfum bottle cap suppliers","robots":{"index":"index","follow":"follow","max-snippet":"max-snippet:-1","max-image-preview":"max-image-preview:large","max-video-preview":"max-video-preview:-1"},"canonical":"https:\/\/glass-perfume-bottles.com\/fr\/produit\/bdk-perfume-bottle-cap-suppliers-and-wholesale\/","og_locale":"fr_FR","og_type":"article","og_title":"Best Perfume Bottle Caps Manufacturers and Wholesale","og_description":"Best Perfume Bottle Caps Manufacturers, Perfume spray nozzle cap manufacturers, Perfume bottle caps 15mm wholesale, bdk parfum bottle cap suppliers","og_url":"https:\/\/glass-perfume-bottles.com\/fr\/produit\/bdk-perfume-bottle-cap-suppliers-and-wholesale\/","og_site_name":"HY GLASS","article_modified_time":"2025-11-14T21:56:40+00:00","og_image":[{"width":720,"height":720,"url":"https:\/\/glass-perfume-bottles.com\/wp-content\/uploads\/2025\/08\/BDK-perfume-Bottle-Cap.jpg","type":"image\/jpeg"}],"twitter_card":"summary_large_image","twitter_misc":{"Dur\u00e9e de lecture estim\u00e9e":"2 minutes"},"schema":{"@context":"https:\/\/schema.org","@graph":[{"@type":"WebPage","@id":"https:\/\/glass-perfume-bottles.com\/product\/bdk-perfume-bottle-cap-suppliers-and-wholesale\/","url":"https:\/\/glass-perfume-bottles.com\/product\/bdk-perfume-bottle-cap-suppliers-and-wholesale\/","name":"Best Perfume Bottle Caps Manufacturers and Wholesale","isPartOf":{"@id":"https:\/\/glass-perfume-bottles.com\/#website"},"primaryImageOfPage":{"@id":"https:\/\/glass-perfume-bottles.com\/product\/bdk-perfume-bottle-cap-suppliers-and-wholesale\/#primaryimage"},"image":{"@id":"https:\/\/glass-perfume-bottles.com\/product\/bdk-perfume-bottle-cap-suppliers-and-wholesale\/#primaryimage"},"thumbnailUrl":"https:\/\/glass-perfume-bottles.com\/wp-content\/uploads\/2025\/08\/BDK-perfume-Bottle-Cap.jpg","datePublished":"2025-08-12T09:09:56+00:00","dateModified":"2025-11-14T21:56:40+00:00","description":"Best Perfume Bottle Caps Manufacturers, Perfume spray nozzle cap manufacturers, Perfume bottle caps 15mm wholesale, bdk parfum bottle cap suppliers","breadcrumb":{"@id":"https:\/\/glass-perfume-bottles.com\/product\/bdk-perfume-bottle-cap-suppliers-and-wholesale\/#breadcrumb"},"inLanguage":"fr-FR","potentialAction":[{"@type":"ReadAction","target":["https:\/\/glass-perfume-bottles.com\/product\/bdk-perfume-bottle-cap-suppliers-and-wholesale\/"]}]},{"@type":"ImageObject","inLanguage":"fr-FR","@id":"https:\/\/glass-perfume-bottles.com\/product\/bdk-perfume-bottle-cap-suppliers-and-wholesale\/#primaryimage","url":"https:\/\/glass-perfume-bottles.com\/wp-content\/uploads\/2025\/08\/BDK-perfume-Bottle-Cap.jpg","contentUrl":"https:\/\/glass-perfume-bottles.com\/wp-content\/uploads\/2025\/08\/BDK-perfume-Bottle-Cap.jpg","width":720,"height":720,"caption":"Best Perfume Bottle Caps manufacturers, BDK perfume bottle cap manufacturer"},{"@type":"BreadcrumbList","@id":"https:\/\/glass-perfume-bottles.com\/product\/bdk-perfume-bottle-cap-suppliers-and-wholesale\/#breadcrumb","itemListElement":[{"@type":"ListItem","position":1,"name":"Home","item":"https:\/\/glass-perfume-bottles.com\/"},{"@type":"ListItem","position":2,"name":"Product","item":"https:\/\/glass-perfume-bottles.com\/custom-made-perfume-bottle-suppliers-and-wholesale\/"},{"@type":"ListItem","position":3,"name":"Best Perfume Bottle Caps Manufacturers and Wholesale"}]},{"@type":"WebSite","@id":"https:\/\/glass-perfume-bottles.com\/#website","url":"https:\/\/glass-perfume-bottles.com\/","name":"HY GLASS","description":"glass perfume bottle manufacturers &amp; suppliers, aroma reed diffuser bottle wholesale &amp; suppliers","publisher":{"@id":"https:\/\/glass-perfume-bottles.com\/#organization"},"potentialAction":[{"@type":"SearchAction","target":{"@type":"EntryPoint","urlTemplate":"https:\/\/glass-perfume-bottles.com\/?s={search_term_string}"},"query-input":{"@type":"PropertyValueSpecification","valueRequired":true,"valueName":"search_term_string"}}],"inLanguage":"fr-FR"},{"@type":"Organization","@id":"https:\/\/glass-perfume-bottles.com\/#organization","name":"HY GLASS","url":"https:\/\/glass-perfume-bottles.com\/","logo":{"@type":"ImageObject","inLanguage":"fr-FR","@id":"https:\/\/glass-perfume-bottles.com\/#\/schema\/logo\/image\/","url":"https:\/\/glass-perfume-bottles.com\/wp-content\/uploads\/2023\/09\/logo21.png","contentUrl":"https:\/\/glass-perfume-bottles.com\/wp-content\/uploads\/2023\/09\/logo21.png","width":342,"height":268,"caption":"HY GLASS"},"image":{"@id":"https:\/\/glass-perfume-bottles.com\/#\/schema\/logo\/image\/"}}]}},"taxonomy_info":{"product_cat":[{"value":52,"label":"Perfume Bottle Cap"}],"product_tag":[{"value":472,"label":"BDK perfume bottle cap manufacturer"},{"value":471,"label":"Innovative perfume caps suppliers"},{"value":470,"label":"Perfume bottle caps 15mm wholesale"},{"value":469,"label":"Perfume spray nozzle cap manufacturers"}]},"featured_image_src_large":["https:\/\/glass-perfume-bottles.com\/wp-content\/uploads\/2025\/08\/BDK-perfume-Bottle-Cap.jpg",720,720,false],"author_info":[],"comment_info":1,"_links":{"self":[{"href":"https:\/\/glass-perfume-bottles.com\/fr\/wp-json\/wp\/v2\/product\/3098","targetHints":{"allow":["GET"]}}],"collection":[{"href":"https:\/\/glass-perfume-bottles.com\/fr\/wp-json\/wp\/v2\/product"}],"about":[{"href":"https:\/\/glass-perfume-bottles.com\/fr\/wp-json\/wp\/v2\/types\/product"}],"replies":[{"embeddable":true,"href":"https:\/\/glass-perfume-bottles.com\/fr\/wp-json\/wp\/v2\/comments?post=3098"}],"wp:featuredmedia":[{"embeddable":true,"href":"https:\/\/glass-perfume-bottles.com\/fr\/wp-json\/wp\/v2\/media\/3099"}],"wp:attachment":[{"href":"https:\/\/glass-perfume-bottles.com\/fr\/wp-json\/wp\/v2\/media?parent=3098"}],"wp:term":[{"taxonomy":"product_brand","embeddable":true,"href":"https:\/\/glass-perfume-bottles.com\/fr\/wp-json\/wp\/v2\/product_brand?post=3098"},{"taxonomy":"product_cat","embeddable":true,"href":"https:\/\/glass-perfume-bottles.com\/fr\/wp-json\/wp\/v2\/product_cat?post=3098"},{"taxonomy":"product_tag","embeddable":true,"href":"https:\/\/glass-perfume-bottles.com\/fr\/wp-json\/wp\/v2\/product_tag?post=3098"}],"curies":[{"name":"wp","href":"https:\/\/api.w.org\/{rel}","templated":true}]}}