{"id":3107,"date":"2025-08-23T10:04:06","date_gmt":"2025-08-23T10:04:06","guid":{"rendered":"https:\/\/glass-perfume-bottles.com\/?post_type=product&#038;p=3107"},"modified":"2025-11-14T21:56:02","modified_gmt":"2025-11-14T21:56:02","slug":"100ml-perfume-glass-bottle-wholesale","status":"publish","type":"product","link":"https:\/\/glass-perfume-bottles.com\/fr\/produit\/100ml-perfume-glass-bottle-wholesale\/","title":{"rendered":"Flacon de parfum en verre de 100 ml en gros"},"content":{"rendered":"<table>\n<tbody>\n<tr>\n<td width=\"158\">Nom du produit<\/td>\n<td width=\"591\">Flacon de parfum en verre de 100 ml en gros<\/td>\n<\/tr>\n<tr>\n<td width=\"158\">Capacit\u00e9<\/td>\n<td width=\"591\">100 ml (autre taille disponible)<\/td>\n<\/tr>\n<tr>\n<td width=\"158\">Taille<\/td>\n<td width=\"591\">D\u00a0: 58\u00a0mm, H\u00a0: 117\u00a0mm, \u00e9paisseur\u00a0: 32\u00a0mm<\/td>\n<\/tr>\n<tr>\n<td width=\"158\">Poids<\/td>\n<td width=\"591\">220g<\/td>\n<\/tr>\n<tr>\n<td width=\"158\">Mat\u00e9riel<\/td>\n<td width=\"591\">Verre blanc cristal<\/td>\n<\/tr>\n<tr>\n<td width=\"158\">Couleur du corps<\/td>\n<td width=\"591\">Rouge, noir, bleu, givr\u00e9, vert, rose ou couleur personnalis\u00e9e<\/td>\n<\/tr>\n<tr>\n<td width=\"158\">Manutention de surface<\/td>\n<td width=\"591\">S\u00e9rigraphie, marquage \u00e0 chaud, givr\u00e9, m\u00e9tallisation, flocage, holographique, rev\u00eatement en marbre, nacr\u00e9, etc.<\/td>\n<\/tr>\n<tr>\n<td width=\"158\">Usage<\/td>\n<td width=\"591\">\u00a0Emballage d&#039;huile de parfum\/huile essentielle\/d\u00e9odorant\/d\u00e9sodorisant\/parfum\/s\u00e9rum\/huile essentielle\/toner<\/td>\n<\/tr>\n<tr>\n<td width=\"158\">Emballage<\/td>\n<td width=\"591\">Carton d&#039;exportation puis palette en contreplaqu\u00e9,<\/td>\n<\/tr>\n<tr>\n<td width=\"158\">Quantit\u00e9 minimale de commande<\/td>\n<td width=\"591\">1 000 pi\u00e8ces (car il existe une conception personnalis\u00e9e)<\/td>\n<\/tr>\n<tr>\n<td width=\"158\">\u00c9chantillon<\/td>\n<td width=\"591\">\u00c9chantillon gratuit, frais de transport n\u00e9cessaires.<\/td>\n<\/tr>\n<tr>\n<td width=\"158\">Transport<\/td>\n<td width=\"591\">FedEx\/DHL\/EMS\/UPS\/TNT\/Par mer\/Par avion, etc.<\/td>\n<\/tr>\n<tr>\n<td width=\"158\">Mode de paiement<\/td>\n<td width=\"591\">Virement bancaire, L\/C, Western Union, Money Gram, Paypal, etc.<\/td>\n<\/tr>\n<tr>\n<td width=\"158\">D\u00e9lai de livraison<\/td>\n<td width=\"591\">\u00c9chantillon 1 \u00e0 2 jours, production de commande 20 \u00e0 45 jours selon les d\u00e9tails de la commande.<\/td>\n<\/tr>\n<tr>\n<td width=\"158\">Service<\/td>\n<td width=\"591\">Service de bouteilles en verre OEM et ODM, service de conception, solution unique<\/td>\n<\/tr>\n<\/tbody>\n<\/table>\n<p>&nbsp;<\/p>\n<p>En tant que grossiste et fournisseur de flacons de parfum de 100 ml de haut niveau, nous proposons divers <a href=\"https:\/\/glass-perfume-bottles.com\/fr\/produit\/bdk-parfum-glass-bottle-manufacturer-and-wholesale\/\">bouteilles de parfum en gros<\/a> et des flacons d&#039;eau de Cologne. Vous pouvez choisir diff\u00e9rentes formes de flacons de parfum\u00a0: ronds, carr\u00e9s ou rectangulaires, avec diff\u00e9rents bouchons dor\u00e9s, argent\u00e9s, noirs ou en bois, les plus populaires du march\u00e9. Nous proposons \u00e9galement des accessoires tels que des vaporisateurs, des pompes \u00e0 sertir et des flacons \u00e0 bille. Nous produisons diff\u00e9rents flacons de parfum en gros, avec une grande capacit\u00e9, du flacon testeur de 2\u00a0ml au flacon de 200\u00a0ml, tous de qualit\u00e9 sup\u00e9rieure avec un col de 15\u00a0cm.<\/p>\n<p>La capacit\u00e9 la plus courante est le flacon de parfum en verre de 100 ml vendu en gros. Nous pouvons personnaliser votre marque, par exemple en ajoutant des \u00e9tiquettes, en s\u00e9rigraphie, en marquage \u00e0 chaud, en d\u00e9calcomanie, en impression laser ou 3D, ou selon vos besoins.<\/p>\n<p>En tant que guichet unique de luxe <a href=\"https:\/\/www.hyglassbottles.com\/product\/Customize-150ml-glass-aroma-reed-diffuser-bottle-with-cap-factory.html\">fabricant d&#039;emballages de flacons de parfum<\/a>Nous nous concentrons sur l&#039;emballage de flacons de parfum de luxe. La plupart de nos clients sont des marques de luxe. La qualit\u00e9 est donc notre priorit\u00e9 absolue. Notre service de contr\u00f4le qualit\u00e9 v\u00e9rifie rigoureusement chaque processus de production avant exp\u00e9dition.<\/p>\n<p>Si vous avez besoin d&#039;un flacon de parfum en verre de 100 ml avec un emballage luxueux, n&#039;h\u00e9sitez pas \u00e0 nous contacter pour plus d&#039;informations. Nous pouvons vous proposer un large choix de flacons ou personnaliser vos propres flacons en verre.<\/p>\n<p>&nbsp;<\/p>","protected":false},"excerpt":{"rendered":"<p>En tant que fabricant et grossiste de flacons de parfum personnalis\u00e9s, nous nous concentrons sur la production de types de flacons en verre avec diff\u00e9rentes finitions telles que la s\u00e9rigraphie, l&#039;estampage \u00e0 chaud, la d\u00e9calcomanie, le rev\u00eatement UV, etc.<\/p>","protected":false},"featured_media":3108,"comment_status":"open","ping_status":"closed","template":"","meta":{"_kad_blocks_custom_css":"","_kad_blocks_head_custom_js":"","_kad_blocks_body_custom_js":"","_kad_blocks_footer_custom_js":"","_kad_post_transparent":"default","_kad_post_title":"","_kad_post_layout":"default","_kad_post_sidebar_id":"","_kad_post_content_style":"default","_kad_post_vertical_padding":"default","_kad_post_feature":"","_kad_post_feature_position":"","_kad_post_header":false,"_kad_post_footer":false,"_joinchat":[]},"product_brand":[],"product_cat":[51],"product_tag":[],"class_list":{"0":"post-3107","1":"product","2":"type-product","3":"status-publish","4":"has-post-thumbnail","6":"product_cat-glass-perfume-bottles","8":"first","9":"instock","10":"shipping-taxable","11":"product-type-simple","12":"entry","13":"content-bg","14":"loop-entry"},"yoast_head":"<!-- This site is optimized with the Yoast SEO Premium plugin v20.5 (Yoast SEO v24.2) - https:\/\/yoast.com\/wordpress\/plugins\/seo\/ -->\n<title>100ml perfume bottle wholesale and suppliers<\/title>\n<meta name=\"description\" content=\"Empty perfume bottles 100ml, 100ml cologne bottle suppliers, custom perfume bottle manufacturer, 100ml perfume glass bottle wholesale\" \/>\n<meta name=\"robots\" content=\"index, follow, max-snippet:-1, max-image-preview:large, max-video-preview:-1\" \/>\n<link rel=\"canonical\" href=\"https:\/\/glass-perfume-bottles.com\/fr\/produit\/100ml-perfume-glass-bottle-wholesale\/\" \/>\n<meta property=\"og:locale\" content=\"fr_FR\" \/>\n<meta property=\"og:type\" content=\"article\" \/>\n<meta property=\"og:title\" content=\"100ml perfume glass bottle wholesale\" \/>\n<meta property=\"og:description\" content=\"Empty perfume bottles 100ml, 100ml cologne bottle suppliers, custom perfume bottle manufacturer, 100ml perfume glass bottle wholesale\" \/>\n<meta property=\"og:url\" content=\"https:\/\/glass-perfume-bottles.com\/fr\/produit\/100ml-perfume-glass-bottle-wholesale\/\" \/>\n<meta property=\"og:site_name\" content=\"HY GLASS\" \/>\n<meta property=\"article:modified_time\" content=\"2025-11-14T21:56:02+00:00\" \/>\n<meta property=\"og:image\" content=\"https:\/\/glass-perfume-bottles.com\/wp-content\/uploads\/2025\/08\/100ml-perfume-bottle.jpg\" \/>\n\t<meta property=\"og:image:width\" content=\"720\" \/>\n\t<meta property=\"og:image:height\" content=\"720\" \/>\n\t<meta property=\"og:image:type\" content=\"image\/jpeg\" \/>\n<meta name=\"twitter:card\" content=\"summary_large_image\" \/>\n<meta name=\"twitter:label1\" content=\"Dur\u00e9e de lecture estim\u00e9e\" \/>\n\t<meta name=\"twitter:data1\" content=\"2 minutes\" \/>\n<script type=\"application\/ld+json\" class=\"yoast-schema-graph\">{\"@context\":\"https:\/\/schema.org\",\"@graph\":[{\"@type\":\"WebPage\",\"@id\":\"https:\/\/glass-perfume-bottles.com\/product\/100ml-perfume-glass-bottle-wholesale\/\",\"url\":\"https:\/\/glass-perfume-bottles.com\/product\/100ml-perfume-glass-bottle-wholesale\/\",\"name\":\"100ml perfume bottle wholesale and suppliers\",\"isPartOf\":{\"@id\":\"https:\/\/glass-perfume-bottles.com\/#website\"},\"primaryImageOfPage\":{\"@id\":\"https:\/\/glass-perfume-bottles.com\/product\/100ml-perfume-glass-bottle-wholesale\/#primaryimage\"},\"image\":{\"@id\":\"https:\/\/glass-perfume-bottles.com\/product\/100ml-perfume-glass-bottle-wholesale\/#primaryimage\"},\"thumbnailUrl\":\"https:\/\/glass-perfume-bottles.com\/wp-content\/uploads\/2025\/08\/100ml-perfume-bottle.jpg\",\"datePublished\":\"2025-08-23T10:04:06+00:00\",\"dateModified\":\"2025-11-14T21:56:02+00:00\",\"description\":\"Empty perfume bottles 100ml, 100ml cologne bottle suppliers, custom perfume bottle manufacturer, 100ml perfume glass bottle wholesale\",\"breadcrumb\":{\"@id\":\"https:\/\/glass-perfume-bottles.com\/product\/100ml-perfume-glass-bottle-wholesale\/#breadcrumb\"},\"inLanguage\":\"fr-FR\",\"potentialAction\":[{\"@type\":\"ReadAction\",\"target\":[\"https:\/\/glass-perfume-bottles.com\/product\/100ml-perfume-glass-bottle-wholesale\/\"]}]},{\"@type\":\"ImageObject\",\"inLanguage\":\"fr-FR\",\"@id\":\"https:\/\/glass-perfume-bottles.com\/product\/100ml-perfume-glass-bottle-wholesale\/#primaryimage\",\"url\":\"https:\/\/glass-perfume-bottles.com\/wp-content\/uploads\/2025\/08\/100ml-perfume-bottle.jpg\",\"contentUrl\":\"https:\/\/glass-perfume-bottles.com\/wp-content\/uploads\/2025\/08\/100ml-perfume-bottle.jpg\",\"width\":720,\"height\":720,\"caption\":\"100ml perfume bottle wholesale\"},{\"@type\":\"BreadcrumbList\",\"@id\":\"https:\/\/glass-perfume-bottles.com\/product\/100ml-perfume-glass-bottle-wholesale\/#breadcrumb\",\"itemListElement\":[{\"@type\":\"ListItem\",\"position\":1,\"name\":\"Home\",\"item\":\"https:\/\/glass-perfume-bottles.com\/\"},{\"@type\":\"ListItem\",\"position\":2,\"name\":\"Product\",\"item\":\"https:\/\/glass-perfume-bottles.com\/custom-made-perfume-bottle-suppliers-and-wholesale\/\"},{\"@type\":\"ListItem\",\"position\":3,\"name\":\"100ml perfume glass bottle wholesale\"}]},{\"@type\":\"WebSite\",\"@id\":\"https:\/\/glass-perfume-bottles.com\/#website\",\"url\":\"https:\/\/glass-perfume-bottles.com\/\",\"name\":\"HY GLASS\",\"description\":\"glass perfume bottle manufacturers &amp; suppliers, aroma reed diffuser bottle wholesale &amp; suppliers\",\"publisher\":{\"@id\":\"https:\/\/glass-perfume-bottles.com\/#organization\"},\"potentialAction\":[{\"@type\":\"SearchAction\",\"target\":{\"@type\":\"EntryPoint\",\"urlTemplate\":\"https:\/\/glass-perfume-bottles.com\/?s={search_term_string}\"},\"query-input\":{\"@type\":\"PropertyValueSpecification\",\"valueRequired\":true,\"valueName\":\"search_term_string\"}}],\"inLanguage\":\"fr-FR\"},{\"@type\":\"Organization\",\"@id\":\"https:\/\/glass-perfume-bottles.com\/#organization\",\"name\":\"HY GLASS\",\"url\":\"https:\/\/glass-perfume-bottles.com\/\",\"logo\":{\"@type\":\"ImageObject\",\"inLanguage\":\"fr-FR\",\"@id\":\"https:\/\/glass-perfume-bottles.com\/#\/schema\/logo\/image\/\",\"url\":\"https:\/\/glass-perfume-bottles.com\/wp-content\/uploads\/2023\/09\/logo21.png\",\"contentUrl\":\"https:\/\/glass-perfume-bottles.com\/wp-content\/uploads\/2023\/09\/logo21.png\",\"width\":342,\"height\":268,\"caption\":\"HY GLASS\"},\"image\":{\"@id\":\"https:\/\/glass-perfume-bottles.com\/#\/schema\/logo\/image\/\"}}]}<\/script>\n<!-- \/ Yoast SEO Premium plugin. -->","yoast_head_json":{"title":"100ml perfume bottle wholesale and suppliers","description":"Empty perfume bottles 100ml, 100ml cologne bottle suppliers, custom perfume bottle manufacturer, 100ml perfume glass bottle wholesale","robots":{"index":"index","follow":"follow","max-snippet":"max-snippet:-1","max-image-preview":"max-image-preview:large","max-video-preview":"max-video-preview:-1"},"canonical":"https:\/\/glass-perfume-bottles.com\/fr\/produit\/100ml-perfume-glass-bottle-wholesale\/","og_locale":"fr_FR","og_type":"article","og_title":"100ml perfume glass bottle wholesale","og_description":"Empty perfume bottles 100ml, 100ml cologne bottle suppliers, custom perfume bottle manufacturer, 100ml perfume glass bottle wholesale","og_url":"https:\/\/glass-perfume-bottles.com\/fr\/produit\/100ml-perfume-glass-bottle-wholesale\/","og_site_name":"HY GLASS","article_modified_time":"2025-11-14T21:56:02+00:00","og_image":[{"width":720,"height":720,"url":"https:\/\/glass-perfume-bottles.com\/wp-content\/uploads\/2025\/08\/100ml-perfume-bottle.jpg","type":"image\/jpeg"}],"twitter_card":"summary_large_image","twitter_misc":{"Dur\u00e9e de lecture estim\u00e9e":"2 minutes"},"schema":{"@context":"https:\/\/schema.org","@graph":[{"@type":"WebPage","@id":"https:\/\/glass-perfume-bottles.com\/product\/100ml-perfume-glass-bottle-wholesale\/","url":"https:\/\/glass-perfume-bottles.com\/product\/100ml-perfume-glass-bottle-wholesale\/","name":"100ml perfume bottle wholesale and suppliers","isPartOf":{"@id":"https:\/\/glass-perfume-bottles.com\/#website"},"primaryImageOfPage":{"@id":"https:\/\/glass-perfume-bottles.com\/product\/100ml-perfume-glass-bottle-wholesale\/#primaryimage"},"image":{"@id":"https:\/\/glass-perfume-bottles.com\/product\/100ml-perfume-glass-bottle-wholesale\/#primaryimage"},"thumbnailUrl":"https:\/\/glass-perfume-bottles.com\/wp-content\/uploads\/2025\/08\/100ml-perfume-bottle.jpg","datePublished":"2025-08-23T10:04:06+00:00","dateModified":"2025-11-14T21:56:02+00:00","description":"Empty perfume bottles 100ml, 100ml cologne bottle suppliers, custom perfume bottle manufacturer, 100ml perfume glass bottle wholesale","breadcrumb":{"@id":"https:\/\/glass-perfume-bottles.com\/product\/100ml-perfume-glass-bottle-wholesale\/#breadcrumb"},"inLanguage":"fr-FR","potentialAction":[{"@type":"ReadAction","target":["https:\/\/glass-perfume-bottles.com\/product\/100ml-perfume-glass-bottle-wholesale\/"]}]},{"@type":"ImageObject","inLanguage":"fr-FR","@id":"https:\/\/glass-perfume-bottles.com\/product\/100ml-perfume-glass-bottle-wholesale\/#primaryimage","url":"https:\/\/glass-perfume-bottles.com\/wp-content\/uploads\/2025\/08\/100ml-perfume-bottle.jpg","contentUrl":"https:\/\/glass-perfume-bottles.com\/wp-content\/uploads\/2025\/08\/100ml-perfume-bottle.jpg","width":720,"height":720,"caption":"100ml perfume bottle wholesale"},{"@type":"BreadcrumbList","@id":"https:\/\/glass-perfume-bottles.com\/product\/100ml-perfume-glass-bottle-wholesale\/#breadcrumb","itemListElement":[{"@type":"ListItem","position":1,"name":"Home","item":"https:\/\/glass-perfume-bottles.com\/"},{"@type":"ListItem","position":2,"name":"Product","item":"https:\/\/glass-perfume-bottles.com\/custom-made-perfume-bottle-suppliers-and-wholesale\/"},{"@type":"ListItem","position":3,"name":"100ml perfume glass bottle wholesale"}]},{"@type":"WebSite","@id":"https:\/\/glass-perfume-bottles.com\/#website","url":"https:\/\/glass-perfume-bottles.com\/","name":"HY GLASS","description":"glass perfume bottle manufacturers &amp; suppliers, aroma reed diffuser bottle wholesale &amp; suppliers","publisher":{"@id":"https:\/\/glass-perfume-bottles.com\/#organization"},"potentialAction":[{"@type":"SearchAction","target":{"@type":"EntryPoint","urlTemplate":"https:\/\/glass-perfume-bottles.com\/?s={search_term_string}"},"query-input":{"@type":"PropertyValueSpecification","valueRequired":true,"valueName":"search_term_string"}}],"inLanguage":"fr-FR"},{"@type":"Organization","@id":"https:\/\/glass-perfume-bottles.com\/#organization","name":"HY GLASS","url":"https:\/\/glass-perfume-bottles.com\/","logo":{"@type":"ImageObject","inLanguage":"fr-FR","@id":"https:\/\/glass-perfume-bottles.com\/#\/schema\/logo\/image\/","url":"https:\/\/glass-perfume-bottles.com\/wp-content\/uploads\/2023\/09\/logo21.png","contentUrl":"https:\/\/glass-perfume-bottles.com\/wp-content\/uploads\/2023\/09\/logo21.png","width":342,"height":268,"caption":"HY GLASS"},"image":{"@id":"https:\/\/glass-perfume-bottles.com\/#\/schema\/logo\/image\/"}}]}},"taxonomy_info":{"product_cat":[{"value":51,"label":"Glass Perfume Bottle"}]},"featured_image_src_large":["https:\/\/glass-perfume-bottles.com\/wp-content\/uploads\/2025\/08\/100ml-perfume-bottle.jpg",720,720,false],"author_info":[],"comment_info":1,"_links":{"self":[{"href":"https:\/\/glass-perfume-bottles.com\/fr\/wp-json\/wp\/v2\/product\/3107","targetHints":{"allow":["GET"]}}],"collection":[{"href":"https:\/\/glass-perfume-bottles.com\/fr\/wp-json\/wp\/v2\/product"}],"about":[{"href":"https:\/\/glass-perfume-bottles.com\/fr\/wp-json\/wp\/v2\/types\/product"}],"replies":[{"embeddable":true,"href":"https:\/\/glass-perfume-bottles.com\/fr\/wp-json\/wp\/v2\/comments?post=3107"}],"wp:featuredmedia":[{"embeddable":true,"href":"https:\/\/glass-perfume-bottles.com\/fr\/wp-json\/wp\/v2\/media\/3108"}],"wp:attachment":[{"href":"https:\/\/glass-perfume-bottles.com\/fr\/wp-json\/wp\/v2\/media?parent=3107"}],"wp:term":[{"taxonomy":"product_brand","embeddable":true,"href":"https:\/\/glass-perfume-bottles.com\/fr\/wp-json\/wp\/v2\/product_brand?post=3107"},{"taxonomy":"product_cat","embeddable":true,"href":"https:\/\/glass-perfume-bottles.com\/fr\/wp-json\/wp\/v2\/product_cat?post=3107"},{"taxonomy":"product_tag","embeddable":true,"href":"https:\/\/glass-perfume-bottles.com\/fr\/wp-json\/wp\/v2\/product_tag?post=3107"}],"curies":[{"name":"wp","href":"https:\/\/api.w.org\/{rel}","templated":true}]}}