{"id":3121,"date":"2025-09-01T09:27:34","date_gmt":"2025-09-01T09:27:34","guid":{"rendered":"https:\/\/glass-perfume-bottles.com\/?post_type=product&#038;p=3121"},"modified":"2025-11-14T21:57:49","modified_gmt":"2025-11-14T21:57:49","slug":"glass-cylindrical-perfume-bottles","status":"publish","type":"product","link":"https:\/\/glass-perfume-bottles.com\/fr\/produit\/glass-cylindrical-perfume-bottles\/","title":{"rendered":"Flacons de parfum cylindriques en verre"},"content":{"rendered":"<table>\n<tbody>\n<tr>\n<td width=\"158\">Nom du produit<\/td>\n<td width=\"591\">Flacons de parfum cylindriques en verre<\/td>\n<\/tr>\n<tr>\n<td width=\"158\">Capacit\u00e9<\/td>\n<td width=\"591\">30 ml, 50 ml, 100 ml ou autre taille personnalis\u00e9e<\/td>\n<\/tr>\n<tr>\n<td width=\"158\">Taille<\/td>\n<td width=\"591\">30 ml 41 x 96 mm, 50 ml 45 x 110 mm, 100 ml 55 x 125 mm<\/td>\n<\/tr>\n<tr>\n<td width=\"158\">Poids<\/td>\n<td width=\"591\">105 g, 135 g, 225 g<\/td>\n<\/tr>\n<tr>\n<td width=\"158\">Mat\u00e9riel<\/td>\n<td width=\"591\">Verre blanc cristal<\/td>\n<\/tr>\n<tr>\n<td width=\"158\">Couleur du corps<\/td>\n<td width=\"591\">Transparent, givr\u00e9, rouge, noir, bleu, givr\u00e9, vert, rose ou couleur personnalis\u00e9e<\/td>\n<\/tr>\n<tr>\n<td width=\"158\">Manutention de surface<\/td>\n<td width=\"591\">S\u00e9rigraphie, marquage \u00e0 chaud, givr\u00e9, m\u00e9tallisation, flocage, holographique, rev\u00eatement en marbre, d\u00e9calcomanie, etc.<\/td>\n<\/tr>\n<tr>\n<td width=\"158\">Usage<\/td>\n<td width=\"591\">\u00a0Emballage d&#039;huile de parfum\/huile essentielle\/d\u00e9odorant\/d\u00e9sodorisant\/parfum\/s\u00e9rum\/huile essentielle\/toner<\/td>\n<\/tr>\n<tr>\n<td width=\"158\">Emballage<\/td>\n<td width=\"591\">Carton d&#039;exportation puis palette en contreplaqu\u00e9,<\/td>\n<\/tr>\n<tr>\n<td width=\"158\">Quantit\u00e9 minimale de commande<\/td>\n<td width=\"591\">1 000 pi\u00e8ces (car il existe une conception personnalis\u00e9e)<\/td>\n<\/tr>\n<tr>\n<td width=\"158\">\u00c9chantillon<\/td>\n<td width=\"591\">\u00c9chantillon gratuit, frais de transport n\u00e9cessaires.<\/td>\n<\/tr>\n<tr>\n<td width=\"158\">Transport<\/td>\n<td width=\"591\">FedEx\/DHL\/EMS\/UPS\/TNT\/Par mer\/Par avion, etc.<\/td>\n<\/tr>\n<tr>\n<td width=\"158\">Mode de paiement<\/td>\n<td width=\"591\">Virement bancaire, L\/C, Western Union, Money Gram, Paypal, etc.<\/td>\n<\/tr>\n<tr>\n<td width=\"158\">D\u00e9lai de livraison<\/td>\n<td width=\"591\">\u00c9chantillon 1 \u00e0 2 jours, production de commande 20 \u00e0 45 jours selon les d\u00e9tails de la commande.<\/td>\n<\/tr>\n<tr>\n<td width=\"158\">Service<\/td>\n<td width=\"591\">Service de bouteilles en verre OEM et ODM, service de conception, solution unique<\/td>\n<\/tr>\n<\/tbody>\n<\/table>\n<p>Les flacons de parfum cylindriques en verre sont parfaits pour emballer vos parfums, huiles essentielles et autres produits de soin et cosm\u00e9tiques. Disponibles en diff\u00e9rentes tailles et couleurs, ils sont \u00e9galement disponibles avec diff\u00e9rents types de bouchons. De plus, ce flacon unique apporte \u00e0 votre parfum une touche d&#039;originalit\u00e9, d&#039;exotisme et de style. Son \u00e9l\u00e9gance refl\u00e8te la sophistication du parfum qu&#039;il contient.<\/p>\n<p>Comme un verre <a href=\"https:\/\/www.hyglassbottles.com\/product\/Customize-150ml-glass-aroma-reed-diffuser-bottle-with-cap-factory.html\">fournisseurs de flacons de parfum cylindriques<\/a>Nous personnalisons votre marque maison avec des designs luxueux. Nos \u00e9tiquettes haut de gamme subliment \u00e9galement la pr\u00e9sentation de vos flacons de parfum, con\u00e7us pour r\u00e9sister aux rigueurs d&#039;un usage quotidien. Nous imprimons des \u00e9tiquettes brillantes ou mates avec un marquage \u00e0 chaud dor\u00e9 ou argent\u00e9 pour votre logo et d&#039;autres \u00e9l\u00e9ments. De nombreuses finitions sont disponibles pour apporter une touche de sophistication \u00e0 votre flacon. Nous pouvons \u00e9galement personnaliser diff\u00e9rentes impressions multicolores pour refl\u00e9ter votre vision de marque.<\/p>\n<p>Nous proposons une large gamme de flacons de parfum cylindriques en verre de diff\u00e9rentes tailles et formes. Nous vous proposons enfin des flacons professionnels et durables. <a href=\"https:\/\/glass-perfume-bottles.com\/fr\/produit\/luxury-30ml-cylinder-glass-scent-perfume-bottle-with-ball-lid-supplier\/\">solutions d&#039;\u00e9tiquetage de personnalisation de bouteilles<\/a> Pour la vente au d\u00e9tail et en gros. Si vous souhaitez personnaliser vos flacons de parfum en marque blanche, n&#039;h\u00e9sitez pas \u00e0 nous contacter pour plus d&#039;informations.<\/p>","protected":false},"excerpt":{"rendered":"<p>En tant que fabricant et grossiste de flacons de parfum personnalis\u00e9s, nous nous concentrons sur la production de types de flacons en verre avec diff\u00e9rentes finitions telles que la s\u00e9rigraphie, l&#039;estampage \u00e0 chaud, la d\u00e9calcomanie, le rev\u00eatement UV, etc.<\/p>","protected":false},"featured_media":3122,"comment_status":"open","ping_status":"closed","template":"","meta":{"_kad_blocks_custom_css":"","_kad_blocks_head_custom_js":"","_kad_blocks_body_custom_js":"","_kad_blocks_footer_custom_js":"","_kad_post_transparent":"default","_kad_post_title":"","_kad_post_layout":"default","_kad_post_sidebar_id":"","_kad_post_content_style":"default","_kad_post_vertical_padding":"default","_kad_post_feature":"","_kad_post_feature_position":"","_kad_post_header":false,"_kad_post_footer":false,"_joinchat":[]},"product_brand":[],"product_cat":[51],"product_tag":[483,481,480,479,482],"class_list":{"0":"post-3121","1":"product","2":"type-product","3":"status-publish","4":"has-post-thumbnail","6":"product_cat-glass-perfume-bottles","7":"product_tag-custom-cylinder-perfume-bottle-factory","8":"product_tag-cylinder-cologne-bottles-wholesale","9":"product_tag-different-size-perfume-bottles-manufacturer","10":"product_tag-glass-cylindrical-perfume-bottles-suppliers","11":"product_tag-refill-perfume-bottles-custom","13":"first","14":"instock","15":"shipping-taxable","16":"product-type-simple","17":"entry","18":"content-bg","19":"loop-entry"},"yoast_head":"<!-- This site is optimized with the Yoast SEO Premium plugin v20.5 (Yoast SEO v24.2) - https:\/\/yoast.com\/wordpress\/plugins\/seo\/ -->\n<title>Glass cylindrical perfume bottles manufacturer and wholesaler<\/title>\n<meta name=\"description\" content=\"As a glass cylindrical perfume bottles manufacturers and suppliers, we can customize your own private label bottle with luxury designs.\" \/>\n<meta name=\"robots\" content=\"index, follow, max-snippet:-1, max-image-preview:large, max-video-preview:-1\" \/>\n<link rel=\"canonical\" href=\"https:\/\/glass-perfume-bottles.com\/fr\/produit\/glass-cylindrical-perfume-bottles\/\" \/>\n<meta property=\"og:locale\" content=\"fr_FR\" \/>\n<meta property=\"og:type\" content=\"article\" \/>\n<meta property=\"og:title\" content=\"Glass cylindrical perfume bottles\" \/>\n<meta property=\"og:description\" content=\"As a glass cylindrical perfume bottles manufacturers and suppliers, we can customize your own private label bottle with luxury designs.\" \/>\n<meta property=\"og:url\" content=\"https:\/\/glass-perfume-bottles.com\/fr\/produit\/glass-cylindrical-perfume-bottles\/\" \/>\n<meta property=\"og:site_name\" content=\"HY GLASS\" \/>\n<meta property=\"article:modified_time\" content=\"2025-11-14T21:57:49+00:00\" \/>\n<meta property=\"og:image\" content=\"https:\/\/glass-perfume-bottles.com\/wp-content\/uploads\/2025\/09\/perfume-bottle-3.jpg\" \/>\n\t<meta property=\"og:image:width\" content=\"720\" \/>\n\t<meta property=\"og:image:height\" content=\"720\" \/>\n\t<meta property=\"og:image:type\" content=\"image\/jpeg\" \/>\n<meta name=\"twitter:card\" content=\"summary_large_image\" \/>\n<meta name=\"twitter:label1\" content=\"Dur\u00e9e de lecture estim\u00e9e\" \/>\n\t<meta name=\"twitter:data1\" content=\"2 minutes\" \/>\n<script type=\"application\/ld+json\" class=\"yoast-schema-graph\">{\"@context\":\"https:\/\/schema.org\",\"@graph\":[{\"@type\":\"WebPage\",\"@id\":\"https:\/\/glass-perfume-bottles.com\/product\/glass-cylindrical-perfume-bottles\/\",\"url\":\"https:\/\/glass-perfume-bottles.com\/product\/glass-cylindrical-perfume-bottles\/\",\"name\":\"Glass cylindrical perfume bottles manufacturer and wholesaler\",\"isPartOf\":{\"@id\":\"https:\/\/glass-perfume-bottles.com\/#website\"},\"primaryImageOfPage\":{\"@id\":\"https:\/\/glass-perfume-bottles.com\/product\/glass-cylindrical-perfume-bottles\/#primaryimage\"},\"image\":{\"@id\":\"https:\/\/glass-perfume-bottles.com\/product\/glass-cylindrical-perfume-bottles\/#primaryimage\"},\"thumbnailUrl\":\"https:\/\/glass-perfume-bottles.com\/wp-content\/uploads\/2025\/09\/perfume-bottle-3.jpg\",\"datePublished\":\"2025-09-01T09:27:34+00:00\",\"dateModified\":\"2025-11-14T21:57:49+00:00\",\"description\":\"As a glass cylindrical perfume bottles manufacturers and suppliers, we can customize your own private label bottle with luxury designs.\",\"breadcrumb\":{\"@id\":\"https:\/\/glass-perfume-bottles.com\/product\/glass-cylindrical-perfume-bottles\/#breadcrumb\"},\"inLanguage\":\"fr-FR\",\"potentialAction\":[{\"@type\":\"ReadAction\",\"target\":[\"https:\/\/glass-perfume-bottles.com\/product\/glass-cylindrical-perfume-bottles\/\"]}]},{\"@type\":\"ImageObject\",\"inLanguage\":\"fr-FR\",\"@id\":\"https:\/\/glass-perfume-bottles.com\/product\/glass-cylindrical-perfume-bottles\/#primaryimage\",\"url\":\"https:\/\/glass-perfume-bottles.com\/wp-content\/uploads\/2025\/09\/perfume-bottle-3.jpg\",\"contentUrl\":\"https:\/\/glass-perfume-bottles.com\/wp-content\/uploads\/2025\/09\/perfume-bottle-3.jpg\",\"width\":720,\"height\":720,\"caption\":\"Cylinder perfume bottle manufacturer, cylinder perfume bottle design, white cylinder perfume bottle suppliers, glass cylinder perfume bottle wholesale\"},{\"@type\":\"BreadcrumbList\",\"@id\":\"https:\/\/glass-perfume-bottles.com\/product\/glass-cylindrical-perfume-bottles\/#breadcrumb\",\"itemListElement\":[{\"@type\":\"ListItem\",\"position\":1,\"name\":\"Home\",\"item\":\"https:\/\/glass-perfume-bottles.com\/\"},{\"@type\":\"ListItem\",\"position\":2,\"name\":\"Product\",\"item\":\"https:\/\/glass-perfume-bottles.com\/custom-made-perfume-bottle-suppliers-and-wholesale\/\"},{\"@type\":\"ListItem\",\"position\":3,\"name\":\"Glass cylindrical perfume bottles\"}]},{\"@type\":\"WebSite\",\"@id\":\"https:\/\/glass-perfume-bottles.com\/#website\",\"url\":\"https:\/\/glass-perfume-bottles.com\/\",\"name\":\"HY GLASS\",\"description\":\"glass perfume bottle manufacturers &amp; suppliers, aroma reed diffuser bottle wholesale &amp; suppliers\",\"publisher\":{\"@id\":\"https:\/\/glass-perfume-bottles.com\/#organization\"},\"potentialAction\":[{\"@type\":\"SearchAction\",\"target\":{\"@type\":\"EntryPoint\",\"urlTemplate\":\"https:\/\/glass-perfume-bottles.com\/?s={search_term_string}\"},\"query-input\":{\"@type\":\"PropertyValueSpecification\",\"valueRequired\":true,\"valueName\":\"search_term_string\"}}],\"inLanguage\":\"fr-FR\"},{\"@type\":\"Organization\",\"@id\":\"https:\/\/glass-perfume-bottles.com\/#organization\",\"name\":\"HY GLASS\",\"url\":\"https:\/\/glass-perfume-bottles.com\/\",\"logo\":{\"@type\":\"ImageObject\",\"inLanguage\":\"fr-FR\",\"@id\":\"https:\/\/glass-perfume-bottles.com\/#\/schema\/logo\/image\/\",\"url\":\"https:\/\/glass-perfume-bottles.com\/wp-content\/uploads\/2023\/09\/logo21.png\",\"contentUrl\":\"https:\/\/glass-perfume-bottles.com\/wp-content\/uploads\/2023\/09\/logo21.png\",\"width\":342,\"height\":268,\"caption\":\"HY GLASS\"},\"image\":{\"@id\":\"https:\/\/glass-perfume-bottles.com\/#\/schema\/logo\/image\/\"}}]}<\/script>\n<!-- \/ Yoast SEO Premium plugin. -->","yoast_head_json":{"title":"Glass cylindrical perfume bottles manufacturer and wholesaler","description":"As a glass cylindrical perfume bottles manufacturers and suppliers, we can customize your own private label bottle with luxury designs.","robots":{"index":"index","follow":"follow","max-snippet":"max-snippet:-1","max-image-preview":"max-image-preview:large","max-video-preview":"max-video-preview:-1"},"canonical":"https:\/\/glass-perfume-bottles.com\/fr\/produit\/glass-cylindrical-perfume-bottles\/","og_locale":"fr_FR","og_type":"article","og_title":"Glass cylindrical perfume bottles","og_description":"As a glass cylindrical perfume bottles manufacturers and suppliers, we can customize your own private label bottle with luxury designs.","og_url":"https:\/\/glass-perfume-bottles.com\/fr\/produit\/glass-cylindrical-perfume-bottles\/","og_site_name":"HY GLASS","article_modified_time":"2025-11-14T21:57:49+00:00","og_image":[{"width":720,"height":720,"url":"https:\/\/glass-perfume-bottles.com\/wp-content\/uploads\/2025\/09\/perfume-bottle-3.jpg","type":"image\/jpeg"}],"twitter_card":"summary_large_image","twitter_misc":{"Dur\u00e9e de lecture estim\u00e9e":"2 minutes"},"schema":{"@context":"https:\/\/schema.org","@graph":[{"@type":"WebPage","@id":"https:\/\/glass-perfume-bottles.com\/product\/glass-cylindrical-perfume-bottles\/","url":"https:\/\/glass-perfume-bottles.com\/product\/glass-cylindrical-perfume-bottles\/","name":"Glass cylindrical perfume bottles manufacturer and wholesaler","isPartOf":{"@id":"https:\/\/glass-perfume-bottles.com\/#website"},"primaryImageOfPage":{"@id":"https:\/\/glass-perfume-bottles.com\/product\/glass-cylindrical-perfume-bottles\/#primaryimage"},"image":{"@id":"https:\/\/glass-perfume-bottles.com\/product\/glass-cylindrical-perfume-bottles\/#primaryimage"},"thumbnailUrl":"https:\/\/glass-perfume-bottles.com\/wp-content\/uploads\/2025\/09\/perfume-bottle-3.jpg","datePublished":"2025-09-01T09:27:34+00:00","dateModified":"2025-11-14T21:57:49+00:00","description":"As a glass cylindrical perfume bottles manufacturers and suppliers, we can customize your own private label bottle with luxury designs.","breadcrumb":{"@id":"https:\/\/glass-perfume-bottles.com\/product\/glass-cylindrical-perfume-bottles\/#breadcrumb"},"inLanguage":"fr-FR","potentialAction":[{"@type":"ReadAction","target":["https:\/\/glass-perfume-bottles.com\/product\/glass-cylindrical-perfume-bottles\/"]}]},{"@type":"ImageObject","inLanguage":"fr-FR","@id":"https:\/\/glass-perfume-bottles.com\/product\/glass-cylindrical-perfume-bottles\/#primaryimage","url":"https:\/\/glass-perfume-bottles.com\/wp-content\/uploads\/2025\/09\/perfume-bottle-3.jpg","contentUrl":"https:\/\/glass-perfume-bottles.com\/wp-content\/uploads\/2025\/09\/perfume-bottle-3.jpg","width":720,"height":720,"caption":"Cylinder perfume bottle manufacturer, cylinder perfume bottle design, white cylinder perfume bottle suppliers, glass cylinder perfume bottle wholesale"},{"@type":"BreadcrumbList","@id":"https:\/\/glass-perfume-bottles.com\/product\/glass-cylindrical-perfume-bottles\/#breadcrumb","itemListElement":[{"@type":"ListItem","position":1,"name":"Home","item":"https:\/\/glass-perfume-bottles.com\/"},{"@type":"ListItem","position":2,"name":"Product","item":"https:\/\/glass-perfume-bottles.com\/custom-made-perfume-bottle-suppliers-and-wholesale\/"},{"@type":"ListItem","position":3,"name":"Glass cylindrical perfume bottles"}]},{"@type":"WebSite","@id":"https:\/\/glass-perfume-bottles.com\/#website","url":"https:\/\/glass-perfume-bottles.com\/","name":"HY GLASS","description":"glass perfume bottle manufacturers &amp; suppliers, aroma reed diffuser bottle wholesale &amp; suppliers","publisher":{"@id":"https:\/\/glass-perfume-bottles.com\/#organization"},"potentialAction":[{"@type":"SearchAction","target":{"@type":"EntryPoint","urlTemplate":"https:\/\/glass-perfume-bottles.com\/?s={search_term_string}"},"query-input":{"@type":"PropertyValueSpecification","valueRequired":true,"valueName":"search_term_string"}}],"inLanguage":"fr-FR"},{"@type":"Organization","@id":"https:\/\/glass-perfume-bottles.com\/#organization","name":"HY GLASS","url":"https:\/\/glass-perfume-bottles.com\/","logo":{"@type":"ImageObject","inLanguage":"fr-FR","@id":"https:\/\/glass-perfume-bottles.com\/#\/schema\/logo\/image\/","url":"https:\/\/glass-perfume-bottles.com\/wp-content\/uploads\/2023\/09\/logo21.png","contentUrl":"https:\/\/glass-perfume-bottles.com\/wp-content\/uploads\/2023\/09\/logo21.png","width":342,"height":268,"caption":"HY GLASS"},"image":{"@id":"https:\/\/glass-perfume-bottles.com\/#\/schema\/logo\/image\/"}}]}},"taxonomy_info":{"product_cat":[{"value":51,"label":"Glass Perfume Bottle"}],"product_tag":[{"value":483,"label":"custom cylinder perfume bottle factory"},{"value":481,"label":"cylinder cologne bottles wholesale"},{"value":480,"label":"different size perfume bottles manufacturer"},{"value":479,"label":"Glass cylindrical perfume bottles suppliers"},{"value":482,"label":"refill perfume bottles custom"}]},"featured_image_src_large":["https:\/\/glass-perfume-bottles.com\/wp-content\/uploads\/2025\/09\/perfume-bottle-3.jpg",720,720,false],"author_info":[],"comment_info":1,"_links":{"self":[{"href":"https:\/\/glass-perfume-bottles.com\/fr\/wp-json\/wp\/v2\/product\/3121","targetHints":{"allow":["GET"]}}],"collection":[{"href":"https:\/\/glass-perfume-bottles.com\/fr\/wp-json\/wp\/v2\/product"}],"about":[{"href":"https:\/\/glass-perfume-bottles.com\/fr\/wp-json\/wp\/v2\/types\/product"}],"replies":[{"embeddable":true,"href":"https:\/\/glass-perfume-bottles.com\/fr\/wp-json\/wp\/v2\/comments?post=3121"}],"wp:featuredmedia":[{"embeddable":true,"href":"https:\/\/glass-perfume-bottles.com\/fr\/wp-json\/wp\/v2\/media\/3122"}],"wp:attachment":[{"href":"https:\/\/glass-perfume-bottles.com\/fr\/wp-json\/wp\/v2\/media?parent=3121"}],"wp:term":[{"taxonomy":"product_brand","embeddable":true,"href":"https:\/\/glass-perfume-bottles.com\/fr\/wp-json\/wp\/v2\/product_brand?post=3121"},{"taxonomy":"product_cat","embeddable":true,"href":"https:\/\/glass-perfume-bottles.com\/fr\/wp-json\/wp\/v2\/product_cat?post=3121"},{"taxonomy":"product_tag","embeddable":true,"href":"https:\/\/glass-perfume-bottles.com\/fr\/wp-json\/wp\/v2\/product_tag?post=3121"}],"curies":[{"name":"wp","href":"https:\/\/api.w.org\/{rel}","templated":true}]}}