{"id":3131,"date":"2025-11-10T10:11:31","date_gmt":"2025-11-10T10:11:31","guid":{"rendered":"https:\/\/glass-perfume-bottles.com\/?post_type=product&#038;p=3131"},"modified":"2025-11-25T10:18:51","modified_gmt":"2025-11-25T10:18:51","slug":"viktor-matte-black-perfume-bottles-wholesale","status":"publish","type":"product","link":"https:\/\/glass-perfume-bottles.com\/fr\/produit\/viktor-matte-black-perfume-bottles-wholesale\/","title":{"rendered":"Flacons de parfum Viktor noir mat en gros"},"content":{"rendered":"<table>\n<tbody>\n<tr>\n<td width=\"158\">Nom du produit<\/td>\n<td width=\"591\">Flacons de parfum Viktor noir mat en gros<\/td>\n<\/tr>\n<tr>\n<td width=\"158\">Capacit\u00e9<\/td>\n<td width=\"591\">20 ml, 30 ml, 50 ml, 100 ml ou autre format sur mesure<\/td>\n<\/tr>\n<tr>\n<td width=\"158\">Taille<\/td>\n<td width=\"591\">20 ml 40 x 74 mm, 30 ml 46 x 81 mm, 50 ml 53 x 97 mm, 100 ml 66 x 114 mm<\/td>\n<\/tr>\n<tr>\n<td width=\"158\">Poids<\/td>\n<td width=\"591\">20 ml 45 g, 30 ml 70 g, 50 ml 100 g, 100 ml 150 g<\/td>\n<\/tr>\n<tr>\n<td width=\"158\">Mat\u00e9riel<\/td>\n<td width=\"591\">Verre blanc cristal<\/td>\n<\/tr>\n<tr>\n<td width=\"158\">Couleur du corps<\/td>\n<td width=\"591\">Transparent, mat, d\u00e9poli, rouge, noir, bleu, d\u00e9poli, vert, rose ou couleur personnalis\u00e9e<\/td>\n<\/tr>\n<tr>\n<td width=\"158\">Manutention de surface<\/td>\n<td width=\"591\">S\u00e9rigraphie, marquage \u00e0 chaud, givr\u00e9, m\u00e9tallisation, flocage, holographique, rev\u00eatement en marbre, d\u00e9calcomanie, etc.<\/td>\n<\/tr>\n<tr>\n<td width=\"158\">Usage<\/td>\n<td width=\"591\">\u00a0Emballage d&#039;huile de parfum\/huile essentielle\/d\u00e9odorant\/d\u00e9sodorisant\/parfum\/s\u00e9rum\/huile essentielle\/toner<\/td>\n<\/tr>\n<tr>\n<td width=\"158\">Emballage<\/td>\n<td width=\"591\">Carton d&#039;exportation puis palette en contreplaqu\u00e9,<\/td>\n<\/tr>\n<tr>\n<td width=\"158\">Quantit\u00e9 minimale de commande<\/td>\n<td width=\"591\">1 000 pi\u00e8ces (car il existe une conception personnalis\u00e9e)<\/td>\n<\/tr>\n<tr>\n<td width=\"158\">\u00c9chantillon<\/td>\n<td width=\"591\">\u00c9chantillon gratuit, frais de transport n\u00e9cessaires.<\/td>\n<\/tr>\n<tr>\n<td width=\"158\">Transport<\/td>\n<td width=\"591\">FedEx\/DHL\/EMS\/UPS\/TNT\/Par mer\/Par avion, etc.<\/td>\n<\/tr>\n<tr>\n<td width=\"158\">Mode de paiement<\/td>\n<td width=\"591\">Virement bancaire, L\/C, Western Union, Money Gram, Paypal, etc.<\/td>\n<\/tr>\n<tr>\n<td width=\"158\">D\u00e9lai de livraison<\/td>\n<td width=\"591\">\u00c9chantillon 1 \u00e0 2 jours, production de commande 20 \u00e0 45 jours selon les d\u00e9tails de la commande.<\/td>\n<\/tr>\n<tr>\n<td width=\"158\">Service<\/td>\n<td width=\"591\">Service de bouteilles en verre OEM et ODM, service de conception, solution unique<\/td>\n<\/tr>\n<\/tbody>\n<\/table>\n<p>Les flacons de parfum Viktor noir mat se d\u00e9clinent en une gamme de flacons rectangulaires pour parfums ou huiles. Disponibles en diff\u00e9rentes contenances (20 ml, 30 ml, 50 ml et 100 ml), ces flacons en verre pr\u00e9sentent un fond \u00e9pais et des parois int\u00e9rieures inclin\u00e9es. Leur design leur conf\u00e8re une allure \u00e9l\u00e9gante et robuste, id\u00e9ale pour la pr\u00e9sentation de parfums ou d&#039;huiles essentielles.<\/p>\n<h6>Diff\u00e9rentes contenances de bouteilles en verre disponibles en stock<\/h6>\n<p>En tant que professionnel <a href=\"https:\/\/glass-perfume-bottles.com\/fr\/produit\/100ml-perfume-glass-bottle-wholesale\/\">fabricant de flacons de parfum<\/a>Nous pouvons personnaliser vos flacons avec votre logo. Vous pouvez par exemple ajouter des \u00e9tiquettes de parfum haut de gamme pour sublimer la pr\u00e9sentation de vos flacons. Le flacon de parfum Victor noir mat est g\u00e9n\u00e9ralement fabriqu\u00e9 avec une finition mate qui lui conf\u00e8re une allure sophistiqu\u00e9e. Nous proposons \u00e9galement l&#039;ajout d&#039;\u00e9tiquettes, le marquage \u00e0 chaud ou la s\u00e9rigraphie de votre logo, ainsi que d&#039;autres finitions. Nous pouvons personnaliser l&#039;impression en plusieurs couleurs pour qu&#039;elle corresponde parfaitement \u00e0 l&#039;esth\u00e9tique de votre marque.<\/p>\n<p>Si cela vous int\u00e9resse <a href=\"https:\/\/www.hyglassbottles.com\/product\/100ml-Luxury-glass-perfume-bottle-factory.html\">Flacon de parfum Victor noir mat<\/a>N&#039;h\u00e9sitez pas \u00e0 nous contacter pour plus de d\u00e9tails.<\/p>","protected":false},"excerpt":{"rendered":"<p>En tant que fabricant professionnel de flacons de parfum, nous pouvons personnaliser vos flacons avec votre propre logo, comme par exemple les flacons de parfum Viktor noir mat.<\/p>","protected":false},"featured_media":3136,"comment_status":"open","ping_status":"closed","template":"","meta":{"_kad_blocks_custom_css":"","_kad_blocks_head_custom_js":"","_kad_blocks_body_custom_js":"","_kad_blocks_footer_custom_js":"","_kad_post_transparent":"default","_kad_post_title":"","_kad_post_layout":"default","_kad_post_sidebar_id":"","_kad_post_content_style":"default","_kad_post_vertical_padding":"default","_kad_post_feature":"","_kad_post_feature_position":"","_kad_post_header":false,"_kad_post_footer":false,"_joinchat":[]},"product_brand":[],"product_cat":[51],"product_tag":[485,487,489,488,484,486],"class_list":{"0":"post-3131","1":"product","2":"type-product","3":"status-publish","4":"has-post-thumbnail","6":"product_cat-glass-perfume-bottles","7":"product_tag-black-perfume-bottle-manufacturer","8":"product_tag-glass-bottle-victor-50ml","9":"product_tag-victor-cosmetic-rectangle-bottle","10":"product_tag-victor-design-perfume-bottles","11":"product_tag-victor-perfume-bottle-wholesale","12":"product_tag-viktor-matt-black-perfume-bottles-price","14":"first","15":"instock","16":"shipping-taxable","17":"product-type-simple","18":"entry","19":"content-bg","20":"loop-entry"},"yoast_head":"<!-- This site is optimized with the Yoast SEO Premium plugin v20.5 (Yoast SEO v24.2) - https:\/\/yoast.com\/wordpress\/plugins\/seo\/ -->\n<title>Viktor matte black perfume bottles manufacturer and wholesaler<\/title>\n<meta name=\"description\" content=\"As a professional perfume bottle manufacturer, we can custom your own logo designed bottle such as Viktor matte black perfume bottles.\" \/>\n<meta name=\"robots\" content=\"index, follow, max-snippet:-1, max-image-preview:large, max-video-preview:-1\" \/>\n<link rel=\"canonical\" href=\"https:\/\/glass-perfume-bottles.com\/fr\/produit\/viktor-matte-black-perfume-bottles-wholesale\/\" \/>\n<meta property=\"og:locale\" content=\"fr_FR\" \/>\n<meta property=\"og:type\" content=\"article\" \/>\n<meta property=\"og:title\" content=\"Viktor matte black perfume bottles wholesale\" \/>\n<meta property=\"og:description\" content=\"As a professional perfume bottle manufacturer, we can custom your own logo designed bottle such as Viktor matte black perfume bottles.\" \/>\n<meta property=\"og:url\" content=\"https:\/\/glass-perfume-bottles.com\/fr\/produit\/viktor-matte-black-perfume-bottles-wholesale\/\" \/>\n<meta property=\"og:site_name\" content=\"HY GLASS\" \/>\n<meta property=\"article:modified_time\" content=\"2025-11-25T10:18:51+00:00\" \/>\n<meta property=\"og:image\" content=\"https:\/\/glass-perfume-bottles.com\/wp-content\/uploads\/2025\/11\/Viktor-matt-black-perfume-bottles.jpg\" \/>\n\t<meta property=\"og:image:width\" content=\"720\" \/>\n\t<meta property=\"og:image:height\" content=\"720\" \/>\n\t<meta property=\"og:image:type\" content=\"image\/jpeg\" \/>\n<meta name=\"twitter:card\" content=\"summary_large_image\" \/>\n<meta name=\"twitter:label1\" content=\"Dur\u00e9e de lecture estim\u00e9e\" \/>\n\t<meta name=\"twitter:data1\" content=\"2 minutes\" \/>\n<script type=\"application\/ld+json\" class=\"yoast-schema-graph\">{\"@context\":\"https:\/\/schema.org\",\"@graph\":[{\"@type\":\"WebPage\",\"@id\":\"https:\/\/glass-perfume-bottles.com\/product\/viktor-matte-black-perfume-bottles-wholesale\/\",\"url\":\"https:\/\/glass-perfume-bottles.com\/product\/viktor-matte-black-perfume-bottles-wholesale\/\",\"name\":\"Viktor matte black perfume bottles manufacturer and wholesaler\",\"isPartOf\":{\"@id\":\"https:\/\/glass-perfume-bottles.com\/#website\"},\"primaryImageOfPage\":{\"@id\":\"https:\/\/glass-perfume-bottles.com\/product\/viktor-matte-black-perfume-bottles-wholesale\/#primaryimage\"},\"image\":{\"@id\":\"https:\/\/glass-perfume-bottles.com\/product\/viktor-matte-black-perfume-bottles-wholesale\/#primaryimage\"},\"thumbnailUrl\":\"https:\/\/glass-perfume-bottles.com\/wp-content\/uploads\/2025\/11\/Viktor-matt-black-perfume-bottles.jpg\",\"datePublished\":\"2025-11-10T10:11:31+00:00\",\"dateModified\":\"2025-11-25T10:18:51+00:00\",\"description\":\"As a professional perfume bottle manufacturer, we can custom your own logo designed bottle such as Viktor matte black perfume bottles.\",\"breadcrumb\":{\"@id\":\"https:\/\/glass-perfume-bottles.com\/product\/viktor-matte-black-perfume-bottles-wholesale\/#breadcrumb\"},\"inLanguage\":\"fr-FR\",\"potentialAction\":[{\"@type\":\"ReadAction\",\"target\":[\"https:\/\/glass-perfume-bottles.com\/product\/viktor-matte-black-perfume-bottles-wholesale\/\"]}]},{\"@type\":\"ImageObject\",\"inLanguage\":\"fr-FR\",\"@id\":\"https:\/\/glass-perfume-bottles.com\/product\/viktor-matte-black-perfume-bottles-wholesale\/#primaryimage\",\"url\":\"https:\/\/glass-perfume-bottles.com\/wp-content\/uploads\/2025\/11\/Viktor-matt-black-perfume-bottles.jpg\",\"contentUrl\":\"https:\/\/glass-perfume-bottles.com\/wp-content\/uploads\/2025\/11\/Viktor-matt-black-perfume-bottles.jpg\",\"width\":720,\"height\":720,\"caption\":\"Victor Perfume bottle wholesale, black perfume bottle manufacturer,Viktor matt black perfume bottles price, Glass bottle victor 50ml, Victor design perfume bottles, victor cosmetic rectangle bottle\"},{\"@type\":\"BreadcrumbList\",\"@id\":\"https:\/\/glass-perfume-bottles.com\/product\/viktor-matte-black-perfume-bottles-wholesale\/#breadcrumb\",\"itemListElement\":[{\"@type\":\"ListItem\",\"position\":1,\"name\":\"Home\",\"item\":\"https:\/\/glass-perfume-bottles.com\/\"},{\"@type\":\"ListItem\",\"position\":2,\"name\":\"Product\",\"item\":\"https:\/\/glass-perfume-bottles.com\/custom-made-perfume-bottle-suppliers-and-wholesale\/\"},{\"@type\":\"ListItem\",\"position\":3,\"name\":\"Viktor matte black perfume bottles wholesale\"}]},{\"@type\":\"WebSite\",\"@id\":\"https:\/\/glass-perfume-bottles.com\/#website\",\"url\":\"https:\/\/glass-perfume-bottles.com\/\",\"name\":\"HY GLASS\",\"description\":\"glass perfume bottle manufacturers &amp; suppliers, aroma reed diffuser bottle wholesale &amp; suppliers\",\"publisher\":{\"@id\":\"https:\/\/glass-perfume-bottles.com\/#organization\"},\"potentialAction\":[{\"@type\":\"SearchAction\",\"target\":{\"@type\":\"EntryPoint\",\"urlTemplate\":\"https:\/\/glass-perfume-bottles.com\/?s={search_term_string}\"},\"query-input\":{\"@type\":\"PropertyValueSpecification\",\"valueRequired\":true,\"valueName\":\"search_term_string\"}}],\"inLanguage\":\"fr-FR\"},{\"@type\":\"Organization\",\"@id\":\"https:\/\/glass-perfume-bottles.com\/#organization\",\"name\":\"HY GLASS\",\"url\":\"https:\/\/glass-perfume-bottles.com\/\",\"logo\":{\"@type\":\"ImageObject\",\"inLanguage\":\"fr-FR\",\"@id\":\"https:\/\/glass-perfume-bottles.com\/#\/schema\/logo\/image\/\",\"url\":\"https:\/\/glass-perfume-bottles.com\/wp-content\/uploads\/2023\/09\/logo21.png\",\"contentUrl\":\"https:\/\/glass-perfume-bottles.com\/wp-content\/uploads\/2023\/09\/logo21.png\",\"width\":342,\"height\":268,\"caption\":\"HY GLASS\"},\"image\":{\"@id\":\"https:\/\/glass-perfume-bottles.com\/#\/schema\/logo\/image\/\"}}]}<\/script>\n<!-- \/ Yoast SEO Premium plugin. -->","yoast_head_json":{"title":"Viktor matte black perfume bottles manufacturer and wholesaler","description":"As a professional perfume bottle manufacturer, we can custom your own logo designed bottle such as Viktor matte black perfume bottles.","robots":{"index":"index","follow":"follow","max-snippet":"max-snippet:-1","max-image-preview":"max-image-preview:large","max-video-preview":"max-video-preview:-1"},"canonical":"https:\/\/glass-perfume-bottles.com\/fr\/produit\/viktor-matte-black-perfume-bottles-wholesale\/","og_locale":"fr_FR","og_type":"article","og_title":"Viktor matte black perfume bottles wholesale","og_description":"As a professional perfume bottle manufacturer, we can custom your own logo designed bottle such as Viktor matte black perfume bottles.","og_url":"https:\/\/glass-perfume-bottles.com\/fr\/produit\/viktor-matte-black-perfume-bottles-wholesale\/","og_site_name":"HY GLASS","article_modified_time":"2025-11-25T10:18:51+00:00","og_image":[{"width":720,"height":720,"url":"https:\/\/glass-perfume-bottles.com\/wp-content\/uploads\/2025\/11\/Viktor-matt-black-perfume-bottles.jpg","type":"image\/jpeg"}],"twitter_card":"summary_large_image","twitter_misc":{"Dur\u00e9e de lecture estim\u00e9e":"2 minutes"},"schema":{"@context":"https:\/\/schema.org","@graph":[{"@type":"WebPage","@id":"https:\/\/glass-perfume-bottles.com\/product\/viktor-matte-black-perfume-bottles-wholesale\/","url":"https:\/\/glass-perfume-bottles.com\/product\/viktor-matte-black-perfume-bottles-wholesale\/","name":"Viktor matte black perfume bottles manufacturer and wholesaler","isPartOf":{"@id":"https:\/\/glass-perfume-bottles.com\/#website"},"primaryImageOfPage":{"@id":"https:\/\/glass-perfume-bottles.com\/product\/viktor-matte-black-perfume-bottles-wholesale\/#primaryimage"},"image":{"@id":"https:\/\/glass-perfume-bottles.com\/product\/viktor-matte-black-perfume-bottles-wholesale\/#primaryimage"},"thumbnailUrl":"https:\/\/glass-perfume-bottles.com\/wp-content\/uploads\/2025\/11\/Viktor-matt-black-perfume-bottles.jpg","datePublished":"2025-11-10T10:11:31+00:00","dateModified":"2025-11-25T10:18:51+00:00","description":"As a professional perfume bottle manufacturer, we can custom your own logo designed bottle such as Viktor matte black perfume bottles.","breadcrumb":{"@id":"https:\/\/glass-perfume-bottles.com\/product\/viktor-matte-black-perfume-bottles-wholesale\/#breadcrumb"},"inLanguage":"fr-FR","potentialAction":[{"@type":"ReadAction","target":["https:\/\/glass-perfume-bottles.com\/product\/viktor-matte-black-perfume-bottles-wholesale\/"]}]},{"@type":"ImageObject","inLanguage":"fr-FR","@id":"https:\/\/glass-perfume-bottles.com\/product\/viktor-matte-black-perfume-bottles-wholesale\/#primaryimage","url":"https:\/\/glass-perfume-bottles.com\/wp-content\/uploads\/2025\/11\/Viktor-matt-black-perfume-bottles.jpg","contentUrl":"https:\/\/glass-perfume-bottles.com\/wp-content\/uploads\/2025\/11\/Viktor-matt-black-perfume-bottles.jpg","width":720,"height":720,"caption":"Victor Perfume bottle wholesale, black perfume bottle manufacturer,Viktor matt black perfume bottles price, Glass bottle victor 50ml, Victor design perfume bottles, victor cosmetic rectangle bottle"},{"@type":"BreadcrumbList","@id":"https:\/\/glass-perfume-bottles.com\/product\/viktor-matte-black-perfume-bottles-wholesale\/#breadcrumb","itemListElement":[{"@type":"ListItem","position":1,"name":"Home","item":"https:\/\/glass-perfume-bottles.com\/"},{"@type":"ListItem","position":2,"name":"Product","item":"https:\/\/glass-perfume-bottles.com\/custom-made-perfume-bottle-suppliers-and-wholesale\/"},{"@type":"ListItem","position":3,"name":"Viktor matte black perfume bottles wholesale"}]},{"@type":"WebSite","@id":"https:\/\/glass-perfume-bottles.com\/#website","url":"https:\/\/glass-perfume-bottles.com\/","name":"HY GLASS","description":"glass perfume bottle manufacturers &amp; suppliers, aroma reed diffuser bottle wholesale &amp; suppliers","publisher":{"@id":"https:\/\/glass-perfume-bottles.com\/#organization"},"potentialAction":[{"@type":"SearchAction","target":{"@type":"EntryPoint","urlTemplate":"https:\/\/glass-perfume-bottles.com\/?s={search_term_string}"},"query-input":{"@type":"PropertyValueSpecification","valueRequired":true,"valueName":"search_term_string"}}],"inLanguage":"fr-FR"},{"@type":"Organization","@id":"https:\/\/glass-perfume-bottles.com\/#organization","name":"HY GLASS","url":"https:\/\/glass-perfume-bottles.com\/","logo":{"@type":"ImageObject","inLanguage":"fr-FR","@id":"https:\/\/glass-perfume-bottles.com\/#\/schema\/logo\/image\/","url":"https:\/\/glass-perfume-bottles.com\/wp-content\/uploads\/2023\/09\/logo21.png","contentUrl":"https:\/\/glass-perfume-bottles.com\/wp-content\/uploads\/2023\/09\/logo21.png","width":342,"height":268,"caption":"HY GLASS"},"image":{"@id":"https:\/\/glass-perfume-bottles.com\/#\/schema\/logo\/image\/"}}]}},"taxonomy_info":{"product_cat":[{"value":51,"label":"Glass Perfume Bottle"}],"product_tag":[{"value":485,"label":"black perfume bottle manufacturer"},{"value":487,"label":"Glass bottle victor 50ml"},{"value":489,"label":"victor cosmetic rectangle bottle."},{"value":488,"label":"Victor design perfume bottles"},{"value":484,"label":"Victor Perfume bottle wholesale"},{"value":486,"label":"Viktor matt black perfume bottles price"}]},"featured_image_src_large":["https:\/\/glass-perfume-bottles.com\/wp-content\/uploads\/2025\/11\/Viktor-matt-black-perfume-bottles.jpg",720,720,false],"author_info":[],"comment_info":0,"_links":{"self":[{"href":"https:\/\/glass-perfume-bottles.com\/fr\/wp-json\/wp\/v2\/product\/3131","targetHints":{"allow":["GET"]}}],"collection":[{"href":"https:\/\/glass-perfume-bottles.com\/fr\/wp-json\/wp\/v2\/product"}],"about":[{"href":"https:\/\/glass-perfume-bottles.com\/fr\/wp-json\/wp\/v2\/types\/product"}],"replies":[{"embeddable":true,"href":"https:\/\/glass-perfume-bottles.com\/fr\/wp-json\/wp\/v2\/comments?post=3131"}],"wp:featuredmedia":[{"embeddable":true,"href":"https:\/\/glass-perfume-bottles.com\/fr\/wp-json\/wp\/v2\/media\/3136"}],"wp:attachment":[{"href":"https:\/\/glass-perfume-bottles.com\/fr\/wp-json\/wp\/v2\/media?parent=3131"}],"wp:term":[{"taxonomy":"product_brand","embeddable":true,"href":"https:\/\/glass-perfume-bottles.com\/fr\/wp-json\/wp\/v2\/product_brand?post=3131"},{"taxonomy":"product_cat","embeddable":true,"href":"https:\/\/glass-perfume-bottles.com\/fr\/wp-json\/wp\/v2\/product_cat?post=3131"},{"taxonomy":"product_tag","embeddable":true,"href":"https:\/\/glass-perfume-bottles.com\/fr\/wp-json\/wp\/v2\/product_tag?post=3131"}],"curies":[{"name":"wp","href":"https:\/\/api.w.org\/{rel}","templated":true}]}}