{"id":3152,"date":"2026-01-08T08:33:36","date_gmt":"2026-01-08T08:33:36","guid":{"rendered":"https:\/\/glass-perfume-bottles.com\/?post_type=product&#038;p=3152"},"modified":"2026-01-08T08:47:19","modified_gmt":"2026-01-08T08:47:19","slug":"oem-odm-brand-men-60ml-perfume-bottle","status":"publish","type":"product","link":"https:\/\/glass-perfume-bottles.com\/fr\/produit\/oem-odm-brand-men-60ml-perfume-bottle\/","title":{"rendered":"Flacon de parfum pour homme de 60 ml"},"content":{"rendered":"<table>\n<tbody>\n<tr>\n<td width=\"158\">Nom du produit<\/td>\n<td width=\"591\">Flacon de parfum pour homme de 60 ml<\/td>\n<\/tr>\n<tr>\n<td width=\"158\">Capacit\u00e9<\/td>\n<td width=\"591\">60 ml ou autre format sur mesure<\/td>\n<\/tr>\n<tr>\n<td width=\"158\">Taille<\/td>\n<td width=\"591\">66,26 \u00d7 147,06 \u00d7 27,26 mm<\/td>\n<\/tr>\n<tr>\n<td width=\"158\">Poids<\/td>\n<td width=\"591\">200g<\/td>\n<\/tr>\n<tr>\n<td width=\"158\">Mat\u00e9riel<\/td>\n<td width=\"591\">Verre blanc cristal<\/td>\n<\/tr>\n<tr>\n<td width=\"158\">Couleur du corps<\/td>\n<td width=\"591\">Transparent, d\u00e9poli, rouge, noir, bleu, vert, rose ou couleur personnalis\u00e9e<\/td>\n<\/tr>\n<tr>\n<td width=\"158\">Manutention de surface<\/td>\n<td width=\"591\">S\u00e9rigraphie, marquage \u00e0 chaud, d\u00e9polissage, m\u00e9tallisation, flocage, holographie, rev\u00eatement marbr\u00e9, d\u00e9calcomanie, etc.<\/td>\n<\/tr>\n<tr>\n<td width=\"158\">Usage<\/td>\n<td width=\"591\">\u00a0Emballage de parfum\/huile essentielle\/d\u00e9odorant\/assainisseur d&#039;air\/parfum\/s\u00e9rum\/huile essentielle\/tonique<\/td>\n<\/tr>\n<tr>\n<td width=\"158\">Emballage<\/td>\n<td width=\"591\">Carton d&#039;exportation puis palette en contreplaqu\u00e9,<\/td>\n<\/tr>\n<tr>\n<td width=\"158\">Quantit\u00e9 minimale de commande<\/td>\n<td width=\"591\">1 000 pi\u00e8ces (car il existe une conception personnalis\u00e9e)<\/td>\n<\/tr>\n<tr>\n<td width=\"158\">\u00c9chantillon<\/td>\n<td width=\"591\">\u00c9chantillon gratuit, frais de transport n\u00e9cessaires.<\/td>\n<\/tr>\n<tr>\n<td width=\"158\">Transport<\/td>\n<td width=\"591\">FedEx\/DHL\/EMS\/UPS\/TNT\/Par mer\/Par avion, etc.<\/td>\n<\/tr>\n<tr>\n<td width=\"158\">Mode de paiement<\/td>\n<td width=\"591\">T\/T, L\/C, Western Union, Money Gram, PayPal, etc.<\/td>\n<\/tr>\n<tr>\n<td width=\"158\">D\u00e9lai de livraison<\/td>\n<td width=\"591\">\u00c9chantillon 1 \u00e0 2 jours, production de commande 20 \u00e0 45 jours selon les d\u00e9tails de la commande.<\/td>\n<\/tr>\n<tr>\n<td width=\"158\">Service<\/td>\n<td width=\"591\">Service de personnalisation de bouteilles en verre, service de conception, solution cl\u00e9 en main<\/td>\n<\/tr>\n<\/tbody>\n<\/table>\n<p>Si vous souhaitez moderniser l&#039;emballage de votre flacon de parfum, vous pouvez opter pour notre flacon de 60 ml pour homme. Il est sp\u00e9cialement con\u00e7u pour les marques de parfums en marque blanche, les jeunes entreprises du secteur et bien plus encore. <a href=\"https:\/\/www.hyglassbottles.com\/product\/60ml-empty-glass-perfume-bottle-suppliers-wholesale.html\">vente en gros de bouteilles en verre<\/a> Distributeurs. Si vous recherchez un style tendance et de haute qualit\u00e9, ce kit comprend des produits dont chaque d\u00e9tail a \u00e9t\u00e9 soigneusement pens\u00e9 pour sublimer l&#039;apparence et le toucher de vos articles finis.<\/p>\n<p>Quel que soit votre projet de d\u00e9veloppement de parfums, ce flacon de 60 ml pour homme est le choix id\u00e9al. De plus, il est parfait pour enrichir une collection existante. Son esth\u00e9tique \u00e9pur\u00e9e et moderne est un atout ind\u00e9niable. Le flacon en verre transparent met magnifiquement en valeur votre fragrance, tandis que le bouchon luxueux en polypropyl\u00e8ne apporte une touche d&#039;\u00e9l\u00e9gance. Un choix optimal. <a href=\"https:\/\/glass-perfume-bottles.com\/fr\/produit\/100ml-perfume-glass-bottle-wholesale\/\">fournisseur de flacons de parfum en verre<\/a> Pour les parfums, les diffuseurs \u00e0 b\u00e2tonnets et les huiles essentielles, nous proposons des flacons en verre haut de gamme personnalis\u00e9s sous marque priv\u00e9e. N&#039;h\u00e9sitez pas \u00e0 nous contacter pour plus d&#039;informations.<\/p>","protected":false},"excerpt":{"rendered":"<p>En tant que meilleur fournisseur de flacons en verre pour parfums, diffuseurs \u00e0 roseaux et huiles essentielles, nous nous concentrons sur les flacons de parfum en verre de haute qualit\u00e9 personnalis\u00e9s sous marque priv\u00e9e.<\/p>","protected":false},"featured_media":3153,"comment_status":"open","ping_status":"closed","template":"","meta":{"_kad_blocks_custom_css":"","_kad_blocks_head_custom_js":"","_kad_blocks_body_custom_js":"","_kad_blocks_footer_custom_js":"","_kad_post_transparent":"default","_kad_post_title":"","_kad_post_layout":"default","_kad_post_sidebar_id":"","_kad_post_content_style":"default","_kad_post_vertical_padding":"default","_kad_post_feature":"","_kad_post_feature_position":"","_kad_post_header":false,"_kad_post_footer":false,"_joinchat":[]},"product_brand":[],"product_cat":[51],"product_tag":[490,492,491],"class_list":{"0":"post-3152","1":"product","2":"type-product","3":"status-publish","4":"has-post-thumbnail","6":"product_cat-glass-perfume-bottles","7":"product_tag-60ml-empty-perfume-bottles","8":"product_tag-60ml-fragrance-bottle","9":"product_tag-60ml-perfume-bottle-wholesale","11":"first","12":"instock","13":"shipping-taxable","14":"product-type-simple","15":"entry","16":"content-bg","17":"loop-entry"},"yoast_head":"<!-- This site is optimized with the Yoast SEO Premium plugin v20.5 (Yoast SEO v24.2) - https:\/\/yoast.com\/wordpress\/plugins\/seo\/ -->\n<title>men 60ml perfume bottle wholesale suppliers<\/title>\n<meta name=\"description\" content=\"As the best perfume glass bottle supplier for perfume, reed diffuser, essential oil, we focus on custom private label high quality men 60ml perfume bottle.\" \/>\n<meta name=\"robots\" content=\"index, follow, max-snippet:-1, max-image-preview:large, max-video-preview:-1\" \/>\n<link rel=\"canonical\" href=\"https:\/\/glass-perfume-bottles.com\/fr\/produit\/oem-odm-brand-men-60ml-perfume-bottle\/\" \/>\n<meta property=\"og:locale\" content=\"fr_FR\" \/>\n<meta property=\"og:type\" content=\"article\" \/>\n<meta property=\"og:title\" content=\"Men 60ml perfume bottle\" \/>\n<meta property=\"og:description\" content=\"As the best perfume glass bottle supplier for perfume, reed diffuser, essential oil, we focus on custom private label high quality men 60ml perfume bottle.\" \/>\n<meta property=\"og:url\" content=\"https:\/\/glass-perfume-bottles.com\/fr\/produit\/oem-odm-brand-men-60ml-perfume-bottle\/\" \/>\n<meta property=\"og:site_name\" content=\"HY GLASS\" \/>\n<meta property=\"article:modified_time\" content=\"2026-01-08T08:47:19+00:00\" \/>\n<meta property=\"og:image\" content=\"https:\/\/glass-perfume-bottles.com\/wp-content\/uploads\/2026\/01\/60ml-glass-perfume-bottle.jpg\" \/>\n\t<meta property=\"og:image:width\" content=\"720\" \/>\n\t<meta property=\"og:image:height\" content=\"720\" \/>\n\t<meta property=\"og:image:type\" content=\"image\/jpeg\" \/>\n<meta name=\"twitter:card\" content=\"summary_large_image\" \/>\n<meta name=\"twitter:label1\" content=\"Dur\u00e9e de lecture estim\u00e9e\" \/>\n\t<meta name=\"twitter:data1\" content=\"2 minutes\" \/>\n<script type=\"application\/ld+json\" class=\"yoast-schema-graph\">{\"@context\":\"https:\/\/schema.org\",\"@graph\":[{\"@type\":\"WebPage\",\"@id\":\"https:\/\/glass-perfume-bottles.com\/product\/oem-odm-brand-men-60ml-perfume-bottle\/\",\"url\":\"https:\/\/glass-perfume-bottles.com\/product\/oem-odm-brand-men-60ml-perfume-bottle\/\",\"name\":\"men 60ml perfume bottle wholesale suppliers\",\"isPartOf\":{\"@id\":\"https:\/\/glass-perfume-bottles.com\/#website\"},\"primaryImageOfPage\":{\"@id\":\"https:\/\/glass-perfume-bottles.com\/product\/oem-odm-brand-men-60ml-perfume-bottle\/#primaryimage\"},\"image\":{\"@id\":\"https:\/\/glass-perfume-bottles.com\/product\/oem-odm-brand-men-60ml-perfume-bottle\/#primaryimage\"},\"thumbnailUrl\":\"https:\/\/glass-perfume-bottles.com\/wp-content\/uploads\/2026\/01\/60ml-glass-perfume-bottle.jpg\",\"datePublished\":\"2026-01-08T08:33:36+00:00\",\"dateModified\":\"2026-01-08T08:47:19+00:00\",\"description\":\"As the best perfume glass bottle supplier for perfume, reed diffuser, essential oil, we focus on custom private label high quality men 60ml perfume bottle.\",\"breadcrumb\":{\"@id\":\"https:\/\/glass-perfume-bottles.com\/product\/oem-odm-brand-men-60ml-perfume-bottle\/#breadcrumb\"},\"inLanguage\":\"fr-FR\",\"potentialAction\":[{\"@type\":\"ReadAction\",\"target\":[\"https:\/\/glass-perfume-bottles.com\/product\/oem-odm-brand-men-60ml-perfume-bottle\/\"]}]},{\"@type\":\"ImageObject\",\"inLanguage\":\"fr-FR\",\"@id\":\"https:\/\/glass-perfume-bottles.com\/product\/oem-odm-brand-men-60ml-perfume-bottle\/#primaryimage\",\"url\":\"https:\/\/glass-perfume-bottles.com\/wp-content\/uploads\/2026\/01\/60ml-glass-perfume-bottle.jpg\",\"contentUrl\":\"https:\/\/glass-perfume-bottles.com\/wp-content\/uploads\/2026\/01\/60ml-glass-perfume-bottle.jpg\",\"width\":720,\"height\":720,\"caption\":\"60ml empty perfume bottles, 60ml perfume bottle wholesale, 60ml fragrance bottle\"},{\"@type\":\"BreadcrumbList\",\"@id\":\"https:\/\/glass-perfume-bottles.com\/product\/oem-odm-brand-men-60ml-perfume-bottle\/#breadcrumb\",\"itemListElement\":[{\"@type\":\"ListItem\",\"position\":1,\"name\":\"Home\",\"item\":\"https:\/\/glass-perfume-bottles.com\/\"},{\"@type\":\"ListItem\",\"position\":2,\"name\":\"Product\",\"item\":\"https:\/\/glass-perfume-bottles.com\/custom-made-perfume-bottle-suppliers-and-wholesale\/\"},{\"@type\":\"ListItem\",\"position\":3,\"name\":\"Men 60ml perfume bottle\"}]},{\"@type\":\"WebSite\",\"@id\":\"https:\/\/glass-perfume-bottles.com\/#website\",\"url\":\"https:\/\/glass-perfume-bottles.com\/\",\"name\":\"HY GLASS\",\"description\":\"glass perfume bottle manufacturers &amp; suppliers, aroma reed diffuser bottle wholesale &amp; suppliers\",\"publisher\":{\"@id\":\"https:\/\/glass-perfume-bottles.com\/#organization\"},\"potentialAction\":[{\"@type\":\"SearchAction\",\"target\":{\"@type\":\"EntryPoint\",\"urlTemplate\":\"https:\/\/glass-perfume-bottles.com\/?s={search_term_string}\"},\"query-input\":{\"@type\":\"PropertyValueSpecification\",\"valueRequired\":true,\"valueName\":\"search_term_string\"}}],\"inLanguage\":\"fr-FR\"},{\"@type\":\"Organization\",\"@id\":\"https:\/\/glass-perfume-bottles.com\/#organization\",\"name\":\"HY GLASS\",\"url\":\"https:\/\/glass-perfume-bottles.com\/\",\"logo\":{\"@type\":\"ImageObject\",\"inLanguage\":\"fr-FR\",\"@id\":\"https:\/\/glass-perfume-bottles.com\/#\/schema\/logo\/image\/\",\"url\":\"https:\/\/glass-perfume-bottles.com\/wp-content\/uploads\/2023\/09\/logo21.png\",\"contentUrl\":\"https:\/\/glass-perfume-bottles.com\/wp-content\/uploads\/2023\/09\/logo21.png\",\"width\":342,\"height\":268,\"caption\":\"HY GLASS\"},\"image\":{\"@id\":\"https:\/\/glass-perfume-bottles.com\/#\/schema\/logo\/image\/\"}}]}<\/script>\n<!-- \/ Yoast SEO Premium plugin. -->","yoast_head_json":{"title":"men 60ml perfume bottle wholesale suppliers","description":"As the best perfume glass bottle supplier for perfume, reed diffuser, essential oil, we focus on custom private label high quality men 60ml perfume bottle.","robots":{"index":"index","follow":"follow","max-snippet":"max-snippet:-1","max-image-preview":"max-image-preview:large","max-video-preview":"max-video-preview:-1"},"canonical":"https:\/\/glass-perfume-bottles.com\/fr\/produit\/oem-odm-brand-men-60ml-perfume-bottle\/","og_locale":"fr_FR","og_type":"article","og_title":"Men 60ml perfume bottle","og_description":"As the best perfume glass bottle supplier for perfume, reed diffuser, essential oil, we focus on custom private label high quality men 60ml perfume bottle.","og_url":"https:\/\/glass-perfume-bottles.com\/fr\/produit\/oem-odm-brand-men-60ml-perfume-bottle\/","og_site_name":"HY GLASS","article_modified_time":"2026-01-08T08:47:19+00:00","og_image":[{"width":720,"height":720,"url":"https:\/\/glass-perfume-bottles.com\/wp-content\/uploads\/2026\/01\/60ml-glass-perfume-bottle.jpg","type":"image\/jpeg"}],"twitter_card":"summary_large_image","twitter_misc":{"Dur\u00e9e de lecture estim\u00e9e":"2 minutes"},"schema":{"@context":"https:\/\/schema.org","@graph":[{"@type":"WebPage","@id":"https:\/\/glass-perfume-bottles.com\/product\/oem-odm-brand-men-60ml-perfume-bottle\/","url":"https:\/\/glass-perfume-bottles.com\/product\/oem-odm-brand-men-60ml-perfume-bottle\/","name":"men 60ml perfume bottle wholesale suppliers","isPartOf":{"@id":"https:\/\/glass-perfume-bottles.com\/#website"},"primaryImageOfPage":{"@id":"https:\/\/glass-perfume-bottles.com\/product\/oem-odm-brand-men-60ml-perfume-bottle\/#primaryimage"},"image":{"@id":"https:\/\/glass-perfume-bottles.com\/product\/oem-odm-brand-men-60ml-perfume-bottle\/#primaryimage"},"thumbnailUrl":"https:\/\/glass-perfume-bottles.com\/wp-content\/uploads\/2026\/01\/60ml-glass-perfume-bottle.jpg","datePublished":"2026-01-08T08:33:36+00:00","dateModified":"2026-01-08T08:47:19+00:00","description":"As the best perfume glass bottle supplier for perfume, reed diffuser, essential oil, we focus on custom private label high quality men 60ml perfume bottle.","breadcrumb":{"@id":"https:\/\/glass-perfume-bottles.com\/product\/oem-odm-brand-men-60ml-perfume-bottle\/#breadcrumb"},"inLanguage":"fr-FR","potentialAction":[{"@type":"ReadAction","target":["https:\/\/glass-perfume-bottles.com\/product\/oem-odm-brand-men-60ml-perfume-bottle\/"]}]},{"@type":"ImageObject","inLanguage":"fr-FR","@id":"https:\/\/glass-perfume-bottles.com\/product\/oem-odm-brand-men-60ml-perfume-bottle\/#primaryimage","url":"https:\/\/glass-perfume-bottles.com\/wp-content\/uploads\/2026\/01\/60ml-glass-perfume-bottle.jpg","contentUrl":"https:\/\/glass-perfume-bottles.com\/wp-content\/uploads\/2026\/01\/60ml-glass-perfume-bottle.jpg","width":720,"height":720,"caption":"60ml empty perfume bottles, 60ml perfume bottle wholesale, 60ml fragrance bottle"},{"@type":"BreadcrumbList","@id":"https:\/\/glass-perfume-bottles.com\/product\/oem-odm-brand-men-60ml-perfume-bottle\/#breadcrumb","itemListElement":[{"@type":"ListItem","position":1,"name":"Home","item":"https:\/\/glass-perfume-bottles.com\/"},{"@type":"ListItem","position":2,"name":"Product","item":"https:\/\/glass-perfume-bottles.com\/custom-made-perfume-bottle-suppliers-and-wholesale\/"},{"@type":"ListItem","position":3,"name":"Men 60ml perfume bottle"}]},{"@type":"WebSite","@id":"https:\/\/glass-perfume-bottles.com\/#website","url":"https:\/\/glass-perfume-bottles.com\/","name":"HY GLASS","description":"glass perfume bottle manufacturers &amp; suppliers, aroma reed diffuser bottle wholesale &amp; suppliers","publisher":{"@id":"https:\/\/glass-perfume-bottles.com\/#organization"},"potentialAction":[{"@type":"SearchAction","target":{"@type":"EntryPoint","urlTemplate":"https:\/\/glass-perfume-bottles.com\/?s={search_term_string}"},"query-input":{"@type":"PropertyValueSpecification","valueRequired":true,"valueName":"search_term_string"}}],"inLanguage":"fr-FR"},{"@type":"Organization","@id":"https:\/\/glass-perfume-bottles.com\/#organization","name":"HY GLASS","url":"https:\/\/glass-perfume-bottles.com\/","logo":{"@type":"ImageObject","inLanguage":"fr-FR","@id":"https:\/\/glass-perfume-bottles.com\/#\/schema\/logo\/image\/","url":"https:\/\/glass-perfume-bottles.com\/wp-content\/uploads\/2023\/09\/logo21.png","contentUrl":"https:\/\/glass-perfume-bottles.com\/wp-content\/uploads\/2023\/09\/logo21.png","width":342,"height":268,"caption":"HY GLASS"},"image":{"@id":"https:\/\/glass-perfume-bottles.com\/#\/schema\/logo\/image\/"}}]}},"taxonomy_info":{"product_cat":[{"value":51,"label":"Glass Perfume Bottle"}],"product_tag":[{"value":490,"label":"60ml empty perfume bottles"},{"value":492,"label":"60ml fragrance bottle"},{"value":491,"label":"60ml perfume bottle wholesale"}]},"featured_image_src_large":["https:\/\/glass-perfume-bottles.com\/wp-content\/uploads\/2026\/01\/60ml-glass-perfume-bottle.jpg",720,720,false],"author_info":[],"comment_info":0,"_links":{"self":[{"href":"https:\/\/glass-perfume-bottles.com\/fr\/wp-json\/wp\/v2\/product\/3152","targetHints":{"allow":["GET"]}}],"collection":[{"href":"https:\/\/glass-perfume-bottles.com\/fr\/wp-json\/wp\/v2\/product"}],"about":[{"href":"https:\/\/glass-perfume-bottles.com\/fr\/wp-json\/wp\/v2\/types\/product"}],"replies":[{"embeddable":true,"href":"https:\/\/glass-perfume-bottles.com\/fr\/wp-json\/wp\/v2\/comments?post=3152"}],"wp:featuredmedia":[{"embeddable":true,"href":"https:\/\/glass-perfume-bottles.com\/fr\/wp-json\/wp\/v2\/media\/3153"}],"wp:attachment":[{"href":"https:\/\/glass-perfume-bottles.com\/fr\/wp-json\/wp\/v2\/media?parent=3152"}],"wp:term":[{"taxonomy":"product_brand","embeddable":true,"href":"https:\/\/glass-perfume-bottles.com\/fr\/wp-json\/wp\/v2\/product_brand?post=3152"},{"taxonomy":"product_cat","embeddable":true,"href":"https:\/\/glass-perfume-bottles.com\/fr\/wp-json\/wp\/v2\/product_cat?post=3152"},{"taxonomy":"product_tag","embeddable":true,"href":"https:\/\/glass-perfume-bottles.com\/fr\/wp-json\/wp\/v2\/product_tag?post=3152"}],"curies":[{"name":"wp","href":"https:\/\/api.w.org\/{rel}","templated":true}]}}