{"id":3157,"date":"2026-01-10T14:08:14","date_gmt":"2026-01-10T14:08:14","guid":{"rendered":"https:\/\/glass-perfume-bottles.com\/?post_type=product&#038;p=3157"},"modified":"2026-01-10T14:20:49","modified_gmt":"2026-01-10T14:20:49","slug":"30ml-50ml-100ml-volcanic-base-perfume-bottle-manufacturer","status":"publish","type":"product","link":"https:\/\/glass-perfume-bottles.com\/fr\/produit\/30ml-50ml-100ml-volcanic-base-perfume-bottle-manufacturer\/","title":{"rendered":"Fabricant de flacons de parfum \u00e0 base volcanique de 30 ml, 50 ml et 100 ml"},"content":{"rendered":"<table>\n<tbody>\n<tr>\n<td width=\"158\">Nom du produit<\/td>\n<td width=\"591\">Flacon de parfum \u00e0 base volcanique<\/td>\n<\/tr>\n<tr>\n<td width=\"158\">Capacit\u00e9<\/td>\n<td width=\"591\">Embout serti (autres tailles disponibles)<\/td>\n<\/tr>\n<tr>\n<td width=\"158\">Taille<\/td>\n<td width=\"591\">30ml\uff1a45x96mm<\/p>\n<p>50ml\uff1a50x104mm<\/p>\n<p>100ml\uff1a60x118mm<\/td>\n<\/tr>\n<tr>\n<td width=\"158\">Poids<\/td>\n<td width=\"591\">30ml:150g<\/p>\n<p>50ml:200g<\/p>\n<p>100ml:300g<\/td>\n<\/tr>\n<tr>\n<td width=\"158\">Mat\u00e9riel<\/td>\n<td width=\"591\">Verre blanc cristal<\/td>\n<\/tr>\n<tr>\n<td width=\"158\">Couleur du corps<\/td>\n<td width=\"591\">Transparent, rouge, noir, bleu, d\u00e9poli, vert, rose ou couleur personnalis\u00e9e<\/td>\n<\/tr>\n<tr>\n<td width=\"158\">Manutention de surface<\/td>\n<td width=\"591\">S\/S, H\/S, givr\u00e9, m\u00e9tallis\u00e9, flocage, holographique, rev\u00eatement en marbre, nacr\u00e9, etc.<\/td>\n<\/tr>\n<tr>\n<td width=\"158\">Usage<\/td>\n<td width=\"591\">Emballage d&#039;huile d&#039;aromath\u00e9rapie\/huile essentielle\/d\u00e9odorant\/d\u00e9sodorisant\/parfum\/s\u00e9rum\/huile essentielle\/toner<\/td>\n<\/tr>\n<tr>\n<td width=\"158\">Emballage<\/td>\n<td width=\"591\">Carton d&#039;exportation puis palette en contreplaqu\u00e9,<\/td>\n<\/tr>\n<tr>\n<td width=\"158\">Quantit\u00e9 minimale de commande<\/td>\n<td width=\"591\">2 000 pi\u00e8ces (car il existe une conception personnalis\u00e9e)<\/td>\n<\/tr>\n<tr>\n<td width=\"158\">\u00c9chantillon<\/td>\n<td width=\"591\">\u00c9chantillon gratuit, frais de transport n\u00e9cessaires.<\/td>\n<\/tr>\n<tr>\n<td width=\"158\">Transport<\/td>\n<td width=\"591\">FedEx\/DHL\/EMS\/UPS\/TNT\/Par mer\/Par avion, etc.<\/td>\n<\/tr>\n<tr>\n<td width=\"158\">Mode de paiement<\/td>\n<td width=\"591\">Virement bancaire, L\/C, Western Union, Money Gram, Paypal, etc.<\/td>\n<\/tr>\n<tr>\n<td width=\"158\">D\u00e9lai de livraison<\/td>\n<td width=\"591\">\u00c9chantillon 1 \u00e0 2 jours, production de commande 20 \u00e0 45 jours selon les d\u00e9tails de la commande.<\/td>\n<\/tr>\n<tr>\n<td width=\"158\">Service<\/td>\n<td width=\"591\">Service OEM et ODM, service de conception, solution unique<\/td>\n<\/tr>\n<\/tbody>\n<\/table>\n<p>&nbsp;<\/p>\n<p><a href=\"https:\/\/www.hyglassbottles.com\/product\/50ml-Hexagonal-glass-perfume-bottle-wholesale-suppliers.html\">Flacon de parfum \u00e0 base volcanique<\/a> Made of crystal white thickened glass, the bottle is not easily broken, is environmentally friendly and recyclable, and features a snap-on spout for easy filling and a strong seal.<\/p>\n<p>Forme rectangulaire plate unique, surface acceptant les proc\u00e9d\u00e9s de personnalisation suivants\u00a0: marquage \u00e0 chaud, flocage, rev\u00eatement de couleur, rev\u00eatement marbr\u00e9, m\u00e9tallisation, rev\u00eatement holographique, etc.\u00a0; les petites quantit\u00e9s sont possibles.<\/p>\n<p>HY GLASS en tant que professionnel <a href=\"https:\/\/glass-perfume-bottles.com\/fr\/luxury-50ml-square-fire-polish-perfume-bottle-supplier\/\">bouteille de parfum en verre<\/a> L&#039;usine a produit 2 000 types de flacons de parfum en verre de formes diff\u00e9rentes pour un client.<\/p>\n<p>Nous avons \u00e9galement une capacit\u00e9 de production de 30 ml, 50 ml et 100 ml et pouvons personnaliser des bouteilles de forme et de capacit\u00e9 quelconques pour vous.<\/p>\n<p>Nous disposons d&#039;une \u00e9quipe de conception professionnelle et d&#039;un service de contr\u00f4le qualit\u00e9 rigoureux qui veillent \u00e0 ce que votre produit stable et de haute qualit\u00e9 se d\u00e9marque de la concurrence.<\/p>","protected":false},"excerpt":{"rendered":"<p><a href=\"https:\/\/www.hyglassbottles.com\/product\/50ml-Hexagonal-glass-perfume-bottle-wholesale-suppliers.html\">Flacon de parfum \u00e0 base volcanique<\/a> Made of crystal white thickened glass, the bottle is not easily broken, is environmentally friendly and recyclable, and features a snap-on spout for easy filling and a strong seal.<\/p>","protected":false},"featured_media":3158,"comment_status":"open","ping_status":"closed","template":"","meta":{"_kad_blocks_custom_css":"","_kad_blocks_head_custom_js":"","_kad_blocks_body_custom_js":"","_kad_blocks_footer_custom_js":"","_kad_post_transparent":"default","_kad_post_title":"","_kad_post_layout":"default","_kad_post_sidebar_id":"","_kad_post_content_style":"default","_kad_post_vertical_padding":"default","_kad_post_feature":"","_kad_post_feature_position":"","_kad_post_header":false,"_kad_post_footer":false,"_joinchat":[]},"product_brand":[],"product_cat":[51],"product_tag":[498,156,496,495,358,497],"class_list":{"0":"post-3157","1":"product","2":"type-product","3":"status-publish","4":"has-post-thumbnail","6":"product_cat-glass-perfume-bottles","7":"product_tag-custom-perfume-bottle-design","8":"product_tag-luxury-perfume-bottle-supplier","9":"product_tag-oem-odm-perfume-bottle","10":"product_tag-perfume-bottles-vials","11":"product_tag-premium-perfume-bottle-portable","12":"product_tag-volcanic-base-perfume-bottle","14":"first","15":"instock","16":"shipping-taxable","17":"product-type-simple","18":"entry","19":"content-bg","20":"loop-entry"},"yoast_head":"<!-- This site is optimized with the Yoast SEO Premium plugin v20.5 (Yoast SEO v24.2) - https:\/\/yoast.com\/wordpress\/plugins\/seo\/ -->\n<title>30ml 50ml 100ml Volcanic base perfume bottle manufacturer<\/title>\n<meta name=\"description\" content=\"Volcanic base perfume bottle Made of crystal white thickened glass, the bottle is not easily broken\" \/>\n<meta name=\"robots\" content=\"index, follow, max-snippet:-1, max-image-preview:large, max-video-preview:-1\" \/>\n<link rel=\"canonical\" href=\"https:\/\/glass-perfume-bottles.com\/fr\/produit\/30ml-50ml-100ml-volcanic-base-perfume-bottle-manufacturer\/\" \/>\n<meta property=\"og:locale\" content=\"fr_FR\" \/>\n<meta property=\"og:type\" content=\"article\" \/>\n<meta property=\"og:title\" content=\"30ml 50ml 100ml Volcanic base perfume bottle manufacturer\" \/>\n<meta property=\"og:description\" content=\"Volcanic base perfume bottle Made of crystal white thickened glass, the bottle is not easily broken\" \/>\n<meta property=\"og:url\" content=\"https:\/\/glass-perfume-bottles.com\/fr\/produit\/30ml-50ml-100ml-volcanic-base-perfume-bottle-manufacturer\/\" \/>\n<meta property=\"og:site_name\" content=\"HY GLASS\" \/>\n<meta property=\"article:modified_time\" content=\"2026-01-10T14:20:49+00:00\" \/>\n<meta property=\"og:image\" content=\"https:\/\/glass-perfume-bottles.com\/wp-content\/uploads\/2026\/01\/30ml-50ml-100ml-Glass-perfume-bottle.jpg\" \/>\n\t<meta property=\"og:image:width\" content=\"720\" \/>\n\t<meta property=\"og:image:height\" content=\"720\" \/>\n\t<meta property=\"og:image:type\" content=\"image\/jpeg\" \/>\n<meta name=\"twitter:card\" content=\"summary_large_image\" \/>\n<meta name=\"twitter:label1\" content=\"Dur\u00e9e de lecture estim\u00e9e\" \/>\n\t<meta name=\"twitter:data1\" content=\"2 minutes\" \/>\n<script type=\"application\/ld+json\" class=\"yoast-schema-graph\">{\"@context\":\"https:\/\/schema.org\",\"@graph\":[{\"@type\":\"WebPage\",\"@id\":\"https:\/\/glass-perfume-bottles.com\/product\/30ml-50ml-100ml-volcanic-base-perfume-bottle-manufacturer\/\",\"url\":\"https:\/\/glass-perfume-bottles.com\/product\/30ml-50ml-100ml-volcanic-base-perfume-bottle-manufacturer\/\",\"name\":\"30ml 50ml 100ml Volcanic base perfume bottle manufacturer\",\"isPartOf\":{\"@id\":\"https:\/\/glass-perfume-bottles.com\/#website\"},\"primaryImageOfPage\":{\"@id\":\"https:\/\/glass-perfume-bottles.com\/product\/30ml-50ml-100ml-volcanic-base-perfume-bottle-manufacturer\/#primaryimage\"},\"image\":{\"@id\":\"https:\/\/glass-perfume-bottles.com\/product\/30ml-50ml-100ml-volcanic-base-perfume-bottle-manufacturer\/#primaryimage\"},\"thumbnailUrl\":\"https:\/\/glass-perfume-bottles.com\/wp-content\/uploads\/2026\/01\/30ml-50ml-100ml-Glass-perfume-bottle.jpg\",\"datePublished\":\"2026-01-10T14:08:14+00:00\",\"dateModified\":\"2026-01-10T14:20:49+00:00\",\"description\":\"Volcanic base perfume bottle Made of crystal white thickened glass, the bottle is not easily broken\",\"breadcrumb\":{\"@id\":\"https:\/\/glass-perfume-bottles.com\/product\/30ml-50ml-100ml-volcanic-base-perfume-bottle-manufacturer\/#breadcrumb\"},\"inLanguage\":\"fr-FR\",\"potentialAction\":[{\"@type\":\"ReadAction\",\"target\":[\"https:\/\/glass-perfume-bottles.com\/product\/30ml-50ml-100ml-volcanic-base-perfume-bottle-manufacturer\/\"]}]},{\"@type\":\"ImageObject\",\"inLanguage\":\"fr-FR\",\"@id\":\"https:\/\/glass-perfume-bottles.com\/product\/30ml-50ml-100ml-volcanic-base-perfume-bottle-manufacturer\/#primaryimage\",\"url\":\"https:\/\/glass-perfume-bottles.com\/wp-content\/uploads\/2026\/01\/30ml-50ml-100ml-Glass-perfume-bottle.jpg\",\"contentUrl\":\"https:\/\/glass-perfume-bottles.com\/wp-content\/uploads\/2026\/01\/30ml-50ml-100ml-Glass-perfume-bottle.jpg\",\"width\":720,\"height\":720,\"caption\":\"Volcanic base perfume bottle Made of crystal white thickened glass, the bottle is not easily broken, is environmentally friendly and recyclable, and features a snap-on spout for easy filling and a strong seal.\"},{\"@type\":\"BreadcrumbList\",\"@id\":\"https:\/\/glass-perfume-bottles.com\/product\/30ml-50ml-100ml-volcanic-base-perfume-bottle-manufacturer\/#breadcrumb\",\"itemListElement\":[{\"@type\":\"ListItem\",\"position\":1,\"name\":\"Home\",\"item\":\"https:\/\/glass-perfume-bottles.com\/\"},{\"@type\":\"ListItem\",\"position\":2,\"name\":\"Product\",\"item\":\"https:\/\/glass-perfume-bottles.com\/custom-made-perfume-bottle-suppliers-and-wholesale\/\"},{\"@type\":\"ListItem\",\"position\":3,\"name\":\"30ml 50ml 100ml Volcanic base perfume bottle manufacturer\"}]},{\"@type\":\"WebSite\",\"@id\":\"https:\/\/glass-perfume-bottles.com\/#website\",\"url\":\"https:\/\/glass-perfume-bottles.com\/\",\"name\":\"HY GLASS\",\"description\":\"glass perfume bottle manufacturers &amp; suppliers, aroma reed diffuser bottle wholesale &amp; suppliers\",\"publisher\":{\"@id\":\"https:\/\/glass-perfume-bottles.com\/#organization\"},\"potentialAction\":[{\"@type\":\"SearchAction\",\"target\":{\"@type\":\"EntryPoint\",\"urlTemplate\":\"https:\/\/glass-perfume-bottles.com\/?s={search_term_string}\"},\"query-input\":{\"@type\":\"PropertyValueSpecification\",\"valueRequired\":true,\"valueName\":\"search_term_string\"}}],\"inLanguage\":\"fr-FR\"},{\"@type\":\"Organization\",\"@id\":\"https:\/\/glass-perfume-bottles.com\/#organization\",\"name\":\"HY GLASS\",\"url\":\"https:\/\/glass-perfume-bottles.com\/\",\"logo\":{\"@type\":\"ImageObject\",\"inLanguage\":\"fr-FR\",\"@id\":\"https:\/\/glass-perfume-bottles.com\/#\/schema\/logo\/image\/\",\"url\":\"https:\/\/glass-perfume-bottles.com\/wp-content\/uploads\/2023\/09\/logo21.png\",\"contentUrl\":\"https:\/\/glass-perfume-bottles.com\/wp-content\/uploads\/2023\/09\/logo21.png\",\"width\":342,\"height\":268,\"caption\":\"HY GLASS\"},\"image\":{\"@id\":\"https:\/\/glass-perfume-bottles.com\/#\/schema\/logo\/image\/\"}}]}<\/script>\n<!-- \/ Yoast SEO Premium plugin. -->","yoast_head_json":{"title":"30ml 50ml 100ml Volcanic base perfume bottle manufacturer","description":"Volcanic base perfume bottle Made of crystal white thickened glass, the bottle is not easily broken","robots":{"index":"index","follow":"follow","max-snippet":"max-snippet:-1","max-image-preview":"max-image-preview:large","max-video-preview":"max-video-preview:-1"},"canonical":"https:\/\/glass-perfume-bottles.com\/fr\/produit\/30ml-50ml-100ml-volcanic-base-perfume-bottle-manufacturer\/","og_locale":"fr_FR","og_type":"article","og_title":"30ml 50ml 100ml Volcanic base perfume bottle manufacturer","og_description":"Volcanic base perfume bottle Made of crystal white thickened glass, the bottle is not easily broken","og_url":"https:\/\/glass-perfume-bottles.com\/fr\/produit\/30ml-50ml-100ml-volcanic-base-perfume-bottle-manufacturer\/","og_site_name":"HY GLASS","article_modified_time":"2026-01-10T14:20:49+00:00","og_image":[{"width":720,"height":720,"url":"https:\/\/glass-perfume-bottles.com\/wp-content\/uploads\/2026\/01\/30ml-50ml-100ml-Glass-perfume-bottle.jpg","type":"image\/jpeg"}],"twitter_card":"summary_large_image","twitter_misc":{"Dur\u00e9e de lecture estim\u00e9e":"2 minutes"},"schema":{"@context":"https:\/\/schema.org","@graph":[{"@type":"WebPage","@id":"https:\/\/glass-perfume-bottles.com\/product\/30ml-50ml-100ml-volcanic-base-perfume-bottle-manufacturer\/","url":"https:\/\/glass-perfume-bottles.com\/product\/30ml-50ml-100ml-volcanic-base-perfume-bottle-manufacturer\/","name":"30ml 50ml 100ml Volcanic base perfume bottle manufacturer","isPartOf":{"@id":"https:\/\/glass-perfume-bottles.com\/#website"},"primaryImageOfPage":{"@id":"https:\/\/glass-perfume-bottles.com\/product\/30ml-50ml-100ml-volcanic-base-perfume-bottle-manufacturer\/#primaryimage"},"image":{"@id":"https:\/\/glass-perfume-bottles.com\/product\/30ml-50ml-100ml-volcanic-base-perfume-bottle-manufacturer\/#primaryimage"},"thumbnailUrl":"https:\/\/glass-perfume-bottles.com\/wp-content\/uploads\/2026\/01\/30ml-50ml-100ml-Glass-perfume-bottle.jpg","datePublished":"2026-01-10T14:08:14+00:00","dateModified":"2026-01-10T14:20:49+00:00","description":"Volcanic base perfume bottle Made of crystal white thickened glass, the bottle is not easily broken","breadcrumb":{"@id":"https:\/\/glass-perfume-bottles.com\/product\/30ml-50ml-100ml-volcanic-base-perfume-bottle-manufacturer\/#breadcrumb"},"inLanguage":"fr-FR","potentialAction":[{"@type":"ReadAction","target":["https:\/\/glass-perfume-bottles.com\/product\/30ml-50ml-100ml-volcanic-base-perfume-bottle-manufacturer\/"]}]},{"@type":"ImageObject","inLanguage":"fr-FR","@id":"https:\/\/glass-perfume-bottles.com\/product\/30ml-50ml-100ml-volcanic-base-perfume-bottle-manufacturer\/#primaryimage","url":"https:\/\/glass-perfume-bottles.com\/wp-content\/uploads\/2026\/01\/30ml-50ml-100ml-Glass-perfume-bottle.jpg","contentUrl":"https:\/\/glass-perfume-bottles.com\/wp-content\/uploads\/2026\/01\/30ml-50ml-100ml-Glass-perfume-bottle.jpg","width":720,"height":720,"caption":"Volcanic base perfume bottle Made of crystal white thickened glass, the bottle is not easily broken, is environmentally friendly and recyclable, and features a snap-on spout for easy filling and a strong seal."},{"@type":"BreadcrumbList","@id":"https:\/\/glass-perfume-bottles.com\/product\/30ml-50ml-100ml-volcanic-base-perfume-bottle-manufacturer\/#breadcrumb","itemListElement":[{"@type":"ListItem","position":1,"name":"Home","item":"https:\/\/glass-perfume-bottles.com\/"},{"@type":"ListItem","position":2,"name":"Product","item":"https:\/\/glass-perfume-bottles.com\/custom-made-perfume-bottle-suppliers-and-wholesale\/"},{"@type":"ListItem","position":3,"name":"30ml 50ml 100ml Volcanic base perfume bottle manufacturer"}]},{"@type":"WebSite","@id":"https:\/\/glass-perfume-bottles.com\/#website","url":"https:\/\/glass-perfume-bottles.com\/","name":"HY GLASS","description":"glass perfume bottle manufacturers &amp; suppliers, aroma reed diffuser bottle wholesale &amp; suppliers","publisher":{"@id":"https:\/\/glass-perfume-bottles.com\/#organization"},"potentialAction":[{"@type":"SearchAction","target":{"@type":"EntryPoint","urlTemplate":"https:\/\/glass-perfume-bottles.com\/?s={search_term_string}"},"query-input":{"@type":"PropertyValueSpecification","valueRequired":true,"valueName":"search_term_string"}}],"inLanguage":"fr-FR"},{"@type":"Organization","@id":"https:\/\/glass-perfume-bottles.com\/#organization","name":"HY GLASS","url":"https:\/\/glass-perfume-bottles.com\/","logo":{"@type":"ImageObject","inLanguage":"fr-FR","@id":"https:\/\/glass-perfume-bottles.com\/#\/schema\/logo\/image\/","url":"https:\/\/glass-perfume-bottles.com\/wp-content\/uploads\/2023\/09\/logo21.png","contentUrl":"https:\/\/glass-perfume-bottles.com\/wp-content\/uploads\/2023\/09\/logo21.png","width":342,"height":268,"caption":"HY GLASS"},"image":{"@id":"https:\/\/glass-perfume-bottles.com\/#\/schema\/logo\/image\/"}}]}},"taxonomy_info":{"product_cat":[{"value":51,"label":"Glass Perfume Bottle"}],"product_tag":[{"value":498,"label":"Custom Perfume Bottle Design"},{"value":156,"label":"Luxury perfume bottle supplier"},{"value":496,"label":"OEM ODM Perfume Bottle"},{"value":495,"label":"perfume bottles &amp; vials"},{"value":358,"label":"Premium Perfume Bottle Portable"},{"value":497,"label":"Volcanic base perfume bottle"}]},"featured_image_src_large":["https:\/\/glass-perfume-bottles.com\/wp-content\/uploads\/2026\/01\/30ml-50ml-100ml-Glass-perfume-bottle.jpg",720,720,false],"author_info":[],"comment_info":0,"_links":{"self":[{"href":"https:\/\/glass-perfume-bottles.com\/fr\/wp-json\/wp\/v2\/product\/3157","targetHints":{"allow":["GET"]}}],"collection":[{"href":"https:\/\/glass-perfume-bottles.com\/fr\/wp-json\/wp\/v2\/product"}],"about":[{"href":"https:\/\/glass-perfume-bottles.com\/fr\/wp-json\/wp\/v2\/types\/product"}],"replies":[{"embeddable":true,"href":"https:\/\/glass-perfume-bottles.com\/fr\/wp-json\/wp\/v2\/comments?post=3157"}],"wp:featuredmedia":[{"embeddable":true,"href":"https:\/\/glass-perfume-bottles.com\/fr\/wp-json\/wp\/v2\/media\/3158"}],"wp:attachment":[{"href":"https:\/\/glass-perfume-bottles.com\/fr\/wp-json\/wp\/v2\/media?parent=3157"}],"wp:term":[{"taxonomy":"product_brand","embeddable":true,"href":"https:\/\/glass-perfume-bottles.com\/fr\/wp-json\/wp\/v2\/product_brand?post=3157"},{"taxonomy":"product_cat","embeddable":true,"href":"https:\/\/glass-perfume-bottles.com\/fr\/wp-json\/wp\/v2\/product_cat?post=3157"},{"taxonomy":"product_tag","embeddable":true,"href":"https:\/\/glass-perfume-bottles.com\/fr\/wp-json\/wp\/v2\/product_tag?post=3157"}],"curies":[{"name":"wp","href":"https:\/\/api.w.org\/{rel}","templated":true}]}}