{"id":3175,"date":"2026-01-23T10:17:05","date_gmt":"2026-01-23T10:17:05","guid":{"rendered":"https:\/\/glass-perfume-bottles.com\/?post_type=product&#038;p=3175"},"modified":"2026-01-23T10:28:11","modified_gmt":"2026-01-23T10:28:11","slug":"50ml-1-7oz-thick-tall-cylinder-perfume-bottles-wholesale-suppliers","status":"publish","type":"product","link":"https:\/\/glass-perfume-bottles.com\/fr\/produit\/50ml-1-7oz-thick-tall-cylinder-perfume-bottles-wholesale-suppliers\/","title":{"rendered":"Flacons de parfum cylindriques hauts et \u00e9pais de 50 ml (1,7 oz)"},"content":{"rendered":"<table>\n<tbody>\n<tr>\n<td width=\"158\">Nom du produit<\/td>\n<td width=\"591\">Flacons de parfum cylindriques \u00e9pais et hauts<\/td>\n<\/tr>\n<tr>\n<td width=\"158\">Capacit\u00e9<\/td>\n<td width=\"591\">50 ml ou autre format sur mesure<\/td>\n<\/tr>\n<tr>\n<td width=\"158\">Taille<\/td>\n<td width=\"591\">55 x 100 mm<\/td>\n<\/tr>\n<tr>\n<td width=\"158\">Poids<\/td>\n<td width=\"591\">120g<\/td>\n<\/tr>\n<tr>\n<td width=\"158\">Mat\u00e9riel<\/td>\n<td width=\"591\">\u00a0Verre blanc cristal<\/td>\n<\/tr>\n<tr>\n<td width=\"158\">Couleur du corps<\/td>\n<td width=\"591\">Transparent, d\u00e9poli, rouge, noir, bleu, vert, rose ou couleur personnalis\u00e9e<\/td>\n<\/tr>\n<tr>\n<td width=\"158\">Manutention de surface<\/td>\n<td width=\"591\">S\u00e9rigraphie, marquage \u00e0 chaud, d\u00e9polissage, m\u00e9tallisation, flocage, holographie, rev\u00eatement marbr\u00e9, d\u00e9calcomanie, etc.<\/td>\n<\/tr>\n<tr>\n<td width=\"158\">Usage<\/td>\n<td width=\"591\">\u00a0Emballage d&#039;huile de parfum\/huile essentielle\/d\u00e9odorant\/d\u00e9sodorisant\/parfum\/s\u00e9rum\/huile essentielle\/toner<\/td>\n<\/tr>\n<tr>\n<td width=\"158\">Emballage<\/td>\n<td width=\"591\">Carton d&#039;exportation puis palette en contreplaqu\u00e9,<\/td>\n<\/tr>\n<tr>\n<td width=\"158\">Quantit\u00e9 minimale de commande<\/td>\n<td width=\"591\">1 000 pi\u00e8ces (car il existe une conception personnalis\u00e9e)<\/td>\n<\/tr>\n<tr>\n<td width=\"158\">\u00c9chantillon<\/td>\n<td width=\"591\">\u00c9chantillon gratuit, frais de transport n\u00e9cessaires.<\/td>\n<\/tr>\n<tr>\n<td width=\"158\">Transport<\/td>\n<td width=\"591\">FedEx\/DHL\/EMS\/UPS\/TNT\/Par mer\/Par avion, etc.<\/td>\n<\/tr>\n<tr>\n<td width=\"158\">Mode de paiement<\/td>\n<td width=\"591\">Virement bancaire, L\/C, Western Union, Money Gram, Paypal, etc.<\/td>\n<\/tr>\n<tr>\n<td width=\"158\">D\u00e9lai de livraison<\/td>\n<td width=\"591\">\u00c9chantillon 1 \u00e0 2 jours, production de commande 20 \u00e0 45 jours selon les d\u00e9tails de la commande.<\/td>\n<\/tr>\n<tr>\n<td width=\"158\">Service<\/td>\n<td width=\"591\">Service de bouteilles en verre OEM et ODM, service de conception, solution unique<\/td>\n<\/tr>\n<\/tbody>\n<\/table>\n<p>Les flacons de parfum cylindriques \u00e9pais et hauts sont haut de gamme. <a href=\"https:\/\/glass-perfume-bottles.com\/fr\/produit\/customize-200ml-glacier-base-diffuser-bottle-suppliers\/\">contenants de parfum durables<\/a> Fabriqu\u00e9 en verre \u00e9pais et lourd, ce flacon arbore un profil \u00e9l\u00e9gant et \u00e9troit. Il est g\u00e9n\u00e9ralement disponible en contenances de 50 ml et 100 ml. Ces flacons de parfum haut de gamme sont dot\u00e9s d&#039;une base massive et d&#039;un vaporisateur \u00e0 brume fine en or ou en argent. Leur syst\u00e8me de remplissage par vis est id\u00e9al pour les voyages et un usage professionnel.<\/p>\n<p>Comme le verre <a href=\"https:\/\/www.hyglassbottles.com\/product\/Exquisite-50ml-cylinder-perfume-bottle-in-stock.html\">entreprise de fabrication de flacons de parfum<\/a>Nous sommes le partenaire de confiance des marques de beaut\u00e9 du monde entier en mati\u00e8re d&#039;emballages cosm\u00e9tiques, de parfums et de mati\u00e8res premi\u00e8res. Plus qu&#039;un simple partenaire, nous collaborons \u00e9troitement avec nos clients pour concr\u00e9tiser leurs visions cr\u00e9atives. De la conception au d\u00e9veloppement, en passant par la fabrication et l&#039;approvisionnement, nous donnons vie \u00e0 vos id\u00e9es. Forts de notre expertise en emballages de parfums et de cosm\u00e9tiques, nous accompagnons vos marques dans la cr\u00e9ation de produits qui refl\u00e8tent fid\u00e8lement leur identit\u00e9 et r\u00e9pondent aux exigences du march\u00e9. Si vous \u00eates int\u00e9ress\u00e9 par des flacons de parfum cylindriques et \u00e9pais, n&#039;h\u00e9sitez pas \u00e0 nous contacter\u00a0!<\/p>\n<p>&nbsp;<\/p>","protected":false},"excerpt":{"rendered":"<p>Si vous \u00eates int\u00e9ress\u00e9 par des flacons de parfum cylindriques hauts et \u00e9pais de 50 ml (1,7 oz), veuillez nous envoyer une demande !<\/p>","protected":false},"featured_media":3176,"comment_status":"open","ping_status":"closed","template":"","meta":{"_kad_blocks_custom_css":"","_kad_blocks_head_custom_js":"","_kad_blocks_body_custom_js":"","_kad_blocks_footer_custom_js":"","_kad_post_transparent":"default","_kad_post_title":"","_kad_post_layout":"default","_kad_post_sidebar_id":"","_kad_post_content_style":"default","_kad_post_vertical_padding":"default","_kad_post_feature":"","_kad_post_feature_position":"","_kad_post_header":false,"_kad_post_footer":false,"_joinchat":[]},"product_brand":[],"product_cat":[51],"product_tag":[513,512,514],"class_list":{"0":"post-3175","1":"product","2":"type-product","3":"status-publish","4":"has-post-thumbnail","6":"product_cat-glass-perfume-bottles","7":"product_tag-200ml-glacier-base-aroma-reed-diffuser-bottle-manufacturer","8":"product_tag-glacier-base-diffuser-bottle-suppliers","9":"product_tag-iceberg-base-aroma-diffuser-bottle-wholesale","11":"first","12":"instock","13":"shipping-taxable","14":"product-type-simple","15":"entry","16":"content-bg","17":"loop-entry"},"yoast_head":"<!-- This site is optimized with the Yoast SEO Premium plugin v20.5 (Yoast SEO v24.2) - https:\/\/yoast.com\/wordpress\/plugins\/seo\/ -->\n<title>Thick tall cylinder perfume bottles manufacturer and supplier<\/title>\n<meta name=\"description\" content=\"As the glass perfume bottle manufacturing company, we can produce and export you high quality 50ml 1.7oz thick tall cylinder perfume bottles.\" \/>\n<meta name=\"robots\" content=\"index, follow, max-snippet:-1, max-image-preview:large, max-video-preview:-1\" \/>\n<link rel=\"canonical\" href=\"https:\/\/glass-perfume-bottles.com\/fr\/produit\/50ml-1-7oz-thick-tall-cylinder-perfume-bottles-wholesale-suppliers\/\" \/>\n<meta property=\"og:locale\" content=\"fr_FR\" \/>\n<meta property=\"og:type\" content=\"article\" \/>\n<meta property=\"og:title\" content=\"50ml 1.7oz thick tall cylinder perfume bottles\" \/>\n<meta property=\"og:description\" content=\"As the glass perfume bottle manufacturing company, we can produce and export you high quality 50ml 1.7oz thick tall cylinder perfume bottles.\" \/>\n<meta property=\"og:url\" content=\"https:\/\/glass-perfume-bottles.com\/fr\/produit\/50ml-1-7oz-thick-tall-cylinder-perfume-bottles-wholesale-suppliers\/\" \/>\n<meta property=\"og:site_name\" content=\"HY GLASS\" \/>\n<meta property=\"article:modified_time\" content=\"2026-01-23T10:28:11+00:00\" \/>\n<meta property=\"og:image\" content=\"https:\/\/glass-perfume-bottles.com\/wp-content\/uploads\/2026\/01\/Thick-Tall-Cylinder-Perfume-Bottles.jpg\" \/>\n\t<meta property=\"og:image:width\" content=\"720\" \/>\n\t<meta property=\"og:image:height\" content=\"720\" \/>\n\t<meta property=\"og:image:type\" content=\"image\/jpeg\" \/>\n<meta name=\"twitter:card\" content=\"summary_large_image\" \/>\n<meta name=\"twitter:label1\" content=\"Dur\u00e9e de lecture estim\u00e9e\" \/>\n\t<meta name=\"twitter:data1\" content=\"2 minutes\" \/>\n<script type=\"application\/ld+json\" class=\"yoast-schema-graph\">{\"@context\":\"https:\/\/schema.org\",\"@graph\":[{\"@type\":\"WebPage\",\"@id\":\"https:\/\/glass-perfume-bottles.com\/product\/50ml-1-7oz-thick-tall-cylinder-perfume-bottles-wholesale-suppliers\/\",\"url\":\"https:\/\/glass-perfume-bottles.com\/product\/50ml-1-7oz-thick-tall-cylinder-perfume-bottles-wholesale-suppliers\/\",\"name\":\"Thick tall cylinder perfume bottles manufacturer and supplier\",\"isPartOf\":{\"@id\":\"https:\/\/glass-perfume-bottles.com\/#website\"},\"primaryImageOfPage\":{\"@id\":\"https:\/\/glass-perfume-bottles.com\/product\/50ml-1-7oz-thick-tall-cylinder-perfume-bottles-wholesale-suppliers\/#primaryimage\"},\"image\":{\"@id\":\"https:\/\/glass-perfume-bottles.com\/product\/50ml-1-7oz-thick-tall-cylinder-perfume-bottles-wholesale-suppliers\/#primaryimage\"},\"thumbnailUrl\":\"https:\/\/glass-perfume-bottles.com\/wp-content\/uploads\/2026\/01\/Thick-Tall-Cylinder-Perfume-Bottles.jpg\",\"datePublished\":\"2026-01-23T10:17:05+00:00\",\"dateModified\":\"2026-01-23T10:28:11+00:00\",\"description\":\"As the glass perfume bottle manufacturing company, we can produce and export you high quality 50ml 1.7oz thick tall cylinder perfume bottles.\",\"breadcrumb\":{\"@id\":\"https:\/\/glass-perfume-bottles.com\/product\/50ml-1-7oz-thick-tall-cylinder-perfume-bottles-wholesale-suppliers\/#breadcrumb\"},\"inLanguage\":\"fr-FR\",\"potentialAction\":[{\"@type\":\"ReadAction\",\"target\":[\"https:\/\/glass-perfume-bottles.com\/product\/50ml-1-7oz-thick-tall-cylinder-perfume-bottles-wholesale-suppliers\/\"]}]},{\"@type\":\"ImageObject\",\"inLanguage\":\"fr-FR\",\"@id\":\"https:\/\/glass-perfume-bottles.com\/product\/50ml-1-7oz-thick-tall-cylinder-perfume-bottles-wholesale-suppliers\/#primaryimage\",\"url\":\"https:\/\/glass-perfume-bottles.com\/wp-content\/uploads\/2026\/01\/Thick-Tall-Cylinder-Perfume-Bottles.jpg\",\"contentUrl\":\"https:\/\/glass-perfume-bottles.com\/wp-content\/uploads\/2026\/01\/Thick-Tall-Cylinder-Perfume-Bottles.jpg\",\"width\":720,\"height\":720,\"caption\":\"Thick tall cylinder perfume bottles manufacturer, 50ml heave base glass perfume bottle suppliers, heavy base cylinder glass bottle wholesale\"},{\"@type\":\"BreadcrumbList\",\"@id\":\"https:\/\/glass-perfume-bottles.com\/product\/50ml-1-7oz-thick-tall-cylinder-perfume-bottles-wholesale-suppliers\/#breadcrumb\",\"itemListElement\":[{\"@type\":\"ListItem\",\"position\":1,\"name\":\"Home\",\"item\":\"https:\/\/glass-perfume-bottles.com\/\"},{\"@type\":\"ListItem\",\"position\":2,\"name\":\"Product\",\"item\":\"https:\/\/glass-perfume-bottles.com\/custom-made-perfume-bottle-suppliers-and-wholesale\/\"},{\"@type\":\"ListItem\",\"position\":3,\"name\":\"50ml 1.7oz thick tall cylinder perfume bottles\"}]},{\"@type\":\"WebSite\",\"@id\":\"https:\/\/glass-perfume-bottles.com\/#website\",\"url\":\"https:\/\/glass-perfume-bottles.com\/\",\"name\":\"HY GLASS\",\"description\":\"glass perfume bottle manufacturers &amp; suppliers, aroma reed diffuser bottle wholesale &amp; suppliers\",\"publisher\":{\"@id\":\"https:\/\/glass-perfume-bottles.com\/#organization\"},\"potentialAction\":[{\"@type\":\"SearchAction\",\"target\":{\"@type\":\"EntryPoint\",\"urlTemplate\":\"https:\/\/glass-perfume-bottles.com\/?s={search_term_string}\"},\"query-input\":{\"@type\":\"PropertyValueSpecification\",\"valueRequired\":true,\"valueName\":\"search_term_string\"}}],\"inLanguage\":\"fr-FR\"},{\"@type\":\"Organization\",\"@id\":\"https:\/\/glass-perfume-bottles.com\/#organization\",\"name\":\"HY GLASS\",\"url\":\"https:\/\/glass-perfume-bottles.com\/\",\"logo\":{\"@type\":\"ImageObject\",\"inLanguage\":\"fr-FR\",\"@id\":\"https:\/\/glass-perfume-bottles.com\/#\/schema\/logo\/image\/\",\"url\":\"https:\/\/glass-perfume-bottles.com\/wp-content\/uploads\/2023\/09\/logo21.png\",\"contentUrl\":\"https:\/\/glass-perfume-bottles.com\/wp-content\/uploads\/2023\/09\/logo21.png\",\"width\":342,\"height\":268,\"caption\":\"HY GLASS\"},\"image\":{\"@id\":\"https:\/\/glass-perfume-bottles.com\/#\/schema\/logo\/image\/\"}}]}<\/script>\n<!-- \/ Yoast SEO Premium plugin. -->","yoast_head_json":{"title":"Thick tall cylinder perfume bottles manufacturer and supplier","description":"As the glass perfume bottle manufacturing company, we can produce and export you high quality 50ml 1.7oz thick tall cylinder perfume bottles.","robots":{"index":"index","follow":"follow","max-snippet":"max-snippet:-1","max-image-preview":"max-image-preview:large","max-video-preview":"max-video-preview:-1"},"canonical":"https:\/\/glass-perfume-bottles.com\/fr\/produit\/50ml-1-7oz-thick-tall-cylinder-perfume-bottles-wholesale-suppliers\/","og_locale":"fr_FR","og_type":"article","og_title":"50ml 1.7oz thick tall cylinder perfume bottles","og_description":"As the glass perfume bottle manufacturing company, we can produce and export you high quality 50ml 1.7oz thick tall cylinder perfume bottles.","og_url":"https:\/\/glass-perfume-bottles.com\/fr\/produit\/50ml-1-7oz-thick-tall-cylinder-perfume-bottles-wholesale-suppliers\/","og_site_name":"HY GLASS","article_modified_time":"2026-01-23T10:28:11+00:00","og_image":[{"width":720,"height":720,"url":"https:\/\/glass-perfume-bottles.com\/wp-content\/uploads\/2026\/01\/Thick-Tall-Cylinder-Perfume-Bottles.jpg","type":"image\/jpeg"}],"twitter_card":"summary_large_image","twitter_misc":{"Dur\u00e9e de lecture estim\u00e9e":"2 minutes"},"schema":{"@context":"https:\/\/schema.org","@graph":[{"@type":"WebPage","@id":"https:\/\/glass-perfume-bottles.com\/product\/50ml-1-7oz-thick-tall-cylinder-perfume-bottles-wholesale-suppliers\/","url":"https:\/\/glass-perfume-bottles.com\/product\/50ml-1-7oz-thick-tall-cylinder-perfume-bottles-wholesale-suppliers\/","name":"Thick tall cylinder perfume bottles manufacturer and supplier","isPartOf":{"@id":"https:\/\/glass-perfume-bottles.com\/#website"},"primaryImageOfPage":{"@id":"https:\/\/glass-perfume-bottles.com\/product\/50ml-1-7oz-thick-tall-cylinder-perfume-bottles-wholesale-suppliers\/#primaryimage"},"image":{"@id":"https:\/\/glass-perfume-bottles.com\/product\/50ml-1-7oz-thick-tall-cylinder-perfume-bottles-wholesale-suppliers\/#primaryimage"},"thumbnailUrl":"https:\/\/glass-perfume-bottles.com\/wp-content\/uploads\/2026\/01\/Thick-Tall-Cylinder-Perfume-Bottles.jpg","datePublished":"2026-01-23T10:17:05+00:00","dateModified":"2026-01-23T10:28:11+00:00","description":"As the glass perfume bottle manufacturing company, we can produce and export you high quality 50ml 1.7oz thick tall cylinder perfume bottles.","breadcrumb":{"@id":"https:\/\/glass-perfume-bottles.com\/product\/50ml-1-7oz-thick-tall-cylinder-perfume-bottles-wholesale-suppliers\/#breadcrumb"},"inLanguage":"fr-FR","potentialAction":[{"@type":"ReadAction","target":["https:\/\/glass-perfume-bottles.com\/product\/50ml-1-7oz-thick-tall-cylinder-perfume-bottles-wholesale-suppliers\/"]}]},{"@type":"ImageObject","inLanguage":"fr-FR","@id":"https:\/\/glass-perfume-bottles.com\/product\/50ml-1-7oz-thick-tall-cylinder-perfume-bottles-wholesale-suppliers\/#primaryimage","url":"https:\/\/glass-perfume-bottles.com\/wp-content\/uploads\/2026\/01\/Thick-Tall-Cylinder-Perfume-Bottles.jpg","contentUrl":"https:\/\/glass-perfume-bottles.com\/wp-content\/uploads\/2026\/01\/Thick-Tall-Cylinder-Perfume-Bottles.jpg","width":720,"height":720,"caption":"Thick tall cylinder perfume bottles manufacturer, 50ml heave base glass perfume bottle suppliers, heavy base cylinder glass bottle wholesale"},{"@type":"BreadcrumbList","@id":"https:\/\/glass-perfume-bottles.com\/product\/50ml-1-7oz-thick-tall-cylinder-perfume-bottles-wholesale-suppliers\/#breadcrumb","itemListElement":[{"@type":"ListItem","position":1,"name":"Home","item":"https:\/\/glass-perfume-bottles.com\/"},{"@type":"ListItem","position":2,"name":"Product","item":"https:\/\/glass-perfume-bottles.com\/custom-made-perfume-bottle-suppliers-and-wholesale\/"},{"@type":"ListItem","position":3,"name":"50ml 1.7oz thick tall cylinder perfume bottles"}]},{"@type":"WebSite","@id":"https:\/\/glass-perfume-bottles.com\/#website","url":"https:\/\/glass-perfume-bottles.com\/","name":"HY GLASS","description":"glass perfume bottle manufacturers &amp; suppliers, aroma reed diffuser bottle wholesale &amp; suppliers","publisher":{"@id":"https:\/\/glass-perfume-bottles.com\/#organization"},"potentialAction":[{"@type":"SearchAction","target":{"@type":"EntryPoint","urlTemplate":"https:\/\/glass-perfume-bottles.com\/?s={search_term_string}"},"query-input":{"@type":"PropertyValueSpecification","valueRequired":true,"valueName":"search_term_string"}}],"inLanguage":"fr-FR"},{"@type":"Organization","@id":"https:\/\/glass-perfume-bottles.com\/#organization","name":"HY GLASS","url":"https:\/\/glass-perfume-bottles.com\/","logo":{"@type":"ImageObject","inLanguage":"fr-FR","@id":"https:\/\/glass-perfume-bottles.com\/#\/schema\/logo\/image\/","url":"https:\/\/glass-perfume-bottles.com\/wp-content\/uploads\/2023\/09\/logo21.png","contentUrl":"https:\/\/glass-perfume-bottles.com\/wp-content\/uploads\/2023\/09\/logo21.png","width":342,"height":268,"caption":"HY GLASS"},"image":{"@id":"https:\/\/glass-perfume-bottles.com\/#\/schema\/logo\/image\/"}}]}},"taxonomy_info":{"product_cat":[{"value":51,"label":"Glass Perfume Bottle"}],"product_tag":[{"value":513,"label":"200ml glacier base aroma reed diffuser bottle manufacturer"},{"value":512,"label":"glacier base diffuser bottle suppliers"},{"value":514,"label":"Iceberg base aroma diffuser bottle wholesale"}]},"featured_image_src_large":["https:\/\/glass-perfume-bottles.com\/wp-content\/uploads\/2026\/01\/Thick-Tall-Cylinder-Perfume-Bottles.jpg",720,720,false],"author_info":[],"comment_info":1,"_links":{"self":[{"href":"https:\/\/glass-perfume-bottles.com\/fr\/wp-json\/wp\/v2\/product\/3175","targetHints":{"allow":["GET"]}}],"collection":[{"href":"https:\/\/glass-perfume-bottles.com\/fr\/wp-json\/wp\/v2\/product"}],"about":[{"href":"https:\/\/glass-perfume-bottles.com\/fr\/wp-json\/wp\/v2\/types\/product"}],"replies":[{"embeddable":true,"href":"https:\/\/glass-perfume-bottles.com\/fr\/wp-json\/wp\/v2\/comments?post=3175"}],"wp:featuredmedia":[{"embeddable":true,"href":"https:\/\/glass-perfume-bottles.com\/fr\/wp-json\/wp\/v2\/media\/3176"}],"wp:attachment":[{"href":"https:\/\/glass-perfume-bottles.com\/fr\/wp-json\/wp\/v2\/media?parent=3175"}],"wp:term":[{"taxonomy":"product_brand","embeddable":true,"href":"https:\/\/glass-perfume-bottles.com\/fr\/wp-json\/wp\/v2\/product_brand?post=3175"},{"taxonomy":"product_cat","embeddable":true,"href":"https:\/\/glass-perfume-bottles.com\/fr\/wp-json\/wp\/v2\/product_cat?post=3175"},{"taxonomy":"product_tag","embeddable":true,"href":"https:\/\/glass-perfume-bottles.com\/fr\/wp-json\/wp\/v2\/product_tag?post=3175"}],"curies":[{"name":"wp","href":"https:\/\/api.w.org\/{rel}","templated":true}]}}