{"id":3180,"date":"2026-02-11T07:14:29","date_gmt":"2026-02-11T07:14:29","guid":{"rendered":"https:\/\/glass-perfume-bottles.com\/?post_type=product&#038;p=3180"},"modified":"2026-05-12T05:32:34","modified_gmt":"2026-05-12T05:32:34","slug":"custom-logo-colored-rectangular-perfume-bottles-wholesale-factories","status":"publish","type":"product","link":"https:\/\/glass-perfume-bottles.com\/fr\/produit\/custom-logo-colored-rectangular-perfume-bottles-wholesale-factories\/","title":{"rendered":"Flacons de parfum rectangulaires color\u00e9s"},"content":{"rendered":"<table>\n<tbody>\n<tr>\n<td width=\"158\">Nom du produit<\/td>\n<td width=\"591\">Flacons de parfum rectangulaires color\u00e9s<\/td>\n<\/tr>\n<tr>\n<td width=\"158\">Capacit\u00e9<\/td>\n<td width=\"591\">30ml or custom other size<\/td>\n<\/tr>\n<tr>\n<td width=\"158\">Taille<\/td>\n<td width=\"591\">29x93mm<\/td>\n<\/tr>\n<tr>\n<td width=\"158\">Poids<\/td>\n<td width=\"591\">80g<\/td>\n<\/tr>\n<tr>\n<td width=\"158\">Mat\u00e9riel<\/td>\n<td width=\"591\">\u00a0Verre blanc cristal<\/td>\n<\/tr>\n<tr>\n<td width=\"158\">Couleur du corps<\/td>\n<td width=\"591\">Clear, frosted, red, black, blue, green, pink, amber, colorful, gradient or customized color<\/td>\n<\/tr>\n<tr>\n<td width=\"158\">Manutention de surface<\/td>\n<td width=\"591\">S\u00e9rigraphie, marquage \u00e0 chaud, d\u00e9polissage, m\u00e9tallisation, flocage, holographie, rev\u00eatement marbr\u00e9, d\u00e9calcomanie, etc.<\/td>\n<\/tr>\n<tr>\n<td width=\"158\">Usage<\/td>\n<td width=\"591\">\u00a0Emballage d&#039;huile de parfum\/huile essentielle\/d\u00e9odorant\/d\u00e9sodorisant\/parfum\/s\u00e9rum\/huile essentielle\/toner<\/td>\n<\/tr>\n<tr>\n<td width=\"158\">Emballage<\/td>\n<td width=\"591\">Carton d&#039;exportation puis palette en contreplaqu\u00e9,<\/td>\n<\/tr>\n<tr>\n<td width=\"158\">Quantit\u00e9 minimale de commande<\/td>\n<td width=\"591\">1 000 pi\u00e8ces (car il existe une conception personnalis\u00e9e)<\/td>\n<\/tr>\n<tr>\n<td width=\"158\">\u00c9chantillon<\/td>\n<td width=\"591\">\u00c9chantillon gratuit, frais de transport n\u00e9cessaires.<\/td>\n<\/tr>\n<tr>\n<td width=\"158\">Transport<\/td>\n<td width=\"591\">FedEx\/DHL\/EMS\/UPS\/TNT\/Par mer\/Par avion, etc.<\/td>\n<\/tr>\n<tr>\n<td width=\"158\">Mode de paiement<\/td>\n<td width=\"591\">Virement bancaire, L\/C, Western Union, Money Gram, Paypal, etc.<\/td>\n<\/tr>\n<tr>\n<td width=\"158\">D\u00e9lai de livraison<\/td>\n<td width=\"591\">\u00c9chantillon 1 \u00e0 2 jours, production de commande 20 \u00e0 45 jours selon les d\u00e9tails de la commande.<\/td>\n<\/tr>\n<tr>\n<td width=\"158\">Service<\/td>\n<td width=\"591\">Custom private label glass bottle service, Design service, One- stop solution<\/td>\n<\/tr>\n<\/tbody>\n<\/table>\n<p>Comme le <a href=\"https:\/\/glass-perfume-bottles.com\/fr\/produit\/50ml-1-7oz-thick-tall-cylinder-perfume-bottles-wholesale-suppliers\/\">custom logo perfume bottle manufacturer<\/a>, we have large\u00a0collection of glass perfume bottles and vials\u00a0in our stock. Our colored rectangle perfume bottles are\u00a0designed to meet the needs of brands and manufacturers in the high-end fragrance industry.\u00a0We also focus on customized your own brand glass perfume bottles.<\/p>\n<p>Notre <a href=\"https:\/\/www.hyglassbottles.com\/product\/custom-colored-glass-empty-perfume-spray-bottles-wholesale.html\">glass perfume bottles<\/a>\u00a0are available in various sizes and designs\u00a0which\u00a0are the ideal choice for you. If you want to seek elegant, customizable, and professional perfume packaging, please feel free to contact us. You can inform us your idea of your own brand, marketing purpose and product position. We will give your our professional advice and provide on stop solution service.<\/p>\n<p>If you want to customize own shape and size with colored rectangular perfume bottles, we can make it come true. These colorful mini spray bottles are with premium quality and it is sufficient amount and large enough for storing perfume, essential oils, makeup sprays, hairspray and so on. Welcome to contact us for more information.<\/p>\n<p>&nbsp;<\/p>","protected":false},"excerpt":{"rendered":"<p>Si vous \u00eates int\u00e9ress\u00e9 par des flacons de parfum cylindriques hauts et \u00e9pais de 50 ml (1,7 oz), veuillez nous envoyer une demande !<\/p>","protected":false},"featured_media":3182,"comment_status":"open","ping_status":"closed","template":"","meta":{"_kad_blocks_custom_css":"","_kad_blocks_head_custom_js":"","_kad_blocks_body_custom_js":"","_kad_blocks_footer_custom_js":"","_kad_post_transparent":"default","_kad_post_title":"","_kad_post_layout":"default","_kad_post_sidebar_id":"","_kad_post_content_style":"default","_kad_post_vertical_padding":"default","_kad_post_feature":"","_kad_post_feature_position":"","_kad_post_header":false,"_kad_post_footer":false,"_joinchat":[]},"product_brand":[],"product_cat":[51],"product_tag":[517,515,519,518,516],"class_list":{"0":"post-3180","1":"product","2":"type-product","3":"status-publish","4":"has-post-thumbnail","6":"product_cat-glass-perfume-bottles","7":"product_tag-30ml-colored-portable-dispensing-bottles","8":"product_tag-colored-rectangular-glass-perfume-bottles-suppliers","9":"product_tag-custom-colored-glass-perfume-bottles","10":"product_tag-luxury-multi-color-fine-mist-travel-glass-spray-bottle","11":"product_tag-multi-colored-rectangular-glass-perfume-bottles-factory","13":"first","14":"instock","15":"shipping-taxable","16":"product-type-simple","17":"entry","18":"content-bg","19":"loop-entry"},"yoast_head":"<!-- This site is optimized with the Yoast SEO Premium plugin v20.5 (Yoast SEO v24.2) - https:\/\/yoast.com\/wordpress\/plugins\/seo\/ -->\n<title>Colored rectangular perfume bottles manufacturer and supplier<\/title>\n<meta name=\"description\" content=\"As the custom logo perfume bottle manufacturer, we have large\u00a0collection of colored rectangular perfume bottles with different capacity and shapes.\" \/>\n<meta name=\"robots\" content=\"index, follow, max-snippet:-1, max-image-preview:large, max-video-preview:-1\" \/>\n<link rel=\"canonical\" href=\"https:\/\/glass-perfume-bottles.com\/fr\/produit\/custom-logo-colored-rectangular-perfume-bottles-wholesale-factories\/\" \/>\n<meta property=\"og:locale\" content=\"fr_FR\" \/>\n<meta property=\"og:type\" content=\"article\" \/>\n<meta property=\"og:title\" content=\"Colored rectangular perfume bottles\" \/>\n<meta property=\"og:description\" content=\"As the custom logo perfume bottle manufacturer, we have large\u00a0collection of colored rectangular perfume bottles with different capacity and shapes.\" \/>\n<meta property=\"og:url\" content=\"https:\/\/glass-perfume-bottles.com\/fr\/produit\/custom-logo-colored-rectangular-perfume-bottles-wholesale-factories\/\" \/>\n<meta property=\"og:site_name\" content=\"HY GLASS\" \/>\n<meta property=\"article:modified_time\" content=\"2026-05-12T05:32:34+00:00\" \/>\n<meta property=\"og:image\" content=\"https:\/\/glass-perfume-bottles.com\/wp-content\/uploads\/2026\/02\/custom-30ml-perfume-bottle-2-1.jpg\" \/>\n\t<meta property=\"og:image:width\" content=\"720\" \/>\n\t<meta property=\"og:image:height\" content=\"720\" \/>\n\t<meta property=\"og:image:type\" content=\"image\/jpeg\" \/>\n<meta name=\"twitter:card\" content=\"summary_large_image\" \/>\n<meta name=\"twitter:label1\" content=\"Dur\u00e9e de lecture estim\u00e9e\" \/>\n\t<meta name=\"twitter:data1\" content=\"2 minutes\" \/>\n<script type=\"application\/ld+json\" class=\"yoast-schema-graph\">{\"@context\":\"https:\/\/schema.org\",\"@graph\":[{\"@type\":\"WebPage\",\"@id\":\"https:\/\/glass-perfume-bottles.com\/product\/custom-logo-colored-rectangular-perfume-bottles-wholesale-factories\/\",\"url\":\"https:\/\/glass-perfume-bottles.com\/product\/custom-logo-colored-rectangular-perfume-bottles-wholesale-factories\/\",\"name\":\"Colored rectangular perfume bottles manufacturer and supplier\",\"isPartOf\":{\"@id\":\"https:\/\/glass-perfume-bottles.com\/#website\"},\"primaryImageOfPage\":{\"@id\":\"https:\/\/glass-perfume-bottles.com\/product\/custom-logo-colored-rectangular-perfume-bottles-wholesale-factories\/#primaryimage\"},\"image\":{\"@id\":\"https:\/\/glass-perfume-bottles.com\/product\/custom-logo-colored-rectangular-perfume-bottles-wholesale-factories\/#primaryimage\"},\"thumbnailUrl\":\"https:\/\/glass-perfume-bottles.com\/wp-content\/uploads\/2026\/02\/custom-30ml-perfume-bottle-2-1.jpg\",\"datePublished\":\"2026-02-11T07:14:29+00:00\",\"dateModified\":\"2026-05-12T05:32:34+00:00\",\"description\":\"As the custom logo perfume bottle manufacturer, we have large\u00a0collection of colored rectangular perfume bottles with different capacity and shapes.\",\"breadcrumb\":{\"@id\":\"https:\/\/glass-perfume-bottles.com\/product\/custom-logo-colored-rectangular-perfume-bottles-wholesale-factories\/#breadcrumb\"},\"inLanguage\":\"fr-FR\",\"potentialAction\":[{\"@type\":\"ReadAction\",\"target\":[\"https:\/\/glass-perfume-bottles.com\/product\/custom-logo-colored-rectangular-perfume-bottles-wholesale-factories\/\"]}]},{\"@type\":\"ImageObject\",\"inLanguage\":\"fr-FR\",\"@id\":\"https:\/\/glass-perfume-bottles.com\/product\/custom-logo-colored-rectangular-perfume-bottles-wholesale-factories\/#primaryimage\",\"url\":\"https:\/\/glass-perfume-bottles.com\/wp-content\/uploads\/2026\/02\/custom-30ml-perfume-bottle-2-1.jpg\",\"contentUrl\":\"https:\/\/glass-perfume-bottles.com\/wp-content\/uploads\/2026\/02\/custom-30ml-perfume-bottle-2-1.jpg\",\"width\":720,\"height\":720,\"caption\":\"colored rectangular glass perfume bottles suppliers, multi-colored rectangular glass perfume bottles factory, 30ml colored portable dispensing bottles, luxury multi-color fine mist travel glass spray bottle, custom colored glass perfume bottles\"},{\"@type\":\"BreadcrumbList\",\"@id\":\"https:\/\/glass-perfume-bottles.com\/product\/custom-logo-colored-rectangular-perfume-bottles-wholesale-factories\/#breadcrumb\",\"itemListElement\":[{\"@type\":\"ListItem\",\"position\":1,\"name\":\"Home\",\"item\":\"https:\/\/glass-perfume-bottles.com\/\"},{\"@type\":\"ListItem\",\"position\":2,\"name\":\"Product\",\"item\":\"https:\/\/glass-perfume-bottles.com\/custom-made-perfume-bottle-suppliers-and-wholesale\/\"},{\"@type\":\"ListItem\",\"position\":3,\"name\":\"Colored rectangular perfume bottles\"}]},{\"@type\":\"WebSite\",\"@id\":\"https:\/\/glass-perfume-bottles.com\/#website\",\"url\":\"https:\/\/glass-perfume-bottles.com\/\",\"name\":\"HY GLASS\",\"description\":\"glass perfume bottle manufacturers &amp; suppliers, aroma reed diffuser bottle wholesale &amp; suppliers\",\"publisher\":{\"@id\":\"https:\/\/glass-perfume-bottles.com\/#organization\"},\"potentialAction\":[{\"@type\":\"SearchAction\",\"target\":{\"@type\":\"EntryPoint\",\"urlTemplate\":\"https:\/\/glass-perfume-bottles.com\/?s={search_term_string}\"},\"query-input\":{\"@type\":\"PropertyValueSpecification\",\"valueRequired\":true,\"valueName\":\"search_term_string\"}}],\"inLanguage\":\"fr-FR\"},{\"@type\":\"Organization\",\"@id\":\"https:\/\/glass-perfume-bottles.com\/#organization\",\"name\":\"HY GLASS\",\"url\":\"https:\/\/glass-perfume-bottles.com\/\",\"logo\":{\"@type\":\"ImageObject\",\"inLanguage\":\"fr-FR\",\"@id\":\"https:\/\/glass-perfume-bottles.com\/#\/schema\/logo\/image\/\",\"url\":\"https:\/\/glass-perfume-bottles.com\/wp-content\/uploads\/2023\/09\/logo21.png\",\"contentUrl\":\"https:\/\/glass-perfume-bottles.com\/wp-content\/uploads\/2023\/09\/logo21.png\",\"width\":342,\"height\":268,\"caption\":\"HY GLASS\"},\"image\":{\"@id\":\"https:\/\/glass-perfume-bottles.com\/#\/schema\/logo\/image\/\"}}]}<\/script>\n<!-- \/ Yoast SEO Premium plugin. -->","yoast_head_json":{"title":"Colored rectangular perfume bottles manufacturer and supplier","description":"As the custom logo perfume bottle manufacturer, we have large\u00a0collection of colored rectangular perfume bottles with different capacity and shapes.","robots":{"index":"index","follow":"follow","max-snippet":"max-snippet:-1","max-image-preview":"max-image-preview:large","max-video-preview":"max-video-preview:-1"},"canonical":"https:\/\/glass-perfume-bottles.com\/fr\/produit\/custom-logo-colored-rectangular-perfume-bottles-wholesale-factories\/","og_locale":"fr_FR","og_type":"article","og_title":"Colored rectangular perfume bottles","og_description":"As the custom logo perfume bottle manufacturer, we have large\u00a0collection of colored rectangular perfume bottles with different capacity and shapes.","og_url":"https:\/\/glass-perfume-bottles.com\/fr\/produit\/custom-logo-colored-rectangular-perfume-bottles-wholesale-factories\/","og_site_name":"HY GLASS","article_modified_time":"2026-05-12T05:32:34+00:00","og_image":[{"width":720,"height":720,"url":"https:\/\/glass-perfume-bottles.com\/wp-content\/uploads\/2026\/02\/custom-30ml-perfume-bottle-2-1.jpg","type":"image\/jpeg"}],"twitter_card":"summary_large_image","twitter_misc":{"Dur\u00e9e de lecture estim\u00e9e":"2 minutes"},"schema":{"@context":"https:\/\/schema.org","@graph":[{"@type":"WebPage","@id":"https:\/\/glass-perfume-bottles.com\/product\/custom-logo-colored-rectangular-perfume-bottles-wholesale-factories\/","url":"https:\/\/glass-perfume-bottles.com\/product\/custom-logo-colored-rectangular-perfume-bottles-wholesale-factories\/","name":"Colored rectangular perfume bottles manufacturer and supplier","isPartOf":{"@id":"https:\/\/glass-perfume-bottles.com\/#website"},"primaryImageOfPage":{"@id":"https:\/\/glass-perfume-bottles.com\/product\/custom-logo-colored-rectangular-perfume-bottles-wholesale-factories\/#primaryimage"},"image":{"@id":"https:\/\/glass-perfume-bottles.com\/product\/custom-logo-colored-rectangular-perfume-bottles-wholesale-factories\/#primaryimage"},"thumbnailUrl":"https:\/\/glass-perfume-bottles.com\/wp-content\/uploads\/2026\/02\/custom-30ml-perfume-bottle-2-1.jpg","datePublished":"2026-02-11T07:14:29+00:00","dateModified":"2026-05-12T05:32:34+00:00","description":"As the custom logo perfume bottle manufacturer, we have large\u00a0collection of colored rectangular perfume bottles with different capacity and shapes.","breadcrumb":{"@id":"https:\/\/glass-perfume-bottles.com\/product\/custom-logo-colored-rectangular-perfume-bottles-wholesale-factories\/#breadcrumb"},"inLanguage":"fr-FR","potentialAction":[{"@type":"ReadAction","target":["https:\/\/glass-perfume-bottles.com\/product\/custom-logo-colored-rectangular-perfume-bottles-wholesale-factories\/"]}]},{"@type":"ImageObject","inLanguage":"fr-FR","@id":"https:\/\/glass-perfume-bottles.com\/product\/custom-logo-colored-rectangular-perfume-bottles-wholesale-factories\/#primaryimage","url":"https:\/\/glass-perfume-bottles.com\/wp-content\/uploads\/2026\/02\/custom-30ml-perfume-bottle-2-1.jpg","contentUrl":"https:\/\/glass-perfume-bottles.com\/wp-content\/uploads\/2026\/02\/custom-30ml-perfume-bottle-2-1.jpg","width":720,"height":720,"caption":"colored rectangular glass perfume bottles suppliers, multi-colored rectangular glass perfume bottles factory, 30ml colored portable dispensing bottles, luxury multi-color fine mist travel glass spray bottle, custom colored glass perfume bottles"},{"@type":"BreadcrumbList","@id":"https:\/\/glass-perfume-bottles.com\/product\/custom-logo-colored-rectangular-perfume-bottles-wholesale-factories\/#breadcrumb","itemListElement":[{"@type":"ListItem","position":1,"name":"Home","item":"https:\/\/glass-perfume-bottles.com\/"},{"@type":"ListItem","position":2,"name":"Product","item":"https:\/\/glass-perfume-bottles.com\/custom-made-perfume-bottle-suppliers-and-wholesale\/"},{"@type":"ListItem","position":3,"name":"Colored rectangular perfume bottles"}]},{"@type":"WebSite","@id":"https:\/\/glass-perfume-bottles.com\/#website","url":"https:\/\/glass-perfume-bottles.com\/","name":"HY GLASS","description":"glass perfume bottle manufacturers &amp; suppliers, aroma reed diffuser bottle wholesale &amp; suppliers","publisher":{"@id":"https:\/\/glass-perfume-bottles.com\/#organization"},"potentialAction":[{"@type":"SearchAction","target":{"@type":"EntryPoint","urlTemplate":"https:\/\/glass-perfume-bottles.com\/?s={search_term_string}"},"query-input":{"@type":"PropertyValueSpecification","valueRequired":true,"valueName":"search_term_string"}}],"inLanguage":"fr-FR"},{"@type":"Organization","@id":"https:\/\/glass-perfume-bottles.com\/#organization","name":"HY GLASS","url":"https:\/\/glass-perfume-bottles.com\/","logo":{"@type":"ImageObject","inLanguage":"fr-FR","@id":"https:\/\/glass-perfume-bottles.com\/#\/schema\/logo\/image\/","url":"https:\/\/glass-perfume-bottles.com\/wp-content\/uploads\/2023\/09\/logo21.png","contentUrl":"https:\/\/glass-perfume-bottles.com\/wp-content\/uploads\/2023\/09\/logo21.png","width":342,"height":268,"caption":"HY GLASS"},"image":{"@id":"https:\/\/glass-perfume-bottles.com\/#\/schema\/logo\/image\/"}}]}},"taxonomy_info":{"product_cat":[{"value":51,"label":"Glass Perfume Bottle"}],"product_tag":[{"value":517,"label":"30ml colored portable dispensing bottles"},{"value":515,"label":"colored rectangular glass perfume bottles suppliers"},{"value":519,"label":"custom colored glass perfume bottles"},{"value":518,"label":"luxury multi-color fine mist travel glass spray bottle"},{"value":516,"label":"multi-colored rectangular glass perfume bottles factory"}]},"featured_image_src_large":["https:\/\/glass-perfume-bottles.com\/wp-content\/uploads\/2026\/02\/custom-30ml-perfume-bottle-2-1.jpg",720,720,false],"author_info":[],"comment_info":2,"_links":{"self":[{"href":"https:\/\/glass-perfume-bottles.com\/fr\/wp-json\/wp\/v2\/product\/3180","targetHints":{"allow":["GET"]}}],"collection":[{"href":"https:\/\/glass-perfume-bottles.com\/fr\/wp-json\/wp\/v2\/product"}],"about":[{"href":"https:\/\/glass-perfume-bottles.com\/fr\/wp-json\/wp\/v2\/types\/product"}],"replies":[{"embeddable":true,"href":"https:\/\/glass-perfume-bottles.com\/fr\/wp-json\/wp\/v2\/comments?post=3180"}],"wp:featuredmedia":[{"embeddable":true,"href":"https:\/\/glass-perfume-bottles.com\/fr\/wp-json\/wp\/v2\/media\/3182"}],"wp:attachment":[{"href":"https:\/\/glass-perfume-bottles.com\/fr\/wp-json\/wp\/v2\/media?parent=3180"}],"wp:term":[{"taxonomy":"product_brand","embeddable":true,"href":"https:\/\/glass-perfume-bottles.com\/fr\/wp-json\/wp\/v2\/product_brand?post=3180"},{"taxonomy":"product_cat","embeddable":true,"href":"https:\/\/glass-perfume-bottles.com\/fr\/wp-json\/wp\/v2\/product_cat?post=3180"},{"taxonomy":"product_tag","embeddable":true,"href":"https:\/\/glass-perfume-bottles.com\/fr\/wp-json\/wp\/v2\/product_tag?post=3180"}],"curies":[{"name":"wp","href":"https:\/\/api.w.org\/{rel}","templated":true}]}}