{"id":1993,"date":"2025-01-07T14:45:07","date_gmt":"2025-01-07T14:45:07","guid":{"rendered":"https:\/\/glass-perfume-bottles.com\/?post_type=product&#038;p=1993"},"modified":"2025-01-11T14:48:07","modified_gmt":"2025-01-11T14:48:07","slug":"custom-200ml-inverted-cone-glass-reed-diffuser-bottle-supplier","status":"publish","type":"product","link":"https:\/\/glass-perfume-bottles.com\/it\/prodotto\/custom-200ml-inverted-cone-glass-reed-diffuser-bottle-supplier\/","title":{"rendered":"Fornitore di flaconi per diffusori di aromi in vetro a cono rovesciato da 200 ml personalizzati"},"content":{"rendered":"<table>\n<tbody>\n<tr>\n<td width=\"158\">Nome del prodotto<\/td>\n<td width=\"591\">Fornitore di flaconi per diffusori di aromi in vetro a cono rovesciato<\/td>\n<\/tr>\n<tr>\n<td width=\"158\">Capacit\u00e0<\/td>\n<td width=\"591\">200 ml (disponibile anche in altre dimensioni)<\/td>\n<\/tr>\n<tr>\n<td width=\"158\">Misurare<\/td>\n<td width=\"591\">47mm x130mm<\/td>\n<\/tr>\n<tr>\n<td width=\"158\">Peso<\/td>\n<td width=\"591\">\u00a0300g<\/td>\n<\/tr>\n<tr>\n<td width=\"158\">Materiale<\/td>\n<td width=\"591\">Vetro di alta qualit\u00e0 con resistenza alle alte temperature<\/td>\n<\/tr>\n<tr>\n<td width=\"158\">Colore del corpo<\/td>\n<td width=\"591\">Rosso, nero, blu, satinato, verde, rosa o colore personalizzato<\/td>\n<\/tr>\n<tr>\n<td width=\"158\">Gestione della superficie<\/td>\n<td width=\"591\">\n<ol>\n<li>Stampa serigrafica<\/li>\n<li>Stampa a caldo<\/li>\n<li>\u00a0Rivestimento UV<\/li>\n<li>Smerigliato<\/li>\n<li>\u00a0Decal<\/li>\n<li>\u00a0Floccaggio<\/li>\n<li>Etichettatura<\/li>\n<li>Verniciatura a colori o personalizzata in base alle vostre esigenze<\/li>\n<\/ol>\n<\/td>\n<\/tr>\n<tr>\n<td width=\"158\">Utilizzo<\/td>\n<td width=\"591\">\u00a0Confezionare olio per aromaterapia\/olio essenziale\/deodorante\/deodorante per ambienti ecc.<\/td>\n<\/tr>\n<tr>\n<td width=\"158\">Imballaggio<\/td>\n<td width=\"591\">Esportazione di cartone e pallet di compensato,<\/td>\n<\/tr>\n<tr>\n<td width=\"158\">Quantit\u00e0 minima<\/td>\n<td width=\"591\">2.000 pezzi (poich\u00e9 esiste un design personalizzato)<\/td>\n<\/tr>\n<tr>\n<td width=\"158\">Campione<\/td>\n<td width=\"591\">Campione gratuito, spese di spedizione a carico dell&#039;acquirente.<\/td>\n<\/tr>\n<tr>\n<td width=\"158\">Trasporto<\/td>\n<td width=\"591\">FedEx\/DHL\/EMS\/UPS\/TNT\/Via mare\/Via aerea, ecc.<\/td>\n<\/tr>\n<tr>\n<td width=\"158\">Modalit\u00e0 di pagamento<\/td>\n<td width=\"591\">Bonifico bancario, L\/C, Western Union, Money Gram, Paypal, ecc.<\/td>\n<\/tr>\n<tr>\n<td width=\"158\">Tempi di consegna<\/td>\n<td width=\"591\">Campione in 1-2 giorni, produzione dell&#039;ordine in 20-45 giorni, a seconda dei dettagli dell&#039;ordine.<\/td>\n<\/tr>\n<tr>\n<td width=\"158\">Servizio<\/td>\n<td width=\"591\">Servizio OEM e ODM, servizio di progettazione, soluzione one-stop<\/td>\n<\/tr>\n<\/tbody>\n<\/table>\n<p>&nbsp;<\/p>\n<p><a href=\"https:\/\/glass-perfume-bottles.com\/it\/prodotto\/glass-perfume-bottles\/\">Diffusore di lusso in vetro a cono rovesciato da 200 ml<\/a> realizzato in materiale di vetro bianco alto, fondo spesso a forma di cono rovesciato unico e corpo liscio, accetta la forma personalizzata della bottiglia del diffusore di aromi e accetta il rivestimento colorato, il rivestimento satinato, il rivestimento in marmo, il processo di floccaggio ecc., possiamo anche fornire diversi pacchetti di bottiglie di vetro come scatole con dimensioni e materiali diversi. Come carta Kraft, cartone, carta artistica, cartone ondulato, carta patinata, ecc. e la stampa della scatola del profumo con tecnologia diversa.<\/p>\n<p>Inviateci le vostre richieste, abbiamo una linea di produzione professionale e un team di progettazione che ci permette di fornire al cliente un servizio di prima qualit\u00e0 e un prodotto stabile. Vi aspettiamo.<\/p>","protected":false},"excerpt":{"rendered":"<p><a href=\"https:\/\/glass-perfume-bottles.com\/it\/prodotto\/glass-perfume-bottles\/\">Diffusore di aromi in vetro di lusso con flacone di bastoncini<\/a> realizzato in materiale di vetro bianco di alta qualit\u00e0, il fondo della bottiglia ispessita \u00e8 posizionato saldamente e la bocca della bottiglia \u00e8 liscia. Inviateci il vostro progetto, vi forniremo un servizio di prima qualit\u00e0 e bottiglie stabili di qualit\u00e0.<\/p>","protected":false},"featured_media":1994,"comment_status":"open","ping_status":"closed","template":"","meta":{"_kad_blocks_custom_css":"","_kad_blocks_head_custom_js":"","_kad_blocks_body_custom_js":"","_kad_blocks_footer_custom_js":"","_kad_post_transparent":"default","_kad_post_title":"","_kad_post_layout":"default","_kad_post_sidebar_id":"","_kad_post_content_style":"default","_kad_post_vertical_padding":"default","_kad_post_feature":"","_kad_post_feature_position":"","_kad_post_header":false,"_kad_post_footer":false,"_joinchat":{"telephone":"+8613813299086"}},"product_brand":[],"product_cat":[71],"product_tag":[72,73,76,75,74],"class_list":{"0":"post-1993","1":"product","2":"type-product","3":"status-publish","4":"has-post-thumbnail","6":"product_cat-glass-aroma-reed-diffuser-bottle-1","7":"product_tag-aroma-reed-diffuser-bottle","8":"product_tag-empty-reed-diffuser-bottle-supplier","9":"product_tag-home-fragrance-oil-bottle-wholesale","10":"product_tag-reed-diffuser-bottle-manufacturer","11":"product_tag-wholesale-aromatherapy-bottle-factory","13":"first","14":"instock","15":"shipping-taxable","16":"product-type-simple","17":"entry","18":"content-bg","19":"loop-entry"},"yoast_head":"<!-- This site is optimized with the Yoast SEO Premium plugin v20.5 (Yoast SEO v24.2) - https:\/\/yoast.com\/wordpress\/plugins\/seo\/ -->\n<title>200ml inverted cone glass reed diffuser bottle supplier<\/title>\n<meta name=\"description\" content=\"Custom 200ml inverted cone glass reed diffuser bottle with wooden cap, made of high white glass material,small order is possible\" \/>\n<meta name=\"robots\" content=\"index, follow, max-snippet:-1, max-image-preview:large, max-video-preview:-1\" \/>\n<link rel=\"canonical\" href=\"https:\/\/glass-perfume-bottles.com\/it\/produit\/custom-200ml-inverted-cone-glass-reed-diffuser-bottle-supplier\/\" \/>\n<meta property=\"og:locale\" content=\"it_IT\" \/>\n<meta property=\"og:type\" content=\"article\" \/>\n<meta property=\"og:title\" content=\"Custom 200ml inverted cone glass aroma reed diffuser bottle supplier\" \/>\n<meta property=\"og:description\" content=\"Custom 200ml inverted cone glass reed diffuser bottle with wooden cap, made of high white glass material,small order is possible\" \/>\n<meta property=\"og:url\" content=\"https:\/\/glass-perfume-bottles.com\/it\/produit\/custom-200ml-inverted-cone-glass-reed-diffuser-bottle-supplier\/\" \/>\n<meta property=\"og:site_name\" content=\"HY GLASS\" \/>\n<meta property=\"article:modified_time\" content=\"2025-01-11T14:48:07+00:00\" \/>\n<meta property=\"og:image\" content=\"https:\/\/glass-perfume-bottles.com\/wp-content\/uploads\/2025\/01\/Custom-200ml-inverted-cone-glass-reed-diffuser-bottle-supplier.jpg\" \/>\n\t<meta property=\"og:image:width\" content=\"720\" \/>\n\t<meta property=\"og:image:height\" content=\"720\" \/>\n\t<meta property=\"og:image:type\" content=\"image\/jpeg\" \/>\n<meta name=\"twitter:card\" content=\"summary_large_image\" \/>\n<meta name=\"twitter:label1\" content=\"Tempo di lettura stimato\" \/>\n\t<meta name=\"twitter:data1\" content=\"1 minuto\" \/>\n<script type=\"application\/ld+json\" class=\"yoast-schema-graph\">{\"@context\":\"https:\/\/schema.org\",\"@graph\":[{\"@type\":\"WebPage\",\"@id\":\"https:\/\/glass-perfume-bottles.com\/fr\/produit\/custom-200ml-inverted-cone-glass-reed-diffuser-bottle-supplier\/\",\"url\":\"https:\/\/glass-perfume-bottles.com\/fr\/produit\/custom-200ml-inverted-cone-glass-reed-diffuser-bottle-supplier\/\",\"name\":\"200ml inverted cone glass reed diffuser bottle supplier\",\"isPartOf\":{\"@id\":\"https:\/\/glass-perfume-bottles.com\/#website\"},\"primaryImageOfPage\":{\"@id\":\"https:\/\/glass-perfume-bottles.com\/fr\/produit\/custom-200ml-inverted-cone-glass-reed-diffuser-bottle-supplier\/#primaryimage\"},\"image\":{\"@id\":\"https:\/\/glass-perfume-bottles.com\/fr\/produit\/custom-200ml-inverted-cone-glass-reed-diffuser-bottle-supplier\/#primaryimage\"},\"thumbnailUrl\":\"https:\/\/glass-perfume-bottles.com\/wp-content\/uploads\/2025\/01\/Custom-200ml-inverted-cone-glass-reed-diffuser-bottle-supplier.jpg\",\"datePublished\":\"2025-01-07T14:45:07+00:00\",\"dateModified\":\"2025-01-11T14:48:07+00:00\",\"description\":\"Custom 200ml inverted cone glass reed diffuser bottle with wooden cap, made of high white glass material,small order is possible\",\"breadcrumb\":{\"@id\":\"https:\/\/glass-perfume-bottles.com\/fr\/produit\/custom-200ml-inverted-cone-glass-reed-diffuser-bottle-supplier\/#breadcrumb\"},\"inLanguage\":\"it-IT\",\"potentialAction\":[{\"@type\":\"ReadAction\",\"target\":[\"https:\/\/glass-perfume-bottles.com\/fr\/produit\/custom-200ml-inverted-cone-glass-reed-diffuser-bottle-supplier\/\"]}]},{\"@type\":\"ImageObject\",\"inLanguage\":\"it-IT\",\"@id\":\"https:\/\/glass-perfume-bottles.com\/fr\/produit\/custom-200ml-inverted-cone-glass-reed-diffuser-bottle-supplier\/#primaryimage\",\"url\":\"https:\/\/glass-perfume-bottles.com\/wp-content\/uploads\/2025\/01\/Custom-200ml-inverted-cone-glass-reed-diffuser-bottle-supplier.jpg\",\"contentUrl\":\"https:\/\/glass-perfume-bottles.com\/wp-content\/uploads\/2025\/01\/Custom-200ml-inverted-cone-glass-reed-diffuser-bottle-supplier.jpg\",\"width\":720,\"height\":720,\"caption\":\"Luxury glass aroma reed diffuser bottle made of high white glass material\uff0cThe bottom of the thickened bottle is firmly placed and the mouth of the bottle is smooth,welcome send us your design ,we will provide first rate service and quality stable bottles for you.\"},{\"@type\":\"BreadcrumbList\",\"@id\":\"https:\/\/glass-perfume-bottles.com\/fr\/produit\/custom-200ml-inverted-cone-glass-reed-diffuser-bottle-supplier\/#breadcrumb\",\"itemListElement\":[{\"@type\":\"ListItem\",\"position\":1,\"name\":\"Home\",\"item\":\"https:\/\/glass-perfume-bottles.com\/\"},{\"@type\":\"ListItem\",\"position\":2,\"name\":\"Product\",\"item\":\"https:\/\/glass-perfume-bottles.com\/custom-made-perfume-bottle-suppliers-and-wholesale\/\"},{\"@type\":\"ListItem\",\"position\":3,\"name\":\"Custom 200ml inverted cone glass aroma reed diffuser bottle supplier\"}]},{\"@type\":\"WebSite\",\"@id\":\"https:\/\/glass-perfume-bottles.com\/#website\",\"url\":\"https:\/\/glass-perfume-bottles.com\/\",\"name\":\"HY GLASS\",\"description\":\"glass perfume bottle manufacturers &amp; suppliers, aroma reed diffuser bottle wholesale &amp; suppliers\",\"publisher\":{\"@id\":\"https:\/\/glass-perfume-bottles.com\/#organization\"},\"potentialAction\":[{\"@type\":\"SearchAction\",\"target\":{\"@type\":\"EntryPoint\",\"urlTemplate\":\"https:\/\/glass-perfume-bottles.com\/?s={search_term_string}\"},\"query-input\":{\"@type\":\"PropertyValueSpecification\",\"valueRequired\":true,\"valueName\":\"search_term_string\"}}],\"inLanguage\":\"it-IT\"},{\"@type\":\"Organization\",\"@id\":\"https:\/\/glass-perfume-bottles.com\/#organization\",\"name\":\"HY GLASS\",\"url\":\"https:\/\/glass-perfume-bottles.com\/\",\"logo\":{\"@type\":\"ImageObject\",\"inLanguage\":\"it-IT\",\"@id\":\"https:\/\/glass-perfume-bottles.com\/#\/schema\/logo\/image\/\",\"url\":\"https:\/\/glass-perfume-bottles.com\/wp-content\/uploads\/2023\/09\/logo21.png\",\"contentUrl\":\"https:\/\/glass-perfume-bottles.com\/wp-content\/uploads\/2023\/09\/logo21.png\",\"width\":342,\"height\":268,\"caption\":\"HY GLASS\"},\"image\":{\"@id\":\"https:\/\/glass-perfume-bottles.com\/#\/schema\/logo\/image\/\"}}]}<\/script>\n<!-- \/ Yoast SEO Premium plugin. -->","yoast_head_json":{"title":"200ml inverted cone glass reed diffuser bottle supplier","description":"Custom 200ml inverted cone glass reed diffuser bottle with wooden cap, made of high white glass material,small order is possible","robots":{"index":"index","follow":"follow","max-snippet":"max-snippet:-1","max-image-preview":"max-image-preview:large","max-video-preview":"max-video-preview:-1"},"canonical":"https:\/\/glass-perfume-bottles.com\/it\/produit\/custom-200ml-inverted-cone-glass-reed-diffuser-bottle-supplier\/","og_locale":"it_IT","og_type":"article","og_title":"Custom 200ml inverted cone glass aroma reed diffuser bottle supplier","og_description":"Custom 200ml inverted cone glass reed diffuser bottle with wooden cap, made of high white glass material,small order is possible","og_url":"https:\/\/glass-perfume-bottles.com\/it\/produit\/custom-200ml-inverted-cone-glass-reed-diffuser-bottle-supplier\/","og_site_name":"HY GLASS","article_modified_time":"2025-01-11T14:48:07+00:00","og_image":[{"width":720,"height":720,"url":"https:\/\/glass-perfume-bottles.com\/wp-content\/uploads\/2025\/01\/Custom-200ml-inverted-cone-glass-reed-diffuser-bottle-supplier.jpg","type":"image\/jpeg"}],"twitter_card":"summary_large_image","twitter_misc":{"Tempo di lettura stimato":"1 minuto"},"schema":{"@context":"https:\/\/schema.org","@graph":[{"@type":"WebPage","@id":"https:\/\/glass-perfume-bottles.com\/fr\/produit\/custom-200ml-inverted-cone-glass-reed-diffuser-bottle-supplier\/","url":"https:\/\/glass-perfume-bottles.com\/fr\/produit\/custom-200ml-inverted-cone-glass-reed-diffuser-bottle-supplier\/","name":"200ml inverted cone glass reed diffuser bottle supplier","isPartOf":{"@id":"https:\/\/glass-perfume-bottles.com\/#website"},"primaryImageOfPage":{"@id":"https:\/\/glass-perfume-bottles.com\/fr\/produit\/custom-200ml-inverted-cone-glass-reed-diffuser-bottle-supplier\/#primaryimage"},"image":{"@id":"https:\/\/glass-perfume-bottles.com\/fr\/produit\/custom-200ml-inverted-cone-glass-reed-diffuser-bottle-supplier\/#primaryimage"},"thumbnailUrl":"https:\/\/glass-perfume-bottles.com\/wp-content\/uploads\/2025\/01\/Custom-200ml-inverted-cone-glass-reed-diffuser-bottle-supplier.jpg","datePublished":"2025-01-07T14:45:07+00:00","dateModified":"2025-01-11T14:48:07+00:00","description":"Custom 200ml inverted cone glass reed diffuser bottle with wooden cap, made of high white glass material,small order is possible","breadcrumb":{"@id":"https:\/\/glass-perfume-bottles.com\/fr\/produit\/custom-200ml-inverted-cone-glass-reed-diffuser-bottle-supplier\/#breadcrumb"},"inLanguage":"it-IT","potentialAction":[{"@type":"ReadAction","target":["https:\/\/glass-perfume-bottles.com\/fr\/produit\/custom-200ml-inverted-cone-glass-reed-diffuser-bottle-supplier\/"]}]},{"@type":"ImageObject","inLanguage":"it-IT","@id":"https:\/\/glass-perfume-bottles.com\/fr\/produit\/custom-200ml-inverted-cone-glass-reed-diffuser-bottle-supplier\/#primaryimage","url":"https:\/\/glass-perfume-bottles.com\/wp-content\/uploads\/2025\/01\/Custom-200ml-inverted-cone-glass-reed-diffuser-bottle-supplier.jpg","contentUrl":"https:\/\/glass-perfume-bottles.com\/wp-content\/uploads\/2025\/01\/Custom-200ml-inverted-cone-glass-reed-diffuser-bottle-supplier.jpg","width":720,"height":720,"caption":"Luxury glass aroma reed diffuser bottle made of high white glass material\uff0cThe bottom of the thickened bottle is firmly placed and the mouth of the bottle is smooth,welcome send us your design ,we will provide first rate service and quality stable bottles for you."},{"@type":"BreadcrumbList","@id":"https:\/\/glass-perfume-bottles.com\/fr\/produit\/custom-200ml-inverted-cone-glass-reed-diffuser-bottle-supplier\/#breadcrumb","itemListElement":[{"@type":"ListItem","position":1,"name":"Home","item":"https:\/\/glass-perfume-bottles.com\/"},{"@type":"ListItem","position":2,"name":"Product","item":"https:\/\/glass-perfume-bottles.com\/custom-made-perfume-bottle-suppliers-and-wholesale\/"},{"@type":"ListItem","position":3,"name":"Custom 200ml inverted cone glass aroma reed diffuser bottle supplier"}]},{"@type":"WebSite","@id":"https:\/\/glass-perfume-bottles.com\/#website","url":"https:\/\/glass-perfume-bottles.com\/","name":"HY GLASS","description":"glass perfume bottle manufacturers &amp; suppliers, aroma reed diffuser bottle wholesale &amp; suppliers","publisher":{"@id":"https:\/\/glass-perfume-bottles.com\/#organization"},"potentialAction":[{"@type":"SearchAction","target":{"@type":"EntryPoint","urlTemplate":"https:\/\/glass-perfume-bottles.com\/?s={search_term_string}"},"query-input":{"@type":"PropertyValueSpecification","valueRequired":true,"valueName":"search_term_string"}}],"inLanguage":"it-IT"},{"@type":"Organization","@id":"https:\/\/glass-perfume-bottles.com\/#organization","name":"HY GLASS","url":"https:\/\/glass-perfume-bottles.com\/","logo":{"@type":"ImageObject","inLanguage":"it-IT","@id":"https:\/\/glass-perfume-bottles.com\/#\/schema\/logo\/image\/","url":"https:\/\/glass-perfume-bottles.com\/wp-content\/uploads\/2023\/09\/logo21.png","contentUrl":"https:\/\/glass-perfume-bottles.com\/wp-content\/uploads\/2023\/09\/logo21.png","width":342,"height":268,"caption":"HY GLASS"},"image":{"@id":"https:\/\/glass-perfume-bottles.com\/#\/schema\/logo\/image\/"}}]}},"taxonomy_info":{"product_cat":[{"value":71,"label":"Glass Aroma Reed Diffuser Bottle"}],"product_tag":[{"value":72,"label":"Aroma reed diffuser bottle"},{"value":73,"label":"Empty reed diffuser bottle supplier"},{"value":76,"label":"Home fragrance oil bottle wholesale"},{"value":75,"label":"Reed diffuser bottle manufacturer"},{"value":74,"label":"Wholesale aromatherapy bottle factory"}]},"featured_image_src_large":["https:\/\/glass-perfume-bottles.com\/wp-content\/uploads\/2025\/01\/Custom-200ml-inverted-cone-glass-reed-diffuser-bottle-supplier.jpg",720,720,false],"author_info":[],"comment_info":0,"_links":{"self":[{"href":"https:\/\/glass-perfume-bottles.com\/it\/wp-json\/wp\/v2\/product\/1993","targetHints":{"allow":["GET"]}}],"collection":[{"href":"https:\/\/glass-perfume-bottles.com\/it\/wp-json\/wp\/v2\/product"}],"about":[{"href":"https:\/\/glass-perfume-bottles.com\/it\/wp-json\/wp\/v2\/types\/product"}],"replies":[{"embeddable":true,"href":"https:\/\/glass-perfume-bottles.com\/it\/wp-json\/wp\/v2\/comments?post=1993"}],"wp:featuredmedia":[{"embeddable":true,"href":"https:\/\/glass-perfume-bottles.com\/it\/wp-json\/wp\/v2\/media\/1994"}],"wp:attachment":[{"href":"https:\/\/glass-perfume-bottles.com\/it\/wp-json\/wp\/v2\/media?parent=1993"}],"wp:term":[{"taxonomy":"product_brand","embeddable":true,"href":"https:\/\/glass-perfume-bottles.com\/it\/wp-json\/wp\/v2\/product_brand?post=1993"},{"taxonomy":"product_cat","embeddable":true,"href":"https:\/\/glass-perfume-bottles.com\/it\/wp-json\/wp\/v2\/product_cat?post=1993"},{"taxonomy":"product_tag","embeddable":true,"href":"https:\/\/glass-perfume-bottles.com\/it\/wp-json\/wp\/v2\/product_tag?post=1993"}],"curies":[{"name":"wp","href":"https:\/\/api.w.org\/{rel}","templated":true}]}}