{"id":2022,"date":"2025-01-11T04:11:00","date_gmt":"2025-01-11T04:11:00","guid":{"rendered":"https:\/\/glass-perfume-bottles.com\/?post_type=product&#038;p=2022"},"modified":"2025-01-11T14:45:18","modified_gmt":"2025-01-11T14:45:18","slug":"30ml-50ml-100ml-perfume-bottle-with-cap","status":"publish","type":"product","link":"https:\/\/glass-perfume-bottles.com\/it\/prodotto\/30ml-50ml-100ml-perfume-bottle-with-cap\/","title":{"rendered":"Flacone di profumo cilindrico all&#039;ingrosso da 30 ml, 50 ml e 100 ml con tappo"},"content":{"rendered":"<table>\n<tbody>\n<tr>\n<td width=\"158\">Nome del prodotto<\/td>\n<td width=\"591\">Flacone di profumo all&#039;ingrosso da 30 ml, 50 ml e 100 ml con tappo<\/td>\n<\/tr>\n<tr>\n<td width=\"158\">Capacit\u00e0<\/td>\n<td width=\"591\">30 ml, 50 ml, 100 ml (disponibili altre dimensioni)<\/td>\n<\/tr>\n<tr>\n<td width=\"158\">Misurare<\/td>\n<td width=\"591\">30 ml: 38x92 mm 50 ml: 44x104 mm 100 ml: 54x121 mm<\/td>\n<\/tr>\n<tr>\n<td width=\"158\">Bocca<\/td>\n<td width=\"591\">Crimpatura da 15 mm<span style=\"font-family: inherit; font-size: inherit;\"> bocca<\/span><\/td>\n<\/tr>\n<tr>\n<td width=\"158\">Materiale<\/td>\n<td width=\"591\">Vetro bianco cristallo di alta qualit\u00e0 resistente alle alte temperature<\/td>\n<\/tr>\n<tr>\n<td width=\"158\">Colore del corpo<\/td>\n<td width=\"591\">Trasparente, rosso, nero, blu, satinato, verde, rosa o colore personalizzato<\/td>\n<\/tr>\n<tr>\n<td width=\"158\">Gestione della superficie<\/td>\n<td width=\"591\">\n<ol>\n<li>Stampa serigrafica<\/li>\n<li>Stampa a caldo<\/li>\n<li>\u00a0Rivestimento UV<\/li>\n<li>Smerigliato<\/li>\n<li>\u00a0Decal<\/li>\n<li>\u00a0Floccaggio<\/li>\n<li>Etichettatura<\/li>\n<li>Verniciatura a colori o personalizzata in base alle vostre esigenze<\/li>\n<\/ol>\n<\/td>\n<\/tr>\n<tr>\n<td width=\"158\">Utilizzo<\/td>\n<td width=\"591\">\u00a0Profumo\/siero\/olio essenziale\/olio profumato per la casa\/tonico<\/td>\n<\/tr>\n<tr>\n<td width=\"158\">Imballaggio<\/td>\n<td width=\"591\">Esportazione di cartone e pallet di compensato,<\/td>\n<\/tr>\n<tr>\n<td width=\"158\">Quantit\u00e0 minima<\/td>\n<td width=\"591\">2.000 pezzi (poich\u00e9 esiste un design personalizzato)<\/td>\n<\/tr>\n<tr>\n<td width=\"158\">Campione<\/td>\n<td width=\"591\">Campione gratuito, spese di spedizione a carico dell&#039;acquirente.<\/td>\n<\/tr>\n<tr>\n<td width=\"158\">Trasporto<\/td>\n<td width=\"591\">FedEx\/DHL\/EMS\/UPS\/TNT\/Via mare\/Via aerea, ecc.<\/td>\n<\/tr>\n<tr>\n<td width=\"158\">Modalit\u00e0 di pagamento<\/td>\n<td width=\"591\">Bonifico bancario, L\/C, Western Union, Money Gram, Paypal, ecc.<\/td>\n<\/tr>\n<tr>\n<td width=\"158\">Tempi di consegna<\/td>\n<td width=\"591\">Campione in 1-2 giorni, produzione dell&#039;ordine in 20-45 giorni, a seconda dei dettagli dell&#039;ordine.<\/td>\n<\/tr>\n<tr>\n<td width=\"158\">Servizio<\/td>\n<td width=\"591\">Servizio OEM e ODM, servizio di progettazione, soluzione one-stop<\/td>\n<\/tr>\n<\/tbody>\n<\/table>\n<p>All&#039;ingrosso 30ml 50ml 100ml <a href=\"https:\/\/glass-perfume-bottles.com\/it\/prodotto\/100ml-amber-sloping-shoulder-glass-perfume-bottle-supplier\/\">cilindro Bottiglia di profumo<\/a> realizzato in vetro bianco cristallo di alta qualit\u00e0 resistente alle alte temperature, di alta qualit\u00e0 e trasparenza, capacit\u00e0 mini da 30 ml a 100 ml, da mettere in borsa, facile da trasportare, accetta rivestimenti colorati personalizzati, smerigliato, stampa a caldo, floccatura ecc. prezzi, possiamo anche personalizzare qualsiasi forma e capacit\u00e0 per il cliente,<\/p>\n<p>Come professionista <a href=\"https:\/\/glass-perfume-bottles.com\/it\/prodotto\/30ml-cylinder-glass-spray-perfume-bottle-with-lid-factory\/\">bottiglia di profumo in vetro<\/a> fabbrica, abbiamo prodotto diverse forme e capacit\u00e0 per il cliente, possiamo anche fornire diversi pacchetti di flaconi di profumo come scatole con diverse dimensioni e materiali. Come carta Kraft, cartone, carta artistica, cartone ondulato, carta patinata, ecc. e la stampa della scatola del profumo con diverse tecnologie.<\/p>\n<p>Grazie alla nostra linea di produzione professionale e al nostro team di progettazione, possiamo offrire al cliente un servizio di prima qualit\u00e0 e prodotti stabili. Inviateci le vostre richieste, vi aspettiamo.<\/p>","protected":false},"excerpt":{"rendered":"<p>Flaconi spray per profumo in vetro cilindrico da 30 ml, 50 ml e 100 ml all&#039;ingrosso, realizzati in vetro bianco cristallino, di alta qualit\u00e0 e trasparenza. In qualit\u00e0 di fabbrica professionale di flaconi per profumo, disponiamo di una linea di produzione professionale e di un team di progettazione, possiamo fornire un servizio di prima qualit\u00e0 e un prodotto stabile per il cliente. Inviateci le vostre richieste, vi aspettiamo.<\/p>","protected":false},"featured_media":2023,"comment_status":"open","ping_status":"closed","template":"","meta":{"_kad_blocks_custom_css":"","_kad_blocks_head_custom_js":"","_kad_blocks_body_custom_js":"","_kad_blocks_footer_custom_js":"","_kad_post_transparent":"default","_kad_post_title":"","_kad_post_layout":"default","_kad_post_sidebar_id":"","_kad_post_content_style":"default","_kad_post_vertical_padding":"default","_kad_post_feature":"","_kad_post_feature_position":"","_kad_post_header":false,"_kad_post_footer":false,"_joinchat":{"telephone":"+8613813299086"}},"product_brand":[],"product_cat":[51],"product_tag":[69,78,95,67,66],"class_list":{"0":"post-2022","1":"product","2":"type-product","3":"status-publish","4":"has-post-thumbnail","6":"product_cat-glass-perfume-bottles","7":"product_tag-custom-glass-perfume-bottle-factory","8":"product_tag-cylinder-glass-perfume-bottle-manufacturer","9":"product_tag-luxury-glass-perfume-bottle","10":"product_tag-square-glass-perfume-bottle-supplier","11":"product_tag-wholesale-glass-perfume-bottle","13":"first","14":"instock","15":"shipping-taxable","16":"product-type-simple","17":"entry","18":"content-bg","19":"loop-entry"},"yoast_head":"<!-- This site is optimized with the Yoast SEO Premium plugin v20.5 (Yoast SEO v24.2) - https:\/\/yoast.com\/wordpress\/plugins\/seo\/ -->\n<title>50ml 100ml Cylinder glass spray perfume bottle with lid factory<\/title>\n<meta name=\"description\" content=\"Wholesale 30ml 50ml 100ml cylinder Perfume bottle ,have high quality and transparency \uff0cmini capacity from 30ml-100ml put in your bag easy to carry,\" \/>\n<meta name=\"robots\" content=\"index, follow, max-snippet:-1, max-image-preview:large, max-video-preview:-1\" \/>\n<link rel=\"canonical\" href=\"https:\/\/glass-perfume-bottles.com\/it\/producto\/30ml-50ml-100ml-perfume-bottle-with-cap\/\" \/>\n<meta property=\"og:locale\" content=\"it_IT\" \/>\n<meta property=\"og:type\" content=\"article\" \/>\n<meta property=\"og:title\" content=\"Wholesale 30ml 50ml 100ml cylinder Perfume bottle with cap\" \/>\n<meta property=\"og:description\" content=\"Wholesale 30ml 50ml 100ml cylinder Perfume bottle ,have high quality and transparency \uff0cmini capacity from 30ml-100ml put in your bag easy to carry,\" \/>\n<meta property=\"og:url\" content=\"https:\/\/glass-perfume-bottles.com\/it\/producto\/30ml-50ml-100ml-perfume-bottle-with-cap\/\" \/>\n<meta property=\"og:site_name\" content=\"HY GLASS\" \/>\n<meta property=\"article:modified_time\" content=\"2025-01-11T14:45:18+00:00\" \/>\n<meta property=\"og:image\" content=\"https:\/\/glass-perfume-bottles.com\/wp-content\/uploads\/2025\/01\/30ml-50ml-100ml-Perfume-bottle-with-cap.jpg\" \/>\n\t<meta property=\"og:image:width\" content=\"720\" \/>\n\t<meta property=\"og:image:height\" content=\"720\" \/>\n\t<meta property=\"og:image:type\" content=\"image\/jpeg\" \/>\n<meta name=\"twitter:card\" content=\"summary_large_image\" \/>\n<meta name=\"twitter:label1\" content=\"Tempo di lettura stimato\" \/>\n\t<meta name=\"twitter:data1\" content=\"2 minuti\" \/>\n<script type=\"application\/ld+json\" class=\"yoast-schema-graph\">{\"@context\":\"https:\/\/schema.org\",\"@graph\":[{\"@type\":\"WebPage\",\"@id\":\"https:\/\/glass-perfume-bottles.com\/es\/producto\/30ml-50ml-100ml-perfume-bottle-with-cap\/\",\"url\":\"https:\/\/glass-perfume-bottles.com\/es\/producto\/30ml-50ml-100ml-perfume-bottle-with-cap\/\",\"name\":\"50ml 100ml Cylinder glass spray perfume bottle with lid factory\",\"isPartOf\":{\"@id\":\"https:\/\/glass-perfume-bottles.com\/#website\"},\"primaryImageOfPage\":{\"@id\":\"https:\/\/glass-perfume-bottles.com\/es\/producto\/30ml-50ml-100ml-perfume-bottle-with-cap\/#primaryimage\"},\"image\":{\"@id\":\"https:\/\/glass-perfume-bottles.com\/es\/producto\/30ml-50ml-100ml-perfume-bottle-with-cap\/#primaryimage\"},\"thumbnailUrl\":\"https:\/\/glass-perfume-bottles.com\/wp-content\/uploads\/2025\/01\/30ml-50ml-100ml-Perfume-bottle-with-cap.jpg\",\"datePublished\":\"2025-01-11T04:11:00+00:00\",\"dateModified\":\"2025-01-11T14:45:18+00:00\",\"description\":\"Wholesale 30ml 50ml 100ml cylinder Perfume bottle ,have high quality and transparency \uff0cmini capacity from 30ml-100ml put in your bag easy to carry,\",\"breadcrumb\":{\"@id\":\"https:\/\/glass-perfume-bottles.com\/es\/producto\/30ml-50ml-100ml-perfume-bottle-with-cap\/#breadcrumb\"},\"inLanguage\":\"it-IT\",\"potentialAction\":[{\"@type\":\"ReadAction\",\"target\":[\"https:\/\/glass-perfume-bottles.com\/es\/producto\/30ml-50ml-100ml-perfume-bottle-with-cap\/\"]}]},{\"@type\":\"ImageObject\",\"inLanguage\":\"it-IT\",\"@id\":\"https:\/\/glass-perfume-bottles.com\/es\/producto\/30ml-50ml-100ml-perfume-bottle-with-cap\/#primaryimage\",\"url\":\"https:\/\/glass-perfume-bottles.com\/wp-content\/uploads\/2025\/01\/30ml-50ml-100ml-Perfume-bottle-with-cap.jpg\",\"contentUrl\":\"https:\/\/glass-perfume-bottles.com\/wp-content\/uploads\/2025\/01\/30ml-50ml-100ml-Perfume-bottle-with-cap.jpg\",\"width\":720,\"height\":720,\"caption\":\"Wholesale 30ml 50ml 100ml cylinder Perfume bottle made of Premium high temperature resistance crystal white glass,have high quality and transparency \uff0cmini capacity from 30ml-100ml put in your bag easy to carry,accept custom color coating\u3001frosted\u3001hot stamping\u3001flocking etc pricess,we can also custom any shape and capacity for client,\"},{\"@type\":\"BreadcrumbList\",\"@id\":\"https:\/\/glass-perfume-bottles.com\/es\/producto\/30ml-50ml-100ml-perfume-bottle-with-cap\/#breadcrumb\",\"itemListElement\":[{\"@type\":\"ListItem\",\"position\":1,\"name\":\"Home\",\"item\":\"https:\/\/glass-perfume-bottles.com\/\"},{\"@type\":\"ListItem\",\"position\":2,\"name\":\"Product\",\"item\":\"https:\/\/glass-perfume-bottles.com\/custom-made-perfume-bottle-suppliers-and-wholesale\/\"},{\"@type\":\"ListItem\",\"position\":3,\"name\":\"Wholesale 30ml 50ml 100ml cylinder Perfume bottle with cap\"}]},{\"@type\":\"WebSite\",\"@id\":\"https:\/\/glass-perfume-bottles.com\/#website\",\"url\":\"https:\/\/glass-perfume-bottles.com\/\",\"name\":\"HY GLASS\",\"description\":\"glass perfume bottle manufacturers &amp; suppliers, aroma reed diffuser bottle wholesale &amp; suppliers\",\"publisher\":{\"@id\":\"https:\/\/glass-perfume-bottles.com\/#organization\"},\"potentialAction\":[{\"@type\":\"SearchAction\",\"target\":{\"@type\":\"EntryPoint\",\"urlTemplate\":\"https:\/\/glass-perfume-bottles.com\/?s={search_term_string}\"},\"query-input\":{\"@type\":\"PropertyValueSpecification\",\"valueRequired\":true,\"valueName\":\"search_term_string\"}}],\"inLanguage\":\"it-IT\"},{\"@type\":\"Organization\",\"@id\":\"https:\/\/glass-perfume-bottles.com\/#organization\",\"name\":\"HY GLASS\",\"url\":\"https:\/\/glass-perfume-bottles.com\/\",\"logo\":{\"@type\":\"ImageObject\",\"inLanguage\":\"it-IT\",\"@id\":\"https:\/\/glass-perfume-bottles.com\/#\/schema\/logo\/image\/\",\"url\":\"https:\/\/glass-perfume-bottles.com\/wp-content\/uploads\/2023\/09\/logo21.png\",\"contentUrl\":\"https:\/\/glass-perfume-bottles.com\/wp-content\/uploads\/2023\/09\/logo21.png\",\"width\":342,\"height\":268,\"caption\":\"HY GLASS\"},\"image\":{\"@id\":\"https:\/\/glass-perfume-bottles.com\/#\/schema\/logo\/image\/\"}}]}<\/script>\n<!-- \/ Yoast SEO Premium plugin. -->","yoast_head_json":{"title":"50ml 100ml Cylinder glass spray perfume bottle with lid factory","description":"Wholesale 30ml 50ml 100ml cylinder Perfume bottle ,have high quality and transparency \uff0cmini capacity from 30ml-100ml put in your bag easy to carry,","robots":{"index":"index","follow":"follow","max-snippet":"max-snippet:-1","max-image-preview":"max-image-preview:large","max-video-preview":"max-video-preview:-1"},"canonical":"https:\/\/glass-perfume-bottles.com\/it\/producto\/30ml-50ml-100ml-perfume-bottle-with-cap\/","og_locale":"it_IT","og_type":"article","og_title":"Wholesale 30ml 50ml 100ml cylinder Perfume bottle with cap","og_description":"Wholesale 30ml 50ml 100ml cylinder Perfume bottle ,have high quality and transparency \uff0cmini capacity from 30ml-100ml put in your bag easy to carry,","og_url":"https:\/\/glass-perfume-bottles.com\/it\/producto\/30ml-50ml-100ml-perfume-bottle-with-cap\/","og_site_name":"HY GLASS","article_modified_time":"2025-01-11T14:45:18+00:00","og_image":[{"width":720,"height":720,"url":"https:\/\/glass-perfume-bottles.com\/wp-content\/uploads\/2025\/01\/30ml-50ml-100ml-Perfume-bottle-with-cap.jpg","type":"image\/jpeg"}],"twitter_card":"summary_large_image","twitter_misc":{"Tempo di lettura stimato":"2 minuti"},"schema":{"@context":"https:\/\/schema.org","@graph":[{"@type":"WebPage","@id":"https:\/\/glass-perfume-bottles.com\/es\/producto\/30ml-50ml-100ml-perfume-bottle-with-cap\/","url":"https:\/\/glass-perfume-bottles.com\/es\/producto\/30ml-50ml-100ml-perfume-bottle-with-cap\/","name":"50ml 100ml Cylinder glass spray perfume bottle with lid factory","isPartOf":{"@id":"https:\/\/glass-perfume-bottles.com\/#website"},"primaryImageOfPage":{"@id":"https:\/\/glass-perfume-bottles.com\/es\/producto\/30ml-50ml-100ml-perfume-bottle-with-cap\/#primaryimage"},"image":{"@id":"https:\/\/glass-perfume-bottles.com\/es\/producto\/30ml-50ml-100ml-perfume-bottle-with-cap\/#primaryimage"},"thumbnailUrl":"https:\/\/glass-perfume-bottles.com\/wp-content\/uploads\/2025\/01\/30ml-50ml-100ml-Perfume-bottle-with-cap.jpg","datePublished":"2025-01-11T04:11:00+00:00","dateModified":"2025-01-11T14:45:18+00:00","description":"Wholesale 30ml 50ml 100ml cylinder Perfume bottle ,have high quality and transparency \uff0cmini capacity from 30ml-100ml put in your bag easy to carry,","breadcrumb":{"@id":"https:\/\/glass-perfume-bottles.com\/es\/producto\/30ml-50ml-100ml-perfume-bottle-with-cap\/#breadcrumb"},"inLanguage":"it-IT","potentialAction":[{"@type":"ReadAction","target":["https:\/\/glass-perfume-bottles.com\/es\/producto\/30ml-50ml-100ml-perfume-bottle-with-cap\/"]}]},{"@type":"ImageObject","inLanguage":"it-IT","@id":"https:\/\/glass-perfume-bottles.com\/es\/producto\/30ml-50ml-100ml-perfume-bottle-with-cap\/#primaryimage","url":"https:\/\/glass-perfume-bottles.com\/wp-content\/uploads\/2025\/01\/30ml-50ml-100ml-Perfume-bottle-with-cap.jpg","contentUrl":"https:\/\/glass-perfume-bottles.com\/wp-content\/uploads\/2025\/01\/30ml-50ml-100ml-Perfume-bottle-with-cap.jpg","width":720,"height":720,"caption":"Wholesale 30ml 50ml 100ml cylinder Perfume bottle made of Premium high temperature resistance crystal white glass,have high quality and transparency \uff0cmini capacity from 30ml-100ml put in your bag easy to carry,accept custom color coating\u3001frosted\u3001hot stamping\u3001flocking etc pricess,we can also custom any shape and capacity for client,"},{"@type":"BreadcrumbList","@id":"https:\/\/glass-perfume-bottles.com\/es\/producto\/30ml-50ml-100ml-perfume-bottle-with-cap\/#breadcrumb","itemListElement":[{"@type":"ListItem","position":1,"name":"Home","item":"https:\/\/glass-perfume-bottles.com\/"},{"@type":"ListItem","position":2,"name":"Product","item":"https:\/\/glass-perfume-bottles.com\/custom-made-perfume-bottle-suppliers-and-wholesale\/"},{"@type":"ListItem","position":3,"name":"Wholesale 30ml 50ml 100ml cylinder Perfume bottle with cap"}]},{"@type":"WebSite","@id":"https:\/\/glass-perfume-bottles.com\/#website","url":"https:\/\/glass-perfume-bottles.com\/","name":"HY GLASS","description":"glass perfume bottle manufacturers &amp; suppliers, aroma reed diffuser bottle wholesale &amp; suppliers","publisher":{"@id":"https:\/\/glass-perfume-bottles.com\/#organization"},"potentialAction":[{"@type":"SearchAction","target":{"@type":"EntryPoint","urlTemplate":"https:\/\/glass-perfume-bottles.com\/?s={search_term_string}"},"query-input":{"@type":"PropertyValueSpecification","valueRequired":true,"valueName":"search_term_string"}}],"inLanguage":"it-IT"},{"@type":"Organization","@id":"https:\/\/glass-perfume-bottles.com\/#organization","name":"HY GLASS","url":"https:\/\/glass-perfume-bottles.com\/","logo":{"@type":"ImageObject","inLanguage":"it-IT","@id":"https:\/\/glass-perfume-bottles.com\/#\/schema\/logo\/image\/","url":"https:\/\/glass-perfume-bottles.com\/wp-content\/uploads\/2023\/09\/logo21.png","contentUrl":"https:\/\/glass-perfume-bottles.com\/wp-content\/uploads\/2023\/09\/logo21.png","width":342,"height":268,"caption":"HY GLASS"},"image":{"@id":"https:\/\/glass-perfume-bottles.com\/#\/schema\/logo\/image\/"}}]}},"taxonomy_info":{"product_cat":[{"value":51,"label":"Glass Perfume Bottle"}],"product_tag":[{"value":69,"label":"Custom glass perfume bottle factory"},{"value":78,"label":"Cylinder glass perfume bottle manufacturer"},{"value":95,"label":"Luxury glass perfume bottle"},{"value":67,"label":"Square glass perfume bottle supplier"},{"value":66,"label":"Wholesale glass perfume bottle"}]},"featured_image_src_large":["https:\/\/glass-perfume-bottles.com\/wp-content\/uploads\/2025\/01\/30ml-50ml-100ml-Perfume-bottle-with-cap.jpg",720,720,false],"author_info":[],"comment_info":0,"_links":{"self":[{"href":"https:\/\/glass-perfume-bottles.com\/it\/wp-json\/wp\/v2\/product\/2022","targetHints":{"allow":["GET"]}}],"collection":[{"href":"https:\/\/glass-perfume-bottles.com\/it\/wp-json\/wp\/v2\/product"}],"about":[{"href":"https:\/\/glass-perfume-bottles.com\/it\/wp-json\/wp\/v2\/types\/product"}],"replies":[{"embeddable":true,"href":"https:\/\/glass-perfume-bottles.com\/it\/wp-json\/wp\/v2\/comments?post=2022"}],"wp:featuredmedia":[{"embeddable":true,"href":"https:\/\/glass-perfume-bottles.com\/it\/wp-json\/wp\/v2\/media\/2023"}],"wp:attachment":[{"href":"https:\/\/glass-perfume-bottles.com\/it\/wp-json\/wp\/v2\/media?parent=2022"}],"wp:term":[{"taxonomy":"product_brand","embeddable":true,"href":"https:\/\/glass-perfume-bottles.com\/it\/wp-json\/wp\/v2\/product_brand?post=2022"},{"taxonomy":"product_cat","embeddable":true,"href":"https:\/\/glass-perfume-bottles.com\/it\/wp-json\/wp\/v2\/product_cat?post=2022"},{"taxonomy":"product_tag","embeddable":true,"href":"https:\/\/glass-perfume-bottles.com\/it\/wp-json\/wp\/v2\/product_tag?post=2022"}],"curies":[{"name":"wp","href":"https:\/\/api.w.org\/{rel}","templated":true}]}}