{"id":2167,"date":"2025-01-24T09:21:07","date_gmt":"2025-01-24T09:21:07","guid":{"rendered":"https:\/\/glass-perfume-bottles.com\/?post_type=product&#038;p=2167"},"modified":"2025-01-24T09:39:54","modified_gmt":"2025-01-24T09:39:54","slug":"custom-cylinder-paper-tube-box-supplier","status":"publish","type":"product","link":"https:\/\/glass-perfume-bottles.com\/it\/prodotto\/custom-cylinder-paper-tube-box-supplier\/","title":{"rendered":"Fornitore di scatole di tubi di carta cilindrici personalizzati"},"content":{"rendered":"<table>\n<tbody>\n<tr>\n<td width=\"158\">Nome del prodotto<\/td>\n<td width=\"591\">Fornitore di scatole di tubi di carta cilindrici personalizzati<\/td>\n<\/tr>\n<tr>\n<td width=\"158\">Materiale<\/td>\n<td width=\"591\">Carta patinata, carta artistica (C1S, C2S), cartone grigio\/bianco\/nero, carta kraft, carta ondulata, carta speciale, CCNB, ecc.<\/td>\n<\/tr>\n<tr>\n<td width=\"158\">Stampa Consegna<\/td>\n<td width=\"591\">Vernice lucida\/opaca, plastificazione lucida\/opaca, stampa a caldo in oro\/argento, UV spot, goffratura, ecc.<\/td>\n<\/tr>\n<tr>\n<td width=\"158\">Scatole Accessorio<\/td>\n<td width=\"591\">Vassoio in PVC o PET, EVA, spugna, velluto, vassoio VAC, nastro,<\/p>\n<p>Inserti in cartone o floccaggio.<\/td>\n<\/tr>\n<tr>\n<td width=\"158\">Utilizzato per<\/td>\n<td width=\"591\">Confezionamento di profumi, cosmetici, regali, oli essenziali, ecc.<\/td>\n<\/tr>\n<tr>\n<td width=\"158\">Forma<\/td>\n<td width=\"591\">Forma rotonda\/quadrata\/rettangolare o personalizzata.<\/td>\n<\/tr>\n<tr>\n<td width=\"158\">Colore<\/td>\n<td width=\"591\">Processo a 4 colori (CMYK) o colori Pantone (PMS)<\/td>\n<\/tr>\n<tr>\n<td width=\"158\">Formato dell&#039;opera d&#039;arte<\/td>\n<td width=\"591\">AI, PDF, PS, CDR, ecc.<\/td>\n<\/tr>\n<tr>\n<td width=\"158\">Quantit\u00e0 minima<\/td>\n<td width=\"591\">500 pezzi<\/td>\n<\/tr>\n<tr>\n<td width=\"158\">Campione<\/td>\n<td width=\"591\">Sono necessari i costi dei campioni e della spedizione<\/td>\n<\/tr>\n<tr>\n<td width=\"158\">Trasporto<\/td>\n<td width=\"591\">FedEx\/DHL\/EMS\/UPS\/TNT\/Via mare\/Via aerea, ecc.<\/td>\n<\/tr>\n<tr>\n<td width=\"158\">Modalit\u00e0 di pagamento<\/td>\n<td width=\"591\">Bonifico bancario, L\/C, Western Union, Money Gram, Paypal, ecc.<\/td>\n<\/tr>\n<tr>\n<td width=\"158\">Tempi di consegna<\/td>\n<td width=\"591\">Campioni in 5-7 giorni, produzione dell&#039;ordine in 10-20 giorni, a seconda dei dettagli dell&#039;ordine.<\/td>\n<\/tr>\n<tr>\n<td width=\"158\">Servizio<\/td>\n<td width=\"591\">Servizio OEM e ODM, servizio di progettazione, soluzione one-stop<\/td>\n<\/tr>\n<\/tbody>\n<\/table>\n<p>&nbsp;<\/p>\n<p>In qualit\u00e0 di fabbrica professionale di flaconi di profumo, forniamo anche diverse confezioni di flaconi di profumo ai clienti; la nostra scatola cilindrica in tubo di carta \u00e8 realizzata con materiali e materie prime di buona qualit\u00e0, elevata solidit\u00e0, nessuna deformazione, nessun sbiadimento, durevole, una variet\u00e0 di stili tra cui scegliere.<\/p>\n<p>Scatola personalizzata con diverse dimensioni e materiali. Come carta Kraft, cartone, carta artistica, cartone ondulato, carta patinata, ecc. e la scatola del profumo stampata con diverse tecnologie.<\/p>\n<p>&nbsp;<\/p>","protected":false},"excerpt":{"rendered":"<p>Come fornitore di scatole di tubi di carta cilindrici, produciamo vari tipi di scatole per i clienti, accettiamo stampa a caldo, stampa del logo, stampa UV ecc.<\/p>","protected":false},"featured_media":2168,"comment_status":"open","ping_status":"closed","template":"","meta":{"_kad_blocks_custom_css":"","_kad_blocks_head_custom_js":"","_kad_blocks_body_custom_js":"","_kad_blocks_footer_custom_js":"","_kad_post_transparent":"default","_kad_post_title":"","_kad_post_layout":"default","_kad_post_sidebar_id":"","_kad_post_content_style":"default","_kad_post_vertical_padding":"default","_kad_post_feature":"","_kad_post_feature_position":"","_kad_post_header":false,"_kad_post_footer":false,"_joinchat":[]},"product_brand":[],"product_cat":[54],"product_tag":[64,65,62,124,61],"class_list":{"0":"post-2167","1":"product","2":"type-product","3":"status-publish","4":"has-post-thumbnail","6":"product_cat-perfume-bottle-packaging","7":"product_tag-cosmetic-box","8":"product_tag-display-stand","9":"product_tag-packaging-box","10":"product_tag-paper-tube-box-supplier","11":"product_tag-perfume-box","13":"first","14":"instock","15":"shipping-taxable","16":"product-type-simple","17":"entry","18":"content-bg","19":"loop-entry"},"yoast_head":"<!-- This site is optimized with the Yoast SEO Premium plugin v20.5 (Yoast SEO v24.2) - https:\/\/yoast.com\/wordpress\/plugins\/seo\/ -->\n<title>Paper tube box supplier<\/title>\n<meta name=\"description\" content=\"As a cylinder paper tube box supplier\u00a0,we produce various of box for client ,accept hot stamping\u3001printing logo \u3001uv printing etc process\" \/>\n<meta name=\"robots\" content=\"index, follow, max-snippet:-1, max-image-preview:large, max-video-preview:-1\" \/>\n<link rel=\"canonical\" href=\"https:\/\/glass-perfume-bottles.com\/it\/prodotto\/custom-cylinder-paper-tube-box-supplier\/\" \/>\n<meta property=\"og:locale\" content=\"it_IT\" \/>\n<meta property=\"og:type\" content=\"article\" \/>\n<meta property=\"og:title\" content=\"Custom cylinder paper tube box supplier\" \/>\n<meta property=\"og:description\" content=\"As a cylinder paper tube box supplier\u00a0,we produce various of box for client ,accept hot stamping\u3001printing logo \u3001uv printing etc process\" \/>\n<meta property=\"og:url\" content=\"https:\/\/glass-perfume-bottles.com\/it\/prodotto\/custom-cylinder-paper-tube-box-supplier\/\" \/>\n<meta property=\"og:site_name\" content=\"HY GLASS\" \/>\n<meta property=\"article:modified_time\" content=\"2025-01-24T09:39:54+00:00\" \/>\n<meta property=\"og:image\" content=\"https:\/\/glass-perfume-bottles.com\/wp-content\/uploads\/2025\/01\/Custom-paper-tube-box-supplier.jpg\" \/>\n\t<meta property=\"og:image:width\" content=\"720\" \/>\n\t<meta property=\"og:image:height\" content=\"720\" \/>\n\t<meta property=\"og:image:type\" content=\"image\/jpeg\" \/>\n<meta name=\"twitter:card\" content=\"summary_large_image\" \/>\n<meta name=\"twitter:label1\" content=\"Tempo di lettura stimato\" \/>\n\t<meta name=\"twitter:data1\" content=\"1 minuto\" \/>\n<script type=\"application\/ld+json\" class=\"yoast-schema-graph\">{\"@context\":\"https:\/\/schema.org\",\"@graph\":[{\"@type\":\"WebPage\",\"@id\":\"https:\/\/glass-perfume-bottles.com\/product\/custom-cylinder-paper-tube-box-supplier\/\",\"url\":\"https:\/\/glass-perfume-bottles.com\/product\/custom-cylinder-paper-tube-box-supplier\/\",\"name\":\"Paper tube box supplier\",\"isPartOf\":{\"@id\":\"https:\/\/glass-perfume-bottles.com\/#website\"},\"primaryImageOfPage\":{\"@id\":\"https:\/\/glass-perfume-bottles.com\/product\/custom-cylinder-paper-tube-box-supplier\/#primaryimage\"},\"image\":{\"@id\":\"https:\/\/glass-perfume-bottles.com\/product\/custom-cylinder-paper-tube-box-supplier\/#primaryimage\"},\"thumbnailUrl\":\"https:\/\/glass-perfume-bottles.com\/wp-content\/uploads\/2025\/01\/Custom-paper-tube-box-supplier.jpg\",\"datePublished\":\"2025-01-24T09:21:07+00:00\",\"dateModified\":\"2025-01-24T09:39:54+00:00\",\"description\":\"As a cylinder paper tube box supplier\u00a0,we produce various of box for client ,accept hot stamping\u3001printing logo \u3001uv printing etc process\",\"breadcrumb\":{\"@id\":\"https:\/\/glass-perfume-bottles.com\/product\/custom-cylinder-paper-tube-box-supplier\/#breadcrumb\"},\"inLanguage\":\"it-IT\",\"potentialAction\":[{\"@type\":\"ReadAction\",\"target\":[\"https:\/\/glass-perfume-bottles.com\/product\/custom-cylinder-paper-tube-box-supplier\/\"]}]},{\"@type\":\"ImageObject\",\"inLanguage\":\"it-IT\",\"@id\":\"https:\/\/glass-perfume-bottles.com\/product\/custom-cylinder-paper-tube-box-supplier\/#primaryimage\",\"url\":\"https:\/\/glass-perfume-bottles.com\/wp-content\/uploads\/2025\/01\/Custom-paper-tube-box-supplier.jpg\",\"contentUrl\":\"https:\/\/glass-perfume-bottles.com\/wp-content\/uploads\/2025\/01\/Custom-paper-tube-box-supplier.jpg\",\"width\":720,\"height\":720,\"caption\":\"As a professional perfume bottle factory, we also supply different perfume bottle package for client, our cylinder paper tube box made of good material and raw materials, high firmness, no deformation, no fading, durable, a variety of styles arbitrary choice.\"},{\"@type\":\"BreadcrumbList\",\"@id\":\"https:\/\/glass-perfume-bottles.com\/product\/custom-cylinder-paper-tube-box-supplier\/#breadcrumb\",\"itemListElement\":[{\"@type\":\"ListItem\",\"position\":1,\"name\":\"Home\",\"item\":\"https:\/\/glass-perfume-bottles.com\/\"},{\"@type\":\"ListItem\",\"position\":2,\"name\":\"Product\",\"item\":\"https:\/\/glass-perfume-bottles.com\/custom-made-perfume-bottle-suppliers-and-wholesale\/\"},{\"@type\":\"ListItem\",\"position\":3,\"name\":\"Custom cylinder paper tube box supplier\"}]},{\"@type\":\"WebSite\",\"@id\":\"https:\/\/glass-perfume-bottles.com\/#website\",\"url\":\"https:\/\/glass-perfume-bottles.com\/\",\"name\":\"HY GLASS\",\"description\":\"glass perfume bottle manufacturers &amp; suppliers, aroma reed diffuser bottle wholesale &amp; suppliers\",\"publisher\":{\"@id\":\"https:\/\/glass-perfume-bottles.com\/#organization\"},\"potentialAction\":[{\"@type\":\"SearchAction\",\"target\":{\"@type\":\"EntryPoint\",\"urlTemplate\":\"https:\/\/glass-perfume-bottles.com\/?s={search_term_string}\"},\"query-input\":{\"@type\":\"PropertyValueSpecification\",\"valueRequired\":true,\"valueName\":\"search_term_string\"}}],\"inLanguage\":\"it-IT\"},{\"@type\":\"Organization\",\"@id\":\"https:\/\/glass-perfume-bottles.com\/#organization\",\"name\":\"HY GLASS\",\"url\":\"https:\/\/glass-perfume-bottles.com\/\",\"logo\":{\"@type\":\"ImageObject\",\"inLanguage\":\"it-IT\",\"@id\":\"https:\/\/glass-perfume-bottles.com\/#\/schema\/logo\/image\/\",\"url\":\"https:\/\/glass-perfume-bottles.com\/wp-content\/uploads\/2023\/09\/logo21.png\",\"contentUrl\":\"https:\/\/glass-perfume-bottles.com\/wp-content\/uploads\/2023\/09\/logo21.png\",\"width\":342,\"height\":268,\"caption\":\"HY GLASS\"},\"image\":{\"@id\":\"https:\/\/glass-perfume-bottles.com\/#\/schema\/logo\/image\/\"}}]}<\/script>\n<!-- \/ Yoast SEO Premium plugin. -->","yoast_head_json":{"title":"Paper tube box supplier","description":"As a cylinder paper tube box supplier\u00a0,we produce various of box for client ,accept hot stamping\u3001printing logo \u3001uv printing etc process","robots":{"index":"index","follow":"follow","max-snippet":"max-snippet:-1","max-image-preview":"max-image-preview:large","max-video-preview":"max-video-preview:-1"},"canonical":"https:\/\/glass-perfume-bottles.com\/it\/prodotto\/custom-cylinder-paper-tube-box-supplier\/","og_locale":"it_IT","og_type":"article","og_title":"Custom cylinder paper tube box supplier","og_description":"As a cylinder paper tube box supplier\u00a0,we produce various of box for client ,accept hot stamping\u3001printing logo \u3001uv printing etc process","og_url":"https:\/\/glass-perfume-bottles.com\/it\/prodotto\/custom-cylinder-paper-tube-box-supplier\/","og_site_name":"HY GLASS","article_modified_time":"2025-01-24T09:39:54+00:00","og_image":[{"width":720,"height":720,"url":"https:\/\/glass-perfume-bottles.com\/wp-content\/uploads\/2025\/01\/Custom-paper-tube-box-supplier.jpg","type":"image\/jpeg"}],"twitter_card":"summary_large_image","twitter_misc":{"Tempo di lettura stimato":"1 minuto"},"schema":{"@context":"https:\/\/schema.org","@graph":[{"@type":"WebPage","@id":"https:\/\/glass-perfume-bottles.com\/product\/custom-cylinder-paper-tube-box-supplier\/","url":"https:\/\/glass-perfume-bottles.com\/product\/custom-cylinder-paper-tube-box-supplier\/","name":"Paper tube box supplier","isPartOf":{"@id":"https:\/\/glass-perfume-bottles.com\/#website"},"primaryImageOfPage":{"@id":"https:\/\/glass-perfume-bottles.com\/product\/custom-cylinder-paper-tube-box-supplier\/#primaryimage"},"image":{"@id":"https:\/\/glass-perfume-bottles.com\/product\/custom-cylinder-paper-tube-box-supplier\/#primaryimage"},"thumbnailUrl":"https:\/\/glass-perfume-bottles.com\/wp-content\/uploads\/2025\/01\/Custom-paper-tube-box-supplier.jpg","datePublished":"2025-01-24T09:21:07+00:00","dateModified":"2025-01-24T09:39:54+00:00","description":"As a cylinder paper tube box supplier\u00a0,we produce various of box for client ,accept hot stamping\u3001printing logo \u3001uv printing etc process","breadcrumb":{"@id":"https:\/\/glass-perfume-bottles.com\/product\/custom-cylinder-paper-tube-box-supplier\/#breadcrumb"},"inLanguage":"it-IT","potentialAction":[{"@type":"ReadAction","target":["https:\/\/glass-perfume-bottles.com\/product\/custom-cylinder-paper-tube-box-supplier\/"]}]},{"@type":"ImageObject","inLanguage":"it-IT","@id":"https:\/\/glass-perfume-bottles.com\/product\/custom-cylinder-paper-tube-box-supplier\/#primaryimage","url":"https:\/\/glass-perfume-bottles.com\/wp-content\/uploads\/2025\/01\/Custom-paper-tube-box-supplier.jpg","contentUrl":"https:\/\/glass-perfume-bottles.com\/wp-content\/uploads\/2025\/01\/Custom-paper-tube-box-supplier.jpg","width":720,"height":720,"caption":"As a professional perfume bottle factory, we also supply different perfume bottle package for client, our cylinder paper tube box made of good material and raw materials, high firmness, no deformation, no fading, durable, a variety of styles arbitrary choice."},{"@type":"BreadcrumbList","@id":"https:\/\/glass-perfume-bottles.com\/product\/custom-cylinder-paper-tube-box-supplier\/#breadcrumb","itemListElement":[{"@type":"ListItem","position":1,"name":"Home","item":"https:\/\/glass-perfume-bottles.com\/"},{"@type":"ListItem","position":2,"name":"Product","item":"https:\/\/glass-perfume-bottles.com\/custom-made-perfume-bottle-suppliers-and-wholesale\/"},{"@type":"ListItem","position":3,"name":"Custom cylinder paper tube box supplier"}]},{"@type":"WebSite","@id":"https:\/\/glass-perfume-bottles.com\/#website","url":"https:\/\/glass-perfume-bottles.com\/","name":"HY GLASS","description":"glass perfume bottle manufacturers &amp; suppliers, aroma reed diffuser bottle wholesale &amp; suppliers","publisher":{"@id":"https:\/\/glass-perfume-bottles.com\/#organization"},"potentialAction":[{"@type":"SearchAction","target":{"@type":"EntryPoint","urlTemplate":"https:\/\/glass-perfume-bottles.com\/?s={search_term_string}"},"query-input":{"@type":"PropertyValueSpecification","valueRequired":true,"valueName":"search_term_string"}}],"inLanguage":"it-IT"},{"@type":"Organization","@id":"https:\/\/glass-perfume-bottles.com\/#organization","name":"HY GLASS","url":"https:\/\/glass-perfume-bottles.com\/","logo":{"@type":"ImageObject","inLanguage":"it-IT","@id":"https:\/\/glass-perfume-bottles.com\/#\/schema\/logo\/image\/","url":"https:\/\/glass-perfume-bottles.com\/wp-content\/uploads\/2023\/09\/logo21.png","contentUrl":"https:\/\/glass-perfume-bottles.com\/wp-content\/uploads\/2023\/09\/logo21.png","width":342,"height":268,"caption":"HY GLASS"},"image":{"@id":"https:\/\/glass-perfume-bottles.com\/#\/schema\/logo\/image\/"}}]}},"taxonomy_info":{"product_cat":[{"value":54,"label":"Perfume Bottle Packaging"}],"product_tag":[{"value":64,"label":"Cosmetic Box"},{"value":65,"label":"Display Stand"},{"value":62,"label":"Packaging Box"},{"value":124,"label":"Paper tube box supplier"},{"value":61,"label":"Perfume Box"}]},"featured_image_src_large":["https:\/\/glass-perfume-bottles.com\/wp-content\/uploads\/2025\/01\/Custom-paper-tube-box-supplier.jpg",720,720,false],"author_info":[],"comment_info":0,"_links":{"self":[{"href":"https:\/\/glass-perfume-bottles.com\/it\/wp-json\/wp\/v2\/product\/2167","targetHints":{"allow":["GET"]}}],"collection":[{"href":"https:\/\/glass-perfume-bottles.com\/it\/wp-json\/wp\/v2\/product"}],"about":[{"href":"https:\/\/glass-perfume-bottles.com\/it\/wp-json\/wp\/v2\/types\/product"}],"replies":[{"embeddable":true,"href":"https:\/\/glass-perfume-bottles.com\/it\/wp-json\/wp\/v2\/comments?post=2167"}],"wp:featuredmedia":[{"embeddable":true,"href":"https:\/\/glass-perfume-bottles.com\/it\/wp-json\/wp\/v2\/media\/2168"}],"wp:attachment":[{"href":"https:\/\/glass-perfume-bottles.com\/it\/wp-json\/wp\/v2\/media?parent=2167"}],"wp:term":[{"taxonomy":"product_brand","embeddable":true,"href":"https:\/\/glass-perfume-bottles.com\/it\/wp-json\/wp\/v2\/product_brand?post=2167"},{"taxonomy":"product_cat","embeddable":true,"href":"https:\/\/glass-perfume-bottles.com\/it\/wp-json\/wp\/v2\/product_cat?post=2167"},{"taxonomy":"product_tag","embeddable":true,"href":"https:\/\/glass-perfume-bottles.com\/it\/wp-json\/wp\/v2\/product_tag?post=2167"}],"curies":[{"name":"wp","href":"https:\/\/api.w.org\/{rel}","templated":true}]}}