{"id":2353,"date":"2025-02-17T14:41:09","date_gmt":"2025-02-17T14:41:09","guid":{"rendered":"https:\/\/glass-perfume-bottles.com\/?post_type=product&#038;p=2353"},"modified":"2025-02-17T14:56:14","modified_gmt":"2025-02-17T14:56:14","slug":"30ml-50ml-square-tomford-spray-perfume-bottle","status":"publish","type":"product","link":"https:\/\/glass-perfume-bottles.com\/it\/prodotto\/30ml-50ml-square-tomford-spray-perfume-bottle\/","title":{"rendered":"Flacone spray per profumo Tomford Flat Square da 30 ml e 50 ml"},"content":{"rendered":"<table>\n<tbody>\n<tr>\n<td width=\"158\">Nome del prodotto<\/td>\n<td width=\"591\">Flacone spray per profumo Tomford quadrato piatto<\/td>\n<\/tr>\n<tr>\n<td width=\"158\">Capacit\u00e0<\/td>\n<td width=\"591\">30 ml, 50 ml, 100 ml altre dimensioni disponibili<\/td>\n<\/tr>\n<tr>\n<td width=\"158\">Bocca<\/td>\n<td width=\"591\">Crimpare<\/td>\n<\/tr>\n<tr>\n<td width=\"158\">Misurare<\/td>\n<td width=\"591\"><strong>30ml<\/strong>\uff1a42x27x59mm 77g\u00a0 \u00a0<strong> 50ml<\/strong>\uff1a43x28x85mm 120g<\/td>\n<\/tr>\n<tr>\n<td width=\"158\">Materiale<\/td>\n<td width=\"591\">Vetro bianco alto<\/td>\n<\/tr>\n<tr>\n<td width=\"158\">Colore del corpo<\/td>\n<td width=\"591\">Trasparente, nero, satinato, nero opaco, rosa o colore personalizzato<\/td>\n<\/tr>\n<tr>\n<td width=\"158\">Gestione della superficie<\/td>\n<td width=\"591\">\n<ol>\n<li>Stampa serigrafica<\/li>\n<li>Stampa a caldo<\/li>\n<li>\u00a0Rivestimento UV<\/li>\n<li>Smerigliato<\/li>\n<li>\u00a0Decal<\/li>\n<li>\u00a0Floccaggio<\/li>\n<li>Etichettatura<\/li>\n<li>Verniciatura a colori o personalizzata in base alle vostre esigenze<\/li>\n<\/ol>\n<\/td>\n<\/tr>\n<tr>\n<td width=\"158\">Utilizzo<\/td>\n<td width=\"591\">Profumo\/siero\/olio essenziale\/olio profumato per la casa\/tonico\/deodorante ecc.<\/td>\n<\/tr>\n<tr>\n<td width=\"158\">Imballaggio<\/td>\n<td width=\"591\">Cartone poi pallet di compensato,<\/td>\n<\/tr>\n<tr>\n<td width=\"158\">Campione<\/td>\n<td width=\"591\">Campione gratuito, spese di spedizione a carico dell&#039;acquirente.<\/td>\n<\/tr>\n<tr>\n<td width=\"158\">Trasporto<\/td>\n<td width=\"591\">FedEx\/DHL\/EMS\/UPS\/TNT\/Via mare\/Via aerea, ecc.<\/td>\n<\/tr>\n<tr>\n<td width=\"158\">Modalit\u00e0 di pagamento<\/td>\n<td width=\"591\">Bonifico bancario, L\/C, Western Union, Money Gram, Paypal, ecc.<\/td>\n<\/tr>\n<tr>\n<td width=\"158\">Tempi di consegna<\/td>\n<td width=\"591\">Campione in 1-2 giorni, produzione dell&#039;ordine in 20-45 giorni, a seconda dei dettagli dell&#039;ordine.<\/td>\n<\/tr>\n<tr>\n<td width=\"158\">Servizio<\/td>\n<td width=\"591\">Servizio OEM e ODM, servizio di progettazione, soluzione one-stop<\/td>\n<\/tr>\n<tr>\n<td width=\"158\"><\/td>\n<td width=\"591\"><\/td>\n<\/tr>\n<\/tbody>\n<\/table>\n<p><a href=\"https:\/\/glass-perfume-bottles.com\/it\/prodotto\/3ml-15ml-rectangle-glass-essential-oil-perfume-bottle\/\">Flacone spray per profumo Tomford quadrato piatto <\/a>realizzato in vetro bianco di alta qualit\u00e0, di piccola capacit\u00e0, facile da trasportare, \u00e8 un&#039;ottima scelta per i viaggi e per la casa.<span style=\"font-family: var(--global-body-font-family);\">,<\/span><span style=\"font-family: var(--global-body-font-family);\">comodo per sottoconfezioni di profumi, fragranze per la casa, deodoranti, sieri ecc.<\/span><span style=\"font-family: var(--global-body-font-family);\">\u00a0<\/span><\/p>\n<p><span style=\"font-family: var(--global-body-font-family);\">Possiamo anche fornire diverse confezioni di flaconi di profumo come scatole di diverse dimensioni e materiali. Come carta Kraft, cartone, carta artistica ecc.<\/span><\/p>\n<p>Come professionista <a href=\"https:\/\/glass-perfume-bottles.com\/it\/prodotto\/custom-flat-square-blue-glass-perfume-bottle\/\">bottiglia di profumo<\/a> fabbrica, abbiamo prodotto diverse forme e capacit\u00e0 per il cliente,<span style=\"font-family: var(--global-body-font-family);\">accettiamo rivestimenti colorati, satinati, stampa a caldo, rivestimenti in marmo, floccaggio ecc., processi <\/span>Disponiamo di una linea di produzione professionale e di un team di progettazione; possiamo fornire un servizio di prima qualit\u00e0 e un prodotto stabile al cliente. Inviateci le vostre richieste, vi aspettiamo.<\/p>","protected":false},"excerpt":{"rendered":"<p><a href=\"https:\/\/glass-perfume-bottles.com\/it\/prodotto\/3ml-15ml-rectangle-glass-essential-oil-perfume-bottle\/\">flacone di profumo spray cilindrico<\/a><a href=\"https:\/\/glass-perfume-bottles.com\/it\/prodotto\/wholesale-100ml-cylinder-glass-spray-perfume-bottle-factory\/\">e<\/a> realizzato in vetro bianco di alta qualit\u00e0, capacit\u00e0 minima da 20 ml a 50 ml, facile da trasportare, \u00e8 un&#039;ottima scelta per i viaggi e per la casa.<span style=\"font-family: var(--global-body-font-family);\">,<\/span><span style=\"font-family: var(--global-body-font-family);\">comodo per sottoconfezioni di profumi, fragranze per la casa, deodoranti, sieri ecc.<\/span><span style=\"font-family: var(--global-body-font-family);\">Capacit\u00e0 minima da 5 ml a 30 ml, facile da trasportare, \u00e8 un&#039;ottima scelta per i viaggi e per la casa.<\/span><\/p>\n<div class=\"woocommerce-tabs wc-tabs-wrapper\"><\/div>","protected":false},"featured_media":2354,"comment_status":"open","ping_status":"closed","template":"","meta":{"_kad_blocks_custom_css":"","_kad_blocks_head_custom_js":"","_kad_blocks_body_custom_js":"","_kad_blocks_footer_custom_js":"","_kad_post_transparent":"default","_kad_post_title":"","_kad_post_layout":"default","_kad_post_sidebar_id":"","_kad_post_content_style":"default","_kad_post_vertical_padding":"default","_kad_post_feature":"","_kad_post_feature_position":"","_kad_post_header":false,"_kad_post_footer":false,"_joinchat":[]},"product_brand":[],"product_cat":[51],"product_tag":[120,151,146,152],"class_list":{"0":"post-2353","1":"product","2":"type-product","3":"status-publish","4":"has-post-thumbnail","6":"product_cat-glass-perfume-bottles","7":"product_tag-custom-perfume-bottle-supplier","8":"product_tag-flat-square-tomford-spray-perfume-bottle","9":"product_tag-luxury-spray-perfume-bottle","10":"product_tag-wholesale-perfume-bottle-supplier","12":"first","13":"instock","14":"shipping-taxable","15":"product-type-simple","16":"entry","17":"content-bg","18":"loop-entry"},"yoast_head":"<!-- This site is optimized with the Yoast SEO Premium plugin v20.5 (Yoast SEO v24.2) - https:\/\/yoast.com\/wordpress\/plugins\/seo\/ -->\n<title>Tomford spray perfume bottle<\/title>\n<meta name=\"description\" content=\"30ml 50ml 100ml Tomford spray perfume bottle made of high white glass,mini capacity easyo carry,samll quantity is possible\" \/>\n<meta name=\"robots\" content=\"index, follow, max-snippet:-1, max-image-preview:large, max-video-preview:-1\" \/>\n<link rel=\"canonical\" href=\"https:\/\/glass-perfume-bottles.com\/it\/producto\/30ml-50ml-square-tomford-spray-perfume-bottle\/\" \/>\n<meta property=\"og:locale\" content=\"it_IT\" \/>\n<meta property=\"og:type\" content=\"article\" \/>\n<meta property=\"og:title\" content=\"30ml 50ml Flat Square Tomford spray perfume bottle\" \/>\n<meta property=\"og:description\" content=\"30ml 50ml 100ml Tomford spray perfume bottle made of high white glass,mini capacity easyo carry,samll quantity is possible\" \/>\n<meta property=\"og:url\" content=\"https:\/\/glass-perfume-bottles.com\/it\/producto\/30ml-50ml-square-tomford-spray-perfume-bottle\/\" \/>\n<meta property=\"og:site_name\" content=\"HY GLASS\" \/>\n<meta property=\"article:modified_time\" content=\"2025-02-17T14:56:14+00:00\" \/>\n<meta property=\"og:image\" content=\"https:\/\/glass-perfume-bottles.com\/wp-content\/uploads\/2025\/02\/30ml-50ml-Square-spray-perfume-bottle-4.jpg\" \/>\n\t<meta property=\"og:image:width\" content=\"720\" \/>\n\t<meta property=\"og:image:height\" content=\"720\" \/>\n\t<meta property=\"og:image:type\" content=\"image\/jpeg\" \/>\n<meta name=\"twitter:card\" content=\"summary_large_image\" \/>\n<meta name=\"twitter:label1\" content=\"Tempo di lettura stimato\" \/>\n\t<meta name=\"twitter:data1\" content=\"2 minuti\" \/>\n<script type=\"application\/ld+json\" class=\"yoast-schema-graph\">{\"@context\":\"https:\/\/schema.org\",\"@graph\":[{\"@type\":\"WebPage\",\"@id\":\"https:\/\/glass-perfume-bottles.com\/es\/producto\/30ml-50ml-square-tomford-spray-perfume-bottle\/\",\"url\":\"https:\/\/glass-perfume-bottles.com\/es\/producto\/30ml-50ml-square-tomford-spray-perfume-bottle\/\",\"name\":\"Tomford spray perfume bottle\",\"isPartOf\":{\"@id\":\"https:\/\/glass-perfume-bottles.com\/#website\"},\"primaryImageOfPage\":{\"@id\":\"https:\/\/glass-perfume-bottles.com\/es\/producto\/30ml-50ml-square-tomford-spray-perfume-bottle\/#primaryimage\"},\"image\":{\"@id\":\"https:\/\/glass-perfume-bottles.com\/es\/producto\/30ml-50ml-square-tomford-spray-perfume-bottle\/#primaryimage\"},\"thumbnailUrl\":\"https:\/\/glass-perfume-bottles.com\/wp-content\/uploads\/2025\/02\/30ml-50ml-Square-spray-perfume-bottle-4.jpg\",\"datePublished\":\"2025-02-17T14:41:09+00:00\",\"dateModified\":\"2025-02-17T14:56:14+00:00\",\"description\":\"30ml 50ml 100ml Tomford spray perfume bottle made of high white glass,mini capacity easyo carry,samll quantity is possible\",\"breadcrumb\":{\"@id\":\"https:\/\/glass-perfume-bottles.com\/es\/producto\/30ml-50ml-square-tomford-spray-perfume-bottle\/#breadcrumb\"},\"inLanguage\":\"it-IT\",\"potentialAction\":[{\"@type\":\"ReadAction\",\"target\":[\"https:\/\/glass-perfume-bottles.com\/es\/producto\/30ml-50ml-square-tomford-spray-perfume-bottle\/\"]}]},{\"@type\":\"ImageObject\",\"inLanguage\":\"it-IT\",\"@id\":\"https:\/\/glass-perfume-bottles.com\/es\/producto\/30ml-50ml-square-tomford-spray-perfume-bottle\/#primaryimage\",\"url\":\"https:\/\/glass-perfume-bottles.com\/wp-content\/uploads\/2025\/02\/30ml-50ml-Square-spray-perfume-bottle-4.jpg\",\"contentUrl\":\"https:\/\/glass-perfume-bottles.com\/wp-content\/uploads\/2025\/02\/30ml-50ml-Square-spray-perfume-bottle-4.jpg\",\"width\":720,\"height\":720,\"caption\":\"Flat square Tomford spray perfume bottle made of high white glass\uff0cmini capacity easy to carry\uff0cit's a good choose for travel and home.,comfortable for subpackage perfume\u3001home fragranc\u3001deodorant \u3001serum etc ,\u00a0\"},{\"@type\":\"BreadcrumbList\",\"@id\":\"https:\/\/glass-perfume-bottles.com\/es\/producto\/30ml-50ml-square-tomford-spray-perfume-bottle\/#breadcrumb\",\"itemListElement\":[{\"@type\":\"ListItem\",\"position\":1,\"name\":\"Home\",\"item\":\"https:\/\/glass-perfume-bottles.com\/\"},{\"@type\":\"ListItem\",\"position\":2,\"name\":\"Product\",\"item\":\"https:\/\/glass-perfume-bottles.com\/custom-made-perfume-bottle-suppliers-and-wholesale\/\"},{\"@type\":\"ListItem\",\"position\":3,\"name\":\"30ml 50ml Flat Square Tomford spray perfume bottle\"}]},{\"@type\":\"WebSite\",\"@id\":\"https:\/\/glass-perfume-bottles.com\/#website\",\"url\":\"https:\/\/glass-perfume-bottles.com\/\",\"name\":\"HY GLASS\",\"description\":\"glass perfume bottle manufacturers &amp; suppliers, aroma reed diffuser bottle wholesale &amp; suppliers\",\"publisher\":{\"@id\":\"https:\/\/glass-perfume-bottles.com\/#organization\"},\"potentialAction\":[{\"@type\":\"SearchAction\",\"target\":{\"@type\":\"EntryPoint\",\"urlTemplate\":\"https:\/\/glass-perfume-bottles.com\/?s={search_term_string}\"},\"query-input\":{\"@type\":\"PropertyValueSpecification\",\"valueRequired\":true,\"valueName\":\"search_term_string\"}}],\"inLanguage\":\"it-IT\"},{\"@type\":\"Organization\",\"@id\":\"https:\/\/glass-perfume-bottles.com\/#organization\",\"name\":\"HY GLASS\",\"url\":\"https:\/\/glass-perfume-bottles.com\/\",\"logo\":{\"@type\":\"ImageObject\",\"inLanguage\":\"it-IT\",\"@id\":\"https:\/\/glass-perfume-bottles.com\/#\/schema\/logo\/image\/\",\"url\":\"https:\/\/glass-perfume-bottles.com\/wp-content\/uploads\/2023\/09\/logo21.png\",\"contentUrl\":\"https:\/\/glass-perfume-bottles.com\/wp-content\/uploads\/2023\/09\/logo21.png\",\"width\":342,\"height\":268,\"caption\":\"HY GLASS\"},\"image\":{\"@id\":\"https:\/\/glass-perfume-bottles.com\/#\/schema\/logo\/image\/\"}}]}<\/script>\n<!-- \/ Yoast SEO Premium plugin. -->","yoast_head_json":{"title":"Tomford spray perfume bottle","description":"30ml 50ml 100ml Tomford spray perfume bottle made of high white glass,mini capacity easyo carry,samll quantity is possible","robots":{"index":"index","follow":"follow","max-snippet":"max-snippet:-1","max-image-preview":"max-image-preview:large","max-video-preview":"max-video-preview:-1"},"canonical":"https:\/\/glass-perfume-bottles.com\/it\/producto\/30ml-50ml-square-tomford-spray-perfume-bottle\/","og_locale":"it_IT","og_type":"article","og_title":"30ml 50ml Flat Square Tomford spray perfume bottle","og_description":"30ml 50ml 100ml Tomford spray perfume bottle made of high white glass,mini capacity easyo carry,samll quantity is possible","og_url":"https:\/\/glass-perfume-bottles.com\/it\/producto\/30ml-50ml-square-tomford-spray-perfume-bottle\/","og_site_name":"HY GLASS","article_modified_time":"2025-02-17T14:56:14+00:00","og_image":[{"width":720,"height":720,"url":"https:\/\/glass-perfume-bottles.com\/wp-content\/uploads\/2025\/02\/30ml-50ml-Square-spray-perfume-bottle-4.jpg","type":"image\/jpeg"}],"twitter_card":"summary_large_image","twitter_misc":{"Tempo di lettura stimato":"2 minuti"},"schema":{"@context":"https:\/\/schema.org","@graph":[{"@type":"WebPage","@id":"https:\/\/glass-perfume-bottles.com\/es\/producto\/30ml-50ml-square-tomford-spray-perfume-bottle\/","url":"https:\/\/glass-perfume-bottles.com\/es\/producto\/30ml-50ml-square-tomford-spray-perfume-bottle\/","name":"Tomford spray perfume bottle","isPartOf":{"@id":"https:\/\/glass-perfume-bottles.com\/#website"},"primaryImageOfPage":{"@id":"https:\/\/glass-perfume-bottles.com\/es\/producto\/30ml-50ml-square-tomford-spray-perfume-bottle\/#primaryimage"},"image":{"@id":"https:\/\/glass-perfume-bottles.com\/es\/producto\/30ml-50ml-square-tomford-spray-perfume-bottle\/#primaryimage"},"thumbnailUrl":"https:\/\/glass-perfume-bottles.com\/wp-content\/uploads\/2025\/02\/30ml-50ml-Square-spray-perfume-bottle-4.jpg","datePublished":"2025-02-17T14:41:09+00:00","dateModified":"2025-02-17T14:56:14+00:00","description":"30ml 50ml 100ml Tomford spray perfume bottle made of high white glass,mini capacity easyo carry,samll quantity is possible","breadcrumb":{"@id":"https:\/\/glass-perfume-bottles.com\/es\/producto\/30ml-50ml-square-tomford-spray-perfume-bottle\/#breadcrumb"},"inLanguage":"it-IT","potentialAction":[{"@type":"ReadAction","target":["https:\/\/glass-perfume-bottles.com\/es\/producto\/30ml-50ml-square-tomford-spray-perfume-bottle\/"]}]},{"@type":"ImageObject","inLanguage":"it-IT","@id":"https:\/\/glass-perfume-bottles.com\/es\/producto\/30ml-50ml-square-tomford-spray-perfume-bottle\/#primaryimage","url":"https:\/\/glass-perfume-bottles.com\/wp-content\/uploads\/2025\/02\/30ml-50ml-Square-spray-perfume-bottle-4.jpg","contentUrl":"https:\/\/glass-perfume-bottles.com\/wp-content\/uploads\/2025\/02\/30ml-50ml-Square-spray-perfume-bottle-4.jpg","width":720,"height":720,"caption":"Flat square Tomford spray perfume bottle made of high white glass\uff0cmini capacity easy to carry\uff0cit's a good choose for travel and home.,comfortable for subpackage perfume\u3001home fragranc\u3001deodorant \u3001serum etc ,\u00a0"},{"@type":"BreadcrumbList","@id":"https:\/\/glass-perfume-bottles.com\/es\/producto\/30ml-50ml-square-tomford-spray-perfume-bottle\/#breadcrumb","itemListElement":[{"@type":"ListItem","position":1,"name":"Home","item":"https:\/\/glass-perfume-bottles.com\/"},{"@type":"ListItem","position":2,"name":"Product","item":"https:\/\/glass-perfume-bottles.com\/custom-made-perfume-bottle-suppliers-and-wholesale\/"},{"@type":"ListItem","position":3,"name":"30ml 50ml Flat Square Tomford spray perfume bottle"}]},{"@type":"WebSite","@id":"https:\/\/glass-perfume-bottles.com\/#website","url":"https:\/\/glass-perfume-bottles.com\/","name":"HY GLASS","description":"glass perfume bottle manufacturers &amp; suppliers, aroma reed diffuser bottle wholesale &amp; suppliers","publisher":{"@id":"https:\/\/glass-perfume-bottles.com\/#organization"},"potentialAction":[{"@type":"SearchAction","target":{"@type":"EntryPoint","urlTemplate":"https:\/\/glass-perfume-bottles.com\/?s={search_term_string}"},"query-input":{"@type":"PropertyValueSpecification","valueRequired":true,"valueName":"search_term_string"}}],"inLanguage":"it-IT"},{"@type":"Organization","@id":"https:\/\/glass-perfume-bottles.com\/#organization","name":"HY GLASS","url":"https:\/\/glass-perfume-bottles.com\/","logo":{"@type":"ImageObject","inLanguage":"it-IT","@id":"https:\/\/glass-perfume-bottles.com\/#\/schema\/logo\/image\/","url":"https:\/\/glass-perfume-bottles.com\/wp-content\/uploads\/2023\/09\/logo21.png","contentUrl":"https:\/\/glass-perfume-bottles.com\/wp-content\/uploads\/2023\/09\/logo21.png","width":342,"height":268,"caption":"HY GLASS"},"image":{"@id":"https:\/\/glass-perfume-bottles.com\/#\/schema\/logo\/image\/"}}]}},"taxonomy_info":{"product_cat":[{"value":51,"label":"Glass Perfume Bottle"}],"product_tag":[{"value":120,"label":"Custom perfume bottle supplier"},{"value":151,"label":"Flat Square Tomford spray perfume bottle"},{"value":146,"label":"Luxury spray perfume bottle"},{"value":152,"label":"Wholesale perfume bottle supplier"}]},"featured_image_src_large":["https:\/\/glass-perfume-bottles.com\/wp-content\/uploads\/2025\/02\/30ml-50ml-Square-spray-perfume-bottle-4.jpg",720,720,false],"author_info":[],"comment_info":0,"_links":{"self":[{"href":"https:\/\/glass-perfume-bottles.com\/it\/wp-json\/wp\/v2\/product\/2353","targetHints":{"allow":["GET"]}}],"collection":[{"href":"https:\/\/glass-perfume-bottles.com\/it\/wp-json\/wp\/v2\/product"}],"about":[{"href":"https:\/\/glass-perfume-bottles.com\/it\/wp-json\/wp\/v2\/types\/product"}],"replies":[{"embeddable":true,"href":"https:\/\/glass-perfume-bottles.com\/it\/wp-json\/wp\/v2\/comments?post=2353"}],"wp:featuredmedia":[{"embeddable":true,"href":"https:\/\/glass-perfume-bottles.com\/it\/wp-json\/wp\/v2\/media\/2354"}],"wp:attachment":[{"href":"https:\/\/glass-perfume-bottles.com\/it\/wp-json\/wp\/v2\/media?parent=2353"}],"wp:term":[{"taxonomy":"product_brand","embeddable":true,"href":"https:\/\/glass-perfume-bottles.com\/it\/wp-json\/wp\/v2\/product_brand?post=2353"},{"taxonomy":"product_cat","embeddable":true,"href":"https:\/\/glass-perfume-bottles.com\/it\/wp-json\/wp\/v2\/product_cat?post=2353"},{"taxonomy":"product_tag","embeddable":true,"href":"https:\/\/glass-perfume-bottles.com\/it\/wp-json\/wp\/v2\/product_tag?post=2353"}],"curies":[{"name":"wp","href":"https:\/\/api.w.org\/{rel}","templated":true}]}}