{"id":2800,"date":"2025-05-05T02:52:04","date_gmt":"2025-05-05T02:52:04","guid":{"rendered":"https:\/\/glass-perfume-bottles.com\/?post_type=product&#038;p=2800"},"modified":"2025-05-05T10:26:32","modified_gmt":"2025-05-05T10:26:32","slug":"customize-square-glass-aroma-reed-diffuser-bottle-with-screw-cap","status":"publish","type":"product","link":"https:\/\/glass-perfume-bottles.com\/it\/prodotto\/customize-square-glass-aroma-reed-diffuser-bottle-with-screw-cap\/","title":{"rendered":"Diffusore di aromi in vetro quadrato personalizzabile con tappo a vite"},"content":{"rendered":"<table>\n<tbody>\n<tr>\n<td width=\"158\">Nome del prodotto<\/td>\n<td width=\"591\">Diffusore di aromi in vetro quadrato con tappo<\/td>\n<\/tr>\n<tr>\n<td width=\"158\">Capacit\u00e0<\/td>\n<td width=\"591\">100 ml, 150 ml, 200 ml o personalizza<\/td>\n<\/tr>\n<tr>\n<td width=\"158\">Misurare<\/td>\n<td width=\"591\">\u00a0<strong>100 metri<\/strong>\uff1a6,4 cm x 3,3 cm x 11,6 cm<\/p>\n<p><strong>150 ml<\/strong>\uff1a7,2 cm x 3,7 cm x 11,8 cm<\/p>\n<p><strong>200ml<\/strong>: 8 cm x 4 cm x 12,9 cm<\/td>\n<\/tr>\n<tr>\n<td width=\"158\">Peso<\/td>\n<td width=\"591\">\u00a0<strong>100 ml:<\/strong>200g<\/p>\n<p><strong>150 ml:<\/strong>250g<\/p>\n<p><strong>200 ml:<\/strong>312 g<\/td>\n<\/tr>\n<tr>\n<td width=\"158\">Materiale<\/td>\n<td width=\"591\">Vetro di alta qualit\u00e0 con resistenza alle alte temperature<\/td>\n<\/tr>\n<tr>\n<td width=\"158\">Colore del corpo<\/td>\n<td width=\"591\">Rosso, nero, blu, satinato, verde, rosa o colore personalizzato<\/td>\n<\/tr>\n<tr>\n<td width=\"158\">Gestione della superficie<\/td>\n<td width=\"591\">S\/S\u3001H\/S\u3001satinato\u3001metallizzato\u3001floccaggio\u3001olografico\u3001rivestimento in marmo\u3001perlato ecc. Oppure personalizzato in base alle vostre esigenze<\/td>\n<\/tr>\n<tr>\n<td width=\"158\">Utilizzo<\/td>\n<td width=\"591\">\u00a0Confezionare olio per aromaterapia\/olio essenziale\/deodorante\/deodorante per ambienti ecc.<\/td>\n<\/tr>\n<tr>\n<td width=\"158\">Imballaggio<\/td>\n<td width=\"591\">Esportazione di cartone e pallet di compensato,<\/td>\n<\/tr>\n<tr>\n<td width=\"158\">Quantit\u00e0 minima<\/td>\n<td width=\"591\">2.000 pezzi (poich\u00e9 esiste un design personalizzato)<\/td>\n<\/tr>\n<tr>\n<td width=\"158\">Campione<\/td>\n<td width=\"591\">Campione gratuito, spese di spedizione a carico dell&#039;acquirente.<\/td>\n<\/tr>\n<tr>\n<td width=\"158\">Trasporto<\/td>\n<td width=\"591\">FedEx\/DHL\/EMS\/UPS\/TNT\/Via mare\/Via aerea, ecc.<\/td>\n<\/tr>\n<tr>\n<td width=\"158\">Modalit\u00e0 di pagamento<\/td>\n<td width=\"591\">Bonifico bancario, L\/C, Western Union, Money Gram, Paypal, ecc.<\/td>\n<\/tr>\n<tr>\n<td width=\"158\">Tempi di consegna<\/td>\n<td width=\"591\">Campione in 1-2 giorni, produzione dell&#039;ordine in 20-45 giorni, a seconda dei dettagli dell&#039;ordine.<\/td>\n<\/tr>\n<tr>\n<td width=\"158\">Servizio<\/td>\n<td width=\"591\">Servizio OEM e ODM, servizio di progettazione, soluzione one-stop<\/td>\n<\/tr>\n<\/tbody>\n<\/table>\n<p>&nbsp;<\/p>\n<p><a href=\"https:\/\/glass-perfume-bottles.com\/it\/custom-50ml-100ml-cube-reed-diffuser-bottle-factory\/\">Flacone diffusore<\/a> Realizzato in vetro bianco di alta qualit\u00e0, con capacit\u00e0 da 100 ml a 200 ml, \u00e8 adatto al confezionamento di prodotti di alta gamma.<\/p>\n<p>La confezione di diffusori di aromi a bastoncini per cosmetici di alta qualit\u00e0, profumi, alcol, deodoranti, oli per aromaterapia, deodoranti per ambienti e altri prodotti aggiunge un senso di lusso e di alta qualit\u00e0 ai prodotti,<\/p>\n<p><a href=\"https:\/\/glass-perfume-bottles.com\/it\/50ml-amber-cylinder-glass-perfume-bottle-supplier\/\">VETRO IDRAULICO<\/a>\u00a0avere professionale\u00a0<a href=\"https:\/\/www.hyglassbottles.com\/product\/Custom-50ml-100ml-cube-glass-arome-reed-diffuser-bottle-factory.html\">bottiglia di bastoncini di aroma<\/a> linea di produzione e team di progettazione possiamo fornire un servizio di prima qualit\u00e0 e un prodotto stabile per il cliente, benvenuto inviaci una richiesta, aspetta, personalizza quadrato <a href=\"https:\/\/glass-perfume-bottles.com\/it\/prodotto\/100ml-colored-aroma-reed-diffuser-bottle-with-cork\/\">flacone diffusore di aromi in vetro<\/a> Con tappo a vite, bottiglia realizzata in materiale di vetro bianco elevato, di alta qualit\u00e0 e trasparenza, accetta la forma personalizzata della bottiglia del diffusore di aromi a bastoncini e accetta il rivestimento colorato, satinato, marmorizzato, floccato ecc.<\/p>\n<p>Inviateci le vostre richieste, abbiamo una linea di produzione professionale e un team di progettazione che ci permette di fornire al cliente un servizio di prima qualit\u00e0 e un prodotto stabile. Vi aspettiamo.<\/p>","protected":false},"excerpt":{"rendered":"<p><a href=\"https:\/\/glass-perfume-bottles.com\/it\/custom-50ml-100ml-cube-reed-diffuser-bottle-factory\/\">Flacone diffusore<\/a> Realizzato in vetro bianco di alta qualit\u00e0, con capacit\u00e0 da 100 ml a 200 ml, \u00e8 adatto per il confezionamento di prodotti di alta gamma. Il confezionamento di cosmetici, profumi, alcolici e altri prodotti di alta gamma aggiunge un senso di lusso e di alta qualit\u00e0 ai prodotti.<\/p>","protected":false},"featured_media":2849,"comment_status":"open","ping_status":"closed","template":"","meta":{"_kad_blocks_custom_css":"","_kad_blocks_head_custom_js":"","_kad_blocks_body_custom_js":"","_kad_blocks_footer_custom_js":"","_kad_post_transparent":"default","_kad_post_title":"","_kad_post_layout":"default","_kad_post_sidebar_id":"","_kad_post_content_style":"default","_kad_post_vertical_padding":"default","_kad_post_feature":"","_kad_post_feature_position":"","_kad_post_header":false,"_kad_post_footer":false,"_joinchat":{"telephone":"+8613813299086"}},"product_brand":[],"product_cat":[71],"product_tag":[72,73,76,75,391,74],"class_list":{"0":"post-2800","1":"product","2":"type-product","3":"status-publish","4":"has-post-thumbnail","6":"product_cat-glass-aroma-reed-diffuser-bottle-1","7":"product_tag-aroma-reed-diffuser-bottle","8":"product_tag-empty-reed-diffuser-bottle-supplier","9":"product_tag-home-fragrance-oil-bottle-wholesale","10":"product_tag-reed-diffuser-bottle-manufacturer","11":"product_tag-scent-diffuser-bottle-supplier","12":"product_tag-wholesale-aromatherapy-bottle-factory","14":"first","15":"instock","16":"shipping-taxable","17":"product-type-simple","18":"entry","19":"content-bg","20":"loop-entry"},"yoast_head":"<!-- This site is optimized with the Yoast SEO Premium plugin v20.5 (Yoast SEO v24.2) - https:\/\/yoast.com\/wordpress\/plugins\/seo\/ -->\n<title>150ml colored glass aroma reed diffuser bottle<\/title>\n<meta name=\"description\" content=\"150ml Square glass aroma reed diffuser bottle made of Luxury glass aroma reed diffuser bottle made of high white glass material\" \/>\n<meta name=\"robots\" content=\"index, follow, max-snippet:-1, max-image-preview:large, max-video-preview:-1\" \/>\n<link rel=\"canonical\" href=\"https:\/\/glass-perfume-bottles.com\/it\/prodotto\/customize-square-glass-aroma-reed-diffuser-bottle-with-screw-cap\/\" \/>\n<meta property=\"og:locale\" content=\"it_IT\" \/>\n<meta property=\"og:type\" content=\"article\" \/>\n<meta property=\"og:title\" content=\"Customize square glass aroma reed diffuser bottle with screw cap\" \/>\n<meta property=\"og:description\" content=\"150ml Square glass aroma reed diffuser bottle made of Luxury glass aroma reed diffuser bottle made of high white glass material\" \/>\n<meta property=\"og:url\" content=\"https:\/\/glass-perfume-bottles.com\/it\/prodotto\/customize-square-glass-aroma-reed-diffuser-bottle-with-screw-cap\/\" \/>\n<meta property=\"og:site_name\" content=\"HY GLASS\" \/>\n<meta property=\"article:modified_time\" content=\"2025-05-05T10:26:32+00:00\" \/>\n<meta property=\"og:image\" content=\"https:\/\/glass-perfume-bottles.com\/wp-content\/uploads\/2025\/05\/100ml-150ml-200ml-Glass-aroma-reed-diffuser-bottle-with-screw-cap.jpg\" \/>\n\t<meta property=\"og:image:width\" content=\"720\" \/>\n\t<meta property=\"og:image:height\" content=\"720\" \/>\n\t<meta property=\"og:image:type\" content=\"image\/jpeg\" \/>\n<meta name=\"twitter:card\" content=\"summary_large_image\" \/>\n<meta name=\"twitter:label1\" content=\"Tempo di lettura stimato\" \/>\n\t<meta name=\"twitter:data1\" content=\"2 minuti\" \/>\n<script type=\"application\/ld+json\" class=\"yoast-schema-graph\">{\"@context\":\"https:\/\/schema.org\",\"@graph\":[{\"@type\":\"WebPage\",\"@id\":\"https:\/\/glass-perfume-bottles.com\/product\/customize-square-glass-aroma-reed-diffuser-bottle-with-screw-cap\/\",\"url\":\"https:\/\/glass-perfume-bottles.com\/product\/customize-square-glass-aroma-reed-diffuser-bottle-with-screw-cap\/\",\"name\":\"150ml colored glass aroma reed diffuser bottle\",\"isPartOf\":{\"@id\":\"https:\/\/glass-perfume-bottles.com\/#website\"},\"primaryImageOfPage\":{\"@id\":\"https:\/\/glass-perfume-bottles.com\/product\/customize-square-glass-aroma-reed-diffuser-bottle-with-screw-cap\/#primaryimage\"},\"image\":{\"@id\":\"https:\/\/glass-perfume-bottles.com\/product\/customize-square-glass-aroma-reed-diffuser-bottle-with-screw-cap\/#primaryimage\"},\"thumbnailUrl\":\"https:\/\/glass-perfume-bottles.com\/wp-content\/uploads\/2025\/05\/100ml-150ml-200ml-Glass-aroma-reed-diffuser-bottle-with-screw-cap.jpg\",\"datePublished\":\"2025-05-05T02:52:04+00:00\",\"dateModified\":\"2025-05-05T10:26:32+00:00\",\"description\":\"150ml Square glass aroma reed diffuser bottle made of Luxury glass aroma reed diffuser bottle made of high white glass material\",\"breadcrumb\":{\"@id\":\"https:\/\/glass-perfume-bottles.com\/product\/customize-square-glass-aroma-reed-diffuser-bottle-with-screw-cap\/#breadcrumb\"},\"inLanguage\":\"it-IT\",\"potentialAction\":[{\"@type\":\"ReadAction\",\"target\":[\"https:\/\/glass-perfume-bottles.com\/product\/customize-square-glass-aroma-reed-diffuser-bottle-with-screw-cap\/\"]}]},{\"@type\":\"ImageObject\",\"inLanguage\":\"it-IT\",\"@id\":\"https:\/\/glass-perfume-bottles.com\/product\/customize-square-glass-aroma-reed-diffuser-bottle-with-screw-cap\/#primaryimage\",\"url\":\"https:\/\/glass-perfume-bottles.com\/wp-content\/uploads\/2025\/05\/100ml-150ml-200ml-Glass-aroma-reed-diffuser-bottle-with-screw-cap.jpg\",\"contentUrl\":\"https:\/\/glass-perfume-bottles.com\/wp-content\/uploads\/2025\/05\/100ml-150ml-200ml-Glass-aroma-reed-diffuser-bottle-with-screw-cap.jpg\",\"width\":720,\"height\":720,\"caption\":\"Aroma reed diffuser bottle, Empty reed diffuser bottle supplier, Home fragrance oil bottle wholesale, Reed diffuser bottle manufacturer, Scent diffuser bottle supplier, Wholesale aromatherapy bottle factory\"},{\"@type\":\"BreadcrumbList\",\"@id\":\"https:\/\/glass-perfume-bottles.com\/product\/customize-square-glass-aroma-reed-diffuser-bottle-with-screw-cap\/#breadcrumb\",\"itemListElement\":[{\"@type\":\"ListItem\",\"position\":1,\"name\":\"Home\",\"item\":\"https:\/\/glass-perfume-bottles.com\/\"},{\"@type\":\"ListItem\",\"position\":2,\"name\":\"Product\",\"item\":\"https:\/\/glass-perfume-bottles.com\/custom-made-perfume-bottle-suppliers-and-wholesale\/\"},{\"@type\":\"ListItem\",\"position\":3,\"name\":\"Customize square glass aroma reed diffuser bottle with screw cap\"}]},{\"@type\":\"WebSite\",\"@id\":\"https:\/\/glass-perfume-bottles.com\/#website\",\"url\":\"https:\/\/glass-perfume-bottles.com\/\",\"name\":\"HY GLASS\",\"description\":\"glass perfume bottle manufacturers &amp; suppliers, aroma reed diffuser bottle wholesale &amp; suppliers\",\"publisher\":{\"@id\":\"https:\/\/glass-perfume-bottles.com\/#organization\"},\"potentialAction\":[{\"@type\":\"SearchAction\",\"target\":{\"@type\":\"EntryPoint\",\"urlTemplate\":\"https:\/\/glass-perfume-bottles.com\/?s={search_term_string}\"},\"query-input\":{\"@type\":\"PropertyValueSpecification\",\"valueRequired\":true,\"valueName\":\"search_term_string\"}}],\"inLanguage\":\"it-IT\"},{\"@type\":\"Organization\",\"@id\":\"https:\/\/glass-perfume-bottles.com\/#organization\",\"name\":\"HY GLASS\",\"url\":\"https:\/\/glass-perfume-bottles.com\/\",\"logo\":{\"@type\":\"ImageObject\",\"inLanguage\":\"it-IT\",\"@id\":\"https:\/\/glass-perfume-bottles.com\/#\/schema\/logo\/image\/\",\"url\":\"https:\/\/glass-perfume-bottles.com\/wp-content\/uploads\/2023\/09\/logo21.png\",\"contentUrl\":\"https:\/\/glass-perfume-bottles.com\/wp-content\/uploads\/2023\/09\/logo21.png\",\"width\":342,\"height\":268,\"caption\":\"HY GLASS\"},\"image\":{\"@id\":\"https:\/\/glass-perfume-bottles.com\/#\/schema\/logo\/image\/\"}}]}<\/script>\n<!-- \/ Yoast SEO Premium plugin. -->","yoast_head_json":{"title":"150ml colored glass aroma reed diffuser bottle","description":"150ml Square glass aroma reed diffuser bottle made of Luxury glass aroma reed diffuser bottle made of high white glass material","robots":{"index":"index","follow":"follow","max-snippet":"max-snippet:-1","max-image-preview":"max-image-preview:large","max-video-preview":"max-video-preview:-1"},"canonical":"https:\/\/glass-perfume-bottles.com\/it\/prodotto\/customize-square-glass-aroma-reed-diffuser-bottle-with-screw-cap\/","og_locale":"it_IT","og_type":"article","og_title":"Customize square glass aroma reed diffuser bottle with screw cap","og_description":"150ml Square glass aroma reed diffuser bottle made of Luxury glass aroma reed diffuser bottle made of high white glass material","og_url":"https:\/\/glass-perfume-bottles.com\/it\/prodotto\/customize-square-glass-aroma-reed-diffuser-bottle-with-screw-cap\/","og_site_name":"HY GLASS","article_modified_time":"2025-05-05T10:26:32+00:00","og_image":[{"width":720,"height":720,"url":"https:\/\/glass-perfume-bottles.com\/wp-content\/uploads\/2025\/05\/100ml-150ml-200ml-Glass-aroma-reed-diffuser-bottle-with-screw-cap.jpg","type":"image\/jpeg"}],"twitter_card":"summary_large_image","twitter_misc":{"Tempo di lettura stimato":"2 minuti"},"schema":{"@context":"https:\/\/schema.org","@graph":[{"@type":"WebPage","@id":"https:\/\/glass-perfume-bottles.com\/product\/customize-square-glass-aroma-reed-diffuser-bottle-with-screw-cap\/","url":"https:\/\/glass-perfume-bottles.com\/product\/customize-square-glass-aroma-reed-diffuser-bottle-with-screw-cap\/","name":"150ml colored glass aroma reed diffuser bottle","isPartOf":{"@id":"https:\/\/glass-perfume-bottles.com\/#website"},"primaryImageOfPage":{"@id":"https:\/\/glass-perfume-bottles.com\/product\/customize-square-glass-aroma-reed-diffuser-bottle-with-screw-cap\/#primaryimage"},"image":{"@id":"https:\/\/glass-perfume-bottles.com\/product\/customize-square-glass-aroma-reed-diffuser-bottle-with-screw-cap\/#primaryimage"},"thumbnailUrl":"https:\/\/glass-perfume-bottles.com\/wp-content\/uploads\/2025\/05\/100ml-150ml-200ml-Glass-aroma-reed-diffuser-bottle-with-screw-cap.jpg","datePublished":"2025-05-05T02:52:04+00:00","dateModified":"2025-05-05T10:26:32+00:00","description":"150ml Square glass aroma reed diffuser bottle made of Luxury glass aroma reed diffuser bottle made of high white glass material","breadcrumb":{"@id":"https:\/\/glass-perfume-bottles.com\/product\/customize-square-glass-aroma-reed-diffuser-bottle-with-screw-cap\/#breadcrumb"},"inLanguage":"it-IT","potentialAction":[{"@type":"ReadAction","target":["https:\/\/glass-perfume-bottles.com\/product\/customize-square-glass-aroma-reed-diffuser-bottle-with-screw-cap\/"]}]},{"@type":"ImageObject","inLanguage":"it-IT","@id":"https:\/\/glass-perfume-bottles.com\/product\/customize-square-glass-aroma-reed-diffuser-bottle-with-screw-cap\/#primaryimage","url":"https:\/\/glass-perfume-bottles.com\/wp-content\/uploads\/2025\/05\/100ml-150ml-200ml-Glass-aroma-reed-diffuser-bottle-with-screw-cap.jpg","contentUrl":"https:\/\/glass-perfume-bottles.com\/wp-content\/uploads\/2025\/05\/100ml-150ml-200ml-Glass-aroma-reed-diffuser-bottle-with-screw-cap.jpg","width":720,"height":720,"caption":"Aroma reed diffuser bottle, Empty reed diffuser bottle supplier, Home fragrance oil bottle wholesale, Reed diffuser bottle manufacturer, Scent diffuser bottle supplier, Wholesale aromatherapy bottle factory"},{"@type":"BreadcrumbList","@id":"https:\/\/glass-perfume-bottles.com\/product\/customize-square-glass-aroma-reed-diffuser-bottle-with-screw-cap\/#breadcrumb","itemListElement":[{"@type":"ListItem","position":1,"name":"Home","item":"https:\/\/glass-perfume-bottles.com\/"},{"@type":"ListItem","position":2,"name":"Product","item":"https:\/\/glass-perfume-bottles.com\/custom-made-perfume-bottle-suppliers-and-wholesale\/"},{"@type":"ListItem","position":3,"name":"Customize square glass aroma reed diffuser bottle with screw cap"}]},{"@type":"WebSite","@id":"https:\/\/glass-perfume-bottles.com\/#website","url":"https:\/\/glass-perfume-bottles.com\/","name":"HY GLASS","description":"glass perfume bottle manufacturers &amp; suppliers, aroma reed diffuser bottle wholesale &amp; suppliers","publisher":{"@id":"https:\/\/glass-perfume-bottles.com\/#organization"},"potentialAction":[{"@type":"SearchAction","target":{"@type":"EntryPoint","urlTemplate":"https:\/\/glass-perfume-bottles.com\/?s={search_term_string}"},"query-input":{"@type":"PropertyValueSpecification","valueRequired":true,"valueName":"search_term_string"}}],"inLanguage":"it-IT"},{"@type":"Organization","@id":"https:\/\/glass-perfume-bottles.com\/#organization","name":"HY GLASS","url":"https:\/\/glass-perfume-bottles.com\/","logo":{"@type":"ImageObject","inLanguage":"it-IT","@id":"https:\/\/glass-perfume-bottles.com\/#\/schema\/logo\/image\/","url":"https:\/\/glass-perfume-bottles.com\/wp-content\/uploads\/2023\/09\/logo21.png","contentUrl":"https:\/\/glass-perfume-bottles.com\/wp-content\/uploads\/2023\/09\/logo21.png","width":342,"height":268,"caption":"HY GLASS"},"image":{"@id":"https:\/\/glass-perfume-bottles.com\/#\/schema\/logo\/image\/"}}]}},"taxonomy_info":{"product_cat":[{"value":71,"label":"Glass Aroma Reed Diffuser Bottle"}],"product_tag":[{"value":72,"label":"Aroma reed diffuser bottle"},{"value":73,"label":"Empty reed diffuser bottle supplier"},{"value":76,"label":"Home fragrance oil bottle wholesale"},{"value":75,"label":"Reed diffuser bottle manufacturer"},{"value":391,"label":"Scent diffuser bottle supplier"},{"value":74,"label":"Wholesale aromatherapy bottle factory"}]},"featured_image_src_large":["https:\/\/glass-perfume-bottles.com\/wp-content\/uploads\/2025\/05\/100ml-150ml-200ml-Glass-aroma-reed-diffuser-bottle-with-screw-cap.jpg",720,720,false],"author_info":[],"comment_info":0,"_links":{"self":[{"href":"https:\/\/glass-perfume-bottles.com\/it\/wp-json\/wp\/v2\/product\/2800","targetHints":{"allow":["GET"]}}],"collection":[{"href":"https:\/\/glass-perfume-bottles.com\/it\/wp-json\/wp\/v2\/product"}],"about":[{"href":"https:\/\/glass-perfume-bottles.com\/it\/wp-json\/wp\/v2\/types\/product"}],"replies":[{"embeddable":true,"href":"https:\/\/glass-perfume-bottles.com\/it\/wp-json\/wp\/v2\/comments?post=2800"}],"wp:featuredmedia":[{"embeddable":true,"href":"https:\/\/glass-perfume-bottles.com\/it\/wp-json\/wp\/v2\/media\/2849"}],"wp:attachment":[{"href":"https:\/\/glass-perfume-bottles.com\/it\/wp-json\/wp\/v2\/media?parent=2800"}],"wp:term":[{"taxonomy":"product_brand","embeddable":true,"href":"https:\/\/glass-perfume-bottles.com\/it\/wp-json\/wp\/v2\/product_brand?post=2800"},{"taxonomy":"product_cat","embeddable":true,"href":"https:\/\/glass-perfume-bottles.com\/it\/wp-json\/wp\/v2\/product_cat?post=2800"},{"taxonomy":"product_tag","embeddable":true,"href":"https:\/\/glass-perfume-bottles.com\/it\/wp-json\/wp\/v2\/product_tag?post=2800"}],"curies":[{"name":"wp","href":"https:\/\/api.w.org\/{rel}","templated":true}]}}