{"id":2881,"date":"2025-05-07T09:23:32","date_gmt":"2025-05-07T09:23:32","guid":{"rendered":"https:\/\/glass-perfume-bottles.com\/?post_type=product&#038;p=2881"},"modified":"2025-05-07T10:29:44","modified_gmt":"2025-05-07T10:29:44","slug":"cubic-square-glass-diffuser-bottle-with-ash-wooden-lid-supplier","status":"publish","type":"product","link":"https:\/\/glass-perfume-bottles.com\/it\/prodotto\/cubic-square-glass-diffuser-bottle-with-ash-wooden-lid-supplier\/","title":{"rendered":"Fornitore di bottiglie diffusore in vetro cubico quadrato con coperchio in legno di frassino"},"content":{"rendered":"<table>\n<tbody>\n<tr>\n<td width=\"158\">Nome del prodotto<\/td>\n<td width=\"591\">Diffusore in vetro quadrato cubico con coperchio in legno di frassino<\/td>\n<\/tr>\n<tr>\n<td width=\"158\">Capacit\u00e0<\/td>\n<td width=\"591\">500 ml o personalizza altre dimensioni disponibili<\/td>\n<\/tr>\n<tr>\n<td width=\"158\">Misurare<\/td>\n<td width=\"591\">92 mm x 92 mm x 144 mm<\/td>\n<\/tr>\n<tr>\n<td width=\"158\">Forma<\/td>\n<td width=\"591\">Cubo, cilindro, cubo quadrato o personalizza altre forme,<\/td>\n<\/tr>\n<tr>\n<td width=\"158\">Materiale<\/td>\n<td width=\"591\">Vetro bianco alto<\/td>\n<\/tr>\n<tr>\n<td width=\"158\">Colore del corpo<\/td>\n<td width=\"591\">Ambra, rosso, nero, blu, satinato, verde, giallo, rosa o colore personalizzato o colore personalizzato<\/td>\n<\/tr>\n<tr>\n<td width=\"158\">Gestione della superficie<\/td>\n<td width=\"591\">Serigrafia, stampa a caldo, satinatura, metallizzazione, floccatura, olografia, marmorizzazione ecc.<\/td>\n<\/tr>\n<tr>\n<td width=\"158\">Utilizzo<\/td>\n<td width=\"591\">\u00a0Confezionare olio per aromaterapia\/olio essenziale\/deodorante\/deodorante per ambienti ecc.<\/td>\n<\/tr>\n<tr>\n<td width=\"158\">Imballaggio<\/td>\n<td width=\"591\">Esportazione di cartone e pallet di compensato,<\/td>\n<\/tr>\n<tr>\n<td width=\"158\">Quantit\u00e0 minima<\/td>\n<td width=\"591\">2.000 pezzi (poich\u00e9 esiste un design personalizzato)<\/td>\n<\/tr>\n<tr>\n<td width=\"158\">Campione<\/td>\n<td width=\"591\">Campione gratuito, spese di spedizione a carico dell&#039;acquirente.<\/td>\n<\/tr>\n<tr>\n<td width=\"158\">Trasporto<\/td>\n<td width=\"591\">FedEx\/DHL\/EMS\/UPS\/TNT\/Via mare\/Via aerea, ecc.<\/td>\n<\/tr>\n<tr>\n<td width=\"158\">Modalit\u00e0 di pagamento<\/td>\n<td width=\"591\">Bonifico bancario, L\/C, Western Union, Money Gram, Paypal, ecc.<\/td>\n<\/tr>\n<tr>\n<td width=\"158\">Tempi di consegna<\/td>\n<td width=\"591\">Campione in 1-2 giorni, produzione dell&#039;ordine in 20-45 giorni, a seconda dei dettagli dell&#039;ordine.<\/td>\n<\/tr>\n<tr>\n<td width=\"158\">Servizio<\/td>\n<td width=\"591\">Servizio OEM e ODM, servizio di progettazione, soluzione one-stop<\/td>\n<\/tr>\n<\/tbody>\n<\/table>\n<p>&nbsp;<\/p>\n<p>Diffusore di fragranza cubico in vetro bianco, di alta qualit\u00e0 e trasparenza.<\/p>\n<p>Forma cubica unica e colori multipli, accetta aromi personalizzati <a href=\"https:\/\/glass-perfume-bottles.com\/it\/prodotto\/120ml-cylinder-aroma-reed-diffuser-bottle-with-ash-cap\/\">flacone diffusore a bastoncini<\/a>\u00a0 rivestimento, smerigliato, rivestimento in marmo, floccaggio ecc. processo,<\/p>\n<p>Possiamo anche fornire diversi<a href=\"https:\/\/www.hyglassbottles.com\/product\/150ml-High-appearance-square-reed-diffuser-bottle-with-fiber-stick.html\"> bottiglia di vetro<\/a> confezione come scatola con diverse dimensioni e materiali. Come carta Kraft, cartone, carta artistica, cartone ondulato, carta patinata, ecc. e la scatola del profumo stampata con diverse tecnologie.<\/p>\n<p>Inviateci le vostre richieste, abbiamo una linea di produzione professionale e un team di progettazione che ci permette di fornire al cliente un servizio di prima qualit\u00e0 e un prodotto stabile. Vi aspettiamo.<\/p>","protected":false},"excerpt":{"rendered":"<p>Diffusore in vetro cubico quadrato con coperchio in legno di frassino, forma cubica unica e vari colori personalizzabili per il cliente, pu\u00f2 essere abbinato a coperchi in legno, alluminio, bamb\u00f9 ecc., accetta OEM e ODM, forma e capacit\u00e0 del diffusore per il cliente, non esitare a inviarmi richieste.<\/p>\n<div class=\"trans-voice-container\">\n<div class=\"voicePlayer hover-with-background\" data-v-a0732b1e=\"\"><\/div>\n<\/div>","protected":false},"featured_media":2867,"comment_status":"open","ping_status":"closed","template":"","meta":{"_kad_blocks_custom_css":"","_kad_blocks_head_custom_js":"","_kad_blocks_body_custom_js":"","_kad_blocks_footer_custom_js":"","_kad_post_transparent":"default","_kad_post_title":"","_kad_post_layout":"default","_kad_post_sidebar_id":"","_kad_post_content_style":"default","_kad_post_vertical_padding":"default","_kad_post_feature":"","_kad_post_feature_position":"","_kad_post_header":false,"_kad_post_footer":false,"_joinchat":[]},"product_brand":[],"product_cat":[71],"product_tag":[407,406,404,399,402,405,396],"class_list":{"0":"post-2881","1":"product","2":"type-product","3":"status-publish","4":"has-post-thumbnail","6":"product_cat-glass-aroma-reed-diffuser-bottle-1","7":"product_tag-cube-scent-diffuser-bottle-supplier","8":"product_tag-cubic-square-glass-diffuser-bottle","9":"product_tag-custom-cubic-aromatherapy-bottle","10":"product_tag-empty-reed-diffuser-bottle-factory","11":"product_tag-luxury-aromatherapy-diffuser-bottle","12":"product_tag-oem-reed-diffuser-glass-bottle-supplier","13":"product_tag-wholesale-aroma-diffuser-bottle","15":"first","16":"instock","17":"shipping-taxable","18":"product-type-simple","19":"entry","20":"content-bg","21":"loop-entry"},"yoast_head":"<!-- This site is optimized with the Yoast SEO Premium plugin v20.5 (Yoast SEO v24.2) - https:\/\/yoast.com\/wordpress\/plugins\/seo\/ -->\n<title>Cubic reed diffuser bottle with ash wood lid factory<\/title>\n<meta name=\"description\" content=\"Cubic reed diffuser bottle accpet made of high white glass\uff0cwelcome to send us your idea\uff0cwe will turn your ideas into reality\" \/>\n<meta name=\"robots\" content=\"index, follow, max-snippet:-1, max-image-preview:large, max-video-preview:-1\" \/>\n<link rel=\"canonical\" href=\"https:\/\/glass-perfume-bottles.com\/it\/prodotto\/cubic-square-glass-diffuser-bottle-with-ash-wooden-lid-supplier\/\" \/>\n<meta property=\"og:locale\" content=\"it_IT\" \/>\n<meta property=\"og:type\" content=\"article\" \/>\n<meta property=\"og:title\" content=\"Cubic square glass diffuser bottle with ash wooden lid supplier\" \/>\n<meta property=\"og:description\" content=\"Cubic reed diffuser bottle accpet made of high white glass\uff0cwelcome to send us your idea\uff0cwe will turn your ideas into reality\" \/>\n<meta property=\"og:url\" content=\"https:\/\/glass-perfume-bottles.com\/it\/prodotto\/cubic-square-glass-diffuser-bottle-with-ash-wooden-lid-supplier\/\" \/>\n<meta property=\"og:site_name\" content=\"HY GLASS\" \/>\n<meta property=\"article:modified_time\" content=\"2025-05-07T10:29:44+00:00\" \/>\n<meta property=\"og:image\" content=\"https:\/\/glass-perfume-bottles.com\/wp-content\/uploads\/2025\/05\/500ml-Cubic-square-glass-diffuser-bottle-with-wooden-lid-supplier.jpg\" \/>\n\t<meta property=\"og:image:width\" content=\"720\" \/>\n\t<meta property=\"og:image:height\" content=\"720\" \/>\n\t<meta property=\"og:image:type\" content=\"image\/jpeg\" \/>\n<meta name=\"twitter:card\" content=\"summary_large_image\" \/>\n<meta name=\"twitter:label1\" content=\"Tempo di lettura stimato\" \/>\n\t<meta name=\"twitter:data1\" content=\"2 minuti\" \/>\n<script type=\"application\/ld+json\" class=\"yoast-schema-graph\">{\"@context\":\"https:\/\/schema.org\",\"@graph\":[{\"@type\":\"WebPage\",\"@id\":\"https:\/\/glass-perfume-bottles.com\/product\/cubic-square-glass-diffuser-bottle-with-ash-wooden-lid-supplier\/\",\"url\":\"https:\/\/glass-perfume-bottles.com\/product\/cubic-square-glass-diffuser-bottle-with-ash-wooden-lid-supplier\/\",\"name\":\"Cubic reed diffuser bottle with ash wood lid factory\",\"isPartOf\":{\"@id\":\"https:\/\/glass-perfume-bottles.com\/#website\"},\"primaryImageOfPage\":{\"@id\":\"https:\/\/glass-perfume-bottles.com\/product\/cubic-square-glass-diffuser-bottle-with-ash-wooden-lid-supplier\/#primaryimage\"},\"image\":{\"@id\":\"https:\/\/glass-perfume-bottles.com\/product\/cubic-square-glass-diffuser-bottle-with-ash-wooden-lid-supplier\/#primaryimage\"},\"thumbnailUrl\":\"https:\/\/glass-perfume-bottles.com\/wp-content\/uploads\/2025\/05\/500ml-Cubic-square-glass-diffuser-bottle-with-wooden-lid-supplier.jpg\",\"datePublished\":\"2025-05-07T09:23:32+00:00\",\"dateModified\":\"2025-05-07T10:29:44+00:00\",\"description\":\"Cubic reed diffuser bottle accpet made of high white glass\uff0cwelcome to send us your idea\uff0cwe will turn your ideas into reality\",\"breadcrumb\":{\"@id\":\"https:\/\/glass-perfume-bottles.com\/product\/cubic-square-glass-diffuser-bottle-with-ash-wooden-lid-supplier\/#breadcrumb\"},\"inLanguage\":\"it-IT\",\"potentialAction\":[{\"@type\":\"ReadAction\",\"target\":[\"https:\/\/glass-perfume-bottles.com\/product\/cubic-square-glass-diffuser-bottle-with-ash-wooden-lid-supplier\/\"]}]},{\"@type\":\"ImageObject\",\"inLanguage\":\"it-IT\",\"@id\":\"https:\/\/glass-perfume-bottles.com\/product\/cubic-square-glass-diffuser-bottle-with-ash-wooden-lid-supplier\/#primaryimage\",\"url\":\"https:\/\/glass-perfume-bottles.com\/wp-content\/uploads\/2025\/05\/500ml-Cubic-square-glass-diffuser-bottle-with-wooden-lid-supplier.jpg\",\"contentUrl\":\"https:\/\/glass-perfume-bottles.com\/wp-content\/uploads\/2025\/05\/500ml-Cubic-square-glass-diffuser-bottle-with-wooden-lid-supplier.jpg\",\"width\":720,\"height\":720,\"caption\":\"Cube Scent diffuser bottle supplier, cubic square glass diffuser bottle, Custom cubic aromatherapy bottle, Empty reed diffuser bottle factory, Luxury aromatherapy diffuser bottle, OEM reed diffuser glass bottle supplier, Wholesale aroma diffuser bottle\"},{\"@type\":\"BreadcrumbList\",\"@id\":\"https:\/\/glass-perfume-bottles.com\/product\/cubic-square-glass-diffuser-bottle-with-ash-wooden-lid-supplier\/#breadcrumb\",\"itemListElement\":[{\"@type\":\"ListItem\",\"position\":1,\"name\":\"Home\",\"item\":\"https:\/\/glass-perfume-bottles.com\/\"},{\"@type\":\"ListItem\",\"position\":2,\"name\":\"Product\",\"item\":\"https:\/\/glass-perfume-bottles.com\/custom-made-perfume-bottle-suppliers-and-wholesale\/\"},{\"@type\":\"ListItem\",\"position\":3,\"name\":\"Cubic square glass diffuser bottle with ash wooden lid supplier\"}]},{\"@type\":\"WebSite\",\"@id\":\"https:\/\/glass-perfume-bottles.com\/#website\",\"url\":\"https:\/\/glass-perfume-bottles.com\/\",\"name\":\"HY GLASS\",\"description\":\"glass perfume bottle manufacturers &amp; suppliers, aroma reed diffuser bottle wholesale &amp; suppliers\",\"publisher\":{\"@id\":\"https:\/\/glass-perfume-bottles.com\/#organization\"},\"potentialAction\":[{\"@type\":\"SearchAction\",\"target\":{\"@type\":\"EntryPoint\",\"urlTemplate\":\"https:\/\/glass-perfume-bottles.com\/?s={search_term_string}\"},\"query-input\":{\"@type\":\"PropertyValueSpecification\",\"valueRequired\":true,\"valueName\":\"search_term_string\"}}],\"inLanguage\":\"it-IT\"},{\"@type\":\"Organization\",\"@id\":\"https:\/\/glass-perfume-bottles.com\/#organization\",\"name\":\"HY GLASS\",\"url\":\"https:\/\/glass-perfume-bottles.com\/\",\"logo\":{\"@type\":\"ImageObject\",\"inLanguage\":\"it-IT\",\"@id\":\"https:\/\/glass-perfume-bottles.com\/#\/schema\/logo\/image\/\",\"url\":\"https:\/\/glass-perfume-bottles.com\/wp-content\/uploads\/2023\/09\/logo21.png\",\"contentUrl\":\"https:\/\/glass-perfume-bottles.com\/wp-content\/uploads\/2023\/09\/logo21.png\",\"width\":342,\"height\":268,\"caption\":\"HY GLASS\"},\"image\":{\"@id\":\"https:\/\/glass-perfume-bottles.com\/#\/schema\/logo\/image\/\"}}]}<\/script>\n<!-- \/ Yoast SEO Premium plugin. -->","yoast_head_json":{"title":"Cubic reed diffuser bottle with ash wood lid factory","description":"Cubic reed diffuser bottle accpet made of high white glass\uff0cwelcome to send us your idea\uff0cwe will turn your ideas into reality","robots":{"index":"index","follow":"follow","max-snippet":"max-snippet:-1","max-image-preview":"max-image-preview:large","max-video-preview":"max-video-preview:-1"},"canonical":"https:\/\/glass-perfume-bottles.com\/it\/prodotto\/cubic-square-glass-diffuser-bottle-with-ash-wooden-lid-supplier\/","og_locale":"it_IT","og_type":"article","og_title":"Cubic square glass diffuser bottle with ash wooden lid supplier","og_description":"Cubic reed diffuser bottle accpet made of high white glass\uff0cwelcome to send us your idea\uff0cwe will turn your ideas into reality","og_url":"https:\/\/glass-perfume-bottles.com\/it\/prodotto\/cubic-square-glass-diffuser-bottle-with-ash-wooden-lid-supplier\/","og_site_name":"HY GLASS","article_modified_time":"2025-05-07T10:29:44+00:00","og_image":[{"width":720,"height":720,"url":"https:\/\/glass-perfume-bottles.com\/wp-content\/uploads\/2025\/05\/500ml-Cubic-square-glass-diffuser-bottle-with-wooden-lid-supplier.jpg","type":"image\/jpeg"}],"twitter_card":"summary_large_image","twitter_misc":{"Tempo di lettura stimato":"2 minuti"},"schema":{"@context":"https:\/\/schema.org","@graph":[{"@type":"WebPage","@id":"https:\/\/glass-perfume-bottles.com\/product\/cubic-square-glass-diffuser-bottle-with-ash-wooden-lid-supplier\/","url":"https:\/\/glass-perfume-bottles.com\/product\/cubic-square-glass-diffuser-bottle-with-ash-wooden-lid-supplier\/","name":"Cubic reed diffuser bottle with ash wood lid factory","isPartOf":{"@id":"https:\/\/glass-perfume-bottles.com\/#website"},"primaryImageOfPage":{"@id":"https:\/\/glass-perfume-bottles.com\/product\/cubic-square-glass-diffuser-bottle-with-ash-wooden-lid-supplier\/#primaryimage"},"image":{"@id":"https:\/\/glass-perfume-bottles.com\/product\/cubic-square-glass-diffuser-bottle-with-ash-wooden-lid-supplier\/#primaryimage"},"thumbnailUrl":"https:\/\/glass-perfume-bottles.com\/wp-content\/uploads\/2025\/05\/500ml-Cubic-square-glass-diffuser-bottle-with-wooden-lid-supplier.jpg","datePublished":"2025-05-07T09:23:32+00:00","dateModified":"2025-05-07T10:29:44+00:00","description":"Cubic reed diffuser bottle accpet made of high white glass\uff0cwelcome to send us your idea\uff0cwe will turn your ideas into reality","breadcrumb":{"@id":"https:\/\/glass-perfume-bottles.com\/product\/cubic-square-glass-diffuser-bottle-with-ash-wooden-lid-supplier\/#breadcrumb"},"inLanguage":"it-IT","potentialAction":[{"@type":"ReadAction","target":["https:\/\/glass-perfume-bottles.com\/product\/cubic-square-glass-diffuser-bottle-with-ash-wooden-lid-supplier\/"]}]},{"@type":"ImageObject","inLanguage":"it-IT","@id":"https:\/\/glass-perfume-bottles.com\/product\/cubic-square-glass-diffuser-bottle-with-ash-wooden-lid-supplier\/#primaryimage","url":"https:\/\/glass-perfume-bottles.com\/wp-content\/uploads\/2025\/05\/500ml-Cubic-square-glass-diffuser-bottle-with-wooden-lid-supplier.jpg","contentUrl":"https:\/\/glass-perfume-bottles.com\/wp-content\/uploads\/2025\/05\/500ml-Cubic-square-glass-diffuser-bottle-with-wooden-lid-supplier.jpg","width":720,"height":720,"caption":"Cube Scent diffuser bottle supplier, cubic square glass diffuser bottle, Custom cubic aromatherapy bottle, Empty reed diffuser bottle factory, Luxury aromatherapy diffuser bottle, OEM reed diffuser glass bottle supplier, Wholesale aroma diffuser bottle"},{"@type":"BreadcrumbList","@id":"https:\/\/glass-perfume-bottles.com\/product\/cubic-square-glass-diffuser-bottle-with-ash-wooden-lid-supplier\/#breadcrumb","itemListElement":[{"@type":"ListItem","position":1,"name":"Home","item":"https:\/\/glass-perfume-bottles.com\/"},{"@type":"ListItem","position":2,"name":"Product","item":"https:\/\/glass-perfume-bottles.com\/custom-made-perfume-bottle-suppliers-and-wholesale\/"},{"@type":"ListItem","position":3,"name":"Cubic square glass diffuser bottle with ash wooden lid supplier"}]},{"@type":"WebSite","@id":"https:\/\/glass-perfume-bottles.com\/#website","url":"https:\/\/glass-perfume-bottles.com\/","name":"HY GLASS","description":"glass perfume bottle manufacturers &amp; suppliers, aroma reed diffuser bottle wholesale &amp; suppliers","publisher":{"@id":"https:\/\/glass-perfume-bottles.com\/#organization"},"potentialAction":[{"@type":"SearchAction","target":{"@type":"EntryPoint","urlTemplate":"https:\/\/glass-perfume-bottles.com\/?s={search_term_string}"},"query-input":{"@type":"PropertyValueSpecification","valueRequired":true,"valueName":"search_term_string"}}],"inLanguage":"it-IT"},{"@type":"Organization","@id":"https:\/\/glass-perfume-bottles.com\/#organization","name":"HY GLASS","url":"https:\/\/glass-perfume-bottles.com\/","logo":{"@type":"ImageObject","inLanguage":"it-IT","@id":"https:\/\/glass-perfume-bottles.com\/#\/schema\/logo\/image\/","url":"https:\/\/glass-perfume-bottles.com\/wp-content\/uploads\/2023\/09\/logo21.png","contentUrl":"https:\/\/glass-perfume-bottles.com\/wp-content\/uploads\/2023\/09\/logo21.png","width":342,"height":268,"caption":"HY GLASS"},"image":{"@id":"https:\/\/glass-perfume-bottles.com\/#\/schema\/logo\/image\/"}}]}},"taxonomy_info":{"product_cat":[{"value":71,"label":"Glass Aroma Reed Diffuser Bottle"}],"product_tag":[{"value":407,"label":"Cube Scent diffuser bottle supplier"},{"value":406,"label":"cubic square glass diffuser bottle"},{"value":404,"label":"Custom cubic aromatherapy bottle"},{"value":399,"label":"Empty reed diffuser bottle factory"},{"value":402,"label":"Luxury aromatherapy diffuser bottle"},{"value":405,"label":"OEM reed diffuser glass bottle supplier"},{"value":396,"label":"Wholesale aroma diffuser bottle"}]},"featured_image_src_large":["https:\/\/glass-perfume-bottles.com\/wp-content\/uploads\/2025\/05\/500ml-Cubic-square-glass-diffuser-bottle-with-wooden-lid-supplier.jpg",720,720,false],"author_info":[],"comment_info":0,"_links":{"self":[{"href":"https:\/\/glass-perfume-bottles.com\/it\/wp-json\/wp\/v2\/product\/2881","targetHints":{"allow":["GET"]}}],"collection":[{"href":"https:\/\/glass-perfume-bottles.com\/it\/wp-json\/wp\/v2\/product"}],"about":[{"href":"https:\/\/glass-perfume-bottles.com\/it\/wp-json\/wp\/v2\/types\/product"}],"replies":[{"embeddable":true,"href":"https:\/\/glass-perfume-bottles.com\/it\/wp-json\/wp\/v2\/comments?post=2881"}],"wp:featuredmedia":[{"embeddable":true,"href":"https:\/\/glass-perfume-bottles.com\/it\/wp-json\/wp\/v2\/media\/2867"}],"wp:attachment":[{"href":"https:\/\/glass-perfume-bottles.com\/it\/wp-json\/wp\/v2\/media?parent=2881"}],"wp:term":[{"taxonomy":"product_brand","embeddable":true,"href":"https:\/\/glass-perfume-bottles.com\/it\/wp-json\/wp\/v2\/product_brand?post=2881"},{"taxonomy":"product_cat","embeddable":true,"href":"https:\/\/glass-perfume-bottles.com\/it\/wp-json\/wp\/v2\/product_cat?post=2881"},{"taxonomy":"product_tag","embeddable":true,"href":"https:\/\/glass-perfume-bottles.com\/it\/wp-json\/wp\/v2\/product_tag?post=2881"}],"curies":[{"name":"wp","href":"https:\/\/api.w.org\/{rel}","templated":true}]}}