{"id":3157,"date":"2026-01-10T14:08:14","date_gmt":"2026-01-10T14:08:14","guid":{"rendered":"https:\/\/glass-perfume-bottles.com\/?post_type=product&#038;p=3157"},"modified":"2026-01-10T14:20:49","modified_gmt":"2026-01-10T14:20:49","slug":"30ml-50ml-100ml-volcanic-base-perfume-bottle-manufacturer","status":"publish","type":"product","link":"https:\/\/glass-perfume-bottles.com\/it\/prodotto\/30ml-50ml-100ml-volcanic-base-perfume-bottle-manufacturer\/","title":{"rendered":"Produttore di flaconi di profumo a base vulcanica da 30 ml, 50 ml e 100 ml"},"content":{"rendered":"<table>\n<tbody>\n<tr>\n<td width=\"158\">Nome del prodotto<\/td>\n<td width=\"591\">Flacone di profumo a base vulcanica<\/td>\n<\/tr>\n<tr>\n<td width=\"158\">Capacit\u00e0<\/td>\n<td width=\"591\">Bocca a crimpare (disponibili altre dimensioni)<\/td>\n<\/tr>\n<tr>\n<td width=\"158\">Misurare<\/td>\n<td width=\"591\">30 ml: 45x96 mm<\/p>\n<p>50 ml: 50x104 mm<\/p>\n<p>100 ml: 60x118 mm<\/td>\n<\/tr>\n<tr>\n<td width=\"158\">Peso<\/td>\n<td width=\"591\">30 ml: 150 g<\/p>\n<p>50 ml: 200 g<\/p>\n<p>100 ml: 300 g<\/td>\n<\/tr>\n<tr>\n<td width=\"158\">Materiale<\/td>\n<td width=\"591\">Vetro bianco cristallino<\/td>\n<\/tr>\n<tr>\n<td width=\"158\">Colore del corpo<\/td>\n<td width=\"591\">Trasparente, rosso, nero, blu, satinato, verde, rosa o colore personalizzato<\/td>\n<\/tr>\n<tr>\n<td width=\"158\">Gestione della superficie<\/td>\n<td width=\"591\">S\/S\u3001H\/S\u3001satinato\u3001metallizzato\u3001floccaggio\u3001olografico\u3001rivestimento in marmo\u3001perlato ecc.<\/td>\n<\/tr>\n<tr>\n<td width=\"158\">Utilizzo<\/td>\n<td width=\"591\">Confezionamento di olio per aromaterapia\/olio essenziale\/deodorante\/deodorante per ambienti\/profumo\/siero\/olio essenziale\/tonico<\/td>\n<\/tr>\n<tr>\n<td width=\"158\">Imballaggio<\/td>\n<td width=\"591\">Esportazione di cartone e pallet di compensato,<\/td>\n<\/tr>\n<tr>\n<td width=\"158\">Quantit\u00e0 minima<\/td>\n<td width=\"591\">2.000 pezzi (poich\u00e9 esiste un design personalizzato)<\/td>\n<\/tr>\n<tr>\n<td width=\"158\">Campione<\/td>\n<td width=\"591\">Campione gratuito, spese di spedizione a carico dell&#039;acquirente.<\/td>\n<\/tr>\n<tr>\n<td width=\"158\">Trasporto<\/td>\n<td width=\"591\">FedEx\/DHL\/EMS\/UPS\/TNT\/Via mare\/Via aerea, ecc.<\/td>\n<\/tr>\n<tr>\n<td width=\"158\">Modalit\u00e0 di pagamento<\/td>\n<td width=\"591\">Bonifico bancario, L\/C, Western Union, Money Gram, Paypal, ecc.<\/td>\n<\/tr>\n<tr>\n<td width=\"158\">Tempi di consegna<\/td>\n<td width=\"591\">Campione in 1-2 giorni, produzione dell&#039;ordine in 20-45 giorni, a seconda dei dettagli dell&#039;ordine.<\/td>\n<\/tr>\n<tr>\n<td width=\"158\">Servizio<\/td>\n<td width=\"591\">Servizio OEM e ODM, servizio di progettazione, soluzione one-stop<\/td>\n<\/tr>\n<\/tbody>\n<\/table>\n<p>&nbsp;<\/p>\n<p><a href=\"https:\/\/www.hyglassbottles.com\/product\/50ml-Hexagonal-glass-perfume-bottle-wholesale-suppliers.html\">Flacone di profumo a base vulcanica<\/a> Realizzata in vetro spesso bianco cristallo, la bottiglia non si rompe facilmente, \u00e8 ecologica e riciclabile e presenta un beccuccio a scatto per un facile riempimento e una tenuta stagna.<\/p>\n<p>Forma rettangolare piatta unica, la superficie accetta S\/S personalizzata, H\/S, stampa a caldo, floccaggio, rivestimento colorato, rivestimento in marmo, metallizzazione, rivestimento olografico ecc., \u00e8 possibile produrre piccole quantit\u00e0.<\/p>\n<p>HY GLASS come professionista <a href=\"https:\/\/glass-perfume-bottles.com\/it\/luxury-50ml-square-fire-polish-perfume-bottle-supplier\/\">bottiglia di profumo in vetro<\/a> fabbrica, ha prodotto 2.000 tipi di bottiglie di profumo in vetro di forma per il cliente,<\/p>\n<p>Produciamo anche bottiglie con capacit\u00e0 da 30 ml, 50 ml e 100 ml e personalizziamo qualsiasi forma e capacit\u00e0 per te,<\/p>\n<p>Disponiamo di un team di progettazione professionale e di un reparto di controllo qualit\u00e0 che controlla rigorosamente la qualit\u00e0 del prodotto, per garantire che il tuo prodotto stabile e di alta qualit\u00e0 si distingua dalla massa.<\/p>","protected":false},"excerpt":{"rendered":"<p><a href=\"https:\/\/www.hyglassbottles.com\/product\/50ml-Hexagonal-glass-perfume-bottle-wholesale-suppliers.html\">Flacone di profumo a base vulcanica<\/a> Realizzata in vetro spesso bianco cristallo, la bottiglia non si rompe facilmente, \u00e8 ecologica e riciclabile e presenta un beccuccio a scatto per un facile riempimento e una tenuta stagna.<\/p>","protected":false},"featured_media":3158,"comment_status":"open","ping_status":"closed","template":"","meta":{"_kad_blocks_custom_css":"","_kad_blocks_head_custom_js":"","_kad_blocks_body_custom_js":"","_kad_blocks_footer_custom_js":"","_kad_post_transparent":"default","_kad_post_title":"","_kad_post_layout":"default","_kad_post_sidebar_id":"","_kad_post_content_style":"default","_kad_post_vertical_padding":"default","_kad_post_feature":"","_kad_post_feature_position":"","_kad_post_header":false,"_kad_post_footer":false,"_joinchat":[]},"product_brand":[],"product_cat":[51],"product_tag":[498,156,496,495,358,497],"class_list":{"0":"post-3157","1":"product","2":"type-product","3":"status-publish","4":"has-post-thumbnail","6":"product_cat-glass-perfume-bottles","7":"product_tag-custom-perfume-bottle-design","8":"product_tag-luxury-perfume-bottle-supplier","9":"product_tag-oem-odm-perfume-bottle","10":"product_tag-perfume-bottles-vials","11":"product_tag-premium-perfume-bottle-portable","12":"product_tag-volcanic-base-perfume-bottle","14":"first","15":"instock","16":"shipping-taxable","17":"product-type-simple","18":"entry","19":"content-bg","20":"loop-entry"},"yoast_head":"<!-- This site is optimized with the Yoast SEO Premium plugin v20.5 (Yoast SEO v24.2) - https:\/\/yoast.com\/wordpress\/plugins\/seo\/ -->\n<title>30ml 50ml 100ml Volcanic base perfume bottle manufacturer<\/title>\n<meta name=\"description\" content=\"Volcanic base perfume bottle Made of crystal white thickened glass, the bottle is not easily broken\" \/>\n<meta name=\"robots\" content=\"index, follow, max-snippet:-1, max-image-preview:large, max-video-preview:-1\" \/>\n<link rel=\"canonical\" href=\"https:\/\/glass-perfume-bottles.com\/it\/prodotto\/30ml-50ml-100ml-volcanic-base-perfume-bottle-manufacturer\/\" \/>\n<meta property=\"og:locale\" content=\"it_IT\" \/>\n<meta property=\"og:type\" content=\"article\" \/>\n<meta property=\"og:title\" content=\"30ml 50ml 100ml Volcanic base perfume bottle manufacturer\" \/>\n<meta property=\"og:description\" content=\"Volcanic base perfume bottle Made of crystal white thickened glass, the bottle is not easily broken\" \/>\n<meta property=\"og:url\" content=\"https:\/\/glass-perfume-bottles.com\/it\/prodotto\/30ml-50ml-100ml-volcanic-base-perfume-bottle-manufacturer\/\" \/>\n<meta property=\"og:site_name\" content=\"HY GLASS\" \/>\n<meta property=\"article:modified_time\" content=\"2026-01-10T14:20:49+00:00\" \/>\n<meta property=\"og:image\" content=\"https:\/\/glass-perfume-bottles.com\/wp-content\/uploads\/2026\/01\/30ml-50ml-100ml-Glass-perfume-bottle.jpg\" \/>\n\t<meta property=\"og:image:width\" content=\"720\" \/>\n\t<meta property=\"og:image:height\" content=\"720\" \/>\n\t<meta property=\"og:image:type\" content=\"image\/jpeg\" \/>\n<meta name=\"twitter:card\" content=\"summary_large_image\" \/>\n<meta name=\"twitter:label1\" content=\"Tempo di lettura stimato\" \/>\n\t<meta name=\"twitter:data1\" content=\"2 minuti\" \/>\n<script type=\"application\/ld+json\" class=\"yoast-schema-graph\">{\"@context\":\"https:\/\/schema.org\",\"@graph\":[{\"@type\":\"WebPage\",\"@id\":\"https:\/\/glass-perfume-bottles.com\/product\/30ml-50ml-100ml-volcanic-base-perfume-bottle-manufacturer\/\",\"url\":\"https:\/\/glass-perfume-bottles.com\/product\/30ml-50ml-100ml-volcanic-base-perfume-bottle-manufacturer\/\",\"name\":\"30ml 50ml 100ml Volcanic base perfume bottle manufacturer\",\"isPartOf\":{\"@id\":\"https:\/\/glass-perfume-bottles.com\/#website\"},\"primaryImageOfPage\":{\"@id\":\"https:\/\/glass-perfume-bottles.com\/product\/30ml-50ml-100ml-volcanic-base-perfume-bottle-manufacturer\/#primaryimage\"},\"image\":{\"@id\":\"https:\/\/glass-perfume-bottles.com\/product\/30ml-50ml-100ml-volcanic-base-perfume-bottle-manufacturer\/#primaryimage\"},\"thumbnailUrl\":\"https:\/\/glass-perfume-bottles.com\/wp-content\/uploads\/2026\/01\/30ml-50ml-100ml-Glass-perfume-bottle.jpg\",\"datePublished\":\"2026-01-10T14:08:14+00:00\",\"dateModified\":\"2026-01-10T14:20:49+00:00\",\"description\":\"Volcanic base perfume bottle Made of crystal white thickened glass, the bottle is not easily broken\",\"breadcrumb\":{\"@id\":\"https:\/\/glass-perfume-bottles.com\/product\/30ml-50ml-100ml-volcanic-base-perfume-bottle-manufacturer\/#breadcrumb\"},\"inLanguage\":\"it-IT\",\"potentialAction\":[{\"@type\":\"ReadAction\",\"target\":[\"https:\/\/glass-perfume-bottles.com\/product\/30ml-50ml-100ml-volcanic-base-perfume-bottle-manufacturer\/\"]}]},{\"@type\":\"ImageObject\",\"inLanguage\":\"it-IT\",\"@id\":\"https:\/\/glass-perfume-bottles.com\/product\/30ml-50ml-100ml-volcanic-base-perfume-bottle-manufacturer\/#primaryimage\",\"url\":\"https:\/\/glass-perfume-bottles.com\/wp-content\/uploads\/2026\/01\/30ml-50ml-100ml-Glass-perfume-bottle.jpg\",\"contentUrl\":\"https:\/\/glass-perfume-bottles.com\/wp-content\/uploads\/2026\/01\/30ml-50ml-100ml-Glass-perfume-bottle.jpg\",\"width\":720,\"height\":720,\"caption\":\"Volcanic base perfume bottle Made of crystal white thickened glass, the bottle is not easily broken, is environmentally friendly and recyclable, and features a snap-on spout for easy filling and a strong seal.\"},{\"@type\":\"BreadcrumbList\",\"@id\":\"https:\/\/glass-perfume-bottles.com\/product\/30ml-50ml-100ml-volcanic-base-perfume-bottle-manufacturer\/#breadcrumb\",\"itemListElement\":[{\"@type\":\"ListItem\",\"position\":1,\"name\":\"Home\",\"item\":\"https:\/\/glass-perfume-bottles.com\/\"},{\"@type\":\"ListItem\",\"position\":2,\"name\":\"Product\",\"item\":\"https:\/\/glass-perfume-bottles.com\/custom-made-perfume-bottle-suppliers-and-wholesale\/\"},{\"@type\":\"ListItem\",\"position\":3,\"name\":\"30ml 50ml 100ml Volcanic base perfume bottle manufacturer\"}]},{\"@type\":\"WebSite\",\"@id\":\"https:\/\/glass-perfume-bottles.com\/#website\",\"url\":\"https:\/\/glass-perfume-bottles.com\/\",\"name\":\"HY GLASS\",\"description\":\"glass perfume bottle manufacturers &amp; suppliers, aroma reed diffuser bottle wholesale &amp; suppliers\",\"publisher\":{\"@id\":\"https:\/\/glass-perfume-bottles.com\/#organization\"},\"potentialAction\":[{\"@type\":\"SearchAction\",\"target\":{\"@type\":\"EntryPoint\",\"urlTemplate\":\"https:\/\/glass-perfume-bottles.com\/?s={search_term_string}\"},\"query-input\":{\"@type\":\"PropertyValueSpecification\",\"valueRequired\":true,\"valueName\":\"search_term_string\"}}],\"inLanguage\":\"it-IT\"},{\"@type\":\"Organization\",\"@id\":\"https:\/\/glass-perfume-bottles.com\/#organization\",\"name\":\"HY GLASS\",\"url\":\"https:\/\/glass-perfume-bottles.com\/\",\"logo\":{\"@type\":\"ImageObject\",\"inLanguage\":\"it-IT\",\"@id\":\"https:\/\/glass-perfume-bottles.com\/#\/schema\/logo\/image\/\",\"url\":\"https:\/\/glass-perfume-bottles.com\/wp-content\/uploads\/2023\/09\/logo21.png\",\"contentUrl\":\"https:\/\/glass-perfume-bottles.com\/wp-content\/uploads\/2023\/09\/logo21.png\",\"width\":342,\"height\":268,\"caption\":\"HY GLASS\"},\"image\":{\"@id\":\"https:\/\/glass-perfume-bottles.com\/#\/schema\/logo\/image\/\"}}]}<\/script>\n<!-- \/ Yoast SEO Premium plugin. -->","yoast_head_json":{"title":"30ml 50ml 100ml Volcanic base perfume bottle manufacturer","description":"Volcanic base perfume bottle Made of crystal white thickened glass, the bottle is not easily broken","robots":{"index":"index","follow":"follow","max-snippet":"max-snippet:-1","max-image-preview":"max-image-preview:large","max-video-preview":"max-video-preview:-1"},"canonical":"https:\/\/glass-perfume-bottles.com\/it\/prodotto\/30ml-50ml-100ml-volcanic-base-perfume-bottle-manufacturer\/","og_locale":"it_IT","og_type":"article","og_title":"30ml 50ml 100ml Volcanic base perfume bottle manufacturer","og_description":"Volcanic base perfume bottle Made of crystal white thickened glass, the bottle is not easily broken","og_url":"https:\/\/glass-perfume-bottles.com\/it\/prodotto\/30ml-50ml-100ml-volcanic-base-perfume-bottle-manufacturer\/","og_site_name":"HY GLASS","article_modified_time":"2026-01-10T14:20:49+00:00","og_image":[{"width":720,"height":720,"url":"https:\/\/glass-perfume-bottles.com\/wp-content\/uploads\/2026\/01\/30ml-50ml-100ml-Glass-perfume-bottle.jpg","type":"image\/jpeg"}],"twitter_card":"summary_large_image","twitter_misc":{"Tempo di lettura stimato":"2 minuti"},"schema":{"@context":"https:\/\/schema.org","@graph":[{"@type":"WebPage","@id":"https:\/\/glass-perfume-bottles.com\/product\/30ml-50ml-100ml-volcanic-base-perfume-bottle-manufacturer\/","url":"https:\/\/glass-perfume-bottles.com\/product\/30ml-50ml-100ml-volcanic-base-perfume-bottle-manufacturer\/","name":"30ml 50ml 100ml Volcanic base perfume bottle manufacturer","isPartOf":{"@id":"https:\/\/glass-perfume-bottles.com\/#website"},"primaryImageOfPage":{"@id":"https:\/\/glass-perfume-bottles.com\/product\/30ml-50ml-100ml-volcanic-base-perfume-bottle-manufacturer\/#primaryimage"},"image":{"@id":"https:\/\/glass-perfume-bottles.com\/product\/30ml-50ml-100ml-volcanic-base-perfume-bottle-manufacturer\/#primaryimage"},"thumbnailUrl":"https:\/\/glass-perfume-bottles.com\/wp-content\/uploads\/2026\/01\/30ml-50ml-100ml-Glass-perfume-bottle.jpg","datePublished":"2026-01-10T14:08:14+00:00","dateModified":"2026-01-10T14:20:49+00:00","description":"Volcanic base perfume bottle Made of crystal white thickened glass, the bottle is not easily broken","breadcrumb":{"@id":"https:\/\/glass-perfume-bottles.com\/product\/30ml-50ml-100ml-volcanic-base-perfume-bottle-manufacturer\/#breadcrumb"},"inLanguage":"it-IT","potentialAction":[{"@type":"ReadAction","target":["https:\/\/glass-perfume-bottles.com\/product\/30ml-50ml-100ml-volcanic-base-perfume-bottle-manufacturer\/"]}]},{"@type":"ImageObject","inLanguage":"it-IT","@id":"https:\/\/glass-perfume-bottles.com\/product\/30ml-50ml-100ml-volcanic-base-perfume-bottle-manufacturer\/#primaryimage","url":"https:\/\/glass-perfume-bottles.com\/wp-content\/uploads\/2026\/01\/30ml-50ml-100ml-Glass-perfume-bottle.jpg","contentUrl":"https:\/\/glass-perfume-bottles.com\/wp-content\/uploads\/2026\/01\/30ml-50ml-100ml-Glass-perfume-bottle.jpg","width":720,"height":720,"caption":"Volcanic base perfume bottle Made of crystal white thickened glass, the bottle is not easily broken, is environmentally friendly and recyclable, and features a snap-on spout for easy filling and a strong seal."},{"@type":"BreadcrumbList","@id":"https:\/\/glass-perfume-bottles.com\/product\/30ml-50ml-100ml-volcanic-base-perfume-bottle-manufacturer\/#breadcrumb","itemListElement":[{"@type":"ListItem","position":1,"name":"Home","item":"https:\/\/glass-perfume-bottles.com\/"},{"@type":"ListItem","position":2,"name":"Product","item":"https:\/\/glass-perfume-bottles.com\/custom-made-perfume-bottle-suppliers-and-wholesale\/"},{"@type":"ListItem","position":3,"name":"30ml 50ml 100ml Volcanic base perfume bottle manufacturer"}]},{"@type":"WebSite","@id":"https:\/\/glass-perfume-bottles.com\/#website","url":"https:\/\/glass-perfume-bottles.com\/","name":"HY GLASS","description":"glass perfume bottle manufacturers &amp; suppliers, aroma reed diffuser bottle wholesale &amp; suppliers","publisher":{"@id":"https:\/\/glass-perfume-bottles.com\/#organization"},"potentialAction":[{"@type":"SearchAction","target":{"@type":"EntryPoint","urlTemplate":"https:\/\/glass-perfume-bottles.com\/?s={search_term_string}"},"query-input":{"@type":"PropertyValueSpecification","valueRequired":true,"valueName":"search_term_string"}}],"inLanguage":"it-IT"},{"@type":"Organization","@id":"https:\/\/glass-perfume-bottles.com\/#organization","name":"HY GLASS","url":"https:\/\/glass-perfume-bottles.com\/","logo":{"@type":"ImageObject","inLanguage":"it-IT","@id":"https:\/\/glass-perfume-bottles.com\/#\/schema\/logo\/image\/","url":"https:\/\/glass-perfume-bottles.com\/wp-content\/uploads\/2023\/09\/logo21.png","contentUrl":"https:\/\/glass-perfume-bottles.com\/wp-content\/uploads\/2023\/09\/logo21.png","width":342,"height":268,"caption":"HY GLASS"},"image":{"@id":"https:\/\/glass-perfume-bottles.com\/#\/schema\/logo\/image\/"}}]}},"taxonomy_info":{"product_cat":[{"value":51,"label":"Glass Perfume Bottle"}],"product_tag":[{"value":498,"label":"Custom Perfume Bottle Design"},{"value":156,"label":"Luxury perfume bottle supplier"},{"value":496,"label":"OEM ODM Perfume Bottle"},{"value":495,"label":"perfume bottles &amp; vials"},{"value":358,"label":"Premium Perfume Bottle Portable"},{"value":497,"label":"Volcanic base perfume bottle"}]},"featured_image_src_large":["https:\/\/glass-perfume-bottles.com\/wp-content\/uploads\/2026\/01\/30ml-50ml-100ml-Glass-perfume-bottle.jpg",720,720,false],"author_info":[],"comment_info":0,"_links":{"self":[{"href":"https:\/\/glass-perfume-bottles.com\/it\/wp-json\/wp\/v2\/product\/3157","targetHints":{"allow":["GET"]}}],"collection":[{"href":"https:\/\/glass-perfume-bottles.com\/it\/wp-json\/wp\/v2\/product"}],"about":[{"href":"https:\/\/glass-perfume-bottles.com\/it\/wp-json\/wp\/v2\/types\/product"}],"replies":[{"embeddable":true,"href":"https:\/\/glass-perfume-bottles.com\/it\/wp-json\/wp\/v2\/comments?post=3157"}],"wp:featuredmedia":[{"embeddable":true,"href":"https:\/\/glass-perfume-bottles.com\/it\/wp-json\/wp\/v2\/media\/3158"}],"wp:attachment":[{"href":"https:\/\/glass-perfume-bottles.com\/it\/wp-json\/wp\/v2\/media?parent=3157"}],"wp:term":[{"taxonomy":"product_brand","embeddable":true,"href":"https:\/\/glass-perfume-bottles.com\/it\/wp-json\/wp\/v2\/product_brand?post=3157"},{"taxonomy":"product_cat","embeddable":true,"href":"https:\/\/glass-perfume-bottles.com\/it\/wp-json\/wp\/v2\/product_cat?post=3157"},{"taxonomy":"product_tag","embeddable":true,"href":"https:\/\/glass-perfume-bottles.com\/it\/wp-json\/wp\/v2\/product_tag?post=3157"}],"curies":[{"name":"wp","href":"https:\/\/api.w.org\/{rel}","templated":true}]}}