{"id":3175,"date":"2026-01-23T10:17:05","date_gmt":"2026-01-23T10:17:05","guid":{"rendered":"https:\/\/glass-perfume-bottles.com\/?post_type=product&#038;p=3175"},"modified":"2026-05-12T05:31:26","modified_gmt":"2026-05-12T05:31:26","slug":"50ml-1-7oz-thick-tall-cylinder-perfume-bottles-wholesale-suppliers","status":"publish","type":"product","link":"https:\/\/glass-perfume-bottles.com\/it\/prodotto\/50ml-1-7oz-thick-tall-cylinder-perfume-bottles-wholesale-suppliers\/","title":{"rendered":"Flaconi di profumo cilindrici alti e spessi da 50 ml (1,7 oz)"},"content":{"rendered":"<table>\n<tbody>\n<tr>\n<td width=\"158\">Nome del prodotto<\/td>\n<td width=\"591\">Bottiglie di profumo cilindriche alte e spesse<\/td>\n<\/tr>\n<tr>\n<td width=\"158\">Capacit\u00e0<\/td>\n<td width=\"591\">50 ml o altre dimensioni personalizzate<\/td>\n<\/tr>\n<tr>\n<td width=\"158\">Misurare<\/td>\n<td width=\"591\">55x100mm<\/td>\n<\/tr>\n<tr>\n<td width=\"158\">Peso<\/td>\n<td width=\"591\">120g<\/td>\n<\/tr>\n<tr>\n<td width=\"158\">Materiale<\/td>\n<td width=\"591\">\u00a0Vetro bianco cristallino<\/td>\n<\/tr>\n<tr>\n<td width=\"158\">Colore del corpo<\/td>\n<td width=\"591\">Trasparente, satinato, rosso, nero, blu, verde, rosa o colore personalizzato<\/td>\n<\/tr>\n<tr>\n<td width=\"158\">Gestione della superficie<\/td>\n<td width=\"591\">Serigrafia, stampa a caldo, satinatura, metallizzazione, floccatura, olografia, marmorizzazione, decalcomanie ecc.<\/td>\n<\/tr>\n<tr>\n<td width=\"158\">Utilizzo<\/td>\n<td width=\"591\">\u00a0Confezionamento di olio profumato\/olio essenziale\/deodorante\/deodorante per ambienti\/profumo\/siero\/olio essenziale\/tonico<\/td>\n<\/tr>\n<tr>\n<td width=\"158\">Imballaggio<\/td>\n<td width=\"591\">Esportazione di cartone e pallet di compensato,<\/td>\n<\/tr>\n<tr>\n<td width=\"158\">Quantit\u00e0 minima<\/td>\n<td width=\"591\">1.000 pezzi (poich\u00e9 esiste un design personalizzato)<\/td>\n<\/tr>\n<tr>\n<td width=\"158\">Campione<\/td>\n<td width=\"591\">Campione gratuito, spese di spedizione a carico dell&#039;acquirente.<\/td>\n<\/tr>\n<tr>\n<td width=\"158\">Trasporto<\/td>\n<td width=\"591\">FedEx\/DHL\/EMS\/UPS\/TNT\/Via mare\/Via aerea, ecc.<\/td>\n<\/tr>\n<tr>\n<td width=\"158\">Modalit\u00e0 di pagamento<\/td>\n<td width=\"591\">Bonifico bancario, L\/C, Western Union, Money Gram, Paypal, ecc.<\/td>\n<\/tr>\n<tr>\n<td width=\"158\">Tempi di consegna<\/td>\n<td width=\"591\">Campione in 1-2 giorni, produzione dell&#039;ordine in 20-45 giorni, a seconda dei dettagli dell&#039;ordine.<\/td>\n<\/tr>\n<tr>\n<td width=\"158\">Servizio<\/td>\n<td width=\"591\">Servizio di bottiglie di vetro OEM e ODM, servizio di progettazione, soluzione one-stop<\/td>\n<\/tr>\n<\/tbody>\n<\/table>\n<p>Le bottiglie di profumo cilindriche spesse e alte sono di prima qualit\u00e0, <a href=\"https:\/\/glass-perfume-bottles.com\/it\/prodotto\/customize-200ml-glacier-base-diffuser-bottle-suppliers\/\">contenitori per fragranze durevoli<\/a> Caratterizzati da un vetro spesso e spesso e da un profilo sottile ed elegante, sono comunemente disponibili nelle capacit\u00e0 da 50 ml (1,7 oz) e 100 ml (3,4 oz). Questi flaconi per profumo dallo stile lussuoso presentano una base spessa. Sono dotati di atomizzatori a nebbia fine in oro o argento e meccanismi a vite ricaricabili, adatti per viaggi e uso commerciale.<\/p>\n<p>Come il vetro <a href=\"https:\/\/www.hyglassbottles.com\/product\/Exquisite-50ml-cylinder-perfume-bottle-in-stock.html\">azienda produttrice di bottiglie di profumo<\/a>Siamo il partner di fiducia per il packaging cosmetico, le fragranze e le materie prime per i marchi di bellezza di tutto il mondo. Pi\u00f9 che un semplice partner, collaboriamo a stretto contatto con i nostri clienti per trasformare le loro visioni creative in realt\u00e0. Dalla progettazione e sviluppo alla produzione e all&#039;approvvigionamento, possiamo trasformare la vostra idea in realt\u00e0. Grazie alla nostra profonda esperienza nel packaging di profumi e cosmetici, il nostro team pu\u00f2 aiutare i vostri marchi a creare prodotti che riflettano veramente la loro identit\u00e0 e soddisfino le esigenze del mercato. Se siete interessati a flaconi di profumo cilindrici alti e spessi, inviateci una richiesta!<\/p>\n<p>&nbsp;<\/p>","protected":false},"excerpt":{"rendered":"<p>Se sei interessato a flaconi di profumo cilindrici alti da 50 ml e 1,7 oz, inviaci una richiesta!<\/p>","protected":false},"featured_media":3176,"comment_status":"open","ping_status":"closed","template":"","meta":{"_kad_blocks_custom_css":"","_kad_blocks_head_custom_js":"","_kad_blocks_body_custom_js":"","_kad_blocks_footer_custom_js":"","_kad_post_transparent":"default","_kad_post_title":"","_kad_post_layout":"default","_kad_post_sidebar_id":"","_kad_post_content_style":"default","_kad_post_vertical_padding":"default","_kad_post_feature":"","_kad_post_feature_position":"","_kad_post_header":false,"_kad_post_footer":false,"_joinchat":[]},"product_brand":[],"product_cat":[51],"product_tag":[513,512,514],"class_list":{"0":"post-3175","1":"product","2":"type-product","3":"status-publish","4":"has-post-thumbnail","6":"product_cat-glass-perfume-bottles","7":"product_tag-200ml-glacier-base-aroma-reed-diffuser-bottle-manufacturer","8":"product_tag-glacier-base-diffuser-bottle-suppliers","9":"product_tag-iceberg-base-aroma-diffuser-bottle-wholesale","11":"first","12":"instock","13":"shipping-taxable","14":"product-type-simple","15":"entry","16":"content-bg","17":"loop-entry"},"yoast_head":"<!-- This site is optimized with the Yoast SEO Premium plugin v20.5 (Yoast SEO v24.2) - https:\/\/yoast.com\/wordpress\/plugins\/seo\/ -->\n<title>Thick tall cylinder perfume bottles manufacturer and supplier<\/title>\n<meta name=\"description\" content=\"As the glass perfume bottle manufacturing company, we can produce and export you high quality 50ml 1.7oz thick tall cylinder perfume bottles.\" \/>\n<meta name=\"robots\" content=\"index, follow, max-snippet:-1, max-image-preview:large, max-video-preview:-1\" \/>\n<link rel=\"canonical\" href=\"https:\/\/glass-perfume-bottles.com\/it\/prodotto\/50ml-1-7oz-thick-tall-cylinder-perfume-bottles-wholesale-suppliers\/\" \/>\n<meta property=\"og:locale\" content=\"it_IT\" \/>\n<meta property=\"og:type\" content=\"article\" \/>\n<meta property=\"og:title\" content=\"50ml 1.7oz thick tall cylinder perfume bottles\" \/>\n<meta property=\"og:description\" content=\"As the glass perfume bottle manufacturing company, we can produce and export you high quality 50ml 1.7oz thick tall cylinder perfume bottles.\" \/>\n<meta property=\"og:url\" content=\"https:\/\/glass-perfume-bottles.com\/it\/prodotto\/50ml-1-7oz-thick-tall-cylinder-perfume-bottles-wholesale-suppliers\/\" \/>\n<meta property=\"og:site_name\" content=\"HY GLASS\" \/>\n<meta property=\"article:modified_time\" content=\"2026-05-12T05:31:26+00:00\" \/>\n<meta property=\"og:image\" content=\"https:\/\/glass-perfume-bottles.com\/wp-content\/uploads\/2026\/01\/Thick-Tall-Cylinder-Perfume-Bottles.jpg\" \/>\n\t<meta property=\"og:image:width\" content=\"720\" \/>\n\t<meta property=\"og:image:height\" content=\"720\" \/>\n\t<meta property=\"og:image:type\" content=\"image\/jpeg\" \/>\n<meta name=\"twitter:card\" content=\"summary_large_image\" \/>\n<meta name=\"twitter:label1\" content=\"Tempo di lettura stimato\" \/>\n\t<meta name=\"twitter:data1\" content=\"2 minuti\" \/>\n<script type=\"application\/ld+json\" class=\"yoast-schema-graph\">{\"@context\":\"https:\/\/schema.org\",\"@graph\":[{\"@type\":\"WebPage\",\"@id\":\"https:\/\/glass-perfume-bottles.com\/product\/50ml-1-7oz-thick-tall-cylinder-perfume-bottles-wholesale-suppliers\/\",\"url\":\"https:\/\/glass-perfume-bottles.com\/product\/50ml-1-7oz-thick-tall-cylinder-perfume-bottles-wholesale-suppliers\/\",\"name\":\"Thick tall cylinder perfume bottles manufacturer and supplier\",\"isPartOf\":{\"@id\":\"https:\/\/glass-perfume-bottles.com\/#website\"},\"primaryImageOfPage\":{\"@id\":\"https:\/\/glass-perfume-bottles.com\/product\/50ml-1-7oz-thick-tall-cylinder-perfume-bottles-wholesale-suppliers\/#primaryimage\"},\"image\":{\"@id\":\"https:\/\/glass-perfume-bottles.com\/product\/50ml-1-7oz-thick-tall-cylinder-perfume-bottles-wholesale-suppliers\/#primaryimage\"},\"thumbnailUrl\":\"https:\/\/glass-perfume-bottles.com\/wp-content\/uploads\/2026\/01\/Thick-Tall-Cylinder-Perfume-Bottles.jpg\",\"datePublished\":\"2026-01-23T10:17:05+00:00\",\"dateModified\":\"2026-05-12T05:31:26+00:00\",\"description\":\"As the glass perfume bottle manufacturing company, we can produce and export you high quality 50ml 1.7oz thick tall cylinder perfume bottles.\",\"breadcrumb\":{\"@id\":\"https:\/\/glass-perfume-bottles.com\/product\/50ml-1-7oz-thick-tall-cylinder-perfume-bottles-wholesale-suppliers\/#breadcrumb\"},\"inLanguage\":\"it-IT\",\"potentialAction\":[{\"@type\":\"ReadAction\",\"target\":[\"https:\/\/glass-perfume-bottles.com\/product\/50ml-1-7oz-thick-tall-cylinder-perfume-bottles-wholesale-suppliers\/\"]}]},{\"@type\":\"ImageObject\",\"inLanguage\":\"it-IT\",\"@id\":\"https:\/\/glass-perfume-bottles.com\/product\/50ml-1-7oz-thick-tall-cylinder-perfume-bottles-wholesale-suppliers\/#primaryimage\",\"url\":\"https:\/\/glass-perfume-bottles.com\/wp-content\/uploads\/2026\/01\/Thick-Tall-Cylinder-Perfume-Bottles.jpg\",\"contentUrl\":\"https:\/\/glass-perfume-bottles.com\/wp-content\/uploads\/2026\/01\/Thick-Tall-Cylinder-Perfume-Bottles.jpg\",\"width\":720,\"height\":720,\"caption\":\"Thick tall cylinder perfume bottles manufacturer, 50ml heave base glass perfume bottle suppliers, heavy base cylinder glass bottle wholesale\"},{\"@type\":\"BreadcrumbList\",\"@id\":\"https:\/\/glass-perfume-bottles.com\/product\/50ml-1-7oz-thick-tall-cylinder-perfume-bottles-wholesale-suppliers\/#breadcrumb\",\"itemListElement\":[{\"@type\":\"ListItem\",\"position\":1,\"name\":\"Home\",\"item\":\"https:\/\/glass-perfume-bottles.com\/\"},{\"@type\":\"ListItem\",\"position\":2,\"name\":\"Product\",\"item\":\"https:\/\/glass-perfume-bottles.com\/custom-made-perfume-bottle-suppliers-and-wholesale\/\"},{\"@type\":\"ListItem\",\"position\":3,\"name\":\"50ml 1.7oz thick tall cylinder perfume bottles\"}]},{\"@type\":\"WebSite\",\"@id\":\"https:\/\/glass-perfume-bottles.com\/#website\",\"url\":\"https:\/\/glass-perfume-bottles.com\/\",\"name\":\"HY GLASS\",\"description\":\"glass perfume bottle manufacturers &amp; suppliers, aroma reed diffuser bottle wholesale &amp; suppliers\",\"publisher\":{\"@id\":\"https:\/\/glass-perfume-bottles.com\/#organization\"},\"potentialAction\":[{\"@type\":\"SearchAction\",\"target\":{\"@type\":\"EntryPoint\",\"urlTemplate\":\"https:\/\/glass-perfume-bottles.com\/?s={search_term_string}\"},\"query-input\":{\"@type\":\"PropertyValueSpecification\",\"valueRequired\":true,\"valueName\":\"search_term_string\"}}],\"inLanguage\":\"it-IT\"},{\"@type\":\"Organization\",\"@id\":\"https:\/\/glass-perfume-bottles.com\/#organization\",\"name\":\"HY GLASS\",\"url\":\"https:\/\/glass-perfume-bottles.com\/\",\"logo\":{\"@type\":\"ImageObject\",\"inLanguage\":\"it-IT\",\"@id\":\"https:\/\/glass-perfume-bottles.com\/#\/schema\/logo\/image\/\",\"url\":\"https:\/\/glass-perfume-bottles.com\/wp-content\/uploads\/2023\/09\/logo21.png\",\"contentUrl\":\"https:\/\/glass-perfume-bottles.com\/wp-content\/uploads\/2023\/09\/logo21.png\",\"width\":342,\"height\":268,\"caption\":\"HY GLASS\"},\"image\":{\"@id\":\"https:\/\/glass-perfume-bottles.com\/#\/schema\/logo\/image\/\"}}]}<\/script>\n<!-- \/ Yoast SEO Premium plugin. -->","yoast_head_json":{"title":"Thick tall cylinder perfume bottles manufacturer and supplier","description":"As the glass perfume bottle manufacturing company, we can produce and export you high quality 50ml 1.7oz thick tall cylinder perfume bottles.","robots":{"index":"index","follow":"follow","max-snippet":"max-snippet:-1","max-image-preview":"max-image-preview:large","max-video-preview":"max-video-preview:-1"},"canonical":"https:\/\/glass-perfume-bottles.com\/it\/prodotto\/50ml-1-7oz-thick-tall-cylinder-perfume-bottles-wholesale-suppliers\/","og_locale":"it_IT","og_type":"article","og_title":"50ml 1.7oz thick tall cylinder perfume bottles","og_description":"As the glass perfume bottle manufacturing company, we can produce and export you high quality 50ml 1.7oz thick tall cylinder perfume bottles.","og_url":"https:\/\/glass-perfume-bottles.com\/it\/prodotto\/50ml-1-7oz-thick-tall-cylinder-perfume-bottles-wholesale-suppliers\/","og_site_name":"HY GLASS","article_modified_time":"2026-05-12T05:31:26+00:00","og_image":[{"width":720,"height":720,"url":"https:\/\/glass-perfume-bottles.com\/wp-content\/uploads\/2026\/01\/Thick-Tall-Cylinder-Perfume-Bottles.jpg","type":"image\/jpeg"}],"twitter_card":"summary_large_image","twitter_misc":{"Tempo di lettura stimato":"2 minuti"},"schema":{"@context":"https:\/\/schema.org","@graph":[{"@type":"WebPage","@id":"https:\/\/glass-perfume-bottles.com\/product\/50ml-1-7oz-thick-tall-cylinder-perfume-bottles-wholesale-suppliers\/","url":"https:\/\/glass-perfume-bottles.com\/product\/50ml-1-7oz-thick-tall-cylinder-perfume-bottles-wholesale-suppliers\/","name":"Thick tall cylinder perfume bottles manufacturer and supplier","isPartOf":{"@id":"https:\/\/glass-perfume-bottles.com\/#website"},"primaryImageOfPage":{"@id":"https:\/\/glass-perfume-bottles.com\/product\/50ml-1-7oz-thick-tall-cylinder-perfume-bottles-wholesale-suppliers\/#primaryimage"},"image":{"@id":"https:\/\/glass-perfume-bottles.com\/product\/50ml-1-7oz-thick-tall-cylinder-perfume-bottles-wholesale-suppliers\/#primaryimage"},"thumbnailUrl":"https:\/\/glass-perfume-bottles.com\/wp-content\/uploads\/2026\/01\/Thick-Tall-Cylinder-Perfume-Bottles.jpg","datePublished":"2026-01-23T10:17:05+00:00","dateModified":"2026-05-12T05:31:26+00:00","description":"As the glass perfume bottle manufacturing company, we can produce and export you high quality 50ml 1.7oz thick tall cylinder perfume bottles.","breadcrumb":{"@id":"https:\/\/glass-perfume-bottles.com\/product\/50ml-1-7oz-thick-tall-cylinder-perfume-bottles-wholesale-suppliers\/#breadcrumb"},"inLanguage":"it-IT","potentialAction":[{"@type":"ReadAction","target":["https:\/\/glass-perfume-bottles.com\/product\/50ml-1-7oz-thick-tall-cylinder-perfume-bottles-wholesale-suppliers\/"]}]},{"@type":"ImageObject","inLanguage":"it-IT","@id":"https:\/\/glass-perfume-bottles.com\/product\/50ml-1-7oz-thick-tall-cylinder-perfume-bottles-wholesale-suppliers\/#primaryimage","url":"https:\/\/glass-perfume-bottles.com\/wp-content\/uploads\/2026\/01\/Thick-Tall-Cylinder-Perfume-Bottles.jpg","contentUrl":"https:\/\/glass-perfume-bottles.com\/wp-content\/uploads\/2026\/01\/Thick-Tall-Cylinder-Perfume-Bottles.jpg","width":720,"height":720,"caption":"Thick tall cylinder perfume bottles manufacturer, 50ml heave base glass perfume bottle suppliers, heavy base cylinder glass bottle wholesale"},{"@type":"BreadcrumbList","@id":"https:\/\/glass-perfume-bottles.com\/product\/50ml-1-7oz-thick-tall-cylinder-perfume-bottles-wholesale-suppliers\/#breadcrumb","itemListElement":[{"@type":"ListItem","position":1,"name":"Home","item":"https:\/\/glass-perfume-bottles.com\/"},{"@type":"ListItem","position":2,"name":"Product","item":"https:\/\/glass-perfume-bottles.com\/custom-made-perfume-bottle-suppliers-and-wholesale\/"},{"@type":"ListItem","position":3,"name":"50ml 1.7oz thick tall cylinder perfume bottles"}]},{"@type":"WebSite","@id":"https:\/\/glass-perfume-bottles.com\/#website","url":"https:\/\/glass-perfume-bottles.com\/","name":"HY GLASS","description":"glass perfume bottle manufacturers &amp; suppliers, aroma reed diffuser bottle wholesale &amp; suppliers","publisher":{"@id":"https:\/\/glass-perfume-bottles.com\/#organization"},"potentialAction":[{"@type":"SearchAction","target":{"@type":"EntryPoint","urlTemplate":"https:\/\/glass-perfume-bottles.com\/?s={search_term_string}"},"query-input":{"@type":"PropertyValueSpecification","valueRequired":true,"valueName":"search_term_string"}}],"inLanguage":"it-IT"},{"@type":"Organization","@id":"https:\/\/glass-perfume-bottles.com\/#organization","name":"HY GLASS","url":"https:\/\/glass-perfume-bottles.com\/","logo":{"@type":"ImageObject","inLanguage":"it-IT","@id":"https:\/\/glass-perfume-bottles.com\/#\/schema\/logo\/image\/","url":"https:\/\/glass-perfume-bottles.com\/wp-content\/uploads\/2023\/09\/logo21.png","contentUrl":"https:\/\/glass-perfume-bottles.com\/wp-content\/uploads\/2023\/09\/logo21.png","width":342,"height":268,"caption":"HY GLASS"},"image":{"@id":"https:\/\/glass-perfume-bottles.com\/#\/schema\/logo\/image\/"}}]}},"taxonomy_info":{"product_cat":[{"value":51,"label":"Glass Perfume Bottle"}],"product_tag":[{"value":513,"label":"200ml glacier base aroma reed diffuser bottle manufacturer"},{"value":512,"label":"glacier base diffuser bottle suppliers"},{"value":514,"label":"Iceberg base aroma diffuser bottle wholesale"}]},"featured_image_src_large":["https:\/\/glass-perfume-bottles.com\/wp-content\/uploads\/2026\/01\/Thick-Tall-Cylinder-Perfume-Bottles.jpg",720,720,false],"author_info":[],"comment_info":3,"_links":{"self":[{"href":"https:\/\/glass-perfume-bottles.com\/it\/wp-json\/wp\/v2\/product\/3175","targetHints":{"allow":["GET"]}}],"collection":[{"href":"https:\/\/glass-perfume-bottles.com\/it\/wp-json\/wp\/v2\/product"}],"about":[{"href":"https:\/\/glass-perfume-bottles.com\/it\/wp-json\/wp\/v2\/types\/product"}],"replies":[{"embeddable":true,"href":"https:\/\/glass-perfume-bottles.com\/it\/wp-json\/wp\/v2\/comments?post=3175"}],"wp:featuredmedia":[{"embeddable":true,"href":"https:\/\/glass-perfume-bottles.com\/it\/wp-json\/wp\/v2\/media\/3176"}],"wp:attachment":[{"href":"https:\/\/glass-perfume-bottles.com\/it\/wp-json\/wp\/v2\/media?parent=3175"}],"wp:term":[{"taxonomy":"product_brand","embeddable":true,"href":"https:\/\/glass-perfume-bottles.com\/it\/wp-json\/wp\/v2\/product_brand?post=3175"},{"taxonomy":"product_cat","embeddable":true,"href":"https:\/\/glass-perfume-bottles.com\/it\/wp-json\/wp\/v2\/product_cat?post=3175"},{"taxonomy":"product_tag","embeddable":true,"href":"https:\/\/glass-perfume-bottles.com\/it\/wp-json\/wp\/v2\/product_tag?post=3175"}],"curies":[{"name":"wp","href":"https:\/\/api.w.org\/{rel}","templated":true}]}}